{"id":9555,"date":"2026-02-19T09:19:34","date_gmt":"2026-02-19T07:19:34","guid":{"rendered":"https:\/\/jt.lv\/?page_id=9555"},"modified":"2026-02-24T16:39:27","modified_gmt":"2026-02-24T14:39:27","slug":"salons-du-livre-printemps-2026","status":"publish","type":"page","link":"https:\/\/jt.lv\/fr\/salons-du-livre-printemps-2026\/","title":{"rendered":"Salons du livre \/ Printemps 2026"},"content":{"rendered":"\n\n\t<div class=\"jt-page-title-image\" style=\"background-image: url('https:\/\/jt.lv\/wp-content\/uploads\/2026\/02\/JT-spring-book-fairs.jpg');\">\n\t\t<div class=\"born-container is-default\">\n\t\t\t<div class=\"inner\">\n\t\t\t\t<div class=\"title\">\n\t\t\t\t\t<h1>Rencontrez-nous aux salons du livre ce printemps 2026<\/h1>\n\t\t\t\t\t\t\t\t\t\t\t\t\t\t<\/div>\n\t\t\t<\/div>\n\t\t<\/div>\n\t<\/div>\n\n\n\n\n\n\n\n\t<div class=\"jt-text-block-single\">\n\t\t<div class=\"born-container is-default\">\n\t\t\t<div class=\"inner\">\n\t\t\t\t<div class=\"heading\">\n\t\t\t\t\t<h2>Vous vous rendez \u00e0 un salon du livre ? <br> Nous aussi ! <\/br><\/h2>\n\t\t\t\t<\/div>\n\t\t\t\t\t\t\t\t<div class=\"text\">\n\t\t\t\t\t<p>Rejoignez-nous dans certains des salons du livre les plus passionnants ce printemps. Que nous y exposions ou que nous y soyons en visite, c\u2019est une excellente occasion d\u2019\u00e9changer. D\u00e9couvrez o\u00f9 rencontrer notre \u00e9quipe, explorer nos \u00e9chantillons d\u2019impression et discuter avec nous de votre premier ou prochain projet de livre.<\/p>\n\t\t\t\t<\/div>\n\t\t\t\t\t\t\t<\/div>\n\t\t<\/div>\n\t<\/div>\n\n\n\n\n\n\n\n\n    <div class=\"jt-contacts\">\n        <div class=\"born-container is-default\">\n            <div class=\"inner\">\n\n                <div class=\"contacts\">\n\n                    \n                        <div class=\"item\">\n                            <div class=\"heading\">\n                                <h2>Salon du Livre de Gen\u00e8ve<\/h2>\n                            <\/div>\n                            <div class=\"address\">\n                                 <p><strong>Gen\u00e8ve \/ 18.-22.03.<\/strong><\/p>\n<p><img loading=\"lazy\" decoding=\"async\" class=\"alignnone size-full wp-image-9441\" src=\"https:\/\/jt.lv\/wp-content\/uploads\/2026\/01\/Salon-du-Livre-Geneve-1.jpg\" alt=\"\" width=\"250\" height=\"100\" \/><\/p>\n                            <\/div>\n                            <div class=\"data\">\n                                 <p>Le salon du livre de Gen\u00e8ve est un carrefour dynamique de l\u2019\u00e9dition francophone, r\u00e9unissant lecteurs, auteurs et professionnels du secteur. Nous y serons pour suivre les derni\u00e8res \u00e9volutions et \u00e9changer autour de l\u2019impression, des formats et finitions \u00e0 la planification de votre prochaine production. Pour organiser une rencontre, \u00e9crivez-nous : <a class=\"cursor-pointer\" href=\"mailto:fabrice@jt.lv\" rel=\"noopener\" data-start=\"1439\" data-end=\"1476\">fabrice@jt.lv<\/a><\/p>\n<p>&nbsp;<\/p>\n<p><a href=\"https:\/\/www.salondulivre.ch\/\" target=\"_blank\" rel=\"noopener\">salondulivre.ch<\/a><\/p>\n                            <\/div>\n                        <\/div>\n\n                    \n                        <div class=\"item\">\n                            <div class=\"heading\">\n                                <h2>Foire du Livre de Jeunesse de Bologne<\/h2>\n                            <\/div>\n                            <div class=\"address\">\n                                 <p><strong>Bologna \/ 13.-16.04.<\/strong><\/p>\n<p><img loading=\"lazy\" decoding=\"async\" class=\"alignnone size-full wp-image-9401\" src=\"https:\/\/jt.lv\/wp-content\/uploads\/2026\/01\/Bologna-childrens-book-fair.jpg\" alt=\"\" width=\"250\" height=\"100\" \/><\/p>\n                            <\/div>\n                            <div class=\"data\">\n                                 <p>Le principal salon mondial de l\u2019\u00e9dition jeunesse et des droits \u2013 nous serons pr\u00e9sents au <strong>stand national Latvian Literature 30\/E8-F7<\/strong> et pr\u00eats \u00e0 discuter de livres jeunesse, d\u2019impressions richement illustr\u00e9es et de solutions de production adapt\u00e9es. Pour planifier un \u00e9change pendant le salon, contactez : <a class=\"cursor-pointer\" href=\"mailto:liza@jt.lv\" rel=\"noopener\" data-start=\"1439\" data-end=\"1476\">liza@jt.lv<\/a><\/p>\n<p>&nbsp;<\/p>\n<p><a href=\"https:\/\/www.bolognachildrensbookfair.com\" target=\"_blank\" rel=\"noopener\">bolognachildrensbookfair.com<\/a><\/p>\n                            <\/div>\n                        <\/div>\n\n                    \n                <\/div>\n\n            <\/div>\n        <\/div>\n    <\/div>\n\n\n\n\n\n\n\n\n\n\n\n\n    <div class=\"jt-contacts\">\n        <div class=\"born-container is-default\">\n            <div class=\"inner\">\n\n                <div class=\"contacts\">\n\n                    \n                        <div class=\"item\">\n                            <div class=\"heading\">\n                                <h2>Festival du Livre de Paris<\/h2>\n                            <\/div>\n                            <div class=\"address\">\n                                 <p><strong>Paris \/ 17.-19.04.<\/strong><\/p>\n<p><img loading=\"lazy\" decoding=\"async\" class=\"alignnone size-full wp-image-9429\" src=\"https:\/\/jt.lv\/wp-content\/uploads\/2026\/01\/Festival-du-Livre-de-Paris.jpg\" alt=\"\" width=\"250\" height=\"100\" \/><\/p>\n                            <\/div>\n                            <div class=\"data\">\n                                 <p>aris c\u00e9l\u00e8bre le livre sous la verri\u00e8re embl\u00e9matique du Grand Palais \u2013 nous y assisterons en tant que visiteurs pour rencontrer des \u00e9diteurs et d\u00e9couvrir de nouveaux projets et formats \u00e9ditoriaux. Si vous souhaitez \u00e9changer sur place, \u00e9crivez \u00e0 notre \u00e9quipe pour convenir d\u2019un rendez-vous : <a class=\"cursor-pointer\" href=\"mailto:fabrice@jt.lv\" rel=\"noopener\" data-start=\"1439\" data-end=\"1476\">fabrice@jt.lv<\/a><\/p>\n<p>&nbsp;<\/p>\n<p><a href=\"https:\/\/www.festivaldulivredeparis.fr\/\" target=\"_blank\" rel=\"noopener\">festivaldulivredeparis.fr<\/a><\/p>\n                            <\/div>\n                        <\/div>\n\n                    \n                        <div class=\"item\">\n                            <div class=\"heading\">\n                                <h2>Quartier du Livre<\/h2>\n                            <\/div>\n                            <div class=\"address\">\n                                 <p><strong>\u00a0Paris \/ 27.05.-03.06.<\/strong><\/p>\n<p><img loading=\"lazy\" decoding=\"async\" class=\"alignnone size-full wp-image-9437\" src=\"https:\/\/jt.lv\/wp-content\/uploads\/2026\/01\/Paris-Quartier-du-Livre-1.jpg\" alt=\"\" width=\"250\" height=\"100\" \/><\/p>\n                            <\/div>\n                            <div class=\"data\">\n                                 <p>Un festival litt\u00e9raire dynamique r\u00e9parti dans le 5e arrondissement de Paris, avec des centaines d\u2019activit\u00e9s et d\u2019\u00e9v\u00e9nements c\u00e9l\u00e9brant la lecture et l\u2019\u00e9criture \u2013 nous serons en visite et disponibles pour \u00e9changer autour de l\u2019impression, des mat\u00e9riaux et des id\u00e9es de production. Retrouvons-nous pendant le festival : <a class=\"cursor-pointer\" href=\"mailto:fabrice@jt.lv\" rel=\"noopener\" data-start=\"1439\" data-end=\"1476\">fabrice@jt.lv<\/a><\/p>\n<p>&nbsp;<\/p>\n<p><a href=\"https:\/\/quartierdulivre.fr\/\" target=\"_blank\" rel=\"noopener\">quartierdulivre.fr<\/a><\/p>\n                            <\/div>\n                        <\/div>\n\n                    \n                <\/div>\n\n            <\/div>\n        <\/div>\n    <\/div>\n\n\n\n\n\n\n\n\n\n<p><\/p>\n","protected":false},"excerpt":{"rendered":"","protected":false},"author":2,"featured_media":0,"parent":0,"menu_order":2,"comment_status":"closed","ping_status":"closed","template":"","meta":{"_acf_changed":false,"inline_featured_image":false,"footnotes":""},"class_list":["post-9555","page","type-page","status-publish","hentry"],"acf":[],"yoast_head":"<!-- This site is optimized with the Yoast SEO plugin v27.4 - https:\/\/yoast.com\/product\/yoast-seo-wordpress\/ -->\n<title>Salons du livre \/ Printemps 2026 - Jelgavas tipogr\u0101fija<\/title>\n<meta name=\"robots\" content=\"index, follow, max-snippet:-1, max-image-preview:large, max-video-preview:-1\" \/>\n<link rel=\"canonical\" href=\"https:\/\/jt.lv\/fr\/salons-du-livre-printemps-2026\/\" \/>\n<meta property=\"og:locale\" content=\"fr_FR\" \/>\n<meta property=\"og:type\" content=\"article\" \/>\n<meta property=\"og:title\" content=\"Salons du livre \/ Printemps 2026 - Jelgavas tipogr\u0101fija\" \/>\n<meta property=\"og:url\" content=\"https:\/\/jt.lv\/fr\/salons-du-livre-printemps-2026\/\" \/>\n<meta property=\"og:site_name\" content=\"Jelgavas tipogr\u0101fija\" \/>\n<meta property=\"article:modified_time\" content=\"2026-02-24T14:39:27+00:00\" \/>\n<meta property=\"og:image\" content=\"https:\/\/jt.lv\/wp-content\/uploads\/2025\/06\/site-image.png\" \/>\n\t<meta property=\"og:image:width\" content=\"1200\" \/>\n\t<meta property=\"og:image:height\" content=\"675\" \/>\n\t<meta property=\"og:image:type\" content=\"image\/png\" \/>\n<meta name=\"twitter:card\" content=\"summary_large_image\" \/>\n<script type=\"application\/ld+json\" class=\"yoast-schema-graph\">{\"@context\":\"https:\\\/\\\/schema.org\",\"@graph\":[{\"@type\":\"WebPage\",\"@id\":\"https:\\\/\\\/jt.lv\\\/fr\\\/salons-du-livre-printemps-2026\\\/\",\"url\":\"https:\\\/\\\/jt.lv\\\/fr\\\/salons-du-livre-printemps-2026\\\/\",\"name\":\"Salons du livre \\\/ Printemps 2026 - Jelgavas tipogr\u0101fija\",\"isPartOf\":{\"@id\":\"http:\\\/\\\/jt.lv\\\/fr\\\/#website\"},\"datePublished\":\"2026-02-19T07:19:34+00:00\",\"dateModified\":\"2026-02-24T14:39:27+00:00\",\"breadcrumb\":{\"@id\":\"https:\\\/\\\/jt.lv\\\/fr\\\/salons-du-livre-printemps-2026\\\/#breadcrumb\"},\"inLanguage\":\"fr-FR\",\"potentialAction\":[{\"@type\":\"ReadAction\",\"target\":[\"https:\\\/\\\/jt.lv\\\/fr\\\/salons-du-livre-printemps-2026\\\/\"]}]},{\"@type\":\"BreadcrumbList\",\"@id\":\"https:\\\/\\\/jt.lv\\\/fr\\\/salons-du-livre-printemps-2026\\\/#breadcrumb\",\"itemListElement\":[{\"@type\":\"ListItem\",\"position\":1,\"name\":\"Home\",\"item\":\"https:\\\/\\\/jt.lv\\\/fr\\\/\"},{\"@type\":\"ListItem\",\"position\":2,\"name\":\"Salons du livre \\\/ Printemps 2026\"}]},{\"@type\":\"WebSite\",\"@id\":\"http:\\\/\\\/jt.lv\\\/fr\\\/#website\",\"url\":\"http:\\\/\\\/jt.lv\\\/fr\\\/\",\"name\":\"Jelgavas tipogr\u0101fija\",\"description\":\"M\u0113s ra\u017eojam gr\u0101matas.\",\"publisher\":{\"@id\":\"http:\\\/\\\/jt.lv\\\/fr\\\/#organization\"},\"potentialAction\":[{\"@type\":\"SearchAction\",\"target\":{\"@type\":\"EntryPoint\",\"urlTemplate\":\"http:\\\/\\\/jt.lv\\\/fr\\\/?s={search_term_string}\"},\"query-input\":{\"@type\":\"PropertyValueSpecification\",\"valueRequired\":true,\"valueName\":\"search_term_string\"}}],\"inLanguage\":\"fr-FR\"},{\"@type\":\"Organization\",\"@id\":\"http:\\\/\\\/jt.lv\\\/fr\\\/#organization\",\"name\":\"Jelgavas tipogr\u0101fija\",\"url\":\"http:\\\/\\\/jt.lv\\\/fr\\\/\",\"logo\":{\"@type\":\"ImageObject\",\"inLanguage\":\"fr-FR\",\"@id\":\"http:\\\/\\\/jt.lv\\\/fr\\\/#\\\/schema\\\/logo\\\/image\\\/\",\"url\":\"https:\\\/\\\/jt.lv\\\/wp-content\\\/uploads\\\/2025\\\/06\\\/jt-logo.png\",\"contentUrl\":\"https:\\\/\\\/jt.lv\\\/wp-content\\\/uploads\\\/2025\\\/06\\\/jt-logo.png\",\"width\":696,\"height\":696,\"caption\":\"Jelgavas tipogr\u0101fija\"},\"image\":{\"@id\":\"http:\\\/\\\/jt.lv\\\/fr\\\/#\\\/schema\\\/logo\\\/image\\\/\"}}]}<\/script>\n<!-- \/ Yoast SEO plugin. -->","yoast_head_json":{"title":"Salons du livre \/ Printemps 2026 - Jelgavas tipogr\u0101fija","robots":{"index":"index","follow":"follow","max-snippet":"max-snippet:-1","max-image-preview":"max-image-preview:large","max-video-preview":"max-video-preview:-1"},"canonical":"https:\/\/jt.lv\/fr\/salons-du-livre-printemps-2026\/","og_locale":"fr_FR","og_type":"article","og_title":"Salons du livre \/ Printemps 2026 - Jelgavas tipogr\u0101fija","og_url":"https:\/\/jt.lv\/fr\/salons-du-livre-printemps-2026\/","og_site_name":"Jelgavas tipogr\u0101fija","article_modified_time":"2026-02-24T14:39:27+00:00","og_image":[{"width":1200,"height":675,"url":"https:\/\/jt.lv\/wp-content\/uploads\/2025\/06\/site-image.png","type":"image\/png"}],"twitter_card":"summary_large_image","schema":{"@context":"https:\/\/schema.org","@graph":[{"@type":"WebPage","@id":"https:\/\/jt.lv\/fr\/salons-du-livre-printemps-2026\/","url":"https:\/\/jt.lv\/fr\/salons-du-livre-printemps-2026\/","name":"Salons du livre \/ Printemps 2026 - Jelgavas tipogr\u0101fija","isPartOf":{"@id":"http:\/\/jt.lv\/fr\/#website"},"datePublished":"2026-02-19T07:19:34+00:00","dateModified":"2026-02-24T14:39:27+00:00","breadcrumb":{"@id":"https:\/\/jt.lv\/fr\/salons-du-livre-printemps-2026\/#breadcrumb"},"inLanguage":"fr-FR","potentialAction":[{"@type":"ReadAction","target":["https:\/\/jt.lv\/fr\/salons-du-livre-printemps-2026\/"]}]},{"@type":"BreadcrumbList","@id":"https:\/\/jt.lv\/fr\/salons-du-livre-printemps-2026\/#breadcrumb","itemListElement":[{"@type":"ListItem","position":1,"name":"Home","item":"https:\/\/jt.lv\/fr\/"},{"@type":"ListItem","position":2,"name":"Salons du livre \/ Printemps 2026"}]},{"@type":"WebSite","@id":"http:\/\/jt.lv\/fr\/#website","url":"http:\/\/jt.lv\/fr\/","name":"Jelgavas tipogr\u0101fija","description":"M\u0113s ra\u017eojam gr\u0101matas.","publisher":{"@id":"http:\/\/jt.lv\/fr\/#organization"},"potentialAction":[{"@type":"SearchAction","target":{"@type":"EntryPoint","urlTemplate":"http:\/\/jt.lv\/fr\/?s={search_term_string}"},"query-input":{"@type":"PropertyValueSpecification","valueRequired":true,"valueName":"search_term_string"}}],"inLanguage":"fr-FR"},{"@type":"Organization","@id":"http:\/\/jt.lv\/fr\/#organization","name":"Jelgavas tipogr\u0101fija","url":"http:\/\/jt.lv\/fr\/","logo":{"@type":"ImageObject","inLanguage":"fr-FR","@id":"http:\/\/jt.lv\/fr\/#\/schema\/logo\/image\/","url":"https:\/\/jt.lv\/wp-content\/uploads\/2025\/06\/jt-logo.png","contentUrl":"https:\/\/jt.lv\/wp-content\/uploads\/2025\/06\/jt-logo.png","width":696,"height":696,"caption":"Jelgavas tipogr\u0101fija"},"image":{"@id":"http:\/\/jt.lv\/fr\/#\/schema\/logo\/image\/"}}]}},"_links":{"self":[{"href":"https:\/\/jt.lv\/fr\/wp-json\/wp\/v2\/pages\/9555","targetHints":{"allow":["GET"]}}],"collection":[{"href":"https:\/\/jt.lv\/fr\/wp-json\/wp\/v2\/pages"}],"about":[{"href":"https:\/\/jt.lv\/fr\/wp-json\/wp\/v2\/types\/page"}],"author":[{"embeddable":true,"href":"https:\/\/jt.lv\/fr\/wp-json\/wp\/v2\/users\/2"}],"replies":[{"embeddable":true,"href":"https:\/\/jt.lv\/fr\/wp-json\/wp\/v2\/comments?post=9555"}],"version-history":[{"count":12,"href":"https:\/\/jt.lv\/fr\/wp-json\/wp\/v2\/pages\/9555\/revisions"}],"predecessor-version":[{"id":9631,"href":"https:\/\/jt.lv\/fr\/wp-json\/wp\/v2\/pages\/9555\/revisions\/9631"}],"wp:attachment":[{"href":"https:\/\/jt.lv\/fr\/wp-json\/wp\/v2\/media?parent=9555"}],"curies":[{"name":"wp","href":"https:\/\/api.w.org\/{rel}","templated":true}]}}