{"id":7279,"date":"2023-08-30T12:15:07","date_gmt":"2023-08-30T10:15:07","guid":{"rendered":"https:\/\/jt.lv\/digitala-druka\/"},"modified":"2025-09-03T12:17:39","modified_gmt":"2025-09-03T10:17:39","slug":"impression-numerique","status":"publish","type":"page","link":"https:\/\/jt.lv\/fr\/impression-numerique\/","title":{"rendered":"Marketing \/ Impression num\u00e9rique"},"content":{"rendered":"\n\n\t<div class=\"jt-page-title-image\" style=\"background-image: url('https:\/\/jt.lv\/wp-content\/uploads\/2025\/02\/JP750S-drum-scaled.jpg');\">\n\t\t<div class=\"born-container is-default\">\n\t\t\t<div class=\"inner\">\n\t\t\t\t<div class=\"title\">\n\t\t\t\t\t<h1>Impression num\u00e9rique avec la Fujifilm Jet Press 750S<\/h1>\n\t\t\t\t\t\t\t\t\t\t\t\t\t\t<\/div>\n\t\t\t<\/div>\n\t\t<\/div>\n\t<\/div>\n\n\n\n\n<h1 class=\"wp-block-heading\">Quand l\u2019innovation compl\u00e8te la tradition \u2013<br>Fujifilm Jet Press 750S High Speed Model<\/h1>\n\n\n\n\n\n\t\t\t<p><span class=\"is-text-big\">Chez JELGAVAS TIPOGR\u0100FIJA, nous avons mis en service une nouvelle presse num\u00e9rique innovante qui red\u00e9finit les possibilit\u00e9s de l&rsquo;impression num\u00e9rique. Cette machine combine qualit\u00e9 exceptionnelle, grande pr\u00e9cision et rapidit\u00e9 de production \u2013 pour un rendu \u00e9quivalent \u00e0 celui de l\u2019offset traditionnel.\n<\/span><\/p>\n\t\n\n\n\n\n\n\n\n\n<figure class=\"wp-block-image size-large\"><img loading=\"lazy\" decoding=\"async\" width=\"1024\" height=\"297\" src=\"http:\/\/jt.lv\/wp-content\/uploads\/2025\/02\/Jet-Press-750S-1-e1739798523127-1024x297.png\" alt=\"\" class=\"wp-image-6893\" srcset=\"https:\/\/jt.lv\/wp-content\/uploads\/2025\/02\/Jet-Press-750S-1-e1739798523127-1024x297.png 1024w, https:\/\/jt.lv\/wp-content\/uploads\/2025\/02\/Jet-Press-750S-1-e1739798523127-300x87.png 300w, https:\/\/jt.lv\/wp-content\/uploads\/2025\/02\/Jet-Press-750S-1-e1739798523127-768x223.png 768w, https:\/\/jt.lv\/wp-content\/uploads\/2025\/02\/Jet-Press-750S-1-e1739798523127-1536x445.png 1536w, https:\/\/jt.lv\/wp-content\/uploads\/2025\/02\/Jet-Press-750S-1-e1739798523127-2048x594.png 2048w, https:\/\/jt.lv\/wp-content\/uploads\/2025\/02\/Jet-Press-750S-1-e1739798523127-1271x369.png 1271w, https:\/\/jt.lv\/wp-content\/uploads\/2025\/02\/Jet-Press-750S-1-e1739798523127-680x197.png 680w, https:\/\/jt.lv\/wp-content\/uploads\/2025\/02\/Jet-Press-750S-1-e1739798523127-1360x394.png 1360w\" sizes=\"auto, (max-width: 1024px) 100vw, 1024px\" \/><\/figure>\n\n\n\n<h2 class=\"wp-block-heading\">Avantages cl\u00e9s<\/h2>\n\n\n\n<ul class=\"wp-block-list\">\n<li>Qualit\u00e9 d\u2019impression comparable \u00e0 l\u2019offset<\/li>\n\n\n\n<li>Pr\u00e9cision des couleurs et nettet\u00e9 des d\u00e9tails remarquables<\/li>\n\n\n\n<li>Espace colorim\u00e9trique plus large que le CMYK offset<\/li>\n\n\n\n<li>Parfait pour les tirages courts et moyens<\/li>\n\n\n\n<li>D\u00e9lais de production plus courts<\/li>\n\n\n\n<li>Moins de pr\u00e9paration et d&rsquo;\u00e9tapes pr\u00e9presse<\/li>\n\n\n\n<li>Technologie plus respectueuse de l\u2019environnement \u2013 moins de produits chimiques<\/li>\n\n\n\n<li>Qualit\u00e9 constante de la premi\u00e8re \u00e0 la derni\u00e8re feuille<\/li>\n\n\n\n<li>Possibilit\u00e9 de personnalisation des impressions<\/li>\n<\/ul>\n\n\n\n<h2 class=\"wp-block-heading\">Sp\u00e9cifications principales<\/h2>\n\n\n\n<figure class=\"wp-block-table\"><table><tbody><tr><td>Solutions d&rsquo;impression efficaces et \u00e9conomiques pour couvertures de livres<\/td><td>100\u20131400 exemplaires<\/td><\/tr><tr><td>Solutions d&rsquo;impression efficaces et \u00e9conomiques pour pages int\u00e9rieures en couleur<\/td><td>100\u2013300 exemplaires<\/td><\/tr><tr><td>Technologie d\u2019impression<\/td><td>Jet d\u2019encre \u00e0 pigments \u00e0 base d\u2019eau, quadrichromie<\/td><\/tr><tr><td>Mod\u00e8le de couleur<\/td><td>CMYK<\/td><\/tr><tr><td>Format maximum<\/td><td>B2 (750 \u00d7 585 mm)<\/td><\/tr><tr><td>Formats d\u2019impression<\/td><td>450 x 640 mm<br>500 x 700 mm<br>520 x 720 mm<br>585 x 750 mm<\/td><\/tr><tr><td>Papier couch\u00e9<\/td><td>90\u2013300 g\/m<sup>2<\/sup><\/td><\/tr><tr><td>Papier non couch<\/td><td>80\u2013240 g\/m<sup>2<\/sup><\/td><\/tr><tr><td>\u00c9paisseur du papier<\/td><td>&lt; 0,34 mm<\/td><\/tr><\/tbody><\/table><\/figure>\n\n\n\n<p><a href=\"https:\/\/jt.lv\/fr\/contact\/\" data-type=\"page\" data-id=\"309\" target=\"_blank\" rel=\"noreferrer noopener\">Contactez-nous<\/a> pour un devis ou pour d\u00e9couvrir comment cette technologie peut servir vos prochaines \u00e9ditions imprim\u00e9es.<\/p>\n\n\n\n<figure class=\"wp-block-image size-large\"><img loading=\"lazy\" decoding=\"async\" width=\"1600\" height=\"900\" src=\"http:\/\/jt.lv\/wp-content\/uploads\/2025\/05\/0008-JT_29_foto-Billijs-Locs-edited.jpg\" alt=\"\" class=\"wp-image-7544\" srcset=\"https:\/\/jt.lv\/wp-content\/uploads\/2025\/05\/0008-JT_29_foto-Billijs-Locs-edited.jpg 1600w, https:\/\/jt.lv\/wp-content\/uploads\/2025\/05\/0008-JT_29_foto-Billijs-Locs-edited-300x169.jpg 300w, https:\/\/jt.lv\/wp-content\/uploads\/2025\/05\/0008-JT_29_foto-Billijs-Locs-edited-1024x576.jpg 1024w, https:\/\/jt.lv\/wp-content\/uploads\/2025\/05\/0008-JT_29_foto-Billijs-Locs-edited-768x432.jpg 768w, https:\/\/jt.lv\/wp-content\/uploads\/2025\/05\/0008-JT_29_foto-Billijs-Locs-edited-1536x864.jpg 1536w, https:\/\/jt.lv\/wp-content\/uploads\/2025\/05\/0008-JT_29_foto-Billijs-Locs-edited-1209x680.jpg 1209w, https:\/\/jt.lv\/wp-content\/uploads\/2025\/05\/0008-JT_29_foto-Billijs-Locs-edited-933x525.jpg 933w, https:\/\/jt.lv\/wp-content\/uploads\/2025\/05\/0008-JT_29_foto-Billijs-Locs-edited-1271x715.jpg 1271w, https:\/\/jt.lv\/wp-content\/uploads\/2025\/05\/0008-JT_29_foto-Billijs-Locs-edited-680x383.jpg 680w, https:\/\/jt.lv\/wp-content\/uploads\/2025\/05\/0008-JT_29_foto-Billijs-Locs-edited-1360x765.jpg 1360w\" sizes=\"auto, (max-width: 1600px) 100vw, 1600px\" \/><\/figure>\n","protected":false},"excerpt":{"rendered":"<p>Quand l\u2019innovation compl\u00e8te la tradition \u2013Fujifilm Jet Press 750S High Speed Model Avantages cl\u00e9s Sp\u00e9cifications principales Solutions d&rsquo;impression efficaces et \u00e9conomiques pour couvertures de livres 100\u20131400 exemplaires Solutions d&rsquo;impression efficaces et \u00e9conomiques pour pages int\u00e9rieures en couleur 100\u2013300 exemplaires Technologie d\u2019impression Jet d\u2019encre \u00e0 pigments \u00e0 base d\u2019eau, quadrichromie Mod\u00e8le de couleur CMYK Format maximum [&hellip;]<\/p>\n","protected":false},"author":1,"featured_media":0,"parent":0,"menu_order":85,"comment_status":"closed","ping_status":"closed","template":"","meta":{"_acf_changed":false,"inline_featured_image":false,"footnotes":""},"class_list":["post-7279","page","type-page","status-publish","hentry"],"acf":[],"yoast_head":"<!-- This site is optimized with the Yoast SEO plugin v27.4 - https:\/\/yoast.com\/product\/yoast-seo-wordpress\/ -->\n<title>Marketing \/ Impression num\u00e9rique - Jelgavas tipogr\u0101fija<\/title>\n<meta name=\"robots\" content=\"index, follow, max-snippet:-1, max-image-preview:large, max-video-preview:-1\" \/>\n<link rel=\"canonical\" href=\"https:\/\/jt.lv\/fr\/impression-numerique\/\" \/>\n<meta property=\"og:locale\" content=\"fr_FR\" \/>\n<meta property=\"og:type\" content=\"article\" \/>\n<meta property=\"og:title\" content=\"Marketing \/ Impression num\u00e9rique - Jelgavas tipogr\u0101fija\" \/>\n<meta property=\"og:description\" content=\"Quand l\u2019innovation compl\u00e8te la tradition \u2013Fujifilm Jet Press 750S High Speed Model Avantages cl\u00e9s Sp\u00e9cifications principales Solutions d&rsquo;impression efficaces et \u00e9conomiques pour couvertures de livres 100\u20131400 exemplaires Solutions d&rsquo;impression efficaces et \u00e9conomiques pour pages int\u00e9rieures en couleur 100\u2013300 exemplaires Technologie d\u2019impression Jet d\u2019encre \u00e0 pigments \u00e0 base d\u2019eau, quadrichromie Mod\u00e8le de couleur CMYK Format maximum [&hellip;]\" \/>\n<meta property=\"og:url\" content=\"https:\/\/jt.lv\/fr\/impression-numerique\/\" \/>\n<meta property=\"og:site_name\" content=\"Jelgavas tipogr\u0101fija\" \/>\n<meta property=\"article:modified_time\" content=\"2025-09-03T10:17:39+00:00\" \/>\n<meta property=\"og:image\" content=\"http:\/\/jt.lv\/wp-content\/uploads\/2025\/02\/Jet-Press-750S-1-e1739798523127-1024x297.png\" \/>\n<meta name=\"twitter:card\" content=\"summary_large_image\" \/>\n<meta name=\"twitter:label1\" content=\"Est. reading time\" \/>\n\t<meta name=\"twitter:data1\" content=\"2 minutes\" \/>\n<script type=\"application\/ld+json\" class=\"yoast-schema-graph\">{\"@context\":\"https:\\\/\\\/schema.org\",\"@graph\":[{\"@type\":\"WebPage\",\"@id\":\"https:\\\/\\\/jt.lv\\\/fr\\\/impression-numerique\\\/\",\"url\":\"https:\\\/\\\/jt.lv\\\/fr\\\/impression-numerique\\\/\",\"name\":\"Marketing \\\/ Impression num\u00e9rique - Jelgavas tipogr\u0101fija\",\"isPartOf\":{\"@id\":\"http:\\\/\\\/jt.lv\\\/fr\\\/#website\"},\"primaryImageOfPage\":{\"@id\":\"https:\\\/\\\/jt.lv\\\/fr\\\/impression-numerique\\\/#primaryimage\"},\"image\":{\"@id\":\"https:\\\/\\\/jt.lv\\\/fr\\\/impression-numerique\\\/#primaryimage\"},\"thumbnailUrl\":\"http:\\\/\\\/jt.lv\\\/wp-content\\\/uploads\\\/2025\\\/02\\\/Jet-Press-750S-1-e1739798523127-1024x297.png\",\"datePublished\":\"2023-08-30T10:15:07+00:00\",\"dateModified\":\"2025-09-03T10:17:39+00:00\",\"breadcrumb\":{\"@id\":\"https:\\\/\\\/jt.lv\\\/fr\\\/impression-numerique\\\/#breadcrumb\"},\"inLanguage\":\"fr-FR\",\"potentialAction\":[{\"@type\":\"ReadAction\",\"target\":[\"https:\\\/\\\/jt.lv\\\/fr\\\/impression-numerique\\\/\"]}]},{\"@type\":\"ImageObject\",\"inLanguage\":\"fr-FR\",\"@id\":\"https:\\\/\\\/jt.lv\\\/fr\\\/impression-numerique\\\/#primaryimage\",\"url\":\"http:\\\/\\\/jt.lv\\\/wp-content\\\/uploads\\\/2025\\\/02\\\/Jet-Press-750S-1-e1739798523127-1024x297.png\",\"contentUrl\":\"http:\\\/\\\/jt.lv\\\/wp-content\\\/uploads\\\/2025\\\/02\\\/Jet-Press-750S-1-e1739798523127-1024x297.png\"},{\"@type\":\"BreadcrumbList\",\"@id\":\"https:\\\/\\\/jt.lv\\\/fr\\\/impression-numerique\\\/#breadcrumb\",\"itemListElement\":[{\"@type\":\"ListItem\",\"position\":1,\"name\":\"Home\",\"item\":\"https:\\\/\\\/jt.lv\\\/fr\\\/\"},{\"@type\":\"ListItem\",\"position\":2,\"name\":\"Marketing \\\/ Impression num\u00e9rique\"}]},{\"@type\":\"WebSite\",\"@id\":\"http:\\\/\\\/jt.lv\\\/fr\\\/#website\",\"url\":\"http:\\\/\\\/jt.lv\\\/fr\\\/\",\"name\":\"Jelgavas tipogr\u0101fija\",\"description\":\"M\u0113s ra\u017eojam gr\u0101matas.\",\"publisher\":{\"@id\":\"http:\\\/\\\/jt.lv\\\/fr\\\/#organization\"},\"potentialAction\":[{\"@type\":\"SearchAction\",\"target\":{\"@type\":\"EntryPoint\",\"urlTemplate\":\"http:\\\/\\\/jt.lv\\\/fr\\\/?s={search_term_string}\"},\"query-input\":{\"@type\":\"PropertyValueSpecification\",\"valueRequired\":true,\"valueName\":\"search_term_string\"}}],\"inLanguage\":\"fr-FR\"},{\"@type\":\"Organization\",\"@id\":\"http:\\\/\\\/jt.lv\\\/fr\\\/#organization\",\"name\":\"Jelgavas tipogr\u0101fija\",\"url\":\"http:\\\/\\\/jt.lv\\\/fr\\\/\",\"logo\":{\"@type\":\"ImageObject\",\"inLanguage\":\"fr-FR\",\"@id\":\"http:\\\/\\\/jt.lv\\\/fr\\\/#\\\/schema\\\/logo\\\/image\\\/\",\"url\":\"https:\\\/\\\/jt.lv\\\/wp-content\\\/uploads\\\/2025\\\/06\\\/jt-logo.png\",\"contentUrl\":\"https:\\\/\\\/jt.lv\\\/wp-content\\\/uploads\\\/2025\\\/06\\\/jt-logo.png\",\"width\":696,\"height\":696,\"caption\":\"Jelgavas tipogr\u0101fija\"},\"image\":{\"@id\":\"http:\\\/\\\/jt.lv\\\/fr\\\/#\\\/schema\\\/logo\\\/image\\\/\"}}]}<\/script>\n<!-- \/ Yoast SEO plugin. -->","yoast_head_json":{"title":"Marketing \/ Impression num\u00e9rique - Jelgavas tipogr\u0101fija","robots":{"index":"index","follow":"follow","max-snippet":"max-snippet:-1","max-image-preview":"max-image-preview:large","max-video-preview":"max-video-preview:-1"},"canonical":"https:\/\/jt.lv\/fr\/impression-numerique\/","og_locale":"fr_FR","og_type":"article","og_title":"Marketing \/ Impression num\u00e9rique - Jelgavas tipogr\u0101fija","og_description":"Quand l\u2019innovation compl\u00e8te la tradition \u2013Fujifilm Jet Press 750S High Speed Model Avantages cl\u00e9s Sp\u00e9cifications principales Solutions d&rsquo;impression efficaces et \u00e9conomiques pour couvertures de livres 100\u20131400 exemplaires Solutions d&rsquo;impression efficaces et \u00e9conomiques pour pages int\u00e9rieures en couleur 100\u2013300 exemplaires Technologie d\u2019impression Jet d\u2019encre \u00e0 pigments \u00e0 base d\u2019eau, quadrichromie Mod\u00e8le de couleur CMYK Format maximum [&hellip;]","og_url":"https:\/\/jt.lv\/fr\/impression-numerique\/","og_site_name":"Jelgavas tipogr\u0101fija","article_modified_time":"2025-09-03T10:17:39+00:00","og_image":[{"url":"http:\/\/jt.lv\/wp-content\/uploads\/2025\/02\/Jet-Press-750S-1-e1739798523127-1024x297.png","type":"","width":"","height":""}],"twitter_card":"summary_large_image","twitter_misc":{"Est. reading time":"2 minutes"},"schema":{"@context":"https:\/\/schema.org","@graph":[{"@type":"WebPage","@id":"https:\/\/jt.lv\/fr\/impression-numerique\/","url":"https:\/\/jt.lv\/fr\/impression-numerique\/","name":"Marketing \/ Impression num\u00e9rique - Jelgavas tipogr\u0101fija","isPartOf":{"@id":"http:\/\/jt.lv\/fr\/#website"},"primaryImageOfPage":{"@id":"https:\/\/jt.lv\/fr\/impression-numerique\/#primaryimage"},"image":{"@id":"https:\/\/jt.lv\/fr\/impression-numerique\/#primaryimage"},"thumbnailUrl":"http:\/\/jt.lv\/wp-content\/uploads\/2025\/02\/Jet-Press-750S-1-e1739798523127-1024x297.png","datePublished":"2023-08-30T10:15:07+00:00","dateModified":"2025-09-03T10:17:39+00:00","breadcrumb":{"@id":"https:\/\/jt.lv\/fr\/impression-numerique\/#breadcrumb"},"inLanguage":"fr-FR","potentialAction":[{"@type":"ReadAction","target":["https:\/\/jt.lv\/fr\/impression-numerique\/"]}]},{"@type":"ImageObject","inLanguage":"fr-FR","@id":"https:\/\/jt.lv\/fr\/impression-numerique\/#primaryimage","url":"http:\/\/jt.lv\/wp-content\/uploads\/2025\/02\/Jet-Press-750S-1-e1739798523127-1024x297.png","contentUrl":"http:\/\/jt.lv\/wp-content\/uploads\/2025\/02\/Jet-Press-750S-1-e1739798523127-1024x297.png"},{"@type":"BreadcrumbList","@id":"https:\/\/jt.lv\/fr\/impression-numerique\/#breadcrumb","itemListElement":[{"@type":"ListItem","position":1,"name":"Home","item":"https:\/\/jt.lv\/fr\/"},{"@type":"ListItem","position":2,"name":"Marketing \/ Impression num\u00e9rique"}]},{"@type":"WebSite","@id":"http:\/\/jt.lv\/fr\/#website","url":"http:\/\/jt.lv\/fr\/","name":"Jelgavas tipogr\u0101fija","description":"M\u0113s ra\u017eojam gr\u0101matas.","publisher":{"@id":"http:\/\/jt.lv\/fr\/#organization"},"potentialAction":[{"@type":"SearchAction","target":{"@type":"EntryPoint","urlTemplate":"http:\/\/jt.lv\/fr\/?s={search_term_string}"},"query-input":{"@type":"PropertyValueSpecification","valueRequired":true,"valueName":"search_term_string"}}],"inLanguage":"fr-FR"},{"@type":"Organization","@id":"http:\/\/jt.lv\/fr\/#organization","name":"Jelgavas tipogr\u0101fija","url":"http:\/\/jt.lv\/fr\/","logo":{"@type":"ImageObject","inLanguage":"fr-FR","@id":"http:\/\/jt.lv\/fr\/#\/schema\/logo\/image\/","url":"https:\/\/jt.lv\/wp-content\/uploads\/2025\/06\/jt-logo.png","contentUrl":"https:\/\/jt.lv\/wp-content\/uploads\/2025\/06\/jt-logo.png","width":696,"height":696,"caption":"Jelgavas tipogr\u0101fija"},"image":{"@id":"http:\/\/jt.lv\/fr\/#\/schema\/logo\/image\/"}}]}},"_links":{"self":[{"href":"https:\/\/jt.lv\/fr\/wp-json\/wp\/v2\/pages\/7279","targetHints":{"allow":["GET"]}}],"collection":[{"href":"https:\/\/jt.lv\/fr\/wp-json\/wp\/v2\/pages"}],"about":[{"href":"https:\/\/jt.lv\/fr\/wp-json\/wp\/v2\/types\/page"}],"author":[{"embeddable":true,"href":"https:\/\/jt.lv\/fr\/wp-json\/wp\/v2\/users\/1"}],"replies":[{"embeddable":true,"href":"https:\/\/jt.lv\/fr\/wp-json\/wp\/v2\/comments?post=7279"}],"version-history":[{"count":11,"href":"https:\/\/jt.lv\/fr\/wp-json\/wp\/v2\/pages\/7279\/revisions"}],"predecessor-version":[{"id":8969,"href":"https:\/\/jt.lv\/fr\/wp-json\/wp\/v2\/pages\/7279\/revisions\/8969"}],"wp:attachment":[{"href":"https:\/\/jt.lv\/fr\/wp-json\/wp\/v2\/media?parent=7279"}],"curies":[{"name":"wp","href":"https:\/\/api.w.org\/{rel}","templated":true}]}}