{"id":7032,"date":"2023-09-19T08:10:16","date_gmt":"2023-09-19T06:10:16","guid":{"rendered":"https:\/\/jt.lv\/par-mums\/piegades-nosacijumi\/"},"modified":"2025-05-22T09:12:20","modified_gmt":"2025-05-22T09:12:20","slug":"livraison","status":"publish","type":"page","link":"https:\/\/jt.lv\/fr\/a-propos\/livraison\/","title":{"rendered":"Conditions de livraison"},"content":{"rendered":"\n<h2 class=\"wp-block-heading\">Service de livraison A\u2013Z<\/h2>\n\n\n\n<p><strong><strong>Nous conseillons<\/strong><br><\/strong>D\u00e8s r\u00e9ception de votre commande, nous vous poserons des questions et vous recommanderons le mode d&#8217;emballage et de transport le plus appropri\u00e9.<\/p>\n\n\n\n<p><strong><strong><strong>Nous emballons et \u00e9tiquetons<\/strong><\/strong><\/strong><br>Nous emballerons et \u00e9tiqueterons les produits fabriqu\u00e9s en fonction des dimensions et des caract\u00e9ristiques du produit, ainsi que des exigences de transport et de livraison.<\/p>\n\n\n\n<p><strong><strong><strong>Nous fournissons le transport<\/strong><\/strong><br><\/strong>Nous fournirons le transport adapt\u00e9 \u00e0 votre commande pour la livrer \u00e0 l&rsquo;adresse indiqu\u00e9e.<\/p>\n\n\n\n<p><strong><strong><strong>Nous pr\u00e9parons des documents<\/strong><\/strong><br><\/strong>Nous pr\u00e9parerons les documents n\u00e9cessaires \u00e0 l&rsquo;exp\u00e9dition de la cargaison.<\/p>\n\n\n\n<p><strong><strong>Nous livrons vos imprim\u00e9s<\/strong><br><\/strong>Nous assurerons la livraison \u00e0 l\u2019adresse indiqu\u00e9e pendant les heures ouvrables.<\/p>\n\n\n\n<h2 class=\"wp-block-heading\">Emballage<\/h2>\n\n\n\n<p>Les produits destin\u00e9s \u00e0 \u00eatre livr\u00e9s aux clients \u00e9trangers sont emball\u00e9s dans des cartons plac\u00e9s sur des palettes. Si les propri\u00e9t\u00e9s du produit le permettent, le produit peut \u00eatre plac\u00e9 directement sur des palettes. Ce type d\u2019emballage permet d\u2019\u00e9conomiser des mat\u00e9riaux, du temps et de g\u00e9n\u00e9rer moins de d\u00e9chets.<\/p>\n\n\n\n<p><strong><strong><strong>Bo\u00eetes<\/strong><\/strong><\/strong><br>Les livres sont emball\u00e9s dans des bo\u00eetes de diff\u00e9rentes tailles adapt\u00e9es \u00e0 la production avec un poids maximum allant jusqu&rsquo;\u00e0 8 kg. L&rsquo;\u00e9tiquette de l&#8217;emballage sur chaque bo\u00eete contient les informations suivantes:<\/p>\n\n\n\n<ul class=\"wp-block-list\">\n<li>client;<\/li>\n\n\n\n<li>titre de la publication;<\/li>\n\n\n\n<li>num\u00e9ro ISBN;<\/li>\n\n\n\n<li>nombre d&rsquo;unit\u00e9s de produit dans un colis.<\/li>\n<\/ul>\n\n\n\n<p><strong><strong><strong>Palettes<\/strong><\/strong><\/strong><br>Les produits emball\u00e9s ou non emball\u00e9s sont plac\u00e9s sur des palettes Euro certifi\u00e9es (\u00e9galement Euro ou EPAL). Dimensions de la palette : 120 x 80 cm ou 120 x 100 cm (palettes finlandaises). La hauteur maximale de la palette est de 140 cm, le poids brut maximal: 740 kg. Chaque palette poss\u00e8de une \u00e9tiquette de palette avec les informations suivantes:<\/p>\n\n\n\n<ul class=\"wp-block-list\">\n<li>num\u00e9ro de palette;<\/li>\n\n\n\n<li>client;<\/li>\n\n\n\n<li>destinataire;<\/li>\n\n\n\n<li>adresse du destinataire;<\/li>\n\n\n\n<li>titre de la publication;<\/li>\n\n\n\n<li>num\u00e9ro ISBN;<\/li>\n\n\n\n<li>quantit\u00e9 totale sur la palette ;<\/li>\n\n\n\n<li>nombre de colis sur une palette ;<\/li>\n\n\n\n<li>nombre par emballage;<\/li>\n\n\n\n<li>poids net et brut;<\/li>\n\n\n\n<li>date d&rsquo;exp\u00e9dition.<\/li>\n<\/ul>\n\n\n\n<p><strong><strong><strong>Solutions non standard<\/strong><\/strong><\/strong><br>Sur demande du client, nous fournissons \u00e9galement d&rsquo;autres types d&#8217;emballages, des palettes de tailles non standard qui r\u00e9pondent aux sp\u00e9cificit\u00e9s de l&rsquo;entrep\u00f4t du client, et nous \u00e9tiquetons \u00e9galement sp\u00e9cialement les unit\u00e9s d&#8217;emballage.<\/p>\n\n\n\n<h2 class=\"wp-block-heading\">Transport de livraison des produits finis<\/h2>\n\n\n\n<p><strong><strong><strong>Camion avec \u00e9l\u00e9vateur:<\/strong><\/strong><\/strong><\/p>\n\n\n\n<ul class=\"wp-block-list\">\n<li>capacit\u00e9 de charge maximale: 12-15 EPAL;<\/li>\n\n\n\n<li>poids brut total: jusqu&rsquo;\u00e0 7,5 t;<\/li>\n\n\n\n<li>le camion peut se rendre \u00e0 toutes les adresses jusqu&rsquo;\u00e0 la porte d&rsquo;entr\u00e9e.<\/li>\n<\/ul>\n\n\n\n<p><strong><strong><strong>Camion \u00e0 b\u00e2ches coulissantes ou camion avec semi-remorque \u00e0 b\u00e2ches coulissantes<\/strong>:<\/strong><\/strong><\/p>\n\n\n\n<ul class=\"wp-block-list\">\n<li>capacit\u00e9 de charge maximale: max 33 EPAL;<\/li>\n\n\n\n<li>longueur totale: jusqu&rsquo;\u00e0 18 m;<\/li>\n\n\n\n<li>capacit\u00e9 de charge: jusqu&rsquo;\u00e0 24 t;<\/li>\n\n\n\n<li>principalement pour les livraisons \u00e0 de grands entrep\u00f4ts ou centres de distribution.<\/li>\n<\/ul>\n\n\n\n<p>Nous livrons \u00e9galement les produits finis par <strong>transport a\u00e9rien et maritime.<\/strong><\/p>\n\n\n\n<h2 class=\"wp-block-heading\">Conditions de livraison<\/h2>\n\n\n\n<p><strong><strong><strong>Livraison d&rsquo;\u00e9chantillons<\/strong><\/strong><\/strong><\/p>\n\n\n\n<p>Nous fournissons au client la livraison de feuilles d&rsquo;impression de test et d&rsquo;\u00e9chantillons, des premi\u00e8res s\u00e9ries de livres, d&rsquo;\u00e9chantillons de divers mat\u00e9riaux et de bons de livraison par service de courrier express, en choisissant le mode de livraison le plus rapide. Les d\u00e9lais de livraison des \u00e9chantillons en Europe sont de 2 jours ouvrables maximum, quelle que soit la r\u00e9gion, et vers les r\u00e9gions plus \u00e9loign\u00e9es, comme les \u00c9tats-Unis, de 3 \u00e0 5 jours ouvrables.<\/p>\n\n\n\n<p><strong><strong><strong>Livraison des produits finis<\/strong><\/strong><\/strong><\/p>\n\n\n\n<p>Nous fournissons \u00e9galement au client la livraison de feuilles d&rsquo;impression de test et d&rsquo;\u00e9chantillons, des premi\u00e8res s\u00e9ries de livres, d&rsquo;\u00e9chantillons de divers mat\u00e9riaux et de bons de livraison par service de courrier express, en choisissant le mode de livraison le plus rapide.<\/p>\n\n\n\n<p>Des marchandises en vrac sont exp\u00e9di\u00e9es tous les jours \u2013 dans ce cas, les co\u00fbts pour le client ne sont pas calcul\u00e9s en fonction du nombre d&rsquo;espaces de palettes, mais en fonction de leur poids, ce qui est avantageux pour les clients qui ont des marchandises petites et l\u00e9g\u00e8res.<\/p>\n\n\n\n<figure class=\"wp-block-table\"><table class=\"has-fixed-layout\"><tbody><tr><td><strong><strong><strong>Pays<\/strong><\/strong><\/strong><\/td><td><strong><strong><strong>Jour d&rsquo;exp\u00e9dition<\/strong><\/strong><\/strong><\/td><td><strong><strong><strong>D\u00e9lai de livraison<\/strong><\/strong><\/strong><br><strong><strong><strong>(jours ouvrables)<\/strong><\/strong><\/strong><\/td><\/tr><tr><td><strong>Allemagne<\/strong><\/td><td>Tous les jours<\/td><td>jusqu&rsquo;\u00e0 5 jours ouvrables<\/td><\/tr><tr><td><\/td><td>Vendredi<\/td><td>jusqu&rsquo;\u00e0 5 jours ouvrables<br>(jour de chargement inclus)<\/td><\/tr><tr><td><strong>Autriche<\/strong><\/td><td>Tous les jours<\/td><td>jusqu&rsquo;\u00e0 6 jours ouvrables<\/td><\/tr><tr><td><\/td><td>Vendredi<\/td><td>jusqu&rsquo;\u00e0 6 jours ouvrables<br>(jour de chargement inclus)<\/td><\/tr><tr><td><strong>Belgique<\/strong><\/td><td>Tous les jours<\/td><td>jusqu&rsquo;\u00e0 6 jours ouvrables<\/td><\/tr><tr><td><\/td><td>Vendredi<\/td><td>jusqu&rsquo;\u00e0 6 jours ouvrables<br>(jour de chargement inclus)<\/td><\/tr><tr><td><strong>Danemark<\/strong><\/td><td>Mardi, vendredi<\/td><td>jusqu&rsquo;\u00e0 4 jours ouvrables<\/td><\/tr><tr><td><strong>Estonie<\/strong><\/td><td>Tous les jours<\/td><td>1 jour ouvrable<\/td><\/tr><tr><td><strong>Finlande<\/strong><\/td><td>Tous les jours<\/td><td>1 \u00e0 3 jours ouvrables<\/td><\/tr><tr><td><strong>France<\/strong><\/td><td>Tous les jours<\/td><td>7 \u00e0 8 jours ouvrables<\/td><\/tr><tr><td><\/td><td>Vendredi<\/td><td>jusqu&rsquo;\u00e0 6 jours ouvrables<br>(jour de chargement inclus)<\/td><\/tr><tr><td><strong>Islande<\/strong><\/td><td>Mardi<\/td><td>7 jours jusqu&rsquo;\u00e0 la destination <br>(Kolding, Danemark \u2013 jeudi)<\/td><\/tr><tr><td><strong>Lituanie<\/strong><\/td><td>Tous les jours<\/td><td>1 jour ouvrable<\/td><\/tr><tr><td><strong>Norv\u00e8ge<\/strong><\/td><td>Mardi, vendredi<\/td><td>2 \u00e0 10 jours ouvrables,<br>selon la r\u00e9gion<\/td><\/tr><tr><td><strong>Pays-Bas<\/strong><\/td><td>Tous les jours<\/td><td>jusqu&rsquo;\u00e0 5 jours ouvrables<\/td><\/tr><tr><td><strong>Royaume-Uni<\/strong><\/td><td>Vendredi<\/td><td>jusqu&rsquo;\u00e0 6 jours ouvrables<br>(jour de chargement inclus)<\/td><\/tr><tr><td><strong>Suede<\/strong><\/td><td>Tous les jours<br>(livraison aux entrep\u00f4ts les mardis et vendredis)<\/td><td>jusqu&rsquo;\u00e0 4 jours ouvrables<\/td><\/tr><tr><td><strong>Suisse<\/strong><\/td><td>Tous les jours<\/td><td>jusqu&rsquo;\u00e0 8 jours ouvrables<\/td><\/tr><tr><td><\/td><td>Vendredi<\/td><td>jusqu&rsquo;\u00e0 6 jours ouvrables<br>(jour de chargement inclus)<\/td><\/tr><\/tbody><\/table><\/figure>\n\n\n\n<h2 class=\"wp-block-heading\">Obligations du client<\/h2>\n\n\n\n<p>Lors de la commande, mais au plus tard 5 jours ouvrables avant la date d&rsquo;exp\u00e9dition pr\u00e9vue de la commande, le client doit fournir les informations suivantes: adresse ou adresses de livraison \u2013 heures de travail et options de livraison (si un transport routier est n\u00e9cessaire avec ou sans \u00e9l\u00e9vateur), nom et num\u00e9ro de t\u00e9l\u00e9phone de la personne de contact pour la communication.<\/p>\n\n\n\n\n\n\t<div class=\"jt-promo-cta has-bg-image\" style=\"background-image: url(https:\/\/jt.lv\/wp-content\/uploads\/2023\/09\/0209-JT_Sep2021_foto-Billijs-Locs-scaled.jpg);\">\n\t\t<div class=\"born-container is-default\">\n\t\t\t<div class=\"inner\">\n\t\t\t\t<div class=\"text\">\n\t\t\t\t\t\t\t\t\t<\/div>\n\t\t\t\t\t\t\t<\/div>\n\t\t<\/div>\n\t<\/div>\n\n\n","protected":false},"excerpt":{"rendered":"<p>Service de livraison A\u2013Z Nous conseillonsD\u00e8s r\u00e9ception de votre commande, nous vous poserons des questions et vous recommanderons le mode d&#8217;emballage et de transport le plus appropri\u00e9. Nous emballons et \u00e9tiquetonsNous emballerons et \u00e9tiqueterons les produits fabriqu\u00e9s en fonction des dimensions et des caract\u00e9ristiques du produit, ainsi que des exigences de transport et de livraison. [&hellip;]<\/p>\n","protected":false},"author":1,"featured_media":5921,"parent":5312,"menu_order":16,"comment_status":"closed","ping_status":"closed","template":"","meta":{"_acf_changed":false,"inline_featured_image":false,"footnotes":""},"class_list":["post-7032","page","type-page","status-publish","has-post-thumbnail","hentry"],"acf":[],"yoast_head":"<!-- This site is optimized with the Yoast SEO plugin v27.1.1 - https:\/\/yoast.com\/product\/yoast-seo-wordpress\/ -->\n<title>Conditions de livraison - Jelgavas tipogr\u0101fija<\/title>\n<meta name=\"robots\" content=\"index, follow, max-snippet:-1, max-image-preview:large, max-video-preview:-1\" \/>\n<link rel=\"canonical\" href=\"https:\/\/jt.lv\/fr\/a-propos\/livraison\/\" \/>\n<meta property=\"og:locale\" content=\"fr_FR\" \/>\n<meta property=\"og:type\" content=\"article\" \/>\n<meta property=\"og:title\" content=\"Conditions de livraison - Jelgavas tipogr\u0101fija\" \/>\n<meta property=\"og:description\" content=\"Service de livraison A\u2013Z Nous conseillonsD\u00e8s r\u00e9ception de votre commande, nous vous poserons des questions et vous recommanderons le mode d&#8217;emballage et de transport le plus appropri\u00e9. Nous emballons et \u00e9tiquetonsNous emballerons et \u00e9tiqueterons les produits fabriqu\u00e9s en fonction des dimensions et des caract\u00e9ristiques du produit, ainsi que des exigences de transport et de livraison. [&hellip;]\" \/>\n<meta property=\"og:url\" content=\"https:\/\/jt.lv\/fr\/a-propos\/livraison\/\" \/>\n<meta property=\"og:site_name\" content=\"Jelgavas tipogr\u0101fija\" \/>\n<meta property=\"article:modified_time\" content=\"2025-05-22T09:12:20+00:00\" \/>\n<meta property=\"og:image\" content=\"https:\/\/jt.lv\/wp-content\/uploads\/2023\/08\/photo-14.jpg\" \/>\n\t<meta property=\"og:image:width\" content=\"1740\" \/>\n\t<meta property=\"og:image:height\" content=\"750\" \/>\n\t<meta property=\"og:image:type\" content=\"image\/jpeg\" \/>\n<meta name=\"twitter:card\" content=\"summary_large_image\" \/>\n<meta name=\"twitter:label1\" content=\"Est. reading time\" \/>\n\t<meta name=\"twitter:data1\" content=\"4 minutes\" \/>\n<script type=\"application\/ld+json\" class=\"yoast-schema-graph\">{\"@context\":\"https:\/\/schema.org\",\"@graph\":[{\"@type\":\"WebPage\",\"@id\":\"https:\/\/jt.lv\/fr\/a-propos\/livraison\/\",\"url\":\"https:\/\/jt.lv\/fr\/a-propos\/livraison\/\",\"name\":\"Conditions de livraison - Jelgavas tipogr\u0101fija\",\"isPartOf\":{\"@id\":\"http:\/\/jt.lv\/fr\/#website\"},\"primaryImageOfPage\":{\"@id\":\"https:\/\/jt.lv\/fr\/a-propos\/livraison\/#primaryimage\"},\"image\":{\"@id\":\"https:\/\/jt.lv\/fr\/a-propos\/livraison\/#primaryimage\"},\"thumbnailUrl\":\"https:\/\/jt.lv\/wp-content\/uploads\/2023\/08\/photo-14.jpg\",\"datePublished\":\"2023-09-19T06:10:16+00:00\",\"dateModified\":\"2025-05-22T09:12:20+00:00\",\"breadcrumb\":{\"@id\":\"https:\/\/jt.lv\/fr\/a-propos\/livraison\/#breadcrumb\"},\"inLanguage\":\"fr-FR\",\"potentialAction\":[{\"@type\":\"ReadAction\",\"target\":[\"https:\/\/jt.lv\/fr\/a-propos\/livraison\/\"]}]},{\"@type\":\"ImageObject\",\"inLanguage\":\"fr-FR\",\"@id\":\"https:\/\/jt.lv\/fr\/a-propos\/livraison\/#primaryimage\",\"url\":\"https:\/\/jt.lv\/wp-content\/uploads\/2023\/08\/photo-14.jpg\",\"contentUrl\":\"https:\/\/jt.lv\/wp-content\/uploads\/2023\/08\/photo-14.jpg\",\"width\":1740,\"height\":750},{\"@type\":\"BreadcrumbList\",\"@id\":\"https:\/\/jt.lv\/fr\/a-propos\/livraison\/#breadcrumb\",\"itemListElement\":[{\"@type\":\"ListItem\",\"position\":1,\"name\":\"Home\",\"item\":\"https:\/\/jt.lv\/fr\/\"},{\"@type\":\"ListItem\",\"position\":2,\"name\":\"\u00c0 propos\",\"item\":\"https:\/\/jt.lv\/fr\/a-propos\/\"},{\"@type\":\"ListItem\",\"position\":3,\"name\":\"Conditions de livraison\"}]},{\"@type\":\"WebSite\",\"@id\":\"http:\/\/jt.lv\/fr\/#website\",\"url\":\"http:\/\/jt.lv\/fr\/\",\"name\":\"Jelgavas tipogr\u0101fija\",\"description\":\"M\u0113s ra\u017eojam gr\u0101matas.\",\"publisher\":{\"@id\":\"http:\/\/jt.lv\/fr\/#organization\"},\"potentialAction\":[{\"@type\":\"SearchAction\",\"target\":{\"@type\":\"EntryPoint\",\"urlTemplate\":\"http:\/\/jt.lv\/fr\/?s={search_term_string}\"},\"query-input\":{\"@type\":\"PropertyValueSpecification\",\"valueRequired\":true,\"valueName\":\"search_term_string\"}}],\"inLanguage\":\"fr-FR\"},{\"@type\":\"Organization\",\"@id\":\"http:\/\/jt.lv\/fr\/#organization\",\"name\":\"Jelgavas tipogr\u0101fija\",\"url\":\"http:\/\/jt.lv\/fr\/\",\"logo\":{\"@type\":\"ImageObject\",\"inLanguage\":\"fr-FR\",\"@id\":\"http:\/\/jt.lv\/fr\/#\/schema\/logo\/image\/\",\"url\":\"https:\/\/jt.lv\/wp-content\/uploads\/2025\/06\/jt-logo.png\",\"contentUrl\":\"https:\/\/jt.lv\/wp-content\/uploads\/2025\/06\/jt-logo.png\",\"width\":696,\"height\":696,\"caption\":\"Jelgavas tipogr\u0101fija\"},\"image\":{\"@id\":\"http:\/\/jt.lv\/fr\/#\/schema\/logo\/image\/\"}}]}<\/script>\n<!-- \/ Yoast SEO plugin. -->","yoast_head_json":{"title":"Conditions de livraison - Jelgavas tipogr\u0101fija","robots":{"index":"index","follow":"follow","max-snippet":"max-snippet:-1","max-image-preview":"max-image-preview:large","max-video-preview":"max-video-preview:-1"},"canonical":"https:\/\/jt.lv\/fr\/a-propos\/livraison\/","og_locale":"fr_FR","og_type":"article","og_title":"Conditions de livraison - Jelgavas tipogr\u0101fija","og_description":"Service de livraison A\u2013Z Nous conseillonsD\u00e8s r\u00e9ception de votre commande, nous vous poserons des questions et vous recommanderons le mode d&#8217;emballage et de transport le plus appropri\u00e9. Nous emballons et \u00e9tiquetonsNous emballerons et \u00e9tiqueterons les produits fabriqu\u00e9s en fonction des dimensions et des caract\u00e9ristiques du produit, ainsi que des exigences de transport et de livraison. [&hellip;]","og_url":"https:\/\/jt.lv\/fr\/a-propos\/livraison\/","og_site_name":"Jelgavas tipogr\u0101fija","article_modified_time":"2025-05-22T09:12:20+00:00","og_image":[{"width":1740,"height":750,"url":"https:\/\/jt.lv\/wp-content\/uploads\/2023\/08\/photo-14.jpg","type":"image\/jpeg"}],"twitter_card":"summary_large_image","twitter_misc":{"Est. reading time":"4 minutes"},"schema":{"@context":"https:\/\/schema.org","@graph":[{"@type":"WebPage","@id":"https:\/\/jt.lv\/fr\/a-propos\/livraison\/","url":"https:\/\/jt.lv\/fr\/a-propos\/livraison\/","name":"Conditions de livraison - Jelgavas tipogr\u0101fija","isPartOf":{"@id":"http:\/\/jt.lv\/fr\/#website"},"primaryImageOfPage":{"@id":"https:\/\/jt.lv\/fr\/a-propos\/livraison\/#primaryimage"},"image":{"@id":"https:\/\/jt.lv\/fr\/a-propos\/livraison\/#primaryimage"},"thumbnailUrl":"https:\/\/jt.lv\/wp-content\/uploads\/2023\/08\/photo-14.jpg","datePublished":"2023-09-19T06:10:16+00:00","dateModified":"2025-05-22T09:12:20+00:00","breadcrumb":{"@id":"https:\/\/jt.lv\/fr\/a-propos\/livraison\/#breadcrumb"},"inLanguage":"fr-FR","potentialAction":[{"@type":"ReadAction","target":["https:\/\/jt.lv\/fr\/a-propos\/livraison\/"]}]},{"@type":"ImageObject","inLanguage":"fr-FR","@id":"https:\/\/jt.lv\/fr\/a-propos\/livraison\/#primaryimage","url":"https:\/\/jt.lv\/wp-content\/uploads\/2023\/08\/photo-14.jpg","contentUrl":"https:\/\/jt.lv\/wp-content\/uploads\/2023\/08\/photo-14.jpg","width":1740,"height":750},{"@type":"BreadcrumbList","@id":"https:\/\/jt.lv\/fr\/a-propos\/livraison\/#breadcrumb","itemListElement":[{"@type":"ListItem","position":1,"name":"Home","item":"https:\/\/jt.lv\/fr\/"},{"@type":"ListItem","position":2,"name":"\u00c0 propos","item":"https:\/\/jt.lv\/fr\/a-propos\/"},{"@type":"ListItem","position":3,"name":"Conditions de livraison"}]},{"@type":"WebSite","@id":"http:\/\/jt.lv\/fr\/#website","url":"http:\/\/jt.lv\/fr\/","name":"Jelgavas tipogr\u0101fija","description":"M\u0113s ra\u017eojam gr\u0101matas.","publisher":{"@id":"http:\/\/jt.lv\/fr\/#organization"},"potentialAction":[{"@type":"SearchAction","target":{"@type":"EntryPoint","urlTemplate":"http:\/\/jt.lv\/fr\/?s={search_term_string}"},"query-input":{"@type":"PropertyValueSpecification","valueRequired":true,"valueName":"search_term_string"}}],"inLanguage":"fr-FR"},{"@type":"Organization","@id":"http:\/\/jt.lv\/fr\/#organization","name":"Jelgavas tipogr\u0101fija","url":"http:\/\/jt.lv\/fr\/","logo":{"@type":"ImageObject","inLanguage":"fr-FR","@id":"http:\/\/jt.lv\/fr\/#\/schema\/logo\/image\/","url":"https:\/\/jt.lv\/wp-content\/uploads\/2025\/06\/jt-logo.png","contentUrl":"https:\/\/jt.lv\/wp-content\/uploads\/2025\/06\/jt-logo.png","width":696,"height":696,"caption":"Jelgavas tipogr\u0101fija"},"image":{"@id":"http:\/\/jt.lv\/fr\/#\/schema\/logo\/image\/"}}]}},"_links":{"self":[{"href":"https:\/\/jt.lv\/fr\/wp-json\/wp\/v2\/pages\/7032","targetHints":{"allow":["GET"]}}],"collection":[{"href":"https:\/\/jt.lv\/fr\/wp-json\/wp\/v2\/pages"}],"about":[{"href":"https:\/\/jt.lv\/fr\/wp-json\/wp\/v2\/types\/page"}],"author":[{"embeddable":true,"href":"https:\/\/jt.lv\/fr\/wp-json\/wp\/v2\/users\/1"}],"replies":[{"embeddable":true,"href":"https:\/\/jt.lv\/fr\/wp-json\/wp\/v2\/comments?post=7032"}],"version-history":[{"count":15,"href":"https:\/\/jt.lv\/fr\/wp-json\/wp\/v2\/pages\/7032\/revisions"}],"predecessor-version":[{"id":7632,"href":"https:\/\/jt.lv\/fr\/wp-json\/wp\/v2\/pages\/7032\/revisions\/7632"}],"up":[{"embeddable":true,"href":"https:\/\/jt.lv\/fr\/wp-json\/wp\/v2\/pages\/5312"}],"wp:featuredmedia":[{"embeddable":true,"href":"https:\/\/jt.lv\/fr\/wp-json\/wp\/v2\/media\/5921"}],"wp:attachment":[{"href":"https:\/\/jt.lv\/fr\/wp-json\/wp\/v2\/media?parent=7032"}],"curies":[{"name":"wp","href":"https:\/\/api.w.org\/{rel}","templated":true}]}}