{"id":7028,"date":"2025-02-18T09:26:20","date_gmt":"2025-02-18T07:26:20","guid":{"rendered":"https:\/\/jt.lv\/iekartas\/"},"modified":"2026-03-09T08:17:56","modified_gmt":"2026-03-09T06:17:56","slug":"equipements-de-production","status":"publish","type":"page","link":"https:\/\/jt.lv\/fr\/equipements-de-production\/","title":{"rendered":"\u00c9quipements de production"},"content":{"rendered":"\n<p><strong>FABRICATION ET D\u00c9VELOPPEMENT DE PLAQUES OFFSET<\/strong><\/p>\n\n\n\n<ul class=\"wp-block-list\">\n<li>Fujifilm Luxel T-9800 CTP HD-S (x2)<\/li>\n<\/ul>\n\n\n\n<p><strong>MACHINES D&rsquo;IMPRESSION<\/strong><\/p>\n\n\n\n<ul class=\"wp-block-list\">\n<li>Machine offset \u00e0 huit couleurs Heidelberg Speedmaster 102-8-P<\/li>\n\n\n\n<li>Machine offset \u00e0 huit couleurs Heidelberg Speedmaster SX 102-8<\/li>\n\n\n\n<li>Machine offset \u00e0 quatre couleurs avec section de vernissage Heidelberg Speedmaster 102-4P + L<\/li>\n\n\n\n<li>Machine offset \u00e0 deux couleurs Heidelberg Speedmaster 102-2-P<\/li>\n\n\n\n<li>Machine d&rsquo;impression num\u00e9rique Fujifilm Jet Press 750S HSM<\/li>\n<\/ul>\n\n\n\n<p><strong>MACHINES DE PLIAGE<\/strong><\/p>\n\n\n\n<ul class=\"wp-block-list\">\n<li>Machine de pliage de feuilles imprim\u00e9es Heidelberg Stahl TH 82 (x3)<\/li>\n\n\n\n<li>Machine de pliage de feuilles imprim\u00e9es Heidelberg Stahl TH 82 Easy Fold<\/li>\n\n\n\n<li>Machine de pliage de feuilles imprim\u00e9es Heidelberg Stahl Ti 52<\/li>\n<\/ul>\n\n\n\n<p><strong>MACHINES DE RASSEMBLAGE ET DE COUTURE<\/strong><\/p>\n\n\n\n<ul class=\"wp-block-list\">\n<li>Machine de rassemblement et de couture UNIPLEX + asterPRO<\/li>\n\n\n\n<li>Machine de rassemblement et de couture UNIPLEX + asterTOP<\/li>\n<\/ul>\n\n\n\n<p><strong>MACHINES DE COUTURE<\/strong><\/p>\n\n\n\n<ul class=\"wp-block-list\">\n<li>Machine de couture Astronic 180<\/li>\n<\/ul>\n\n\n\n<p><strong>MACHINES DE FABRICATION DE COUVERTURES<\/strong><\/p>\n\n\n\n<ul class=\"wp-block-list\">\n<li>Machine de fabrication de couvertures rigides Kolbus DA 270 (x2)<\/li>\n\n\n\n<li>Machine de fabrication de couvertures souples Petratto SAB 100<\/li>\n<\/ul>\n\n\n\n<p><strong>MACHINES DE RELIURE<\/strong><\/p>\n\n\n\n<ul class=\"wp-block-list\">\n<li>Ligne de fabrication de reliures souples Kolbus KM600<\/li>\n\n\n\n<li>Ligne de fabrication de reliures rigides Kolbus BF530<\/li>\n\n\n\n<li>Machine d\u2019embo\u00eetage pour livres \u00e0 couverture rigide M\u00fcller Martini BF PRO<\/li>\n<\/ul>\n\n\n\n<p><strong>MACHINE DE VERNISSAGE UV ET DE FINITION<\/strong><\/p>\n\n\n\n<ul class=\"wp-block-list\">\n<li>Duplo DuSense DDC-8000 machine num\u00e9rique de vernissage en relief, vernissage UV et application de feuille num\u00e9rique<\/li>\n<\/ul>\n\n\n\n<figure class=\"wp-block-image size-large\"><img loading=\"lazy\" decoding=\"async\" width=\"2560\" height=\"1439\" src=\"http:\/\/jt.lv\/wp-content\/uploads\/2025\/05\/0129-JT_Sep2021_foto-Billijs-Locs-edited-scaled.jpg\" alt=\"\" class=\"wp-image-7646\" srcset=\"https:\/\/jt.lv\/wp-content\/uploads\/2025\/05\/0129-JT_Sep2021_foto-Billijs-Locs-edited-scaled.jpg 2560w, https:\/\/jt.lv\/wp-content\/uploads\/2025\/05\/0129-JT_Sep2021_foto-Billijs-Locs-edited-300x169.jpg 300w, https:\/\/jt.lv\/wp-content\/uploads\/2025\/05\/0129-JT_Sep2021_foto-Billijs-Locs-edited-1024x576.jpg 1024w, https:\/\/jt.lv\/wp-content\/uploads\/2025\/05\/0129-JT_Sep2021_foto-Billijs-Locs-edited-768x432.jpg 768w, https:\/\/jt.lv\/wp-content\/uploads\/2025\/05\/0129-JT_Sep2021_foto-Billijs-Locs-edited-1536x863.jpg 1536w, https:\/\/jt.lv\/wp-content\/uploads\/2025\/05\/0129-JT_Sep2021_foto-Billijs-Locs-edited-2048x1151.jpg 2048w, https:\/\/jt.lv\/wp-content\/uploads\/2025\/05\/0129-JT_Sep2021_foto-Billijs-Locs-edited-1210x680.jpg 1210w, https:\/\/jt.lv\/wp-content\/uploads\/2025\/05\/0129-JT_Sep2021_foto-Billijs-Locs-edited-933x525.jpg 933w, https:\/\/jt.lv\/wp-content\/uploads\/2025\/05\/0129-JT_Sep2021_foto-Billijs-Locs-edited-1271x715.jpg 1271w, https:\/\/jt.lv\/wp-content\/uploads\/2025\/05\/0129-JT_Sep2021_foto-Billijs-Locs-edited-680x382.jpg 680w, https:\/\/jt.lv\/wp-content\/uploads\/2025\/05\/0129-JT_Sep2021_foto-Billijs-Locs-edited-1360x765.jpg 1360w\" sizes=\"auto, (max-width: 2560px) 100vw, 2560px\" \/><\/figure>\n","protected":false},"excerpt":{"rendered":"<p>FABRICATION ET D\u00c9VELOPPEMENT DE PLAQUES OFFSET MACHINES D&rsquo;IMPRESSION MACHINES DE PLIAGE MACHINES DE RASSEMBLAGE ET DE COUTURE MACHINES DE COUTURE MACHINES DE FABRICATION DE COUVERTURES MACHINES DE RELIURE MACHINE DE VERNISSAGE UV ET DE FINITION<\/p>\n","protected":false},"author":1,"featured_media":0,"parent":0,"menu_order":37,"comment_status":"closed","ping_status":"closed","template":"","meta":{"_acf_changed":false,"inline_featured_image":false,"footnotes":""},"class_list":["post-7028","page","type-page","status-publish","hentry"],"acf":[],"yoast_head":"<!-- This site is optimized with the Yoast SEO plugin v27.4 - https:\/\/yoast.com\/product\/yoast-seo-wordpress\/ -->\n<title>\u00c9quipements de production - Jelgavas tipogr\u0101fija<\/title>\n<meta name=\"robots\" content=\"index, follow, max-snippet:-1, max-image-preview:large, max-video-preview:-1\" \/>\n<link rel=\"canonical\" href=\"https:\/\/jt.lv\/fr\/equipements-de-production\/\" \/>\n<meta property=\"og:locale\" content=\"fr_FR\" \/>\n<meta property=\"og:type\" content=\"article\" \/>\n<meta property=\"og:title\" content=\"\u00c9quipements de production - Jelgavas tipogr\u0101fija\" \/>\n<meta property=\"og:description\" content=\"FABRICATION ET D\u00c9VELOPPEMENT DE PLAQUES OFFSET MACHINES D&rsquo;IMPRESSION MACHINES DE PLIAGE MACHINES DE RASSEMBLAGE ET DE COUTURE MACHINES DE COUTURE MACHINES DE FABRICATION DE COUVERTURES MACHINES DE RELIURE MACHINE DE VERNISSAGE UV ET DE FINITION\" \/>\n<meta property=\"og:url\" content=\"https:\/\/jt.lv\/fr\/equipements-de-production\/\" \/>\n<meta property=\"og:site_name\" content=\"Jelgavas tipogr\u0101fija\" \/>\n<meta property=\"article:modified_time\" content=\"2026-03-09T06:17:56+00:00\" \/>\n<meta property=\"og:image\" content=\"http:\/\/jt.lv\/wp-content\/uploads\/2025\/05\/0129-JT_Sep2021_foto-Billijs-Locs-edited-scaled.jpg\" \/>\n<meta name=\"twitter:card\" content=\"summary_large_image\" \/>\n<meta name=\"twitter:label1\" content=\"Est. reading time\" \/>\n\t<meta name=\"twitter:data1\" content=\"2 minutes\" \/>\n<script type=\"application\/ld+json\" class=\"yoast-schema-graph\">{\"@context\":\"https:\\\/\\\/schema.org\",\"@graph\":[{\"@type\":\"WebPage\",\"@id\":\"https:\\\/\\\/jt.lv\\\/fr\\\/equipements-de-production\\\/\",\"url\":\"https:\\\/\\\/jt.lv\\\/fr\\\/equipements-de-production\\\/\",\"name\":\"\u00c9quipements de production - Jelgavas tipogr\u0101fija\",\"isPartOf\":{\"@id\":\"http:\\\/\\\/jt.lv\\\/fr\\\/#website\"},\"primaryImageOfPage\":{\"@id\":\"https:\\\/\\\/jt.lv\\\/fr\\\/equipements-de-production\\\/#primaryimage\"},\"image\":{\"@id\":\"https:\\\/\\\/jt.lv\\\/fr\\\/equipements-de-production\\\/#primaryimage\"},\"thumbnailUrl\":\"http:\\\/\\\/jt.lv\\\/wp-content\\\/uploads\\\/2025\\\/05\\\/0129-JT_Sep2021_foto-Billijs-Locs-edited-scaled.jpg\",\"datePublished\":\"2025-02-18T07:26:20+00:00\",\"dateModified\":\"2026-03-09T06:17:56+00:00\",\"breadcrumb\":{\"@id\":\"https:\\\/\\\/jt.lv\\\/fr\\\/equipements-de-production\\\/#breadcrumb\"},\"inLanguage\":\"fr-FR\",\"potentialAction\":[{\"@type\":\"ReadAction\",\"target\":[\"https:\\\/\\\/jt.lv\\\/fr\\\/equipements-de-production\\\/\"]}]},{\"@type\":\"ImageObject\",\"inLanguage\":\"fr-FR\",\"@id\":\"https:\\\/\\\/jt.lv\\\/fr\\\/equipements-de-production\\\/#primaryimage\",\"url\":\"http:\\\/\\\/jt.lv\\\/wp-content\\\/uploads\\\/2025\\\/05\\\/0129-JT_Sep2021_foto-Billijs-Locs-edited-scaled.jpg\",\"contentUrl\":\"http:\\\/\\\/jt.lv\\\/wp-content\\\/uploads\\\/2025\\\/05\\\/0129-JT_Sep2021_foto-Billijs-Locs-edited-scaled.jpg\"},{\"@type\":\"BreadcrumbList\",\"@id\":\"https:\\\/\\\/jt.lv\\\/fr\\\/equipements-de-production\\\/#breadcrumb\",\"itemListElement\":[{\"@type\":\"ListItem\",\"position\":1,\"name\":\"Home\",\"item\":\"https:\\\/\\\/jt.lv\\\/fr\\\/\"},{\"@type\":\"ListItem\",\"position\":2,\"name\":\"\u00c9quipements de production\"}]},{\"@type\":\"WebSite\",\"@id\":\"http:\\\/\\\/jt.lv\\\/fr\\\/#website\",\"url\":\"http:\\\/\\\/jt.lv\\\/fr\\\/\",\"name\":\"Jelgavas tipogr\u0101fija\",\"description\":\"M\u0113s ra\u017eojam gr\u0101matas.\",\"publisher\":{\"@id\":\"http:\\\/\\\/jt.lv\\\/fr\\\/#organization\"},\"potentialAction\":[{\"@type\":\"SearchAction\",\"target\":{\"@type\":\"EntryPoint\",\"urlTemplate\":\"http:\\\/\\\/jt.lv\\\/fr\\\/?s={search_term_string}\"},\"query-input\":{\"@type\":\"PropertyValueSpecification\",\"valueRequired\":true,\"valueName\":\"search_term_string\"}}],\"inLanguage\":\"fr-FR\"},{\"@type\":\"Organization\",\"@id\":\"http:\\\/\\\/jt.lv\\\/fr\\\/#organization\",\"name\":\"Jelgavas tipogr\u0101fija\",\"url\":\"http:\\\/\\\/jt.lv\\\/fr\\\/\",\"logo\":{\"@type\":\"ImageObject\",\"inLanguage\":\"fr-FR\",\"@id\":\"http:\\\/\\\/jt.lv\\\/fr\\\/#\\\/schema\\\/logo\\\/image\\\/\",\"url\":\"https:\\\/\\\/jt.lv\\\/wp-content\\\/uploads\\\/2025\\\/06\\\/jt-logo.png\",\"contentUrl\":\"https:\\\/\\\/jt.lv\\\/wp-content\\\/uploads\\\/2025\\\/06\\\/jt-logo.png\",\"width\":696,\"height\":696,\"caption\":\"Jelgavas tipogr\u0101fija\"},\"image\":{\"@id\":\"http:\\\/\\\/jt.lv\\\/fr\\\/#\\\/schema\\\/logo\\\/image\\\/\"}}]}<\/script>\n<!-- \/ Yoast SEO plugin. -->","yoast_head_json":{"title":"\u00c9quipements de production - Jelgavas tipogr\u0101fija","robots":{"index":"index","follow":"follow","max-snippet":"max-snippet:-1","max-image-preview":"max-image-preview:large","max-video-preview":"max-video-preview:-1"},"canonical":"https:\/\/jt.lv\/fr\/equipements-de-production\/","og_locale":"fr_FR","og_type":"article","og_title":"\u00c9quipements de production - Jelgavas tipogr\u0101fija","og_description":"FABRICATION ET D\u00c9VELOPPEMENT DE PLAQUES OFFSET MACHINES D&rsquo;IMPRESSION MACHINES DE PLIAGE MACHINES DE RASSEMBLAGE ET DE COUTURE MACHINES DE COUTURE MACHINES DE FABRICATION DE COUVERTURES MACHINES DE RELIURE MACHINE DE VERNISSAGE UV ET DE FINITION","og_url":"https:\/\/jt.lv\/fr\/equipements-de-production\/","og_site_name":"Jelgavas tipogr\u0101fija","article_modified_time":"2026-03-09T06:17:56+00:00","og_image":[{"url":"http:\/\/jt.lv\/wp-content\/uploads\/2025\/05\/0129-JT_Sep2021_foto-Billijs-Locs-edited-scaled.jpg","type":"","width":"","height":""}],"twitter_card":"summary_large_image","twitter_misc":{"Est. reading time":"2 minutes"},"schema":{"@context":"https:\/\/schema.org","@graph":[{"@type":"WebPage","@id":"https:\/\/jt.lv\/fr\/equipements-de-production\/","url":"https:\/\/jt.lv\/fr\/equipements-de-production\/","name":"\u00c9quipements de production - Jelgavas tipogr\u0101fija","isPartOf":{"@id":"http:\/\/jt.lv\/fr\/#website"},"primaryImageOfPage":{"@id":"https:\/\/jt.lv\/fr\/equipements-de-production\/#primaryimage"},"image":{"@id":"https:\/\/jt.lv\/fr\/equipements-de-production\/#primaryimage"},"thumbnailUrl":"http:\/\/jt.lv\/wp-content\/uploads\/2025\/05\/0129-JT_Sep2021_foto-Billijs-Locs-edited-scaled.jpg","datePublished":"2025-02-18T07:26:20+00:00","dateModified":"2026-03-09T06:17:56+00:00","breadcrumb":{"@id":"https:\/\/jt.lv\/fr\/equipements-de-production\/#breadcrumb"},"inLanguage":"fr-FR","potentialAction":[{"@type":"ReadAction","target":["https:\/\/jt.lv\/fr\/equipements-de-production\/"]}]},{"@type":"ImageObject","inLanguage":"fr-FR","@id":"https:\/\/jt.lv\/fr\/equipements-de-production\/#primaryimage","url":"http:\/\/jt.lv\/wp-content\/uploads\/2025\/05\/0129-JT_Sep2021_foto-Billijs-Locs-edited-scaled.jpg","contentUrl":"http:\/\/jt.lv\/wp-content\/uploads\/2025\/05\/0129-JT_Sep2021_foto-Billijs-Locs-edited-scaled.jpg"},{"@type":"BreadcrumbList","@id":"https:\/\/jt.lv\/fr\/equipements-de-production\/#breadcrumb","itemListElement":[{"@type":"ListItem","position":1,"name":"Home","item":"https:\/\/jt.lv\/fr\/"},{"@type":"ListItem","position":2,"name":"\u00c9quipements de production"}]},{"@type":"WebSite","@id":"http:\/\/jt.lv\/fr\/#website","url":"http:\/\/jt.lv\/fr\/","name":"Jelgavas tipogr\u0101fija","description":"M\u0113s ra\u017eojam gr\u0101matas.","publisher":{"@id":"http:\/\/jt.lv\/fr\/#organization"},"potentialAction":[{"@type":"SearchAction","target":{"@type":"EntryPoint","urlTemplate":"http:\/\/jt.lv\/fr\/?s={search_term_string}"},"query-input":{"@type":"PropertyValueSpecification","valueRequired":true,"valueName":"search_term_string"}}],"inLanguage":"fr-FR"},{"@type":"Organization","@id":"http:\/\/jt.lv\/fr\/#organization","name":"Jelgavas tipogr\u0101fija","url":"http:\/\/jt.lv\/fr\/","logo":{"@type":"ImageObject","inLanguage":"fr-FR","@id":"http:\/\/jt.lv\/fr\/#\/schema\/logo\/image\/","url":"https:\/\/jt.lv\/wp-content\/uploads\/2025\/06\/jt-logo.png","contentUrl":"https:\/\/jt.lv\/wp-content\/uploads\/2025\/06\/jt-logo.png","width":696,"height":696,"caption":"Jelgavas tipogr\u0101fija"},"image":{"@id":"http:\/\/jt.lv\/fr\/#\/schema\/logo\/image\/"}}]}},"_links":{"self":[{"href":"https:\/\/jt.lv\/fr\/wp-json\/wp\/v2\/pages\/7028","targetHints":{"allow":["GET"]}}],"collection":[{"href":"https:\/\/jt.lv\/fr\/wp-json\/wp\/v2\/pages"}],"about":[{"href":"https:\/\/jt.lv\/fr\/wp-json\/wp\/v2\/types\/page"}],"author":[{"embeddable":true,"href":"https:\/\/jt.lv\/fr\/wp-json\/wp\/v2\/users\/1"}],"replies":[{"embeddable":true,"href":"https:\/\/jt.lv\/fr\/wp-json\/wp\/v2\/comments?post=7028"}],"version-history":[{"count":10,"href":"https:\/\/jt.lv\/fr\/wp-json\/wp\/v2\/pages\/7028\/revisions"}],"predecessor-version":[{"id":9645,"href":"https:\/\/jt.lv\/fr\/wp-json\/wp\/v2\/pages\/7028\/revisions\/9645"}],"wp:attachment":[{"href":"https:\/\/jt.lv\/fr\/wp-json\/wp\/v2\/media?parent=7028"}],"curies":[{"name":"wp","href":"https:\/\/api.w.org\/{rel}","templated":true}]}}