{"id":6607,"date":"2023-07-26T05:38:45","date_gmt":"2023-07-26T03:38:45","guid":{"rendered":"https:\/\/jt.lv\/privatuma-politika\/"},"modified":"2025-07-01T12:53:44","modified_gmt":"2025-07-01T10:53:44","slug":"politique-de-confidentialite","status":"publish","type":"page","link":"https:\/\/jt.lv\/fr\/politique-de-confidentialite\/","title":{"rendered":"Politique de confidentialit\u00e9"},"content":{"rendered":"\n<p>Nous nous soucions de la confidentialit\u00e9 de nos clients et partenaires. Pour continuer \u00e0 fonctionner avec succ\u00e8s, nous devons collecter, traiter et stocker des donn\u00e9es personnelles \u00e0 diverses fins. La d\u00e9finition des objectifs est claire, l\u00e9gitime et avec une base l\u00e9gale.<\/p>\n\n\n\n<p>SIA JELGAVAS TIPOGR\u0100FIJA s&rsquo;engage \u00e0 prendre soin de vos donn\u00e9es et \u00e0 les collecter, les traiter et les stocker conform\u00e9ment au R\u00e8glement (UE) 2016\/679 du Parlement europ\u00e9en et du Conseil du 27 avril 2016 relatif \u00e0 la protection des personnes physiques \u00e0 l&rsquo;\u00e9gard du traitement des donn\u00e9es \u00e0 caract\u00e8re personnel. traitement des donn\u00e9es \u00e0 caract\u00e8re personnel et la libre circulation de ces donn\u00e9es et abrogeant la directive 95\/46\/CE. Ainsi que la Loi sur le traitement des donn\u00e9es personnelles.<\/p>\n\n\n\n<h2 class=\"wp-block-heading\">1. Nos coordonn\u00e9es et informations de contact<\/h2>\n\n\n\n<p>SIA \u00ab\u00a0JELGAVAS TIPOGR\u0100FIJA\u00a0\u00bb<br>Num\u00e9ro d\u2019enregistrement unique: 43603009384<br>Adresse: Rue Langervaldes 1A, Jelgava, LV-3002<br>Adresse \u00e9lectronique: jt@jt.lv<\/p>\n\n\n\n<p>Informations de contact pour les questions de protection des donn\u00e9es:<\/p>\n\n\n\n<ul class=\"wp-block-list\">\n<li>courrier \u00e9lectronique de l&#8217;employ\u00e9 chez JELGAVAS TIPOGR\u0100FIJA: jt@jt.lv; num\u00e9ro de t\u00e9l\u00e9phone: +371 63 024 501;<\/li>\n\n\n\n<li>sp\u00e9cialiste de la protection des donn\u00e9es L\u012bga Zelti\u0146a; courrier \u00e9lectronique: liga@zitc.lv; num\u00e9ro de t\u00e9l\u00e9phone: +371 63 026 605.<\/li>\n<\/ul>\n\n\n\n<h2 class=\"wp-block-heading\">2. Quelles donn\u00e9es sont trait\u00e9es par JELGAVAS TIPOGR\u0100FIJA?<\/h2>\n\n\n\n<p>Selon la finalit\u00e9, l\u2019entreprise peut traiter les cat\u00e9gories suivantes de donn\u00e9es personnelles : nom, pr\u00e9nom, adresse postale, adresse e-mail, num\u00e9ro de t\u00e9l\u00e9phone, pays, ainsi que \u2013 dans le cadre d\u2019une candidature \u2013 l\u2019\u00e2ge, la date de naissance, le sexe (si indiqu\u00e9), l\u2019exp\u00e9rience professionnelle, la formation et toute autre information raisonnablement li\u00e9e \u00e0 la candidature. Nous vous prions de ne pas inclure de donn\u00e9es personnelles sensibles dans votre CV (par exemple, des informations sur la sant\u00e9, les convictions religieuses, les opinions politiques, etc.), car ces donn\u00e9es ne seront pas trait\u00e9es.<\/p>\n\n\n\n<p>Donn\u00e9es et identifiants en ligne \u2013 donn\u00e9es collect\u00e9es via des cookies ou des technologies similaires sur votre utilisation de nos services, telles que votre activit\u00e9 de navigation et vos segments, votre adresse IP, l\u2019identifiant du cookie, l\u2019identifiant de l\u2019appareil mobile, les informations sur le navigateur et l\u2019appareil, ainsi que la localisation.<\/p>\n\n\n\n<h2 class=\"wp-block-heading\">3. Comment les donn\u00e9es personnelles sont-elles collect\u00e9es?<\/h2>\n\n\n\n<p>Sur notre site Internet, vos donn\u00e9es peuvent \u00eatre collect\u00e9es de 5 mani\u00e8res diff\u00e9rentes:<\/p>\n\n\n\n<ul class=\"wp-block-list\">\n<li>cookies de fonctionnalit\u00e9 \u2013 localisation, adresse IP, donn\u00e9es permettant d\u2019identifier un appareil sp\u00e9cifique (par exemple, t\u00e9l\u00e9phone mobile, tablette, ordinateur), donn\u00e9es du navigateur utilis\u00e9;<\/li>\n\n\n\n<li>lors du remplissage du formulaire de demande de devis \u2013 pays, pr\u00e9nom, nom, coordonn\u00e9es;<\/li>\n\n\n\n<li>dans la section de t\u00e9l\u00e9versement de fichiers \u2013 pr\u00e9nom, nom, coordonn\u00e9es;<\/li>\n\n\n\n<li>lors de l\u2019inscription \u00e0 la newsletter, y compris aux messages marketing, dans le pied de page de la page d\u2019accueil \u2013 adresse e-mail;<\/li>\n\n\n\n<li>lors d\u2019une candidature \u00e0 une offre d\u2019emploi publi\u00e9e \u2013 pr\u00e9nom, nom, coordonn\u00e9es.<\/li>\n<\/ul>\n\n\n\n<h2 class=\"wp-block-heading\">4. Quelles sont les finalit\u00e9s et la justification de la collecte, du traitement et du stockage des donn\u00e9es?<\/h2>\n\n\n\n<p>Nous traitons vos donn\u00e9es aux fins suivantes:<\/p>\n\n\n\n<ul class=\"wp-block-list\">\n<li>pr\u00e9paration et conclusion d\u2019un contrat;<\/li>\n\n\n\n<li>assurer\/maintenir les services;<\/li>\n\n\n\n<li>am\u00e9liorer les services, d\u00e9velopper de nouveaux services;<\/li>\n\n\n\n<li>promouvoir l\u2019utilisation du service;<\/li>\n\n\n\n<li>servir nos partenaires de coop\u00e9ration;<\/li>\n\n\n\n<li>examiner et traiter les objections;<\/li>\n\n\n\n<li>fid\u00e9lisation, mesures de satisfaction;<\/li>\n\n\n\n<li>administration de la facturation;<\/li>\n\n\n\n<li>recouvrement de cr\u00e9ances;<\/li>\n\n\n\n<li>maintenir le site Web et am\u00e9liorer ses performances;<\/li>\n\n\n\n<li>statistiques et analyse du travail;<\/li>\n\n\n\n<li>planification et comptabilit\u00e9;<\/li>\n\n\n\n<li>mesurer les performances;<\/li>\n\n\n\n<li>assurer la qualit\u00e9 des donn\u00e9es;<\/li>\n\n\n\n<li>pr\u00e9paration des rapports;<\/li>\n\n\n\n<li>mener des enqu\u00eates aupr\u00e8s des clients;<\/li>\n\n\n\n<li>d\u2019autres finalit\u00e9s sp\u00e9cifiques dont le Client est inform\u00e9 au moment o\u00f9 il nous fournit les donn\u00e9es concern\u00e9es.<\/li>\n<\/ul>\n\n\n\n<h2 class=\"wp-block-heading\">5. Comment et pendant combien de temps vos donn\u00e9es sont-elles stock\u00e9es?<\/h2>\n\n\n\n<p>Nous stockons et traitons vos donn\u00e9es personnelles tant qu&rsquo;au moins l&rsquo;un des crit\u00e8res suivants existe:<\/p>\n\n\n\n<ul class=\"wp-block-list\">\n<li>le contrat conclu avec vous est valable;<\/li>\n\n\n\n<li>l\u2019une des parties dispose de droits l\u00e9gitimes pouvant \u00eatre exerc\u00e9s conform\u00e9ment \u00e0 la l\u00e9gislation en vigueur (par exemple, formuler des objections ou d\u00e9fendre ses droits en justice);<\/li>\n\n\n\n<li>l\u2019une des parties a l\u2019obligation l\u00e9gale de conserver les donn\u00e9es;<\/li>\n\n\n\n<li>votre consentement au traitement pertinent des donn\u00e9es personnelles est valable, \u00e0 moins qu\u2019il n\u2019existe une autre base l\u00e9gale pour le traitement des donn\u00e9es.<\/li>\n<\/ul>\n\n\n\n<p>Lorsque ces crit\u00e8res ne sont plus valables, les donn\u00e9es personnelles sont supprim\u00e9es.<\/p>\n\n\n\n<p>Nous prot\u00e9geons vos donn\u00e9es personnelles en utilisant des technologies modernes, en tenant compte des risques de confidentialit\u00e9 existants et des ressources organisationnelles, financi\u00e8res et techniques dont nous disposons raisonnablement, notamment en utilisant les mesures de s\u00e9curit\u00e9 suivantes:<\/p>\n\n\n\n<ul class=\"wp-block-list\">\n<li>cryptage des donn\u00e9es pendant la transmission des donn\u00e9es (cryptage SSL);<\/li>\n\n\n\n<li>conserver vos informations personnelles uniquement aussi longtemps que n\u00e9cessaire pour atteindre les objectifs d\u00e9crits ci-dessus ou tel que requis par la loi;<\/li>\n\n\n\n<li>toutes les donn\u00e9es personnelles dont nous avons connaissance sur les utilisateurs du site www.jt.lv sont consid\u00e9r\u00e9es comme des informations confidentielles;<\/li>\n\n\n\n<li>les donn\u00e9es personnelles sont trait\u00e9es et utilis\u00e9es uniquement aux fins sp\u00e9cifi\u00e9es dans la pr\u00e9sente politique de confidentialit\u00e9 et dans la mesure n\u00e9cessaire;<\/li>\n\n\n\n<li>lors du traitement et du stockage de vos donn\u00e9es personnelles, nous assurons la protection des donn\u00e9es personnelles contre toute divulgation accidentelle ou illicite, toute alt\u00e9ration, ainsi que contre tout autre traitement illicite;<\/li>\n\n\n\n<li>l&rsquo;acc\u00e8s aux fonctions de traitement et de modification des donn\u00e9es n&rsquo;est r\u00e9serv\u00e9 qu&rsquo;\u00e0 nos responsables habilit\u00e9s.<\/li>\n<\/ul>\n\n\n\n<h2 class=\"wp-block-heading\">6. Qui peut acc\u00e9der \u00e0 vos donn\u00e9es personnelles?<\/h2>\n\n\n\n<p>Nous ne divulguons pas vos donn\u00e9es personnelles ni aucune information obtenue pendant la fourniture des services et la dur\u00e9e du contrat \u00e0 des tiers, y compris les informations sur les services re\u00e7us, sauf:<\/p>\n\n\n\n<ul class=\"wp-block-list\">\n<li>si les donn\u00e9es doivent \u00eatre transmises au tiers concern\u00e9 dans le cadre d&rsquo;un contrat conclu afin d&rsquo;ex\u00e9cuter une fonction n\u00e9cessaire \u00e0 l&rsquo;ex\u00e9cution du contrat ou d\u00e9l\u00e9gu\u00e9e par la loi (par exemple, \u00e0 une banque dans le cadre de r\u00e8glements) ou pour fournir un service;<\/li>\n\n\n\n<li>avec votre consentement clair et sans ambigu\u00eft\u00e9;<\/li>\n\n\n\n<li>aux personnes vis\u00e9es par des textes r\u00e9glementaires externes, sur demande justifi\u00e9e de celles-ci, conform\u00e9ment \u00e0 la proc\u00e9dure et dans la mesure pr\u00e9cis\u00e9es dans les textes r\u00e9glementaires externes;<\/li>\n\n\n\n<li>dans les cas pr\u00e9vus par des textes r\u00e9glementaires externes pour prot\u00e9ger nos int\u00e9r\u00eats l\u00e9gitimes, par exemple en saisissant un tribunal ou d\u2019autres autorit\u00e9s publiques contre une personne qui a viol\u00e9 ces int\u00e9r\u00eats l\u00e9gitimes.<\/li>\n<\/ul>\n\n\n\n<h2 class=\"wp-block-heading\">7. Transf\u00e9rons-nous des donn\u00e9es vers des pays tiers?<\/h2>\n\n\n\n<p>Non, vos donn\u00e9es ne sont pas envoy\u00e9es en dehors de l&rsquo;UE ou de l&rsquo;EEE.<\/p>\n\n\n\n<h2 class=\"wp-block-heading\">8. Cookies<\/h2>\n\n\n\n<p>Lorsque vous utilisez nos services ou visitez notre site Web, JELGAVAS TIPOGR\u0100FIJA peut collecter des donn\u00e9es sur vos appareils \u00e0 l&rsquo;aide de cookies et d&rsquo;autres technologies similaires. Vous trouverez plus d&rsquo;informations sur la gestion des cookies et l&rsquo;utilisation des donn\u00e9es en ligne <a href=\"https:\/\/jt.lv\/fr\/politique-en-matiere-de-cookies\/\" target=\"_blank\" rel=\"noreferrer noopener\">ici<\/a><strong>.<\/strong><\/p>\n\n\n\n<h2 class=\"wp-block-heading\">9. Quels sont vos droits et comment pouvez-vous les exercer ?<\/h2>\n\n\n\n<p>Si vous avez des questions sur vos droits ou souhaitez les exercer, veuillez nous contacter. Veuillez noter que nous devrons vous identifier en tant que propri\u00e9taire des donn\u00e9es afin de pouvoir r\u00e9pondre \u00e0 vos demandes en toute s\u00e9curit\u00e9 et en toute l\u00e9gitimit\u00e9.<\/p>\n\n\n\n<p><strong><strong>Vos droits<\/strong><\/strong><\/p>\n\n\n\n<ul class=\"wp-block-list\">\n<li>Droit d\u2019acc\u00e8s aux donn\u00e9es personnelles \u2013 vous avez le droit d\u2019\u00eatre inform\u00e9 sur notre traitement des donn\u00e9es et de demander une copie de vos donn\u00e9es personnelles.<\/li>\n\n\n\n<li>Droit de rectification des donn\u00e9es personnelles \u2013 vous pouvez demander de corriger les informations vous concernant si elles sont inexactes ou obsol\u00e8tes.<\/li>\n\n\n\n<li>Droit \u00e0 la portabilit\u00e9 des donn\u00e9es \u2013 vous avez la possibilit\u00e9 d\u2019obtenir et de r\u00e9utiliser les donn\u00e9es personnelles que vous nous avez fournies. Nous pouvons fournir un ensemble s\u00e9lectionn\u00e9 de donn\u00e9es livr\u00e9es dans un format lisible par machine lorsque le traitement est bas\u00e9 sur un contrat ou un consentement.<\/li>\n\n\n\n<li>Droit \u00e0 l\u2019effacement \u2013 vous avez le droit de demander la suppression de vos donn\u00e9es personnelles s\u2019il n\u2019existe plus de base l\u00e9gale pour leur traitement ou si celui-ci est fond\u00e9 sur votre consentement et que celui-ci a \u00e9t\u00e9 retir\u00e9. Les donn\u00e9es ne seront pas supprim\u00e9es uniquement si leur conservation est requise par la l\u00e9gislation en vigueur (par exemple, pour des obligations comptables ou juridiques).<\/li>\n\n\n\n<li>Le droit de retirer votre consentement \u2013 si vous avez donn\u00e9 votre consentement au traitement des donn\u00e9es, vous avez toujours le droit de le retirer.<\/li>\n\n\n\n<li>Droit de vous opposer au traitement \u2013 vous avez le droit de vous opposer au traitement de vos donn\u00e9es personnelles pour nos int\u00e9r\u00eats l\u00e9gitimes, tels que le d\u00e9veloppement de nos produits et services et \u00e0 d\u2019autres fins d\u00e9crites ci-dessus. JELGAVAS TIPOGR\u0100FIJA peut rejeter votre demande s&rsquo;il existe une raison l\u00e9gitime de poursuivre le traitement.<\/li>\n\n\n\n<li>Droit de restreindre le traitement \u2013 comme pour la suppression des donn\u00e9es, vous avez le droit de restreindre le traitement de vos donn\u00e9es si cela n\u2019est pas n\u00e9cessaire \u00e0 la poursuite d\u2019int\u00e9r\u00eats l\u00e9gitimes.<\/li>\n\n\n\n<li>D\u00e9sinscription des communications marketing \u00e9lectroniques et des enqu\u00eates clients \u2013 si vous ne souhaitez plus recevoir d&rsquo;actualit\u00e9s ni de messages marketing de la part de JELGAVAS TIPOGR\u0100FIJA, veuillez envoyer le message \u201cSTOP MARKETING TO : [votre adresse e-mail]\u201c \u00e0 notre adresse e-mail jt@jt.lv.<\/li>\n\n\n\n<li>Gestion des cookies et d\u00e9sactivation de la publicit\u00e9 cibl\u00e9e en ligne \u2013 si vous souhaitez g\u00e9rer les cookies sur nos sites web ou d\u00e9sactiver la publicit\u00e9 cibl\u00e9e en ligne, veuillez utiliser les liens fournis dans notre politique en mati\u00e8re de cookies.<\/li>\n<\/ul>\n\n\n\n<p><strong><strong>Comment d\u00e9poser une plainte?<\/strong><\/strong><br>Si vous avez des objections au traitement de vos donn\u00e9es, veuillez nous contacter.<\/p>\n\n\n\n<p>Si nous n\u2019avons pas trouv\u00e9 de solution commune, vous avez le droit de d\u00e9poser une plainte aupr\u00e8s d\u2019une autorit\u00e9 de contr\u00f4le. Si vous pensez que nous violons les lois r\u00e9gissant la protection des donn\u00e9es personnelles en traitant vos donn\u00e9es personnelles, vous avez le droit de d\u00e9poser une plainte aupr\u00e8s de l&rsquo;Inspection nationale des donn\u00e9es, Blauma\u0146a iela 11\/13-15, Riga, LV-1010, <a href=\"https:\/\/www.dvi.gov.lv\/\">https:\/\/www.dvi.gov.lv\/<\/a>.<\/p>\n\n\n\n<h2 class=\"wp-block-heading\">10. Modifications de la politique de confidentialit\u00e9<\/h2>\n\n\n\n<p>Nous nous r\u00e9servons le droit de modifier et de compl\u00e9ter unilat\u00e9ralement la politique de confidentialit\u00e9 sans pr\u00e9avis et \u00e0 tout moment. La version actuelle de la politique de confidentialit\u00e9 est disponible sur le site web www.jt.lv.<\/p>\n\n\n\n<p>Si vous avez des questions ou objections concernant cette politique de confidentialit\u00e9, veuillez nous contacter par e-mail \u00e0 l\u2019adresse jt@jt.lv ou par t\u00e9l\u00e9phone au +371 63 024 501.<\/p>\n","protected":false},"excerpt":{"rendered":"<p>Nous nous soucions de la confidentialit\u00e9 de nos clients et partenaires. Pour continuer \u00e0 fonctionner avec succ\u00e8s, nous devons collecter, traiter et stocker des donn\u00e9es personnelles \u00e0 diverses fins. La d\u00e9finition des objectifs est claire, l\u00e9gitime et avec une base l\u00e9gale. SIA JELGAVAS TIPOGR\u0100FIJA s&rsquo;engage \u00e0 prendre soin de vos donn\u00e9es et \u00e0 les collecter, [&hellip;]<\/p>\n","protected":false},"author":1,"featured_media":0,"parent":0,"menu_order":58,"comment_status":"closed","ping_status":"open","template":"","meta":{"_acf_changed":false,"inline_featured_image":false,"footnotes":""},"class_list":["post-6607","page","type-page","status-publish","hentry"],"acf":[],"yoast_head":"<!-- This site is optimized with the Yoast SEO plugin v27.4 - https:\/\/yoast.com\/product\/yoast-seo-wordpress\/ -->\n<title>Politique de confidentialit\u00e9 - Jelgavas tipogr\u0101fija<\/title>\n<meta name=\"robots\" content=\"index, follow, max-snippet:-1, max-image-preview:large, max-video-preview:-1\" \/>\n<link rel=\"canonical\" href=\"https:\/\/jt.lv\/fr\/politique-de-confidentialite\/\" \/>\n<meta property=\"og:locale\" content=\"fr_FR\" \/>\n<meta property=\"og:type\" content=\"article\" \/>\n<meta property=\"og:title\" content=\"Politique de confidentialit\u00e9 - Jelgavas tipogr\u0101fija\" \/>\n<meta property=\"og:description\" content=\"Nous nous soucions de la confidentialit\u00e9 de nos clients et partenaires. Pour continuer \u00e0 fonctionner avec succ\u00e8s, nous devons collecter, traiter et stocker des donn\u00e9es personnelles \u00e0 diverses fins. La d\u00e9finition des objectifs est claire, l\u00e9gitime et avec une base l\u00e9gale. SIA JELGAVAS TIPOGR\u0100FIJA s&rsquo;engage \u00e0 prendre soin de vos donn\u00e9es et \u00e0 les collecter, [&hellip;]\" \/>\n<meta property=\"og:url\" content=\"https:\/\/jt.lv\/fr\/politique-de-confidentialite\/\" \/>\n<meta property=\"og:site_name\" content=\"Jelgavas tipogr\u0101fija\" \/>\n<meta property=\"article:modified_time\" content=\"2025-07-01T10:53:44+00:00\" \/>\n<meta property=\"og:image\" content=\"https:\/\/jt.lv\/wp-content\/uploads\/2025\/06\/site-image.png\" \/>\n\t<meta property=\"og:image:width\" content=\"1200\" \/>\n\t<meta property=\"og:image:height\" content=\"675\" \/>\n\t<meta property=\"og:image:type\" content=\"image\/png\" \/>\n<meta name=\"twitter:card\" content=\"summary_large_image\" \/>\n<meta name=\"twitter:label1\" content=\"Est. reading time\" \/>\n\t<meta name=\"twitter:data1\" content=\"9 minutes\" \/>\n<script type=\"application\/ld+json\" class=\"yoast-schema-graph\">{\"@context\":\"https:\\\/\\\/schema.org\",\"@graph\":[{\"@type\":\"WebPage\",\"@id\":\"https:\\\/\\\/jt.lv\\\/fr\\\/politique-de-confidentialite\\\/\",\"url\":\"https:\\\/\\\/jt.lv\\\/fr\\\/politique-de-confidentialite\\\/\",\"name\":\"Politique de confidentialit\u00e9 - Jelgavas tipogr\u0101fija\",\"isPartOf\":{\"@id\":\"http:\\\/\\\/jt.lv\\\/fr\\\/#website\"},\"datePublished\":\"2023-07-26T03:38:45+00:00\",\"dateModified\":\"2025-07-01T10:53:44+00:00\",\"breadcrumb\":{\"@id\":\"https:\\\/\\\/jt.lv\\\/fr\\\/politique-de-confidentialite\\\/#breadcrumb\"},\"inLanguage\":\"fr-FR\",\"potentialAction\":[{\"@type\":\"ReadAction\",\"target\":[\"https:\\\/\\\/jt.lv\\\/fr\\\/politique-de-confidentialite\\\/\"]}]},{\"@type\":\"BreadcrumbList\",\"@id\":\"https:\\\/\\\/jt.lv\\\/fr\\\/politique-de-confidentialite\\\/#breadcrumb\",\"itemListElement\":[{\"@type\":\"ListItem\",\"position\":1,\"name\":\"Home\",\"item\":\"https:\\\/\\\/jt.lv\\\/fr\\\/\"},{\"@type\":\"ListItem\",\"position\":2,\"name\":\"Politique de confidentialit\u00e9\"}]},{\"@type\":\"WebSite\",\"@id\":\"http:\\\/\\\/jt.lv\\\/fr\\\/#website\",\"url\":\"http:\\\/\\\/jt.lv\\\/fr\\\/\",\"name\":\"Jelgavas tipogr\u0101fija\",\"description\":\"M\u0113s ra\u017eojam gr\u0101matas.\",\"publisher\":{\"@id\":\"http:\\\/\\\/jt.lv\\\/fr\\\/#organization\"},\"potentialAction\":[{\"@type\":\"SearchAction\",\"target\":{\"@type\":\"EntryPoint\",\"urlTemplate\":\"http:\\\/\\\/jt.lv\\\/fr\\\/?s={search_term_string}\"},\"query-input\":{\"@type\":\"PropertyValueSpecification\",\"valueRequired\":true,\"valueName\":\"search_term_string\"}}],\"inLanguage\":\"fr-FR\"},{\"@type\":\"Organization\",\"@id\":\"http:\\\/\\\/jt.lv\\\/fr\\\/#organization\",\"name\":\"Jelgavas tipogr\u0101fija\",\"url\":\"http:\\\/\\\/jt.lv\\\/fr\\\/\",\"logo\":{\"@type\":\"ImageObject\",\"inLanguage\":\"fr-FR\",\"@id\":\"http:\\\/\\\/jt.lv\\\/fr\\\/#\\\/schema\\\/logo\\\/image\\\/\",\"url\":\"https:\\\/\\\/jt.lv\\\/wp-content\\\/uploads\\\/2025\\\/06\\\/jt-logo.png\",\"contentUrl\":\"https:\\\/\\\/jt.lv\\\/wp-content\\\/uploads\\\/2025\\\/06\\\/jt-logo.png\",\"width\":696,\"height\":696,\"caption\":\"Jelgavas tipogr\u0101fija\"},\"image\":{\"@id\":\"http:\\\/\\\/jt.lv\\\/fr\\\/#\\\/schema\\\/logo\\\/image\\\/\"}}]}<\/script>\n<!-- \/ Yoast SEO plugin. -->","yoast_head_json":{"title":"Politique de confidentialit\u00e9 - Jelgavas tipogr\u0101fija","robots":{"index":"index","follow":"follow","max-snippet":"max-snippet:-1","max-image-preview":"max-image-preview:large","max-video-preview":"max-video-preview:-1"},"canonical":"https:\/\/jt.lv\/fr\/politique-de-confidentialite\/","og_locale":"fr_FR","og_type":"article","og_title":"Politique de confidentialit\u00e9 - Jelgavas tipogr\u0101fija","og_description":"Nous nous soucions de la confidentialit\u00e9 de nos clients et partenaires. Pour continuer \u00e0 fonctionner avec succ\u00e8s, nous devons collecter, traiter et stocker des donn\u00e9es personnelles \u00e0 diverses fins. La d\u00e9finition des objectifs est claire, l\u00e9gitime et avec une base l\u00e9gale. SIA JELGAVAS TIPOGR\u0100FIJA s&rsquo;engage \u00e0 prendre soin de vos donn\u00e9es et \u00e0 les collecter, [&hellip;]","og_url":"https:\/\/jt.lv\/fr\/politique-de-confidentialite\/","og_site_name":"Jelgavas tipogr\u0101fija","article_modified_time":"2025-07-01T10:53:44+00:00","og_image":[{"width":1200,"height":675,"url":"https:\/\/jt.lv\/wp-content\/uploads\/2025\/06\/site-image.png","type":"image\/png"}],"twitter_card":"summary_large_image","twitter_misc":{"Est. reading time":"9 minutes"},"schema":{"@context":"https:\/\/schema.org","@graph":[{"@type":"WebPage","@id":"https:\/\/jt.lv\/fr\/politique-de-confidentialite\/","url":"https:\/\/jt.lv\/fr\/politique-de-confidentialite\/","name":"Politique de confidentialit\u00e9 - Jelgavas tipogr\u0101fija","isPartOf":{"@id":"http:\/\/jt.lv\/fr\/#website"},"datePublished":"2023-07-26T03:38:45+00:00","dateModified":"2025-07-01T10:53:44+00:00","breadcrumb":{"@id":"https:\/\/jt.lv\/fr\/politique-de-confidentialite\/#breadcrumb"},"inLanguage":"fr-FR","potentialAction":[{"@type":"ReadAction","target":["https:\/\/jt.lv\/fr\/politique-de-confidentialite\/"]}]},{"@type":"BreadcrumbList","@id":"https:\/\/jt.lv\/fr\/politique-de-confidentialite\/#breadcrumb","itemListElement":[{"@type":"ListItem","position":1,"name":"Home","item":"https:\/\/jt.lv\/fr\/"},{"@type":"ListItem","position":2,"name":"Politique de confidentialit\u00e9"}]},{"@type":"WebSite","@id":"http:\/\/jt.lv\/fr\/#website","url":"http:\/\/jt.lv\/fr\/","name":"Jelgavas tipogr\u0101fija","description":"M\u0113s ra\u017eojam gr\u0101matas.","publisher":{"@id":"http:\/\/jt.lv\/fr\/#organization"},"potentialAction":[{"@type":"SearchAction","target":{"@type":"EntryPoint","urlTemplate":"http:\/\/jt.lv\/fr\/?s={search_term_string}"},"query-input":{"@type":"PropertyValueSpecification","valueRequired":true,"valueName":"search_term_string"}}],"inLanguage":"fr-FR"},{"@type":"Organization","@id":"http:\/\/jt.lv\/fr\/#organization","name":"Jelgavas tipogr\u0101fija","url":"http:\/\/jt.lv\/fr\/","logo":{"@type":"ImageObject","inLanguage":"fr-FR","@id":"http:\/\/jt.lv\/fr\/#\/schema\/logo\/image\/","url":"https:\/\/jt.lv\/wp-content\/uploads\/2025\/06\/jt-logo.png","contentUrl":"https:\/\/jt.lv\/wp-content\/uploads\/2025\/06\/jt-logo.png","width":696,"height":696,"caption":"Jelgavas tipogr\u0101fija"},"image":{"@id":"http:\/\/jt.lv\/fr\/#\/schema\/logo\/image\/"}}]}},"_links":{"self":[{"href":"https:\/\/jt.lv\/fr\/wp-json\/wp\/v2\/pages\/6607","targetHints":{"allow":["GET"]}}],"collection":[{"href":"https:\/\/jt.lv\/fr\/wp-json\/wp\/v2\/pages"}],"about":[{"href":"https:\/\/jt.lv\/fr\/wp-json\/wp\/v2\/types\/page"}],"author":[{"embeddable":true,"href":"https:\/\/jt.lv\/fr\/wp-json\/wp\/v2\/users\/1"}],"replies":[{"embeddable":true,"href":"https:\/\/jt.lv\/fr\/wp-json\/wp\/v2\/comments?post=6607"}],"version-history":[{"count":8,"href":"https:\/\/jt.lv\/fr\/wp-json\/wp\/v2\/pages\/6607\/revisions"}],"predecessor-version":[{"id":8242,"href":"https:\/\/jt.lv\/fr\/wp-json\/wp\/v2\/pages\/6607\/revisions\/8242"}],"wp:attachment":[{"href":"https:\/\/jt.lv\/fr\/wp-json\/wp\/v2\/media?parent=6607"}],"curies":[{"name":"wp","href":"https:\/\/api.w.org\/{rel}","templated":true}]}}