{"id":6605,"date":"2024-01-18T12:16:46","date_gmt":"2024-01-18T10:16:46","guid":{"rendered":"https:\/\/jt.lv\/sikdatnu-politika\/"},"modified":"2025-01-22T10:09:11","modified_gmt":"2025-01-22T10:09:11","slug":"politique-en-matiere-de-cookies","status":"publish","type":"page","link":"https:\/\/jt.lv\/fr\/politique-en-matiere-de-cookies\/","title":{"rendered":"Politique en mati\u00e8re de cookies"},"content":{"rendered":"\n<p>Le site <a href=\"http:\/\/www.jt.lv\">www.jt.lv<\/a> utilise des cookies pour personnaliser le contenu et les publicit\u00e9s, assurer des fonctionnalit\u00e9s de m\u00e9dias sociaux et analyser les flux de donn\u00e9es du site web.<\/p>\n\n\n\n<p>Nous utilisons des cookies et d&rsquo;autres technologies similaires qui collectent et stockent des informations sur votre historique de navigation. Les cookies sont de petits fichiers texte qui sont stock\u00e9s sur l&rsquo;appareil d&rsquo;un utilisateur. D\u2019autres technologies comparables incluent, par exemple, <em>JavaScript<\/em>, les identificateurs mobiles, les <em>web beacons<\/em>, etc.<\/p>\n\n\n\n<h2 class=\"wp-block-heading\">Gestion des cookies<\/h2>\n\n\n\n<p>Votre navigateur internet vous permet de g\u00e9rer et de d\u00e9sactiver l&rsquo;utilisation des cookies. Pour plus d&rsquo;informations sur la fa\u00e7on de g\u00e9rer ou de d\u00e9sactiver les cookies dans votre navigateur, veuillez utiliser les liens ci-dessous ou ouvrir le menu \u201cAide\u201c du navigateur que vous utilisez.<\/p>\n\n\n\n<p><a href=\"https:\/\/support.microsoft.com\/en-gb\/help\/17442\/windows-internet-explorer-delete-manage-cookies\" target=\"_blank\" rel=\"noreferrer noopener\">Param\u00e8tres des cookies pour le navigateur Internet Explorer<\/a><br><a href=\"https:\/\/support.microsoft.com\/en-us\/windows\/microsoft-edge-browsing-data-and-privacy-bb8174ba-9d73-dcf2-9b4a-c582b4e640dd\" target=\"_blank\" rel=\"noreferrer noopener\">Param\u00e8tres des cookies pour le navigateur Microsoft Edge<\/a><br><a href=\"https:\/\/support.mozilla.org\/en-US\/products\/firefox\/protect-your-privacy\/cookies\" target=\"_blank\" rel=\"noreferrer noopener\">Param\u00e8tres des cookies pour le navigateur Firefox<\/a><br><a href=\"https:\/\/support.google.com\/chrome\/answer\/95647?hl=en\" target=\"_blank\" rel=\"noreferrer noopener\">Param\u00e8tres des cookies pour le navigateur Chrome<\/a><br><a href=\"https:\/\/support.apple.com\/en-gb\/guide\/safari\/sfri11471\/mac\" target=\"_blank\" rel=\"noreferrer noopener\">Param\u00e8tres des cookies pour le navigateur Safari<\/a><br><a href=\"https:\/\/help.opera.com\/en\/latest\/web-preferences\/\" target=\"_blank\" rel=\"noreferrer noopener\">Param\u00e8tres des cookies pour le navigateur Opera<\/a><\/p>\n\n\n\n<p>Pour plus d&rsquo;informations sur les autres navigateurs, visitez le site web du d\u00e9veloppeur du navigateur.<\/p>\n\n\n\n<p>Pour d\u00e9sactiver le suivi de <em>Google Analytics<\/em> sur tous les sites web, visitez <a href=\"https:\/\/tools.google.com\/dlpage\/gaoptout\" target=\"_blank\" rel=\"noreferrer noopener\">http:\/\/tools.google.com\/dlpage\/gaoptout<\/a>.<\/p>\n\n\n\n<p>Vous avez la possibilit\u00e9 de modifier la liste des cookies utilis\u00e9s.<\/p>\n\n\n\n<h2 class=\"wp-block-heading\">Types de cookies<\/h2>\n\n\n\n<h3 class=\"wp-block-heading\">Cookies obligatoires<\/h3>\n\n\n\n<p>Ces cookies sont n\u00e9cessaires pour assurer la fonctionnalit\u00e9 du site web et ne peuvent pas \u00eatre d\u00e9sactiv\u00e9s. Ils migrent dans vos appareils conform\u00e9ment aux exigences l\u00e9gales. Les cookies obligatoires ne sont utilis\u00e9s qu&rsquo;en r\u00e9ponse aux actions que vous entreprenez et qui aboutissent \u00e0 une demande de service, telles que la d\u00e9finition de vos pr\u00e9f\u00e9rences de confidentialit\u00e9 ou l&rsquo;utilisation de formulaires d&rsquo;inscription ou de soumission d&rsquo;informations. Si ces cookies sont d\u00e9sactiv\u00e9s, le site web risque de ne pas fonctionner correctement. Ils ne contiennent pas de donn\u00e9es permettant de vous identifier directement.<\/p>\n\n\n\n<h3 class=\"wp-block-heading\">Cookies d&rsquo;am\u00e9lioration des performances ou cookies statistiques<\/h3>\n\n\n\n<p>Ces cookies nous permettent de collecter des informations sur le nombre de visites sur notre site web et l&rsquo;origine des flux afin que nous puissions am\u00e9liorer le fonctionnement, la conception et la fonctionnalit\u00e9 du site web. Gr\u00e2ce \u00e0 ces cookies, nous obtenons des informations sur les sections les plus populaires et les moins populaires de notre site web et sur la mani\u00e8re dont les visiteurs du site web naviguent sur notre site web. Ces cookies peuvent \u00eatre plac\u00e9s par nous, ainsi que par des tiers \u2013 fournisseurs de ce service. Si vous choisissez de d\u00e9sactiver l&rsquo;utilisation de ces cookies, nous n&rsquo;obtiendrons pas ces informations ou les informations seront consid\u00e9rablement limit\u00e9es, nous emp\u00eachant ainsi de comprendre les habitudes des utilisateurs du site web et d&rsquo;am\u00e9liorer le site web.<\/p>\n\n\n\n<h3 class=\"wp-block-heading\">Cookies fonctionnels<\/h3>\n\n\n\n<p>Ces cookies aident \u00e0 am\u00e9liorer la fonctionnalit\u00e9 du site web et \u00e0 personnaliser son contenu. Ces cookies peuvent \u00eatre plac\u00e9s par nous, ainsi que par des tiers \u2013 fournisseurs de ces services. Si vous choisissez de d\u00e9sactiver ces cookies, la fonctionnalit\u00e9 du site web peut \u00eatre alt\u00e9r\u00e9e et le contenu que vous voyez peut ne pas \u00eatre personnalis\u00e9.<\/p>\n\n\n\n<h3 class=\"wp-block-heading\">Cookies marketing<\/h3>\n\n\n\n<p>Des cookies marketing peuvent \u00eatre plac\u00e9s par nous, ainsi que par des tiers \u2013 fournisseurs de ce service. Le but des cookies est de cr\u00e9er un profil de vos int\u00e9r\u00eats et de vous proposer des publicit\u00e9s pertinentes \u00e0 vos int\u00e9r\u00eats, qui sont plac\u00e9es sur d&rsquo;autres sites web. Ces cookies ne stockent pas directement de donn\u00e9es personnelles compl\u00e8tes et d\u00e9taill\u00e9es vous concernant, mais sont bas\u00e9s sur une identification unique du navigateur et de l&rsquo;appareil, ce qui est consid\u00e9r\u00e9 comme le traitement de donn\u00e9es personnelles. Si vous d\u00e9sactivez les cookies marketing, vous recevrez moins de publicit\u00e9s personnalis\u00e9es.<\/p>\n\n\n\n<h3 class=\"wp-block-heading\">Cookies des r\u00e9seaux sociaux<\/h3>\n\n\n\n<p>Les services de m\u00e9dias sociaux utilisent des cookies de m\u00e9dias sociaux pour reconna\u00eetre les utilisateurs et, en cons\u00e9quence, par exemple, partager certains articles en cliquant sur le menu. Ces cookies peuvent suivre les sites web que vous consultez et cr\u00e9er un profil de vos int\u00e9r\u00eats. Les cookies des r\u00e9seaux sociaux peuvent influencer le contenu et les notifications que vous voyez sur les autres sites web que vous visitez (tels que les publicit\u00e9s pour notre site web et\/ou nos produits\/services). Si ces cookies sont d\u00e9sactiv\u00e9s, vous ne pourrez pas partager certains contenus du site.<\/p>\n\n\n\n<h3 class=\"wp-block-heading\">Les cookies peuvent \u00e9galement \u00eatre class\u00e9s non seulement en fonction des finalit\u00e9s mentionn\u00e9es ci-dessus, mais \u00e9galement en fonction de la dur\u00e9e d&rsquo;utilisation<\/h3>\n\n\n\n<ul class=\"wp-block-list\">\n<li>Un <strong>cookie de session<\/strong> est utilis\u00e9 chaque fois que vous visitez notre site web. Nous utilisons ces types de cookies pour lier vos activit\u00e9s sur notre site web, et chaque cookie de session n&rsquo;existera que pendant la dur\u00e9e de votre session de navigation, \u00e0 la fin de laquelle le cookie expirera \u00e9galement. Chaque session de navigateur commence lorsque vous ouvrez la fen\u00eatre du navigateur et se termine lorsque vous la fermez. Une fois votre visite sur notre site web termin\u00e9e, tous les cookies de session sont automatiquement supprim\u00e9s.<\/li>\n\n\n\n<li>Un <strong>cookie traceur<\/strong> nous permet de m\u00e9moriser vos param\u00e8tres ou vos actions sur un site web. Sa dur\u00e9e de vie est plus longue que celle d\u2019un cookie de session, mais diff\u00e9rente pour chacun. En effet, les cookies traceurs ne sont pas automatiquement supprim\u00e9s \u00e0 la fin de la session, mais sont d\u00e9sactiv\u00e9s pendant un certain temps pendant que la session est inactive. Il sera activ\u00e9 \u00e0 chaque fois que vous visiterez le site web qui a cr\u00e9\u00e9 ce cookie traceur particulier.<\/li>\n<\/ul>\n\n\n\n<h3 class=\"wp-block-heading\">Les cookies diff\u00e8rent \u00e9galement par leur origine<\/h3>\n\n\n\n<ul class=\"wp-block-list\">\n<li>Les <strong>cookies propres<\/strong> sont cr\u00e9\u00e9s par nous ou par nos prestataires de services autoris\u00e9s en notre nom. Ces cookies contribuent \u00e0 offrir une meilleure exp\u00e9rience de navigation. Les cookies sont capables de m\u00e9moriser des informations cl\u00e9s, telles que votre nom d&rsquo;utilisateur et vos param\u00e8tres de langue. Ils ne sont actifs que lors d&rsquo;une visite sur le site.<\/li>\n\n\n\n<li>Les <strong>cookies de tiers<\/strong> sont cr\u00e9\u00e9s et\/ou plac\u00e9s par d\u2019autres fournisseurs de produits\/services. Nous utilisons parfois de tels cookies ou d&rsquo;autres m\u00e9canismes de suivi en incluant des produits tiers sur notre site web pour collecter des registres d&rsquo;activit\u00e9 et des donn\u00e9es dont nous avons besoin \u00e0 des fins de marketing, offrant ainsi une fonctionnalit\u00e9 de partage social. Dans ce cas, des tiers re\u00e7oivent \u00e9galement des informations provenant de ces cookies ou d&rsquo;autres m\u00e9canismes de suivi et peuvent utiliser les donn\u00e9es collect\u00e9es \u00e0 leurs propres fins, qui sont d\u00e9crites dans leurs politiques de confidentialit\u00e9. Nous vous recommandons de consulter la politique de confidentialit\u00e9 de chacun de nos tiers. Par exemple, nous utilisons <em>Google Analytics<\/em>, et vous pouvez trouver plus d\u2019informations dans la section \u201cComment Google a utilis\u00e9 les donn\u00e9es lorsque vous avez visit\u00e9 les sites ou applications de nos partenaires\u201c en cliquant sur ce lien: https:\/\/policies.google.com\/technologies\/partner-sites.<\/li>\n<\/ul>\n\n\n\n<h2 class=\"wp-block-heading\">Cookies utilis\u00e9s par le site www.jt.lv<br><em>!!! j\u0101preciz\u0113 p\u0113c lapas public\u0113\u0161anas<\/em><\/h2>\n\n\n\n<figure class=\"wp-block-table\"><table><tbody><tr><td>_gid<span style=\"font-size:12.0pt;line-height:107%;\nfont-family:&quot;Times New Roman&quot;,serif;mso-fareast-font-family:&quot;Times New Roman&quot;;\nmso-font-kerning:0pt;mso-ligatures:none;mso-ansi-language:LV;mso-fareast-language:\nLV;mso-bidi-language:AR-SA\"><\/span><\/td><td>Cookie de <em>Google Analytics<\/em>. Utilis\u00e9 pour suivre l&rsquo;activit\u00e9 des utilisateurs sur le site web. Les donn\u00e9es sont supprim\u00e9es apr\u00e8s 24 heures.<\/td><\/tr><tr><td>_gat_gtag_[property_id]<\/td><td>Cookie de <em>Google Analytics<\/em>. Utilis\u00e9 pour analyser les habitudes de navigation des visiteurs, les flux, la source et d&rsquo;autres informations. Les donn\u00e9es ne sont pas stock\u00e9es.<\/td><\/tr><tr><td>_gat_UA-XXXXXXXX-X<\/td><td>Cookie de <em>Google Analytics <\/em>pour r\u00e9duire la vitesse de la demande. Stock\u00e9 pendant 1 jour.<\/td><\/tr><tr><td>_ga.<\/td><td>Cookie de <em>Google Analytics<\/em>. Utilis\u00e9 pour suivre l&rsquo;activit\u00e9 des utilisateurs sur le site web. Stock\u00e9 pendant 2 ans.<\/td><\/tr><tr><td>cookie-consent-given<\/td><td>Utilis\u00e9 pour d\u00e9terminer si un visiteur du site web a accept\u00e9 les cookies. Ce cookie est n\u00e9cessaire, pour garantir que le site web est conforme aux conditions de RGPD. Stock\u00e9 pendant 1 an.<\/td><\/tr><tr><td>CookieControl<\/td><td>Cookie n\u00e9cessaire. Stocke le statut de consentement des cookies de l&rsquo;utilisateur. Stock\u00e9 pendant 3 mois.<\/td><\/tr><tr><td>sessionid<\/td><td>Cookie n\u00e9cessaire. Pour que l&rsquo;utilisateur puisse rester connect\u00e9 au service. Supprim\u00e9 lorsque vous fermez le navigateur web.<\/td><\/tr><tr><td>Sentryid<\/td><td>Cookie fonctionnel. Identifie et signale les erreurs d\u00e9tect\u00e9es aux d\u00e9veloppeurs. Stock\u00e9 pendant 1 mois.<\/td><\/tr><tr><td>_ga, _ga_Y3CDQQNDLQ<\/td><td>Cookie de statistiques. Cookie de <em>Google Analytics<\/em>. Enregistre et cr\u00e9e des donn\u00e9es statistiques sur la fa\u00e7on dont l&rsquo;utilisateur utilise le site web. Les informations sont stock\u00e9es de mani\u00e8re anonyme et un num\u00e9ro g\u00e9n\u00e9r\u00e9 al\u00e9atoirement est attribu\u00e9 pour identifier les visiteurs uniques. Stock\u00e9 pendant 13 mois.<\/td><\/tr><tr><td>Sc<\/td><td>Cookie fonctionnel. Identifie et signale les erreurs d\u00e9tect\u00e9es aux d\u00e9veloppeurs. Stock\u00e9 pendant 1 an.<\/td><\/tr><\/tbody><\/table><\/figure>\n\n\n\n<h2 class=\"wp-block-heading\">Qui a acc\u00e8s aux informations collect\u00e9es via les cookies?<\/h2>\n\n\n\n<p>JELGAVAS TIPOGR\u0100FIJA et ses prestataires de services associ\u00e9s peuvent acc\u00e9der aux donn\u00e9es conform\u00e9ment \u00e0 la d\u00e9claration de confidentialit\u00e9 de JELGAVAS TIPOGR\u0100FIJA. Les services tiers et les plugins sociaux peuvent collecter des donn\u00e9es sur la visite de l&rsquo;utilisateur conform\u00e9ment \u00e0 leurs politiques de confidentialit\u00e9 en vigueur.<\/p>\n\n\n\n<h2 class=\"wp-block-heading\">Informations de contact<\/h2>\n\n\n\n<p>JELGAVAS TIPOGR\u0100FIJA est le responsable des cookies et autres ensembles de donn\u00e9es similaires.<br>Si vous avez des questions sur notre politique en mati\u00e8re de cookies, veuillez nous contacter:<\/p>\n\n\n\n<ul class=\"wp-block-list\">\n<li>adresse \u00e9lectronique:<strong>\u00a0<\/strong>jt@jt.lv<\/li>\n\n\n\n<li>num\u00e9ro de t\u00e9l\u00e9phone:<strong> <\/strong>+371 63 024 501<\/li>\n<\/ul>\n","protected":false},"excerpt":{"rendered":"<p>Le site www.jt.lv utilise des cookies pour personnaliser le contenu et les publicit\u00e9s, assurer des fonctionnalit\u00e9s de m\u00e9dias sociaux et analyser les flux de donn\u00e9es du site web. Nous utilisons des cookies et d&rsquo;autres technologies similaires qui collectent et stockent des informations sur votre historique de navigation. Les cookies sont de petits fichiers texte qui [&hellip;]<\/p>\n","protected":false},"author":1,"featured_media":0,"parent":0,"menu_order":62,"comment_status":"closed","ping_status":"closed","template":"","meta":{"_acf_changed":false,"inline_featured_image":false,"footnotes":""},"class_list":["post-6605","page","type-page","status-publish","hentry"],"acf":[],"yoast_head":"<!-- This site is optimized with the Yoast SEO plugin v27.4 - https:\/\/yoast.com\/product\/yoast-seo-wordpress\/ -->\n<title>Politique en mati\u00e8re de cookies - Jelgavas tipogr\u0101fija<\/title>\n<meta name=\"robots\" content=\"index, follow, max-snippet:-1, max-image-preview:large, max-video-preview:-1\" \/>\n<link rel=\"canonical\" href=\"https:\/\/jt.lv\/fr\/politique-en-matiere-de-cookies\/\" \/>\n<meta property=\"og:locale\" content=\"fr_FR\" \/>\n<meta property=\"og:type\" content=\"article\" \/>\n<meta property=\"og:title\" content=\"Politique en mati\u00e8re de cookies - Jelgavas tipogr\u0101fija\" \/>\n<meta property=\"og:description\" content=\"Le site www.jt.lv utilise des cookies pour personnaliser le contenu et les publicit\u00e9s, assurer des fonctionnalit\u00e9s de m\u00e9dias sociaux et analyser les flux de donn\u00e9es du site web. Nous utilisons des cookies et d&rsquo;autres technologies similaires qui collectent et stockent des informations sur votre historique de navigation. Les cookies sont de petits fichiers texte qui [&hellip;]\" \/>\n<meta property=\"og:url\" content=\"https:\/\/jt.lv\/fr\/politique-en-matiere-de-cookies\/\" \/>\n<meta property=\"og:site_name\" content=\"Jelgavas tipogr\u0101fija\" \/>\n<meta property=\"article:modified_time\" content=\"2025-01-22T10:09:11+00:00\" \/>\n<meta property=\"og:image\" content=\"https:\/\/jt.lv\/wp-content\/uploads\/2025\/06\/site-image.png\" \/>\n\t<meta property=\"og:image:width\" content=\"1200\" \/>\n\t<meta property=\"og:image:height\" content=\"675\" \/>\n\t<meta property=\"og:image:type\" content=\"image\/png\" \/>\n<meta name=\"twitter:card\" content=\"summary_large_image\" \/>\n<meta name=\"twitter:label1\" content=\"Est. reading time\" \/>\n\t<meta name=\"twitter:data1\" content=\"8 minutes\" \/>\n<script type=\"application\/ld+json\" class=\"yoast-schema-graph\">{\"@context\":\"https:\\\/\\\/schema.org\",\"@graph\":[{\"@type\":\"WebPage\",\"@id\":\"https:\\\/\\\/jt.lv\\\/fr\\\/politique-en-matiere-de-cookies\\\/\",\"url\":\"https:\\\/\\\/jt.lv\\\/fr\\\/politique-en-matiere-de-cookies\\\/\",\"name\":\"Politique en mati\u00e8re de cookies - Jelgavas tipogr\u0101fija\",\"isPartOf\":{\"@id\":\"http:\\\/\\\/jt.lv\\\/fr\\\/#website\"},\"datePublished\":\"2024-01-18T10:16:46+00:00\",\"dateModified\":\"2025-01-22T10:09:11+00:00\",\"breadcrumb\":{\"@id\":\"https:\\\/\\\/jt.lv\\\/fr\\\/politique-en-matiere-de-cookies\\\/#breadcrumb\"},\"inLanguage\":\"fr-FR\",\"potentialAction\":[{\"@type\":\"ReadAction\",\"target\":[\"https:\\\/\\\/jt.lv\\\/fr\\\/politique-en-matiere-de-cookies\\\/\"]}]},{\"@type\":\"BreadcrumbList\",\"@id\":\"https:\\\/\\\/jt.lv\\\/fr\\\/politique-en-matiere-de-cookies\\\/#breadcrumb\",\"itemListElement\":[{\"@type\":\"ListItem\",\"position\":1,\"name\":\"Home\",\"item\":\"https:\\\/\\\/jt.lv\\\/fr\\\/\"},{\"@type\":\"ListItem\",\"position\":2,\"name\":\"Politique en mati\u00e8re de cookies\"}]},{\"@type\":\"WebSite\",\"@id\":\"http:\\\/\\\/jt.lv\\\/fr\\\/#website\",\"url\":\"http:\\\/\\\/jt.lv\\\/fr\\\/\",\"name\":\"Jelgavas tipogr\u0101fija\",\"description\":\"M\u0113s ra\u017eojam gr\u0101matas.\",\"publisher\":{\"@id\":\"http:\\\/\\\/jt.lv\\\/fr\\\/#organization\"},\"potentialAction\":[{\"@type\":\"SearchAction\",\"target\":{\"@type\":\"EntryPoint\",\"urlTemplate\":\"http:\\\/\\\/jt.lv\\\/fr\\\/?s={search_term_string}\"},\"query-input\":{\"@type\":\"PropertyValueSpecification\",\"valueRequired\":true,\"valueName\":\"search_term_string\"}}],\"inLanguage\":\"fr-FR\"},{\"@type\":\"Organization\",\"@id\":\"http:\\\/\\\/jt.lv\\\/fr\\\/#organization\",\"name\":\"Jelgavas tipogr\u0101fija\",\"url\":\"http:\\\/\\\/jt.lv\\\/fr\\\/\",\"logo\":{\"@type\":\"ImageObject\",\"inLanguage\":\"fr-FR\",\"@id\":\"http:\\\/\\\/jt.lv\\\/fr\\\/#\\\/schema\\\/logo\\\/image\\\/\",\"url\":\"https:\\\/\\\/jt.lv\\\/wp-content\\\/uploads\\\/2025\\\/06\\\/jt-logo.png\",\"contentUrl\":\"https:\\\/\\\/jt.lv\\\/wp-content\\\/uploads\\\/2025\\\/06\\\/jt-logo.png\",\"width\":696,\"height\":696,\"caption\":\"Jelgavas tipogr\u0101fija\"},\"image\":{\"@id\":\"http:\\\/\\\/jt.lv\\\/fr\\\/#\\\/schema\\\/logo\\\/image\\\/\"}}]}<\/script>\n<!-- \/ Yoast SEO plugin. -->","yoast_head_json":{"title":"Politique en mati\u00e8re de cookies - Jelgavas tipogr\u0101fija","robots":{"index":"index","follow":"follow","max-snippet":"max-snippet:-1","max-image-preview":"max-image-preview:large","max-video-preview":"max-video-preview:-1"},"canonical":"https:\/\/jt.lv\/fr\/politique-en-matiere-de-cookies\/","og_locale":"fr_FR","og_type":"article","og_title":"Politique en mati\u00e8re de cookies - Jelgavas tipogr\u0101fija","og_description":"Le site www.jt.lv utilise des cookies pour personnaliser le contenu et les publicit\u00e9s, assurer des fonctionnalit\u00e9s de m\u00e9dias sociaux et analyser les flux de donn\u00e9es du site web. Nous utilisons des cookies et d&rsquo;autres technologies similaires qui collectent et stockent des informations sur votre historique de navigation. Les cookies sont de petits fichiers texte qui [&hellip;]","og_url":"https:\/\/jt.lv\/fr\/politique-en-matiere-de-cookies\/","og_site_name":"Jelgavas tipogr\u0101fija","article_modified_time":"2025-01-22T10:09:11+00:00","og_image":[{"width":1200,"height":675,"url":"https:\/\/jt.lv\/wp-content\/uploads\/2025\/06\/site-image.png","type":"image\/png"}],"twitter_card":"summary_large_image","twitter_misc":{"Est. reading time":"8 minutes"},"schema":{"@context":"https:\/\/schema.org","@graph":[{"@type":"WebPage","@id":"https:\/\/jt.lv\/fr\/politique-en-matiere-de-cookies\/","url":"https:\/\/jt.lv\/fr\/politique-en-matiere-de-cookies\/","name":"Politique en mati\u00e8re de cookies - Jelgavas tipogr\u0101fija","isPartOf":{"@id":"http:\/\/jt.lv\/fr\/#website"},"datePublished":"2024-01-18T10:16:46+00:00","dateModified":"2025-01-22T10:09:11+00:00","breadcrumb":{"@id":"https:\/\/jt.lv\/fr\/politique-en-matiere-de-cookies\/#breadcrumb"},"inLanguage":"fr-FR","potentialAction":[{"@type":"ReadAction","target":["https:\/\/jt.lv\/fr\/politique-en-matiere-de-cookies\/"]}]},{"@type":"BreadcrumbList","@id":"https:\/\/jt.lv\/fr\/politique-en-matiere-de-cookies\/#breadcrumb","itemListElement":[{"@type":"ListItem","position":1,"name":"Home","item":"https:\/\/jt.lv\/fr\/"},{"@type":"ListItem","position":2,"name":"Politique en mati\u00e8re de cookies"}]},{"@type":"WebSite","@id":"http:\/\/jt.lv\/fr\/#website","url":"http:\/\/jt.lv\/fr\/","name":"Jelgavas tipogr\u0101fija","description":"M\u0113s ra\u017eojam gr\u0101matas.","publisher":{"@id":"http:\/\/jt.lv\/fr\/#organization"},"potentialAction":[{"@type":"SearchAction","target":{"@type":"EntryPoint","urlTemplate":"http:\/\/jt.lv\/fr\/?s={search_term_string}"},"query-input":{"@type":"PropertyValueSpecification","valueRequired":true,"valueName":"search_term_string"}}],"inLanguage":"fr-FR"},{"@type":"Organization","@id":"http:\/\/jt.lv\/fr\/#organization","name":"Jelgavas tipogr\u0101fija","url":"http:\/\/jt.lv\/fr\/","logo":{"@type":"ImageObject","inLanguage":"fr-FR","@id":"http:\/\/jt.lv\/fr\/#\/schema\/logo\/image\/","url":"https:\/\/jt.lv\/wp-content\/uploads\/2025\/06\/jt-logo.png","contentUrl":"https:\/\/jt.lv\/wp-content\/uploads\/2025\/06\/jt-logo.png","width":696,"height":696,"caption":"Jelgavas tipogr\u0101fija"},"image":{"@id":"http:\/\/jt.lv\/fr\/#\/schema\/logo\/image\/"}}]}},"_links":{"self":[{"href":"https:\/\/jt.lv\/fr\/wp-json\/wp\/v2\/pages\/6605","targetHints":{"allow":["GET"]}}],"collection":[{"href":"https:\/\/jt.lv\/fr\/wp-json\/wp\/v2\/pages"}],"about":[{"href":"https:\/\/jt.lv\/fr\/wp-json\/wp\/v2\/types\/page"}],"author":[{"embeddable":true,"href":"https:\/\/jt.lv\/fr\/wp-json\/wp\/v2\/users\/1"}],"replies":[{"embeddable":true,"href":"https:\/\/jt.lv\/fr\/wp-json\/wp\/v2\/comments?post=6605"}],"version-history":[{"count":3,"href":"https:\/\/jt.lv\/fr\/wp-json\/wp\/v2\/pages\/6605\/revisions"}],"predecessor-version":[{"id":6615,"href":"https:\/\/jt.lv\/fr\/wp-json\/wp\/v2\/pages\/6605\/revisions\/6615"}],"wp:attachment":[{"href":"https:\/\/jt.lv\/fr\/wp-json\/wp\/v2\/media?parent=6605"}],"curies":[{"name":"wp","href":"https:\/\/api.w.org\/{rel}","templated":true}]}}