{"id":5919,"date":"2023-09-08T11:40:14","date_gmt":"2023-09-08T09:40:14","guid":{"rendered":"https:\/\/jt.lv\/par-mums\/ilgtspeja\/"},"modified":"2025-10-02T10:03:10","modified_gmt":"2025-10-02T08:03:10","slug":"durabilite","status":"publish","type":"page","link":"https:\/\/jt.lv\/fr\/a-propos\/durabilite\/","title":{"rendered":"Durabilit\u00e9"},"content":{"rendered":"\n<figure class=\"wp-block-image size-large\"><img decoding=\"async\" src=\"http:\/\/jt.lv\/wp-content\/uploads\/2023\/09\/Jelgavas-tipografija-vide-ilgtspeja-2-1024x564.jpg\" alt=\"\" class=\"wp-image-975\"\/><\/figure>\n\n\n\n<p>Les questions de durabilit\u00e9 dans les domaines environnemental, de bonne gouvernance et social font parties de l&rsquo;agenda quotidien de JELGAVAS TIPOGR\u0100FIJA. Dans cette section, nous fournissons des informations sur les mesures que nous avons prises, les examens des processus et les am\u00e9liorations qui sont mises en \u0153uvre. Notre objectif en la mati\u00e8re est d\u2019assurer la transparence et une communication responsable avec les clients, les partenaires et le public.<\/p>\n\n\n\n\n\n\t\t\t<h2 id=\"emissions-de-gaz-a-effet-de-serre\">\u00c9missions de gaz \u00e0 effet de serre<\/h2>\t\n\n\n\n\n\n\n\n\n<p>En 2024, l&rsquo;entreprise a g\u00e9n\u00e9r\u00e9 5&rsquo;384 tonnes d&rsquo;\u00e9quivalent CO\u2082 selon la m\u00e9thodologie de calcul ClimateCalc. La majorit\u00e9 de ces \u00e9missions sont dues \u00e0 trois facteurs:<\/p>\n\n\n\n<ul class=\"wp-block-list\">\n<li>l&rsquo;achat de papier comme mati\u00e8re premi\u00e8re, y compris sa production et son transport;<\/li>\n\n\n\n<li>le d\u00e9veloppement des formes d&rsquo;impression, qui comprend leur production, leur livraison et leur pr\u00e9paration technologique pour les travaux d&rsquo;impression;<\/li>\n\n\n\n<li>la livraison des produits finis aux clients.<\/li>\n<\/ul>\n\n\n\n<p>Afin de r\u00e9duire progressivement ces sources d\u2019\u00e9missions, nous avons \u00e9labor\u00e9 un plan d\u2019action pour chacun de ces facteurs. Nous reconnaissons que les solutions durables ne sont pas toujours imm\u00e9diatement r\u00e9alisables ou faciles \u00e0 mettre en \u0153uvre, mais nous pensons que c\u2019est la seule direction \u00e9thiquement acceptable si nous voulons continuer \u00e0 cr\u00e9er un produit dont nous sommes fiers.<\/p>\n\n\n\n<p>Notre objectif n\u2019est pas seulement de r\u00e9duire les \u00e9missions, mais \u00e0 terme de les r\u00e9duire compl\u00e8tement. <\/p>\n\n\n\n\n\n\t\t\t<h2 id=\"energie\">\u00c9nergie<\/h2>\t\n\n\n\n\n\n\n\n\n<h3 class=\"wp-block-heading\">\u00c9nergie \u00e9lectrique<\/h3>\n\n\n\n<p>Le premier d\u00e9cembre 2023, nous avons construit et mis en service notre propre parc de panneaux solaires; avec 914 panneaux install\u00e9s cr\u00e9ant une capacit\u00e9 totale de 502 kW. La quantit\u00e9 d\u2019\u00e9lectricit\u00e9 produite par le parc est capable de fournir 23 \u00e0 24 % de la consommation annuelle totale du site de production.<\/p>\n\n\n\n<p>2024 a \u00e9t\u00e9 la premi\u00e8re ann\u00e9e compl\u00e8te au cours de laquelle l&rsquo;entreprise a exploit\u00e9 un parc de panneaux solaires, qui a produit un total de 486 133 kWh d&rsquo;\u00e9lectricit\u00e9. De cette quantit\u00e9 d&rsquo;\u00e9lectricit\u00e9, 397 765,68 kWh ont \u00e9t\u00e9 consomm\u00e9s pour les besoins du site de production, ce qui repr\u00e9sente 19 % de la consommation totale d&rsquo;\u00e9lectricit\u00e9 dans les processus de production de l&rsquo;entreprise en 2024. L&rsquo;exc\u00e9dent a \u00e9t\u00e9 transf\u00e9r\u00e9 au r\u00e9seau \u00e9lectrique g\u00e9n\u00e9ral.<\/p>\n\n\n\n<p>L&rsquo;entreprise ach\u00e8te la quantit\u00e9 suppl\u00e9mentaire d&rsquo;\u00e9lectricit\u00e9 n\u00e9cessaire \u00e0 la production aupr\u00e8s d\u2019AS \u201cLatvenergo\u201d, poursuivant ainsi la pratique mise en \u0153uvre depuis mai 2021 consistant \u00e0 choisir uniquement de l&rsquo;\u00e9lectricit\u00e9 produite \u00e0 partir de ressources renouvelables.<\/p>\n\n\n\n<p>Nous accordons une grande attention non seulement aux sources d\u2019\u00e9lectricit\u00e9, mais \u00e9galement \u00e0 leur utilisation rationnelle et \u00e9conomique. C&rsquo;est ce que confirme <a href=\"https:\/\/jt.lv\/wp-content\/uploads\/2025\/10\/Jelgavas-tipografija-Energovienoti-sertifikats.pdf\" target=\"_blank\" rel=\"noreferrer noopener\">le label<\/a> de projet \u201cEnergovienoti\u201d (\u201c\u00c9nergie Unifi\u00e9e\u201c) d\u00e9cern\u00e9 par l&rsquo;Institut de protection de l&rsquo;environnement et des syst\u00e8mes de chaleur de la RTU (VASSI) fin 2023.<\/p>\n\n\n\n<h3 class=\"wp-block-heading\">Chauffage<\/h3>\n\n\n\n<p>Le site de production et les bureaux sont chauff\u00e9s par une chaufferie appartenant \u00e0 l&rsquo;entreprise, qui utilise des copeaux de bois, qui sont \u00e9galement une ressource \u00e9nerg\u00e9tique renouvelable. Les mati\u00e8res premi\u00e8res fossiles ne sont pas utilis\u00e9es pour le chauffage et les processus de production.<\/p>\n\n\n\n<h3 class=\"wp-block-heading\">R\u00e9cup\u00e9ration<\/h3>\n\n\n\n<p>Tous les syst\u00e8mes de ventilation de l&rsquo;usine de production sont \u00e9quip\u00e9s d&rsquo;un syst\u00e8me de r\u00e9cup\u00e9ration de chaleur, qui permet de r\u00e9cup\u00e9rer une partie de l&rsquo;\u00e9nergie thermique de l&rsquo;air extrait, garantissant ainsi des \u00e9conomies d&rsquo;\u00e9nergie thermique. Dans le processus de production, l&rsquo;air comprim\u00e9 est utilis\u00e9 pour divers \u00e9quipements, qui est obtenu \u00e0 l&rsquo;aide de compresseurs. L&rsquo;\u00e9nergie thermique g\u00e9n\u00e9r\u00e9e par les compresseurs est r\u00e9cup\u00e9r\u00e9e et inject\u00e9e dans le syst\u00e8me de chauffage commun par voie de r\u00e9cup\u00e9ration.<\/p>\n\n\n\n\n\n\t\t\t<h2 id=\"automatisation-et-numerisation-de-la-production\">Automatisation et num\u00e9risation de la production<\/h2>\t\n\n\n\n\n\n\n\n\n<p>La modernisation des processus de production et le renouvellement constant du parc de l&rsquo;\u00e9quipements constituent un \u00e9l\u00e9ment important de notre politique de durabilit\u00e9.<\/p>\n\n\n\n<p>En compl\u00e9ment des capacit\u00e9s de post-traitement de l&rsquo;entreprise, une machine de vernissage UV num\u00e9rique Duplo avec module d&rsquo;application de feuilles a \u00e9t\u00e9 install\u00e9e fin 2023, r\u00e9duisant ainsi le besoin d&rsquo;externaliser cette \u00e9tape.<\/p>\n\n\n\n<p>En 2024, une nouvelle machine d&rsquo;impression num\u00e9rique, Fujifilm Jet Press 750S, a \u00e9t\u00e9 achet\u00e9e, ce qui permet des travaux en petits tirages plus efficaces, r\u00e9duisant consid\u00e9rablement la quantit\u00e9 de papier utilis\u00e9s, la fabrication des plaques d&rsquo;impression et de d\u00e9chets chimiques.<\/p>\n\n\n\n<p>\u00c0 son tour, en 2025, la mise en \u0153uvre de nouveaux syst\u00e8mes informatiques de production a commenc\u00e9, dans le d\u00e9veloppement desquels l&rsquo;entreprise a investi plusieurs ann\u00e9es, automatisant ainsi davantage les processus de production. Dans le m\u00eame temps, la s\u00e9curit\u00e9 des donn\u00e9es de l\u2019entreprise, des employ\u00e9s et des clients est renforc\u00e9e.<\/p>\n\n\n\n\n\n\t\t\t<h2 id=\"gestion-des-dechets\">Gestion des d\u00e9chets<\/h2>\t\n\n\n\n\n\n\n\n\n<p>Les d\u00e9chets sont une partie in\u00e9vitable du processus de production et la r\u00e9duction de leur volume est la responsabilit\u00e9 de l\u2019entreprise et de chaque employ\u00e9 personnellement. Nous assurons le tri des d\u00e9chets et leur transfert selon les exigences de recyclage ou d&rsquo;\u00e9limination dans le but de r\u00e9duire progressivement la proportion de d\u00e9chets par unit\u00e9 de production. Nous accordons une attention particuli\u00e8re \u00e0 la r\u00e9duction de la quantit\u00e9 de papier usag\u00e9 et de d\u00e9chets mis en d\u00e9charge, et en 2024, par rapport \u00e0 2023, la quantit\u00e9 de d\u00e9chets mis en d\u00e9charge a \u00e9t\u00e9 r\u00e9duite de 52 %.<\/p>\n\n\n\n<p>Au quotidien, nous sensibilisons nos employ\u00e9s \u00e0 l\u2019importance du tri non seulement des d\u00e9chets de production, mais aussi des d\u00e9chets m\u00e9nagers, en leur donnant acc\u00e8s \u00e0 des informations compr\u00e9hensibles, en cr\u00e9ant des conditions de tri pratiques et en encourageant une utilisation responsable des ressources. Nous organisons des visites \u00e9ducatives dans les sites de tri et d\u2019\u00e9limination des d\u00e9chets, invitons des repr\u00e9sentants d\u2019autres entreprises \u00e0 partager leurs exp\u00e9riences et encourageons les employ\u00e9s \u00e0 \u00e9conomiser les ressources et \u00e0 les r\u00e9utiliser chaque fois que possible.<\/p>\n\n\n\n\n\n\t\t\t<h2 id=\"certificats\">Certificats<\/h2>\t\n\n\n\n\n\n\n\n\n<h3 class=\"wp-block-heading\">FSC\u00ae<\/h3>\n\n\n\n<p>Fin 2007, JELGAVAS TIPOGR\u0100FIJA est devenue la premi\u00e8re imprimerie en Lettonie \u00e0 obtenir le <a href=\"https:\/\/jt.lv\/wp-content\/uploads\/2025\/05\/Jelgavas-tipografija-FSC-sertifikats.pdf\" target=\"_blank\" rel=\"noreferrer noopener\">certificat<\/a> de cha\u00eene d&rsquo;approvisionnement FSC\u00ae <em>(Forest Stewardship Council).<\/em> Cela signifie que nos clients ont la possibilit\u00e9 de choisir du papier issu de bois provenant de for\u00eats g\u00e9r\u00e9es durablement pour la production de livres et d\u2019autres imprim\u00e9s. En savoir plus sur le <a href=\"https:\/\/fr.fsc.org\/fr-fr\" target=\"_blank\" rel=\"noreferrer noopener\">site WEB<\/a> du FSC\u00ae.<\/p>\n\n\n\n<h3 class=\"wp-block-heading\">Nordic Swan Ecolabel<\/h3>\n\n\n\n<p>Le <a href=\"https:\/\/www.svanen.se\/en\/product-types\/printing-company\/jelgavas-tipografija-sia\/\" target=\"_blank\" rel=\"noreferrer noopener\">certificat<\/a> <em>Nordic Swan Ecolabel<\/em> certifie un processus de production de produits plus respectueux de l&rsquo;environnement, pr\u00e9servant la nature et consommant moins d&rsquo;\u00e9nergie, ainsi que le processus de production et le produit r\u00e9pondent \u00e0 des exigences environnementales et de qualit\u00e9 strictes. Pour obtenir ce certificat, un certain nombre d\u2019exigences doivent \u00eatre respect\u00e9es, telles que les tests de contenu des mat\u00e9riaux, l\u2019approbation des produits chimiques, la qualit\u00e9 de l\u2019air int\u00e9rieur, le contr\u00f4le des \u00e9missions dans l\u2019air, l\u2019eau et le sol, un programme agr\u00e9\u00e9 de recyclage et d\u2019\u00e9limination des d\u00e9chets, l\u2019\u00e9nergie renouvelable et l\u2019utilisation efficace des ressources. En savoir plus sur le <a href=\"https:\/\/www.nordic-swan-ecolabel.org\/\" target=\"_blank\" rel=\"noreferrer noopener\">site Web<\/a> du <em>Nordic Swan Ecolabel<\/em>.<\/p>\n\n\n\n<h3 class=\"wp-block-heading\">ClimateCalc<\/h3>\n\n\n\n<p>Le <a href=\"https:\/\/jt.lv\/wp-content\/uploads\/2025\/05\/Jelgavas-tipografija-ClimateCalc-sertifikats.pdf\" target=\"_blank\" rel=\"noreferrer noopener\">certificat<\/a> <em>ClimateCalc<\/em>, obtenu pour la premi\u00e8re fois en mai 2022, confirme la conformit\u00e9 de JELGAVAS TIPOGR\u0100FIJA aux exigences d&rsquo;utilisation de la m\u00e9thode de calcul des \u00e9missions de carbone. Le processus de certification est contr\u00f4l\u00e9 par l&rsquo;Association internationale <em>ClimateCalc<\/em> selon la norme \u00e9tablie par l\u2019Association europ\u00e9enne du commerce <em>Intergraf<\/em>, et il s&rsquo;agit de la seule norme internationale pour le calcul des \u00e9missions de carbone dans l&rsquo;industrie de l&rsquo;impression. Pour une imprimerie, la certification <em>ClimateCalc <\/em>signifie voir les \u00e9missions g\u00e9n\u00e9r\u00e9es pendant le processus de production en termes num\u00e9riques et les r\u00e9duire, tandis que le client a la possibilit\u00e9 d&rsquo;\u00e9valuer l&rsquo;impact environnemental potentiel de la commande avant de d\u00e9marrer la production, et de r\u00e9duire et\/ou de compenser cet impact. En savoir plus sur le <a href=\"https:\/\/www.climatecalc.eu\/fr\/\" target=\"_blank\" rel=\"noreferrer noopener\">site Web<\/a> du <em>ClimateCalc<\/em>.<\/p>\n\n\n\n<h3 class=\"wp-block-heading\">Powered by Green<\/h3>\n\n\n\n<p>\u00c0 partir de mai 2021, l&rsquo;imprimerie ach\u00e8te uniquement de l&rsquo;\u00e9lectricit\u00e9 provenant de ressources renouvelables pour les besoins de production. Poursuivant cette pratique, \u00e0 partir du 1er janvier 2024, l&rsquo;\u00e9lectricit\u00e9 verte est achet\u00e9e aupr\u00e8s d\u2019AS \u201cLatvenergo\u201d, ce qui est confirm\u00e9 par le <a href=\"https:\/\/jt.lv\/wp-content\/uploads\/2024\/01\/Jelgavas-tipografija-Elektrum-Powered-by-Green-sertifikats.pdf\" target=\"_blank\" rel=\"noreferrer noopener\">certificat<\/a> <em>Powered by Green<\/em> qui nous est \u00e9mis.<\/p>\n\n\n\n<h3 class=\"wp-block-heading\">Za\u013c\u0101 josta (Ceinture verte)<\/h3>\n\n\n\n<p>Le <a href=\"https:\/\/jt.lv\/wp-content\/uploads\/2024\/01\/Jelgavas-tipografija-Zala-josta-sertifikats.pdf\" target=\"_blank\" rel=\"noreferrer noopener\">label ECO<\/a> \u201cZa\u013c\u0101 josta\u201d (Ceinture verte) est attribu\u00e9 aux entreprises qui ont adh\u00e9r\u00e9 au programme volontaire de gestion des emballages usag\u00e9s ou des produits nocifs pour l&rsquo;environnement de SIA \u201cZa\u013c\u0101 josta\u201d et qui prennent ainsi en charge la collecte, le tri et le recyclage des emballages usag\u00e9s en mati\u00e8res premi\u00e8res secondaires. En obtenant des mati\u00e8res premi\u00e8res secondaires \u00e0 partir d\u2019emballages usag\u00e9s, non seulement les ressources naturelles sont \u00e9conomis\u00e9es, mais la quantit\u00e9 de d\u00e9chets jet\u00e9s dans les d\u00e9charges et les d\u00e9potoirs est \u00e9galement r\u00e9duite. En savoir plus sur le <a href=\"https:\/\/www.zalajosta.lv\/en\/\" target=\"_blank\" rel=\"noreferrer noopener\">site Web<\/a> de \u201cZa\u013c\u0101 josta\u201d.<\/p>\n","protected":false},"excerpt":{"rendered":"<p>Les questions de durabilit\u00e9 dans les domaines environnemental, de bonne gouvernance et social font parties de l&rsquo;agenda quotidien de JELGAVAS TIPOGR\u0100FIJA. Dans cette section, nous fournissons des informations sur les mesures que nous avons prises, les examens des processus et les am\u00e9liorations qui sont mises en \u0153uvre. Notre objectif en la mati\u00e8re est d\u2019assurer la [&hellip;]<\/p>\n","protected":false},"author":1,"featured_media":5921,"parent":5312,"menu_order":23,"comment_status":"closed","ping_status":"closed","template":"","meta":{"_acf_changed":false,"inline_featured_image":false,"footnotes":""},"class_list":["post-5919","page","type-page","status-publish","has-post-thumbnail","hentry"],"acf":[],"yoast_head":"<!-- This site is optimized with the Yoast SEO plugin v27.4 - https:\/\/yoast.com\/product\/yoast-seo-wordpress\/ -->\n<title>Durabilit\u00e9 - Jelgavas tipogr\u0101fija<\/title>\n<meta name=\"robots\" content=\"index, follow, max-snippet:-1, max-image-preview:large, max-video-preview:-1\" \/>\n<link rel=\"canonical\" href=\"https:\/\/jt.lv\/fr\/a-propos\/durabilite\/\" \/>\n<meta property=\"og:locale\" content=\"fr_FR\" \/>\n<meta property=\"og:type\" content=\"article\" \/>\n<meta property=\"og:title\" content=\"Durabilit\u00e9 - Jelgavas tipogr\u0101fija\" \/>\n<meta property=\"og:description\" content=\"Les questions de durabilit\u00e9 dans les domaines environnemental, de bonne gouvernance et social font parties de l&rsquo;agenda quotidien de JELGAVAS TIPOGR\u0100FIJA. Dans cette section, nous fournissons des informations sur les mesures que nous avons prises, les examens des processus et les am\u00e9liorations qui sont mises en \u0153uvre. Notre objectif en la mati\u00e8re est d\u2019assurer la [&hellip;]\" \/>\n<meta property=\"og:url\" content=\"https:\/\/jt.lv\/fr\/a-propos\/durabilite\/\" \/>\n<meta property=\"og:site_name\" content=\"Jelgavas tipogr\u0101fija\" \/>\n<meta property=\"article:modified_time\" content=\"2025-10-02T08:03:10+00:00\" \/>\n<meta property=\"og:image\" content=\"https:\/\/jt.lv\/wp-content\/uploads\/2023\/08\/photo-14.jpg\" \/>\n\t<meta property=\"og:image:width\" content=\"1740\" \/>\n\t<meta property=\"og:image:height\" content=\"750\" \/>\n\t<meta property=\"og:image:type\" content=\"image\/jpeg\" \/>\n<meta name=\"twitter:card\" content=\"summary_large_image\" \/>\n<meta name=\"twitter:label1\" content=\"Est. reading time\" \/>\n\t<meta name=\"twitter:data1\" content=\"8 minutes\" \/>\n<script type=\"application\/ld+json\" class=\"yoast-schema-graph\">{\"@context\":\"https:\\\/\\\/schema.org\",\"@graph\":[{\"@type\":\"WebPage\",\"@id\":\"https:\\\/\\\/jt.lv\\\/fr\\\/a-propos\\\/durabilite\\\/\",\"url\":\"https:\\\/\\\/jt.lv\\\/fr\\\/a-propos\\\/durabilite\\\/\",\"name\":\"Durabilit\u00e9 - Jelgavas tipogr\u0101fija\",\"isPartOf\":{\"@id\":\"http:\\\/\\\/jt.lv\\\/fr\\\/#website\"},\"primaryImageOfPage\":{\"@id\":\"https:\\\/\\\/jt.lv\\\/fr\\\/a-propos\\\/durabilite\\\/#primaryimage\"},\"image\":{\"@id\":\"https:\\\/\\\/jt.lv\\\/fr\\\/a-propos\\\/durabilite\\\/#primaryimage\"},\"thumbnailUrl\":\"https:\\\/\\\/jt.lv\\\/wp-content\\\/uploads\\\/2023\\\/08\\\/photo-14.jpg\",\"datePublished\":\"2023-09-08T09:40:14+00:00\",\"dateModified\":\"2025-10-02T08:03:10+00:00\",\"breadcrumb\":{\"@id\":\"https:\\\/\\\/jt.lv\\\/fr\\\/a-propos\\\/durabilite\\\/#breadcrumb\"},\"inLanguage\":\"fr-FR\",\"potentialAction\":[{\"@type\":\"ReadAction\",\"target\":[\"https:\\\/\\\/jt.lv\\\/fr\\\/a-propos\\\/durabilite\\\/\"]}]},{\"@type\":\"ImageObject\",\"inLanguage\":\"fr-FR\",\"@id\":\"https:\\\/\\\/jt.lv\\\/fr\\\/a-propos\\\/durabilite\\\/#primaryimage\",\"url\":\"https:\\\/\\\/jt.lv\\\/wp-content\\\/uploads\\\/2023\\\/08\\\/photo-14.jpg\",\"contentUrl\":\"https:\\\/\\\/jt.lv\\\/wp-content\\\/uploads\\\/2023\\\/08\\\/photo-14.jpg\",\"width\":1740,\"height\":750},{\"@type\":\"BreadcrumbList\",\"@id\":\"https:\\\/\\\/jt.lv\\\/fr\\\/a-propos\\\/durabilite\\\/#breadcrumb\",\"itemListElement\":[{\"@type\":\"ListItem\",\"position\":1,\"name\":\"Home\",\"item\":\"https:\\\/\\\/jt.lv\\\/fr\\\/\"},{\"@type\":\"ListItem\",\"position\":2,\"name\":\"\u00c0 propos\",\"item\":\"https:\\\/\\\/jt.lv\\\/fr\\\/a-propos\\\/\"},{\"@type\":\"ListItem\",\"position\":3,\"name\":\"Durabilit\u00e9\"}]},{\"@type\":\"WebSite\",\"@id\":\"http:\\\/\\\/jt.lv\\\/fr\\\/#website\",\"url\":\"http:\\\/\\\/jt.lv\\\/fr\\\/\",\"name\":\"Jelgavas tipogr\u0101fija\",\"description\":\"M\u0113s ra\u017eojam gr\u0101matas.\",\"publisher\":{\"@id\":\"http:\\\/\\\/jt.lv\\\/fr\\\/#organization\"},\"potentialAction\":[{\"@type\":\"SearchAction\",\"target\":{\"@type\":\"EntryPoint\",\"urlTemplate\":\"http:\\\/\\\/jt.lv\\\/fr\\\/?s={search_term_string}\"},\"query-input\":{\"@type\":\"PropertyValueSpecification\",\"valueRequired\":true,\"valueName\":\"search_term_string\"}}],\"inLanguage\":\"fr-FR\"},{\"@type\":\"Organization\",\"@id\":\"http:\\\/\\\/jt.lv\\\/fr\\\/#organization\",\"name\":\"Jelgavas tipogr\u0101fija\",\"url\":\"http:\\\/\\\/jt.lv\\\/fr\\\/\",\"logo\":{\"@type\":\"ImageObject\",\"inLanguage\":\"fr-FR\",\"@id\":\"http:\\\/\\\/jt.lv\\\/fr\\\/#\\\/schema\\\/logo\\\/image\\\/\",\"url\":\"https:\\\/\\\/jt.lv\\\/wp-content\\\/uploads\\\/2025\\\/06\\\/jt-logo.png\",\"contentUrl\":\"https:\\\/\\\/jt.lv\\\/wp-content\\\/uploads\\\/2025\\\/06\\\/jt-logo.png\",\"width\":696,\"height\":696,\"caption\":\"Jelgavas tipogr\u0101fija\"},\"image\":{\"@id\":\"http:\\\/\\\/jt.lv\\\/fr\\\/#\\\/schema\\\/logo\\\/image\\\/\"}}]}<\/script>\n<!-- \/ Yoast SEO plugin. -->","yoast_head_json":{"title":"Durabilit\u00e9 - Jelgavas tipogr\u0101fija","robots":{"index":"index","follow":"follow","max-snippet":"max-snippet:-1","max-image-preview":"max-image-preview:large","max-video-preview":"max-video-preview:-1"},"canonical":"https:\/\/jt.lv\/fr\/a-propos\/durabilite\/","og_locale":"fr_FR","og_type":"article","og_title":"Durabilit\u00e9 - Jelgavas tipogr\u0101fija","og_description":"Les questions de durabilit\u00e9 dans les domaines environnemental, de bonne gouvernance et social font parties de l&rsquo;agenda quotidien de JELGAVAS TIPOGR\u0100FIJA. Dans cette section, nous fournissons des informations sur les mesures que nous avons prises, les examens des processus et les am\u00e9liorations qui sont mises en \u0153uvre. Notre objectif en la mati\u00e8re est d\u2019assurer la [&hellip;]","og_url":"https:\/\/jt.lv\/fr\/a-propos\/durabilite\/","og_site_name":"Jelgavas tipogr\u0101fija","article_modified_time":"2025-10-02T08:03:10+00:00","og_image":[{"width":1740,"height":750,"url":"https:\/\/jt.lv\/wp-content\/uploads\/2023\/08\/photo-14.jpg","type":"image\/jpeg"}],"twitter_card":"summary_large_image","twitter_misc":{"Est. reading time":"8 minutes"},"schema":{"@context":"https:\/\/schema.org","@graph":[{"@type":"WebPage","@id":"https:\/\/jt.lv\/fr\/a-propos\/durabilite\/","url":"https:\/\/jt.lv\/fr\/a-propos\/durabilite\/","name":"Durabilit\u00e9 - Jelgavas tipogr\u0101fija","isPartOf":{"@id":"http:\/\/jt.lv\/fr\/#website"},"primaryImageOfPage":{"@id":"https:\/\/jt.lv\/fr\/a-propos\/durabilite\/#primaryimage"},"image":{"@id":"https:\/\/jt.lv\/fr\/a-propos\/durabilite\/#primaryimage"},"thumbnailUrl":"https:\/\/jt.lv\/wp-content\/uploads\/2023\/08\/photo-14.jpg","datePublished":"2023-09-08T09:40:14+00:00","dateModified":"2025-10-02T08:03:10+00:00","breadcrumb":{"@id":"https:\/\/jt.lv\/fr\/a-propos\/durabilite\/#breadcrumb"},"inLanguage":"fr-FR","potentialAction":[{"@type":"ReadAction","target":["https:\/\/jt.lv\/fr\/a-propos\/durabilite\/"]}]},{"@type":"ImageObject","inLanguage":"fr-FR","@id":"https:\/\/jt.lv\/fr\/a-propos\/durabilite\/#primaryimage","url":"https:\/\/jt.lv\/wp-content\/uploads\/2023\/08\/photo-14.jpg","contentUrl":"https:\/\/jt.lv\/wp-content\/uploads\/2023\/08\/photo-14.jpg","width":1740,"height":750},{"@type":"BreadcrumbList","@id":"https:\/\/jt.lv\/fr\/a-propos\/durabilite\/#breadcrumb","itemListElement":[{"@type":"ListItem","position":1,"name":"Home","item":"https:\/\/jt.lv\/fr\/"},{"@type":"ListItem","position":2,"name":"\u00c0 propos","item":"https:\/\/jt.lv\/fr\/a-propos\/"},{"@type":"ListItem","position":3,"name":"Durabilit\u00e9"}]},{"@type":"WebSite","@id":"http:\/\/jt.lv\/fr\/#website","url":"http:\/\/jt.lv\/fr\/","name":"Jelgavas tipogr\u0101fija","description":"M\u0113s ra\u017eojam gr\u0101matas.","publisher":{"@id":"http:\/\/jt.lv\/fr\/#organization"},"potentialAction":[{"@type":"SearchAction","target":{"@type":"EntryPoint","urlTemplate":"http:\/\/jt.lv\/fr\/?s={search_term_string}"},"query-input":{"@type":"PropertyValueSpecification","valueRequired":true,"valueName":"search_term_string"}}],"inLanguage":"fr-FR"},{"@type":"Organization","@id":"http:\/\/jt.lv\/fr\/#organization","name":"Jelgavas tipogr\u0101fija","url":"http:\/\/jt.lv\/fr\/","logo":{"@type":"ImageObject","inLanguage":"fr-FR","@id":"http:\/\/jt.lv\/fr\/#\/schema\/logo\/image\/","url":"https:\/\/jt.lv\/wp-content\/uploads\/2025\/06\/jt-logo.png","contentUrl":"https:\/\/jt.lv\/wp-content\/uploads\/2025\/06\/jt-logo.png","width":696,"height":696,"caption":"Jelgavas tipogr\u0101fija"},"image":{"@id":"http:\/\/jt.lv\/fr\/#\/schema\/logo\/image\/"}}]}},"_links":{"self":[{"href":"https:\/\/jt.lv\/fr\/wp-json\/wp\/v2\/pages\/5919","targetHints":{"allow":["GET"]}}],"collection":[{"href":"https:\/\/jt.lv\/fr\/wp-json\/wp\/v2\/pages"}],"about":[{"href":"https:\/\/jt.lv\/fr\/wp-json\/wp\/v2\/types\/page"}],"author":[{"embeddable":true,"href":"https:\/\/jt.lv\/fr\/wp-json\/wp\/v2\/users\/1"}],"replies":[{"embeddable":true,"href":"https:\/\/jt.lv\/fr\/wp-json\/wp\/v2\/comments?post=5919"}],"version-history":[{"count":16,"href":"https:\/\/jt.lv\/fr\/wp-json\/wp\/v2\/pages\/5919\/revisions"}],"predecessor-version":[{"id":9125,"href":"https:\/\/jt.lv\/fr\/wp-json\/wp\/v2\/pages\/5919\/revisions\/9125"}],"up":[{"embeddable":true,"href":"https:\/\/jt.lv\/fr\/wp-json\/wp\/v2\/pages\/5312"}],"wp:featuredmedia":[{"embeddable":true,"href":"https:\/\/jt.lv\/fr\/wp-json\/wp\/v2\/media\/5921"}],"wp:attachment":[{"href":"https:\/\/jt.lv\/fr\/wp-json\/wp\/v2\/media?parent=5919"}],"curies":[{"name":"wp","href":"https:\/\/api.w.org\/{rel}","templated":true}]}}