{"id":5312,"date":"2023-07-27T12:19:32","date_gmt":"2023-07-27T10:19:32","guid":{"rendered":"https:\/\/jt.lv\/par-mums\/"},"modified":"2026-01-14T11:17:52","modified_gmt":"2026-01-14T09:17:52","slug":"a-propos","status":"publish","type":"page","link":"https:\/\/jt.lv\/fr\/a-propos\/","title":{"rendered":"\u00c0 propos"},"content":{"rendered":"\n\n\n\n\t    \n        <div class=\"jt-promo-media is-full-width\">\n            <div class=\"born-container is-default\">\n                <div class=\"inner\">\n                    <div class=\"video youtube-video\" data-id=\"uVWWp-FjnNI\">\n                        <div class=\"thumbnail\" style=\"background-image: url(https:\/\/jt.lv\/wp-content\/uploads\/2023\/09\/0124-JT_Sep2021_foto-Billijs-Locs-933x525.jpg)\">\n                                                        <button class=\"is-play\">Play<\/button>\n                        <\/div>\n                    <\/div>\n                <\/div>\n            <\/div>\n        <\/div>\n\n\t    \n\n        <!-- <script>\n\n            \/\/ YouTube play button\n\n            jQuery(document).ready(function() {\n                jQuery('.is-play').click(function() {\n                    jQuery(this).parents().addClass('is-hidden');\n                    jQuery('#video1')[0].src += '&autoplay=1';\n                });\n            });\n\n        <\/script> -->\n\n\n        <script>\n\n            document.addEventListener(\"DOMContentLoaded\", function() {\n\n                \/\/ Initialize all .youtube-video blocks with thumbnails\n                document.querySelectorAll(\".youtube-video\").forEach(function(el) {\n                    let videoId = el.dataset.id;\n                });\n\n                \/\/ Play video on button click\n                document.addEventListener(\"click\", function(e) {\n                    if (e.target.classList.contains(\"is-play\")) {\n                        let yt = e.target.closest(\".youtube-video\");\n                        if (yt && yt.dataset.id) {\n                            let iframe = document.createElement(\"iframe\");\n                            iframe.setAttribute(\"src\", \"https:\/\/www.youtube.com\/embed\/\" + yt.dataset.id + \"?autoplay=1&rel=0\");\n                            iframe.setAttribute(\"frameborder\", \"0\");\n                            iframe.setAttribute(\"allowfullscreen\", \"1\");\n                            iframe.setAttribute(\"allow\", \"autoplay; encrypted-media\");\n                            yt.innerHTML = \"\"; \/\/ clear button + background\n                            yt.appendChild(iframe);\n                        }\n                    }\n                });\n\n            });\n\n        <\/script>\n\n\n\n\n\n\n\n\t\t\t<p style=\"text-align: center;\"><span class=\"is-text-very-big\">Des livres cr\u00e9\u00e9s avec pr\u00e9cision, sens et respect.\n<\/span><\/p>\n\t\n\n\n\n\n\n\n\n\n\t<div class=\"jt-features\">\n\t\t<div class=\"born-container is-default\">\n\t\t\t<div class=\"inner\">\n\n\t\t\t\t<div class=\"items-grid\">\n\n\t\t\t\t\t\n                    \n\t\t\t\t\t<div class=\"item is-style-1\" style=\"background-color: #cb6015\">\n\t\t\t\t\t\t<div class=\"title\" style=\"color:#FFFFFF\">\n                            30 ann\u00e9es\t\t\t\t\t\t<\/div>\n\t\t\t\t\t\t<div class=\"desc\" style=\"color:#FFFFFF\">\n                            d&rsquo;exp\u00e9rience\t\t\t\t\t\t<\/div>\n\t\t\t\t\t<\/div>\n\n                    \n\t\t\t\t\t\n                    \n\t\t\t\t\t<div class=\"item is-style-2\" style=\"background-color: #001e62\">\n\t\t\t\t\t\t<div class=\"title\" style=\"color:#FFFFFF\">\n                            10 000 m<sup>2<\/sup>\t\t\t\t\t\t<\/div>\n\t\t\t\t\t\t<div class=\"desc\" style=\"color:#FFFFFF\">\n                            de production\t\t\t\t\t\t<\/div>\n\t\t\t\t\t<\/div>\n\n                    \n\t\t\t\t\t\n                    \n\t\t\t\t\t<div class=\"item is-style-3\" style=\"background-color: #006600\">\n\t\t\t\t\t\t<div class=\"title\" style=\"color:#FFFFFF\">\n                            190\t\t\t\t\t\t<\/div>\n\t\t\t\t\t\t<div class=\"desc\" style=\"color:#FFFFFF\">\n                            employ\u00e9s\t\t\t\t\t\t<\/div>\n\t\t\t\t\t<\/div>\n\n                    \n\t\t\t\t\t\n                    \n\t\t\t\t\t<div class=\"item is-style-2\" style=\"background-color: #cb6015\">\n\t\t\t\t\t\t<div class=\"title\" style=\"color:#FFFFFF\">\n                            6,5 M\t\t\t\t\t\t<\/div>\n\t\t\t\t\t\t<div class=\"desc\" style=\"color:#FFFFFF\">\n                            livres par an\t\t\t\t\t\t<\/div>\n\t\t\t\t\t<\/div>\n\n                    \n\t\t\t\t\t\n                    \n\t\t\t\t\t<div class=\"item is-style-3\" style=\"background-color: #001e62\">\n\t\t\t\t\t\t<div class=\"title\" style=\"color:#FFFFFF\">\n                            35+\t\t\t\t\t\t<\/div>\n\t\t\t\t\t\t<div class=\"desc\" style=\"color:#FFFFFF\">\n                            types de reliures\t\t\t\t\t\t<\/div>\n\t\t\t\t\t<\/div>\n\n                    \n\t\t\t\t\t\n                    \n\t\t\t\t\t<div class=\"item is-style-4\" style=\"background-color: #006600\">\n\t\t\t\t\t\t<div class=\"title\" style=\"color:#FFFFFF\">\n                            70%\t\t\t\t\t\t<\/div>\n\t\t\t\t\t\t<div class=\"desc\" style=\"color:#FFFFFF\">\n                            exportation\t\t\t\t\t\t<\/div>\n\t\t\t\t\t<\/div>\n\n                    \n\t\t\t\t\t\n\n\t\t\t\t<\/div>\n\n\t\t\t<\/div>\n\t\t<\/div>\n\t<\/div>\n\n\n\n\n\n\n\n\n\n\t<div class=\"jt-feature-single \" style=\"opacity: 0;\">\n\t\t<div class=\"born-container is-default\">\n\t\t\t<div class=\"inner\">\n\t\t\t\t<div class=\"image lazy\" data-bg=\"https:\/\/jt.lv\/wp-content\/uploads\/2024\/12\/0030-JT24_foto-Billijs-Locs-1271x848.jpg\"><\/div>\n\t\t\t\t<div class=\"data\">\n\t\t\t\t\t<div class=\"heading\">\n\t\t\t\t\t\t<h2>Savoir-faire<\/h2>\n\t\t\t\t\t<\/div>\n\n\t\t\t\t\t\t\t\t\t\t<div class=\"desc\">\n\t\t\t\t\t\t<p>Forts de plusieurs d\u00e9cennies d\u2019exp\u00e9rience et de technologies modernes, nous sommes fiers des r\u00e9sultats que nous atteignons dans la production de livres. Notre expertise couvre une large gamme de types de reliures \u2013 des livres broch\u00e9s simples aux \u00e9ditions personnalis\u00e9es complexes int\u00e9grant diverses finitions. Nos sp\u00e9cialistes \u2013 des professionnels de l\u2019impression dot\u00e9s de connaissances approfondies des techniques d\u2019impression et de fa\u00e7onnage \u2013 prennent soin de chaque d\u00e9tail afin de garantir une qualit\u00e9 optimale et des solutions adapt\u00e9es aux attentes et aux exigences techniques de chaque client.<\/p>\n\t\t\t\t\t<\/div>\n\t\t\t\t\t\n                    \n\t\t\t\t\t\n\t\t\t\t\t\t\t\t\t\t<div class=\"cta\">\n\t\t\t\t\t\t<a href=\"https:\/\/jt.lv\/fr\/production-de-livres\/\" target=\"_blank\" title=\"Produits et services\">Produits et services<\/a>\n\t\t\t\t\t<\/div>\n\t\t\t\t\t\n\t\t\t\t<\/div>\n\t\t\t<\/div>\n\t\t<\/div>\n\t<\/div>\n\n\n\n\n\n\n\n\t<div class=\"jt-feature-single is-reversed\" style=\"opacity: 0;\">\n\t\t<div class=\"born-container is-default\">\n\t\t\t<div class=\"inner\">\n\t\t\t\t<div class=\"image lazy\" data-bg=\"https:\/\/jt.lv\/wp-content\/uploads\/2023\/09\/0069-JT_Sep2021_foto-Billijs-Locs-1271x847.jpg\"><\/div>\n\t\t\t\t<div class=\"data\">\n\t\t\t\t\t<div class=\"heading\">\n\t\t\t\t\t\t<h2>Production Moderne<\/h2>\n\t\t\t\t\t<\/div>\n\n\t\t\t\t\t\t\t\t\t\t<div class=\"desc\">\n\t\t\t\t\t\t<p>La production moderne repose sur les technologies les plus r\u00e9centes, des processus efficaces et des approches innovantes pour cr\u00e9er des produits durables de haute qualit\u00e9. Nous renouvelons en permanence notre parc de machines afin de garantir une production plus \u00e9conomique et plus respectueuse de l\u2019environnement. Dans le domaine de la fabrication de livres, cela se traduit par une impression exceptionnelle, une finition pr\u00e9cise et une grande flexibilit\u00e9 pour r\u00e9pondre \u00e0 diff\u00e9rentes quantit\u00e9s et demandes de personnalisation, tout en maintenant les normes les plus \u00e9lev\u00e9es \u00e0 chaque \u00e9tape du processus. En alliant savoir-faire artisanal et solutions d\u2019impression innovantes, nous nous adaptons aux besoins uniques de chaque client.<\/p>\n\t\t\t\t\t<\/div>\n\t\t\t\t\t\n                    \n\t\t\t\t\t\n\t\t\t\t\t\t\t\t\t\t<div class=\"cta\">\n\t\t\t\t\t\t<a href=\"https:\/\/jt.lv\/fr\/equipements\/\" target=\"_blank\" title=\"\u00c9quipements\">\u00c9quipements<\/a>\n\t\t\t\t\t<\/div>\n\t\t\t\t\t\n\t\t\t\t<\/div>\n\t\t\t<\/div>\n\t\t<\/div>\n\t<\/div>\n\n\n\n\n\n\n\n\t<div class=\"jt-feature-single \" style=\"opacity: 0;\">\n\t\t<div class=\"born-container is-default\">\n\t\t\t<div class=\"inner\">\n\t\t\t\t<div class=\"image lazy\" data-bg=\"https:\/\/jt.lv\/wp-content\/uploads\/2024\/12\/0105-JT24_foto-Billijs-Locs-1271x848.jpg\"><\/div>\n\t\t\t\t<div class=\"data\">\n\t\t\t\t\t<div class=\"heading\">\n\t\t\t\t\t\t<h2>Livraison dans toute l&rsquo;Europe<\/h2>\n\t\t\t\t\t<\/div>\n\n\t\t\t\t\t\t\t\t\t\t<div class=\"desc\">\n\t\t\t\t\t\t<p>Nous proposons une gamme compl\u00e8te de services de livraison de produits finis par transport terrestre, maritime et a\u00e9rien. Selon les besoins du client, nous proposons diff\u00e9rents types d&#8217;emballages, des tailles de palettes r\u00e9pondant aux exigences de l&rsquo;entrep\u00f4t ou des transports sp\u00e9ciaux pour r\u00e9pondre aux conditions de livraison. Nous livrons \u00e9galement des \u00e9chantillons de livres et des impressions d&rsquo;essai ou des feuilles d&rsquo;\u00e9chantillons au client par courrier.<\/p>\n\t\t\t\t\t<\/div>\n\t\t\t\t\t\n                    \n\t\t\t\t\t\n\t\t\t\t\t\t\t\t\t\t<div class=\"cta\">\n\t\t\t\t\t\t<a href=\"https:\/\/jt.lv\/fr\/a-propos\/livraison\/\" target=\"_blank\" title=\"Conditions de livraison\">Conditions de livraison<\/a>\n\t\t\t\t\t<\/div>\n\t\t\t\t\t\n\t\t\t\t<\/div>\n\t\t\t<\/div>\n\t\t<\/div>\n\t<\/div>\n\n\n\n\n\n\n\n\t<div class=\"jt-feature-single is-reversed\" style=\"opacity: 0;\">\n\t\t<div class=\"born-container is-default\">\n\t\t\t<div class=\"inner\">\n\t\t\t\t<div class=\"image lazy\" data-bg=\"https:\/\/jt.lv\/wp-content\/uploads\/2023\/09\/Jelgavas-tipografija-vide-ilgtspeja-2-1271x700.jpg\"><\/div>\n\t\t\t\t<div class=\"data\">\n\t\t\t\t\t<div class=\"heading\">\n\t\t\t\t\t\t<h2>Durabilit\u00e9<\/h2>\n\t\t\t\t\t<\/div>\n\n\t\t\t\t\t\t\t\t\t\t<div class=\"desc\">\n\t\t\t\t\t\t<p>Les enjeux environnementaux, la responsabilit\u00e9 sociale et le bien-\u00eatre de nos collaborateurs font partie int\u00e9grante de notre quotidien. Nous nous engageons \u00e0 r\u00e9duire en permanence l\u2019empreinte carbone de notre entreprise, \u00e0 privil\u00e9gier des mat\u00e9riaux, des \u00e9quipements et des partenaires plus respectueux de l\u2019environnement, \u00e0 g\u00e9n\u00e9rer le moins de d\u00e9chets possible et \u00e0 accompagner nos clients dans leurs choix en faveur du livre durable. Ces engagements ne sont pas toujours les plus simples ni les plus rentables \u00e0 court terme, mais ils repr\u00e9sentent \u00e0 nos yeux la seule voie acceptable pour transmettre un h\u00e9ritage responsable aux g\u00e9n\u00e9rations futures.<\/p>\n\t\t\t\t\t<\/div>\n\t\t\t\t\t\n                    \n\t\t\t\t\t\t\t\t\t\t\t<div class=\"brands\">\n\n\t\t\t\t\t\t\t\t\t\t\t\t\t\t<div>\n\t\t\t\t\t\t\t\t<img srcset=\"https:\/\/jt.lv\/wp-content\/uploads\/2023\/12\/Jelgvas-tipografija-ClimateCalc-sertifikats.jpg 2x\" alt=\"Jelgvas-tipografija-ClimateCalc-sertifikats\">\n\t\t\t\t\t\t\t<\/div>\n\t\t\t\t\t\t\t\t\t\t\t\t\t\t<div>\n\t\t\t\t\t\t\t\t<img srcset=\"https:\/\/jt.lv\/wp-content\/uploads\/2023\/12\/Jelgvas-tipografija-FSC-sertifikats.jpg 2x\" alt=\"Jelgvas-tipografija-FSC-sertifikats\">\n\t\t\t\t\t\t\t<\/div>\n\t\t\t\t\t\t\t\t\t\t\t\t\t\t<div>\n\t\t\t\t\t\t\t\t<img srcset=\"https:\/\/jt.lv\/wp-content\/uploads\/2023\/12\/Jelgvas-tipografija-Nordic-Swan-Ecolabel-sertifikats.jpg 2x\" alt=\"Jelgvas-tipografija-Nordic-Swan-Ecolabel-sertifikats\">\n\t\t\t\t\t\t\t<\/div>\n\t\t\t\t\t\t\t\t\t\t\t\t\t\t<div>\n\t\t\t\t\t\t\t\t<img srcset=\"https:\/\/jt.lv\/wp-content\/uploads\/2023\/12\/Jelgvas-tipografija-Powered-by-Green-sertifikats.jpg 2x\" alt=\"Jelgvas-tipografija-Powered-by-Green-sertifikats\">\n\t\t\t\t\t\t\t<\/div>\n\t\t\t\t\t\t\t\n\t\t\t\t\t\t<\/div>\n\t\t\t\t\t\n\t\t\t\t\t\t\t\t\t\t<div class=\"cta\">\n\t\t\t\t\t\t<a href=\"https:\/\/jt.lv\/fr\/a-propos\/durabilite\/\" target=\"\" title=\"En savoir plus\">En savoir plus<\/a>\n\t\t\t\t\t<\/div>\n\t\t\t\t\t\n\t\t\t\t<\/div>\n\t\t\t<\/div>\n\t\t<\/div>\n\t<\/div>\n\n\n\n\n\n\n\n\t<div class=\"jt-feature-single \" style=\"opacity: 0;\">\n\t\t<div class=\"born-container is-default\">\n\t\t\t<div class=\"inner\">\n\t\t\t\t<div class=\"image lazy\" data-bg=\"https:\/\/jt.lv\/wp-content\/uploads\/2025\/08\/balts-papergoods-1271x847.jpg\"><\/div>\n\t\t\t\t<div class=\"data\">\n\t\t\t\t\t<div class=\"heading\">\n\t\t\t\t\t\t<h2>Fabrication d\u2019agendas, carnets et calendriers<\/h2>\n\t\t\t\t\t<\/div>\n\n\t\t\t\t\t\t\t\t\t\t<div class=\"desc\">\n\t\t\t\t\t\t<p>Notre filiale BALTS fabrique depuis plus de 25 ans des agendas, carnets, calendriers et accessoires de bureau. Ces articles de papeterie, fabriqu\u00e9s en Lettonie, sont appr\u00e9ci\u00e9s autant par les particuliers que par les entreprises. Choisissez parmi notre gamme standard ou personnalisez les produits selon vos besoins personnels, professionnels ou ceux de votre marque.<\/p>\n\t\t\t\t\t<\/div>\n\t\t\t\t\t\n                    \n\t\t\t\t\t\n\t\t\t\t\t\t\t\t\t\t<div class=\"cta\">\n\t\t\t\t\t\t<a href=\"http:\/\/www.baltspaper.lv\/en\" target=\"_blank\" title=\"baltspaper.com\">baltspaper.com<\/a>\n\t\t\t\t\t<\/div>\n\t\t\t\t\t\n\t\t\t\t<\/div>\n\t\t\t<\/div>\n\t\t<\/div>\n\t<\/div>\n\n","protected":false},"excerpt":{"rendered":"","protected":false},"author":1,"featured_media":0,"parent":0,"menu_order":10,"comment_status":"closed","ping_status":"closed","template":"","meta":{"_acf_changed":false,"inline_featured_image":false,"footnotes":""},"class_list":["post-5312","page","type-page","status-publish","hentry"],"acf":[],"yoast_head":"<!-- This site is optimized with the Yoast SEO plugin v27.4 - https:\/\/yoast.com\/product\/yoast-seo-wordpress\/ -->\n<title>\u00c0 propos - Jelgavas tipogr\u0101fija<\/title>\n<meta name=\"description\" content=\"Cycle complet de production de livres sous un m\u00eame toit. Plus de 25 ans d\u2019exp\u00e9rience, d\u2019expertise et une approche personnalis\u00e9e pour chaque projet.\" \/>\n<meta name=\"robots\" content=\"index, follow, max-snippet:-1, max-image-preview:large, max-video-preview:-1\" \/>\n<link rel=\"canonical\" href=\"https:\/\/jt.lv\/fr\/a-propos\/\" \/>\n<meta property=\"og:locale\" content=\"fr_FR\" \/>\n<meta property=\"og:type\" content=\"article\" \/>\n<meta property=\"og:title\" content=\"\u00c0 propos - Jelgavas tipogr\u0101fija\" \/>\n<meta property=\"og:description\" content=\"Cycle complet de production de livres sous un m\u00eame toit. Plus de 25 ans d\u2019exp\u00e9rience, d\u2019expertise et une approche personnalis\u00e9e pour chaque projet.\" \/>\n<meta property=\"og:url\" content=\"https:\/\/jt.lv\/fr\/a-propos\/\" \/>\n<meta property=\"og:site_name\" content=\"Jelgavas tipogr\u0101fija\" \/>\n<meta property=\"article:modified_time\" content=\"2026-01-14T09:17:52+00:00\" \/>\n<meta property=\"og:image\" content=\"https:\/\/jt.lv\/wp-content\/uploads\/2025\/06\/site-image.png\" \/>\n\t<meta property=\"og:image:width\" content=\"1200\" \/>\n\t<meta property=\"og:image:height\" content=\"675\" \/>\n\t<meta property=\"og:image:type\" content=\"image\/png\" \/>\n<meta name=\"twitter:card\" content=\"summary_large_image\" \/>\n<script type=\"application\/ld+json\" class=\"yoast-schema-graph\">{\"@context\":\"https:\\\/\\\/schema.org\",\"@graph\":[{\"@type\":\"WebPage\",\"@id\":\"https:\\\/\\\/jt.lv\\\/fr\\\/a-propos\\\/\",\"url\":\"https:\\\/\\\/jt.lv\\\/fr\\\/a-propos\\\/\",\"name\":\"\u00c0 propos - Jelgavas tipogr\u0101fija\",\"isPartOf\":{\"@id\":\"http:\\\/\\\/jt.lv\\\/fr\\\/#website\"},\"datePublished\":\"2023-07-27T10:19:32+00:00\",\"dateModified\":\"2026-01-14T09:17:52+00:00\",\"description\":\"Cycle complet de production de livres sous un m\u00eame toit. Plus de 25 ans d\u2019exp\u00e9rience, d\u2019expertise et une approche personnalis\u00e9e pour chaque projet.\",\"breadcrumb\":{\"@id\":\"https:\\\/\\\/jt.lv\\\/fr\\\/a-propos\\\/#breadcrumb\"},\"inLanguage\":\"fr-FR\",\"potentialAction\":[{\"@type\":\"ReadAction\",\"target\":[\"https:\\\/\\\/jt.lv\\\/fr\\\/a-propos\\\/\"]}]},{\"@type\":\"BreadcrumbList\",\"@id\":\"https:\\\/\\\/jt.lv\\\/fr\\\/a-propos\\\/#breadcrumb\",\"itemListElement\":[{\"@type\":\"ListItem\",\"position\":1,\"name\":\"Home\",\"item\":\"https:\\\/\\\/jt.lv\\\/fr\\\/\"},{\"@type\":\"ListItem\",\"position\":2,\"name\":\"\u00c0 propos\"}]},{\"@type\":\"WebSite\",\"@id\":\"http:\\\/\\\/jt.lv\\\/fr\\\/#website\",\"url\":\"http:\\\/\\\/jt.lv\\\/fr\\\/\",\"name\":\"Jelgavas tipogr\u0101fija\",\"description\":\"M\u0113s ra\u017eojam gr\u0101matas.\",\"publisher\":{\"@id\":\"http:\\\/\\\/jt.lv\\\/fr\\\/#organization\"},\"potentialAction\":[{\"@type\":\"SearchAction\",\"target\":{\"@type\":\"EntryPoint\",\"urlTemplate\":\"http:\\\/\\\/jt.lv\\\/fr\\\/?s={search_term_string}\"},\"query-input\":{\"@type\":\"PropertyValueSpecification\",\"valueRequired\":true,\"valueName\":\"search_term_string\"}}],\"inLanguage\":\"fr-FR\"},{\"@type\":\"Organization\",\"@id\":\"http:\\\/\\\/jt.lv\\\/fr\\\/#organization\",\"name\":\"Jelgavas tipogr\u0101fija\",\"url\":\"http:\\\/\\\/jt.lv\\\/fr\\\/\",\"logo\":{\"@type\":\"ImageObject\",\"inLanguage\":\"fr-FR\",\"@id\":\"http:\\\/\\\/jt.lv\\\/fr\\\/#\\\/schema\\\/logo\\\/image\\\/\",\"url\":\"https:\\\/\\\/jt.lv\\\/wp-content\\\/uploads\\\/2025\\\/06\\\/jt-logo.png\",\"contentUrl\":\"https:\\\/\\\/jt.lv\\\/wp-content\\\/uploads\\\/2025\\\/06\\\/jt-logo.png\",\"width\":696,\"height\":696,\"caption\":\"Jelgavas tipogr\u0101fija\"},\"image\":{\"@id\":\"http:\\\/\\\/jt.lv\\\/fr\\\/#\\\/schema\\\/logo\\\/image\\\/\"}}]}<\/script>\n<!-- \/ Yoast SEO plugin. -->","yoast_head_json":{"title":"\u00c0 propos - Jelgavas tipogr\u0101fija","description":"Cycle complet de production de livres sous un m\u00eame toit. Plus de 25 ans d\u2019exp\u00e9rience, d\u2019expertise et une approche personnalis\u00e9e pour chaque projet.","robots":{"index":"index","follow":"follow","max-snippet":"max-snippet:-1","max-image-preview":"max-image-preview:large","max-video-preview":"max-video-preview:-1"},"canonical":"https:\/\/jt.lv\/fr\/a-propos\/","og_locale":"fr_FR","og_type":"article","og_title":"\u00c0 propos - Jelgavas tipogr\u0101fija","og_description":"Cycle complet de production de livres sous un m\u00eame toit. Plus de 25 ans d\u2019exp\u00e9rience, d\u2019expertise et une approche personnalis\u00e9e pour chaque projet.","og_url":"https:\/\/jt.lv\/fr\/a-propos\/","og_site_name":"Jelgavas tipogr\u0101fija","article_modified_time":"2026-01-14T09:17:52+00:00","og_image":[{"width":1200,"height":675,"url":"https:\/\/jt.lv\/wp-content\/uploads\/2025\/06\/site-image.png","type":"image\/png"}],"twitter_card":"summary_large_image","schema":{"@context":"https:\/\/schema.org","@graph":[{"@type":"WebPage","@id":"https:\/\/jt.lv\/fr\/a-propos\/","url":"https:\/\/jt.lv\/fr\/a-propos\/","name":"\u00c0 propos - Jelgavas tipogr\u0101fija","isPartOf":{"@id":"http:\/\/jt.lv\/fr\/#website"},"datePublished":"2023-07-27T10:19:32+00:00","dateModified":"2026-01-14T09:17:52+00:00","description":"Cycle complet de production de livres sous un m\u00eame toit. Plus de 25 ans d\u2019exp\u00e9rience, d\u2019expertise et une approche personnalis\u00e9e pour chaque projet.","breadcrumb":{"@id":"https:\/\/jt.lv\/fr\/a-propos\/#breadcrumb"},"inLanguage":"fr-FR","potentialAction":[{"@type":"ReadAction","target":["https:\/\/jt.lv\/fr\/a-propos\/"]}]},{"@type":"BreadcrumbList","@id":"https:\/\/jt.lv\/fr\/a-propos\/#breadcrumb","itemListElement":[{"@type":"ListItem","position":1,"name":"Home","item":"https:\/\/jt.lv\/fr\/"},{"@type":"ListItem","position":2,"name":"\u00c0 propos"}]},{"@type":"WebSite","@id":"http:\/\/jt.lv\/fr\/#website","url":"http:\/\/jt.lv\/fr\/","name":"Jelgavas tipogr\u0101fija","description":"M\u0113s ra\u017eojam gr\u0101matas.","publisher":{"@id":"http:\/\/jt.lv\/fr\/#organization"},"potentialAction":[{"@type":"SearchAction","target":{"@type":"EntryPoint","urlTemplate":"http:\/\/jt.lv\/fr\/?s={search_term_string}"},"query-input":{"@type":"PropertyValueSpecification","valueRequired":true,"valueName":"search_term_string"}}],"inLanguage":"fr-FR"},{"@type":"Organization","@id":"http:\/\/jt.lv\/fr\/#organization","name":"Jelgavas tipogr\u0101fija","url":"http:\/\/jt.lv\/fr\/","logo":{"@type":"ImageObject","inLanguage":"fr-FR","@id":"http:\/\/jt.lv\/fr\/#\/schema\/logo\/image\/","url":"https:\/\/jt.lv\/wp-content\/uploads\/2025\/06\/jt-logo.png","contentUrl":"https:\/\/jt.lv\/wp-content\/uploads\/2025\/06\/jt-logo.png","width":696,"height":696,"caption":"Jelgavas tipogr\u0101fija"},"image":{"@id":"http:\/\/jt.lv\/fr\/#\/schema\/logo\/image\/"}}]}},"_links":{"self":[{"href":"https:\/\/jt.lv\/fr\/wp-json\/wp\/v2\/pages\/5312","targetHints":{"allow":["GET"]}}],"collection":[{"href":"https:\/\/jt.lv\/fr\/wp-json\/wp\/v2\/pages"}],"about":[{"href":"https:\/\/jt.lv\/fr\/wp-json\/wp\/v2\/types\/page"}],"author":[{"embeddable":true,"href":"https:\/\/jt.lv\/fr\/wp-json\/wp\/v2\/users\/1"}],"replies":[{"embeddable":true,"href":"https:\/\/jt.lv\/fr\/wp-json\/wp\/v2\/comments?post=5312"}],"version-history":[{"count":38,"href":"https:\/\/jt.lv\/fr\/wp-json\/wp\/v2\/pages\/5312\/revisions"}],"predecessor-version":[{"id":9463,"href":"https:\/\/jt.lv\/fr\/wp-json\/wp\/v2\/pages\/5312\/revisions\/9463"}],"wp:attachment":[{"href":"https:\/\/jt.lv\/fr\/wp-json\/wp\/v2\/media?parent=5312"}],"curies":[{"name":"wp","href":"https:\/\/api.w.org\/{rel}","templated":true}]}}