{"id":5308,"date":"2023-07-26T06:36:44","date_gmt":"2023-07-26T04:36:44","guid":{"rendered":"https:\/\/jt.lv\/home\/"},"modified":"2026-04-20T11:19:36","modified_gmt":"2026-04-20T09:19:36","slug":"home","status":"publish","type":"page","link":"https:\/\/jt.lv\/fr\/","title":{"rendered":"Page d&rsquo;accueil"},"content":{"rendered":"\n\n\n\n\t<div class=\"jt-intro\">\n\t\t<div class=\"born-container is-default\">\n\t\t\t<div class=\"title\">\n\t\t\t\t<h1>Nous produisons des livres. <br>Avec responsabilit\u00e9 et respect envers les auteurs, les \u00e9diteurs et les lecteurs.<\/h1>\n\t\t\t<\/div>\n\t\t\t<a href=\"#\" class=\"scroll\">Scroll down<\/a>\n\t\t<\/div>\n\t\t<div class=\"bg\" style=\"background-image: url(https:\/\/jt.lv\/wp-content\/uploads\/2025\/07\/jelgavas-tipografija-title-picture-book-production.jpg)\"><\/div>\n\t<\/div>\n\n\n\n\n\n\n\n\n\n\t            <div class=\"jt-promo-media is-full-width\">\n            <div class=\"born-container is-default\">\n                <div class=\"inner\">\n                    <div class=\"data\">\n                        <div class=\"heading\">\n                            <h2>Cycle complet de production de livres sous un m\u00eame toit<\/h2>\n                        <\/div>\n                        <div class=\"desc\">\n                            <p>Nous sommes l\u2019une des plus anciennes et des plus grandes imprimeries de livres en Lettonie et dans les \u00c9tats baltes. La production de livres est \u00e0 la fois notre sp\u00e9cialit\u00e9 et notre passion. Nous proposons un cycle de production complet, depuis la feuille blanche jusqu&rsquo;\u00e0 la livraison des produits finis en Lettonie et dans toute l&rsquo;Europe.<\/p>\n                        <\/div>\n                    <\/div>\n                    <div class=\"video youtube-video\" data-id=\"uVWWp-FjnNI\">\n                        <div class=\"thumbnail\" style=\"background-image: url(https:\/\/jt.lv\/wp-content\/uploads\/2025\/07\/jelgavas-tipografija-index-page-video-thumbnail-920x525.jpg)\">\n                            <button class=\"is-play\">Play<\/button>\n                        <\/div>\n                    <\/div>\n                <\/div>\n            <\/div>\n        <\/div>\n\n        \n\n        <!-- <script>\n\n            \/\/ YouTube play button\n\n            jQuery(document).ready(function() {\n                jQuery('.is-play').click(function() {\n                    jQuery(this).parents().addClass('is-hidden');\n                    jQuery('#video1')[0].src += '&autoplay=1';\n                });\n            });\n\n        <\/script> -->\n\n\n        <script>\n\n            document.addEventListener(\"DOMContentLoaded\", function() {\n\n                \/\/ Initialize all .youtube-video blocks with thumbnails\n                document.querySelectorAll(\".youtube-video\").forEach(function(el) {\n                    let videoId = el.dataset.id;\n                });\n\n                \/\/ Play video on button click\n                document.addEventListener(\"click\", function(e) {\n                    if (e.target.classList.contains(\"is-play\")) {\n                        let yt = e.target.closest(\".youtube-video\");\n                        if (yt && yt.dataset.id) {\n                            let iframe = document.createElement(\"iframe\");\n                            iframe.setAttribute(\"src\", \"https:\/\/www.youtube.com\/embed\/\" + yt.dataset.id + \"?autoplay=1&rel=0\");\n                            iframe.setAttribute(\"frameborder\", \"0\");\n                            iframe.setAttribute(\"allowfullscreen\", \"1\");\n                            iframe.setAttribute(\"allow\", \"autoplay; encrypted-media\");\n                            yt.innerHTML = \"\"; \/\/ clear button + background\n                            yt.appendChild(iframe);\n                        }\n                    }\n                });\n\n            });\n\n        <\/script>\n\n\n\n\n\n\n\t<div class=\"jt-text-blocks\">\n\t\t<div class=\"born-container is-default\">\n\n\t\t\t<div class=\"items-grid\">\n\n\t\t\t\t\n\t\t\t\t\t<div class=\"item\">\n\t\t\t\t\t\t<div class=\"heading\">\n\t\t\t\t\t\t\t<h2>Impression, reliure et post-traitement<\/h2>\n\t\t\t\t\t\t<\/div>\n\t\t\t\t\t\t<div class=\"desc\">\n\t\t\t\t\t\t\t<p>Nous r\u00e9alisons des impressions de la plus haute qualit\u00e9 sur des presses offset et num\u00e9riques, en produisant plus de 35 <a href=\"https:\/\/jt.lv\/fr\/production-de-livres\/\" target=\"_blank\" rel=\"noopener\">types de reliures<\/a> diff\u00e9rents et en proposant d\u2019innombrables <a href=\"https:\/\/jt.lv\/fr\/production-de-livres\/\" target=\"_blank\" rel=\"noopener\">options de finition<\/a>.<\/p>\n\t\t\t\t\t\t<\/div>\n\t\t\t\t\t\t\t\t\t\t\t<\/div>\n\n\t\t\t\t\n\t\t\t\t\t<div class=\"item\">\n\t\t\t\t\t\t<div class=\"heading\">\n\t\t\t\t\t\t\t<h2>Exp\u00e9rience et \u00e9quipement moderne<\/h2>\n\t\t\t\t\t\t<\/div>\n\t\t\t\t\t\t<div class=\"desc\">\n\t\t\t\t\t\t\t<p>Gr\u00e2ce \u00e0 plus de 25 ans d&rsquo;exp\u00e9rience combin\u00e9e \u00e0 un <a href=\"https:\/\/jt.lv\/fr\/equipements-de-production\/\" target=\"_blank\" rel=\"noopener\">\u00e9quipement<\/a> \u00e9conomique, nous sommes en mesure de garantir une qualit\u00e9 \u00e9lev\u00e9e non seulement pour les commandes standard, mais \u00e9galement pour les projets de livres techniquement et artistiquement exigeants.<\/p>\n\t\t\t\t\t\t<\/div>\n\t\t\t\t\t\t\t\t\t\t\t<\/div>\n\n\t\t\t\t\n\t\t\t\t\t<div class=\"item\">\n\t\t\t\t\t\t<div class=\"heading\">\n\t\t\t\t\t\t\t<h2>Approche et solutions individuelles<\/h2>\n\t\t\t\t\t\t<\/div>\n\t\t\t\t\t\t<div class=\"desc\">\n\t\t\t\t\t\t\t<p>Nos <a href=\"https:\/\/jt.lv\/kontakti\/\" target=\"_blank\" rel=\"noopener\">commerciaux et chefs de projet<\/a> exp\u00e9riment\u00e9s vous conseilleront sur le choix des mat\u00e9riaux et de leurs propri\u00e9t\u00e9s, ainsi que sur les solutions technologiques les plus adapt\u00e9es pour un r\u00e9sultat final parfait.<\/p>\n\t\t\t\t\t\t<\/div>\n\t\t\t\t\t\t\t\t\t\t\t<\/div>\n\n\t\t\t\t\n\t\t\t<\/div>\n\n\t\t<\/div>\n\t<\/div>\n\n\n\n\n\n\n\t<div class=\"jt-clients\">\n\t\t<div class=\"born-container is-default\">\n\t\t\t<div class=\"inner\">\n\t\t\t\t<div class=\"heading\">\n\t\t\t\t\t<h2>Nos clients<\/h2>\n\t\t\t\t\t\t\t\t\t\t<div class=\"desc\">\n\t\t\t\t\t\t<p>Au fil de notre activit\u00e9, nous avons d\u00e9velopp\u00e9 un r\u00e9seau de clients avec lesquels nous avons \u00e9tabli des relations durables et solides.<\/p>\n\t\t\t\t\t<\/div>\n\t\t\t\t\t\t\t\t\t<\/div>\n\t\t\t\t\t\t\t\t<div class=\"content\">\n\t\t\t\t\t<ul class=\"born-reset\">\n\t\t\t\t\t\t\t\t\t\t\t\t<li>\u00c9diteurs<\/li>\n\t\t\t\t\t\t\t\t\t\t\t\t<li>Associations d&rsquo;\u00e9diteurs<\/li>\n\t\t\t\t\t\t\t\t\t\t\t\t<li>Institutions \u00e9tatiques et municipales<\/li>\n\t\t\t\t\t\t\t\t\t\t\t\t<li>Organisations non gouvernementales (ONG)<\/li>\n\t\t\t\t\t\t\t\t\t\t\t\t<li>Associations et fondations<\/li>\n\t\t\t\t\t\t\t\t\t\t\t\t<li>Mus\u00e9es<\/li>\n\t\t\t\t\t\t\t\t\t\t\t\t<li>Entreprises de divers secteurs<\/li>\n\t\t\t\t\t\t\t\t\t\t\t\t<li>Auteurs<\/li>\n\t\t\t\t\t\t\t\t\t\t\t\t<li>Agents<\/li>\n\t\t\t\t\t\t\t\t\t\t\t<\/ul>\n\t\t\t\t<\/div>\n\t\t\t\t\t\t\t\t\t\t\t<\/div>\n\t\t<\/div>\n\t<\/div>\n\n\n\n\n\n\n\n\n\n\t<div class=\"jt-portfolio\">\n\t\t<div class=\"born-container is-default\">\n\t\t\t<div class=\"inner\">\n\n\t\t\t\t\t\t\t\t<h2>Fabriqu\u00e9 chez nous<\/h2>\n\t\t\t\t\n\t\t\t\t<div class=\"scroll-wrapper\">\n\n\t\t\t\t\t<div class=\"items-grid\">\n\n\t\t\t\t\t\t\n                        \n\t\t\t\t\t\t<div class=\"item\" data-href=\"https:\/\/jt.lv\/fr\/portfoliofr\/reliures-rigides\/moi-ce-que-jaime-cest-les-monstres\/\">\n\t\t\t\t\t\t\t<div class=\"image\">\n\t\t\t\t\t\t\t\t<img decoding=\"async\" class=\"lazy\" src=\"https:\/\/jt.lv\/wp-content\/themes\/jelgavastipografija\/assets\/img\/portfolio-grid-placeholder-1.gif\" data-src=\"https:\/\/jt.lv\/wp-content\/uploads\/2023\/09\/JT_moi-ce-que-jaime-cest-les-monstres_hardcover_7-440x440.jpg\" data-srcset=\"https:\/\/jt.lv\/wp-content\/uploads\/2023\/09\/JT_moi-ce-que-jaime-cest-les-monstres_hardcover_7-440x440.jpg 1x, https:\/\/jt.lv\/wp-content\/uploads\/2023\/09\/JT_moi-ce-que-jaime-cest-les-monstres_hardcover_7-880x880.jpg?v=2 2x\" alt=\"Moi, ce que j\u2019aime, c\u2019est les monstres (\u00c9dition limit\u00e9e Cr\u00e9ature)\">\n\t\t\t\t\t\t\t<\/div>\n\t\t\t\t\t\t\t<div class=\"title\">\n\t\t\t\t\t\t\t\t<div class=\"heading\">Reliure rigide, s\u00e9rigraphie, les jaquettes en pelliculage imprim\u00e9 en recto-verso, signet.<\/div>\n\t\t\t\t\t\t\t<\/div>\n\t\t\t\t\t\t<\/div>\n\n\t\t\t\t\t\t\n                        \n\t\t\t\t\t\t<div class=\"item\" data-href=\"https:\/\/jt.lv\/fr\/portfoliofr\/reliures-rigides\/tonight-lounge\/\">\n\t\t\t\t\t\t\t<div class=\"image\">\n\t\t\t\t\t\t\t\t<img decoding=\"async\" class=\"lazy\" src=\"https:\/\/jt.lv\/wp-content\/themes\/jelgavastipografija\/assets\/img\/portfolio-grid-placeholder-1.gif\" data-src=\"https:\/\/jt.lv\/wp-content\/uploads\/2023\/09\/JT_tonight-lounge_hardcover_6-440x440.jpg\" data-srcset=\"https:\/\/jt.lv\/wp-content\/uploads\/2023\/09\/JT_tonight-lounge_hardcover_6-440x440.jpg 1x, https:\/\/jt.lv\/wp-content\/uploads\/2023\/09\/JT_tonight-lounge_hardcover_6-880x880.jpg?v=2 2x\" alt=\"Tonight Lounge\">\n\t\t\t\t\t\t\t<\/div>\n\t\t\t\t\t\t\t<div class=\"title\">\n\t\t\t\t\t\t\t\t<div class=\"heading\">Reliure rigide, marquage \u00e0 chaud en rouge, gaufrage avec un autocollant sur la couverture.<\/div>\n\t\t\t\t\t\t\t<\/div>\n\t\t\t\t\t\t<\/div>\n\n\t\t\t\t\t\t\n                        \n\t\t\t\t\t\t<div class=\"item\" data-href=\"https:\/\/jt.lv\/fr\/portfoliofr\/reliures-rigides\/guide-de-survie-dans-la-jungle\/\">\n\t\t\t\t\t\t\t<div class=\"image\">\n\t\t\t\t\t\t\t\t<img decoding=\"async\" class=\"lazy\" src=\"https:\/\/jt.lv\/wp-content\/themes\/jelgavastipografija\/assets\/img\/portfolio-grid-placeholder-1.gif\" data-src=\"https:\/\/jt.lv\/wp-content\/uploads\/2023\/09\/JT_guide-de-survie-dans-la-jungle_hardcover_3-440x440.jpg\" data-srcset=\"https:\/\/jt.lv\/wp-content\/uploads\/2023\/09\/JT_guide-de-survie-dans-la-jungle_hardcover_3-440x440.jpg 1x, https:\/\/jt.lv\/wp-content\/uploads\/2023\/09\/JT_guide-de-survie-dans-la-jungle_hardcover_3-880x880.jpg?v=2 2x\" alt=\"Guide de survie dans la jungle\">\n\t\t\t\t\t\t\t<\/div>\n\t\t\t\t\t\t\t<div class=\"title\">\n\t\t\t\t\t\t\t\t<div class=\"heading\">Reliure rigide, offset en tissu.<\/div>\n\t\t\t\t\t\t\t<\/div>\n\t\t\t\t\t\t<\/div>\n\n\t\t\t\t\t\t\n                        \n\t\t\t\t\t\t<div class=\"item\" data-href=\"https:\/\/jt.lv\/fr\/portfoliofr\/reliures-rigides\/leclaireur-recits-graves\/\">\n\t\t\t\t\t\t\t<div class=\"image\">\n\t\t\t\t\t\t\t\t<img decoding=\"async\" class=\"lazy\" src=\"https:\/\/jt.lv\/wp-content\/themes\/jelgavastipografija\/assets\/img\/portfolio-grid-placeholder-1.gif\" data-src=\"https:\/\/jt.lv\/wp-content\/uploads\/2023\/09\/JT-Leclaireur-recits-graves-lynd-ward-02-440x440.jpg\" data-srcset=\"https:\/\/jt.lv\/wp-content\/uploads\/2023\/09\/JT-Leclaireur-recits-graves-lynd-ward-02-440x440.jpg 1x, https:\/\/jt.lv\/wp-content\/uploads\/2023\/09\/JT-Leclaireur-recits-graves-lynd-ward-02-880x880.jpg?v=2 2x\" alt=\"L&rsquo;\u00e9claireur &#8211; R\u00e9cits Grav\u00e9s\">\n\t\t\t\t\t\t\t<\/div>\n\t\t\t\t\t\t\t<div class=\"title\">\n\t\t\t\t\t\t\t\t<div class=\"heading\">Le coffret imprim\u00e9 en offset contient trois reliures rigides avec dos rond.<\/div>\n\t\t\t\t\t\t\t<\/div>\n\t\t\t\t\t\t<\/div>\n\n\t\t\t\t\t\t\n                        \n\t\t\t\t\t\t<div class=\"item\" data-href=\"https:\/\/jt.lv\/fr\/portfoliofr\/reliures-souples\/poster-power\/\">\n\t\t\t\t\t\t\t<div class=\"image\">\n\t\t\t\t\t\t\t\t<img decoding=\"async\" class=\"lazy\" src=\"https:\/\/jt.lv\/wp-content\/themes\/jelgavastipografija\/assets\/img\/portfolio-grid-placeholder-1.gif\" data-src=\"https:\/\/jt.lv\/wp-content\/uploads\/2023\/09\/JT-poster-power-teresa-sdralevich-14-440x440.jpg\" data-srcset=\"https:\/\/jt.lv\/wp-content\/uploads\/2023\/09\/JT-poster-power-teresa-sdralevich-14-440x440.jpg 1x, https:\/\/jt.lv\/wp-content\/uploads\/2023\/09\/JT-poster-power-teresa-sdralevich-14-880x880.jpg?v=2 2x\" alt=\"Poster Power! Affiches \u00e0 d\u00e9couvrir &amp; \u00e0 cr\u00e9er\">\n\t\t\t\t\t\t\t<\/div>\n\t\t\t\t\t\t\t<div class=\"title\">\n\t\t\t\t\t\t\t\t<div class=\"heading\">Reliure souple avec rabats et vernis, l&rsquo;int\u00e9rieur est imprim\u00e9 en 5 couleurs. <\/div>\n\t\t\t\t\t\t\t<\/div>\n\t\t\t\t\t\t<\/div>\n\n\t\t\t\t\t\t\n                        \n\t\t\t\t\t\t<div class=\"item\" data-href=\"https:\/\/jt.lv\/fr\/portfoliofr\/reliures-rigides\/the-brask-collection\/\">\n\t\t\t\t\t\t\t<div class=\"image\">\n\t\t\t\t\t\t\t\t<img decoding=\"async\" class=\"lazy\" src=\"https:\/\/jt.lv\/wp-content\/themes\/jelgavastipografija\/assets\/img\/portfolio-grid-placeholder-1.gif\" data-src=\"https:\/\/jt.lv\/wp-content\/uploads\/2023\/09\/JT_The_Brask_Collection_Jens-Peter_Brask_Christian_Langballe_03-440x440.jpg\" data-srcset=\"https:\/\/jt.lv\/wp-content\/uploads\/2023\/09\/JT_The_Brask_Collection_Jens-Peter_Brask_Christian_Langballe_03-440x440.jpg 1x, https:\/\/jt.lv\/wp-content\/uploads\/2023\/09\/JT_The_Brask_Collection_Jens-Peter_Brask_Christian_Langballe_03-880x880.jpg?v=2 2x\" alt=\"The Brask Collection\">\n\t\t\t\t\t\t\t<\/div>\n\t\t\t\t\t\t\t<div class=\"title\">\n\t\t\t\t\t\t\t\t<div class=\"heading\">Reliure rigide avec dos carr\u00e9, vernis protecteur et  marquage \u00e0 chaud sur la couverture, jaspage.<\/div>\n\t\t\t\t\t\t\t<\/div>\n\t\t\t\t\t\t<\/div>\n\n\t\t\t\t\t\t\n\t\t\t\t\t<\/div>\n\n\t\t\t\t<\/div>\n\n\t\t\t\t<div class=\"cta\">\n\t\t\t\t\t<a href=\"https:\/\/jt.lv\/fr\/\/portfoliofr\" class=\"jt-button-1 has-radius-right\">Voir plus<\/a>\n\t\t\t\t<\/div>\n\n\t\t\t<\/div>\n\t\t<\/div>\n\t<\/div>\n\n    <script>\n\n        jQuery(window).on('load', function() {\n\n\n            var isDragging = false;\n\n            jQuery('.jt-portfolio .item').mousedown(function() {\n                jQuery(window).mousemove(function() {\n                    isDragging = true;\n                    jQuery(window).unbind('mousemove');\n                    \/\/ console.log('UNBIND MOUSEMOVE');\n                });\n            }).mouseup(function() {\n                var wasDragging = isDragging;\n                isDragging = false;\n                jQuery(window).unbind('mousemove');\n                \/\/ console.log('UNBIND MOUSEMOVE');\n                if (!wasDragging) {\n\n                    \/\/ Get link from data attribute\n\n                    \/\/  jQuery('.born-intro-dragger .dragger-card:not(.is-title)').each(function() {\n                    var card = jQuery(this);\n                    if (card.is('[data-href]')) {\n                        thisdata = jQuery(card).attr('data-href');\n                        window.location.href = thisdata;\n                    }\n                    \/\/  });\n\n                }\n            });\n\n        });\n\n\n    <\/script>\n\n\n\n\n\n\n\t<div class=\"jt-promo-cta has-bg-image\" style=\"background-image: url(https:\/\/jt.lv\/wp-content\/uploads\/2025\/06\/jelgavas-tipografija-gramatu-razosana-digitala-druka.jpg);\">\n\t\t<div class=\"born-container is-default\">\n\t\t\t<div class=\"inner\">\n\t\t\t\t<div class=\"text\">\n\t\t\t\t\tMaintenant aussi l&rsquo;impression num\u00e9rique !\t\t\t\t<\/div>\n\t\t\t\t\t\t\t\t<div class=\"cta\">\n\t\t\t\t\t<a href=\"https:\/\/jt.lv\/fr\/impression-numerique\/\" target=\"_blank\" title=\"En savoir plus\" class=\"jt-button-1 has-radius-right\">En savoir plus<\/a>\n\t\t\t\t<\/div>\n\t\t\t\t\t\t\t<\/div>\n\t\t<\/div>\n\t<\/div>\n\n\n","protected":false},"excerpt":{"rendered":"","protected":false},"author":1,"featured_media":0,"parent":0,"menu_order":6,"comment_status":"closed","ping_status":"closed","template":"","meta":{"_acf_changed":false,"inline_featured_image":false,"footnotes":""},"class_list":["post-5308","page","type-page","status-publish","hentry"],"acf":[],"yoast_head":"<!-- This site is optimized with the Yoast SEO plugin v27.4 - https:\/\/yoast.com\/product\/yoast-seo-wordpress\/ -->\n<title>Impression et reliure de livres - Jelgavas tipogr\u0101fija<\/title>\n<meta name=\"description\" content=\"Fabricant de livres europ\u00e9en bas\u00e9 en Lettonie. Impression offset et num\u00e9rique, reliure, finitions et livraison dans toute l\u2019Europe.\" \/>\n<meta name=\"robots\" content=\"index, follow, max-snippet:-1, max-image-preview:large, max-video-preview:-1\" \/>\n<link rel=\"canonical\" href=\"https:\/\/jt.lv\/fr\/\" \/>\n<meta property=\"og:locale\" content=\"fr_FR\" \/>\n<meta property=\"og:type\" content=\"article\" \/>\n<meta property=\"og:title\" content=\"Impression et reliure de livres - Jelgavas tipogr\u0101fija\" \/>\n<meta property=\"og:description\" content=\"Fabricant de livres europ\u00e9en bas\u00e9 en Lettonie. Impression offset et num\u00e9rique, reliure, finitions et livraison dans toute l\u2019Europe.\" \/>\n<meta property=\"og:url\" content=\"https:\/\/jt.lv\/fr\/\" \/>\n<meta property=\"og:site_name\" content=\"Jelgavas tipogr\u0101fija\" \/>\n<meta property=\"article:modified_time\" content=\"2026-04-20T09:19:36+00:00\" \/>\n<meta property=\"og:image\" content=\"https:\/\/jt.lv\/wp-content\/uploads\/2025\/06\/site-image.png\" \/>\n\t<meta property=\"og:image:width\" content=\"1200\" \/>\n\t<meta property=\"og:image:height\" content=\"675\" \/>\n\t<meta property=\"og:image:type\" content=\"image\/png\" \/>\n<meta name=\"twitter:card\" content=\"summary_large_image\" \/>\n<script type=\"application\/ld+json\" class=\"yoast-schema-graph\">{\"@context\":\"https:\\\/\\\/schema.org\",\"@graph\":[{\"@type\":\"WebPage\",\"@id\":\"https:\\\/\\\/jt.lv\\\/fr\\\/\",\"url\":\"https:\\\/\\\/jt.lv\\\/fr\\\/\",\"name\":\"Impression et reliure de livres - Jelgavas tipogr\u0101fija\",\"isPartOf\":{\"@id\":\"http:\\\/\\\/jt.lv\\\/fr\\\/#website\"},\"datePublished\":\"2023-07-26T04:36:44+00:00\",\"dateModified\":\"2026-04-20T09:19:36+00:00\",\"description\":\"Fabricant de livres europ\u00e9en bas\u00e9 en Lettonie. Impression offset et num\u00e9rique, reliure, finitions et livraison dans toute l\u2019Europe.\",\"breadcrumb\":{\"@id\":\"https:\\\/\\\/jt.lv\\\/fr\\\/#breadcrumb\"},\"inLanguage\":\"fr-FR\",\"potentialAction\":[{\"@type\":\"ReadAction\",\"target\":[\"https:\\\/\\\/jt.lv\\\/fr\\\/\"]}]},{\"@type\":\"BreadcrumbList\",\"@id\":\"https:\\\/\\\/jt.lv\\\/fr\\\/#breadcrumb\",\"itemListElement\":[{\"@type\":\"ListItem\",\"position\":1,\"name\":\"Home\",\"item\":\"https:\\\/\\\/jt.lv\\\/fr\\\/\"},{\"@type\":\"ListItem\",\"position\":2,\"name\":\"Page d&#8217;accueil\"}]},{\"@type\":\"WebSite\",\"@id\":\"http:\\\/\\\/jt.lv\\\/fr\\\/#website\",\"url\":\"http:\\\/\\\/jt.lv\\\/fr\\\/\",\"name\":\"Jelgavas tipogr\u0101fija\",\"description\":\"M\u0113s ra\u017eojam gr\u0101matas.\",\"publisher\":{\"@id\":\"http:\\\/\\\/jt.lv\\\/fr\\\/#organization\"},\"potentialAction\":[{\"@type\":\"SearchAction\",\"target\":{\"@type\":\"EntryPoint\",\"urlTemplate\":\"http:\\\/\\\/jt.lv\\\/fr\\\/?s={search_term_string}\"},\"query-input\":{\"@type\":\"PropertyValueSpecification\",\"valueRequired\":true,\"valueName\":\"search_term_string\"}}],\"inLanguage\":\"fr-FR\"},{\"@type\":\"Organization\",\"@id\":\"http:\\\/\\\/jt.lv\\\/fr\\\/#organization\",\"name\":\"Jelgavas tipogr\u0101fija\",\"url\":\"http:\\\/\\\/jt.lv\\\/fr\\\/\",\"logo\":{\"@type\":\"ImageObject\",\"inLanguage\":\"fr-FR\",\"@id\":\"http:\\\/\\\/jt.lv\\\/fr\\\/#\\\/schema\\\/logo\\\/image\\\/\",\"url\":\"https:\\\/\\\/jt.lv\\\/wp-content\\\/uploads\\\/2025\\\/06\\\/jt-logo.png\",\"contentUrl\":\"https:\\\/\\\/jt.lv\\\/wp-content\\\/uploads\\\/2025\\\/06\\\/jt-logo.png\",\"width\":696,\"height\":696,\"caption\":\"Jelgavas tipogr\u0101fija\"},\"image\":{\"@id\":\"http:\\\/\\\/jt.lv\\\/fr\\\/#\\\/schema\\\/logo\\\/image\\\/\"}}]}<\/script>\n<!-- \/ Yoast SEO plugin. -->","yoast_head_json":{"title":"Impression et reliure de livres - Jelgavas tipogr\u0101fija","description":"Fabricant de livres europ\u00e9en bas\u00e9 en Lettonie. Impression offset et num\u00e9rique, reliure, finitions et livraison dans toute l\u2019Europe.","robots":{"index":"index","follow":"follow","max-snippet":"max-snippet:-1","max-image-preview":"max-image-preview:large","max-video-preview":"max-video-preview:-1"},"canonical":"https:\/\/jt.lv\/fr\/","og_locale":"fr_FR","og_type":"article","og_title":"Impression et reliure de livres - Jelgavas tipogr\u0101fija","og_description":"Fabricant de livres europ\u00e9en bas\u00e9 en Lettonie. Impression offset et num\u00e9rique, reliure, finitions et livraison dans toute l\u2019Europe.","og_url":"https:\/\/jt.lv\/fr\/","og_site_name":"Jelgavas tipogr\u0101fija","article_modified_time":"2026-04-20T09:19:36+00:00","og_image":[{"width":1200,"height":675,"url":"https:\/\/jt.lv\/wp-content\/uploads\/2025\/06\/site-image.png","type":"image\/png"}],"twitter_card":"summary_large_image","schema":{"@context":"https:\/\/schema.org","@graph":[{"@type":"WebPage","@id":"https:\/\/jt.lv\/fr\/","url":"https:\/\/jt.lv\/fr\/","name":"Impression et reliure de livres - Jelgavas tipogr\u0101fija","isPartOf":{"@id":"http:\/\/jt.lv\/fr\/#website"},"datePublished":"2023-07-26T04:36:44+00:00","dateModified":"2026-04-20T09:19:36+00:00","description":"Fabricant de livres europ\u00e9en bas\u00e9 en Lettonie. Impression offset et num\u00e9rique, reliure, finitions et livraison dans toute l\u2019Europe.","breadcrumb":{"@id":"https:\/\/jt.lv\/fr\/#breadcrumb"},"inLanguage":"fr-FR","potentialAction":[{"@type":"ReadAction","target":["https:\/\/jt.lv\/fr\/"]}]},{"@type":"BreadcrumbList","@id":"https:\/\/jt.lv\/fr\/#breadcrumb","itemListElement":[{"@type":"ListItem","position":1,"name":"Home","item":"https:\/\/jt.lv\/fr\/"},{"@type":"ListItem","position":2,"name":"Page d&#8217;accueil"}]},{"@type":"WebSite","@id":"http:\/\/jt.lv\/fr\/#website","url":"http:\/\/jt.lv\/fr\/","name":"Jelgavas tipogr\u0101fija","description":"M\u0113s ra\u017eojam gr\u0101matas.","publisher":{"@id":"http:\/\/jt.lv\/fr\/#organization"},"potentialAction":[{"@type":"SearchAction","target":{"@type":"EntryPoint","urlTemplate":"http:\/\/jt.lv\/fr\/?s={search_term_string}"},"query-input":{"@type":"PropertyValueSpecification","valueRequired":true,"valueName":"search_term_string"}}],"inLanguage":"fr-FR"},{"@type":"Organization","@id":"http:\/\/jt.lv\/fr\/#organization","name":"Jelgavas tipogr\u0101fija","url":"http:\/\/jt.lv\/fr\/","logo":{"@type":"ImageObject","inLanguage":"fr-FR","@id":"http:\/\/jt.lv\/fr\/#\/schema\/logo\/image\/","url":"https:\/\/jt.lv\/wp-content\/uploads\/2025\/06\/jt-logo.png","contentUrl":"https:\/\/jt.lv\/wp-content\/uploads\/2025\/06\/jt-logo.png","width":696,"height":696,"caption":"Jelgavas tipogr\u0101fija"},"image":{"@id":"http:\/\/jt.lv\/fr\/#\/schema\/logo\/image\/"}}]}},"_links":{"self":[{"href":"https:\/\/jt.lv\/fr\/wp-json\/wp\/v2\/pages\/5308","targetHints":{"allow":["GET"]}}],"collection":[{"href":"https:\/\/jt.lv\/fr\/wp-json\/wp\/v2\/pages"}],"about":[{"href":"https:\/\/jt.lv\/fr\/wp-json\/wp\/v2\/types\/page"}],"author":[{"embeddable":true,"href":"https:\/\/jt.lv\/fr\/wp-json\/wp\/v2\/users\/1"}],"replies":[{"embeddable":true,"href":"https:\/\/jt.lv\/fr\/wp-json\/wp\/v2\/comments?post=5308"}],"version-history":[{"count":30,"href":"https:\/\/jt.lv\/fr\/wp-json\/wp\/v2\/pages\/5308\/revisions"}],"predecessor-version":[{"id":10248,"href":"https:\/\/jt.lv\/fr\/wp-json\/wp\/v2\/pages\/5308\/revisions\/10248"}],"wp:attachment":[{"href":"https:\/\/jt.lv\/fr\/wp-json\/wp\/v2\/media?parent=5308"}],"curies":[{"name":"wp","href":"https:\/\/api.w.org\/{rel}","templated":true}]}}