{"id":5298,"date":"2023-08-31T08:29:49","date_gmt":"2023-08-31T06:29:49","guid":{"rendered":"https:\/\/jt.lv\/failu-iesutisana-veiksmiga\/"},"modified":"2026-01-21T10:37:37","modified_gmt":"2026-01-21T08:37:37","slug":"telechargement-reussi","status":"publish","type":"page","link":"https:\/\/jt.lv\/fr\/telechargement-reussi\/","title":{"rendered":"T\u00e9l\u00e9chargement du fichier r\u00e9ussi"},"content":{"rendered":"\n\n\n\t<div class=\"jt-file-upload-success\">\n\t\t<div class=\"born-container is-default\">\n\t\t\t<div class=\"inner\">\n\n\t\t\t\t<div class=\"heading\">\n\t\t\t\t\tLes fichiers d&rsquo;impression ont \u00e9t\u00e9 envoy\u00e9s.\t\t\t\t<\/div>\n\n                \n\t\t\t<\/div>\n\t\t<\/div>\n\t<\/div>\n\n\n\n\n\n\n\n\n\t<div class=\"jt-portfolio\">\n\t\t<div class=\"born-container is-default\">\n\t\t\t<div class=\"inner\">\n\n\t\t\t\t\t\t\t\t<h2>D\u00e9couvrez d&rsquo;autres projets<\/h2>\n\t\t\t\t\n\t\t\t\t<div class=\"scroll-wrapper\">\n\n\t\t\t\t\t<div class=\"items-grid\">\n\n\t\t\t\t\t\t\n                        \n\t\t\t\t\t\t<div class=\"item\" data-href=\"https:\/\/jt.lv\/fr\/portfoliofr\/reliures-rigides\/moi-ce-que-jaime-cest-les-monstres\/\">\n\t\t\t\t\t\t\t<div class=\"image\">\n\t\t\t\t\t\t\t\t<img decoding=\"async\" class=\"lazy\" src=\"https:\/\/jt.lv\/wp-content\/themes\/jelgavastipografija\/assets\/img\/portfolio-grid-placeholder-1.gif\" data-src=\"https:\/\/jt.lv\/wp-content\/uploads\/2023\/09\/JT_moi-ce-que-jaime-cest-les-monstres_hardcover_7-440x440.jpg\" data-srcset=\"https:\/\/jt.lv\/wp-content\/uploads\/2023\/09\/JT_moi-ce-que-jaime-cest-les-monstres_hardcover_7-440x440.jpg 1x, https:\/\/jt.lv\/wp-content\/uploads\/2023\/09\/JT_moi-ce-que-jaime-cest-les-monstres_hardcover_7-880x880.jpg?v=2 2x\" alt=\"Moi, ce que j\u2019aime, c\u2019est les monstres (\u00c9dition limit\u00e9e Cr\u00e9ature)\">\n\t\t\t\t\t\t\t<\/div>\n\t\t\t\t\t\t\t<div class=\"title\">\n\t\t\t\t\t\t\t\t<div class=\"heading\">Reliure rigide, s\u00e9rigraphie, les jaquettes en pelliculage imprim\u00e9 en recto-verso, signet.<\/div>\n\t\t\t\t\t\t\t<\/div>\n\t\t\t\t\t\t<\/div>\n\n\t\t\t\t\t\t\n                        \n\t\t\t\t\t\t<div class=\"item\" data-href=\"https:\/\/jt.lv\/fr\/portfoliofr\/reliures-rigides\/tonight-lounge\/\">\n\t\t\t\t\t\t\t<div class=\"image\">\n\t\t\t\t\t\t\t\t<img decoding=\"async\" class=\"lazy\" src=\"https:\/\/jt.lv\/wp-content\/themes\/jelgavastipografija\/assets\/img\/portfolio-grid-placeholder-1.gif\" data-src=\"https:\/\/jt.lv\/wp-content\/uploads\/2023\/09\/JT_tonight-lounge_hardcover_6-440x440.jpg\" data-srcset=\"https:\/\/jt.lv\/wp-content\/uploads\/2023\/09\/JT_tonight-lounge_hardcover_6-440x440.jpg 1x, https:\/\/jt.lv\/wp-content\/uploads\/2023\/09\/JT_tonight-lounge_hardcover_6-880x880.jpg?v=2 2x\" alt=\"Tonight Lounge\">\n\t\t\t\t\t\t\t<\/div>\n\t\t\t\t\t\t\t<div class=\"title\">\n\t\t\t\t\t\t\t\t<div class=\"heading\">Reliure rigide, marquage \u00e0 chaud en rouge, gaufrage avec un autocollant sur la couverture.<\/div>\n\t\t\t\t\t\t\t<\/div>\n\t\t\t\t\t\t<\/div>\n\n\t\t\t\t\t\t\n                        \n\t\t\t\t\t\t<div class=\"item\" data-href=\"https:\/\/jt.lv\/fr\/portfoliofr\/reliures-rigides\/guide-de-survie-dans-la-jungle\/\">\n\t\t\t\t\t\t\t<div class=\"image\">\n\t\t\t\t\t\t\t\t<img decoding=\"async\" class=\"lazy\" src=\"https:\/\/jt.lv\/wp-content\/themes\/jelgavastipografija\/assets\/img\/portfolio-grid-placeholder-1.gif\" data-src=\"https:\/\/jt.lv\/wp-content\/uploads\/2023\/09\/JT_guide-de-survie-dans-la-jungle_hardcover_3-440x440.jpg\" data-srcset=\"https:\/\/jt.lv\/wp-content\/uploads\/2023\/09\/JT_guide-de-survie-dans-la-jungle_hardcover_3-440x440.jpg 1x, https:\/\/jt.lv\/wp-content\/uploads\/2023\/09\/JT_guide-de-survie-dans-la-jungle_hardcover_3-880x880.jpg?v=2 2x\" alt=\"Guide de survie dans la jungle\">\n\t\t\t\t\t\t\t<\/div>\n\t\t\t\t\t\t\t<div class=\"title\">\n\t\t\t\t\t\t\t\t<div class=\"heading\">Reliure rigide, offset en tissu.<\/div>\n\t\t\t\t\t\t\t<\/div>\n\t\t\t\t\t\t<\/div>\n\n\t\t\t\t\t\t\n                        \n\t\t\t\t\t\t<div class=\"item\" data-href=\"https:\/\/jt.lv\/fr\/portfoliofr\/reliures-rigides\/leclaireur-recits-graves\/\">\n\t\t\t\t\t\t\t<div class=\"image\">\n\t\t\t\t\t\t\t\t<img decoding=\"async\" class=\"lazy\" src=\"https:\/\/jt.lv\/wp-content\/themes\/jelgavastipografija\/assets\/img\/portfolio-grid-placeholder-1.gif\" data-src=\"https:\/\/jt.lv\/wp-content\/uploads\/2023\/09\/JT-Leclaireur-recits-graves-lynd-ward-02-440x440.jpg\" data-srcset=\"https:\/\/jt.lv\/wp-content\/uploads\/2023\/09\/JT-Leclaireur-recits-graves-lynd-ward-02-440x440.jpg 1x, https:\/\/jt.lv\/wp-content\/uploads\/2023\/09\/JT-Leclaireur-recits-graves-lynd-ward-02-880x880.jpg?v=2 2x\" alt=\"L&rsquo;\u00e9claireur &#8211; R\u00e9cits Grav\u00e9s\">\n\t\t\t\t\t\t\t<\/div>\n\t\t\t\t\t\t\t<div class=\"title\">\n\t\t\t\t\t\t\t\t<div class=\"heading\">Le coffret imprim\u00e9 en offset contient trois reliures rigides avec dos rond.<\/div>\n\t\t\t\t\t\t\t<\/div>\n\t\t\t\t\t\t<\/div>\n\n\t\t\t\t\t\t\n                        \n\t\t\t\t\t\t<div class=\"item\" data-href=\"https:\/\/jt.lv\/fr\/portfoliofr\/reliures-souples\/poster-power\/\">\n\t\t\t\t\t\t\t<div class=\"image\">\n\t\t\t\t\t\t\t\t<img decoding=\"async\" class=\"lazy\" src=\"https:\/\/jt.lv\/wp-content\/themes\/jelgavastipografija\/assets\/img\/portfolio-grid-placeholder-1.gif\" data-src=\"https:\/\/jt.lv\/wp-content\/uploads\/2023\/09\/JT-poster-power-teresa-sdralevich-14-440x440.jpg\" data-srcset=\"https:\/\/jt.lv\/wp-content\/uploads\/2023\/09\/JT-poster-power-teresa-sdralevich-14-440x440.jpg 1x, https:\/\/jt.lv\/wp-content\/uploads\/2023\/09\/JT-poster-power-teresa-sdralevich-14-880x880.jpg?v=2 2x\" alt=\"Poster Power! Affiches \u00e0 d\u00e9couvrir &amp; \u00e0 cr\u00e9er\">\n\t\t\t\t\t\t\t<\/div>\n\t\t\t\t\t\t\t<div class=\"title\">\n\t\t\t\t\t\t\t\t<div class=\"heading\">Reliure souple avec rabats et vernis, l&rsquo;int\u00e9rieur est imprim\u00e9 en 5 couleurs. <\/div>\n\t\t\t\t\t\t\t<\/div>\n\t\t\t\t\t\t<\/div>\n\n\t\t\t\t\t\t\n                        \n\t\t\t\t\t\t<div class=\"item\" data-href=\"https:\/\/jt.lv\/fr\/portfoliofr\/reliures-rigides\/the-brask-collection\/\">\n\t\t\t\t\t\t\t<div class=\"image\">\n\t\t\t\t\t\t\t\t<img decoding=\"async\" class=\"lazy\" src=\"https:\/\/jt.lv\/wp-content\/themes\/jelgavastipografija\/assets\/img\/portfolio-grid-placeholder-1.gif\" data-src=\"https:\/\/jt.lv\/wp-content\/uploads\/2023\/09\/JT_The_Brask_Collection_Jens-Peter_Brask_Christian_Langballe_03-440x440.jpg\" data-srcset=\"https:\/\/jt.lv\/wp-content\/uploads\/2023\/09\/JT_The_Brask_Collection_Jens-Peter_Brask_Christian_Langballe_03-440x440.jpg 1x, https:\/\/jt.lv\/wp-content\/uploads\/2023\/09\/JT_The_Brask_Collection_Jens-Peter_Brask_Christian_Langballe_03-880x880.jpg?v=2 2x\" alt=\"The Brask Collection\">\n\t\t\t\t\t\t\t<\/div>\n\t\t\t\t\t\t\t<div class=\"title\">\n\t\t\t\t\t\t\t\t<div class=\"heading\">Reliure rigide avec dos carr\u00e9, vernis protecteur et  marquage \u00e0 chaud sur la couverture, jaspage.<\/div>\n\t\t\t\t\t\t\t<\/div>\n\t\t\t\t\t\t<\/div>\n\n\t\t\t\t\t\t\n\t\t\t\t\t<\/div>\n\n\t\t\t\t<\/div>\n\n\t\t\t\t<div class=\"cta\">\n\t\t\t\t\t<a href=\"https:\/\/jt.lv\/fr\/\/portfoliofr\" class=\"jt-button-1 has-radius-right\">Voir plus<\/a>\n\t\t\t\t<\/div>\n\n\t\t\t<\/div>\n\t\t<\/div>\n\t<\/div>\n\n    <script>\n\n        jQuery(window).on('load', function() {\n\n\n            var isDragging = false;\n\n            jQuery('.jt-portfolio .item').mousedown(function() {\n                jQuery(window).mousemove(function() {\n                    isDragging = true;\n                    jQuery(window).unbind('mousemove');\n                    \/\/ console.log('UNBIND MOUSEMOVE');\n                });\n            }).mouseup(function() {\n                var wasDragging = isDragging;\n                isDragging = false;\n                jQuery(window).unbind('mousemove');\n                \/\/ console.log('UNBIND MOUSEMOVE');\n                if (!wasDragging) {\n\n                    \/\/ Get link from data attribute\n\n                    \/\/  jQuery('.born-intro-dragger .dragger-card:not(.is-title)').each(function() {\n                    var card = jQuery(this);\n                    if (card.is('[data-href]')) {\n                        thisdata = jQuery(card).attr('data-href');\n                        window.location.href = thisdata;\n                    }\n                    \/\/  });\n\n                }\n            });\n\n        });\n\n\n    <\/script>\n\n","protected":false},"excerpt":{"rendered":"","protected":false},"author":1,"featured_media":0,"parent":0,"menu_order":72,"comment_status":"closed","ping_status":"closed","template":"","meta":{"_acf_changed":false,"inline_featured_image":false,"footnotes":""},"class_list":["post-5298","page","type-page","status-publish","hentry"],"acf":[],"yoast_head":"<!-- This site is optimized with the Yoast SEO plugin v27.4 - https:\/\/yoast.com\/product\/yoast-seo-wordpress\/ -->\n<title>T\u00e9l\u00e9chargement du fichier r\u00e9ussi - Jelgavas tipogr\u0101fija<\/title>\n<meta name=\"robots\" content=\"index, follow, max-snippet:-1, max-image-preview:large, max-video-preview:-1\" \/>\n<link rel=\"canonical\" href=\"https:\/\/jt.lv\/fr\/telechargement-reussi\/\" \/>\n<meta property=\"og:locale\" content=\"fr_FR\" \/>\n<meta property=\"og:type\" content=\"article\" \/>\n<meta property=\"og:title\" content=\"T\u00e9l\u00e9chargement du fichier r\u00e9ussi - Jelgavas tipogr\u0101fija\" \/>\n<meta property=\"og:url\" content=\"https:\/\/jt.lv\/fr\/telechargement-reussi\/\" \/>\n<meta property=\"og:site_name\" content=\"Jelgavas tipogr\u0101fija\" \/>\n<meta property=\"article:modified_time\" content=\"2026-01-21T08:37:37+00:00\" \/>\n<meta property=\"og:image\" content=\"https:\/\/jt.lv\/wp-content\/uploads\/2025\/06\/site-image.png\" \/>\n\t<meta property=\"og:image:width\" content=\"1200\" \/>\n\t<meta property=\"og:image:height\" content=\"675\" \/>\n\t<meta property=\"og:image:type\" content=\"image\/png\" \/>\n<meta name=\"twitter:card\" content=\"summary_large_image\" \/>\n<script type=\"application\/ld+json\" class=\"yoast-schema-graph\">{\"@context\":\"https:\\\/\\\/schema.org\",\"@graph\":[{\"@type\":\"WebPage\",\"@id\":\"https:\\\/\\\/jt.lv\\\/fr\\\/telechargement-reussi\\\/\",\"url\":\"https:\\\/\\\/jt.lv\\\/fr\\\/telechargement-reussi\\\/\",\"name\":\"T\u00e9l\u00e9chargement du fichier r\u00e9ussi - Jelgavas tipogr\u0101fija\",\"isPartOf\":{\"@id\":\"http:\\\/\\\/jt.lv\\\/fr\\\/#website\"},\"datePublished\":\"2023-08-31T06:29:49+00:00\",\"dateModified\":\"2026-01-21T08:37:37+00:00\",\"breadcrumb\":{\"@id\":\"https:\\\/\\\/jt.lv\\\/fr\\\/telechargement-reussi\\\/#breadcrumb\"},\"inLanguage\":\"fr-FR\",\"potentialAction\":[{\"@type\":\"ReadAction\",\"target\":[\"https:\\\/\\\/jt.lv\\\/fr\\\/telechargement-reussi\\\/\"]}]},{\"@type\":\"BreadcrumbList\",\"@id\":\"https:\\\/\\\/jt.lv\\\/fr\\\/telechargement-reussi\\\/#breadcrumb\",\"itemListElement\":[{\"@type\":\"ListItem\",\"position\":1,\"name\":\"Home\",\"item\":\"https:\\\/\\\/jt.lv\\\/fr\\\/\"},{\"@type\":\"ListItem\",\"position\":2,\"name\":\"T\u00e9l\u00e9chargement du fichier r\u00e9ussi\"}]},{\"@type\":\"WebSite\",\"@id\":\"http:\\\/\\\/jt.lv\\\/fr\\\/#website\",\"url\":\"http:\\\/\\\/jt.lv\\\/fr\\\/\",\"name\":\"Jelgavas tipogr\u0101fija\",\"description\":\"M\u0113s ra\u017eojam gr\u0101matas.\",\"publisher\":{\"@id\":\"http:\\\/\\\/jt.lv\\\/fr\\\/#organization\"},\"potentialAction\":[{\"@type\":\"SearchAction\",\"target\":{\"@type\":\"EntryPoint\",\"urlTemplate\":\"http:\\\/\\\/jt.lv\\\/fr\\\/?s={search_term_string}\"},\"query-input\":{\"@type\":\"PropertyValueSpecification\",\"valueRequired\":true,\"valueName\":\"search_term_string\"}}],\"inLanguage\":\"fr-FR\"},{\"@type\":\"Organization\",\"@id\":\"http:\\\/\\\/jt.lv\\\/fr\\\/#organization\",\"name\":\"Jelgavas tipogr\u0101fija\",\"url\":\"http:\\\/\\\/jt.lv\\\/fr\\\/\",\"logo\":{\"@type\":\"ImageObject\",\"inLanguage\":\"fr-FR\",\"@id\":\"http:\\\/\\\/jt.lv\\\/fr\\\/#\\\/schema\\\/logo\\\/image\\\/\",\"url\":\"https:\\\/\\\/jt.lv\\\/wp-content\\\/uploads\\\/2025\\\/06\\\/jt-logo.png\",\"contentUrl\":\"https:\\\/\\\/jt.lv\\\/wp-content\\\/uploads\\\/2025\\\/06\\\/jt-logo.png\",\"width\":696,\"height\":696,\"caption\":\"Jelgavas tipogr\u0101fija\"},\"image\":{\"@id\":\"http:\\\/\\\/jt.lv\\\/fr\\\/#\\\/schema\\\/logo\\\/image\\\/\"}}]}<\/script>\n<!-- \/ Yoast SEO plugin. -->","yoast_head_json":{"title":"T\u00e9l\u00e9chargement du fichier r\u00e9ussi - Jelgavas tipogr\u0101fija","robots":{"index":"index","follow":"follow","max-snippet":"max-snippet:-1","max-image-preview":"max-image-preview:large","max-video-preview":"max-video-preview:-1"},"canonical":"https:\/\/jt.lv\/fr\/telechargement-reussi\/","og_locale":"fr_FR","og_type":"article","og_title":"T\u00e9l\u00e9chargement du fichier r\u00e9ussi - Jelgavas tipogr\u0101fija","og_url":"https:\/\/jt.lv\/fr\/telechargement-reussi\/","og_site_name":"Jelgavas tipogr\u0101fija","article_modified_time":"2026-01-21T08:37:37+00:00","og_image":[{"width":1200,"height":675,"url":"https:\/\/jt.lv\/wp-content\/uploads\/2025\/06\/site-image.png","type":"image\/png"}],"twitter_card":"summary_large_image","schema":{"@context":"https:\/\/schema.org","@graph":[{"@type":"WebPage","@id":"https:\/\/jt.lv\/fr\/telechargement-reussi\/","url":"https:\/\/jt.lv\/fr\/telechargement-reussi\/","name":"T\u00e9l\u00e9chargement du fichier r\u00e9ussi - Jelgavas tipogr\u0101fija","isPartOf":{"@id":"http:\/\/jt.lv\/fr\/#website"},"datePublished":"2023-08-31T06:29:49+00:00","dateModified":"2026-01-21T08:37:37+00:00","breadcrumb":{"@id":"https:\/\/jt.lv\/fr\/telechargement-reussi\/#breadcrumb"},"inLanguage":"fr-FR","potentialAction":[{"@type":"ReadAction","target":["https:\/\/jt.lv\/fr\/telechargement-reussi\/"]}]},{"@type":"BreadcrumbList","@id":"https:\/\/jt.lv\/fr\/telechargement-reussi\/#breadcrumb","itemListElement":[{"@type":"ListItem","position":1,"name":"Home","item":"https:\/\/jt.lv\/fr\/"},{"@type":"ListItem","position":2,"name":"T\u00e9l\u00e9chargement du fichier r\u00e9ussi"}]},{"@type":"WebSite","@id":"http:\/\/jt.lv\/fr\/#website","url":"http:\/\/jt.lv\/fr\/","name":"Jelgavas tipogr\u0101fija","description":"M\u0113s ra\u017eojam gr\u0101matas.","publisher":{"@id":"http:\/\/jt.lv\/fr\/#organization"},"potentialAction":[{"@type":"SearchAction","target":{"@type":"EntryPoint","urlTemplate":"http:\/\/jt.lv\/fr\/?s={search_term_string}"},"query-input":{"@type":"PropertyValueSpecification","valueRequired":true,"valueName":"search_term_string"}}],"inLanguage":"fr-FR"},{"@type":"Organization","@id":"http:\/\/jt.lv\/fr\/#organization","name":"Jelgavas tipogr\u0101fija","url":"http:\/\/jt.lv\/fr\/","logo":{"@type":"ImageObject","inLanguage":"fr-FR","@id":"http:\/\/jt.lv\/fr\/#\/schema\/logo\/image\/","url":"https:\/\/jt.lv\/wp-content\/uploads\/2025\/06\/jt-logo.png","contentUrl":"https:\/\/jt.lv\/wp-content\/uploads\/2025\/06\/jt-logo.png","width":696,"height":696,"caption":"Jelgavas tipogr\u0101fija"},"image":{"@id":"http:\/\/jt.lv\/fr\/#\/schema\/logo\/image\/"}}]}},"_links":{"self":[{"href":"https:\/\/jt.lv\/fr\/wp-json\/wp\/v2\/pages\/5298","targetHints":{"allow":["GET"]}}],"collection":[{"href":"https:\/\/jt.lv\/fr\/wp-json\/wp\/v2\/pages"}],"about":[{"href":"https:\/\/jt.lv\/fr\/wp-json\/wp\/v2\/types\/page"}],"author":[{"embeddable":true,"href":"https:\/\/jt.lv\/fr\/wp-json\/wp\/v2\/users\/1"}],"replies":[{"embeddable":true,"href":"https:\/\/jt.lv\/fr\/wp-json\/wp\/v2\/comments?post=5298"}],"version-history":[{"count":2,"href":"https:\/\/jt.lv\/fr\/wp-json\/wp\/v2\/pages\/5298\/revisions"}],"predecessor-version":[{"id":6626,"href":"https:\/\/jt.lv\/fr\/wp-json\/wp\/v2\/pages\/5298\/revisions\/6626"}],"wp:attachment":[{"href":"https:\/\/jt.lv\/fr\/wp-json\/wp\/v2\/media?parent=5298"}],"curies":[{"name":"wp","href":"https:\/\/api.w.org\/{rel}","templated":true}]}}