{"id":9676,"date":"2026-03-26T08:28:56","date_gmt":"2026-03-26T06:28:56","guid":{"rendered":"https:\/\/jt.lv\/?page_id=9676"},"modified":"2026-04-13T12:16:25","modified_gmt":"2026-04-13T10:16:25","slug":"childrens-book-production","status":"publish","type":"page","link":"https:\/\/jt.lv\/en\/childrens-book-production\/","title":{"rendered":"Children&#8217;s Book Production"},"content":{"rendered":"\n<p><\/p>\n\n\n\n\n\t<div class=\"jt-page-title-image\" style=\"background-image: url('https:\/\/jt.lv\/wp-content\/uploads\/2026\/04\/childrens-book-production-header-1-scaled.jpg');\">\n\t\t<div class=\"born-container is-default\">\n\t\t\t<div class=\"inner\">\n\t\t\t\t<div class=\"title\">\n\t\t\t\t\t<h1><\/h1>\n\t\t\t\t\t<p><img loading=\"lazy\" decoding=\"async\" class=\"alignnone wp-image-10223\" src=\"https:\/\/jt.lv\/wp-content\/uploads\/2026\/04\/children-book-production-bookhead-JT30-300x300.png\" alt=\"\" width=\"358\" height=\"358\" srcset=\"https:\/\/jt.lv\/wp-content\/uploads\/2026\/04\/children-book-production-bookhead-JT30-300x300.png 300w, https:\/\/jt.lv\/wp-content\/uploads\/2026\/04\/children-book-production-bookhead-JT30-150x150.png 150w, https:\/\/jt.lv\/wp-content\/uploads\/2026\/04\/children-book-production-bookhead-JT30-320x320.png 320w, https:\/\/jt.lv\/wp-content\/uploads\/2026\/04\/children-book-production-bookhead-JT30-140x140.png 140w, https:\/\/jt.lv\/wp-content\/uploads\/2026\/04\/children-book-production-bookhead-JT30-276x276.png 276w, https:\/\/jt.lv\/wp-content\/uploads\/2026\/04\/children-book-production-bookhead-JT30-160x160.png 160w, https:\/\/jt.lv\/wp-content\/uploads\/2026\/04\/children-book-production-bookhead-JT30-440x440.png 440w, https:\/\/jt.lv\/wp-content\/uploads\/2026\/04\/children-book-production-bookhead-JT30-200x200.png 200w, https:\/\/jt.lv\/wp-content\/uploads\/2026\/04\/children-book-production-bookhead-JT30-100x100.png 100w, https:\/\/jt.lv\/wp-content\/uploads\/2026\/04\/children-book-production-bookhead-JT30.png 512w\" sizes=\"auto, (max-width: 358px) 100vw, 358px\" \/><\/p>\n<p>&nbsp;<\/p>\n<h1>30 years of turning ideas into well-made books<\/h1>\n<p>Children\u2019s book production is a distinct niche. Big or small, simple or complex, educational or playful \u2013 every book deserves careful attention. We support you throughout the process, helping bring each project together as intended.<\/p>\n\t\t\t\t\t\t\t\t\t\t<div class=\"cta\">\n\t\t\t\t\t\t<a href=\"https:\/\/jt.lv\/en\/price-inquiry\/\" target=\"_blank\" title=\"Get a quote\" class=\"jt-button-1 has-radius-right\">Get a quote<\/a>\n\t\t\t\t\t<\/div>\n\t\t\t\t\t\t\t\t\t<\/div>\n\t\t\t<\/div>\n\t\t<\/div>\n\t<\/div>\n\n\n\n\n\n\t<div class=\"jt-bookmarks\">\n\t\t<div class=\"born-container is-default\">\n\t\t\t<div class=\"inner\">\n\n\t\t\t\t<div class=\"items-grid\">\n\n\t\t\t\t\t\n\t\t\t\t\t\t<div class=\"item\">\n\t\t\t\t\t\t\t<div class=\"icon\">\n\t\t\t\t\t\t\t\t<img decoding=\"async\" src=\"https:\/\/jt.lv\/wp-content\/uploads\/2026\/04\/childrens-book-production-expertise.png\" alt=\"\">\t\t\t\t\t\t\t<\/div>\n\t\t\t\t\t\t\t<div class=\"heading\">\n\t\t\t\t\t\t\t\t<h2>Expertise<\/h2>\n\t\t\t\t\t\t\t<\/div>\n\t\t\t\t\t\t\t<div class=\"desc\">\n\t\t\t\t\t\t\t\t<p>Our experience, combined with modern production capabilities, includes a wide range of binding types. We are comfortable working with both standard and more complex projects, where attention to detail matters.<\/p>\n\t\t\t\t\t\t\t<\/div>\n\t\t\t\t\t\t<\/div>\n\n\t\t\t\t\t\n\t\t\t\t\t\t<div class=\"item\">\n\t\t\t\t\t\t\t<div class=\"icon\">\n\t\t\t\t\t\t\t\t<img decoding=\"async\" src=\"https:\/\/jt.lv\/wp-content\/uploads\/2026\/04\/childrens-book-production-reliability.png\" alt=\"\">\t\t\t\t\t\t\t<\/div>\n\t\t\t\t\t\t\t<div class=\"heading\">\n\t\t\t\t\t\t\t\t<h2>Reliability<\/h2>\n\t\t\t\t\t\t\t<\/div>\n\t\t\t\t\t\t\t<div class=\"desc\">\n\t\t\t\t\t\t\t\t<p>We understand the importance of consistent quality, clear communication, and reliable delivery. This is reflected in our long-term collaborations with children\u2019s book publishers across Europe.<\/p>\n\t\t\t\t\t\t\t<\/div>\n\t\t\t\t\t\t<\/div>\n\n\t\t\t\t\t\n\t\t\t\t\t\t<div class=\"item\">\n\t\t\t\t\t\t\t<div class=\"icon\">\n\t\t\t\t\t\t\t\t<img decoding=\"async\" src=\"https:\/\/jt.lv\/wp-content\/uploads\/2026\/04\/childrens-book-production-environment.png\" alt=\"\">\t\t\t\t\t\t\t<\/div>\n\t\t\t\t\t\t\t<div class=\"heading\">\n\t\t\t\t\t\t\t\t<h2>Environment<\/h2>\n\t\t\t\t\t\t\t<\/div>\n\t\t\t\t\t\t\t<div class=\"desc\">\n\t\t\t\t\t\t\t\t<p>Sustainability is part of how we work. We use responsibly sourced materials, produce with 100% green electricity, and collaborate with certified partners. Our certifications include FSC, Nordic Swan, and ClimateCalc.<\/p>\n\t\t\t\t\t\t\t<\/div>\n\t\t\t\t\t\t<\/div>\n\n\t\t\t\t\t\n\n\t\t\t\t<\/div>\n\n\t\t\t\t\n\t\t\t\t<div class=\"cta\">\n\t\t\t\t\t<a href=\"https:\/\/jt.lv\/en\/contacts\/\" target=\"_blank\" title=\"Contact us\" class=\"jt-button-1 has-radius-both\">Contact us<\/a>\n\t\t\t\t<\/div>\n\n\t\t\t\t\n\t\t\t<\/div>\n\t\t<\/div>\n\t<\/div>\n\n\n\n\n\n\n\n\t<div class=\"jt-feature-single \" style=\"opacity: 0;\">\n\t\t<div class=\"born-container is-default\">\n\t\t\t<div class=\"inner\">\n\t\t\t\t<div class=\"image lazy\" data-bg=\"https:\/\/jt.lv\/wp-content\/uploads\/2026\/04\/childrens-book-production-1-1-1271x1239.jpg\"><\/div>\n\t\t\t\t<div class=\"data\">\n\t\t\t\t\t<div class=\"heading\">\n\t\t\t\t\t\t<h2>Wonderful collaborations<\/h2>\n\t\t\t\t\t<\/div>\n\n\t\t\t\t\t\t\t\t\t\t<div class=\"desc\">\n\t\t\t\t\t\t<p>We value the long-term collaborations we have built with children\u2019s book publishers across Europe, including Liels un mazs, Albin Michel, Actes Sud, Biscoto, Bokf\u00f6rlaget Opal, Boycott Books, Cambourakis, Etana Editions, Fleurus \u00c9ditions, F\u00f6rlaget M Oy Ab, Gallimard Jeunesse, H\u00e9lium, La Joie de lire, La Partie, L\u2019Agrume, Lilla Piratf\u00f6rlaget, Picquier, Steinkis, Story House Egmont, Thierry Magnier, and others.<\/p>\n<p>Their books are regularly recognised at international competitions \u2013 for their content, design, and production. We are glad to be part of this process, supporting each project and working alongside our clients as their ideas take shape.<\/p>\n\t\t\t\t\t<\/div>\n\t\t\t\t\t\n                    \n\t\t\t\t\t\n\t\t\t\t\t\t\t\t\t\t<div class=\"cta\">\n\t\t\t\t\t\t<a href=\"https:\/\/jt.lv\/en\/portfolioen\/\" target=\"_blank\" title=\"See our work\">See our work<\/a>\n\t\t\t\t\t<\/div>\n\t\t\t\t\t\n\t\t\t\t<\/div>\n\t\t\t<\/div>\n\t\t<\/div>\n\t<\/div>\n\n\n\n\n\n\n\n\t<div class=\"jt-feature-single is-reversed\" style=\"opacity: 0;\">\n\t\t<div class=\"born-container is-default\">\n\t\t\t<div class=\"inner\">\n\t\t\t\t<div class=\"image lazy\" data-bg=\"https:\/\/jt.lv\/wp-content\/uploads\/2026\/04\/childrens-book-production-2-1271x1271.jpg\"><\/div>\n\t\t\t\t<div class=\"data\">\n\t\t\t\t\t<div class=\"heading\">\n\t\t\t\t\t\t<h2>Variety in materials and solutions<\/h2>\n\t\t\t\t\t<\/div>\n\n\t\t\t\t\t\t\t\t\t\t<div class=\"desc\">\n\t\t\t\t\t\t<p>Materials play an important role in how each book comes together. We work with a wide range of carefully selected papers and covering materials from trusted European suppliers, chosen for their quality and consistency. These choices, combined with our experience, allow us to adapt to different formats and ideas \u2013 from simple editions to more considered solutions.<\/p>\n\t\t\t\t\t<\/div>\n\t\t\t\t\t\n                    \n\t\t\t\t\t\n\t\t\t\t\t\t\t\t\t\t<div class=\"cta\">\n\t\t\t\t\t\t<a href=\"https:\/\/jt.lv\/en\/book-production\/\" target=\"_blank\" title=\"Book production\">Book production<\/a>\n\t\t\t\t\t<\/div>\n\t\t\t\t\t\n\t\t\t\t<\/div>\n\t\t\t<\/div>\n\t\t<\/div>\n\t<\/div>\n\n\n\n\n\n\n\n\t<div class=\"jt-feature-single \" style=\"opacity: 0;\">\n\t\t<div class=\"born-container is-default\">\n\t\t\t<div class=\"inner\">\n\t\t\t\t<div class=\"image lazy\" data-bg=\"https:\/\/jt.lv\/wp-content\/uploads\/2026\/04\/childrens-book-production-3-1271x1271.jpg\"><\/div>\n\t\t\t\t<div class=\"data\">\n\t\t\t\t\t<div class=\"heading\">\n\t\t\t\t\t\t<h2>Our essence<\/h2>\n\t\t\t\t\t<\/div>\n\n\t\t\t\t\t\t\t\t\t\t<div class=\"desc\">\n\t\t\t\t\t\t<p>We are a printing house specialising in book printing and binding, located in the green outskirts of Jelgava, Latvia.<\/p>\n<ul>\n<li>30 years of experience in print and book production<\/li>\n<li>Full production cycle under one roof<\/li>\n<li>Individual approach and responsiveness<\/li>\n<li>Communication in five languages<\/li>\n<li>Modern and efficient equipment<\/li>\n<li>Offset and digital printing<\/li>\n<li>High print quality using AM and FM screening<\/li>\n<li>Print runs from a few hundred to tens of thousands of copies<\/li>\n<li>Flexibility in materials and non-standard solutions<\/li>\n<li>A reliable network of suppliers and partners<\/li>\n<li>In-depth expertise in children\u2019s books, comics, and art books<\/li>\n<li>Fast delivery across Europe<\/li>\n<\/ul>\n\t\t\t\t\t<\/div>\n\t\t\t\t\t\n                    \n\t\t\t\t\t\n\t\t\t\t\t\n\t\t\t\t<\/div>\n\t\t\t<\/div>\n\t\t<\/div>\n\t<\/div>\n\n\n\n\n\n\t<div class=\"jt-page-title-image\" style=\"background-image: url('https:\/\/jt.lv\/wp-content\/uploads\/2026\/04\/childrens-book-production-4.jpg');\">\n\t\t<div class=\"born-container is-default\">\n\t\t\t<div class=\"inner\">\n\t\t\t\t<div class=\"title\">\n\t\t\t\t\t<h1>Tell us about your idea<\/h1>\n\t\t\t\t\t<p>&nbsp;<\/p>\n<ul>\n<li>We agree on materials and details<\/li>\n<li>We prepare an offer<\/li>\n<li>We take care of production<\/li>\n<li>Your books are delivered<\/li>\n<\/ul>\n\t\t\t\t\t\t\t\t\t\t<div class=\"cta\">\n\t\t\t\t\t\t<a href=\"https:\/\/jt.lv\/en\/price-inquiry\/\" target=\"_blank\" title=\"Get a quote\" class=\"jt-button-1 has-radius-right\">Get a quote<\/a>\n\t\t\t\t\t<\/div>\n\t\t\t\t\t\t\t\t\t<\/div>\n\t\t\t<\/div>\n\t\t<\/div>\n\t<\/div>\n\n\n\n\n\n\n\t<div class=\"jt-portfolio-grid\">\n\t\t<div class=\"born-container is-default\">\n\t\t\t<div class=\"inner\">\n\n                \t\t\t\t<h2>Some treasures<\/h2>\n                \n\t\t\t\t<div class=\"items-grid\">\n\n\t\t\t\t\t\n\t\t\t\t\t\t<a href=\"https:\/\/jt.lv\/en\/portfolioen\/hardcover\/uzzime-baltu-lietu\/\" class=\"item\">\n\t\t\t\t\t\t\t<img decoding=\"async\" class=\"lazy\" src=\"https:\/\/jt.lv\/wp-content\/uploads\/2023\/09\/JT-uzzime-baltu-lietu-manfelde-02-440x440.jpg\" data-src=\"https:\/\/jt.lv\/wp-content\/uploads\/2023\/09\/JT-uzzime-baltu-lietu-manfelde-02-440x440.jpg\" data-srcset=\"https:\/\/jt.lv\/wp-content\/uploads\/2023\/09\/JT-uzzime-baltu-lietu-manfelde-02-440x440.jpg 1x, https:\/\/jt.lv\/wp-content\/uploads\/2023\/09\/JT-uzzime-baltu-lietu-manfelde-02-880x880.jpg?v=2 2x\" alt=\"Uzz\u012bm\u0113 baltu lietu\">\n\t\t\t\t\t\t<\/a>\n\n\t\t\t\t\t\n\t\t\t\t\t\t<a href=\"https:\/\/jt.lv\/en\/portfolioen\/hardcover\/kiosks\/\" class=\"item\">\n\t\t\t\t\t\t\t<img decoding=\"async\" class=\"lazy\" src=\"https:\/\/jt.lv\/wp-content\/uploads\/2025\/01\/JT_kiosk_hardcover_3-440x440.jpg\" data-src=\"https:\/\/jt.lv\/wp-content\/uploads\/2025\/01\/JT_kiosk_hardcover_3-440x440.jpg\" data-srcset=\"https:\/\/jt.lv\/wp-content\/uploads\/2025\/01\/JT_kiosk_hardcover_3-440x440.jpg 1x, https:\/\/jt.lv\/wp-content\/uploads\/2025\/01\/JT_kiosk_hardcover_3-880x880.jpg?v=2 2x\" alt=\"Kiosks\">\n\t\t\t\t\t\t<\/a>\n\n\t\t\t\t\t\n\t\t\t\t\t\t<a href=\"https:\/\/jt.lv\/en\/portfolioen\/hardcover\/la-foret\/\" class=\"item\">\n\t\t\t\t\t\t\t<img decoding=\"async\" class=\"lazy\" src=\"https:\/\/jt.lv\/wp-content\/uploads\/2023\/09\/JT_la-foret_hardcover_4-440x440.jpg\" data-src=\"https:\/\/jt.lv\/wp-content\/uploads\/2023\/09\/JT_la-foret_hardcover_4-440x440.jpg\" data-srcset=\"https:\/\/jt.lv\/wp-content\/uploads\/2023\/09\/JT_la-foret_hardcover_4-440x440.jpg 1x, https:\/\/jt.lv\/wp-content\/uploads\/2023\/09\/JT_la-foret_hardcover_4-880x880.jpg?v=2 2x\" alt=\"La For\u00eat\">\n\t\t\t\t\t\t<\/a>\n\n\t\t\t\t\t\n\t\t\t\t\t\t<a href=\"https:\/\/jt.lv\/en\/portfolioen\/hardcover\/insekten-co\/\" class=\"item\">\n\t\t\t\t\t\t\t<img decoding=\"async\" class=\"lazy\" src=\"https:\/\/jt.lv\/wp-content\/uploads\/2023\/09\/JT_insekten-co_hardcover_3-440x440.jpg\" data-src=\"https:\/\/jt.lv\/wp-content\/uploads\/2023\/09\/JT_insekten-co_hardcover_3-440x440.jpg\" data-srcset=\"https:\/\/jt.lv\/wp-content\/uploads\/2023\/09\/JT_insekten-co_hardcover_3-440x440.jpg 1x, https:\/\/jt.lv\/wp-content\/uploads\/2023\/09\/JT_insekten-co_hardcover_3-880x880.jpg?v=2 2x\" alt=\"Insekten &amp; Co.\">\n\t\t\t\t\t\t<\/a>\n\n\t\t\t\t\t\n\t\t\t\t\t\t<a href=\"https:\/\/jt.lv\/en\/portfolioen\/hardcover\/guide-de-survie-dans-la-jungle\/\" class=\"item\">\n\t\t\t\t\t\t\t<img decoding=\"async\" class=\"lazy\" src=\"https:\/\/jt.lv\/wp-content\/uploads\/2023\/09\/JT_guide-de-survie-dans-la-jungle_hardcover_3-440x440.jpg\" data-src=\"https:\/\/jt.lv\/wp-content\/uploads\/2023\/09\/JT_guide-de-survie-dans-la-jungle_hardcover_3-440x440.jpg\" data-srcset=\"https:\/\/jt.lv\/wp-content\/uploads\/2023\/09\/JT_guide-de-survie-dans-la-jungle_hardcover_3-440x440.jpg 1x, https:\/\/jt.lv\/wp-content\/uploads\/2023\/09\/JT_guide-de-survie-dans-la-jungle_hardcover_3-880x880.jpg?v=2 2x\" alt=\"Guide de survie dans la jungle\">\n\t\t\t\t\t\t<\/a>\n\n\t\t\t\t\t\n\t\t\t\t\t\t<a href=\"https:\/\/jt.lv\/en\/portfolioen\/hardcover\/corto-maltese-mu\/\" class=\"item\">\n\t\t\t\t\t\t\t<img decoding=\"async\" class=\"lazy\" src=\"https:\/\/jt.lv\/wp-content\/uploads\/2023\/09\/JT_corto-maltese-mu_hardcover_7-440x440.jpg\" data-src=\"https:\/\/jt.lv\/wp-content\/uploads\/2023\/09\/JT_corto-maltese-mu_hardcover_7-440x440.jpg\" data-srcset=\"https:\/\/jt.lv\/wp-content\/uploads\/2023\/09\/JT_corto-maltese-mu_hardcover_7-440x440.jpg 1x, https:\/\/jt.lv\/wp-content\/uploads\/2023\/09\/JT_corto-maltese-mu_hardcover_7-880x880.jpg?v=2 2x\" alt=\"Corto Maltese: Mu\">\n\t\t\t\t\t\t<\/a>\n\n\t\t\t\t\t\n\t\t\t\t<\/div>\n\n\t\t\t\t<div class=\"cta\">\n\t\t\t\t\t<a href=\"https:\/\/jt.lv\/en\/\/portfolioen\" class=\"jt-button-1 has-radius-right\">Discover more<\/a>\n\t\t\t\t<\/div>\n\n\t\t\t<\/div>\n\t\t<\/div>\n\t<\/div>\n\n\n","protected":false},"excerpt":{"rendered":"","protected":false},"author":2,"featured_media":0,"parent":0,"menu_order":87,"comment_status":"closed","ping_status":"closed","template":"","meta":{"_acf_changed":false,"inline_featured_image":false,"footnotes":""},"class_list":["post-9676","page","type-page","status-publish","hentry"],"acf":[],"yoast_head":"<!-- This site is optimized with the Yoast SEO plugin v27.4 - https:\/\/yoast.com\/product\/yoast-seo-wordpress\/ -->\n<title>Children&#039;s Book Production - Jelgavas tipogr\u0101fija<\/title>\n<meta name=\"description\" content=\"Children\u2019s book production with 30 years of experience. Trusted by publishers across Europe for reliable printing, expert know-how, and consistent quality.\" \/>\n<meta name=\"robots\" content=\"index, follow, max-snippet:-1, max-image-preview:large, max-video-preview:-1\" \/>\n<link rel=\"canonical\" href=\"https:\/\/jt.lv\/en\/childrens-book-production\/\" \/>\n<meta property=\"og:locale\" content=\"en_US\" \/>\n<meta property=\"og:type\" content=\"article\" \/>\n<meta property=\"og:title\" content=\"Children&#039;s Book Production - Jelgavas tipogr\u0101fija\" \/>\n<meta property=\"og:description\" content=\"Children\u2019s book production with 30 years of experience. Trusted by publishers across Europe for reliable printing, expert know-how, and consistent quality.\" \/>\n<meta property=\"og:url\" content=\"https:\/\/jt.lv\/en\/childrens-book-production\/\" \/>\n<meta property=\"og:site_name\" content=\"Jelgavas tipogr\u0101fija\" \/>\n<meta property=\"article:modified_time\" content=\"2026-04-13T10:16:25+00:00\" \/>\n<meta property=\"og:image\" content=\"https:\/\/jt.lv\/wp-content\/uploads\/2025\/06\/site-image.png\" \/>\n\t<meta property=\"og:image:width\" content=\"1200\" \/>\n\t<meta property=\"og:image:height\" content=\"675\" \/>\n\t<meta property=\"og:image:type\" content=\"image\/png\" \/>\n<meta name=\"twitter:card\" content=\"summary_large_image\" \/>\n<script type=\"application\/ld+json\" class=\"yoast-schema-graph\">{\"@context\":\"https:\\\/\\\/schema.org\",\"@graph\":[{\"@type\":\"WebPage\",\"@id\":\"https:\\\/\\\/jt.lv\\\/en\\\/childrens-book-production\\\/\",\"url\":\"https:\\\/\\\/jt.lv\\\/en\\\/childrens-book-production\\\/\",\"name\":\"Children's Book Production - Jelgavas tipogr\u0101fija\",\"isPartOf\":{\"@id\":\"http:\\\/\\\/jt.lv\\\/en\\\/#website\"},\"datePublished\":\"2026-03-26T06:28:56+00:00\",\"dateModified\":\"2026-04-13T10:16:25+00:00\",\"description\":\"Children\u2019s book production with 30 years of experience. Trusted by publishers across Europe for reliable printing, expert know-how, and consistent quality.\",\"breadcrumb\":{\"@id\":\"https:\\\/\\\/jt.lv\\\/en\\\/childrens-book-production\\\/#breadcrumb\"},\"inLanguage\":\"en-US\",\"potentialAction\":[{\"@type\":\"ReadAction\",\"target\":[\"https:\\\/\\\/jt.lv\\\/en\\\/childrens-book-production\\\/\"]}]},{\"@type\":\"BreadcrumbList\",\"@id\":\"https:\\\/\\\/jt.lv\\\/en\\\/childrens-book-production\\\/#breadcrumb\",\"itemListElement\":[{\"@type\":\"ListItem\",\"position\":1,\"name\":\"Home\",\"item\":\"https:\\\/\\\/jt.lv\\\/en\\\/\"},{\"@type\":\"ListItem\",\"position\":2,\"name\":\"Children&#8217;s Book Production\"}]},{\"@type\":\"WebSite\",\"@id\":\"http:\\\/\\\/jt.lv\\\/en\\\/#website\",\"url\":\"http:\\\/\\\/jt.lv\\\/en\\\/\",\"name\":\"Jelgavas tipogr\u0101fija\",\"description\":\"M\u0113s ra\u017eojam gr\u0101matas.\",\"publisher\":{\"@id\":\"http:\\\/\\\/jt.lv\\\/en\\\/#organization\"},\"potentialAction\":[{\"@type\":\"SearchAction\",\"target\":{\"@type\":\"EntryPoint\",\"urlTemplate\":\"http:\\\/\\\/jt.lv\\\/en\\\/?s={search_term_string}\"},\"query-input\":{\"@type\":\"PropertyValueSpecification\",\"valueRequired\":true,\"valueName\":\"search_term_string\"}}],\"inLanguage\":\"en-US\"},{\"@type\":\"Organization\",\"@id\":\"http:\\\/\\\/jt.lv\\\/en\\\/#organization\",\"name\":\"Jelgavas tipogr\u0101fija\",\"url\":\"http:\\\/\\\/jt.lv\\\/en\\\/\",\"logo\":{\"@type\":\"ImageObject\",\"inLanguage\":\"en-US\",\"@id\":\"http:\\\/\\\/jt.lv\\\/en\\\/#\\\/schema\\\/logo\\\/image\\\/\",\"url\":\"https:\\\/\\\/jt.lv\\\/wp-content\\\/uploads\\\/2025\\\/06\\\/jt-logo.png\",\"contentUrl\":\"https:\\\/\\\/jt.lv\\\/wp-content\\\/uploads\\\/2025\\\/06\\\/jt-logo.png\",\"width\":696,\"height\":696,\"caption\":\"Jelgavas tipogr\u0101fija\"},\"image\":{\"@id\":\"http:\\\/\\\/jt.lv\\\/en\\\/#\\\/schema\\\/logo\\\/image\\\/\"}}]}<\/script>\n<!-- \/ Yoast SEO plugin. -->","yoast_head_json":{"title":"Children's Book Production - Jelgavas tipogr\u0101fija","description":"Children\u2019s book production with 30 years of experience. Trusted by publishers across Europe for reliable printing, expert know-how, and consistent quality.","robots":{"index":"index","follow":"follow","max-snippet":"max-snippet:-1","max-image-preview":"max-image-preview:large","max-video-preview":"max-video-preview:-1"},"canonical":"https:\/\/jt.lv\/en\/childrens-book-production\/","og_locale":"en_US","og_type":"article","og_title":"Children's Book Production - Jelgavas tipogr\u0101fija","og_description":"Children\u2019s book production with 30 years of experience. Trusted by publishers across Europe for reliable printing, expert know-how, and consistent quality.","og_url":"https:\/\/jt.lv\/en\/childrens-book-production\/","og_site_name":"Jelgavas tipogr\u0101fija","article_modified_time":"2026-04-13T10:16:25+00:00","og_image":[{"width":1200,"height":675,"url":"https:\/\/jt.lv\/wp-content\/uploads\/2025\/06\/site-image.png","type":"image\/png"}],"twitter_card":"summary_large_image","schema":{"@context":"https:\/\/schema.org","@graph":[{"@type":"WebPage","@id":"https:\/\/jt.lv\/en\/childrens-book-production\/","url":"https:\/\/jt.lv\/en\/childrens-book-production\/","name":"Children's Book Production - Jelgavas tipogr\u0101fija","isPartOf":{"@id":"http:\/\/jt.lv\/en\/#website"},"datePublished":"2026-03-26T06:28:56+00:00","dateModified":"2026-04-13T10:16:25+00:00","description":"Children\u2019s book production with 30 years of experience. Trusted by publishers across Europe for reliable printing, expert know-how, and consistent quality.","breadcrumb":{"@id":"https:\/\/jt.lv\/en\/childrens-book-production\/#breadcrumb"},"inLanguage":"en-US","potentialAction":[{"@type":"ReadAction","target":["https:\/\/jt.lv\/en\/childrens-book-production\/"]}]},{"@type":"BreadcrumbList","@id":"https:\/\/jt.lv\/en\/childrens-book-production\/#breadcrumb","itemListElement":[{"@type":"ListItem","position":1,"name":"Home","item":"https:\/\/jt.lv\/en\/"},{"@type":"ListItem","position":2,"name":"Children&#8217;s Book Production"}]},{"@type":"WebSite","@id":"http:\/\/jt.lv\/en\/#website","url":"http:\/\/jt.lv\/en\/","name":"Jelgavas tipogr\u0101fija","description":"M\u0113s ra\u017eojam gr\u0101matas.","publisher":{"@id":"http:\/\/jt.lv\/en\/#organization"},"potentialAction":[{"@type":"SearchAction","target":{"@type":"EntryPoint","urlTemplate":"http:\/\/jt.lv\/en\/?s={search_term_string}"},"query-input":{"@type":"PropertyValueSpecification","valueRequired":true,"valueName":"search_term_string"}}],"inLanguage":"en-US"},{"@type":"Organization","@id":"http:\/\/jt.lv\/en\/#organization","name":"Jelgavas tipogr\u0101fija","url":"http:\/\/jt.lv\/en\/","logo":{"@type":"ImageObject","inLanguage":"en-US","@id":"http:\/\/jt.lv\/en\/#\/schema\/logo\/image\/","url":"https:\/\/jt.lv\/wp-content\/uploads\/2025\/06\/jt-logo.png","contentUrl":"https:\/\/jt.lv\/wp-content\/uploads\/2025\/06\/jt-logo.png","width":696,"height":696,"caption":"Jelgavas tipogr\u0101fija"},"image":{"@id":"http:\/\/jt.lv\/en\/#\/schema\/logo\/image\/"}}]}},"_links":{"self":[{"href":"https:\/\/jt.lv\/en\/wp-json\/wp\/v2\/pages\/9676","targetHints":{"allow":["GET"]}}],"collection":[{"href":"https:\/\/jt.lv\/en\/wp-json\/wp\/v2\/pages"}],"about":[{"href":"https:\/\/jt.lv\/en\/wp-json\/wp\/v2\/types\/page"}],"author":[{"embeddable":true,"href":"https:\/\/jt.lv\/en\/wp-json\/wp\/v2\/users\/2"}],"replies":[{"embeddable":true,"href":"https:\/\/jt.lv\/en\/wp-json\/wp\/v2\/comments?post=9676"}],"version-history":[{"count":148,"href":"https:\/\/jt.lv\/en\/wp-json\/wp\/v2\/pages\/9676\/revisions"}],"predecessor-version":[{"id":10231,"href":"https:\/\/jt.lv\/en\/wp-json\/wp\/v2\/pages\/9676\/revisions\/10231"}],"wp:attachment":[{"href":"https:\/\/jt.lv\/en\/wp-json\/wp\/v2\/media?parent=9676"}],"curies":[{"name":"wp","href":"https:\/\/api.w.org\/{rel}","templated":true}]}}