{"id":9331,"date":"2026-02-19T08:29:23","date_gmt":"2026-02-19T06:29:23","guid":{"rendered":"https:\/\/jt.lv\/?page_id=9331"},"modified":"2026-02-24T16:38:59","modified_gmt":"2026-02-24T14:38:59","slug":"book-fairs-spring-2026","status":"publish","type":"page","link":"https:\/\/jt.lv\/en\/book-fairs-spring-2026\/","title":{"rendered":"Book Fairs \/ Spring 2026"},"content":{"rendered":"\n\n\t<div class=\"jt-page-title-image\" style=\"background-image: url('https:\/\/jt.lv\/wp-content\/uploads\/2026\/02\/JT-spring-book-fairs.jpg');\">\n\t\t<div class=\"born-container is-default\">\n\t\t\t<div class=\"inner\">\n\t\t\t\t<div class=\"title\">\n\t\t\t\t\t<h1>Meet Us at Book Fairs This Spring 2026<\/h1>\n\t\t\t\t\t\t\t\t\t\t\t\t\t\t<\/div>\n\t\t\t<\/div>\n\t\t<\/div>\n\t<\/div>\n\n\n\n\n\n\n\n\t<div class=\"jt-text-block-single\">\n\t\t<div class=\"born-container is-default\">\n\t\t\t<div class=\"inner\">\n\t\t\t\t<div class=\"heading\">\n\t\t\t\t\t<h2>Heading to a book fair? <br> So are we! <\/br><\/h2>\n\t\t\t\t<\/div>\n\t\t\t\t\t\t\t\t<div class=\"text\">\n\t\t\t\t\t<p>Join us at some of the most exciting book fairs this spring. Whether we are exhibiting or visiting, it is a good opportunity to connect. See where you can meet our team, explore our print samples, and talk about your first or next book project with us.<\/p>\n\t\t\t\t<\/div>\n\t\t\t\t\t\t\t<\/div>\n\t\t<\/div>\n\t<\/div>\n\n\n\n\n\n\n\n\n    <div class=\"jt-contacts\">\n        <div class=\"born-container is-default\">\n            <div class=\"inner\">\n\n                <div class=\"contacts\">\n\n                    \n                        <div class=\"item\">\n                            <div class=\"heading\">\n                                <h2>Vilnius Book Fair<\/h2>\n                            <\/div>\n                            <div class=\"address\">\n                                 <p><strong>Vilnius \/ 26.02.-01.03.<\/strong><\/p>\n<p><img loading=\"lazy\" decoding=\"async\" class=\"alignnone size-full wp-image-9422\" src=\"https:\/\/jt.lv\/wp-content\/uploads\/2026\/01\/Vilniaus-knygu-muge.jpg\" alt=\"\" width=\"250\" height=\"100\" \/><\/p>\n                            <\/div>\n                            <div class=\"data\">\n                                 <p data-start=\"87\" data-end=\"376\">A Baltic publishing highlight where new titles, ideas, and collaborations come together. We\u2019ll be <strong>at the fair in person on February 26<\/strong>, and visiting throughout the event \u2013 always glad to exchange thoughts on printing, binding, materials, and what\u2019s shaping book production right now. If you\u2019d like to meet in Vilnius, reach out: <a class=\"cursor-pointer\" href=\"mailto:ivonna@jt.lv\" rel=\"noopener\" data-start=\"1091\" data-end=\"1128\">ivonna@jt.lv<\/a><\/p>\n<p>&nbsp;<\/p>\n<p><a href=\"https:\/\/vilniausknygumuge.lt\/en\/\" target=\"_blank\" rel=\"noopener\">vilniausknygumuge.lt<\/a><\/p>\n                            <\/div>\n                        <\/div>\n\n                    \n                        <div class=\"item\">\n                            <div class=\"heading\">\n                                <h2>Geneva Book Fair<\/h2>\n                            <\/div>\n                            <div class=\"address\">\n                                 <p><strong>Geneva \/ 18.-22.03.<\/strong><\/p>\n<p><img loading=\"lazy\" decoding=\"async\" class=\"alignnone size-full wp-image-9441\" src=\"https:\/\/jt.lv\/wp-content\/uploads\/2026\/01\/Salon-du-Livre-Geneve-1.jpg\" alt=\"\" width=\"250\" height=\"100\" \/><\/p>\n                            <\/div>\n                            <div class=\"data\">\n                                 <p>Geneva\u2019s book fair is a lively crossroads for francophone publishing, bringing together readers, authors, and industry voices. We\u2019ll be there to follow the latest developments and connect around print, from formats and finishes to planning your next production. To arrange a meeting, write us: <a class=\"cursor-pointer\" href=\"mailto:fabrice@jt.lv\" rel=\"noopener\" data-start=\"1439\" data-end=\"1476\">fabrice@jt.lv<\/a><\/p>\n<p>&nbsp;<\/p>\n<p><a href=\"https:\/\/www.salondulivre.ch\/\" target=\"_blank\" rel=\"noopener\">salondulivre.ch<\/a><\/p>\n                            <\/div>\n                        <\/div>\n\n                    \n                        <div class=\"item\">\n                            <div class=\"heading\">\n                                <h2>Leipziger Buchmesse<\/h2>\n                            <\/div>\n                            <div class=\"address\">\n                                 <p><strong>Leipzig \/ 19.-22.03.<\/strong><\/p>\n<p><img loading=\"lazy\" decoding=\"async\" class=\"alignnone size-full wp-image-9447\" src=\"https:\/\/jt.lv\/wp-content\/uploads\/2026\/01\/Leipziger-Buchmesse-2.jpg\" alt=\"\" width=\"250\" height=\"100\" \/><\/p>\n                            <\/div>\n                            <div class=\"data\">\n                                 <p>One of Europe\u2019s key spring publishing events. We\u2019ll be there in person on 19\u201320 March at the <strong>Latvian Literature national stand in Hall 4 at Stand D305<\/strong>, with book samples and production solutions. Want to meet at the fair in Leipzig? Email us at <a class=\"cursor-pointer\" href=\"mailto:b.sanita@jt.lv\" rel=\"noopener\" data-start=\"1439\" data-end=\"1476\">b.sanita@jt.lv<\/a> to schedule a meeting.<\/p>\n<p>&nbsp;<\/p>\n<p><a href=\"https:\/\/www.leipziger-buchmesse.de\/\" target=\"_blank\" rel=\"noopener\">leipziger-buchmesse.de<\/a><\/p>\n                            <\/div>\n                        <\/div>\n\n                    \n                <\/div>\n\n            <\/div>\n        <\/div>\n    <\/div>\n\n\n\n\n\n\n\n\n\n\n\n\n    <div class=\"jt-contacts\">\n        <div class=\"born-container is-default\">\n            <div class=\"inner\">\n\n                <div class=\"contacts\">\n\n                    \n                        <div class=\"item\">\n                            <div class=\"heading\">\n                                <h2>Bologna Children&#8217;s Book Fair<\/h2>\n                            <\/div>\n                            <div class=\"address\">\n                                 <p><strong>Bologna \/ 13.-16.04.<\/strong><\/p>\n<p><img loading=\"lazy\" decoding=\"async\" class=\"alignnone size-full wp-image-9401\" src=\"https:\/\/jt.lv\/wp-content\/uploads\/2026\/01\/Bologna-childrens-book-fair.jpg\" alt=\"\" width=\"250\" height=\"100\" \/><\/p>\n                            <\/div>\n                            <div class=\"data\">\n                                 <p>The world\u2019s leading fair for children\u2019s publishing and rights \u2013 we will be present at the<strong> Latvian Literature national stand 30\/E8-F7<\/strong>\u00a0and ready to discuss children\u2019s books, illustration-heavy printing, and smart production options. To schedule a chat during the fair, contact: <a class=\"cursor-pointer\" href=\"mailto:b.sanita@jt.lv\" rel=\"noopener\" data-start=\"1439\" data-end=\"1476\">b.sanita@jt.lv<\/a>, <a class=\"cursor-pointer\" href=\"mailto:liza@jt.lv\" rel=\"noopener\" data-start=\"1439\" data-end=\"1476\">liza@jt.lv<\/a>, <a class=\"cursor-pointer\" href=\"mailto:sliepina@jt.lv\" rel=\"noopener\" data-start=\"1439\" data-end=\"1476\">sliepina@jt.lv<\/a>\u00a0or <a class=\"cursor-pointer\" href=\"mailto:zane@jt.lv\" rel=\"noopener\" data-start=\"1439\" data-end=\"1476\">zane@jt.lv<\/a><\/p>\n<p>&nbsp;<\/p>\n<p><a href=\"https:\/\/www.bolognachildrensbookfair.com\" target=\"_blank\" rel=\"noopener\">bolognachildrensbookfair.com<\/a><\/p>\n                            <\/div>\n                        <\/div>\n\n                    \n                        <div class=\"item\">\n                            <div class=\"heading\">\n                                <h2>Festival du Livre de Paris<\/h2>\n                            <\/div>\n                            <div class=\"address\">\n                                 <p><strong>Paris \/ 17.-19.04.<\/strong><\/p>\n<p><img loading=\"lazy\" decoding=\"async\" class=\"alignnone size-full wp-image-9429\" src=\"https:\/\/jt.lv\/wp-content\/uploads\/2026\/01\/Festival-du-Livre-de-Paris.jpg\" alt=\"\" width=\"250\" height=\"100\" \/><\/p>\n                            <\/div>\n                            <div class=\"data\">\n                                 <p>Paris celebrates books under the iconic Grand Palais glass roof \u2013 we\u2019ll be attending as visitors to meet publishers and explore fresh publishing projects and formats. If you\u2019d like to connect while we\u2019re there, email our team to set a time in person there: <a class=\"cursor-pointer\" href=\"mailto:fabrice@jt.lv\" rel=\"noopener\" data-start=\"1439\" data-end=\"1476\">fabrice@jt.lv<\/a><\/p>\n<p>&nbsp;<\/p>\n<p><a href=\"https:\/\/www.festivaldulivredeparis.fr\/\" target=\"_blank\" rel=\"noopener\">festivaldulivredeparis.fr<\/a><\/p>\n                            <\/div>\n                        <\/div>\n\n                    \n                        <div class=\"item\">\n                            <div class=\"heading\">\n                                <h2>Quartier du Livre<\/h2>\n                            <\/div>\n                            <div class=\"address\">\n                                 <p><strong>\u00a0Paris \/ 27.05.-03.06.<\/strong><\/p>\n<p><img loading=\"lazy\" decoding=\"async\" class=\"alignnone size-full wp-image-9437\" src=\"https:\/\/jt.lv\/wp-content\/uploads\/2026\/01\/Paris-Quartier-du-Livre-1.jpg\" alt=\"\" width=\"250\" height=\"100\" \/><\/p>\n                            <\/div>\n                            <div class=\"data\">\n                                 <p>A vibrant literary festival spread across Paris\u2019s 5th arrondissement, with hundreds of activities and events celebrating reading and writing \u2013 we\u2019ll be visiting and open to meet for a conversation about printing, materials, and production ideas. Let\u2019s connect during the festival: <a class=\"cursor-pointer\" href=\"mailto:fabrice@jt.lv\" rel=\"noopener\" data-start=\"1439\" data-end=\"1476\">fabrice@jt.lv<\/a><\/p>\n<p>&nbsp;<\/p>\n<p><a href=\"https:\/\/quartierdulivre.fr\/\" target=\"_blank\" rel=\"noopener\">quartierdulivre.fr<\/a><\/p>\n                            <\/div>\n                        <\/div>\n\n                    \n                <\/div>\n\n            <\/div>\n        <\/div>\n    <\/div>\n\n\n\n\n\n\n","protected":false},"excerpt":{"rendered":"","protected":false},"author":2,"featured_media":0,"parent":0,"menu_order":5,"comment_status":"closed","ping_status":"closed","template":"","meta":{"_acf_changed":false,"inline_featured_image":false,"footnotes":""},"class_list":["post-9331","page","type-page","status-publish","hentry"],"acf":[],"yoast_head":"<!-- This site is optimized with the Yoast SEO plugin v27.1.1 - https:\/\/yoast.com\/product\/yoast-seo-wordpress\/ -->\n<title>Book Fairs \/ Spring 2026 - Jelgavas tipogr\u0101fija<\/title>\n<meta name=\"description\" content=\"Meet Jelgavas tipogr\u0101fija at Europe\u2019s top book fairs in autumn 2025. View our schedule, stand info, and contact us to arrange a meeting.\" \/>\n<meta name=\"robots\" content=\"index, follow, max-snippet:-1, max-image-preview:large, max-video-preview:-1\" \/>\n<link rel=\"canonical\" href=\"https:\/\/jt.lv\/en\/book-fairs-spring-2026\/\" \/>\n<meta property=\"og:locale\" content=\"en_US\" \/>\n<meta property=\"og:type\" content=\"article\" \/>\n<meta property=\"og:title\" content=\"Book Fairs \/ Spring 2026 - Jelgavas tipogr\u0101fija\" \/>\n<meta property=\"og:description\" content=\"Meet Jelgavas tipogr\u0101fija at Europe\u2019s top book fairs in autumn 2025. View our schedule, stand info, and contact us to arrange a meeting.\" \/>\n<meta property=\"og:url\" content=\"https:\/\/jt.lv\/en\/book-fairs-spring-2026\/\" \/>\n<meta property=\"og:site_name\" content=\"Jelgavas tipogr\u0101fija\" \/>\n<meta property=\"article:modified_time\" content=\"2026-02-24T14:38:59+00:00\" \/>\n<meta property=\"og:image\" content=\"https:\/\/jt.lv\/wp-content\/uploads\/2025\/06\/site-image.png\" \/>\n\t<meta property=\"og:image:width\" content=\"1200\" \/>\n\t<meta property=\"og:image:height\" content=\"675\" \/>\n\t<meta property=\"og:image:type\" content=\"image\/png\" \/>\n<meta name=\"twitter:card\" content=\"summary_large_image\" \/>\n<script type=\"application\/ld+json\" class=\"yoast-schema-graph\">{\"@context\":\"https:\/\/schema.org\",\"@graph\":[{\"@type\":\"WebPage\",\"@id\":\"https:\/\/jt.lv\/en\/book-fairs-spring-2026\/\",\"url\":\"https:\/\/jt.lv\/en\/book-fairs-spring-2026\/\",\"name\":\"Book Fairs \/ Spring 2026 - Jelgavas tipogr\u0101fija\",\"isPartOf\":{\"@id\":\"http:\/\/jt.lv\/en\/#website\"},\"datePublished\":\"2026-02-19T06:29:23+00:00\",\"dateModified\":\"2026-02-24T14:38:59+00:00\",\"description\":\"Meet Jelgavas tipogr\u0101fija at Europe\u2019s top book fairs in autumn 2025. View our schedule, stand info, and contact us to arrange a meeting.\",\"breadcrumb\":{\"@id\":\"https:\/\/jt.lv\/en\/book-fairs-spring-2026\/#breadcrumb\"},\"inLanguage\":\"en-US\",\"potentialAction\":[{\"@type\":\"ReadAction\",\"target\":[\"https:\/\/jt.lv\/en\/book-fairs-spring-2026\/\"]}]},{\"@type\":\"BreadcrumbList\",\"@id\":\"https:\/\/jt.lv\/en\/book-fairs-spring-2026\/#breadcrumb\",\"itemListElement\":[{\"@type\":\"ListItem\",\"position\":1,\"name\":\"Home\",\"item\":\"https:\/\/jt.lv\/en\/\"},{\"@type\":\"ListItem\",\"position\":2,\"name\":\"Book Fairs \/ Spring 2026\"}]},{\"@type\":\"WebSite\",\"@id\":\"http:\/\/jt.lv\/en\/#website\",\"url\":\"http:\/\/jt.lv\/en\/\",\"name\":\"Jelgavas tipogr\u0101fija\",\"description\":\"M\u0113s ra\u017eojam gr\u0101matas.\",\"publisher\":{\"@id\":\"http:\/\/jt.lv\/en\/#organization\"},\"potentialAction\":[{\"@type\":\"SearchAction\",\"target\":{\"@type\":\"EntryPoint\",\"urlTemplate\":\"http:\/\/jt.lv\/en\/?s={search_term_string}\"},\"query-input\":{\"@type\":\"PropertyValueSpecification\",\"valueRequired\":true,\"valueName\":\"search_term_string\"}}],\"inLanguage\":\"en-US\"},{\"@type\":\"Organization\",\"@id\":\"http:\/\/jt.lv\/en\/#organization\",\"name\":\"Jelgavas tipogr\u0101fija\",\"url\":\"http:\/\/jt.lv\/en\/\",\"logo\":{\"@type\":\"ImageObject\",\"inLanguage\":\"en-US\",\"@id\":\"http:\/\/jt.lv\/en\/#\/schema\/logo\/image\/\",\"url\":\"https:\/\/jt.lv\/wp-content\/uploads\/2025\/06\/jt-logo.png\",\"contentUrl\":\"https:\/\/jt.lv\/wp-content\/uploads\/2025\/06\/jt-logo.png\",\"width\":696,\"height\":696,\"caption\":\"Jelgavas tipogr\u0101fija\"},\"image\":{\"@id\":\"http:\/\/jt.lv\/en\/#\/schema\/logo\/image\/\"}}]}<\/script>\n<!-- \/ Yoast SEO plugin. -->","yoast_head_json":{"title":"Book Fairs \/ Spring 2026 - Jelgavas tipogr\u0101fija","description":"Meet Jelgavas tipogr\u0101fija at Europe\u2019s top book fairs in autumn 2025. View our schedule, stand info, and contact us to arrange a meeting.","robots":{"index":"index","follow":"follow","max-snippet":"max-snippet:-1","max-image-preview":"max-image-preview:large","max-video-preview":"max-video-preview:-1"},"canonical":"https:\/\/jt.lv\/en\/book-fairs-spring-2026\/","og_locale":"en_US","og_type":"article","og_title":"Book Fairs \/ Spring 2026 - Jelgavas tipogr\u0101fija","og_description":"Meet Jelgavas tipogr\u0101fija at Europe\u2019s top book fairs in autumn 2025. View our schedule, stand info, and contact us to arrange a meeting.","og_url":"https:\/\/jt.lv\/en\/book-fairs-spring-2026\/","og_site_name":"Jelgavas tipogr\u0101fija","article_modified_time":"2026-02-24T14:38:59+00:00","og_image":[{"width":1200,"height":675,"url":"https:\/\/jt.lv\/wp-content\/uploads\/2025\/06\/site-image.png","type":"image\/png"}],"twitter_card":"summary_large_image","schema":{"@context":"https:\/\/schema.org","@graph":[{"@type":"WebPage","@id":"https:\/\/jt.lv\/en\/book-fairs-spring-2026\/","url":"https:\/\/jt.lv\/en\/book-fairs-spring-2026\/","name":"Book Fairs \/ Spring 2026 - Jelgavas tipogr\u0101fija","isPartOf":{"@id":"http:\/\/jt.lv\/en\/#website"},"datePublished":"2026-02-19T06:29:23+00:00","dateModified":"2026-02-24T14:38:59+00:00","description":"Meet Jelgavas tipogr\u0101fija at Europe\u2019s top book fairs in autumn 2025. View our schedule, stand info, and contact us to arrange a meeting.","breadcrumb":{"@id":"https:\/\/jt.lv\/en\/book-fairs-spring-2026\/#breadcrumb"},"inLanguage":"en-US","potentialAction":[{"@type":"ReadAction","target":["https:\/\/jt.lv\/en\/book-fairs-spring-2026\/"]}]},{"@type":"BreadcrumbList","@id":"https:\/\/jt.lv\/en\/book-fairs-spring-2026\/#breadcrumb","itemListElement":[{"@type":"ListItem","position":1,"name":"Home","item":"https:\/\/jt.lv\/en\/"},{"@type":"ListItem","position":2,"name":"Book Fairs \/ Spring 2026"}]},{"@type":"WebSite","@id":"http:\/\/jt.lv\/en\/#website","url":"http:\/\/jt.lv\/en\/","name":"Jelgavas tipogr\u0101fija","description":"M\u0113s ra\u017eojam gr\u0101matas.","publisher":{"@id":"http:\/\/jt.lv\/en\/#organization"},"potentialAction":[{"@type":"SearchAction","target":{"@type":"EntryPoint","urlTemplate":"http:\/\/jt.lv\/en\/?s={search_term_string}"},"query-input":{"@type":"PropertyValueSpecification","valueRequired":true,"valueName":"search_term_string"}}],"inLanguage":"en-US"},{"@type":"Organization","@id":"http:\/\/jt.lv\/en\/#organization","name":"Jelgavas tipogr\u0101fija","url":"http:\/\/jt.lv\/en\/","logo":{"@type":"ImageObject","inLanguage":"en-US","@id":"http:\/\/jt.lv\/en\/#\/schema\/logo\/image\/","url":"https:\/\/jt.lv\/wp-content\/uploads\/2025\/06\/jt-logo.png","contentUrl":"https:\/\/jt.lv\/wp-content\/uploads\/2025\/06\/jt-logo.png","width":696,"height":696,"caption":"Jelgavas tipogr\u0101fija"},"image":{"@id":"http:\/\/jt.lv\/en\/#\/schema\/logo\/image\/"}}]}},"_links":{"self":[{"href":"https:\/\/jt.lv\/en\/wp-json\/wp\/v2\/pages\/9331","targetHints":{"allow":["GET"]}}],"collection":[{"href":"https:\/\/jt.lv\/en\/wp-json\/wp\/v2\/pages"}],"about":[{"href":"https:\/\/jt.lv\/en\/wp-json\/wp\/v2\/types\/page"}],"author":[{"embeddable":true,"href":"https:\/\/jt.lv\/en\/wp-json\/wp\/v2\/users\/2"}],"replies":[{"embeddable":true,"href":"https:\/\/jt.lv\/en\/wp-json\/wp\/v2\/comments?post=9331"}],"version-history":[{"count":47,"href":"https:\/\/jt.lv\/en\/wp-json\/wp\/v2\/pages\/9331\/revisions"}],"predecessor-version":[{"id":9630,"href":"https:\/\/jt.lv\/en\/wp-json\/wp\/v2\/pages\/9331\/revisions\/9630"}],"wp:attachment":[{"href":"https:\/\/jt.lv\/en\/wp-json\/wp\/v2\/media?parent=9331"}],"curies":[{"name":"wp","href":"https:\/\/api.w.org\/{rel}","templated":true}]}}