{"id":7272,"date":"2023-08-30T12:15:07","date_gmt":"2023-08-30T10:15:07","guid":{"rendered":"https:\/\/jt.lv\/digitala-druka\/"},"modified":"2025-09-05T08:21:31","modified_gmt":"2025-09-05T06:21:31","slug":"digital-printing","status":"publish","type":"page","link":"https:\/\/jt.lv\/en\/digital-printing\/","title":{"rendered":"Marketing \/ Digital Printing"},"content":{"rendered":"\n\n\t<div class=\"jt-page-title-image\" style=\"background-image: url('https:\/\/jt.lv\/wp-content\/uploads\/2025\/02\/JP750S-drum-scaled.jpg');\">\n\t\t<div class=\"born-container is-default\">\n\t\t\t<div class=\"inner\">\n\t\t\t\t<div class=\"title\">\n\t\t\t\t\t<h1>Digital Printing with Fujifilm Jet Press 750S<\/h1>\n\t\t\t\t\t\t\t\t\t\t\t\t\t\t<\/div>\n\t\t\t<\/div>\n\t\t<\/div>\n\t<\/div>\n\n\n\n\n<h1 class=\"wp-block-heading\">When innovation complements tradition \u2013<br>Fujifilm Jet Press 750S High Speed Model<\/h1>\n\n\n\n\n\n\t\t\t<p><span class=\"is-text-big\">At JELGAVAS TIPOGR\u0100FIJA, we\u2019ve introduced a new, innovative digital printing press that redefines what digital print can deliver. This machine combines exceptional quality, high precision, and production speed \u2013 producing results comparable to traditional offset printing.\n<\/span><\/p>\n\t\n\n\n\n\n\n\n\n\n<figure class=\"wp-block-image size-large\"><img loading=\"lazy\" decoding=\"async\" width=\"1024\" height=\"297\" src=\"http:\/\/jt.lv\/wp-content\/uploads\/2025\/02\/Jet-Press-750S-1-e1739798523127-1024x297.png\" alt=\"\" class=\"wp-image-6893\" srcset=\"https:\/\/jt.lv\/wp-content\/uploads\/2025\/02\/Jet-Press-750S-1-e1739798523127-1024x297.png 1024w, https:\/\/jt.lv\/wp-content\/uploads\/2025\/02\/Jet-Press-750S-1-e1739798523127-300x87.png 300w, https:\/\/jt.lv\/wp-content\/uploads\/2025\/02\/Jet-Press-750S-1-e1739798523127-768x223.png 768w, https:\/\/jt.lv\/wp-content\/uploads\/2025\/02\/Jet-Press-750S-1-e1739798523127-1536x445.png 1536w, https:\/\/jt.lv\/wp-content\/uploads\/2025\/02\/Jet-Press-750S-1-e1739798523127-2048x594.png 2048w, https:\/\/jt.lv\/wp-content\/uploads\/2025\/02\/Jet-Press-750S-1-e1739798523127-1271x369.png 1271w, https:\/\/jt.lv\/wp-content\/uploads\/2025\/02\/Jet-Press-750S-1-e1739798523127-680x197.png 680w, https:\/\/jt.lv\/wp-content\/uploads\/2025\/02\/Jet-Press-750S-1-e1739798523127-1360x394.png 1360w\" sizes=\"auto, (max-width: 1024px) 100vw, 1024px\" \/><\/figure>\n\n\n\n<h2 class=\"wp-block-heading\">Key Advantages<\/h2>\n\n\n\n<ul class=\"wp-block-list\">\n<li>Print quality comparable to offset<\/li>\n\n\n\n<li>Outstanding colour accuracy and sharp detail<\/li>\n\n\n\n<li>Larger colour gamut than conventional offset CMYK<\/li>\n\n\n\n<li>Ideal for small and medium print runs<\/li>\n\n\n\n<li>Faster turnaround times<\/li>\n\n\n\n<li>Reduced prepress and setup work<\/li>\n\n\n\n<li>More environmentally friendly \u2013 lower chemical use<\/li>\n\n\n\n<li>Consistent quality from the first to the last sheet<\/li>\n\n\n\n<li>Personalisation of print products<\/li>\n<\/ul>\n\n\n\n<h2 class=\"wp-block-heading\">Core Specifications<\/h2>\n\n\n\n<figure class=\"wp-block-table\"><table><tbody><tr><td>Efficient and cost-effective solutions for<br>book covers<\/td><td>100\u20131400 copies<\/td><\/tr><tr><td>Efficient and cost-effective solutions for<br>full-colour inner pages<\/td><td>100\u2013300 copies<\/td><\/tr><tr><td>Printing technology<\/td><td>4-colour, water-based pigment inkjet<\/td><\/tr><tr><td>Colour model<\/td><td>CMYK<\/td><\/tr><tr><td>Max sheet size<\/td><td>B2 (750 \u00d7 585 mm)<\/td><\/tr><tr><td>Printing formats<\/td><td>450 x 640 mm<br>500 x 700 mm<br>520 x 720 mm<br>585 x 750 mm<\/td><\/tr><tr><td>Coated paper<\/td><td>90\u2013300 g\/m<sup>2<\/sup><\/td><\/tr><tr><td>Uncoated paper<\/td><td>80\u2013240 g\/m<sup>2<\/sup><\/td><\/tr><tr><td>Paper thickness<\/td><td>&lt; 0.34 mm<\/td><\/tr><\/tbody><\/table><\/figure>\n\n\n\n<p><a href=\"https:\/\/jt.lv\/en\/contacts\/\" data-type=\"page\" data-id=\"309\" target=\"_blank\" rel=\"noreferrer noopener\">Contact us<\/a> to request a quote or learn how this technology can elevate your next printed publication.<\/p>\n\n\n\n<figure class=\"wp-block-image size-large\"><img loading=\"lazy\" decoding=\"async\" width=\"1600\" height=\"900\" src=\"http:\/\/jt.lv\/wp-content\/uploads\/2025\/05\/0008-JT_29_foto-Billijs-Locs-edited.jpg\" alt=\"\" class=\"wp-image-7544\" srcset=\"https:\/\/jt.lv\/wp-content\/uploads\/2025\/05\/0008-JT_29_foto-Billijs-Locs-edited.jpg 1600w, https:\/\/jt.lv\/wp-content\/uploads\/2025\/05\/0008-JT_29_foto-Billijs-Locs-edited-300x169.jpg 300w, https:\/\/jt.lv\/wp-content\/uploads\/2025\/05\/0008-JT_29_foto-Billijs-Locs-edited-1024x576.jpg 1024w, https:\/\/jt.lv\/wp-content\/uploads\/2025\/05\/0008-JT_29_foto-Billijs-Locs-edited-768x432.jpg 768w, https:\/\/jt.lv\/wp-content\/uploads\/2025\/05\/0008-JT_29_foto-Billijs-Locs-edited-1536x864.jpg 1536w, https:\/\/jt.lv\/wp-content\/uploads\/2025\/05\/0008-JT_29_foto-Billijs-Locs-edited-1209x680.jpg 1209w, https:\/\/jt.lv\/wp-content\/uploads\/2025\/05\/0008-JT_29_foto-Billijs-Locs-edited-933x525.jpg 933w, https:\/\/jt.lv\/wp-content\/uploads\/2025\/05\/0008-JT_29_foto-Billijs-Locs-edited-1271x715.jpg 1271w, https:\/\/jt.lv\/wp-content\/uploads\/2025\/05\/0008-JT_29_foto-Billijs-Locs-edited-680x383.jpg 680w, https:\/\/jt.lv\/wp-content\/uploads\/2025\/05\/0008-JT_29_foto-Billijs-Locs-edited-1360x765.jpg 1360w\" sizes=\"auto, (max-width: 1600px) 100vw, 1600px\" \/><\/figure>\n","protected":false},"excerpt":{"rendered":"<p>When innovation complements tradition \u2013Fujifilm Jet Press 750S High Speed Model Key Advantages Core Specifications Efficient and cost-effective solutions forbook covers 100\u20131400 copies Efficient and cost-effective solutions forfull-colour inner pages 100\u2013300 copies Printing technology 4-colour, water-based pigment inkjet Colour model CMYK Max sheet size B2 (750 \u00d7 585 mm) Printing formats 450 x 640 mm500 [&hellip;]<\/p>\n","protected":false},"author":1,"featured_media":0,"parent":0,"menu_order":88,"comment_status":"closed","ping_status":"closed","template":"","meta":{"_acf_changed":false,"inline_featured_image":false,"footnotes":""},"class_list":["post-7272","page","type-page","status-publish","hentry"],"acf":[],"yoast_head":"<!-- This site is optimized with the Yoast SEO plugin v27.3 - https:\/\/yoast.com\/product\/yoast-seo-wordpress\/ -->\n<title>Marketing \/ Digital Printing - Jelgavas tipogr\u0101fija<\/title>\n<meta name=\"robots\" content=\"index, follow, max-snippet:-1, max-image-preview:large, max-video-preview:-1\" \/>\n<link rel=\"canonical\" href=\"https:\/\/jt.lv\/en\/digital-printing\/\" \/>\n<meta property=\"og:locale\" content=\"en_US\" \/>\n<meta property=\"og:type\" content=\"article\" \/>\n<meta property=\"og:title\" content=\"Marketing \/ Digital Printing - Jelgavas tipogr\u0101fija\" \/>\n<meta property=\"og:description\" content=\"When innovation complements tradition \u2013Fujifilm Jet Press 750S High Speed Model Key Advantages Core Specifications Efficient and cost-effective solutions forbook covers 100\u20131400 copies Efficient and cost-effective solutions forfull-colour inner pages 100\u2013300 copies Printing technology 4-colour, water-based pigment inkjet Colour model CMYK Max sheet size B2 (750 \u00d7 585 mm) Printing formats 450 x 640 mm500 [&hellip;]\" \/>\n<meta property=\"og:url\" content=\"https:\/\/jt.lv\/en\/digital-printing\/\" \/>\n<meta property=\"og:site_name\" content=\"Jelgavas tipogr\u0101fija\" \/>\n<meta property=\"article:modified_time\" content=\"2025-09-05T06:21:31+00:00\" \/>\n<meta property=\"og:image\" content=\"http:\/\/jt.lv\/wp-content\/uploads\/2025\/02\/Jet-Press-750S-1-e1739798523127-1024x297.png\" \/>\n<meta name=\"twitter:card\" content=\"summary_large_image\" \/>\n<meta name=\"twitter:label1\" content=\"Est. reading time\" \/>\n\t<meta name=\"twitter:data1\" content=\"2 minutes\" \/>\n<script type=\"application\/ld+json\" class=\"yoast-schema-graph\">{\"@context\":\"https:\\\/\\\/schema.org\",\"@graph\":[{\"@type\":\"WebPage\",\"@id\":\"https:\\\/\\\/jt.lv\\\/en\\\/digital-printing\\\/\",\"url\":\"https:\\\/\\\/jt.lv\\\/en\\\/digital-printing\\\/\",\"name\":\"Marketing \\\/ Digital Printing - Jelgavas tipogr\u0101fija\",\"isPartOf\":{\"@id\":\"http:\\\/\\\/jt.lv\\\/en\\\/#website\"},\"primaryImageOfPage\":{\"@id\":\"https:\\\/\\\/jt.lv\\\/en\\\/digital-printing\\\/#primaryimage\"},\"image\":{\"@id\":\"https:\\\/\\\/jt.lv\\\/en\\\/digital-printing\\\/#primaryimage\"},\"thumbnailUrl\":\"http:\\\/\\\/jt.lv\\\/wp-content\\\/uploads\\\/2025\\\/02\\\/Jet-Press-750S-1-e1739798523127-1024x297.png\",\"datePublished\":\"2023-08-30T10:15:07+00:00\",\"dateModified\":\"2025-09-05T06:21:31+00:00\",\"breadcrumb\":{\"@id\":\"https:\\\/\\\/jt.lv\\\/en\\\/digital-printing\\\/#breadcrumb\"},\"inLanguage\":\"en-US\",\"potentialAction\":[{\"@type\":\"ReadAction\",\"target\":[\"https:\\\/\\\/jt.lv\\\/en\\\/digital-printing\\\/\"]}]},{\"@type\":\"ImageObject\",\"inLanguage\":\"en-US\",\"@id\":\"https:\\\/\\\/jt.lv\\\/en\\\/digital-printing\\\/#primaryimage\",\"url\":\"http:\\\/\\\/jt.lv\\\/wp-content\\\/uploads\\\/2025\\\/02\\\/Jet-Press-750S-1-e1739798523127-1024x297.png\",\"contentUrl\":\"http:\\\/\\\/jt.lv\\\/wp-content\\\/uploads\\\/2025\\\/02\\\/Jet-Press-750S-1-e1739798523127-1024x297.png\"},{\"@type\":\"BreadcrumbList\",\"@id\":\"https:\\\/\\\/jt.lv\\\/en\\\/digital-printing\\\/#breadcrumb\",\"itemListElement\":[{\"@type\":\"ListItem\",\"position\":1,\"name\":\"Home\",\"item\":\"https:\\\/\\\/jt.lv\\\/en\\\/\"},{\"@type\":\"ListItem\",\"position\":2,\"name\":\"Marketing \\\/ Digital Printing\"}]},{\"@type\":\"WebSite\",\"@id\":\"http:\\\/\\\/jt.lv\\\/en\\\/#website\",\"url\":\"http:\\\/\\\/jt.lv\\\/en\\\/\",\"name\":\"Jelgavas tipogr\u0101fija\",\"description\":\"M\u0113s ra\u017eojam gr\u0101matas.\",\"publisher\":{\"@id\":\"http:\\\/\\\/jt.lv\\\/en\\\/#organization\"},\"potentialAction\":[{\"@type\":\"SearchAction\",\"target\":{\"@type\":\"EntryPoint\",\"urlTemplate\":\"http:\\\/\\\/jt.lv\\\/en\\\/?s={search_term_string}\"},\"query-input\":{\"@type\":\"PropertyValueSpecification\",\"valueRequired\":true,\"valueName\":\"search_term_string\"}}],\"inLanguage\":\"en-US\"},{\"@type\":\"Organization\",\"@id\":\"http:\\\/\\\/jt.lv\\\/en\\\/#organization\",\"name\":\"Jelgavas tipogr\u0101fija\",\"url\":\"http:\\\/\\\/jt.lv\\\/en\\\/\",\"logo\":{\"@type\":\"ImageObject\",\"inLanguage\":\"en-US\",\"@id\":\"http:\\\/\\\/jt.lv\\\/en\\\/#\\\/schema\\\/logo\\\/image\\\/\",\"url\":\"https:\\\/\\\/jt.lv\\\/wp-content\\\/uploads\\\/2025\\\/06\\\/jt-logo.png\",\"contentUrl\":\"https:\\\/\\\/jt.lv\\\/wp-content\\\/uploads\\\/2025\\\/06\\\/jt-logo.png\",\"width\":696,\"height\":696,\"caption\":\"Jelgavas tipogr\u0101fija\"},\"image\":{\"@id\":\"http:\\\/\\\/jt.lv\\\/en\\\/#\\\/schema\\\/logo\\\/image\\\/\"}}]}<\/script>\n<!-- \/ Yoast SEO plugin. -->","yoast_head_json":{"title":"Marketing \/ Digital Printing - Jelgavas tipogr\u0101fija","robots":{"index":"index","follow":"follow","max-snippet":"max-snippet:-1","max-image-preview":"max-image-preview:large","max-video-preview":"max-video-preview:-1"},"canonical":"https:\/\/jt.lv\/en\/digital-printing\/","og_locale":"en_US","og_type":"article","og_title":"Marketing \/ Digital Printing - Jelgavas tipogr\u0101fija","og_description":"When innovation complements tradition \u2013Fujifilm Jet Press 750S High Speed Model Key Advantages Core Specifications Efficient and cost-effective solutions forbook covers 100\u20131400 copies Efficient and cost-effective solutions forfull-colour inner pages 100\u2013300 copies Printing technology 4-colour, water-based pigment inkjet Colour model CMYK Max sheet size B2 (750 \u00d7 585 mm) Printing formats 450 x 640 mm500 [&hellip;]","og_url":"https:\/\/jt.lv\/en\/digital-printing\/","og_site_name":"Jelgavas tipogr\u0101fija","article_modified_time":"2025-09-05T06:21:31+00:00","og_image":[{"url":"http:\/\/jt.lv\/wp-content\/uploads\/2025\/02\/Jet-Press-750S-1-e1739798523127-1024x297.png","type":"","width":"","height":""}],"twitter_card":"summary_large_image","twitter_misc":{"Est. reading time":"2 minutes"},"schema":{"@context":"https:\/\/schema.org","@graph":[{"@type":"WebPage","@id":"https:\/\/jt.lv\/en\/digital-printing\/","url":"https:\/\/jt.lv\/en\/digital-printing\/","name":"Marketing \/ Digital Printing - Jelgavas tipogr\u0101fija","isPartOf":{"@id":"http:\/\/jt.lv\/en\/#website"},"primaryImageOfPage":{"@id":"https:\/\/jt.lv\/en\/digital-printing\/#primaryimage"},"image":{"@id":"https:\/\/jt.lv\/en\/digital-printing\/#primaryimage"},"thumbnailUrl":"http:\/\/jt.lv\/wp-content\/uploads\/2025\/02\/Jet-Press-750S-1-e1739798523127-1024x297.png","datePublished":"2023-08-30T10:15:07+00:00","dateModified":"2025-09-05T06:21:31+00:00","breadcrumb":{"@id":"https:\/\/jt.lv\/en\/digital-printing\/#breadcrumb"},"inLanguage":"en-US","potentialAction":[{"@type":"ReadAction","target":["https:\/\/jt.lv\/en\/digital-printing\/"]}]},{"@type":"ImageObject","inLanguage":"en-US","@id":"https:\/\/jt.lv\/en\/digital-printing\/#primaryimage","url":"http:\/\/jt.lv\/wp-content\/uploads\/2025\/02\/Jet-Press-750S-1-e1739798523127-1024x297.png","contentUrl":"http:\/\/jt.lv\/wp-content\/uploads\/2025\/02\/Jet-Press-750S-1-e1739798523127-1024x297.png"},{"@type":"BreadcrumbList","@id":"https:\/\/jt.lv\/en\/digital-printing\/#breadcrumb","itemListElement":[{"@type":"ListItem","position":1,"name":"Home","item":"https:\/\/jt.lv\/en\/"},{"@type":"ListItem","position":2,"name":"Marketing \/ Digital Printing"}]},{"@type":"WebSite","@id":"http:\/\/jt.lv\/en\/#website","url":"http:\/\/jt.lv\/en\/","name":"Jelgavas tipogr\u0101fija","description":"M\u0113s ra\u017eojam gr\u0101matas.","publisher":{"@id":"http:\/\/jt.lv\/en\/#organization"},"potentialAction":[{"@type":"SearchAction","target":{"@type":"EntryPoint","urlTemplate":"http:\/\/jt.lv\/en\/?s={search_term_string}"},"query-input":{"@type":"PropertyValueSpecification","valueRequired":true,"valueName":"search_term_string"}}],"inLanguage":"en-US"},{"@type":"Organization","@id":"http:\/\/jt.lv\/en\/#organization","name":"Jelgavas tipogr\u0101fija","url":"http:\/\/jt.lv\/en\/","logo":{"@type":"ImageObject","inLanguage":"en-US","@id":"http:\/\/jt.lv\/en\/#\/schema\/logo\/image\/","url":"https:\/\/jt.lv\/wp-content\/uploads\/2025\/06\/jt-logo.png","contentUrl":"https:\/\/jt.lv\/wp-content\/uploads\/2025\/06\/jt-logo.png","width":696,"height":696,"caption":"Jelgavas tipogr\u0101fija"},"image":{"@id":"http:\/\/jt.lv\/en\/#\/schema\/logo\/image\/"}}]}},"_links":{"self":[{"href":"https:\/\/jt.lv\/en\/wp-json\/wp\/v2\/pages\/7272","targetHints":{"allow":["GET"]}}],"collection":[{"href":"https:\/\/jt.lv\/en\/wp-json\/wp\/v2\/pages"}],"about":[{"href":"https:\/\/jt.lv\/en\/wp-json\/wp\/v2\/types\/page"}],"author":[{"embeddable":true,"href":"https:\/\/jt.lv\/en\/wp-json\/wp\/v2\/users\/1"}],"replies":[{"embeddable":true,"href":"https:\/\/jt.lv\/en\/wp-json\/wp\/v2\/comments?post=7272"}],"version-history":[{"count":11,"href":"https:\/\/jt.lv\/en\/wp-json\/wp\/v2\/pages\/7272\/revisions"}],"predecessor-version":[{"id":8968,"href":"https:\/\/jt.lv\/en\/wp-json\/wp\/v2\/pages\/7272\/revisions\/8968"}],"wp:attachment":[{"href":"https:\/\/jt.lv\/en\/wp-json\/wp\/v2\/media?parent=7272"}],"curies":[{"name":"wp","href":"https:\/\/api.w.org\/{rel}","templated":true}]}}