{"id":5035,"date":"2023-09-19T08:10:16","date_gmt":"2023-09-19T06:10:16","guid":{"rendered":"https:\/\/jt.lv\/about-us\/piegades-nosacijumi\/"},"modified":"2025-09-05T06:58:25","modified_gmt":"2025-09-05T04:58:25","slug":"delivery","status":"publish","type":"page","link":"https:\/\/jt.lv\/en\/about-us\/delivery\/","title":{"rendered":"Delivery information"},"content":{"rendered":"\n<h2 class=\"wp-block-heading\">Delivery service from A to Z<\/h2>\n\n\n\n<p><strong>Consulting<br><\/strong>By receiving your order, we will ask you questions and provide best solutions for packaging and transportation mode.<\/p>\n\n\n\n<p><strong><strong>Packaging and labelling<\/strong><\/strong><br>We will pack and label the produced goods according to the product\u2019s dimensions and characteristics, as well as transportation and delivery requirements.<\/p>\n\n\n\n<p><strong><strong>Providing the transportation<\/strong><br><\/strong>We will provide the appropriate transport for your order to deliver it to the specified address.<\/p>\n\n\n\n<p><strong><strong>Preparation of paperwork<\/strong><br><\/strong>We will prepare the paperwork required for the shipping of the freight.<\/p>\n\n\n\n<p><strong>Delivery<\/strong><br>We will deliver your order to the specified address during business hours.<\/p>\n\n\n\n<h2 class=\"wp-block-heading\">Packaging<\/h2>\n\n\n\n<p>Products that are being delivered to export customers are packed in boxes and placed on pallets. The products can be placed directly on pallets, too, but only if product\u2019s characteristics allow it. This type of packaging saves materials, time and creates less waste.<\/p>\n\n\n\n<p><strong><strong>Boxes<\/strong><\/strong><br>Books are packed in boxes of different sizes suitable for production, with a maximum weight of up to 8 kg. The packaging label on each box contains the following information:<\/p>\n\n\n\n<ul class=\"wp-block-list\">\n<li>customer;<\/li>\n\n\n\n<li>publication title;<\/li>\n\n\n\n<li>ISBN number;<\/li>\n\n\n\n<li>number of production units in a package.<\/li>\n<\/ul>\n\n\n\n<p><strong><strong>Pallets<\/strong><\/strong><br>Packed or unpacked production is being placed on certified Euro pallets (also known as EUR or EPAL pallets). Size of the pallet is 120 x 80 cm or 120 x 100 cm (Finnish pallets). The maximum height of a pallet is 140 cm, maximum gross weight: 740 kg. Each pallet is being labelled with a special pallet label that includes following information:<\/p>\n\n\n\n<ul class=\"wp-block-list\">\n<li>pallet number;<\/li>\n\n\n\n<li>customer;<\/li>\n\n\n\n<li>recipient;<\/li>\n\n\n\n<li>recipient\u2019s address;<\/li>\n\n\n\n<li>publication title;<\/li>\n\n\n\n<li>ISBN number;<\/li>\n\n\n\n<li>total amount on the pallet;<\/li>\n\n\n\n<li>packaging units on the pallet;<\/li>\n\n\n\n<li>quantity in each packaging unit;<\/li>\n\n\n\n<li>net and gross weight;<\/li>\n\n\n\n<li>shipment date.<\/li>\n<\/ul>\n\n\n\n<p><strong><strong>Non-standard solutions<\/strong><\/strong><br>At customer&#8217;s request and within the limits of possibilities, we also provide other types of packaging, pallets in non-standard sizes corresponding to the specifics of the customer&#8217;s warehouses, as well as specially labelled packaging units.<\/p>\n\n\n\n<h2 class=\"wp-block-heading\">Delivery transport for finished products<\/h2>\n\n\n\n<p><strong><strong>Cargo truck with tailgate lift:<\/strong><\/strong><\/p>\n\n\n\n<ul class=\"wp-block-list\">\n<li>maximum load capacity: 12-15 EPAL;<\/li>\n\n\n\n<li>total gross weight: up to 7.5 t;<\/li>\n\n\n\n<li>can drive to all addresses up to the front door.<\/li>\n<\/ul>\n\n\n\n<p><strong><strong>Tilt truck or semi-tilt truck:<\/strong><\/strong><\/p>\n\n\n\n<ul class=\"wp-block-list\">\n<li>maximum load capacity: max 33 EPAL;<\/li>\n\n\n\n<li>total length: up to 18 m;<\/li>\n\n\n\n<li>payload: up to 24 t;<\/li>\n\n\n\n<li>mainly for deliveries to large warehouses or distribution terminals.<\/li>\n<\/ul>\n\n\n\n<p>We also deliver finished products <strong>by air and sea transport<\/strong>.<\/p>\n\n\n\n<h2 class=\"wp-block-heading\">Delivery periods<\/h2>\n\n\n\n<p><strong><strong>Delivery of samples<\/strong><\/strong><\/p>\n\n\n\n<p>We provide our customers with the delivery of test and sample print sheets, advance copies of books, samples of various materials and delivery notes by parcel service, always choosing the fastest delivery method. Delivery periods of samples in Europe max 2 working days regardless the region, to more distant regions, e.g. USA \u2013 3-5 working days.<\/p>\n\n\n\n<p><strong><strong>Delivery of finished products<\/strong><\/strong><\/p>\n\n\n\n<p>We provide our customers with the delivery of test and sample print sheets, advance copies of books, samples of various materials and delivery notes by parcel service, always choosing the fastest delivery method.<\/p>\n\n\n\n<p>We are shipping bulk cargo every day \u2013 in this case, the costs to the customer are calculated not by the number of pallet spaces, but by their weight, which is beneficial for those customers, who have small, light cargo.<\/p>\n\n\n\n<figure class=\"wp-block-table\"><table class=\"has-fixed-layout\"><tbody><tr><td><strong><strong>Country<\/strong><\/strong><\/td><td><strong><strong>Ship day<\/strong><\/strong><\/td><td><strong><strong>Transit time (business days)<\/strong><\/strong><\/td><\/tr><tr><td><strong>Austria<\/strong><\/td><td>Every day<\/td><td>up to 6 days<\/td><\/tr><tr><td><\/td><td>Friday<\/td><td>up to 6 days<br>(including loading day)<\/td><\/tr><tr><td><strong>Belgium<\/strong><\/td><td>Every day<\/td><td>up to 6 days<\/td><\/tr><tr><td><\/td><td>Friday<\/td><td>up to 6 days<br>(including loading day)<\/td><\/tr><tr><td><strong>Denmark<\/strong><\/td><td>Tuesday, Friday<\/td><td>up to 4 days<\/td><\/tr><tr><td><strong>Estonia<\/strong><\/td><td>Every day<\/td><td>1 day<\/td><\/tr><tr><td><strong>Finland<\/strong><\/td><td>Every day<\/td><td>1-3 days<\/td><\/tr><tr><td><strong>France<\/strong><\/td><td>Every day<\/td><td>7-8 days<\/td><\/tr><tr><td><\/td><td>Friday<\/td><td>up to 6 days<br>(including loading day)<\/td><\/tr><tr><td><strong>Germany<\/strong><\/td><td>Every day<\/td><td>up to 5 days<\/td><\/tr><tr><td><\/td><td>Friday<\/td><td>up to 5 days<br>(including loading day)<\/td><\/tr><tr><td><strong>Iceland<\/strong><\/td><td>Tuesday<\/td><td>7 days till destination<br>(Kolding, Denmark &#8211; Thursday)<\/td><\/tr><tr><td><strong>Lithuania<\/strong><\/td><td>Every day<\/td><td>1 day<\/td><\/tr><tr><td><strong>The Netherlands<\/strong><\/td><td>Every day<\/td><td>up to 5 days<\/td><\/tr><tr><td><\/td><td>Friday<\/td><td>up to 5 days<br>(including loading day)<\/td><\/tr><tr><td><strong>Norway<\/strong><\/td><td>Tuesday, Friday<\/td><td>2-10 days,<br>depending on the region<\/td><\/tr><tr><td><strong>Sweden<\/strong><\/td><td>Every day<br>(shipment to warehouses on Tuesdays and Fridays)<\/td><td>up to 4 days<\/td><\/tr><tr><td><strong>Switzerland<\/strong><\/td><td>Every day<\/td><td>up to 8 days<\/td><\/tr><tr><td><\/td><td>Friday<\/td><td>up to 6 days<br>(including loading day)<\/td><\/tr><tr><td><strong>United Kingdom<\/strong><\/td><td>Friday<\/td><td>up to 6 days<br>(including loading day)<\/td><\/tr><\/tbody><\/table><\/figure>\n\n\n\n<h2 class=\"wp-block-heading\">Customer&#8217;s responsibilities<\/h2>\n\n\n\n<p>When placing an order, but no later than 5 business days before the scheduled order dispatch date, the customer must submit the following information: delivery address or addresses &#8211; working hours and delivery options (whether a tailgate lift transport is required or not), as well as name and telephone number of the contact person for further communication.<\/p>\n\n\n\n\n\n\t<div class=\"jt-promo-cta has-bg-image\" style=\"background-image: url(https:\/\/jt.lv\/wp-content\/uploads\/2023\/09\/0209-JT_Sep2021_foto-Billijs-Locs-scaled.jpg);\">\n\t\t<div class=\"born-container is-default\">\n\t\t\t<div class=\"inner\">\n\t\t\t\t<div class=\"text\">\n\t\t\t\t\t\t\t\t\t<\/div>\n\t\t\t\t\t\t\t<\/div>\n\t\t<\/div>\n\t<\/div>\n\n\n","protected":false},"excerpt":{"rendered":"<p>Delivery service from A to Z ConsultingBy receiving your order, we will ask you questions and provide best solutions for packaging and transportation mode. Packaging and labellingWe will pack and label the produced goods according to the product\u2019s dimensions and characteristics, as well as transportation and delivery requirements. Providing the transportationWe will provide the appropriate [&hellip;]<\/p>\n","protected":false},"author":1,"featured_media":3967,"parent":4938,"menu_order":14,"comment_status":"closed","ping_status":"closed","template":"","meta":{"_acf_changed":false,"inline_featured_image":false,"footnotes":""},"class_list":["post-5035","page","type-page","status-publish","has-post-thumbnail","hentry"],"acf":[],"yoast_head":"<!-- This site is optimized with the Yoast SEO plugin v27.4 - https:\/\/yoast.com\/product\/yoast-seo-wordpress\/ -->\n<title>Delivery information - Jelgavas tipogr\u0101fija<\/title>\n<meta name=\"robots\" content=\"index, follow, max-snippet:-1, max-image-preview:large, max-video-preview:-1\" \/>\n<link rel=\"canonical\" href=\"https:\/\/jt.lv\/en\/about-us\/delivery\/\" \/>\n<meta property=\"og:locale\" content=\"en_US\" \/>\n<meta property=\"og:type\" content=\"article\" \/>\n<meta property=\"og:title\" content=\"Delivery information - Jelgavas tipogr\u0101fija\" \/>\n<meta property=\"og:description\" content=\"Delivery service from A to Z ConsultingBy receiving your order, we will ask you questions and provide best solutions for packaging and transportation mode. Packaging and labellingWe will pack and label the produced goods according to the product\u2019s dimensions and characteristics, as well as transportation and delivery requirements. Providing the transportationWe will provide the appropriate [&hellip;]\" \/>\n<meta property=\"og:url\" content=\"https:\/\/jt.lv\/en\/about-us\/delivery\/\" \/>\n<meta property=\"og:site_name\" content=\"Jelgavas tipogr\u0101fija\" \/>\n<meta property=\"article:modified_time\" content=\"2025-09-05T04:58:25+00:00\" \/>\n<meta property=\"og:image\" content=\"https:\/\/jt.lv\/wp-content\/uploads\/2023\/08\/photo-14.jpg\" \/>\n\t<meta property=\"og:image:width\" content=\"1740\" \/>\n\t<meta property=\"og:image:height\" content=\"750\" \/>\n\t<meta property=\"og:image:type\" content=\"image\/jpeg\" \/>\n<meta name=\"twitter:card\" content=\"summary_large_image\" \/>\n<meta name=\"twitter:label1\" content=\"Est. reading time\" \/>\n\t<meta name=\"twitter:data1\" content=\"5 minutes\" \/>\n<script type=\"application\/ld+json\" class=\"yoast-schema-graph\">{\"@context\":\"https:\\\/\\\/schema.org\",\"@graph\":[{\"@type\":\"WebPage\",\"@id\":\"https:\\\/\\\/jt.lv\\\/en\\\/about-us\\\/delivery\\\/\",\"url\":\"https:\\\/\\\/jt.lv\\\/en\\\/about-us\\\/delivery\\\/\",\"name\":\"Delivery information - Jelgavas tipogr\u0101fija\",\"isPartOf\":{\"@id\":\"http:\\\/\\\/jt.lv\\\/en\\\/#website\"},\"primaryImageOfPage\":{\"@id\":\"https:\\\/\\\/jt.lv\\\/en\\\/about-us\\\/delivery\\\/#primaryimage\"},\"image\":{\"@id\":\"https:\\\/\\\/jt.lv\\\/en\\\/about-us\\\/delivery\\\/#primaryimage\"},\"thumbnailUrl\":\"https:\\\/\\\/jt.lv\\\/wp-content\\\/uploads\\\/2023\\\/08\\\/photo-14.jpg\",\"datePublished\":\"2023-09-19T06:10:16+00:00\",\"dateModified\":\"2025-09-05T04:58:25+00:00\",\"breadcrumb\":{\"@id\":\"https:\\\/\\\/jt.lv\\\/en\\\/about-us\\\/delivery\\\/#breadcrumb\"},\"inLanguage\":\"en-US\",\"potentialAction\":[{\"@type\":\"ReadAction\",\"target\":[\"https:\\\/\\\/jt.lv\\\/en\\\/about-us\\\/delivery\\\/\"]}]},{\"@type\":\"ImageObject\",\"inLanguage\":\"en-US\",\"@id\":\"https:\\\/\\\/jt.lv\\\/en\\\/about-us\\\/delivery\\\/#primaryimage\",\"url\":\"https:\\\/\\\/jt.lv\\\/wp-content\\\/uploads\\\/2023\\\/08\\\/photo-14.jpg\",\"contentUrl\":\"https:\\\/\\\/jt.lv\\\/wp-content\\\/uploads\\\/2023\\\/08\\\/photo-14.jpg\",\"width\":1740,\"height\":750},{\"@type\":\"BreadcrumbList\",\"@id\":\"https:\\\/\\\/jt.lv\\\/en\\\/about-us\\\/delivery\\\/#breadcrumb\",\"itemListElement\":[{\"@type\":\"ListItem\",\"position\":1,\"name\":\"Home\",\"item\":\"https:\\\/\\\/jt.lv\\\/en\\\/\"},{\"@type\":\"ListItem\",\"position\":2,\"name\":\"About us\",\"item\":\"https:\\\/\\\/jt.lv\\\/en\\\/about-us\\\/\"},{\"@type\":\"ListItem\",\"position\":3,\"name\":\"Delivery information\"}]},{\"@type\":\"WebSite\",\"@id\":\"http:\\\/\\\/jt.lv\\\/en\\\/#website\",\"url\":\"http:\\\/\\\/jt.lv\\\/en\\\/\",\"name\":\"Jelgavas tipogr\u0101fija\",\"description\":\"M\u0113s ra\u017eojam gr\u0101matas.\",\"publisher\":{\"@id\":\"http:\\\/\\\/jt.lv\\\/en\\\/#organization\"},\"potentialAction\":[{\"@type\":\"SearchAction\",\"target\":{\"@type\":\"EntryPoint\",\"urlTemplate\":\"http:\\\/\\\/jt.lv\\\/en\\\/?s={search_term_string}\"},\"query-input\":{\"@type\":\"PropertyValueSpecification\",\"valueRequired\":true,\"valueName\":\"search_term_string\"}}],\"inLanguage\":\"en-US\"},{\"@type\":\"Organization\",\"@id\":\"http:\\\/\\\/jt.lv\\\/en\\\/#organization\",\"name\":\"Jelgavas tipogr\u0101fija\",\"url\":\"http:\\\/\\\/jt.lv\\\/en\\\/\",\"logo\":{\"@type\":\"ImageObject\",\"inLanguage\":\"en-US\",\"@id\":\"http:\\\/\\\/jt.lv\\\/en\\\/#\\\/schema\\\/logo\\\/image\\\/\",\"url\":\"https:\\\/\\\/jt.lv\\\/wp-content\\\/uploads\\\/2025\\\/06\\\/jt-logo.png\",\"contentUrl\":\"https:\\\/\\\/jt.lv\\\/wp-content\\\/uploads\\\/2025\\\/06\\\/jt-logo.png\",\"width\":696,\"height\":696,\"caption\":\"Jelgavas tipogr\u0101fija\"},\"image\":{\"@id\":\"http:\\\/\\\/jt.lv\\\/en\\\/#\\\/schema\\\/logo\\\/image\\\/\"}}]}<\/script>\n<!-- \/ Yoast SEO plugin. -->","yoast_head_json":{"title":"Delivery information - Jelgavas tipogr\u0101fija","robots":{"index":"index","follow":"follow","max-snippet":"max-snippet:-1","max-image-preview":"max-image-preview:large","max-video-preview":"max-video-preview:-1"},"canonical":"https:\/\/jt.lv\/en\/about-us\/delivery\/","og_locale":"en_US","og_type":"article","og_title":"Delivery information - Jelgavas tipogr\u0101fija","og_description":"Delivery service from A to Z ConsultingBy receiving your order, we will ask you questions and provide best solutions for packaging and transportation mode. Packaging and labellingWe will pack and label the produced goods according to the product\u2019s dimensions and characteristics, as well as transportation and delivery requirements. Providing the transportationWe will provide the appropriate [&hellip;]","og_url":"https:\/\/jt.lv\/en\/about-us\/delivery\/","og_site_name":"Jelgavas tipogr\u0101fija","article_modified_time":"2025-09-05T04:58:25+00:00","og_image":[{"width":1740,"height":750,"url":"https:\/\/jt.lv\/wp-content\/uploads\/2023\/08\/photo-14.jpg","type":"image\/jpeg"}],"twitter_card":"summary_large_image","twitter_misc":{"Est. reading time":"5 minutes"},"schema":{"@context":"https:\/\/schema.org","@graph":[{"@type":"WebPage","@id":"https:\/\/jt.lv\/en\/about-us\/delivery\/","url":"https:\/\/jt.lv\/en\/about-us\/delivery\/","name":"Delivery information - Jelgavas tipogr\u0101fija","isPartOf":{"@id":"http:\/\/jt.lv\/en\/#website"},"primaryImageOfPage":{"@id":"https:\/\/jt.lv\/en\/about-us\/delivery\/#primaryimage"},"image":{"@id":"https:\/\/jt.lv\/en\/about-us\/delivery\/#primaryimage"},"thumbnailUrl":"https:\/\/jt.lv\/wp-content\/uploads\/2023\/08\/photo-14.jpg","datePublished":"2023-09-19T06:10:16+00:00","dateModified":"2025-09-05T04:58:25+00:00","breadcrumb":{"@id":"https:\/\/jt.lv\/en\/about-us\/delivery\/#breadcrumb"},"inLanguage":"en-US","potentialAction":[{"@type":"ReadAction","target":["https:\/\/jt.lv\/en\/about-us\/delivery\/"]}]},{"@type":"ImageObject","inLanguage":"en-US","@id":"https:\/\/jt.lv\/en\/about-us\/delivery\/#primaryimage","url":"https:\/\/jt.lv\/wp-content\/uploads\/2023\/08\/photo-14.jpg","contentUrl":"https:\/\/jt.lv\/wp-content\/uploads\/2023\/08\/photo-14.jpg","width":1740,"height":750},{"@type":"BreadcrumbList","@id":"https:\/\/jt.lv\/en\/about-us\/delivery\/#breadcrumb","itemListElement":[{"@type":"ListItem","position":1,"name":"Home","item":"https:\/\/jt.lv\/en\/"},{"@type":"ListItem","position":2,"name":"About us","item":"https:\/\/jt.lv\/en\/about-us\/"},{"@type":"ListItem","position":3,"name":"Delivery information"}]},{"@type":"WebSite","@id":"http:\/\/jt.lv\/en\/#website","url":"http:\/\/jt.lv\/en\/","name":"Jelgavas tipogr\u0101fija","description":"M\u0113s ra\u017eojam gr\u0101matas.","publisher":{"@id":"http:\/\/jt.lv\/en\/#organization"},"potentialAction":[{"@type":"SearchAction","target":{"@type":"EntryPoint","urlTemplate":"http:\/\/jt.lv\/en\/?s={search_term_string}"},"query-input":{"@type":"PropertyValueSpecification","valueRequired":true,"valueName":"search_term_string"}}],"inLanguage":"en-US"},{"@type":"Organization","@id":"http:\/\/jt.lv\/en\/#organization","name":"Jelgavas tipogr\u0101fija","url":"http:\/\/jt.lv\/en\/","logo":{"@type":"ImageObject","inLanguage":"en-US","@id":"http:\/\/jt.lv\/en\/#\/schema\/logo\/image\/","url":"https:\/\/jt.lv\/wp-content\/uploads\/2025\/06\/jt-logo.png","contentUrl":"https:\/\/jt.lv\/wp-content\/uploads\/2025\/06\/jt-logo.png","width":696,"height":696,"caption":"Jelgavas tipogr\u0101fija"},"image":{"@id":"http:\/\/jt.lv\/en\/#\/schema\/logo\/image\/"}}]}},"_links":{"self":[{"href":"https:\/\/jt.lv\/en\/wp-json\/wp\/v2\/pages\/5035","targetHints":{"allow":["GET"]}}],"collection":[{"href":"https:\/\/jt.lv\/en\/wp-json\/wp\/v2\/pages"}],"about":[{"href":"https:\/\/jt.lv\/en\/wp-json\/wp\/v2\/types\/page"}],"author":[{"embeddable":true,"href":"https:\/\/jt.lv\/en\/wp-json\/wp\/v2\/users\/1"}],"replies":[{"embeddable":true,"href":"https:\/\/jt.lv\/en\/wp-json\/wp\/v2\/comments?post=5035"}],"version-history":[{"count":54,"href":"https:\/\/jt.lv\/en\/wp-json\/wp\/v2\/pages\/5035\/revisions"}],"predecessor-version":[{"id":9020,"href":"https:\/\/jt.lv\/en\/wp-json\/wp\/v2\/pages\/5035\/revisions\/9020"}],"up":[{"embeddable":true,"href":"https:\/\/jt.lv\/en\/wp-json\/wp\/v2\/pages\/4938"}],"wp:featuredmedia":[{"embeddable":true,"href":"https:\/\/jt.lv\/en\/wp-json\/wp\/v2\/media\/3967"}],"wp:attachment":[{"href":"https:\/\/jt.lv\/en\/wp-json\/wp\/v2\/media?parent=5035"}],"curies":[{"name":"wp","href":"https:\/\/api.w.org\/{rel}","templated":true}]}}