{"id":5019,"date":"2024-01-18T12:16:46","date_gmt":"2024-01-18T10:16:46","guid":{"rendered":"https:\/\/jt.lv\/sikdatnu-politika\/"},"modified":"2025-06-18T15:08:28","modified_gmt":"2025-06-18T13:08:28","slug":"cookies-policy","status":"publish","type":"page","link":"https:\/\/jt.lv\/en\/cookies-policy\/","title":{"rendered":"Cookies policy"},"content":{"rendered":"\n<p>The <a href=\"http:\/\/www.jt.lv\">www.jt.lv<\/a> website uses cookies to personalize content and ads, provide social media features, and analyse website traffic.<\/p>\n\n\n\n<p>We use cookies and other similar technologies that collect and store information about your browsing history. Cookies are small text files that are stored on a user&#8217;s device. Other similar technologies include, for example, <em>JavaScript<\/em>, mobile identifiers, <em>web beacons<\/em>, etc.<\/p>\n\n\n\n<h2 class=\"wp-block-heading\">Managing cookies<\/h2>\n\n\n\n<p>Your internet browser allows you to manage and disable the use of cookies. For more information on how to manage or disable cookies in your browser, please use the links below or open the \u201chelp\u201d menu in your browser.<\/p>\n\n\n\n<p><a href=\"https:\/\/support.microsoft.com\/en-gb\/help\/17442\/windows-internet-explorer-delete-manage-cookies\" target=\"_blank\" rel=\"noreferrer noopener\">Cookie settings for Internet Explorer<\/a><br><a href=\"https:\/\/support.microsoft.com\/en-us\/windows\/microsoft-edge-browsing-data-and-privacy-bb8174ba-9d73-dcf2-9b4a-c582b4e640dd\" target=\"_blank\" rel=\"noreferrer noopener\">Cookie settings for Microsoft Edge<\/a><br><a href=\"https:\/\/support.mozilla.org\/en-US\/products\/firefox\/protect-your-privacy\/cookies\" target=\"_blank\" rel=\"noreferrer noopener\">Cookie settings for Firefox<\/a><br><a href=\"https:\/\/support.google.com\/chrome\/answer\/95647?hl=en\" target=\"_blank\" rel=\"noreferrer noopener\">Cookie settings for Chrome<\/a><br><a href=\"https:\/\/support.apple.com\/en-gb\/guide\/safari\/sfri11471\/mac\" target=\"_blank\" rel=\"noreferrer noopener\">Cookie settings for Safari<\/a><br><a href=\"https:\/\/help.opera.com\/en\/latest\/web-preferences\/\" target=\"_blank\" rel=\"noreferrer noopener\">Cookie settings for Opera<\/a><\/p>\n\n\n\n<p>For information about other browsers, visit the website of the browser developer.<\/p>\n\n\n\n<p>To opt out of <em>Google Analytics<\/em> tracking across all websites, visit <a href=\"https:\/\/tools.google.com\/dlpage\/gaoptout\" target=\"_blank\" rel=\"noreferrer noopener\">http:\/\/tools.google.com\/dlpage\/gaoptout<\/a>.<\/p>\n\n\n\n<p>You have the option to edit the list of cookies used.<\/p>\n\n\n\n<h2 class=\"wp-block-heading\">Types of cookies<\/h2>\n\n\n\n<h3 class=\"wp-block-heading\">Compulsory cookies<\/h3>\n\n\n\n<p>These cookies are necessary for the functionality of the website and cannot be disabled. They are migrated to your devices in accordance with legal requirements. Necessary cookies are used only in response to actions you take in the form of a service request, such as setting your privacy preferences or using sign-in or information submission forms. If these cookies are disabled, the website may not function properly. They do not contain data that directly identifies you.<\/p>\n\n\n\n<h3 class=\"wp-block-heading\">Operational improvement or statistical cookies<\/h3>\n\n\n\n<p>These cookies allow us to collect information about the number of visits to our website and the origin of traffic so that we can improve the performance, design and functionality of the website. Thanks to these cookies, we obtain information about the most and least popular sections of our website and the way in which website visitors browse our website. Such cookies may be placed by us, as well as by third-party service providers. If you choose to disable the use of these cookies, we will not obtain this information or the information will be significantly limited, thus preventing us from understanding the habits of website users and improving the website.<\/p>\n\n\n\n<h3 class=\"wp-block-heading\">Functional cookies<\/h3>\n\n\n\n<p>These cookies help to improve the functionality of the website and personalize its content. Such cookies may be placed by us, as well as by third-party service providers. If you choose to disable these cookies, the functionality of the website may be impaired and the content you see may not be personalised.<\/p>\n\n\n\n<h3 class=\"wp-block-heading\">Marketing cookies<\/h3>\n\n\n\n<p>Marketing cookies may be placed by us, as well as by third-party service providers. The purpose of cookies is to create a profile of your interests and to offer you advertising that is relevant to your interests, which is placed on other websites. Such cookies do not directly store extensive and detailed personal data about you, but are based on a unique identification of the browser and device, which is considered the processing of personal data. If you disable marketing cookies, you will be reached by fewer personalised advertisements.<\/p>\n\n\n\n<h3 class=\"wp-block-heading\">Social media cookies<\/h3>\n\n\n\n<p>Social media services use social media cookies to recognize users and, accordingly, for example, share certain articles by clicking on a menu. Such cookies can track the websites you browse and create a profile of your interests. Social media cookies may affect the content and notifications you see on other websites you visit (for example, advertisements for our website and\/or products\/services). If these cookies are disabled, you will not be able to share certain content on the website.<\/p>\n\n\n\n<h3 class=\"wp-block-heading\">Cookies can additionally be divided up not only for the aforementioned purposes, but also according to maintenance duration<\/h3>\n\n\n\n<ul class=\"wp-block-list\">\n<li><strong>Session cookies<\/strong> are used each time you visit our website. We use this type of cookie to link your activities on our website, and each session cookie will only exist for the duration of your browser session, at the end of which the cookie will also expire. Each browser session will begin when you open a browser window and end when you close it. All session cookies are automatically deleted after you end your visit to our website.<\/li>\n\n\n\n<li><strong>Permanent cookies<\/strong> allow you to remember your settings or actions on a website. Its life cycle is longer than a session cookie, but different for each of them. Namely, persistent cookies are not automatically deleted at the end of the session, but are temporarily deactivated while the session is inactive. It will be activated every time you visit the website that created this particular persistent cookie.<\/li>\n<\/ul>\n\n\n\n<h3 class=\"wp-block-heading\">Cookies differ according to their type of origin<\/h3>\n\n\n\n<ul class=\"wp-block-list\">\n<li><strong>First party cookies<\/strong>&nbsp;are created by us or on our behalf by our authorised service providers. These cookies help to provide a better browsing experience. Cookies are able to remember key information, such as your username and language settings. They are only active while you are on the site.<\/li>\n\n\n\n<li><strong>Third party cookies<\/strong> are created and\/or deployed by other product\/service providers. We sometimes use such cookies or other tracking mechanisms, including products provided by third parties on our website, to collect activity logs and data necessary for our marketing purposes, thereby providing social sharing functionality. In such cases, third parties also receive information from such cookies or other tracking mechanisms and may use the collected data for their own purposes, which are described in their privacy policies. We recommend that you review the privacy policies of each of our third parties. For example, we use <em>Google Analytics<\/em>, and you can find more information in the section \u201cHow Google used data when you visited our partner sites or apps\u201d by clicking on this link: https:\/\/policies.google.com\/technologies\/partner-sites.<\/li>\n<\/ul>\n\n\n\n<h2 class=\"wp-block-heading\">Cookies used on the website www.jt.lv<\/h2>\n\n\n\n<figure class=\"wp-block-table\"><table><tbody><tr><td>_gid<span style=\"font-size:12.0pt;line-height:107%;\nfont-family:&quot;Times New Roman&quot;,serif;mso-fareast-font-family:&quot;Times New Roman&quot;;\nmso-font-kerning:0pt;mso-ligatures:none;mso-ansi-language:LV;mso-fareast-language:\nLV;mso-bidi-language:AR-SA\"><\/span><\/td><td><em>Google Analytics<\/em> cookie. Used to track user activities on the website. Data deleted after 24 hours.<\/td><\/tr><tr><td>_gat_gtag_[property_id]<\/td><td><em>Google Analytics<\/em> cookie. Used to analyse visitor browsing habits, traffic, source, and other information. No data is stored.<\/td><\/tr><tr><td>_gat_UA-XXXXXXXX-X<\/td><td><em>Google Analytics<\/em> cookie to reduce request speed. Stored for 1 day.<\/td><\/tr><tr><td>_ga.<\/td><td><em>Google Analytics<\/em> cookie. Used to track user activities on the website. Stored for 2 years.<\/td><\/tr><tr><td>cookie-consent-given<\/td><td>Used to determine whether a website visitor has accepted cookies. This cookie is necessary for the website to comply with GDPR. Stored for 1 year.<\/td><\/tr><tr><td>CookieControl<\/td><td>Necessary cookie. Stores the user&#8217;s cookie consent status. Stored for 3 months.<\/td><\/tr><tr><td>sessionid<\/td><td>Necessary cookie. To keep the user logged in to the service. Deleted when the web browser is closed.<\/td><\/tr><tr><td>Sentryid<\/td><td>Functional cookie. Identifies and notifies developers of detected errors. Stored for 1 month.<\/td><\/tr><tr><td>_ga, _ga_Y3CDQQNDLQ<\/td><td>Statistics cookie. <em>Google Analytics<\/em> cookie. Records and generates statistics on how the user uses the website. The information is stored anonymously and a randomly generated number is assigned to identify unique visitors. Stored for 13 months.<\/td><\/tr><tr><td>Sc<\/td><td>Functional cookie. Identifies and notifies developers of detected errors. Stored for 1 year<\/td><\/tr><\/tbody><\/table><\/figure>\n\n\n\n<h2 class=\"wp-block-heading\">Who has access to the information collated through cookies?<\/h2>\n\n\n\n<p>JELGAVAS TIPOGR\u0100FIJA and its associated service providers may access the data in accordance with JELGAVAS TIPOGR\u0100FIJA&#8217;s privacy statement. Third-party services and social plugins may collect data about the user&#8217;s visit in accordance with their applicable privacy policies.<\/p>\n\n\n\n<h2 class=\"wp-block-heading\"><strong>Contact information<\/strong><\/h2>\n\n\n\n<p>JELGAVAS TIPOGR\u0100FIJA is the Controller of cookies and other similar data sets.<br>If you have any questions about our cookie policy, please contact us:<\/p>\n\n\n\n<ul class=\"wp-block-list\">\n<li>e-mail: jt@jt.lv<\/li>\n\n\n\n<li>phone: +371 63 024 501<\/li>\n<\/ul>\n","protected":false},"excerpt":{"rendered":"<p>The www.jt.lv website uses cookies to personalize content and ads, provide social media features, and analyse website traffic. We use cookies and other similar technologies that collect and store information about your browsing history. Cookies are small text files that are stored on a user&#8217;s device. Other similar technologies include, for example, JavaScript, mobile identifiers, [&hellip;]<\/p>\n","protected":false},"author":1,"featured_media":0,"parent":0,"menu_order":60,"comment_status":"closed","ping_status":"closed","template":"","meta":{"_acf_changed":false,"inline_featured_image":false,"footnotes":""},"class_list":["post-5019","page","type-page","status-publish","hentry"],"acf":[],"yoast_head":"<!-- This site is optimized with the Yoast SEO plugin v27.4 - https:\/\/yoast.com\/product\/yoast-seo-wordpress\/ -->\n<title>Cookies policy - Jelgavas tipogr\u0101fija<\/title>\n<meta name=\"robots\" content=\"index, follow, max-snippet:-1, max-image-preview:large, max-video-preview:-1\" \/>\n<link rel=\"canonical\" href=\"https:\/\/jt.lv\/en\/cookies-policy\/\" \/>\n<meta property=\"og:locale\" content=\"en_US\" \/>\n<meta property=\"og:type\" content=\"article\" \/>\n<meta property=\"og:title\" content=\"Cookies policy - Jelgavas tipogr\u0101fija\" \/>\n<meta property=\"og:description\" content=\"The www.jt.lv website uses cookies to personalize content and ads, provide social media features, and analyse website traffic. We use cookies and other similar technologies that collect and store information about your browsing history. Cookies are small text files that are stored on a user&#8217;s device. Other similar technologies include, for example, JavaScript, mobile identifiers, [&hellip;]\" \/>\n<meta property=\"og:url\" content=\"https:\/\/jt.lv\/en\/cookies-policy\/\" \/>\n<meta property=\"og:site_name\" content=\"Jelgavas tipogr\u0101fija\" \/>\n<meta property=\"article:modified_time\" content=\"2025-06-18T13:08:28+00:00\" \/>\n<meta property=\"og:image\" content=\"https:\/\/jt.lv\/wp-content\/uploads\/2025\/06\/site-image.png\" \/>\n\t<meta property=\"og:image:width\" content=\"1200\" \/>\n\t<meta property=\"og:image:height\" content=\"675\" \/>\n\t<meta property=\"og:image:type\" content=\"image\/png\" \/>\n<meta name=\"twitter:card\" content=\"summary_large_image\" \/>\n<meta name=\"twitter:label1\" content=\"Est. reading time\" \/>\n\t<meta name=\"twitter:data1\" content=\"7 minutes\" \/>\n<script type=\"application\/ld+json\" class=\"yoast-schema-graph\">{\"@context\":\"https:\\\/\\\/schema.org\",\"@graph\":[{\"@type\":\"WebPage\",\"@id\":\"https:\\\/\\\/jt.lv\\\/en\\\/cookies-policy\\\/\",\"url\":\"https:\\\/\\\/jt.lv\\\/en\\\/cookies-policy\\\/\",\"name\":\"Cookies policy - Jelgavas tipogr\u0101fija\",\"isPartOf\":{\"@id\":\"http:\\\/\\\/jt.lv\\\/en\\\/#website\"},\"datePublished\":\"2024-01-18T10:16:46+00:00\",\"dateModified\":\"2025-06-18T13:08:28+00:00\",\"breadcrumb\":{\"@id\":\"https:\\\/\\\/jt.lv\\\/en\\\/cookies-policy\\\/#breadcrumb\"},\"inLanguage\":\"en-US\",\"potentialAction\":[{\"@type\":\"ReadAction\",\"target\":[\"https:\\\/\\\/jt.lv\\\/en\\\/cookies-policy\\\/\"]}]},{\"@type\":\"BreadcrumbList\",\"@id\":\"https:\\\/\\\/jt.lv\\\/en\\\/cookies-policy\\\/#breadcrumb\",\"itemListElement\":[{\"@type\":\"ListItem\",\"position\":1,\"name\":\"Home\",\"item\":\"https:\\\/\\\/jt.lv\\\/en\\\/\"},{\"@type\":\"ListItem\",\"position\":2,\"name\":\"Cookies policy\"}]},{\"@type\":\"WebSite\",\"@id\":\"http:\\\/\\\/jt.lv\\\/en\\\/#website\",\"url\":\"http:\\\/\\\/jt.lv\\\/en\\\/\",\"name\":\"Jelgavas tipogr\u0101fija\",\"description\":\"M\u0113s ra\u017eojam gr\u0101matas.\",\"publisher\":{\"@id\":\"http:\\\/\\\/jt.lv\\\/en\\\/#organization\"},\"potentialAction\":[{\"@type\":\"SearchAction\",\"target\":{\"@type\":\"EntryPoint\",\"urlTemplate\":\"http:\\\/\\\/jt.lv\\\/en\\\/?s={search_term_string}\"},\"query-input\":{\"@type\":\"PropertyValueSpecification\",\"valueRequired\":true,\"valueName\":\"search_term_string\"}}],\"inLanguage\":\"en-US\"},{\"@type\":\"Organization\",\"@id\":\"http:\\\/\\\/jt.lv\\\/en\\\/#organization\",\"name\":\"Jelgavas tipogr\u0101fija\",\"url\":\"http:\\\/\\\/jt.lv\\\/en\\\/\",\"logo\":{\"@type\":\"ImageObject\",\"inLanguage\":\"en-US\",\"@id\":\"http:\\\/\\\/jt.lv\\\/en\\\/#\\\/schema\\\/logo\\\/image\\\/\",\"url\":\"https:\\\/\\\/jt.lv\\\/wp-content\\\/uploads\\\/2025\\\/06\\\/jt-logo.png\",\"contentUrl\":\"https:\\\/\\\/jt.lv\\\/wp-content\\\/uploads\\\/2025\\\/06\\\/jt-logo.png\",\"width\":696,\"height\":696,\"caption\":\"Jelgavas tipogr\u0101fija\"},\"image\":{\"@id\":\"http:\\\/\\\/jt.lv\\\/en\\\/#\\\/schema\\\/logo\\\/image\\\/\"}}]}<\/script>\n<!-- \/ Yoast SEO plugin. -->","yoast_head_json":{"title":"Cookies policy - Jelgavas tipogr\u0101fija","robots":{"index":"index","follow":"follow","max-snippet":"max-snippet:-1","max-image-preview":"max-image-preview:large","max-video-preview":"max-video-preview:-1"},"canonical":"https:\/\/jt.lv\/en\/cookies-policy\/","og_locale":"en_US","og_type":"article","og_title":"Cookies policy - Jelgavas tipogr\u0101fija","og_description":"The www.jt.lv website uses cookies to personalize content and ads, provide social media features, and analyse website traffic. We use cookies and other similar technologies that collect and store information about your browsing history. Cookies are small text files that are stored on a user&#8217;s device. Other similar technologies include, for example, JavaScript, mobile identifiers, [&hellip;]","og_url":"https:\/\/jt.lv\/en\/cookies-policy\/","og_site_name":"Jelgavas tipogr\u0101fija","article_modified_time":"2025-06-18T13:08:28+00:00","og_image":[{"width":1200,"height":675,"url":"https:\/\/jt.lv\/wp-content\/uploads\/2025\/06\/site-image.png","type":"image\/png"}],"twitter_card":"summary_large_image","twitter_misc":{"Est. reading time":"7 minutes"},"schema":{"@context":"https:\/\/schema.org","@graph":[{"@type":"WebPage","@id":"https:\/\/jt.lv\/en\/cookies-policy\/","url":"https:\/\/jt.lv\/en\/cookies-policy\/","name":"Cookies policy - Jelgavas tipogr\u0101fija","isPartOf":{"@id":"http:\/\/jt.lv\/en\/#website"},"datePublished":"2024-01-18T10:16:46+00:00","dateModified":"2025-06-18T13:08:28+00:00","breadcrumb":{"@id":"https:\/\/jt.lv\/en\/cookies-policy\/#breadcrumb"},"inLanguage":"en-US","potentialAction":[{"@type":"ReadAction","target":["https:\/\/jt.lv\/en\/cookies-policy\/"]}]},{"@type":"BreadcrumbList","@id":"https:\/\/jt.lv\/en\/cookies-policy\/#breadcrumb","itemListElement":[{"@type":"ListItem","position":1,"name":"Home","item":"https:\/\/jt.lv\/en\/"},{"@type":"ListItem","position":2,"name":"Cookies policy"}]},{"@type":"WebSite","@id":"http:\/\/jt.lv\/en\/#website","url":"http:\/\/jt.lv\/en\/","name":"Jelgavas tipogr\u0101fija","description":"M\u0113s ra\u017eojam gr\u0101matas.","publisher":{"@id":"http:\/\/jt.lv\/en\/#organization"},"potentialAction":[{"@type":"SearchAction","target":{"@type":"EntryPoint","urlTemplate":"http:\/\/jt.lv\/en\/?s={search_term_string}"},"query-input":{"@type":"PropertyValueSpecification","valueRequired":true,"valueName":"search_term_string"}}],"inLanguage":"en-US"},{"@type":"Organization","@id":"http:\/\/jt.lv\/en\/#organization","name":"Jelgavas tipogr\u0101fija","url":"http:\/\/jt.lv\/en\/","logo":{"@type":"ImageObject","inLanguage":"en-US","@id":"http:\/\/jt.lv\/en\/#\/schema\/logo\/image\/","url":"https:\/\/jt.lv\/wp-content\/uploads\/2025\/06\/jt-logo.png","contentUrl":"https:\/\/jt.lv\/wp-content\/uploads\/2025\/06\/jt-logo.png","width":696,"height":696,"caption":"Jelgavas tipogr\u0101fija"},"image":{"@id":"http:\/\/jt.lv\/en\/#\/schema\/logo\/image\/"}}]}},"_links":{"self":[{"href":"https:\/\/jt.lv\/en\/wp-json\/wp\/v2\/pages\/5019","targetHints":{"allow":["GET"]}}],"collection":[{"href":"https:\/\/jt.lv\/en\/wp-json\/wp\/v2\/pages"}],"about":[{"href":"https:\/\/jt.lv\/en\/wp-json\/wp\/v2\/types\/page"}],"author":[{"embeddable":true,"href":"https:\/\/jt.lv\/en\/wp-json\/wp\/v2\/users\/1"}],"replies":[{"embeddable":true,"href":"https:\/\/jt.lv\/en\/wp-json\/wp\/v2\/comments?post=5019"}],"version-history":[{"count":5,"href":"https:\/\/jt.lv\/en\/wp-json\/wp\/v2\/pages\/5019\/revisions"}],"predecessor-version":[{"id":7791,"href":"https:\/\/jt.lv\/en\/wp-json\/wp\/v2\/pages\/5019\/revisions\/7791"}],"wp:attachment":[{"href":"https:\/\/jt.lv\/en\/wp-json\/wp\/v2\/media?parent=5019"}],"curies":[{"name":"wp","href":"https:\/\/api.w.org\/{rel}","templated":true}]}}