{"id":4989,"date":"2023-08-31T08:29:49","date_gmt":"2023-08-31T06:29:49","guid":{"rendered":"https:\/\/jt.lv\/?page_id=4989"},"modified":"2026-01-21T10:37:37","modified_gmt":"2026-01-21T08:37:37","slug":"file-upload-successful","status":"publish","type":"page","link":"https:\/\/jt.lv\/en\/file-upload-successful\/","title":{"rendered":"File upload successful"},"content":{"rendered":"\n\n\n\t<div class=\"jt-file-upload-success\">\n\t\t<div class=\"born-container is-default\">\n\t\t\t<div class=\"inner\">\n\n\t\t\t\t<div class=\"heading\">\n\t\t\t\t\tYour print files have been sent.\t\t\t\t<\/div>\n\n                \n\t\t\t<\/div>\n\t\t<\/div>\n\t<\/div>\n\n\n\n\n\n\n\n\n\t<div class=\"jt-portfolio\">\n\t\t<div class=\"born-container is-default\">\n\t\t\t<div class=\"inner\">\n\n\t\t\t\t\t\t\t\t<h2>Get inspired by other projects<\/h2>\n\t\t\t\t\n\t\t\t\t<div class=\"scroll-wrapper\">\n\n\t\t\t\t\t<div class=\"items-grid\">\n\n\t\t\t\t\t\t\n                        \n\t\t\t\t\t\t<div class=\"item\" data-href=\"https:\/\/jt.lv\/en\/portfolioen\/hardcover\/the-brask-collection\/\">\n\t\t\t\t\t\t\t<div class=\"image\">\n\t\t\t\t\t\t\t\t<img decoding=\"async\" class=\"lazy\" src=\"https:\/\/jt.lv\/wp-content\/themes\/jelgavastipografija\/assets\/img\/portfolio-grid-placeholder-1.gif\" data-src=\"https:\/\/jt.lv\/wp-content\/uploads\/2023\/09\/JT_The_Brask_Collection_Jens-Peter_Brask_Christian_Langballe_03-440x440.jpg\" data-srcset=\"https:\/\/jt.lv\/wp-content\/uploads\/2023\/09\/JT_The_Brask_Collection_Jens-Peter_Brask_Christian_Langballe_03-440x440.jpg 1x, https:\/\/jt.lv\/wp-content\/uploads\/2023\/09\/JT_The_Brask_Collection_Jens-Peter_Brask_Christian_Langballe_03-880x880.jpg?v=2 2x\" alt=\"The Brask Collection\">\n\t\t\t\t\t\t\t<\/div>\n\t\t\t\t\t\t\t<div class=\"title\">\n\t\t\t\t\t\t\t\t<div class=\"heading\">Hardcover with flat spine, protecting varnish and foil blocking on cover, colored book-block edges.<\/div>\n\t\t\t\t\t\t\t<\/div>\n\t\t\t\t\t\t<\/div>\n\n\t\t\t\t\t\t\n                        \n\t\t\t\t\t\t<div class=\"item\" data-href=\"https:\/\/jt.lv\/en\/portfolioen\/hardcover\/glamour-pukuloistoa-valkokankaalla\/\">\n\t\t\t\t\t\t\t<div class=\"image\">\n\t\t\t\t\t\t\t\t<img decoding=\"async\" class=\"lazy\" src=\"https:\/\/jt.lv\/wp-content\/themes\/jelgavastipografija\/assets\/img\/portfolio-grid-placeholder-1.gif\" data-src=\"https:\/\/jt.lv\/wp-content\/uploads\/2023\/09\/JT_Glamour_hardcover_5-440x440.jpg\" data-srcset=\"https:\/\/jt.lv\/wp-content\/uploads\/2023\/09\/JT_Glamour_hardcover_5-440x440.jpg 1x, https:\/\/jt.lv\/wp-content\/uploads\/2023\/09\/JT_Glamour_hardcover_5-880x880.jpg?v=2 2x\" alt=\"Glamour: Pukuloistoa valkokankaalla\">\n\t\t\t\t\t\t\t<\/div>\n\t\t\t\t\t\t\t<div class=\"title\">\n\t\t\t\t\t\t\t\t<div class=\"heading\">Hardcover, straight spine, silver gloss lamination, UV 4-colour printing, silk screen printing.<\/div>\n\t\t\t\t\t\t\t<\/div>\n\t\t\t\t\t\t<\/div>\n\n\t\t\t\t\t\t\n                        \n\t\t\t\t\t\t<div class=\"item\" data-href=\"https:\/\/jt.lv\/en\/portfolioen\/softcover\/corporate-hacker\/\">\n\t\t\t\t\t\t\t<div class=\"image\">\n\t\t\t\t\t\t\t\t<img decoding=\"async\" class=\"lazy\" src=\"https:\/\/jt.lv\/wp-content\/themes\/jelgavastipografija\/assets\/img\/portfolio-grid-placeholder-1.gif\" data-src=\"https:\/\/jt.lv\/wp-content\/uploads\/2023\/09\/JT_corporate-hacker_softcover_3-440x440.jpg\" data-srcset=\"https:\/\/jt.lv\/wp-content\/uploads\/2023\/09\/JT_corporate-hacker_softcover_3-440x440.jpg 1x, https:\/\/jt.lv\/wp-content\/uploads\/2023\/09\/JT_corporate-hacker_softcover_3-880x880.jpg?v=2 2x\" alt=\"Corporate hacker\">\n\t\t\t\t\t\t\t<\/div>\n\t\t\t\t\t\t\t<div class=\"title\">\n\t\t\t\t\t\t\t\t<div class=\"heading\">Softcover with flaps, embossing, black coloured book block edges.<\/div>\n\t\t\t\t\t\t\t<\/div>\n\t\t\t\t\t\t<\/div>\n\n\t\t\t\t\t\t\n                        \n\t\t\t\t\t\t<div class=\"item\" data-href=\"https:\/\/jt.lv\/en\/portfolioen\/hardcover\/stories-in-sounds\/\">\n\t\t\t\t\t\t\t<div class=\"image\">\n\t\t\t\t\t\t\t\t<img decoding=\"async\" class=\"lazy\" src=\"https:\/\/jt.lv\/wp-content\/themes\/jelgavastipografija\/assets\/img\/portfolio-grid-placeholder-1.gif\" data-src=\"https:\/\/jt.lv\/wp-content\/uploads\/2023\/09\/JT_JVLMA-100-stories-in-sounds_hardcover_3-440x440.jpg\" data-srcset=\"https:\/\/jt.lv\/wp-content\/uploads\/2023\/09\/JT_JVLMA-100-stories-in-sounds_hardcover_3-440x440.jpg 1x, https:\/\/jt.lv\/wp-content\/uploads\/2023\/09\/JT_JVLMA-100-stories-in-sounds_hardcover_3-880x880.jpg?v=2 2x\" alt=\"Stories in Sounds. 100 years of the J\u0101zeps V\u012btols Latvian Academy of Music.\">\n\t\t\t\t\t\t\t<\/div>\n\t\t\t\t\t\t\t<div class=\"title\">\n\t\t\t\t\t\t\t\t<div class=\"heading\">Hardcover, blind embossing, 8 sheets glued between pages, 1 colour offset printing.<\/div>\n\t\t\t\t\t\t\t<\/div>\n\t\t\t\t\t\t<\/div>\n\n\t\t\t\t\t\t\n                        \n\t\t\t\t\t\t<div class=\"item\" data-href=\"https:\/\/jt.lv\/en\/portfolioen\/hybrid-bindings\/blodbilder\/\">\n\t\t\t\t\t\t\t<div class=\"image\">\n\t\t\t\t\t\t\t\t<img decoding=\"async\" class=\"lazy\" src=\"https:\/\/jt.lv\/wp-content\/themes\/jelgavastipografija\/assets\/img\/portfolio-grid-placeholder-1.gif\" data-src=\"https:\/\/jt.lv\/wp-content\/uploads\/2023\/09\/JT_blodbilder_softcover_2-440x440.jpg\" data-srcset=\"https:\/\/jt.lv\/wp-content\/uploads\/2023\/09\/JT_blodbilder_softcover_2-440x440.jpg 1x, https:\/\/jt.lv\/wp-content\/uploads\/2023\/09\/JT_blodbilder_softcover_2-880x880.jpg?v=2 2x\" alt=\"Blodbilder\">\n\t\t\t\t\t\t\t<\/div>\n\t\t\t\t\t\t\t<div class=\"title\">\n\t\t\t\t\t\t\t\t<div class=\"heading\">Softcover with open spine, foil stamping, high-quality deep black printing.<\/div>\n\t\t\t\t\t\t\t<\/div>\n\t\t\t\t\t\t<\/div>\n\n\t\t\t\t\t\t\n                        \n\t\t\t\t\t\t<div class=\"item\" data-href=\"https:\/\/jt.lv\/en\/portfolioen\/hardcover\/brim-hvit-syn\/\">\n\t\t\t\t\t\t\t<div class=\"image\">\n\t\t\t\t\t\t\t\t<img decoding=\"async\" class=\"lazy\" src=\"https:\/\/jt.lv\/wp-content\/themes\/jelgavastipografija\/assets\/img\/portfolio-grid-placeholder-1.gif\" data-src=\"https:\/\/jt.lv\/wp-content\/uploads\/2023\/09\/JT-Brim-Hvit-Syn-Jona-Hlif-Halldorsdottir-07-440x440.jpg\" data-srcset=\"https:\/\/jt.lv\/wp-content\/uploads\/2023\/09\/JT-Brim-Hvit-Syn-Jona-Hlif-Halldorsdottir-07-440x440.jpg 1x, https:\/\/jt.lv\/wp-content\/uploads\/2023\/09\/JT-Brim-Hvit-Syn-Jona-Hlif-Halldorsdottir-07-880x880.jpg?v=2 2x\" alt=\"Brim Hv\u00edt S\u00fdn\">\n\t\t\t\t\t\t\t<\/div>\n\t\t\t\t\t\t\t<div class=\"title\">\n\t\t\t\t\t\t\t\t<div class=\"heading\">Hardcover with flat spine, fabric cover printed in offset technology, foil blocking on cover, belly-band with laser die-cut.<\/div>\n\t\t\t\t\t\t\t<\/div>\n\t\t\t\t\t\t<\/div>\n\n\t\t\t\t\t\t\n\t\t\t\t\t<\/div>\n\n\t\t\t\t<\/div>\n\n\t\t\t\t<div class=\"cta\">\n\t\t\t\t\t<a href=\"https:\/\/jt.lv\/en\/\/portfolioen\" class=\"jt-button-1 has-radius-right\">Discover more<\/a>\n\t\t\t\t<\/div>\n\n\t\t\t<\/div>\n\t\t<\/div>\n\t<\/div>\n\n    <script>\n\n        jQuery(window).on('load', function() {\n\n\n            var isDragging = false;\n\n            jQuery('.jt-portfolio .item').mousedown(function() {\n                jQuery(window).mousemove(function() {\n                    isDragging = true;\n                    jQuery(window).unbind('mousemove');\n                    \/\/ console.log('UNBIND MOUSEMOVE');\n                });\n            }).mouseup(function() {\n                var wasDragging = isDragging;\n                isDragging = false;\n                jQuery(window).unbind('mousemove');\n                \/\/ console.log('UNBIND MOUSEMOVE');\n                if (!wasDragging) {\n\n                    \/\/ Get link from data attribute\n\n                    \/\/  jQuery('.born-intro-dragger .dragger-card:not(.is-title)').each(function() {\n                    var card = jQuery(this);\n                    if (card.is('[data-href]')) {\n                        thisdata = jQuery(card).attr('data-href');\n                        window.location.href = thisdata;\n                    }\n                    \/\/  });\n\n                }\n            });\n\n        });\n\n\n    <\/script>\n\n","protected":false},"excerpt":{"rendered":"","protected":false},"author":1,"featured_media":0,"parent":0,"menu_order":70,"comment_status":"closed","ping_status":"closed","template":"","meta":{"_acf_changed":false,"inline_featured_image":false,"footnotes":""},"class_list":["post-4989","page","type-page","status-publish","hentry"],"acf":[],"yoast_head":"<!-- This site is optimized with the Yoast SEO plugin v27.4 - https:\/\/yoast.com\/product\/yoast-seo-wordpress\/ -->\n<title>File upload successful - Jelgavas tipogr\u0101fija<\/title>\n<meta name=\"robots\" content=\"index, follow, max-snippet:-1, max-image-preview:large, max-video-preview:-1\" \/>\n<link rel=\"canonical\" href=\"https:\/\/jt.lv\/en\/file-upload-successful\/\" \/>\n<meta property=\"og:locale\" content=\"en_US\" \/>\n<meta property=\"og:type\" content=\"article\" \/>\n<meta property=\"og:title\" content=\"File upload successful - Jelgavas tipogr\u0101fija\" \/>\n<meta property=\"og:url\" content=\"https:\/\/jt.lv\/en\/file-upload-successful\/\" \/>\n<meta property=\"og:site_name\" content=\"Jelgavas tipogr\u0101fija\" \/>\n<meta property=\"article:modified_time\" content=\"2026-01-21T08:37:37+00:00\" \/>\n<meta property=\"og:image\" content=\"https:\/\/jt.lv\/wp-content\/uploads\/2025\/06\/site-image.png\" \/>\n\t<meta property=\"og:image:width\" content=\"1200\" \/>\n\t<meta property=\"og:image:height\" content=\"675\" \/>\n\t<meta property=\"og:image:type\" content=\"image\/png\" \/>\n<meta name=\"twitter:card\" content=\"summary_large_image\" \/>\n<script type=\"application\/ld+json\" class=\"yoast-schema-graph\">{\"@context\":\"https:\\\/\\\/schema.org\",\"@graph\":[{\"@type\":\"WebPage\",\"@id\":\"https:\\\/\\\/jt.lv\\\/en\\\/file-upload-successful\\\/\",\"url\":\"https:\\\/\\\/jt.lv\\\/en\\\/file-upload-successful\\\/\",\"name\":\"File upload successful - Jelgavas tipogr\u0101fija\",\"isPartOf\":{\"@id\":\"http:\\\/\\\/jt.lv\\\/en\\\/#website\"},\"datePublished\":\"2023-08-31T06:29:49+00:00\",\"dateModified\":\"2026-01-21T08:37:37+00:00\",\"breadcrumb\":{\"@id\":\"https:\\\/\\\/jt.lv\\\/en\\\/file-upload-successful\\\/#breadcrumb\"},\"inLanguage\":\"en-US\",\"potentialAction\":[{\"@type\":\"ReadAction\",\"target\":[\"https:\\\/\\\/jt.lv\\\/en\\\/file-upload-successful\\\/\"]}]},{\"@type\":\"BreadcrumbList\",\"@id\":\"https:\\\/\\\/jt.lv\\\/en\\\/file-upload-successful\\\/#breadcrumb\",\"itemListElement\":[{\"@type\":\"ListItem\",\"position\":1,\"name\":\"Home\",\"item\":\"https:\\\/\\\/jt.lv\\\/en\\\/\"},{\"@type\":\"ListItem\",\"position\":2,\"name\":\"File upload successful\"}]},{\"@type\":\"WebSite\",\"@id\":\"http:\\\/\\\/jt.lv\\\/en\\\/#website\",\"url\":\"http:\\\/\\\/jt.lv\\\/en\\\/\",\"name\":\"Jelgavas tipogr\u0101fija\",\"description\":\"M\u0113s ra\u017eojam gr\u0101matas.\",\"publisher\":{\"@id\":\"http:\\\/\\\/jt.lv\\\/en\\\/#organization\"},\"potentialAction\":[{\"@type\":\"SearchAction\",\"target\":{\"@type\":\"EntryPoint\",\"urlTemplate\":\"http:\\\/\\\/jt.lv\\\/en\\\/?s={search_term_string}\"},\"query-input\":{\"@type\":\"PropertyValueSpecification\",\"valueRequired\":true,\"valueName\":\"search_term_string\"}}],\"inLanguage\":\"en-US\"},{\"@type\":\"Organization\",\"@id\":\"http:\\\/\\\/jt.lv\\\/en\\\/#organization\",\"name\":\"Jelgavas tipogr\u0101fija\",\"url\":\"http:\\\/\\\/jt.lv\\\/en\\\/\",\"logo\":{\"@type\":\"ImageObject\",\"inLanguage\":\"en-US\",\"@id\":\"http:\\\/\\\/jt.lv\\\/en\\\/#\\\/schema\\\/logo\\\/image\\\/\",\"url\":\"https:\\\/\\\/jt.lv\\\/wp-content\\\/uploads\\\/2025\\\/06\\\/jt-logo.png\",\"contentUrl\":\"https:\\\/\\\/jt.lv\\\/wp-content\\\/uploads\\\/2025\\\/06\\\/jt-logo.png\",\"width\":696,\"height\":696,\"caption\":\"Jelgavas tipogr\u0101fija\"},\"image\":{\"@id\":\"http:\\\/\\\/jt.lv\\\/en\\\/#\\\/schema\\\/logo\\\/image\\\/\"}}]}<\/script>\n<!-- \/ Yoast SEO plugin. -->","yoast_head_json":{"title":"File upload successful - Jelgavas tipogr\u0101fija","robots":{"index":"index","follow":"follow","max-snippet":"max-snippet:-1","max-image-preview":"max-image-preview:large","max-video-preview":"max-video-preview:-1"},"canonical":"https:\/\/jt.lv\/en\/file-upload-successful\/","og_locale":"en_US","og_type":"article","og_title":"File upload successful - Jelgavas tipogr\u0101fija","og_url":"https:\/\/jt.lv\/en\/file-upload-successful\/","og_site_name":"Jelgavas tipogr\u0101fija","article_modified_time":"2026-01-21T08:37:37+00:00","og_image":[{"width":1200,"height":675,"url":"https:\/\/jt.lv\/wp-content\/uploads\/2025\/06\/site-image.png","type":"image\/png"}],"twitter_card":"summary_large_image","schema":{"@context":"https:\/\/schema.org","@graph":[{"@type":"WebPage","@id":"https:\/\/jt.lv\/en\/file-upload-successful\/","url":"https:\/\/jt.lv\/en\/file-upload-successful\/","name":"File upload successful - Jelgavas tipogr\u0101fija","isPartOf":{"@id":"http:\/\/jt.lv\/en\/#website"},"datePublished":"2023-08-31T06:29:49+00:00","dateModified":"2026-01-21T08:37:37+00:00","breadcrumb":{"@id":"https:\/\/jt.lv\/en\/file-upload-successful\/#breadcrumb"},"inLanguage":"en-US","potentialAction":[{"@type":"ReadAction","target":["https:\/\/jt.lv\/en\/file-upload-successful\/"]}]},{"@type":"BreadcrumbList","@id":"https:\/\/jt.lv\/en\/file-upload-successful\/#breadcrumb","itemListElement":[{"@type":"ListItem","position":1,"name":"Home","item":"https:\/\/jt.lv\/en\/"},{"@type":"ListItem","position":2,"name":"File upload successful"}]},{"@type":"WebSite","@id":"http:\/\/jt.lv\/en\/#website","url":"http:\/\/jt.lv\/en\/","name":"Jelgavas tipogr\u0101fija","description":"M\u0113s ra\u017eojam gr\u0101matas.","publisher":{"@id":"http:\/\/jt.lv\/en\/#organization"},"potentialAction":[{"@type":"SearchAction","target":{"@type":"EntryPoint","urlTemplate":"http:\/\/jt.lv\/en\/?s={search_term_string}"},"query-input":{"@type":"PropertyValueSpecification","valueRequired":true,"valueName":"search_term_string"}}],"inLanguage":"en-US"},{"@type":"Organization","@id":"http:\/\/jt.lv\/en\/#organization","name":"Jelgavas tipogr\u0101fija","url":"http:\/\/jt.lv\/en\/","logo":{"@type":"ImageObject","inLanguage":"en-US","@id":"http:\/\/jt.lv\/en\/#\/schema\/logo\/image\/","url":"https:\/\/jt.lv\/wp-content\/uploads\/2025\/06\/jt-logo.png","contentUrl":"https:\/\/jt.lv\/wp-content\/uploads\/2025\/06\/jt-logo.png","width":696,"height":696,"caption":"Jelgavas tipogr\u0101fija"},"image":{"@id":"http:\/\/jt.lv\/en\/#\/schema\/logo\/image\/"}}]}},"_links":{"self":[{"href":"https:\/\/jt.lv\/en\/wp-json\/wp\/v2\/pages\/4989","targetHints":{"allow":["GET"]}}],"collection":[{"href":"https:\/\/jt.lv\/en\/wp-json\/wp\/v2\/pages"}],"about":[{"href":"https:\/\/jt.lv\/en\/wp-json\/wp\/v2\/types\/page"}],"author":[{"embeddable":true,"href":"https:\/\/jt.lv\/en\/wp-json\/wp\/v2\/users\/1"}],"replies":[{"embeddable":true,"href":"https:\/\/jt.lv\/en\/wp-json\/wp\/v2\/comments?post=4989"}],"version-history":[{"count":6,"href":"https:\/\/jt.lv\/en\/wp-json\/wp\/v2\/pages\/4989\/revisions"}],"predecessor-version":[{"id":5163,"href":"https:\/\/jt.lv\/en\/wp-json\/wp\/v2\/pages\/4989\/revisions\/5163"}],"wp:attachment":[{"href":"https:\/\/jt.lv\/en\/wp-json\/wp\/v2\/media?parent=4989"}],"curies":[{"name":"wp","href":"https:\/\/api.w.org\/{rel}","templated":true}]}}