{"id":4976,"date":"2023-08-30T12:00:46","date_gmt":"2023-08-30T10:00:46","guid":{"rendered":"https:\/\/jt.lv\/?page_id=4976"},"modified":"2026-04-20T11:15:15","modified_gmt":"2026-04-20T09:15:15","slug":"contacts","status":"publish","type":"page","link":"https:\/\/jt.lv\/en\/contacts\/","title":{"rendered":"Contacts"},"content":{"rendered":"\n\n\n\n    <div class=\"jt-contacts\">\n        <div class=\"born-container is-default\">\n            <div class=\"inner\">\n\n                <div class=\"contacts\">\n\n                    \n                        <div class=\"item\">\n                            <div class=\"heading\">\n                                <h2>Head office and production facility in Jelgava<\/h2>\n                            <\/div>\n                            <div class=\"address\">\n                                 <p>1A Langervaldes Street, Jelgava,<\/p>\n<p>LATVIA, LV-3002<\/p>\n                            <\/div>\n                            <div class=\"data\">\n                                 <p>Phone: <a href=\"tel:+37163024501\">+371 63 024 501<\/a><\/p>\n<p>Email: <a href=\"mailto:jt@jt.lv\">jt@jt.lv<\/a><\/p>\n                            <\/div>\n                        <\/div>\n\n                    \n                        <div class=\"item\">\n                            <div class=\"heading\">\n                                <h2>Office in Riga<\/h2>\n                            <\/div>\n                            <div class=\"address\">\n                                 <p>10 Valguma Street, Riga,<\/p>\n<p>LATVIA, LV-1048<\/p>\n                            <\/div>\n                            <div class=\"data\">\n                                 <p>Phone: <a href=\"tel:+37163024501\">+371 67 027 331<\/a><\/p>\n<p>Email: <a href=\"mailto:jt@jt.lv\">jt@jt.lv<\/a><\/p>\n                            <\/div>\n                        <\/div>\n\n                    \n                <\/div>\n\n            <\/div>\n        <\/div>\n    <\/div>\n\n\n\n\n\n\n\n\n\n\n\n\t<div class=\"jt-download\">\n\t\t<div class=\"born-container is-default\">\n\t\t\t<div class=\"inner\">\n\t\t\t\t\t\t\t\t<a href=\"https:\/\/jt.lv\/wp-content\/uploads\/2025\/02\/JT-Company-Details.pdf\" target=\"_blank\">Company details<\/a>\n\t\t\t\t\t\t\t<\/div>\n\t\t<\/div>\n\t<\/div>\n\n\n\n\n\n\n\n\n\t<div class=\"jt-contacts\">\n\t\t<div class=\"born-container is-default\">\n\t\t\t<div class=\"inner\">\n\n\t\t\t\t\n\t\t\t\t\t\n\t\t\t\t\t\n\n\n\t\t\t\t\t<div class=\"jt-accordion\">\n\t\t\t\t\t\t<div class=\"born-container is-default\">\n\t\t\t\t\t\t\t<div class=\"inner\">\n\t\t\t\t\t\t\t\t<button class=\"!collapsed\" type=\"button\" data-bs-toggle=\"collapse\" data-bs-target=\"#con4976\" aria-expanded=\"false\">\n\t\t\t\t\t\t\t\t\t\t\t<h2 class=\"text\">\n\t\t\t\t\t\t\t\t\t\t\t\tSales team for Finland, Iceland and the Netherlands\t\t\t\t\t\t\t\t\t\t\t<\/h2>\n\t\t\t\t\t\t\t\t<\/button>\n\t\t\t\t\t\t\t\t<div class=\"content collapse show\" id=\"con4976\">\n\t\t\t\t\t\t\t\t\t<div>\n\n\t\t\t\t\t\t\t\t\t\t<div class=\"jt-contacts-grid\">\n\t\t\t\t\t\t\t\t\t\t\t<div class=\"born-container is-default\">\n\t\t\t\t\t\t\t\t\t\t\t\t<div class=\"inner\">\n\n\t\t\t\t\t\t\t\t\t\t\t\t\t<div class=\"items-grid\">\n\n\t\t\t\t\t\t\t\t\t\t\t\t\t\t\t\t\t\t\t\t\t\t\t\t\t\t\t\t\n\t\t\t\t\t\t\t\t\t\t\t\t\t\t<div class=\"item\">\n\t\t\t\t\t\t\t\t\t\t\t\t\t\t\t<div class=\"photo\">\n\t\t\t\t\t\t\t\t\t\t\t\t\t\t\t\t<img class=\"lazy\" data-srcset=\"https:\/\/jt.lv\/wp-content\/uploads\/2024\/12\/Dace-Brenca-160px.jpg 2x\" alt=\"Dace Bren\u010da\">\n\t\t\t\t\t\t\t\t\t\t\t\t\t\t\t<\/div>\n\t\t\t\t\t\t\t\t\t\t\t\t\t\t\t<div class=\"name\">\n\t\t\t\t\t\t\t\t\t\t\t\t\t\t\t\tDace Bren\u010da\t\t\t\t\t\t\t\t\t\t\t\t\t\t\t<\/div>\n\t\t\t\t\t\t\t\t\t\t\t\t\t\t\t\t\t\t\t\t\t\t\t\t\t\t\t\t\t\t<div class=\"position\">\n\t\t\t\t\t\t\t\t\t\t\t\t\t\t\t\t<p>Sales Manager<\/p>\n                                                                \t\t\t\t\t\t\t\t\t\t\t\t\t\t\t<\/div>\n\t\t\t\t\t\t\t\t\t\t\t\t\t\t\t\n\t\t\t\t\t\t\t\t\t\t\t\t\t\t\t<div class=\"data\">\n\t\t\t\t\t\t\t\t\t\t\t\t\t\t\t\t\t\t\t\t\t\t\t\t\t\t\t\t\t\t\t\t<p><a href=\"tel:+371 29 293 361 \">+371 29 293 361 <\/a><\/p>\n\t\t\t\t\t\t\t\t\t\t\t\t\t\t\t\t                                                                \t\t\t\t\t\t\t\t\t\t\t\t\t\t\t\t\t\t\t\t\t\t\t\t\t\t\t\t\t\t\t\t\t\t\t\t\t\t\t\t\t\t\t\t\t\t\t\t<p><a href=\"mailto:dace@jt.lv\">dace@jt.lv<\/a><\/p>\n\t\t\t\t\t\t\t\t\t\t\t\t\t\t\t\t\t\t\t\t\t\t\t\t\t\t\t\t\t\t\t<\/div>\n\n\t\t\t\t\t\t\t\t\t\t\t\t\t\t<\/div>\n\n\t\t\t\t\t\t\t\t\t\t\t\t\t\t\t\t\t\t\t\t\t\t\t\t\t\t\t\t\n\t\t\t\t\t\t\t\t\t\t\t\t\t\t<div class=\"item\">\n\t\t\t\t\t\t\t\t\t\t\t\t\t\t\t<div class=\"photo\">\n\t\t\t\t\t\t\t\t\t\t\t\t\t\t\t\t<img class=\"lazy\" data-srcset=\"https:\/\/jt.lv\/wp-content\/uploads\/2024\/12\/Brigita-Klovane-160px.jpg 2x\" alt=\"Brigita Klov\u0101ne\">\n\t\t\t\t\t\t\t\t\t\t\t\t\t\t\t<\/div>\n\t\t\t\t\t\t\t\t\t\t\t\t\t\t\t<div class=\"name\">\n\t\t\t\t\t\t\t\t\t\t\t\t\t\t\t\tBrigita Klov\u0101ne\t\t\t\t\t\t\t\t\t\t\t\t\t\t\t<\/div>\n\t\t\t\t\t\t\t\t\t\t\t\t\t\t\t\t\t\t\t\t\t\t\t\t\t\t\t\t\t\t<div class=\"position\">\n\t\t\t\t\t\t\t\t\t\t\t\t\t\t\t\t<p>Senior Project Manager<\/p>\n                                                                \t\t\t\t\t\t\t\t\t\t\t\t\t\t\t<\/div>\n\t\t\t\t\t\t\t\t\t\t\t\t\t\t\t\n\t\t\t\t\t\t\t\t\t\t\t\t\t\t\t<div class=\"data\">\n\t\t\t\t\t\t\t\t\t\t\t\t\t\t\t\t\t\t\t\t\t\t\t\t\t\t\t\t\t\t\t\t<p><a href=\"tel:+371 26 372 838\">+371 26 372 838<\/a><\/p>\n\t\t\t\t\t\t\t\t\t\t\t\t\t\t\t\t                                                                \t\t\t\t\t\t\t\t\t\t\t\t\t\t\t\t\t\t\t\t\t\t\t\t\t\t\t\t\t\t\t\t\t\t\t\t\t\t\t\t\t\t\t\t\t\t\t\t<p><a href=\"mailto:brigita@jt.lv\">brigita@jt.lv<\/a><\/p>\n\t\t\t\t\t\t\t\t\t\t\t\t\t\t\t\t\t\t\t\t\t\t\t\t\t\t\t\t\t\t\t<\/div>\n\n\t\t\t\t\t\t\t\t\t\t\t\t\t\t<\/div>\n\n\t\t\t\t\t\t\t\t\t\t\t\t\t\t\n\n\t\t\t\t\t\t\t\t\t\t\t\t\t<\/div>\n\n\t\t\t\t\t\t\t\t\t\t\t\t<\/div>\n\t\t\t\t\t\t\t\t\t\t\t<\/div>\n\t\t\t\t\t\t\t\t\t\t<\/div>\n\n\t\t\t\t\t\t\t\t\t<\/div>\n\t\t\t\t\t\t\t\t<\/div>\n\t\t\t\t\t\t\t<\/div>\n\t\t\t\t\t\t<\/div>\n\t\t\t\t\t<\/div>\n\n\t\t\t\t\t\n\t\t\t\t\n\t\t\t\t\t\n\t\t\t\t\t\n\n\n\t\t\t\t\t<div class=\"jt-accordion\">\n\t\t\t\t\t\t<div class=\"born-container is-default\">\n\t\t\t\t\t\t\t<div class=\"inner\">\n\t\t\t\t\t\t\t\t<button class=\"collapsed\" type=\"button\" data-bs-toggle=\"collapse\" data-bs-target=\"#con6646\" aria-expanded=\"false\">\n\t\t\t\t\t\t\t\t\t\t\t<h2 class=\"text\">\n\t\t\t\t\t\t\t\t\t\t\t\tSales team for Scandinavia &#8211; Sweden, Norway, and Denmark\t\t\t\t\t\t\t\t\t\t\t<\/h2>\n\t\t\t\t\t\t\t\t<\/button>\n\t\t\t\t\t\t\t\t<div class=\"content collapse \" id=\"con6646\">\n\t\t\t\t\t\t\t\t\t<div>\n\n\t\t\t\t\t\t\t\t\t\t<div class=\"jt-contacts-grid\">\n\t\t\t\t\t\t\t\t\t\t\t<div class=\"born-container is-default\">\n\t\t\t\t\t\t\t\t\t\t\t\t<div class=\"inner\">\n\n\t\t\t\t\t\t\t\t\t\t\t\t\t<div class=\"items-grid\">\n\n\t\t\t\t\t\t\t\t\t\t\t\t\t\t\t\t\t\t\t\t\t\t\t\t\t\t\t\t\n\t\t\t\t\t\t\t\t\t\t\t\t\t\t<div class=\"item\">\n\t\t\t\t\t\t\t\t\t\t\t\t\t\t\t<div class=\"photo\">\n\t\t\t\t\t\t\t\t\t\t\t\t\t\t\t\t<img class=\"lazy\" data-srcset=\"https:\/\/jt.lv\/wp-content\/uploads\/2024\/12\/Zane-Balgale-160px.jpg 2x\" alt=\"Zane Balgale\">\n\t\t\t\t\t\t\t\t\t\t\t\t\t\t\t<\/div>\n\t\t\t\t\t\t\t\t\t\t\t\t\t\t\t<div class=\"name\">\n\t\t\t\t\t\t\t\t\t\t\t\t\t\t\t\tZane Balgale\t\t\t\t\t\t\t\t\t\t\t\t\t\t\t<\/div>\n\t\t\t\t\t\t\t\t\t\t\t\t\t\t\t\t\t\t\t\t\t\t\t\t\t\t\t\t\t\t<div class=\"position\">\n\t\t\t\t\t\t\t\t\t\t\t\t\t\t\t\t<p>Sales Manager<\/p>\n                                                                \t\t\t\t\t\t\t\t\t\t\t\t\t\t\t<\/div>\n\t\t\t\t\t\t\t\t\t\t\t\t\t\t\t\n\t\t\t\t\t\t\t\t\t\t\t\t\t\t\t<div class=\"data\">\n\t\t\t\t\t\t\t\t\t\t\t\t\t\t\t\t\t\t\t\t\t\t\t\t\t\t\t\t\t\t\t\t<p><a href=\"tel:+371 26 692 009\">+371 26 692 009<\/a><\/p>\n\t\t\t\t\t\t\t\t\t\t\t\t\t\t\t\t                                                                \t\t\t\t\t\t\t\t\t\t\t\t\t\t\t\t\t\t\t\t\t\t\t\t\t\t\t\t\t\t\t\t\t\t\t\t\t\t\t\t\t\t\t\t\t\t\t\t<p><a href=\"mailto:zane@jt.lv\">zane@jt.lv<\/a><\/p>\n\t\t\t\t\t\t\t\t\t\t\t\t\t\t\t\t\t\t\t\t\t\t\t\t\t\t\t\t\t\t\t<\/div>\n\n\t\t\t\t\t\t\t\t\t\t\t\t\t\t<\/div>\n\n\t\t\t\t\t\t\t\t\t\t\t\t\t\t\t\t\t\t\t\t\t\t\t\t\t\t\t\t\n\t\t\t\t\t\t\t\t\t\t\t\t\t\t<div class=\"item\">\n\t\t\t\t\t\t\t\t\t\t\t\t\t\t\t<div class=\"photo\">\n\t\t\t\t\t\t\t\t\t\t\t\t\t\t\t\t<img class=\"lazy\" data-srcset=\"https:\/\/jt.lv\/wp-content\/uploads\/2024\/12\/Dina-Sutra-160px.jpg 2x\" alt=\"Dina Sutra\">\n\t\t\t\t\t\t\t\t\t\t\t\t\t\t\t<\/div>\n\t\t\t\t\t\t\t\t\t\t\t\t\t\t\t<div class=\"name\">\n\t\t\t\t\t\t\t\t\t\t\t\t\t\t\t\tDina Sutra\t\t\t\t\t\t\t\t\t\t\t\t\t\t\t<\/div>\n\t\t\t\t\t\t\t\t\t\t\t\t\t\t\t\t\t\t\t\t\t\t\t\t\t\t\t\t\t\t<div class=\"position\">\n\t\t\t\t\t\t\t\t\t\t\t\t\t\t\t\t<p>Senior Project Manager<\/p>\n                                                                \t\t\t\t\t\t\t\t\t\t\t\t\t\t\t<\/div>\n\t\t\t\t\t\t\t\t\t\t\t\t\t\t\t\n\t\t\t\t\t\t\t\t\t\t\t\t\t\t\t<div class=\"data\">\n\t\t\t\t\t\t\t\t\t\t\t\t\t\t\t\t\t\t\t\t\t\t\t\t\t\t\t\t\t\t\t\t<p><a href=\"tel:+371 29 533 479\">+371 29 533 479<\/a><\/p>\n\t\t\t\t\t\t\t\t\t\t\t\t\t\t\t\t                                                                \t\t\t\t\t\t\t\t\t\t\t\t\t\t\t\t\t\t\t\t\t\t\t\t\t\t\t\t\t\t\t\t\t\t\t\t\t\t\t\t\t\t\t\t\t\t\t\t<p><a href=\"mailto:dina@jt.lv\">dina@jt.lv<\/a><\/p>\n\t\t\t\t\t\t\t\t\t\t\t\t\t\t\t\t\t\t\t\t\t\t\t\t\t\t\t\t\t\t\t<\/div>\n\n\t\t\t\t\t\t\t\t\t\t\t\t\t\t<\/div>\n\n\t\t\t\t\t\t\t\t\t\t\t\t\t\t\n\n\t\t\t\t\t\t\t\t\t\t\t\t\t<\/div>\n\n\t\t\t\t\t\t\t\t\t\t\t\t<\/div>\n\t\t\t\t\t\t\t\t\t\t\t<\/div>\n\t\t\t\t\t\t\t\t\t\t<\/div>\n\n\t\t\t\t\t\t\t\t\t<\/div>\n\t\t\t\t\t\t\t\t<\/div>\n\t\t\t\t\t\t\t<\/div>\n\t\t\t\t\t\t<\/div>\n\t\t\t\t\t<\/div>\n\n\t\t\t\t\t\n\t\t\t\t\n\t\t\t\t\t\n\t\t\t\t\t\n\n\n\t\t\t\t\t<div class=\"jt-accordion\">\n\t\t\t\t\t\t<div class=\"born-container is-default\">\n\t\t\t\t\t\t\t<div class=\"inner\">\n\t\t\t\t\t\t\t\t<button class=\"collapsed\" type=\"button\" data-bs-toggle=\"collapse\" data-bs-target=\"#con6644\" aria-expanded=\"false\">\n\t\t\t\t\t\t\t\t\t\t\t<h2 class=\"text\">\n\t\t\t\t\t\t\t\t\t\t\t\tSales Team for the Baltic States, the UK, and the USA\t\t\t\t\t\t\t\t\t\t\t<\/h2>\n\t\t\t\t\t\t\t\t<\/button>\n\t\t\t\t\t\t\t\t<div class=\"content collapse \" id=\"con6644\">\n\t\t\t\t\t\t\t\t\t<div>\n\n\t\t\t\t\t\t\t\t\t\t<div class=\"jt-contacts-grid\">\n\t\t\t\t\t\t\t\t\t\t\t<div class=\"born-container is-default\">\n\t\t\t\t\t\t\t\t\t\t\t\t<div class=\"inner\">\n\n\t\t\t\t\t\t\t\t\t\t\t\t\t<div class=\"items-grid\">\n\n\t\t\t\t\t\t\t\t\t\t\t\t\t\t\t\t\t\t\t\t\t\t\t\t\t\t\t\t\n\t\t\t\t\t\t\t\t\t\t\t\t\t\t<div class=\"item\">\n\t\t\t\t\t\t\t\t\t\t\t\t\t\t\t<div class=\"photo\">\n\t\t\t\t\t\t\t\t\t\t\t\t\t\t\t\t<img class=\"lazy\" data-srcset=\"https:\/\/jt.lv\/wp-content\/uploads\/2024\/12\/Ivonna-Kalnina-160px.jpg 2x\" alt=\"Ivonna Kalni\u0146a\">\n\t\t\t\t\t\t\t\t\t\t\t\t\t\t\t<\/div>\n\t\t\t\t\t\t\t\t\t\t\t\t\t\t\t<div class=\"name\">\n\t\t\t\t\t\t\t\t\t\t\t\t\t\t\t\tIvonna Kalni\u0146a\t\t\t\t\t\t\t\t\t\t\t\t\t\t\t<\/div>\n\t\t\t\t\t\t\t\t\t\t\t\t\t\t\t\t\t\t\t\t\t\t\t\t\t\t\t\t\t\t<div class=\"position\">\n\t\t\t\t\t\t\t\t\t\t\t\t\t\t\t\t<p>Sales Manager<\/p>\n                                                                \t\t\t\t\t\t\t\t\t\t\t\t\t\t\t<\/div>\n\t\t\t\t\t\t\t\t\t\t\t\t\t\t\t\n\t\t\t\t\t\t\t\t\t\t\t\t\t\t\t<div class=\"data\">\n\t\t\t\t\t\t\t\t\t\t\t\t\t\t\t\t\t\t\t\t\t\t\t\t\t\t\t\t\t\t\t\t<p><a href=\"tel:+371 67 878 605\">+371 67 878 605<\/a><\/p>\n\t\t\t\t\t\t\t\t\t\t\t\t\t\t\t\t                                                                \t\t\t\t\t\t\t\t\t\t\t\t\t\t\t\t\t\t\t\t\t\t\t\t\t\t\t\t\t\t\t\t\t\t\t\t\t\t\t\t\t\t\t\t\t\t\t\t<p><a href=\"mailto:ivonna@jt.lv\">ivonna@jt.lv<\/a><\/p>\n\t\t\t\t\t\t\t\t\t\t\t\t\t\t\t\t\t\t\t\t\t\t\t\t\t\t\t\t\t\t\t<\/div>\n\n\t\t\t\t\t\t\t\t\t\t\t\t\t\t<\/div>\n\n\t\t\t\t\t\t\t\t\t\t\t\t\t\t\t\t\t\t\t\t\t\t\t\t\t\t\t\t\n\t\t\t\t\t\t\t\t\t\t\t\t\t\t<div class=\"item\">\n\t\t\t\t\t\t\t\t\t\t\t\t\t\t\t<div class=\"photo\">\n\t\t\t\t\t\t\t\t\t\t\t\t\t\t\t\t<img class=\"lazy\" data-srcset=\"https:\/\/jt.lv\/wp-content\/uploads\/2024\/12\/Sintija-Liepina-160px.jpg 2x\" alt=\"Sintija Liepi\u0146a\">\n\t\t\t\t\t\t\t\t\t\t\t\t\t\t\t<\/div>\n\t\t\t\t\t\t\t\t\t\t\t\t\t\t\t<div class=\"name\">\n\t\t\t\t\t\t\t\t\t\t\t\t\t\t\t\tSintija Liepi\u0146a\t\t\t\t\t\t\t\t\t\t\t\t\t\t\t<\/div>\n\t\t\t\t\t\t\t\t\t\t\t\t\t\t\t\t\t\t\t\t\t\t\t\t\t\t\t\t\t\t<div class=\"position\">\n\t\t\t\t\t\t\t\t\t\t\t\t\t\t\t\t<p>Lead Project Manager<\/p>\n                                                                \t\t\t\t\t\t\t\t\t\t\t\t\t\t\t<\/div>\n\t\t\t\t\t\t\t\t\t\t\t\t\t\t\t\n\t\t\t\t\t\t\t\t\t\t\t\t\t\t\t<div class=\"data\">\n\t\t\t\t\t\t\t\t\t\t\t\t\t\t\t\t\t\t\t\t\t\t\t\t\t\t\t\t\t\t\t\t<p><a href=\"tel:+371 29 796 189\">+371 29 796 189<\/a><\/p>\n\t\t\t\t\t\t\t\t\t\t\t\t\t\t\t\t                                                                \t\t\t\t\t\t\t\t\t\t\t\t\t\t\t\t\t\t\t\t\t\t\t\t\t\t\t\t\t\t\t\t\t\t\t\t\t\t\t\t\t\t\t\t\t\t\t\t<p><a href=\"mailto:sliepina@jt.lv\">sliepina@jt.lv<\/a><\/p>\n\t\t\t\t\t\t\t\t\t\t\t\t\t\t\t\t\t\t\t\t\t\t\t\t\t\t\t\t\t\t\t<\/div>\n\n\t\t\t\t\t\t\t\t\t\t\t\t\t\t<\/div>\n\n\t\t\t\t\t\t\t\t\t\t\t\t\t\t\t\t\t\t\t\t\t\t\t\t\t\t\t\t\n\t\t\t\t\t\t\t\t\t\t\t\t\t\t<div class=\"item\">\n\t\t\t\t\t\t\t\t\t\t\t\t\t\t\t<div class=\"photo\">\n\t\t\t\t\t\t\t\t\t\t\t\t\t\t\t\t<img class=\"lazy\" data-srcset=\"https:\/\/jt.lv\/wp-content\/uploads\/2024\/12\/Tata-Janmere-160px.jpg 2x\" alt=\"Tata Janmere\">\n\t\t\t\t\t\t\t\t\t\t\t\t\t\t\t<\/div>\n\t\t\t\t\t\t\t\t\t\t\t\t\t\t\t<div class=\"name\">\n\t\t\t\t\t\t\t\t\t\t\t\t\t\t\t\tTata Janmere\t\t\t\t\t\t\t\t\t\t\t\t\t\t\t<\/div>\n\t\t\t\t\t\t\t\t\t\t\t\t\t\t\t\t\t\t\t\t\t\t\t\t\t\t\t\t\t\t<div class=\"position\">\n\t\t\t\t\t\t\t\t\t\t\t\t\t\t\t\t<p>Project Manager<\/p>\n                                                                \t\t\t\t\t\t\t\t\t\t\t\t\t\t\t<\/div>\n\t\t\t\t\t\t\t\t\t\t\t\t\t\t\t\n\t\t\t\t\t\t\t\t\t\t\t\t\t\t\t<div class=\"data\">\n\t\t\t\t\t\t\t\t\t\t\t\t\t\t\t\t\t\t\t\t\t\t\t\t\t\t\t\t\t\t\t\t<p><a href=\"tel:+371 27 058 310\">+371 27 058 310<\/a><\/p>\n\t\t\t\t\t\t\t\t\t\t\t\t\t\t\t\t                                                                \t\t\t\t\t\t\t\t\t\t\t\t\t\t\t\t\t\t\t\t\t\t\t\t\t\t\t\t\t\t\t\t\t\t\t\t\t\t\t\t\t\t\t\t\t\t\t\t<p><a href=\"mailto:tata@jt.lv\">tata@jt.lv<\/a><\/p>\n\t\t\t\t\t\t\t\t\t\t\t\t\t\t\t\t\t\t\t\t\t\t\t\t\t\t\t\t\t\t\t<\/div>\n\n\t\t\t\t\t\t\t\t\t\t\t\t\t\t<\/div>\n\n\t\t\t\t\t\t\t\t\t\t\t\t\t\t\t\t\t\t\t\t\t\t\t\t\t\t\t\t\n\t\t\t\t\t\t\t\t\t\t\t\t\t\t<div class=\"item\">\n\t\t\t\t\t\t\t\t\t\t\t\t\t\t\t<div class=\"photo\">\n\t\t\t\t\t\t\t\t\t\t\t\t\t\t\t\t<img class=\"lazy\" data-srcset=\"https:\/\/jt.lv\/wp-content\/uploads\/2025\/12\/Daira-Stolca-160px.jpg 2x\" alt=\"Daira \u0160tolca\">\n\t\t\t\t\t\t\t\t\t\t\t\t\t\t\t<\/div>\n\t\t\t\t\t\t\t\t\t\t\t\t\t\t\t<div class=\"name\">\n\t\t\t\t\t\t\t\t\t\t\t\t\t\t\t\tDaira \u0160tolca\t\t\t\t\t\t\t\t\t\t\t\t\t\t\t<\/div>\n\t\t\t\t\t\t\t\t\t\t\t\t\t\t\t\t\t\t\t\t\t\t\t\t\t\t\t\t\t\t<div class=\"position\">\n\t\t\t\t\t\t\t\t\t\t\t\t\t\t\t\t<p>Project Manager<\/p>\n                                                                \t\t\t\t\t\t\t\t\t\t\t\t\t\t\t<\/div>\n\t\t\t\t\t\t\t\t\t\t\t\t\t\t\t\n\t\t\t\t\t\t\t\t\t\t\t\t\t\t\t<div class=\"data\">\n\t\t\t\t\t\t\t\t\t\t\t\t\t\t\t\t\t\t\t\t\t\t\t\t\t\t\t\t\t\t\t\t<p><a href=\"tel:+371 28 816 431\">+371 28 816 431<\/a><\/p>\n\t\t\t\t\t\t\t\t\t\t\t\t\t\t\t\t                                                                \t\t\t\t\t\t\t\t\t\t\t\t\t\t\t\t\t\t\t\t\t\t\t\t\t\t\t\t\t\t\t\t\t\t\t\t\t\t\t\t\t\t\t\t\t\t\t\t<p><a href=\"mailto:daira@jt.lv\">daira@jt.lv<\/a><\/p>\n\t\t\t\t\t\t\t\t\t\t\t\t\t\t\t\t\t\t\t\t\t\t\t\t\t\t\t\t\t\t\t<\/div>\n\n\t\t\t\t\t\t\t\t\t\t\t\t\t\t<\/div>\n\n\t\t\t\t\t\t\t\t\t\t\t\t\t\t\n\n\t\t\t\t\t\t\t\t\t\t\t\t\t<\/div>\n\n\t\t\t\t\t\t\t\t\t\t\t\t<\/div>\n\t\t\t\t\t\t\t\t\t\t\t<\/div>\n\t\t\t\t\t\t\t\t\t\t<\/div>\n\n\t\t\t\t\t\t\t\t\t<\/div>\n\t\t\t\t\t\t\t\t<\/div>\n\t\t\t\t\t\t\t<\/div>\n\t\t\t\t\t\t<\/div>\n\t\t\t\t\t<\/div>\n\n\t\t\t\t\t\n\t\t\t\t\n\t\t\t<\/div>\n\t\t<\/div>\n\t<\/div>\n\n\n\n\n\n\n\n\t<div class=\"jt-promo-image has-text-align-right\" style=\"background-image: url('https:\/\/jt.lv\/wp-content\/uploads\/2025\/06\/jelgavas-tipografija-kontakti.jpg');\">\n\t\t<div class=\"born-container is-default\">\n\t\t\t<div class=\"inner\">\n\t\t\t\t<div class=\"title\">\n\t\t\t\t\t<div class=\"heading\">\n\t\t\t\t\t\t<h2>Welcome to our home, where your stories come to life as beautifully crafted books.<\/h2>\n\t\t\t\t\t<\/div>\n\t\t\t\t\t<div class=\"desc\">\n\t\t\t\t\t\t\t\t\t\t\t<\/div>\n\t\t\t\t<\/div>\n\t\t\t<\/div>\n\t\t<\/div>\n\t<\/div>\n\n","protected":false},"excerpt":{"rendered":"","protected":false},"author":1,"featured_media":0,"parent":0,"menu_order":33,"comment_status":"closed","ping_status":"closed","template":"","meta":{"_acf_changed":false,"inline_featured_image":false,"footnotes":""},"class_list":["post-4976","page","type-page","status-publish","hentry"],"acf":[],"yoast_head":"<!-- This site is optimized with the Yoast SEO plugin v27.4 - https:\/\/yoast.com\/product\/yoast-seo-wordpress\/ -->\n<title>Contacts - Jelgavas tipogr\u0101fija<\/title>\n<meta name=\"description\" content=\"Sazinieties ar mums par gr\u0101matu ra\u017eo\u0161anu, cen\u0101m un iesp\u0113j\u0101m. Kontakti, adrese, cenas piepras\u012bjuma forma \u2013 viss vienuviet.\" \/>\n<meta name=\"robots\" content=\"index, follow, max-snippet:-1, max-image-preview:large, max-video-preview:-1\" \/>\n<link rel=\"canonical\" href=\"https:\/\/jt.lv\/en\/contacts\/\" \/>\n<meta property=\"og:locale\" content=\"en_US\" \/>\n<meta property=\"og:type\" content=\"article\" \/>\n<meta property=\"og:title\" content=\"Contacts - Jelgavas tipogr\u0101fija\" \/>\n<meta property=\"og:description\" content=\"Sazinieties ar mums par gr\u0101matu ra\u017eo\u0161anu, cen\u0101m un iesp\u0113j\u0101m. Kontakti, adrese, cenas piepras\u012bjuma forma \u2013 viss vienuviet.\" \/>\n<meta property=\"og:url\" content=\"https:\/\/jt.lv\/en\/contacts\/\" \/>\n<meta property=\"og:site_name\" content=\"Jelgavas tipogr\u0101fija\" \/>\n<meta property=\"article:modified_time\" content=\"2026-04-20T09:15:15+00:00\" \/>\n<meta property=\"og:image\" content=\"https:\/\/jt.lv\/wp-content\/uploads\/2025\/06\/site-image.png\" \/>\n\t<meta property=\"og:image:width\" content=\"1200\" \/>\n\t<meta property=\"og:image:height\" content=\"675\" \/>\n\t<meta property=\"og:image:type\" content=\"image\/png\" \/>\n<meta name=\"twitter:card\" content=\"summary_large_image\" \/>\n<script type=\"application\/ld+json\" class=\"yoast-schema-graph\">{\"@context\":\"https:\\\/\\\/schema.org\",\"@graph\":[{\"@type\":\"WebPage\",\"@id\":\"https:\\\/\\\/jt.lv\\\/en\\\/contacts\\\/\",\"url\":\"https:\\\/\\\/jt.lv\\\/en\\\/contacts\\\/\",\"name\":\"Contacts - Jelgavas tipogr\u0101fija\",\"isPartOf\":{\"@id\":\"http:\\\/\\\/jt.lv\\\/en\\\/#website\"},\"datePublished\":\"2023-08-30T10:00:46+00:00\",\"dateModified\":\"2026-04-20T09:15:15+00:00\",\"description\":\"Sazinieties ar mums par gr\u0101matu ra\u017eo\u0161anu, cen\u0101m un iesp\u0113j\u0101m. Kontakti, adrese, cenas piepras\u012bjuma forma \u2013 viss vienuviet.\",\"breadcrumb\":{\"@id\":\"https:\\\/\\\/jt.lv\\\/en\\\/contacts\\\/#breadcrumb\"},\"inLanguage\":\"en-US\",\"potentialAction\":[{\"@type\":\"ReadAction\",\"target\":[\"https:\\\/\\\/jt.lv\\\/en\\\/contacts\\\/\"]}]},{\"@type\":\"BreadcrumbList\",\"@id\":\"https:\\\/\\\/jt.lv\\\/en\\\/contacts\\\/#breadcrumb\",\"itemListElement\":[{\"@type\":\"ListItem\",\"position\":1,\"name\":\"Home\",\"item\":\"https:\\\/\\\/jt.lv\\\/en\\\/\"},{\"@type\":\"ListItem\",\"position\":2,\"name\":\"Contacts\"}]},{\"@type\":\"WebSite\",\"@id\":\"http:\\\/\\\/jt.lv\\\/en\\\/#website\",\"url\":\"http:\\\/\\\/jt.lv\\\/en\\\/\",\"name\":\"Jelgavas tipogr\u0101fija\",\"description\":\"M\u0113s ra\u017eojam gr\u0101matas.\",\"publisher\":{\"@id\":\"http:\\\/\\\/jt.lv\\\/en\\\/#organization\"},\"potentialAction\":[{\"@type\":\"SearchAction\",\"target\":{\"@type\":\"EntryPoint\",\"urlTemplate\":\"http:\\\/\\\/jt.lv\\\/en\\\/?s={search_term_string}\"},\"query-input\":{\"@type\":\"PropertyValueSpecification\",\"valueRequired\":true,\"valueName\":\"search_term_string\"}}],\"inLanguage\":\"en-US\"},{\"@type\":\"Organization\",\"@id\":\"http:\\\/\\\/jt.lv\\\/en\\\/#organization\",\"name\":\"Jelgavas tipogr\u0101fija\",\"url\":\"http:\\\/\\\/jt.lv\\\/en\\\/\",\"logo\":{\"@type\":\"ImageObject\",\"inLanguage\":\"en-US\",\"@id\":\"http:\\\/\\\/jt.lv\\\/en\\\/#\\\/schema\\\/logo\\\/image\\\/\",\"url\":\"https:\\\/\\\/jt.lv\\\/wp-content\\\/uploads\\\/2025\\\/06\\\/jt-logo.png\",\"contentUrl\":\"https:\\\/\\\/jt.lv\\\/wp-content\\\/uploads\\\/2025\\\/06\\\/jt-logo.png\",\"width\":696,\"height\":696,\"caption\":\"Jelgavas tipogr\u0101fija\"},\"image\":{\"@id\":\"http:\\\/\\\/jt.lv\\\/en\\\/#\\\/schema\\\/logo\\\/image\\\/\"}}]}<\/script>\n<!-- \/ Yoast SEO plugin. -->","yoast_head_json":{"title":"Contacts - Jelgavas tipogr\u0101fija","description":"Sazinieties ar mums par gr\u0101matu ra\u017eo\u0161anu, cen\u0101m un iesp\u0113j\u0101m. Kontakti, adrese, cenas piepras\u012bjuma forma \u2013 viss vienuviet.","robots":{"index":"index","follow":"follow","max-snippet":"max-snippet:-1","max-image-preview":"max-image-preview:large","max-video-preview":"max-video-preview:-1"},"canonical":"https:\/\/jt.lv\/en\/contacts\/","og_locale":"en_US","og_type":"article","og_title":"Contacts - Jelgavas tipogr\u0101fija","og_description":"Sazinieties ar mums par gr\u0101matu ra\u017eo\u0161anu, cen\u0101m un iesp\u0113j\u0101m. Kontakti, adrese, cenas piepras\u012bjuma forma \u2013 viss vienuviet.","og_url":"https:\/\/jt.lv\/en\/contacts\/","og_site_name":"Jelgavas tipogr\u0101fija","article_modified_time":"2026-04-20T09:15:15+00:00","og_image":[{"width":1200,"height":675,"url":"https:\/\/jt.lv\/wp-content\/uploads\/2025\/06\/site-image.png","type":"image\/png"}],"twitter_card":"summary_large_image","schema":{"@context":"https:\/\/schema.org","@graph":[{"@type":"WebPage","@id":"https:\/\/jt.lv\/en\/contacts\/","url":"https:\/\/jt.lv\/en\/contacts\/","name":"Contacts - Jelgavas tipogr\u0101fija","isPartOf":{"@id":"http:\/\/jt.lv\/en\/#website"},"datePublished":"2023-08-30T10:00:46+00:00","dateModified":"2026-04-20T09:15:15+00:00","description":"Sazinieties ar mums par gr\u0101matu ra\u017eo\u0161anu, cen\u0101m un iesp\u0113j\u0101m. Kontakti, adrese, cenas piepras\u012bjuma forma \u2013 viss vienuviet.","breadcrumb":{"@id":"https:\/\/jt.lv\/en\/contacts\/#breadcrumb"},"inLanguage":"en-US","potentialAction":[{"@type":"ReadAction","target":["https:\/\/jt.lv\/en\/contacts\/"]}]},{"@type":"BreadcrumbList","@id":"https:\/\/jt.lv\/en\/contacts\/#breadcrumb","itemListElement":[{"@type":"ListItem","position":1,"name":"Home","item":"https:\/\/jt.lv\/en\/"},{"@type":"ListItem","position":2,"name":"Contacts"}]},{"@type":"WebSite","@id":"http:\/\/jt.lv\/en\/#website","url":"http:\/\/jt.lv\/en\/","name":"Jelgavas tipogr\u0101fija","description":"M\u0113s ra\u017eojam gr\u0101matas.","publisher":{"@id":"http:\/\/jt.lv\/en\/#organization"},"potentialAction":[{"@type":"SearchAction","target":{"@type":"EntryPoint","urlTemplate":"http:\/\/jt.lv\/en\/?s={search_term_string}"},"query-input":{"@type":"PropertyValueSpecification","valueRequired":true,"valueName":"search_term_string"}}],"inLanguage":"en-US"},{"@type":"Organization","@id":"http:\/\/jt.lv\/en\/#organization","name":"Jelgavas tipogr\u0101fija","url":"http:\/\/jt.lv\/en\/","logo":{"@type":"ImageObject","inLanguage":"en-US","@id":"http:\/\/jt.lv\/en\/#\/schema\/logo\/image\/","url":"https:\/\/jt.lv\/wp-content\/uploads\/2025\/06\/jt-logo.png","contentUrl":"https:\/\/jt.lv\/wp-content\/uploads\/2025\/06\/jt-logo.png","width":696,"height":696,"caption":"Jelgavas tipogr\u0101fija"},"image":{"@id":"http:\/\/jt.lv\/en\/#\/schema\/logo\/image\/"}}]}},"_links":{"self":[{"href":"https:\/\/jt.lv\/en\/wp-json\/wp\/v2\/pages\/4976","targetHints":{"allow":["GET"]}}],"collection":[{"href":"https:\/\/jt.lv\/en\/wp-json\/wp\/v2\/pages"}],"about":[{"href":"https:\/\/jt.lv\/en\/wp-json\/wp\/v2\/types\/page"}],"author":[{"embeddable":true,"href":"https:\/\/jt.lv\/en\/wp-json\/wp\/v2\/users\/1"}],"replies":[{"embeddable":true,"href":"https:\/\/jt.lv\/en\/wp-json\/wp\/v2\/comments?post=4976"}],"version-history":[{"count":22,"href":"https:\/\/jt.lv\/en\/wp-json\/wp\/v2\/pages\/4976\/revisions"}],"predecessor-version":[{"id":10242,"href":"https:\/\/jt.lv\/en\/wp-json\/wp\/v2\/pages\/4976\/revisions\/10242"}],"wp:attachment":[{"href":"https:\/\/jt.lv\/en\/wp-json\/wp\/v2\/media?parent=4976"}],"curies":[{"name":"wp","href":"https:\/\/api.w.org\/{rel}","templated":true}]}}