{"id":4938,"date":"2023-07-27T12:19:32","date_gmt":"2023-07-27T10:19:32","guid":{"rendered":"https:\/\/jt.lv\/?page_id=4938"},"modified":"2026-01-14T11:16:42","modified_gmt":"2026-01-14T09:16:42","slug":"about-us","status":"publish","type":"page","link":"https:\/\/jt.lv\/en\/about-us\/","title":{"rendered":"About us"},"content":{"rendered":"\n\n\n\n\t    \n        <div class=\"jt-promo-media is-full-width\">\n            <div class=\"born-container is-default\">\n                <div class=\"inner\">\n                    <div class=\"video youtube-video\" data-id=\"uVWWp-FjnNI\">\n                        <div class=\"thumbnail\" style=\"background-image: url(https:\/\/jt.lv\/wp-content\/uploads\/2023\/09\/0124-JT_Sep2021_foto-Billijs-Locs-933x525.jpg)\">\n                                                        <button class=\"is-play\">Play<\/button>\n                        <\/div>\n                    <\/div>\n                <\/div>\n            <\/div>\n        <\/div>\n\n\t    \n\n        <!-- <script>\n\n            \/\/ YouTube play button\n\n            jQuery(document).ready(function() {\n                jQuery('.is-play').click(function() {\n                    jQuery(this).parents().addClass('is-hidden');\n                    jQuery('#video1')[0].src += '&autoplay=1';\n                });\n            });\n\n        <\/script> -->\n\n\n        <script>\n\n            document.addEventListener(\"DOMContentLoaded\", function() {\n\n                \/\/ Initialize all .youtube-video blocks with thumbnails\n                document.querySelectorAll(\".youtube-video\").forEach(function(el) {\n                    let videoId = el.dataset.id;\n                });\n\n                \/\/ Play video on button click\n                document.addEventListener(\"click\", function(e) {\n                    if (e.target.classList.contains(\"is-play\")) {\n                        let yt = e.target.closest(\".youtube-video\");\n                        if (yt && yt.dataset.id) {\n                            let iframe = document.createElement(\"iframe\");\n                            iframe.setAttribute(\"src\", \"https:\/\/www.youtube.com\/embed\/\" + yt.dataset.id + \"?autoplay=1&rel=0\");\n                            iframe.setAttribute(\"frameborder\", \"0\");\n                            iframe.setAttribute(\"allowfullscreen\", \"1\");\n                            iframe.setAttribute(\"allow\", \"autoplay; encrypted-media\");\n                            yt.innerHTML = \"\"; \/\/ clear button + background\n                            yt.appendChild(iframe);\n                        }\n                    }\n                });\n\n            });\n\n        <\/script>\n\n\n\n\n\n\n\n\t\t\t<p style=\"text-align: center;\"><span class=\"is-text-very-big\">Crafting books with precision, purpose and care.\n<\/span><\/p>\n\t\n\n\n\n\n\n\n\n\n\t<div class=\"jt-features\">\n\t\t<div class=\"born-container is-default\">\n\t\t\t<div class=\"inner\">\n\n\t\t\t\t<div class=\"items-grid\">\n\n\t\t\t\t\t\n                    \n\t\t\t\t\t<div class=\"item is-style-1\" style=\"background-color: #cb6015\">\n\t\t\t\t\t\t<div class=\"title\" style=\"color:#FFFFFF\">\n                            30\t\t\t\t\t\t<\/div>\n\t\t\t\t\t\t<div class=\"desc\" style=\"color:#FFFFFF\">\n                            years&#8217; experience\t\t\t\t\t\t<\/div>\n\t\t\t\t\t<\/div>\n\n                    \n\t\t\t\t\t\n                    \n\t\t\t\t\t<div class=\"item is-style-2\" style=\"background-color: #001e62\">\n\t\t\t\t\t\t<div class=\"title\" style=\"color:#FFFFFF\">\n                            10 000 m<sup>2<\/sup>\t\t\t\t\t\t<\/div>\n\t\t\t\t\t\t<div class=\"desc\" style=\"color:#FFFFFF\">\n                            production area\t\t\t\t\t\t<\/div>\n\t\t\t\t\t<\/div>\n\n                    \n\t\t\t\t\t\n                    \n\t\t\t\t\t<div class=\"item is-style-3\" style=\"background-color: #006600\">\n\t\t\t\t\t\t<div class=\"title\" style=\"color:#FFFFFF\">\n                            190\t\t\t\t\t\t<\/div>\n\t\t\t\t\t\t<div class=\"desc\" style=\"color:#FFFFFF\">\n                            employees\t\t\t\t\t\t<\/div>\n\t\t\t\t\t<\/div>\n\n                    \n\t\t\t\t\t\n                    \n\t\t\t\t\t<div class=\"item is-style-2\" style=\"background-color: #cb6015\">\n\t\t\t\t\t\t<div class=\"title\" style=\"color:#FFFFFF\">\n                            6.5 M\t\t\t\t\t\t<\/div>\n\t\t\t\t\t\t<div class=\"desc\" style=\"color:#FFFFFF\">\n                            books per year\t\t\t\t\t\t<\/div>\n\t\t\t\t\t<\/div>\n\n                    \n\t\t\t\t\t\n                    \n\t\t\t\t\t<div class=\"item is-style-3\" style=\"background-color: #001e62\">\n\t\t\t\t\t\t<div class=\"title\" style=\"color:#FFFFFF\">\n                            35+\t\t\t\t\t\t<\/div>\n\t\t\t\t\t\t<div class=\"desc\" style=\"color:#FFFFFF\">\n                            types of bindings\t\t\t\t\t\t<\/div>\n\t\t\t\t\t<\/div>\n\n                    \n\t\t\t\t\t\n                    \n\t\t\t\t\t<div class=\"item is-style-4\" style=\"background-color: #006600\">\n\t\t\t\t\t\t<div class=\"title\" style=\"color:#FFFFFF\">\n                            70%\t\t\t\t\t\t<\/div>\n\t\t\t\t\t\t<div class=\"desc\" style=\"color:#FFFFFF\">\n                            export\t\t\t\t\t\t<\/div>\n\t\t\t\t\t<\/div>\n\n                    \n\t\t\t\t\t\n\n\t\t\t\t<\/div>\n\n\t\t\t<\/div>\n\t\t<\/div>\n\t<\/div>\n\n\n\n\n\n\n\n\n\n\t<div class=\"jt-feature-single \" style=\"opacity: 0;\">\n\t\t<div class=\"born-container is-default\">\n\t\t\t<div class=\"inner\">\n\t\t\t\t<div class=\"image lazy\" data-bg=\"https:\/\/jt.lv\/wp-content\/uploads\/2024\/12\/0030-JT24_foto-Billijs-Locs-1271x848.jpg\"><\/div>\n\t\t\t\t<div class=\"data\">\n\t\t\t\t\t<div class=\"heading\">\n\t\t\t\t\t\t<h2>Expertise<\/h2>\n\t\t\t\t\t<\/div>\n\n\t\t\t\t\t\t\t\t\t\t<div class=\"desc\">\n\t\t\t\t\t\t<p>With decades of accumulated experience and modern technologies, we take pride in the results we achieve in book production. Our expertise covers a wide range of binding types \u2013 from simple softcover text books to complex custom editions with various finishing combinations. Our specialists \u2013 print professionals with in-depth knowledge of printing and post-press processes \u2013 carefully manage every detail to ensure the highest quality and tailored solutions that meet both the client\u2019s vision and technical requirements.<\/p>\n\t\t\t\t\t<\/div>\n\t\t\t\t\t\n                    \n\t\t\t\t\t\n\t\t\t\t\t\t\t\t\t\t<div class=\"cta\">\n\t\t\t\t\t\t<a href=\"https:\/\/jt.lv\/en\/book-production\/\" target=\"_blank\" title=\"Products and services\">Products and services<\/a>\n\t\t\t\t\t<\/div>\n\t\t\t\t\t\n\t\t\t\t<\/div>\n\t\t\t<\/div>\n\t\t<\/div>\n\t<\/div>\n\n\n\n\n\n\n\n\t<div class=\"jt-feature-single is-reversed\" style=\"opacity: 0;\">\n\t\t<div class=\"born-container is-default\">\n\t\t\t<div class=\"inner\">\n\t\t\t\t<div class=\"image lazy\" data-bg=\"https:\/\/jt.lv\/wp-content\/uploads\/2023\/09\/0069-JT_Sep2021_foto-Billijs-Locs-1271x847.jpg\"><\/div>\n\t\t\t\t<div class=\"data\">\n\t\t\t\t\t<div class=\"heading\">\n\t\t\t\t\t\t<h2>Modern production<\/h2>\n\t\t\t\t\t<\/div>\n\n\t\t\t\t\t\t\t\t\t\t<div class=\"desc\">\n\t\t\t\t\t\t<p>Modern production is based on the latest technologies, efficient processes, and innovative approaches to create high-quality, sustainable products. We continuously upgrade our equipment to ensure not only greater efficiency but also more environmentally friendly production. In book manufacturing, this results in outstanding print quality, precise finishing, and the flexibility to meet varying run sizes and personalization needs \u2013 all while maintaining the highest standards at every stage. By combining craftsmanship with advanced printing solutions, we adapt to each client\u2019s unique requirements.<\/p>\n\t\t\t\t\t<\/div>\n\t\t\t\t\t\n                    \n\t\t\t\t\t\n\t\t\t\t\t\t\t\t\t\t<div class=\"cta\">\n\t\t\t\t\t\t<a href=\"https:\/\/jt.lv\/en\/production-equipment\/\" target=\"_blank\" title=\"Equipment\">Equipment<\/a>\n\t\t\t\t\t<\/div>\n\t\t\t\t\t\n\t\t\t\t<\/div>\n\t\t\t<\/div>\n\t\t<\/div>\n\t<\/div>\n\n\n\n\n\n\n\n\t<div class=\"jt-feature-single \" style=\"opacity: 0;\">\n\t\t<div class=\"born-container is-default\">\n\t\t\t<div class=\"inner\">\n\t\t\t\t<div class=\"image lazy\" data-bg=\"https:\/\/jt.lv\/wp-content\/uploads\/2024\/12\/0105-JT24_foto-Billijs-Locs-1271x848.jpg\"><\/div>\n\t\t\t\t<div class=\"data\">\n\t\t\t\t\t<div class=\"heading\">\n\t\t\t\t\t\t<h2>Delivery in Europe and beyond<\/h2>\n\t\t\t\t\t<\/div>\n\n\t\t\t\t\t\t\t\t\t\t<div class=\"desc\">\n\t\t\t\t\t\t<p>We provide a full service for the delivery of finished products by land, sea and air transport. In accordance with the customer\u2019s needs, we offer various types of packaging, pallet sizes that meet warehouse requirements or special transport to meet delivery conditions. We also deliver book samples, as well as test prints or sample print sheets to the customer by parcel service.<\/p>\n\t\t\t\t\t<\/div>\n\t\t\t\t\t\n                    \n\t\t\t\t\t\n\t\t\t\t\t\t\t\t\t\t<div class=\"cta\">\n\t\t\t\t\t\t<a href=\"https:\/\/jt.lv\/en\/about-us\/delivery\" target=\"_blank\" title=\"Delivery terms\">Delivery terms<\/a>\n\t\t\t\t\t<\/div>\n\t\t\t\t\t\n\t\t\t\t<\/div>\n\t\t\t<\/div>\n\t\t<\/div>\n\t<\/div>\n\n\n\n\n\n\n\n\t<div class=\"jt-feature-single is-reversed\" style=\"opacity: 0;\">\n\t\t<div class=\"born-container is-default\">\n\t\t\t<div class=\"inner\">\n\t\t\t\t<div class=\"image lazy\" data-bg=\"https:\/\/jt.lv\/wp-content\/uploads\/2023\/09\/Jelgavas-tipografija-vide-ilgtspeja-2-1271x700.jpg\"><\/div>\n\t\t\t\t<div class=\"data\">\n\t\t\t\t\t<div class=\"heading\">\n\t\t\t\t\t\t<h2>Sustainability<\/h2>\n\t\t\t\t\t<\/div>\n\n\t\t\t\t\t\t\t\t\t\t<div class=\"desc\">\n\t\t\t\t\t\t<p>Environmental responsibility, social commitment, and employee well-being are part of our everyday operations. We are dedicated to continuously reducing our company\u2019s CO2 footprint, evaluating and choosing eco-friendly materials, equipment, and partners, minimizing waste, and supporting our clients in making sustainable book production choices. Addressing these issues today is not always easy or cost-effective, but it is the only acceptable path for us as we consider the legacy we leave for future generations.<\/p>\n\t\t\t\t\t<\/div>\n\t\t\t\t\t\n                    \n\t\t\t\t\t\t\t\t\t\t\t<div class=\"brands\">\n\n\t\t\t\t\t\t\t\t\t\t\t\t\t\t<div>\n\t\t\t\t\t\t\t\t<img srcset=\"https:\/\/jt.lv\/wp-content\/uploads\/2023\/12\/Jelgvas-tipografija-ClimateCalc-sertifikats.jpg 2x\" alt=\"Jelgvas-tipografija-ClimateCalc-sertifikats\">\n\t\t\t\t\t\t\t<\/div>\n\t\t\t\t\t\t\t\t\t\t\t\t\t\t<div>\n\t\t\t\t\t\t\t\t<img srcset=\"https:\/\/jt.lv\/wp-content\/uploads\/2023\/12\/Jelgvas-tipografija-FSC-sertifikats.jpg 2x\" alt=\"Jelgvas-tipografija-FSC-sertifikats\">\n\t\t\t\t\t\t\t<\/div>\n\t\t\t\t\t\t\t\t\t\t\t\t\t\t<div>\n\t\t\t\t\t\t\t\t<img srcset=\"https:\/\/jt.lv\/wp-content\/uploads\/2023\/12\/Jelgvas-tipografija-Nordic-Swan-Ecolabel-sertifikats.jpg 2x\" alt=\"Jelgvas-tipografija-Nordic-Swan-Ecolabel-sertifikats\">\n\t\t\t\t\t\t\t<\/div>\n\t\t\t\t\t\t\t\t\t\t\t\t\t\t<div>\n\t\t\t\t\t\t\t\t<img srcset=\"https:\/\/jt.lv\/wp-content\/uploads\/2023\/12\/Jelgvas-tipografija-Powered-by-Green-sertifikats.jpg 2x\" alt=\"Jelgvas-tipografija-Powered-by-Green-sertifikats\">\n\t\t\t\t\t\t\t<\/div>\n\t\t\t\t\t\t\t\n\t\t\t\t\t\t<\/div>\n\t\t\t\t\t\n\t\t\t\t\t\t\t\t\t\t<div class=\"cta\">\n\t\t\t\t\t\t<a href=\"https:\/\/jt.lv\/en\/about-us\/ilgtspeja\/\" target=\"_blank\" title=\"Learn more\">Learn more<\/a>\n\t\t\t\t\t<\/div>\n\t\t\t\t\t\n\t\t\t\t<\/div>\n\t\t\t<\/div>\n\t\t<\/div>\n\t<\/div>\n\n\n\n\n\n\n\n\t<div class=\"jt-feature-single \" style=\"opacity: 0;\">\n\t\t<div class=\"born-container is-default\">\n\t\t\t<div class=\"inner\">\n\t\t\t\t<div class=\"image lazy\" data-bg=\"https:\/\/jt.lv\/wp-content\/uploads\/2025\/08\/balts-papergoods-1271x847.jpg\"><\/div>\n\t\t\t\t<div class=\"data\">\n\t\t\t\t\t<div class=\"heading\">\n\t\t\t\t\t\t<h2>Production of planners, notebooks, and calendars<\/h2>\n\t\t\t\t\t<\/div>\n\n\t\t\t\t\t\t\t\t\t\t<div class=\"desc\">\n\t\t\t\t\t\t<p>Our subsidiary BALTS has been producing planners, notebooks, calendars and accessories already for over 25 years. These paper goods produced in Latvia are popular with both private individuals and companies. Choose a product from the standard offer or personalize it according to your personal, company or brand needs.<\/p>\n\t\t\t\t\t<\/div>\n\t\t\t\t\t\n                    \n\t\t\t\t\t\n\t\t\t\t\t\t\t\t\t\t<div class=\"cta\">\n\t\t\t\t\t\t<a href=\"http:\/\/www.baltspaper.lv\/en\" target=\"_blank\" title=\"baltspaper.com\">baltspaper.com<\/a>\n\t\t\t\t\t<\/div>\n\t\t\t\t\t\n\t\t\t\t<\/div>\n\t\t\t<\/div>\n\t\t<\/div>\n\t<\/div>\n\n","protected":false},"excerpt":{"rendered":"","protected":false},"author":1,"featured_media":0,"parent":0,"menu_order":12,"comment_status":"closed","ping_status":"closed","template":"","meta":{"_acf_changed":false,"inline_featured_image":false,"footnotes":""},"class_list":["post-4938","page","type-page","status-publish","hentry"],"acf":[],"yoast_head":"<!-- This site is optimized with the Yoast SEO plugin v27.3 - https:\/\/yoast.com\/product\/yoast-seo-wordpress\/ -->\n<title>About us - Jelgavas tipogr\u0101fija<\/title>\n<meta name=\"description\" content=\"Complete and sustainable book production cycle under one roof. Over 25 years of experience, expertise, and a personal approach.\" \/>\n<meta name=\"robots\" content=\"index, follow, max-snippet:-1, max-image-preview:large, max-video-preview:-1\" \/>\n<link rel=\"canonical\" href=\"https:\/\/jt.lv\/en\/about-us\/\" \/>\n<meta property=\"og:locale\" content=\"en_US\" \/>\n<meta property=\"og:type\" content=\"article\" \/>\n<meta property=\"og:title\" content=\"About us - Jelgavas tipogr\u0101fija\" \/>\n<meta property=\"og:description\" content=\"Complete and sustainable book production cycle under one roof. Over 25 years of experience, expertise, and a personal approach.\" \/>\n<meta property=\"og:url\" content=\"https:\/\/jt.lv\/en\/about-us\/\" \/>\n<meta property=\"og:site_name\" content=\"Jelgavas tipogr\u0101fija\" \/>\n<meta property=\"article:modified_time\" content=\"2026-01-14T09:16:42+00:00\" \/>\n<meta property=\"og:image\" content=\"https:\/\/jt.lv\/wp-content\/uploads\/2025\/06\/site-image.png\" \/>\n\t<meta property=\"og:image:width\" content=\"1200\" \/>\n\t<meta property=\"og:image:height\" content=\"675\" \/>\n\t<meta property=\"og:image:type\" content=\"image\/png\" \/>\n<meta name=\"twitter:card\" content=\"summary_large_image\" \/>\n<script type=\"application\/ld+json\" class=\"yoast-schema-graph\">{\"@context\":\"https:\\\/\\\/schema.org\",\"@graph\":[{\"@type\":\"WebPage\",\"@id\":\"https:\\\/\\\/jt.lv\\\/en\\\/about-us\\\/\",\"url\":\"https:\\\/\\\/jt.lv\\\/en\\\/about-us\\\/\",\"name\":\"About us - Jelgavas tipogr\u0101fija\",\"isPartOf\":{\"@id\":\"http:\\\/\\\/jt.lv\\\/en\\\/#website\"},\"datePublished\":\"2023-07-27T10:19:32+00:00\",\"dateModified\":\"2026-01-14T09:16:42+00:00\",\"description\":\"Complete and sustainable book production cycle under one roof. Over 25 years of experience, expertise, and a personal approach.\",\"breadcrumb\":{\"@id\":\"https:\\\/\\\/jt.lv\\\/en\\\/about-us\\\/#breadcrumb\"},\"inLanguage\":\"en-US\",\"potentialAction\":[{\"@type\":\"ReadAction\",\"target\":[\"https:\\\/\\\/jt.lv\\\/en\\\/about-us\\\/\"]}]},{\"@type\":\"BreadcrumbList\",\"@id\":\"https:\\\/\\\/jt.lv\\\/en\\\/about-us\\\/#breadcrumb\",\"itemListElement\":[{\"@type\":\"ListItem\",\"position\":1,\"name\":\"Home\",\"item\":\"https:\\\/\\\/jt.lv\\\/en\\\/\"},{\"@type\":\"ListItem\",\"position\":2,\"name\":\"About us\"}]},{\"@type\":\"WebSite\",\"@id\":\"http:\\\/\\\/jt.lv\\\/en\\\/#website\",\"url\":\"http:\\\/\\\/jt.lv\\\/en\\\/\",\"name\":\"Jelgavas tipogr\u0101fija\",\"description\":\"M\u0113s ra\u017eojam gr\u0101matas.\",\"publisher\":{\"@id\":\"http:\\\/\\\/jt.lv\\\/en\\\/#organization\"},\"potentialAction\":[{\"@type\":\"SearchAction\",\"target\":{\"@type\":\"EntryPoint\",\"urlTemplate\":\"http:\\\/\\\/jt.lv\\\/en\\\/?s={search_term_string}\"},\"query-input\":{\"@type\":\"PropertyValueSpecification\",\"valueRequired\":true,\"valueName\":\"search_term_string\"}}],\"inLanguage\":\"en-US\"},{\"@type\":\"Organization\",\"@id\":\"http:\\\/\\\/jt.lv\\\/en\\\/#organization\",\"name\":\"Jelgavas tipogr\u0101fija\",\"url\":\"http:\\\/\\\/jt.lv\\\/en\\\/\",\"logo\":{\"@type\":\"ImageObject\",\"inLanguage\":\"en-US\",\"@id\":\"http:\\\/\\\/jt.lv\\\/en\\\/#\\\/schema\\\/logo\\\/image\\\/\",\"url\":\"https:\\\/\\\/jt.lv\\\/wp-content\\\/uploads\\\/2025\\\/06\\\/jt-logo.png\",\"contentUrl\":\"https:\\\/\\\/jt.lv\\\/wp-content\\\/uploads\\\/2025\\\/06\\\/jt-logo.png\",\"width\":696,\"height\":696,\"caption\":\"Jelgavas tipogr\u0101fija\"},\"image\":{\"@id\":\"http:\\\/\\\/jt.lv\\\/en\\\/#\\\/schema\\\/logo\\\/image\\\/\"}}]}<\/script>\n<!-- \/ Yoast SEO plugin. -->","yoast_head_json":{"title":"About us - Jelgavas tipogr\u0101fija","description":"Complete and sustainable book production cycle under one roof. Over 25 years of experience, expertise, and a personal approach.","robots":{"index":"index","follow":"follow","max-snippet":"max-snippet:-1","max-image-preview":"max-image-preview:large","max-video-preview":"max-video-preview:-1"},"canonical":"https:\/\/jt.lv\/en\/about-us\/","og_locale":"en_US","og_type":"article","og_title":"About us - Jelgavas tipogr\u0101fija","og_description":"Complete and sustainable book production cycle under one roof. Over 25 years of experience, expertise, and a personal approach.","og_url":"https:\/\/jt.lv\/en\/about-us\/","og_site_name":"Jelgavas tipogr\u0101fija","article_modified_time":"2026-01-14T09:16:42+00:00","og_image":[{"width":1200,"height":675,"url":"https:\/\/jt.lv\/wp-content\/uploads\/2025\/06\/site-image.png","type":"image\/png"}],"twitter_card":"summary_large_image","schema":{"@context":"https:\/\/schema.org","@graph":[{"@type":"WebPage","@id":"https:\/\/jt.lv\/en\/about-us\/","url":"https:\/\/jt.lv\/en\/about-us\/","name":"About us - Jelgavas tipogr\u0101fija","isPartOf":{"@id":"http:\/\/jt.lv\/en\/#website"},"datePublished":"2023-07-27T10:19:32+00:00","dateModified":"2026-01-14T09:16:42+00:00","description":"Complete and sustainable book production cycle under one roof. Over 25 years of experience, expertise, and a personal approach.","breadcrumb":{"@id":"https:\/\/jt.lv\/en\/about-us\/#breadcrumb"},"inLanguage":"en-US","potentialAction":[{"@type":"ReadAction","target":["https:\/\/jt.lv\/en\/about-us\/"]}]},{"@type":"BreadcrumbList","@id":"https:\/\/jt.lv\/en\/about-us\/#breadcrumb","itemListElement":[{"@type":"ListItem","position":1,"name":"Home","item":"https:\/\/jt.lv\/en\/"},{"@type":"ListItem","position":2,"name":"About us"}]},{"@type":"WebSite","@id":"http:\/\/jt.lv\/en\/#website","url":"http:\/\/jt.lv\/en\/","name":"Jelgavas tipogr\u0101fija","description":"M\u0113s ra\u017eojam gr\u0101matas.","publisher":{"@id":"http:\/\/jt.lv\/en\/#organization"},"potentialAction":[{"@type":"SearchAction","target":{"@type":"EntryPoint","urlTemplate":"http:\/\/jt.lv\/en\/?s={search_term_string}"},"query-input":{"@type":"PropertyValueSpecification","valueRequired":true,"valueName":"search_term_string"}}],"inLanguage":"en-US"},{"@type":"Organization","@id":"http:\/\/jt.lv\/en\/#organization","name":"Jelgavas tipogr\u0101fija","url":"http:\/\/jt.lv\/en\/","logo":{"@type":"ImageObject","inLanguage":"en-US","@id":"http:\/\/jt.lv\/en\/#\/schema\/logo\/image\/","url":"https:\/\/jt.lv\/wp-content\/uploads\/2025\/06\/jt-logo.png","contentUrl":"https:\/\/jt.lv\/wp-content\/uploads\/2025\/06\/jt-logo.png","width":696,"height":696,"caption":"Jelgavas tipogr\u0101fija"},"image":{"@id":"http:\/\/jt.lv\/en\/#\/schema\/logo\/image\/"}}]}},"_links":{"self":[{"href":"https:\/\/jt.lv\/en\/wp-json\/wp\/v2\/pages\/4938","targetHints":{"allow":["GET"]}}],"collection":[{"href":"https:\/\/jt.lv\/en\/wp-json\/wp\/v2\/pages"}],"about":[{"href":"https:\/\/jt.lv\/en\/wp-json\/wp\/v2\/types\/page"}],"author":[{"embeddable":true,"href":"https:\/\/jt.lv\/en\/wp-json\/wp\/v2\/users\/1"}],"replies":[{"embeddable":true,"href":"https:\/\/jt.lv\/en\/wp-json\/wp\/v2\/comments?post=4938"}],"version-history":[{"count":41,"href":"https:\/\/jt.lv\/en\/wp-json\/wp\/v2\/pages\/4938\/revisions"}],"predecessor-version":[{"id":9461,"href":"https:\/\/jt.lv\/en\/wp-json\/wp\/v2\/pages\/4938\/revisions\/9461"}],"wp:attachment":[{"href":"https:\/\/jt.lv\/en\/wp-json\/wp\/v2\/media?parent=4938"}],"curies":[{"name":"wp","href":"https:\/\/api.w.org\/{rel}","templated":true}]}}