{"id":4800,"date":"2023-10-27T09:04:21","date_gmt":"2023-10-27T07:04:21","guid":{"rendered":"https:\/\/jt.lv\/aklimatizacija-un-uzglabasana\/"},"modified":"2025-04-22T09:06:43","modified_gmt":"2025-04-22T09:06:43","slug":"acclimatization-and-storage","status":"publish","type":"page","link":"https:\/\/jt.lv\/en\/acclimatization-and-storage\/","title":{"rendered":"Product acclimatization and storage"},"content":{"rendered":"\n<p>Upon receiving the finished goods, the client is responsible for storing them in suitable conditions. JELGAVAS TIPOGRAFIJA cannot be held accountable for deformation of finished goods (paper and cardboard) if the client fails to comply with the specified acclimatization and storage conditions.<\/p>\n\n\n\n<h2 class=\"wp-block-heading\">Product acclimatization and storage<\/h2>\n\n\n\n<p>Books essentially consist of paper, and paper is a living material. Each paper sheet consists of fibres that are extremely sensitive to changes in temperature and humidity. Each paper has its own original paper moisture, which is present in the fibres at the final stage of paper production &#8211; this is known as the original paper moisture. When paper enters an environment where there is a higher or lower degree of moisture than the original moisture of the paper, it either absorbs or releases its moisture, as a result of which the paper fibres either expand or contract, respectively. As a consequence, the paper sheets deform, becoming wavy or curved. For these reasons, proper storage and acclimatization of paper and cardboard products is extremely important, because moisture and temperature significantly affect paper and its products.<\/p>\n\n\n\n<p>Papers and cardboards used in printing are produced with relative humidity of 45-55 %. This is because offset printing machines use moisture and paper is exposed to the same moisture environment during processing. With such moisture, paper fibres are stable and constant in size.<\/p>\n\n\n\n<p>The printing house provides the required climate for the paper in its production facility, but after receiving the finished goods, the client must take care of the acclimatization of the finished goods after the transportation and subsequent storage in suitable conditions. Finished goods may be irreversibly damaged due to inadequate acclimatization and\/or incorrect storage.<\/p>\n\n\n\n<p>For proper acclimatization and storage of paper products, following conditions must be provided:<\/p>\n\n\n\n<ul class=\"wp-block-list\">\n<li>the products should be acclimatized and stored in their packaging. This helps preserve the paper&#8217;s original moisture content;<\/li>\n\n\n\n<li>the storage rooms should maintain a consistent temperature between 19-23 \u00b0C as much as possible, and the products should be stored in their packaging;<\/li>\n\n\n\n<li>the acclimatization time must be carefully and precisely monitored.<\/li>\n<\/ul>\n\n\n\n<p>GRT <em>(General Trade Rules)<\/em> standards determine following acclimatization time for paper and paper products depending on the temperature:<\/p>\n\n\n\n<figure class=\"wp-block-table\"><table><tbody><tr><td><strong>Temperature, \u00b0C<\/strong><\/td><td><strong>Acclimatization time, hours<\/strong><\/td><\/tr><tr><td>+25 \u00b0C<\/td><td>5 h<\/td><\/tr><tr><td>+20 \u00b0C<\/td><td>0 h<\/td><\/tr><tr><td>+15 \u00b0C<\/td><td>6 h<\/td><\/tr><tr><td>+10 \u00b0C<\/td><td>12 h<\/td><\/tr><tr><td>0 \u00b0C<\/td><td>24 h<\/td><\/tr><tr><td>-5 \u00b0C<\/td><td>36 h<\/td><\/tr><tr><td>-10 \u00b0C<\/td><td>48 h<\/td><\/tr><tr><td>-15 \u00b0C<\/td><td>60 h<\/td><\/tr><tr><td>-20 \u00b0C<\/td><td>78 h<\/td><\/tr><\/tbody><\/table><\/figure>\n","protected":false},"excerpt":{"rendered":"<p>Upon receiving the finished goods, the client is responsible for storing them in suitable conditions. JELGAVAS TIPOGRAFIJA cannot be held accountable for deformation of finished goods (paper and cardboard) if the client fails to comply with the specified acclimatization and storage conditions. Product acclimatization and storage Books essentially consist of paper, and paper is a [&hellip;]<\/p>\n","protected":false},"author":1,"featured_media":3967,"parent":0,"menu_order":47,"comment_status":"closed","ping_status":"closed","template":"","meta":{"_acf_changed":false,"inline_featured_image":false,"footnotes":""},"class_list":["post-4800","page","type-page","status-publish","has-post-thumbnail","hentry"],"acf":[],"yoast_head":"<!-- This site is optimized with the Yoast SEO plugin v27.4 - https:\/\/yoast.com\/product\/yoast-seo-wordpress\/ -->\n<title>Product acclimatization and storage - Jelgavas tipogr\u0101fija<\/title>\n<meta name=\"robots\" content=\"index, follow, max-snippet:-1, max-image-preview:large, max-video-preview:-1\" \/>\n<link rel=\"canonical\" href=\"https:\/\/jt.lv\/en\/acclimatization-and-storage\/\" \/>\n<meta property=\"og:locale\" content=\"en_US\" \/>\n<meta property=\"og:type\" content=\"article\" \/>\n<meta property=\"og:title\" content=\"Product acclimatization and storage - Jelgavas tipogr\u0101fija\" \/>\n<meta property=\"og:description\" content=\"Upon receiving the finished goods, the client is responsible for storing them in suitable conditions. JELGAVAS TIPOGRAFIJA cannot be held accountable for deformation of finished goods (paper and cardboard) if the client fails to comply with the specified acclimatization and storage conditions. Product acclimatization and storage Books essentially consist of paper, and paper is a [&hellip;]\" \/>\n<meta property=\"og:url\" content=\"https:\/\/jt.lv\/en\/acclimatization-and-storage\/\" \/>\n<meta property=\"og:site_name\" content=\"Jelgavas tipogr\u0101fija\" \/>\n<meta property=\"article:modified_time\" content=\"2025-04-22T09:06:43+00:00\" \/>\n<meta property=\"og:image\" content=\"https:\/\/jt.lv\/wp-content\/uploads\/2023\/08\/photo-14.jpg\" \/>\n\t<meta property=\"og:image:width\" content=\"1740\" \/>\n\t<meta property=\"og:image:height\" content=\"750\" \/>\n\t<meta property=\"og:image:type\" content=\"image\/jpeg\" \/>\n<meta name=\"twitter:card\" content=\"summary_large_image\" \/>\n<meta name=\"twitter:label1\" content=\"Est. reading time\" \/>\n\t<meta name=\"twitter:data1\" content=\"2 minutes\" \/>\n<script type=\"application\/ld+json\" class=\"yoast-schema-graph\">{\"@context\":\"https:\\\/\\\/schema.org\",\"@graph\":[{\"@type\":\"WebPage\",\"@id\":\"https:\\\/\\\/jt.lv\\\/en\\\/acclimatization-and-storage\\\/\",\"url\":\"https:\\\/\\\/jt.lv\\\/en\\\/acclimatization-and-storage\\\/\",\"name\":\"Product acclimatization and storage - Jelgavas tipogr\u0101fija\",\"isPartOf\":{\"@id\":\"http:\\\/\\\/jt.lv\\\/en\\\/#website\"},\"primaryImageOfPage\":{\"@id\":\"https:\\\/\\\/jt.lv\\\/en\\\/acclimatization-and-storage\\\/#primaryimage\"},\"image\":{\"@id\":\"https:\\\/\\\/jt.lv\\\/en\\\/acclimatization-and-storage\\\/#primaryimage\"},\"thumbnailUrl\":\"https:\\\/\\\/jt.lv\\\/wp-content\\\/uploads\\\/2023\\\/08\\\/photo-14.jpg\",\"datePublished\":\"2023-10-27T07:04:21+00:00\",\"dateModified\":\"2025-04-22T09:06:43+00:00\",\"breadcrumb\":{\"@id\":\"https:\\\/\\\/jt.lv\\\/en\\\/acclimatization-and-storage\\\/#breadcrumb\"},\"inLanguage\":\"en-US\",\"potentialAction\":[{\"@type\":\"ReadAction\",\"target\":[\"https:\\\/\\\/jt.lv\\\/en\\\/acclimatization-and-storage\\\/\"]}]},{\"@type\":\"ImageObject\",\"inLanguage\":\"en-US\",\"@id\":\"https:\\\/\\\/jt.lv\\\/en\\\/acclimatization-and-storage\\\/#primaryimage\",\"url\":\"https:\\\/\\\/jt.lv\\\/wp-content\\\/uploads\\\/2023\\\/08\\\/photo-14.jpg\",\"contentUrl\":\"https:\\\/\\\/jt.lv\\\/wp-content\\\/uploads\\\/2023\\\/08\\\/photo-14.jpg\",\"width\":1740,\"height\":750},{\"@type\":\"BreadcrumbList\",\"@id\":\"https:\\\/\\\/jt.lv\\\/en\\\/acclimatization-and-storage\\\/#breadcrumb\",\"itemListElement\":[{\"@type\":\"ListItem\",\"position\":1,\"name\":\"Home\",\"item\":\"https:\\\/\\\/jt.lv\\\/en\\\/\"},{\"@type\":\"ListItem\",\"position\":2,\"name\":\"Product acclimatization and storage\"}]},{\"@type\":\"WebSite\",\"@id\":\"http:\\\/\\\/jt.lv\\\/en\\\/#website\",\"url\":\"http:\\\/\\\/jt.lv\\\/en\\\/\",\"name\":\"Jelgavas tipogr\u0101fija\",\"description\":\"M\u0113s ra\u017eojam gr\u0101matas.\",\"publisher\":{\"@id\":\"http:\\\/\\\/jt.lv\\\/en\\\/#organization\"},\"potentialAction\":[{\"@type\":\"SearchAction\",\"target\":{\"@type\":\"EntryPoint\",\"urlTemplate\":\"http:\\\/\\\/jt.lv\\\/en\\\/?s={search_term_string}\"},\"query-input\":{\"@type\":\"PropertyValueSpecification\",\"valueRequired\":true,\"valueName\":\"search_term_string\"}}],\"inLanguage\":\"en-US\"},{\"@type\":\"Organization\",\"@id\":\"http:\\\/\\\/jt.lv\\\/en\\\/#organization\",\"name\":\"Jelgavas tipogr\u0101fija\",\"url\":\"http:\\\/\\\/jt.lv\\\/en\\\/\",\"logo\":{\"@type\":\"ImageObject\",\"inLanguage\":\"en-US\",\"@id\":\"http:\\\/\\\/jt.lv\\\/en\\\/#\\\/schema\\\/logo\\\/image\\\/\",\"url\":\"https:\\\/\\\/jt.lv\\\/wp-content\\\/uploads\\\/2025\\\/06\\\/jt-logo.png\",\"contentUrl\":\"https:\\\/\\\/jt.lv\\\/wp-content\\\/uploads\\\/2025\\\/06\\\/jt-logo.png\",\"width\":696,\"height\":696,\"caption\":\"Jelgavas tipogr\u0101fija\"},\"image\":{\"@id\":\"http:\\\/\\\/jt.lv\\\/en\\\/#\\\/schema\\\/logo\\\/image\\\/\"}}]}<\/script>\n<!-- \/ Yoast SEO plugin. -->","yoast_head_json":{"title":"Product acclimatization and storage - Jelgavas tipogr\u0101fija","robots":{"index":"index","follow":"follow","max-snippet":"max-snippet:-1","max-image-preview":"max-image-preview:large","max-video-preview":"max-video-preview:-1"},"canonical":"https:\/\/jt.lv\/en\/acclimatization-and-storage\/","og_locale":"en_US","og_type":"article","og_title":"Product acclimatization and storage - Jelgavas tipogr\u0101fija","og_description":"Upon receiving the finished goods, the client is responsible for storing them in suitable conditions. JELGAVAS TIPOGRAFIJA cannot be held accountable for deformation of finished goods (paper and cardboard) if the client fails to comply with the specified acclimatization and storage conditions. Product acclimatization and storage Books essentially consist of paper, and paper is a [&hellip;]","og_url":"https:\/\/jt.lv\/en\/acclimatization-and-storage\/","og_site_name":"Jelgavas tipogr\u0101fija","article_modified_time":"2025-04-22T09:06:43+00:00","og_image":[{"width":1740,"height":750,"url":"https:\/\/jt.lv\/wp-content\/uploads\/2023\/08\/photo-14.jpg","type":"image\/jpeg"}],"twitter_card":"summary_large_image","twitter_misc":{"Est. reading time":"2 minutes"},"schema":{"@context":"https:\/\/schema.org","@graph":[{"@type":"WebPage","@id":"https:\/\/jt.lv\/en\/acclimatization-and-storage\/","url":"https:\/\/jt.lv\/en\/acclimatization-and-storage\/","name":"Product acclimatization and storage - Jelgavas tipogr\u0101fija","isPartOf":{"@id":"http:\/\/jt.lv\/en\/#website"},"primaryImageOfPage":{"@id":"https:\/\/jt.lv\/en\/acclimatization-and-storage\/#primaryimage"},"image":{"@id":"https:\/\/jt.lv\/en\/acclimatization-and-storage\/#primaryimage"},"thumbnailUrl":"https:\/\/jt.lv\/wp-content\/uploads\/2023\/08\/photo-14.jpg","datePublished":"2023-10-27T07:04:21+00:00","dateModified":"2025-04-22T09:06:43+00:00","breadcrumb":{"@id":"https:\/\/jt.lv\/en\/acclimatization-and-storage\/#breadcrumb"},"inLanguage":"en-US","potentialAction":[{"@type":"ReadAction","target":["https:\/\/jt.lv\/en\/acclimatization-and-storage\/"]}]},{"@type":"ImageObject","inLanguage":"en-US","@id":"https:\/\/jt.lv\/en\/acclimatization-and-storage\/#primaryimage","url":"https:\/\/jt.lv\/wp-content\/uploads\/2023\/08\/photo-14.jpg","contentUrl":"https:\/\/jt.lv\/wp-content\/uploads\/2023\/08\/photo-14.jpg","width":1740,"height":750},{"@type":"BreadcrumbList","@id":"https:\/\/jt.lv\/en\/acclimatization-and-storage\/#breadcrumb","itemListElement":[{"@type":"ListItem","position":1,"name":"Home","item":"https:\/\/jt.lv\/en\/"},{"@type":"ListItem","position":2,"name":"Product acclimatization and storage"}]},{"@type":"WebSite","@id":"http:\/\/jt.lv\/en\/#website","url":"http:\/\/jt.lv\/en\/","name":"Jelgavas tipogr\u0101fija","description":"M\u0113s ra\u017eojam gr\u0101matas.","publisher":{"@id":"http:\/\/jt.lv\/en\/#organization"},"potentialAction":[{"@type":"SearchAction","target":{"@type":"EntryPoint","urlTemplate":"http:\/\/jt.lv\/en\/?s={search_term_string}"},"query-input":{"@type":"PropertyValueSpecification","valueRequired":true,"valueName":"search_term_string"}}],"inLanguage":"en-US"},{"@type":"Organization","@id":"http:\/\/jt.lv\/en\/#organization","name":"Jelgavas tipogr\u0101fija","url":"http:\/\/jt.lv\/en\/","logo":{"@type":"ImageObject","inLanguage":"en-US","@id":"http:\/\/jt.lv\/en\/#\/schema\/logo\/image\/","url":"https:\/\/jt.lv\/wp-content\/uploads\/2025\/06\/jt-logo.png","contentUrl":"https:\/\/jt.lv\/wp-content\/uploads\/2025\/06\/jt-logo.png","width":696,"height":696,"caption":"Jelgavas tipogr\u0101fija"},"image":{"@id":"http:\/\/jt.lv\/en\/#\/schema\/logo\/image\/"}}]}},"_links":{"self":[{"href":"https:\/\/jt.lv\/en\/wp-json\/wp\/v2\/pages\/4800","targetHints":{"allow":["GET"]}}],"collection":[{"href":"https:\/\/jt.lv\/en\/wp-json\/wp\/v2\/pages"}],"about":[{"href":"https:\/\/jt.lv\/en\/wp-json\/wp\/v2\/types\/page"}],"author":[{"embeddable":true,"href":"https:\/\/jt.lv\/en\/wp-json\/wp\/v2\/users\/1"}],"replies":[{"embeddable":true,"href":"https:\/\/jt.lv\/en\/wp-json\/wp\/v2\/comments?post=4800"}],"version-history":[{"count":13,"href":"https:\/\/jt.lv\/en\/wp-json\/wp\/v2\/pages\/4800\/revisions"}],"predecessor-version":[{"id":7360,"href":"https:\/\/jt.lv\/en\/wp-json\/wp\/v2\/pages\/4800\/revisions\/7360"}],"wp:featuredmedia":[{"embeddable":true,"href":"https:\/\/jt.lv\/en\/wp-json\/wp\/v2\/media\/3967"}],"wp:attachment":[{"href":"https:\/\/jt.lv\/en\/wp-json\/wp\/v2\/media?parent=4800"}],"curies":[{"name":"wp","href":"https:\/\/api.w.org\/{rel}","templated":true}]}}