{"id":4777,"date":"2023-07-26T06:36:44","date_gmt":"2023-07-26T04:36:44","guid":{"rendered":"https:\/\/jt.lv\/?page_id=4777"},"modified":"2026-02-24T10:36:23","modified_gmt":"2026-02-24T08:36:23","slug":"home","status":"publish","type":"page","link":"https:\/\/jt.lv\/en\/","title":{"rendered":"Home"},"content":{"rendered":"\n\n\n\n\t<div class=\"jt-intro\">\n\t\t<div class=\"born-container is-default\">\n\t\t\t<div class=\"title\">\n\t\t\t\t<h1>We produce books. <br>With responsibility and respect towards authors, publishers and readers.<\/h1>\n\t\t\t<\/div>\n\t\t\t<a href=\"#\" class=\"scroll\">Scroll down<\/a>\n\t\t<\/div>\n\t\t<div class=\"bg\" style=\"background-image: url(https:\/\/jt.lv\/wp-content\/uploads\/2025\/07\/jelgavas-tipografija-title-picture-book-production.jpg)\"><\/div>\n\t<\/div>\n\n\n\n\n\n\n\n\n\n\t            <div class=\"jt-promo-media is-full-width\">\n            <div class=\"born-container is-default\">\n                <div class=\"inner\">\n                    <div class=\"data\">\n                        <div class=\"heading\">\n                            <h2>Full book production cycle under one roof<\/h2>\n                        <\/div>\n                        <div class=\"desc\">\n                            <p>We are one of the oldest and biggest book printing houses in Latvia and the Baltic States. Book production is simultaneously our specialization and passion. We provide a full production cycle, starting from a white sheet of paper to the delivery of finished products in Latvia and throughout Europe.<\/p>\n                        <\/div>\n                    <\/div>\n                    <div class=\"video youtube-video\" data-id=\"uVWWp-FjnNI\">\n                        <div class=\"thumbnail\" style=\"background-image: url(https:\/\/jt.lv\/wp-content\/uploads\/2025\/07\/jelgavas-tipografija-index-page-video-thumbnail-920x525.jpg)\">\n                            <button class=\"is-play\">Play<\/button>\n                        <\/div>\n                    <\/div>\n                <\/div>\n            <\/div>\n        <\/div>\n\n        \n\n        <!-- <script>\n\n            \/\/ YouTube play button\n\n            jQuery(document).ready(function() {\n                jQuery('.is-play').click(function() {\n                    jQuery(this).parents().addClass('is-hidden');\n                    jQuery('#video1')[0].src += '&autoplay=1';\n                });\n            });\n\n        <\/script> -->\n\n\n        <script>\n\n            document.addEventListener(\"DOMContentLoaded\", function() {\n\n                \/\/ Initialize all .youtube-video blocks with thumbnails\n                document.querySelectorAll(\".youtube-video\").forEach(function(el) {\n                    let videoId = el.dataset.id;\n                });\n\n                \/\/ Play video on button click\n                document.addEventListener(\"click\", function(e) {\n                    if (e.target.classList.contains(\"is-play\")) {\n                        let yt = e.target.closest(\".youtube-video\");\n                        if (yt && yt.dataset.id) {\n                            let iframe = document.createElement(\"iframe\");\n                            iframe.setAttribute(\"src\", \"https:\/\/www.youtube.com\/embed\/\" + yt.dataset.id + \"?autoplay=1&rel=0\");\n                            iframe.setAttribute(\"frameborder\", \"0\");\n                            iframe.setAttribute(\"allowfullscreen\", \"1\");\n                            iframe.setAttribute(\"allow\", \"autoplay; encrypted-media\");\n                            yt.innerHTML = \"\"; \/\/ clear button + background\n                            yt.appendChild(iframe);\n                        }\n                    }\n                });\n\n            });\n\n        <\/script>\n\n\n\n\n\n\n\t<div class=\"jt-text-blocks\">\n\t\t<div class=\"born-container is-default\">\n\n\t\t\t<div class=\"items-grid\">\n\n\t\t\t\t\n\t\t\t\t\t<div class=\"item\">\n\t\t\t\t\t\t<div class=\"heading\">\n\t\t\t\t\t\t\t<h2>Printing, binding and post-processing<\/h2>\n\t\t\t\t\t\t<\/div>\n\t\t\t\t\t\t<div class=\"desc\">\n\t\t\t\t\t\t\t<p>We perform top-quality printing on offset and digital presses, producing over 35 different <a href=\"https:\/\/jt.lv\/en\/book-production\/\" target=\"_blank\" rel=\"noopener\">types of bindings<\/a> and offering countless <a href=\"https:\/\/jt.lv\/en\/book-production\/\" target=\"_blank\" rel=\"noopener\">post-processing options<\/a>.<\/p>\n\t\t\t\t\t\t<\/div>\n\t\t\t\t\t\t\t\t\t\t\t<\/div>\n\n\t\t\t\t\n\t\t\t\t\t<div class=\"item\">\n\t\t\t\t\t\t<div class=\"heading\">\n\t\t\t\t\t\t\t<h2>Experience and the very latest equipment<\/h2>\n\t\t\t\t\t\t<\/div>\n\t\t\t\t\t\t<div class=\"desc\">\n\t\t\t\t\t\t\t<p>Thanks to over 25 years of experience combined with economic <a href=\"https:\/\/jt.lv\/en\/production-equipment\/\" target=\"_blank\" rel=\"noopener\">equipment<\/a>, we can ensure high quality not only for standard orders, but also for technically and artistically challenging book projects.<\/p>\n\t\t\t\t\t\t<\/div>\n\t\t\t\t\t\t\t\t\t\t\t<\/div>\n\n\t\t\t\t\n\t\t\t\t\t<div class=\"item\">\n\t\t\t\t\t\t<div class=\"heading\">\n\t\t\t\t\t\t\t<h2>Individual approach and solutions<\/h2>\n\t\t\t\t\t\t<\/div>\n\t\t\t\t\t\t<div class=\"desc\">\n\t\t\t\t\t\t\t<p>Our experienced <a href=\"https:\/\/jt.lv\/en\/contacts\/\" target=\"_blank\" rel=\"noopener\">sales and project managers<\/a> will offer you advice on the choice of materials and their properties, as well as recommend the most appropriate technological solutions for a flawless end result.<\/p>\n\t\t\t\t\t\t<\/div>\n\t\t\t\t\t\t\t\t\t\t\t<\/div>\n\n\t\t\t\t\n\t\t\t<\/div>\n\n\t\t<\/div>\n\t<\/div>\n\n\n\n\n\n\n\n\t<div class=\"jt-promo-cta has-bg-image\" style=\"background-image: url(https:\/\/jt.lv\/wp-content\/uploads\/2026\/02\/JT-spring-book-fairs-banner-1536x300.jpg);\">\n\t\t<div class=\"born-container is-default\">\n\t\t\t<div class=\"inner\">\n\t\t\t\t<div class=\"text\">\n\t\t\t\t\tMeet us at book fairs this spring\t\t\t\t<\/div>\n\t\t\t\t\t\t\t\t<div class=\"cta\">\n\t\t\t\t\t<a href=\"https:\/\/jt.lv\/en\/book-fairs-spring-2026\/\" target=\"_blank\" title=\"See the schedule\" class=\"jt-button-1 has-radius-right\">See the schedule<\/a>\n\t\t\t\t<\/div>\n\t\t\t\t\t\t\t<\/div>\n\t\t<\/div>\n\t<\/div>\n\n\n\n\n\n\n\t<div class=\"jt-clients\">\n\t\t<div class=\"born-container is-default\">\n\t\t\t<div class=\"inner\">\n\t\t\t\t<div class=\"heading\">\n\t\t\t\t\t<h2>Our customers<\/h2>\n\t\t\t\t\t\t\t\t\t\t<div class=\"desc\">\n\t\t\t\t\t\t<p>Over the course of our history, we have acquired a range of customers, with whom we have established long-lasting and enduring relationships.<\/p>\n\t\t\t\t\t<\/div>\n\t\t\t\t\t\t\t\t\t<\/div>\n\t\t\t\t\t\t\t\t<div class=\"content\">\n\t\t\t\t\t<ul class=\"born-reset\">\n\t\t\t\t\t\t\t\t\t\t\t\t<li>Publishing houses<\/li>\n\t\t\t\t\t\t\t\t\t\t\t\t<li>Publishing house associations<\/li>\n\t\t\t\t\t\t\t\t\t\t\t\t<li>Governmental and municipal bodies<\/li>\n\t\t\t\t\t\t\t\t\t\t\t\t<li>Non-Governmental organisations<\/li>\n\t\t\t\t\t\t\t\t\t\t\t\t<li>Societies and foundations<\/li>\n\t\t\t\t\t\t\t\t\t\t\t\t<li>Museums<\/li>\n\t\t\t\t\t\t\t\t\t\t\t\t<li>Companies in various industries<\/li>\n\t\t\t\t\t\t\t\t\t\t\t\t<li>Authors<\/li>\n\t\t\t\t\t\t\t\t\t\t\t\t<li>Agents<\/li>\n\t\t\t\t\t\t\t\t\t\t\t<\/ul>\n\t\t\t\t<\/div>\n\t\t\t\t\t\t\t\t\t\t\t<\/div>\n\t\t<\/div>\n\t<\/div>\n\n\n\n\n\n\n\n\n\n\t<div class=\"jt-portfolio\">\n\t\t<div class=\"born-container is-default\">\n\t\t\t<div class=\"inner\">\n\n\t\t\t\t\t\t\t\t<h2>Produced by us<\/h2>\n\t\t\t\t\n\t\t\t\t<div class=\"scroll-wrapper\">\n\n\t\t\t\t\t<div class=\"items-grid\">\n\n\t\t\t\t\t\t\n                        \n\t\t\t\t\t\t<div class=\"item\" data-href=\"https:\/\/jt.lv\/en\/portfolioen\/hardcover\/the-brask-collection\/\">\n\t\t\t\t\t\t\t<div class=\"image\">\n\t\t\t\t\t\t\t\t<img decoding=\"async\" class=\"lazy\" src=\"https:\/\/jt.lv\/wp-content\/themes\/jelgavastipografija\/assets\/img\/portfolio-grid-placeholder-1.gif\" data-src=\"https:\/\/jt.lv\/wp-content\/uploads\/2023\/09\/JT_The_Brask_Collection_Jens-Peter_Brask_Christian_Langballe_03-440x440.jpg\" data-srcset=\"https:\/\/jt.lv\/wp-content\/uploads\/2023\/09\/JT_The_Brask_Collection_Jens-Peter_Brask_Christian_Langballe_03-440x440.jpg 1x, https:\/\/jt.lv\/wp-content\/uploads\/2023\/09\/JT_The_Brask_Collection_Jens-Peter_Brask_Christian_Langballe_03-880x880.jpg?v=2 2x\" alt=\"The Brask Collection\">\n\t\t\t\t\t\t\t<\/div>\n\t\t\t\t\t\t\t<div class=\"title\">\n\t\t\t\t\t\t\t\t<div class=\"heading\">Hardcover with flat spine, protecting varnish and foil blocking on cover, colored book-block edges.<\/div>\n\t\t\t\t\t\t\t<\/div>\n\t\t\t\t\t\t<\/div>\n\n\t\t\t\t\t\t\n                        \n\t\t\t\t\t\t<div class=\"item\" data-href=\"https:\/\/jt.lv\/en\/portfolioen\/hardcover\/glamour-pukuloistoa-valkokankaalla\/\">\n\t\t\t\t\t\t\t<div class=\"image\">\n\t\t\t\t\t\t\t\t<img decoding=\"async\" class=\"lazy\" src=\"https:\/\/jt.lv\/wp-content\/themes\/jelgavastipografija\/assets\/img\/portfolio-grid-placeholder-1.gif\" data-src=\"https:\/\/jt.lv\/wp-content\/uploads\/2023\/09\/JT_Glamour_hardcover_5-440x440.jpg\" data-srcset=\"https:\/\/jt.lv\/wp-content\/uploads\/2023\/09\/JT_Glamour_hardcover_5-440x440.jpg 1x, https:\/\/jt.lv\/wp-content\/uploads\/2023\/09\/JT_Glamour_hardcover_5-880x880.jpg?v=2 2x\" alt=\"Glamour: Pukuloistoa valkokankaalla\">\n\t\t\t\t\t\t\t<\/div>\n\t\t\t\t\t\t\t<div class=\"title\">\n\t\t\t\t\t\t\t\t<div class=\"heading\">Hardcover, straight spine, silver gloss lamination, UV 4-colour printing, silk screen printing.<\/div>\n\t\t\t\t\t\t\t<\/div>\n\t\t\t\t\t\t<\/div>\n\n\t\t\t\t\t\t\n                        \n\t\t\t\t\t\t<div class=\"item\" data-href=\"https:\/\/jt.lv\/en\/portfolioen\/softcover\/corporate-hacker\/\">\n\t\t\t\t\t\t\t<div class=\"image\">\n\t\t\t\t\t\t\t\t<img decoding=\"async\" class=\"lazy\" src=\"https:\/\/jt.lv\/wp-content\/themes\/jelgavastipografija\/assets\/img\/portfolio-grid-placeholder-1.gif\" data-src=\"https:\/\/jt.lv\/wp-content\/uploads\/2023\/09\/JT_corporate-hacker_softcover_3-440x440.jpg\" data-srcset=\"https:\/\/jt.lv\/wp-content\/uploads\/2023\/09\/JT_corporate-hacker_softcover_3-440x440.jpg 1x, https:\/\/jt.lv\/wp-content\/uploads\/2023\/09\/JT_corporate-hacker_softcover_3-880x880.jpg?v=2 2x\" alt=\"Corporate hacker\">\n\t\t\t\t\t\t\t<\/div>\n\t\t\t\t\t\t\t<div class=\"title\">\n\t\t\t\t\t\t\t\t<div class=\"heading\">Softcover with flaps, embossing, black coloured book block edges.<\/div>\n\t\t\t\t\t\t\t<\/div>\n\t\t\t\t\t\t<\/div>\n\n\t\t\t\t\t\t\n                        \n\t\t\t\t\t\t<div class=\"item\" data-href=\"https:\/\/jt.lv\/en\/portfolioen\/hardcover\/stories-in-sounds\/\">\n\t\t\t\t\t\t\t<div class=\"image\">\n\t\t\t\t\t\t\t\t<img decoding=\"async\" class=\"lazy\" src=\"https:\/\/jt.lv\/wp-content\/themes\/jelgavastipografija\/assets\/img\/portfolio-grid-placeholder-1.gif\" data-src=\"https:\/\/jt.lv\/wp-content\/uploads\/2023\/09\/JT_JVLMA-100-stories-in-sounds_hardcover_3-440x440.jpg\" data-srcset=\"https:\/\/jt.lv\/wp-content\/uploads\/2023\/09\/JT_JVLMA-100-stories-in-sounds_hardcover_3-440x440.jpg 1x, https:\/\/jt.lv\/wp-content\/uploads\/2023\/09\/JT_JVLMA-100-stories-in-sounds_hardcover_3-880x880.jpg?v=2 2x\" alt=\"Stories in Sounds. 100 years of the J\u0101zeps V\u012btols Latvian Academy of Music.\">\n\t\t\t\t\t\t\t<\/div>\n\t\t\t\t\t\t\t<div class=\"title\">\n\t\t\t\t\t\t\t\t<div class=\"heading\">Hardcover, blind embossing, 8 sheets glued between pages, 1 colour offset printing.<\/div>\n\t\t\t\t\t\t\t<\/div>\n\t\t\t\t\t\t<\/div>\n\n\t\t\t\t\t\t\n                        \n\t\t\t\t\t\t<div class=\"item\" data-href=\"https:\/\/jt.lv\/en\/portfolioen\/hybrid-bindings\/blodbilder\/\">\n\t\t\t\t\t\t\t<div class=\"image\">\n\t\t\t\t\t\t\t\t<img decoding=\"async\" class=\"lazy\" src=\"https:\/\/jt.lv\/wp-content\/themes\/jelgavastipografija\/assets\/img\/portfolio-grid-placeholder-1.gif\" data-src=\"https:\/\/jt.lv\/wp-content\/uploads\/2023\/09\/JT_blodbilder_softcover_2-440x440.jpg\" data-srcset=\"https:\/\/jt.lv\/wp-content\/uploads\/2023\/09\/JT_blodbilder_softcover_2-440x440.jpg 1x, https:\/\/jt.lv\/wp-content\/uploads\/2023\/09\/JT_blodbilder_softcover_2-880x880.jpg?v=2 2x\" alt=\"Blodbilder\">\n\t\t\t\t\t\t\t<\/div>\n\t\t\t\t\t\t\t<div class=\"title\">\n\t\t\t\t\t\t\t\t<div class=\"heading\">Softcover with open spine, foil stamping, high-quality deep black printing.<\/div>\n\t\t\t\t\t\t\t<\/div>\n\t\t\t\t\t\t<\/div>\n\n\t\t\t\t\t\t\n                        \n\t\t\t\t\t\t<div class=\"item\" data-href=\"https:\/\/jt.lv\/en\/portfolioen\/hardcover\/brim-hvit-syn\/\">\n\t\t\t\t\t\t\t<div class=\"image\">\n\t\t\t\t\t\t\t\t<img decoding=\"async\" class=\"lazy\" src=\"https:\/\/jt.lv\/wp-content\/themes\/jelgavastipografija\/assets\/img\/portfolio-grid-placeholder-1.gif\" data-src=\"https:\/\/jt.lv\/wp-content\/uploads\/2023\/09\/JT-Brim-Hvit-Syn-Jona-Hlif-Halldorsdottir-07-440x440.jpg\" data-srcset=\"https:\/\/jt.lv\/wp-content\/uploads\/2023\/09\/JT-Brim-Hvit-Syn-Jona-Hlif-Halldorsdottir-07-440x440.jpg 1x, https:\/\/jt.lv\/wp-content\/uploads\/2023\/09\/JT-Brim-Hvit-Syn-Jona-Hlif-Halldorsdottir-07-880x880.jpg?v=2 2x\" alt=\"Brim Hv\u00edt S\u00fdn\">\n\t\t\t\t\t\t\t<\/div>\n\t\t\t\t\t\t\t<div class=\"title\">\n\t\t\t\t\t\t\t\t<div class=\"heading\">Hardcover with flat spine, fabric cover printed in offset technology, foil blocking on cover, belly-band with laser die-cut.<\/div>\n\t\t\t\t\t\t\t<\/div>\n\t\t\t\t\t\t<\/div>\n\n\t\t\t\t\t\t\n\t\t\t\t\t<\/div>\n\n\t\t\t\t<\/div>\n\n\t\t\t\t<div class=\"cta\">\n\t\t\t\t\t<a href=\"https:\/\/jt.lv\/en\/\/portfolioen\" class=\"jt-button-1 has-radius-right\">Discover more<\/a>\n\t\t\t\t<\/div>\n\n\t\t\t<\/div>\n\t\t<\/div>\n\t<\/div>\n\n    <script>\n\n        jQuery(window).on('load', function() {\n\n\n            var isDragging = false;\n\n            jQuery('.jt-portfolio .item').mousedown(function() {\n                jQuery(window).mousemove(function() {\n                    isDragging = true;\n                    jQuery(window).unbind('mousemove');\n                    \/\/ console.log('UNBIND MOUSEMOVE');\n                });\n            }).mouseup(function() {\n                var wasDragging = isDragging;\n                isDragging = false;\n                jQuery(window).unbind('mousemove');\n                \/\/ console.log('UNBIND MOUSEMOVE');\n                if (!wasDragging) {\n\n                    \/\/ Get link from data attribute\n\n                    \/\/  jQuery('.born-intro-dragger .dragger-card:not(.is-title)').each(function() {\n                    var card = jQuery(this);\n                    if (card.is('[data-href]')) {\n                        thisdata = jQuery(card).attr('data-href');\n                        window.location.href = thisdata;\n                    }\n                    \/\/  });\n\n                }\n            });\n\n        });\n\n\n    <\/script>\n\n\n\n\n\n\n\t<div class=\"jt-promo-cta has-bg-image\" style=\"background-image: url(https:\/\/jt.lv\/wp-content\/uploads\/2025\/06\/jelgavas-tipografija-gramatu-razosana-digitala-druka.jpg);\">\n\t\t<div class=\"born-container is-default\">\n\t\t\t<div class=\"inner\">\n\t\t\t\t<div class=\"text\">\n\t\t\t\t\tNow also digital print!\t\t\t\t<\/div>\n\t\t\t\t\t\t\t\t<div class=\"cta\">\n\t\t\t\t\t<a href=\"https:\/\/jt.lv\/en\/digital-printing\/\" target=\"_blank\" title=\"Find out more\" class=\"jt-button-1 has-radius-right\">Find out more<\/a>\n\t\t\t\t<\/div>\n\t\t\t\t\t\t\t<\/div>\n\t\t<\/div>\n\t<\/div>\n\n\n","protected":false},"excerpt":{"rendered":"","protected":false},"author":1,"featured_media":0,"parent":0,"menu_order":7,"comment_status":"closed","ping_status":"closed","template":"","meta":{"_acf_changed":false,"inline_featured_image":false,"footnotes":""},"class_list":["post-4777","page","type-page","status-publish","hentry"],"acf":[],"yoast_head":"<!-- This site is optimized with the Yoast SEO plugin v27.1.1 - https:\/\/yoast.com\/product\/yoast-seo-wordpress\/ -->\n<title>Book printing and binding - Jelgavas tipogr\u0101fija<\/title>\n<meta name=\"description\" content=\"Book production in Latvia, Northern Europe. Offset and digital printing, book binding, finishing, and delivery across Europe.\" \/>\n<meta name=\"robots\" content=\"index, follow, max-snippet:-1, max-image-preview:large, max-video-preview:-1\" \/>\n<link rel=\"canonical\" href=\"https:\/\/jt.lv\/en\/\" \/>\n<meta property=\"og:locale\" content=\"en_US\" \/>\n<meta property=\"og:type\" content=\"article\" \/>\n<meta property=\"og:title\" content=\"Book printing and binding - Jelgavas tipogr\u0101fija\" \/>\n<meta property=\"og:description\" content=\"Book production in Latvia, Northern Europe. Offset and digital printing, book binding, finishing, and delivery across Europe.\" \/>\n<meta property=\"og:url\" content=\"https:\/\/jt.lv\/en\/\" \/>\n<meta property=\"og:site_name\" content=\"Jelgavas tipogr\u0101fija\" \/>\n<meta property=\"article:modified_time\" content=\"2026-02-24T08:36:23+00:00\" \/>\n<meta property=\"og:image\" content=\"https:\/\/jt.lv\/wp-content\/uploads\/2025\/06\/site-image.png\" \/>\n\t<meta property=\"og:image:width\" content=\"1200\" \/>\n\t<meta property=\"og:image:height\" content=\"675\" \/>\n\t<meta property=\"og:image:type\" content=\"image\/png\" \/>\n<meta name=\"twitter:card\" content=\"summary_large_image\" \/>\n<script type=\"application\/ld+json\" class=\"yoast-schema-graph\">{\"@context\":\"https:\/\/schema.org\",\"@graph\":[{\"@type\":\"WebPage\",\"@id\":\"https:\/\/jt.lv\/en\/\",\"url\":\"https:\/\/jt.lv\/en\/\",\"name\":\"Book printing and binding - Jelgavas tipogr\u0101fija\",\"isPartOf\":{\"@id\":\"http:\/\/jt.lv\/en\/#website\"},\"datePublished\":\"2023-07-26T04:36:44+00:00\",\"dateModified\":\"2026-02-24T08:36:23+00:00\",\"description\":\"Book production in Latvia, Northern Europe. Offset and digital printing, book binding, finishing, and delivery across Europe.\",\"breadcrumb\":{\"@id\":\"https:\/\/jt.lv\/en\/#breadcrumb\"},\"inLanguage\":\"en-US\",\"potentialAction\":[{\"@type\":\"ReadAction\",\"target\":[\"https:\/\/jt.lv\/en\/\"]}]},{\"@type\":\"BreadcrumbList\",\"@id\":\"https:\/\/jt.lv\/en\/#breadcrumb\",\"itemListElement\":[{\"@type\":\"ListItem\",\"position\":1,\"name\":\"Home\",\"item\":\"https:\/\/jt.lv\/en\/\"},{\"@type\":\"ListItem\",\"position\":2,\"name\":\"Home\"}]},{\"@type\":\"WebSite\",\"@id\":\"http:\/\/jt.lv\/en\/#website\",\"url\":\"http:\/\/jt.lv\/en\/\",\"name\":\"Jelgavas tipogr\u0101fija\",\"description\":\"M\u0113s ra\u017eojam gr\u0101matas.\",\"publisher\":{\"@id\":\"http:\/\/jt.lv\/en\/#organization\"},\"potentialAction\":[{\"@type\":\"SearchAction\",\"target\":{\"@type\":\"EntryPoint\",\"urlTemplate\":\"http:\/\/jt.lv\/en\/?s={search_term_string}\"},\"query-input\":{\"@type\":\"PropertyValueSpecification\",\"valueRequired\":true,\"valueName\":\"search_term_string\"}}],\"inLanguage\":\"en-US\"},{\"@type\":\"Organization\",\"@id\":\"http:\/\/jt.lv\/en\/#organization\",\"name\":\"Jelgavas tipogr\u0101fija\",\"url\":\"http:\/\/jt.lv\/en\/\",\"logo\":{\"@type\":\"ImageObject\",\"inLanguage\":\"en-US\",\"@id\":\"http:\/\/jt.lv\/en\/#\/schema\/logo\/image\/\",\"url\":\"https:\/\/jt.lv\/wp-content\/uploads\/2025\/06\/jt-logo.png\",\"contentUrl\":\"https:\/\/jt.lv\/wp-content\/uploads\/2025\/06\/jt-logo.png\",\"width\":696,\"height\":696,\"caption\":\"Jelgavas tipogr\u0101fija\"},\"image\":{\"@id\":\"http:\/\/jt.lv\/en\/#\/schema\/logo\/image\/\"}}]}<\/script>\n<!-- \/ Yoast SEO plugin. -->","yoast_head_json":{"title":"Book printing and binding - Jelgavas tipogr\u0101fija","description":"Book production in Latvia, Northern Europe. Offset and digital printing, book binding, finishing, and delivery across Europe.","robots":{"index":"index","follow":"follow","max-snippet":"max-snippet:-1","max-image-preview":"max-image-preview:large","max-video-preview":"max-video-preview:-1"},"canonical":"https:\/\/jt.lv\/en\/","og_locale":"en_US","og_type":"article","og_title":"Book printing and binding - Jelgavas tipogr\u0101fija","og_description":"Book production in Latvia, Northern Europe. Offset and digital printing, book binding, finishing, and delivery across Europe.","og_url":"https:\/\/jt.lv\/en\/","og_site_name":"Jelgavas tipogr\u0101fija","article_modified_time":"2026-02-24T08:36:23+00:00","og_image":[{"width":1200,"height":675,"url":"https:\/\/jt.lv\/wp-content\/uploads\/2025\/06\/site-image.png","type":"image\/png"}],"twitter_card":"summary_large_image","schema":{"@context":"https:\/\/schema.org","@graph":[{"@type":"WebPage","@id":"https:\/\/jt.lv\/en\/","url":"https:\/\/jt.lv\/en\/","name":"Book printing and binding - Jelgavas tipogr\u0101fija","isPartOf":{"@id":"http:\/\/jt.lv\/en\/#website"},"datePublished":"2023-07-26T04:36:44+00:00","dateModified":"2026-02-24T08:36:23+00:00","description":"Book production in Latvia, Northern Europe. Offset and digital printing, book binding, finishing, and delivery across Europe.","breadcrumb":{"@id":"https:\/\/jt.lv\/en\/#breadcrumb"},"inLanguage":"en-US","potentialAction":[{"@type":"ReadAction","target":["https:\/\/jt.lv\/en\/"]}]},{"@type":"BreadcrumbList","@id":"https:\/\/jt.lv\/en\/#breadcrumb","itemListElement":[{"@type":"ListItem","position":1,"name":"Home","item":"https:\/\/jt.lv\/en\/"},{"@type":"ListItem","position":2,"name":"Home"}]},{"@type":"WebSite","@id":"http:\/\/jt.lv\/en\/#website","url":"http:\/\/jt.lv\/en\/","name":"Jelgavas tipogr\u0101fija","description":"M\u0113s ra\u017eojam gr\u0101matas.","publisher":{"@id":"http:\/\/jt.lv\/en\/#organization"},"potentialAction":[{"@type":"SearchAction","target":{"@type":"EntryPoint","urlTemplate":"http:\/\/jt.lv\/en\/?s={search_term_string}"},"query-input":{"@type":"PropertyValueSpecification","valueRequired":true,"valueName":"search_term_string"}}],"inLanguage":"en-US"},{"@type":"Organization","@id":"http:\/\/jt.lv\/en\/#organization","name":"Jelgavas tipogr\u0101fija","url":"http:\/\/jt.lv\/en\/","logo":{"@type":"ImageObject","inLanguage":"en-US","@id":"http:\/\/jt.lv\/en\/#\/schema\/logo\/image\/","url":"https:\/\/jt.lv\/wp-content\/uploads\/2025\/06\/jt-logo.png","contentUrl":"https:\/\/jt.lv\/wp-content\/uploads\/2025\/06\/jt-logo.png","width":696,"height":696,"caption":"Jelgavas tipogr\u0101fija"},"image":{"@id":"http:\/\/jt.lv\/en\/#\/schema\/logo\/image\/"}}]}},"_links":{"self":[{"href":"https:\/\/jt.lv\/en\/wp-json\/wp\/v2\/pages\/4777","targetHints":{"allow":["GET"]}}],"collection":[{"href":"https:\/\/jt.lv\/en\/wp-json\/wp\/v2\/pages"}],"about":[{"href":"https:\/\/jt.lv\/en\/wp-json\/wp\/v2\/types\/page"}],"author":[{"embeddable":true,"href":"https:\/\/jt.lv\/en\/wp-json\/wp\/v2\/users\/1"}],"replies":[{"embeddable":true,"href":"https:\/\/jt.lv\/en\/wp-json\/wp\/v2\/comments?post=4777"}],"version-history":[{"count":31,"href":"https:\/\/jt.lv\/en\/wp-json\/wp\/v2\/pages\/4777\/revisions"}],"predecessor-version":[{"id":9611,"href":"https:\/\/jt.lv\/en\/wp-json\/wp\/v2\/pages\/4777\/revisions\/9611"}],"wp:attachment":[{"href":"https:\/\/jt.lv\/en\/wp-json\/wp\/v2\/media?parent=4777"}],"curies":[{"name":"wp","href":"https:\/\/api.w.org\/{rel}","templated":true}]}}