{"id":7440,"date":"2023-09-19T08:10:16","date_gmt":"2023-09-19T06:10:16","guid":{"rendered":"https:\/\/jt.lv\/uber-uns\/delivery\/"},"modified":"2025-06-18T14:47:42","modified_gmt":"2025-06-18T12:47:42","slug":"lieferbedingungen","status":"publish","type":"page","link":"https:\/\/jt.lv\/de\/uber-uns\/lieferbedingungen\/","title":{"rendered":"Lieferbedingungen"},"content":{"rendered":"\n<h2 class=\"wp-block-heading\">Lieferservice von A\u2013Z<\/h2>\n\n\n\n<p><strong><strong>Beratung<\/strong><br><\/strong>Sobald wir Ihre Bestellung erhalten, stellen wir Ihnen die Fragen und empfehlen die am besten geeigneten L\u00f6sungen f\u00fcr die Verpackung und Transportart.<\/p>\n\n\n\n<p><strong><strong><strong>Verpackung und Kennzeichnung<\/strong><\/strong><\/strong><br>Wir packen und kennzeichnen die fertige Produktion entsprechend den Produktabmessungen und -eigenschaften sowie den Transport- und Lieferanforderungen.<\/p>\n\n\n\n<p><strong><strong><strong>Transportgew\u00e4hrleistung<\/strong><\/strong><br><\/strong>Wir stellen den f\u00fcr Ihre Bestellung geeigneten Transport zur Verf\u00fcgung, um die Ware an die angegebene Adresse anzuliefern.<\/p>\n\n\n\n<p><strong><strong><strong>Vorbereitung der Lieferpapiere<\/strong><\/strong><br><\/strong>Wir bereiten s\u00e4mtliche Lieferpapiere f\u00fcr den Versand der Ware entsprechend vor.<\/p>\n\n\n\n<p><strong><strong><strong><strong>Buchlieferung<\/strong><\/strong><\/strong><br><\/strong>Wir liefern Ihre Bestellung w\u00e4hrend der Gesch\u00e4ftszeiten an die angegebene Adresse.<\/p>\n\n\n\n<h2 class=\"wp-block-heading\">Verpackung<\/h2>\n\n\n\n<p>Wir verpacken die Fertigprodukte, die an den Export-Kunden zugestellt sein werden, in Kartons, die auf den Paletten abgesetzt werden. Sofern die Produkteigenschaften es zulassen, k\u00f6nnen die Fertigprodukte direkt auf Paletten platziert werden. Diese Verpackungsart spart Material, Zeit und erzeugt weniger Abfall.<\/p>\n\n\n\n<p><strong><strong><strong>Kartons<\/strong><\/strong><\/strong><br>Die B\u00fccher werden in produktionsgerechten Kartons unterschiedlicher Gr\u00f6\u00dfe mit einem Maximalgewicht von bis zu 8 kg verpackt. Das Etikett auf jedem Karton enth\u00e4lt folgende Information:<\/p>\n\n\n\n<ul class=\"wp-block-list\">\n<li>Kunde;<\/li>\n\n\n\n<li>Publikationstitel;<\/li>\n\n\n\n<li>ISBN-Nummer;<\/li>\n\n\n\n<li>Anzahl der B\u00fccher per Karton.<\/li>\n<\/ul>\n\n\n\n<p><strong><strong><strong>Paletten<\/strong><\/strong><\/strong><br>Verpackte oder unverpackte Produkte werden auf zertifizierten Euro-Paletten (auch als EPAL bekannt) verpackt. Paletten-Gr\u00f6\u00dfe: 120 x 80 cm oder 120 x 100 cm (finnische Paletten). Maximale zul\u00e4ssige Paletten-H\u00f6he ist 140 cm; maximal zul\u00e4ssiges Bruttogewicht: 740 kg. Jede Palette hat ein Etikett mit folgender Information:<\/p>\n\n\n\n<ul class=\"wp-block-list\">\n<li>Palette-Nummer;<\/li>\n\n\n\n<li>Kunde;<\/li>\n\n\n\n<li>Empf\u00e4nger;<\/li>\n\n\n\n<li>Empf\u00e4nger-Adresse;<\/li>\n\n\n\n<li>Publikationstitel;<\/li>\n\n\n\n<li>ISBN-Nummer;<\/li>\n\n\n\n<li>Gesamtmenge auf der Palette;<\/li>\n\n\n\n<li>Anzahl der Kartons auf der Palette;<\/li>\n\n\n\n<li>Anzahl per Verpackung;<\/li>\n\n\n\n<li>netto und brutto Gewicht;<\/li>\n\n\n\n<li>Versanddatum.<\/li>\n<\/ul>\n\n\n\n<p><strong><strong><strong>Nicht-Standard-L\u00f6sungen<\/strong><\/strong><\/strong><br>Auf Kundenwunsch bieten wir, soweit es m\u00f6glich ist, auch andere Verpackungsarten, Paletten in Sondergr\u00f6\u00dfen entsprechend den Besonderheiten der Lager des Kunden sowie eine spezielle Kennzeichnung der Verpackungseinheiten an.<\/p>\n\n\n\n<h2 class=\"wp-block-heading\">Liefertransport von Fertigprodukten<\/h2>\n\n\n\n<p><strong><strong><strong>Lastkraftwagen mit Hebeb\u00fchne:<\/strong><\/strong><\/strong><\/p>\n\n\n\n<ul class=\"wp-block-list\">\n<li>Maximale Beladung: 12-15 EPAL;<\/li>\n\n\n\n<li>Gesamtbruttogewicht: bis zu 7.5 T;<\/li>\n\n\n\n<li>kann an alle Adressen bis vor die Haust\u00fcr anfahren.<\/li>\n<\/ul>\n\n\n\n<p><strong><strong><strong>Planen-LKW oder LKW mit einem Planen-Auflieger:<\/strong><\/strong><\/strong><\/p>\n\n\n\n<ul class=\"wp-block-list\">\n<li>Maximale Beladung: max 33 EPAL;<\/li>\n\n\n\n<li>Gesamtl\u00e4nge: bis zu 18 m;<\/li>\n\n\n\n<li>Tragf\u00e4higkeit: bis zu 24 T;<\/li>\n\n\n\n<li>haupts\u00e4chlich f\u00fcr Lieferungen an gro\u00dfe Lagerh\u00e4user oder Vertriebszentren.<\/li>\n<\/ul>\n\n\n\n<p>Wir liefern die Fertigprodukte auch <strong>per Luft- und See-Transport<\/strong> an.<\/p>\n\n\n\n<h2 class=\"wp-block-heading\">Lieferzeiten<\/h2>\n\n\n\n<p><strong><strong><strong>Zustellung der Muster<\/strong><\/strong><\/strong><\/p>\n\n\n\n<p>Wir bieten dem Kunden die Lieferung von Test- und Probedruckbogen, Vorabexemplare von B\u00fcchern, Mustern verschiedener Materialien und Lieferscheinen per Paketdienst an und w\u00e4hlen dabei die schnellste Versandart aus. Die Musterlieferzeiten in Europa betragen max. 2 Werktage unabh\u00e4ngig von der Region, in entfernten Regionen wie die USA \u2013 3-5 Werktage.<\/p>\n\n\n\n<p><strong><strong><strong>Zustellung der Fertigprodukte<\/strong><\/strong><\/strong><\/p>\n\n\n\n<p>Wir bieten dem Kunden die Lieferung von Test- und Probedruckbogen, Vorabexemplare von B\u00fcchern, Mustern verschiedener Materialien und Lieferscheinen per Paketdienst an und w\u00e4hlen dabei die schnellste Versandart aus.<\/p>\n\n\n\n<p>Die Volumenladungen werden t\u00e4glich versendet \u2013 in diesem Fall werden die Kosten f\u00fcr den Kunden nicht nach der Anzahl der Palettenpl\u00e4tze, sondern nach deren Gewicht berechnet, was f\u00fcr Kunden mit kleinen, leichten Ladungen von Vorteil ist.<\/p>\n\n\n\n<figure class=\"wp-block-table\"><table class=\"has-fixed-layout\"><tbody><tr><td><strong><strong><strong>Land<\/strong><\/strong><\/strong><\/td><td><strong><strong><strong>Versandtag<\/strong><\/strong><\/strong><\/td><td><strong><strong><strong>Lieferzeit (Werktage)<\/strong><\/strong><\/strong><\/td><\/tr><tr><td><strong>Belgien<\/strong><\/td><td>t\u00e4glich<\/td><td>bis zu 6 Werktage<\/td><\/tr><tr><td><\/td><td>Freitag<\/td><td>bis zu 6 Werktage<br>(inkl. Beladungstag)<\/td><\/tr><tr><td><strong>D\u00e4nemark<\/strong><\/td><td>Dienstag, Freitag<\/td><td>bis zu 4 Werktage<\/td><\/tr><tr><td><strong>Deutschland<\/strong><\/td><td>t\u00e4glich<\/td><td>bis zu 5 Werktage<\/td><\/tr><tr><td><\/td><td>Freitag<\/td><td>bis zu 5 Werktage<br>(inkl. Beladungstag)<\/td><\/tr><tr><td><strong>Estland<\/strong><\/td><td>t\u00e4glich<\/td><td>1 Werktag<\/td><\/tr><tr><td><strong>Finnland<\/strong><\/td><td>t\u00e4glich<\/td><td>1-3 Werktage<\/td><\/tr><tr><td><strong>Frankreich<\/strong><\/td><td>t\u00e4glich<\/td><td>7-8 Werktage<\/td><\/tr><tr><td><\/td><td>Freitag<\/td><td>bis zu 6 Werktage<br>(inkl. Beladungstag)<\/td><\/tr><tr><td><\/td><td>Dienstag<\/td><td>7 Werktage bis zum Zielort <br>(Kolding, D\u00e4nemark \u2013 am Donnerstag)<\/td><\/tr><tr><td><strong>Litauen<\/strong><\/td><td>t\u00e4glich<\/td><td>1 Werktag<\/td><\/tr><tr><td><strong>Die Niederlande<\/strong><\/td><td>t\u00e4glich<\/td><td>bis zu 5 Werktage<\/td><\/tr><tr><td><\/td><td>Freitag<\/td><td>bis zu 5 Werktage<br>(inkl. Beladungstag)<\/td><\/tr><tr><td><strong>Norwegen<\/strong><\/td><td>Dienstag, Freitag<\/td><td>2-10 Werktage,<br>abh\u00e4ngig von der Region<\/td><\/tr><tr><td><strong>\u00d6sterreich<\/strong><\/td><td>t\u00e4glich<\/td><td>bis zu 6 Werktage<\/td><\/tr><tr><td><\/td><td>Freitag<\/td><td>bis zu 6 Werktage<br>(inkl. Beladungstag)<\/td><\/tr><tr><td><strong>Schweden<\/strong><\/td><td>dienstags und freitags<\/td><td>bis zu 4 Werktage<\/td><\/tr><tr><td><strong>Die Schweiz<\/strong><\/td><td>t\u00e4glich<\/td><td>bis zu 8 Werktage<\/td><\/tr><tr><td><\/td><td>Freitag<\/td><td>bis zu 6 Werktage<br>(inkl. Beladungstag)<\/td><\/tr><tr><td><strong>Vereinigte K\u00f6nigkriech<\/strong><\/td><td>Freitag<\/td><td>bis zu 6 Werktage<br>(inkl. Beladungstag)<\/td><\/tr><\/tbody><\/table><\/figure>\n\n\n\n<h2 class=\"wp-block-heading\">Verpflichtungen des Kunden<\/h2>\n\n\n\n<p>Bei der Auftragserteilung, sp\u00e4testens jedoch 5 Werktage vor dem voraussichtlichen Versandtermin der Bestellung, muss der Kunde folgende Informationen angeben: Lieferadresse(n) \u2013 Arbeitszeiten und Lieferoptionen (ob Transport mit oder ohne Hebeb\u00fchne erforderlich ist), Name und Telefonnummer der Kontaktperson f\u00fcr die Kommunikation.<\/p>\n\n\n\n\n\n\t<div class=\"jt-promo-cta has-bg-image\" style=\"background-image: url(https:\/\/jt.lv\/wp-content\/uploads\/2023\/09\/0209-JT_Sep2021_foto-Billijs-Locs-scaled.jpg);\">\n\t\t<div class=\"born-container is-default\">\n\t\t\t<div class=\"inner\">\n\t\t\t\t<div class=\"text\">\n\t\t\t\t\t\t\t\t\t<\/div>\n\t\t\t\t\t\t\t<\/div>\n\t\t<\/div>\n\t<\/div>\n\n\n","protected":false},"excerpt":{"rendered":"<p>Lieferservice von A\u2013Z BeratungSobald wir Ihre Bestellung erhalten, stellen wir Ihnen die Fragen und empfehlen die am besten geeigneten L\u00f6sungen f\u00fcr die Verpackung und Transportart. Verpackung und KennzeichnungWir packen und kennzeichnen die fertige Produktion entsprechend den Produktabmessungen und -eigenschaften sowie den Transport- und Lieferanforderungen. Transportgew\u00e4hrleistungWir stellen den f\u00fcr Ihre Bestellung geeigneten Transport zur Verf\u00fcgung, um [&hellip;]<\/p>\n","protected":false},"author":1,"featured_media":5069,"parent":5096,"menu_order":17,"comment_status":"closed","ping_status":"closed","template":"","meta":{"_acf_changed":false,"inline_featured_image":false,"footnotes":""},"class_list":["post-7440","page","type-page","status-publish","has-post-thumbnail","hentry"],"acf":[],"yoast_head":"<!-- This site is optimized with the Yoast SEO plugin v27.4 - https:\/\/yoast.com\/product\/yoast-seo-wordpress\/ -->\n<title>Lieferbedingungen - Jelgavas tipogr\u0101fija<\/title>\n<meta name=\"robots\" content=\"index, follow, max-snippet:-1, max-image-preview:large, max-video-preview:-1\" \/>\n<link rel=\"canonical\" href=\"https:\/\/jt.lv\/de\/uber-uns\/lieferbedingungen\/\" \/>\n<meta property=\"og:locale\" content=\"de_DE\" \/>\n<meta property=\"og:type\" content=\"article\" \/>\n<meta property=\"og:title\" content=\"Lieferbedingungen - Jelgavas tipogr\u0101fija\" \/>\n<meta property=\"og:description\" content=\"Lieferservice von A\u2013Z BeratungSobald wir Ihre Bestellung erhalten, stellen wir Ihnen die Fragen und empfehlen die am besten geeigneten L\u00f6sungen f\u00fcr die Verpackung und Transportart. Verpackung und KennzeichnungWir packen und kennzeichnen die fertige Produktion entsprechend den Produktabmessungen und -eigenschaften sowie den Transport- und Lieferanforderungen. Transportgew\u00e4hrleistungWir stellen den f\u00fcr Ihre Bestellung geeigneten Transport zur Verf\u00fcgung, um [&hellip;]\" \/>\n<meta property=\"og:url\" content=\"https:\/\/jt.lv\/de\/uber-uns\/lieferbedingungen\/\" \/>\n<meta property=\"og:site_name\" content=\"Jelgavas tipogr\u0101fija\" \/>\n<meta property=\"article:modified_time\" content=\"2025-06-18T12:47:42+00:00\" \/>\n<meta property=\"og:image\" content=\"https:\/\/jt.lv\/wp-content\/uploads\/2023\/08\/photo-14.jpg\" \/>\n\t<meta property=\"og:image:width\" content=\"1740\" \/>\n\t<meta property=\"og:image:height\" content=\"750\" \/>\n\t<meta property=\"og:image:type\" content=\"image\/jpeg\" \/>\n<meta name=\"twitter:card\" content=\"summary_large_image\" \/>\n<meta name=\"twitter:label1\" content=\"Est. reading time\" \/>\n\t<meta name=\"twitter:data1\" content=\"4 Minuten\" \/>\n<script type=\"application\/ld+json\" class=\"yoast-schema-graph\">{\"@context\":\"https:\\\/\\\/schema.org\",\"@graph\":[{\"@type\":\"WebPage\",\"@id\":\"https:\\\/\\\/jt.lv\\\/de\\\/uber-uns\\\/lieferbedingungen\\\/\",\"url\":\"https:\\\/\\\/jt.lv\\\/de\\\/uber-uns\\\/lieferbedingungen\\\/\",\"name\":\"Lieferbedingungen - Jelgavas tipogr\u0101fija\",\"isPartOf\":{\"@id\":\"http:\\\/\\\/jt.lv\\\/de\\\/#website\"},\"primaryImageOfPage\":{\"@id\":\"https:\\\/\\\/jt.lv\\\/de\\\/uber-uns\\\/lieferbedingungen\\\/#primaryimage\"},\"image\":{\"@id\":\"https:\\\/\\\/jt.lv\\\/de\\\/uber-uns\\\/lieferbedingungen\\\/#primaryimage\"},\"thumbnailUrl\":\"https:\\\/\\\/jt.lv\\\/wp-content\\\/uploads\\\/2023\\\/08\\\/photo-14.jpg\",\"datePublished\":\"2023-09-19T06:10:16+00:00\",\"dateModified\":\"2025-06-18T12:47:42+00:00\",\"breadcrumb\":{\"@id\":\"https:\\\/\\\/jt.lv\\\/de\\\/uber-uns\\\/lieferbedingungen\\\/#breadcrumb\"},\"inLanguage\":\"de-DE\",\"potentialAction\":[{\"@type\":\"ReadAction\",\"target\":[\"https:\\\/\\\/jt.lv\\\/de\\\/uber-uns\\\/lieferbedingungen\\\/\"]}]},{\"@type\":\"ImageObject\",\"inLanguage\":\"de-DE\",\"@id\":\"https:\\\/\\\/jt.lv\\\/de\\\/uber-uns\\\/lieferbedingungen\\\/#primaryimage\",\"url\":\"https:\\\/\\\/jt.lv\\\/wp-content\\\/uploads\\\/2023\\\/08\\\/photo-14.jpg\",\"contentUrl\":\"https:\\\/\\\/jt.lv\\\/wp-content\\\/uploads\\\/2023\\\/08\\\/photo-14.jpg\",\"width\":1740,\"height\":750},{\"@type\":\"BreadcrumbList\",\"@id\":\"https:\\\/\\\/jt.lv\\\/de\\\/uber-uns\\\/lieferbedingungen\\\/#breadcrumb\",\"itemListElement\":[{\"@type\":\"ListItem\",\"position\":1,\"name\":\"Home\",\"item\":\"https:\\\/\\\/jt.lv\\\/de\\\/\"},{\"@type\":\"ListItem\",\"position\":2,\"name\":\"\u00dcber uns\",\"item\":\"https:\\\/\\\/jt.lv\\\/de\\\/uber-uns\\\/\"},{\"@type\":\"ListItem\",\"position\":3,\"name\":\"Lieferbedingungen\"}]},{\"@type\":\"WebSite\",\"@id\":\"http:\\\/\\\/jt.lv\\\/de\\\/#website\",\"url\":\"http:\\\/\\\/jt.lv\\\/de\\\/\",\"name\":\"Jelgavas tipogr\u0101fija\",\"description\":\"M\u0113s ra\u017eojam gr\u0101matas.\",\"publisher\":{\"@id\":\"http:\\\/\\\/jt.lv\\\/de\\\/#organization\"},\"potentialAction\":[{\"@type\":\"SearchAction\",\"target\":{\"@type\":\"EntryPoint\",\"urlTemplate\":\"http:\\\/\\\/jt.lv\\\/de\\\/?s={search_term_string}\"},\"query-input\":{\"@type\":\"PropertyValueSpecification\",\"valueRequired\":true,\"valueName\":\"search_term_string\"}}],\"inLanguage\":\"de-DE\"},{\"@type\":\"Organization\",\"@id\":\"http:\\\/\\\/jt.lv\\\/de\\\/#organization\",\"name\":\"Jelgavas tipogr\u0101fija\",\"url\":\"http:\\\/\\\/jt.lv\\\/de\\\/\",\"logo\":{\"@type\":\"ImageObject\",\"inLanguage\":\"de-DE\",\"@id\":\"http:\\\/\\\/jt.lv\\\/de\\\/#\\\/schema\\\/logo\\\/image\\\/\",\"url\":\"https:\\\/\\\/jt.lv\\\/wp-content\\\/uploads\\\/2025\\\/06\\\/jt-logo.png\",\"contentUrl\":\"https:\\\/\\\/jt.lv\\\/wp-content\\\/uploads\\\/2025\\\/06\\\/jt-logo.png\",\"width\":696,\"height\":696,\"caption\":\"Jelgavas tipogr\u0101fija\"},\"image\":{\"@id\":\"http:\\\/\\\/jt.lv\\\/de\\\/#\\\/schema\\\/logo\\\/image\\\/\"}}]}<\/script>\n<!-- \/ Yoast SEO plugin. -->","yoast_head_json":{"title":"Lieferbedingungen - Jelgavas tipogr\u0101fija","robots":{"index":"index","follow":"follow","max-snippet":"max-snippet:-1","max-image-preview":"max-image-preview:large","max-video-preview":"max-video-preview:-1"},"canonical":"https:\/\/jt.lv\/de\/uber-uns\/lieferbedingungen\/","og_locale":"de_DE","og_type":"article","og_title":"Lieferbedingungen - Jelgavas tipogr\u0101fija","og_description":"Lieferservice von A\u2013Z BeratungSobald wir Ihre Bestellung erhalten, stellen wir Ihnen die Fragen und empfehlen die am besten geeigneten L\u00f6sungen f\u00fcr die Verpackung und Transportart. Verpackung und KennzeichnungWir packen und kennzeichnen die fertige Produktion entsprechend den Produktabmessungen und -eigenschaften sowie den Transport- und Lieferanforderungen. Transportgew\u00e4hrleistungWir stellen den f\u00fcr Ihre Bestellung geeigneten Transport zur Verf\u00fcgung, um [&hellip;]","og_url":"https:\/\/jt.lv\/de\/uber-uns\/lieferbedingungen\/","og_site_name":"Jelgavas tipogr\u0101fija","article_modified_time":"2025-06-18T12:47:42+00:00","og_image":[{"width":1740,"height":750,"url":"https:\/\/jt.lv\/wp-content\/uploads\/2023\/08\/photo-14.jpg","type":"image\/jpeg"}],"twitter_card":"summary_large_image","twitter_misc":{"Est. reading time":"4 Minuten"},"schema":{"@context":"https:\/\/schema.org","@graph":[{"@type":"WebPage","@id":"https:\/\/jt.lv\/de\/uber-uns\/lieferbedingungen\/","url":"https:\/\/jt.lv\/de\/uber-uns\/lieferbedingungen\/","name":"Lieferbedingungen - Jelgavas tipogr\u0101fija","isPartOf":{"@id":"http:\/\/jt.lv\/de\/#website"},"primaryImageOfPage":{"@id":"https:\/\/jt.lv\/de\/uber-uns\/lieferbedingungen\/#primaryimage"},"image":{"@id":"https:\/\/jt.lv\/de\/uber-uns\/lieferbedingungen\/#primaryimage"},"thumbnailUrl":"https:\/\/jt.lv\/wp-content\/uploads\/2023\/08\/photo-14.jpg","datePublished":"2023-09-19T06:10:16+00:00","dateModified":"2025-06-18T12:47:42+00:00","breadcrumb":{"@id":"https:\/\/jt.lv\/de\/uber-uns\/lieferbedingungen\/#breadcrumb"},"inLanguage":"de-DE","potentialAction":[{"@type":"ReadAction","target":["https:\/\/jt.lv\/de\/uber-uns\/lieferbedingungen\/"]}]},{"@type":"ImageObject","inLanguage":"de-DE","@id":"https:\/\/jt.lv\/de\/uber-uns\/lieferbedingungen\/#primaryimage","url":"https:\/\/jt.lv\/wp-content\/uploads\/2023\/08\/photo-14.jpg","contentUrl":"https:\/\/jt.lv\/wp-content\/uploads\/2023\/08\/photo-14.jpg","width":1740,"height":750},{"@type":"BreadcrumbList","@id":"https:\/\/jt.lv\/de\/uber-uns\/lieferbedingungen\/#breadcrumb","itemListElement":[{"@type":"ListItem","position":1,"name":"Home","item":"https:\/\/jt.lv\/de\/"},{"@type":"ListItem","position":2,"name":"\u00dcber uns","item":"https:\/\/jt.lv\/de\/uber-uns\/"},{"@type":"ListItem","position":3,"name":"Lieferbedingungen"}]},{"@type":"WebSite","@id":"http:\/\/jt.lv\/de\/#website","url":"http:\/\/jt.lv\/de\/","name":"Jelgavas tipogr\u0101fija","description":"M\u0113s ra\u017eojam gr\u0101matas.","publisher":{"@id":"http:\/\/jt.lv\/de\/#organization"},"potentialAction":[{"@type":"SearchAction","target":{"@type":"EntryPoint","urlTemplate":"http:\/\/jt.lv\/de\/?s={search_term_string}"},"query-input":{"@type":"PropertyValueSpecification","valueRequired":true,"valueName":"search_term_string"}}],"inLanguage":"de-DE"},{"@type":"Organization","@id":"http:\/\/jt.lv\/de\/#organization","name":"Jelgavas tipogr\u0101fija","url":"http:\/\/jt.lv\/de\/","logo":{"@type":"ImageObject","inLanguage":"de-DE","@id":"http:\/\/jt.lv\/de\/#\/schema\/logo\/image\/","url":"https:\/\/jt.lv\/wp-content\/uploads\/2025\/06\/jt-logo.png","contentUrl":"https:\/\/jt.lv\/wp-content\/uploads\/2025\/06\/jt-logo.png","width":696,"height":696,"caption":"Jelgavas tipogr\u0101fija"},"image":{"@id":"http:\/\/jt.lv\/de\/#\/schema\/logo\/image\/"}}]}},"_links":{"self":[{"href":"https:\/\/jt.lv\/de\/wp-json\/wp\/v2\/pages\/7440","targetHints":{"allow":["GET"]}}],"collection":[{"href":"https:\/\/jt.lv\/de\/wp-json\/wp\/v2\/pages"}],"about":[{"href":"https:\/\/jt.lv\/de\/wp-json\/wp\/v2\/types\/page"}],"author":[{"embeddable":true,"href":"https:\/\/jt.lv\/de\/wp-json\/wp\/v2\/users\/1"}],"replies":[{"embeddable":true,"href":"https:\/\/jt.lv\/de\/wp-json\/wp\/v2\/comments?post=7440"}],"version-history":[{"count":17,"href":"https:\/\/jt.lv\/de\/wp-json\/wp\/v2\/pages\/7440\/revisions"}],"predecessor-version":[{"id":7783,"href":"https:\/\/jt.lv\/de\/wp-json\/wp\/v2\/pages\/7440\/revisions\/7783"}],"up":[{"embeddable":true,"href":"https:\/\/jt.lv\/de\/wp-json\/wp\/v2\/pages\/5096"}],"wp:featuredmedia":[{"embeddable":true,"href":"https:\/\/jt.lv\/de\/wp-json\/wp\/v2\/media\/5069"}],"wp:attachment":[{"href":"https:\/\/jt.lv\/de\/wp-json\/wp\/v2\/media?parent=7440"}],"curies":[{"name":"wp","href":"https:\/\/api.w.org\/{rel}","templated":true}]}}