{"id":7275,"date":"2023-08-30T12:15:07","date_gmt":"2023-08-30T10:15:07","guid":{"rendered":"https:\/\/jt.lv\/digitala-druka\/"},"modified":"2025-06-18T14:54:14","modified_gmt":"2025-06-18T12:54:14","slug":"digitaldruck","status":"publish","type":"page","link":"https:\/\/jt.lv\/de\/digitaldruck\/","title":{"rendered":"Marketing \/ Digitaldruck"},"content":{"rendered":"\n\n\t<div class=\"jt-page-title-image\" style=\"background-image: url('https:\/\/jt.lv\/wp-content\/uploads\/2025\/02\/JP750S-drum-scaled.jpg');\">\n\t\t<div class=\"born-container is-default\">\n\t\t\t<div class=\"inner\">\n\t\t\t\t<div class=\"title\">\n\t\t\t\t\t<h1>Digitaldruck mit der Fujifilm Jet Press 750S<\/h1>\n\t\t\t\t\t\t\t\t\t\t\t\t\t\t<\/div>\n\t\t\t<\/div>\n\t\t<\/div>\n\t<\/div>\n\n\n\n\n<h1 class=\"wp-block-heading\">Wenn Innovationen Traditionen bereichern \u2013<br>Fujifilm Jet Press 750S High Speed Modell<\/h1>\n\n\n\n\n\n\t\t\t<p><span class=\"is-text-big\">In der JELGAVAS TIPOGR\u0100FIJA haben wir eine neue, innovative Digitaldruckmaschine eingef\u00fchrt, die die M\u00f6glichkeiten des Digitaldrucks neu definiert. Diese Maschine vereint au\u00dfergew\u00f6hnliche Qualit\u00e4t, hohe Pr\u00e4zision und Produktionsgeschwindigkeit \u2013 mit einem Ergebnis, das dem Offsetdruck ebenb\u00fcrtig ist.\n<\/span><\/p>\n\t\n\n\n\n\n\n\n\n\n<figure class=\"wp-block-image size-large\"><img loading=\"lazy\" decoding=\"async\" width=\"1024\" height=\"297\" src=\"http:\/\/jt.lv\/wp-content\/uploads\/2025\/02\/Jet-Press-750S-1-e1739798523127-1024x297.png\" alt=\"\" class=\"wp-image-6893\" srcset=\"https:\/\/jt.lv\/wp-content\/uploads\/2025\/02\/Jet-Press-750S-1-e1739798523127-1024x297.png 1024w, https:\/\/jt.lv\/wp-content\/uploads\/2025\/02\/Jet-Press-750S-1-e1739798523127-300x87.png 300w, https:\/\/jt.lv\/wp-content\/uploads\/2025\/02\/Jet-Press-750S-1-e1739798523127-768x223.png 768w, https:\/\/jt.lv\/wp-content\/uploads\/2025\/02\/Jet-Press-750S-1-e1739798523127-1536x445.png 1536w, https:\/\/jt.lv\/wp-content\/uploads\/2025\/02\/Jet-Press-750S-1-e1739798523127-2048x594.png 2048w, https:\/\/jt.lv\/wp-content\/uploads\/2025\/02\/Jet-Press-750S-1-e1739798523127-1271x369.png 1271w, https:\/\/jt.lv\/wp-content\/uploads\/2025\/02\/Jet-Press-750S-1-e1739798523127-680x197.png 680w, https:\/\/jt.lv\/wp-content\/uploads\/2025\/02\/Jet-Press-750S-1-e1739798523127-1360x394.png 1360w\" sizes=\"auto, (max-width: 1024px) 100vw, 1024px\" \/><\/figure>\n\n\n\n<p><\/p>\n\n\n\n<h2 class=\"wp-block-heading\">Zentrale Vorteile<\/h2>\n\n\n\n<ul class=\"wp-block-list\">\n<li>Druckqualit\u00e4t vergleichbar mit Offset<\/li>\n\n\n\n<li>Hervorragende Farbgenauigkeit und Detailwiedergabe<\/li>\n\n\n\n<li>Gr\u00f6\u00dferer Farbraum als herk\u00f6mmliches CMYK im Offset<\/li>\n\n\n\n<li>Ideal f\u00fcr kleine und mittlere Auflagen<\/li>\n\n\n\n<li>K\u00fcrzere Produktionszeiten<\/li>\n\n\n\n<li>Weniger Vorstufen- und R\u00fcstaufwand<\/li>\n\n\n\n<li>Umweltfreundlichere Technologie mit geringerem Chemikalienverbrauch<\/li>\n\n\n\n<li>Konstante Qualit\u00e4t vom ersten bis zum letzten Bogen<\/li>\n\n\n\n<li>M\u00f6glichkeit zur Personalisierung<\/li>\n<\/ul>\n\n\n\n<h2 class=\"wp-block-heading\">Grundspezifikationen<\/h2>\n\n\n\n<figure class=\"wp-block-table\"><table><tbody><tr><td>Effiziente und wirtschaftliche Druckl\u00f6sungen f\u00fcr<br>Buchumschl\u00e4ge<\/td><td>100\u20131400 Exemplare<\/td><\/tr><tr><td>Effiziente und wirtschaftliche Druckl\u00f6sungen f\u00fcr<br>Farbig gedruckte Innenseiten<\/td><td>100\u2013300 Exemplare<\/td><\/tr><tr><td>Drucktechnologie<\/td><td>4-Farb-Inkjet mit wasserbasierter Pigmenttinte<\/td><\/tr><tr><td>Farbmodell<\/td><td>CMYK<\/td><\/tr><tr><td>Max. Bogenformat<\/td><td>B2 (750 \u00d7 585 mm)<\/td><\/tr><tr><td>Druckformate<\/td><td>450 x 640 mm<br>500 x 700 mm<br>520 x 720 mm<br>585 x 750 mm<\/td><\/tr><tr><td>Gestrichenes Papier<\/td><td>90\u2013300 g\/m<sup>2<\/sup><\/td><\/tr><tr><td>Ungestrichenes Papier<\/td><td>80\u2013240 g\/m<sup>2<\/sup><\/td><\/tr><tr><td>Papierst\u00e4rke<\/td><td>&lt; 0,34 mm<\/td><\/tr><\/tbody><\/table><\/figure>\n\n\n\n<p><a href=\"https:\/\/jt.lv\/de\/kontakte\/\" data-type=\"page\" data-id=\"309\" target=\"_blank\" rel=\"noreferrer noopener\">Kontaktieren Sie uns<\/a>, um ein Angebot zu erhalten oder mehr dar\u00fcber zu erfahren, wie diese Technologie Ihr Druckprojekt bereichern kann.<\/p>\n\n\n\n<figure class=\"wp-block-image size-large\"><img loading=\"lazy\" decoding=\"async\" width=\"1600\" height=\"900\" src=\"http:\/\/jt.lv\/wp-content\/uploads\/2025\/05\/0008-JT_29_foto-Billijs-Locs-edited.jpg\" alt=\"\" class=\"wp-image-7544\" srcset=\"https:\/\/jt.lv\/wp-content\/uploads\/2025\/05\/0008-JT_29_foto-Billijs-Locs-edited.jpg 1600w, https:\/\/jt.lv\/wp-content\/uploads\/2025\/05\/0008-JT_29_foto-Billijs-Locs-edited-300x169.jpg 300w, https:\/\/jt.lv\/wp-content\/uploads\/2025\/05\/0008-JT_29_foto-Billijs-Locs-edited-1024x576.jpg 1024w, https:\/\/jt.lv\/wp-content\/uploads\/2025\/05\/0008-JT_29_foto-Billijs-Locs-edited-768x432.jpg 768w, https:\/\/jt.lv\/wp-content\/uploads\/2025\/05\/0008-JT_29_foto-Billijs-Locs-edited-1536x864.jpg 1536w, https:\/\/jt.lv\/wp-content\/uploads\/2025\/05\/0008-JT_29_foto-Billijs-Locs-edited-1209x680.jpg 1209w, https:\/\/jt.lv\/wp-content\/uploads\/2025\/05\/0008-JT_29_foto-Billijs-Locs-edited-933x525.jpg 933w, https:\/\/jt.lv\/wp-content\/uploads\/2025\/05\/0008-JT_29_foto-Billijs-Locs-edited-1271x715.jpg 1271w, https:\/\/jt.lv\/wp-content\/uploads\/2025\/05\/0008-JT_29_foto-Billijs-Locs-edited-680x383.jpg 680w, https:\/\/jt.lv\/wp-content\/uploads\/2025\/05\/0008-JT_29_foto-Billijs-Locs-edited-1360x765.jpg 1360w\" sizes=\"auto, (max-width: 1600px) 100vw, 1600px\" \/><\/figure>\n","protected":false},"excerpt":{"rendered":"<p>Wenn Innovationen Traditionen bereichern \u2013Fujifilm Jet Press 750S High Speed Modell Zentrale Vorteile Grundspezifikationen Effiziente und wirtschaftliche Druckl\u00f6sungen f\u00fcrBuchumschl\u00e4ge 100\u20131400 Exemplare Effiziente und wirtschaftliche Druckl\u00f6sungen f\u00fcrFarbig gedruckte Innenseiten 100\u2013300 Exemplare Drucktechnologie 4-Farb-Inkjet mit wasserbasierter Pigmenttinte Farbmodell CMYK Max. Bogenformat B2 (750 \u00d7 585 mm) Druckformate 450 x 640 mm500 x 700 mm520 x 720 mm585 [&hellip;]<\/p>\n","protected":false},"author":1,"featured_media":0,"parent":0,"menu_order":84,"comment_status":"closed","ping_status":"closed","template":"","meta":{"_acf_changed":false,"inline_featured_image":false,"footnotes":""},"class_list":["post-7275","page","type-page","status-publish","hentry"],"acf":[],"yoast_head":"<!-- This site is optimized with the Yoast SEO plugin v27.4 - https:\/\/yoast.com\/product\/yoast-seo-wordpress\/ -->\n<title>Marketing \/ Digitaldruck - Jelgavas tipogr\u0101fija<\/title>\n<meta name=\"robots\" content=\"index, follow, max-snippet:-1, max-image-preview:large, max-video-preview:-1\" \/>\n<link rel=\"canonical\" href=\"https:\/\/jt.lv\/de\/digitaldruck\/\" \/>\n<meta property=\"og:locale\" content=\"de_DE\" \/>\n<meta property=\"og:type\" content=\"article\" \/>\n<meta property=\"og:title\" content=\"Marketing \/ Digitaldruck - Jelgavas tipogr\u0101fija\" \/>\n<meta property=\"og:description\" content=\"Wenn Innovationen Traditionen bereichern \u2013Fujifilm Jet Press 750S High Speed Modell Zentrale Vorteile Grundspezifikationen Effiziente und wirtschaftliche Druckl\u00f6sungen f\u00fcrBuchumschl\u00e4ge 100\u20131400 Exemplare Effiziente und wirtschaftliche Druckl\u00f6sungen f\u00fcrFarbig gedruckte Innenseiten 100\u2013300 Exemplare Drucktechnologie 4-Farb-Inkjet mit wasserbasierter Pigmenttinte Farbmodell CMYK Max. Bogenformat B2 (750 \u00d7 585 mm) Druckformate 450 x 640 mm500 x 700 mm520 x 720 mm585 [&hellip;]\" \/>\n<meta property=\"og:url\" content=\"https:\/\/jt.lv\/de\/digitaldruck\/\" \/>\n<meta property=\"og:site_name\" content=\"Jelgavas tipogr\u0101fija\" \/>\n<meta property=\"article:modified_time\" content=\"2025-06-18T12:54:14+00:00\" \/>\n<meta property=\"og:image\" content=\"http:\/\/jt.lv\/wp-content\/uploads\/2025\/02\/Jet-Press-750S-1-e1739798523127-1024x297.png\" \/>\n<meta name=\"twitter:card\" content=\"summary_large_image\" \/>\n<meta name=\"twitter:label1\" content=\"Est. reading time\" \/>\n\t<meta name=\"twitter:data1\" content=\"2 Minuten\" \/>\n<script type=\"application\/ld+json\" class=\"yoast-schema-graph\">{\"@context\":\"https:\\\/\\\/schema.org\",\"@graph\":[{\"@type\":\"WebPage\",\"@id\":\"https:\\\/\\\/jt.lv\\\/de\\\/digitaldruck\\\/\",\"url\":\"https:\\\/\\\/jt.lv\\\/de\\\/digitaldruck\\\/\",\"name\":\"Marketing \\\/ Digitaldruck - Jelgavas tipogr\u0101fija\",\"isPartOf\":{\"@id\":\"http:\\\/\\\/jt.lv\\\/de\\\/#website\"},\"primaryImageOfPage\":{\"@id\":\"https:\\\/\\\/jt.lv\\\/de\\\/digitaldruck\\\/#primaryimage\"},\"image\":{\"@id\":\"https:\\\/\\\/jt.lv\\\/de\\\/digitaldruck\\\/#primaryimage\"},\"thumbnailUrl\":\"http:\\\/\\\/jt.lv\\\/wp-content\\\/uploads\\\/2025\\\/02\\\/Jet-Press-750S-1-e1739798523127-1024x297.png\",\"datePublished\":\"2023-08-30T10:15:07+00:00\",\"dateModified\":\"2025-06-18T12:54:14+00:00\",\"breadcrumb\":{\"@id\":\"https:\\\/\\\/jt.lv\\\/de\\\/digitaldruck\\\/#breadcrumb\"},\"inLanguage\":\"de-DE\",\"potentialAction\":[{\"@type\":\"ReadAction\",\"target\":[\"https:\\\/\\\/jt.lv\\\/de\\\/digitaldruck\\\/\"]}]},{\"@type\":\"ImageObject\",\"inLanguage\":\"de-DE\",\"@id\":\"https:\\\/\\\/jt.lv\\\/de\\\/digitaldruck\\\/#primaryimage\",\"url\":\"http:\\\/\\\/jt.lv\\\/wp-content\\\/uploads\\\/2025\\\/02\\\/Jet-Press-750S-1-e1739798523127-1024x297.png\",\"contentUrl\":\"http:\\\/\\\/jt.lv\\\/wp-content\\\/uploads\\\/2025\\\/02\\\/Jet-Press-750S-1-e1739798523127-1024x297.png\"},{\"@type\":\"BreadcrumbList\",\"@id\":\"https:\\\/\\\/jt.lv\\\/de\\\/digitaldruck\\\/#breadcrumb\",\"itemListElement\":[{\"@type\":\"ListItem\",\"position\":1,\"name\":\"Home\",\"item\":\"https:\\\/\\\/jt.lv\\\/de\\\/\"},{\"@type\":\"ListItem\",\"position\":2,\"name\":\"Marketing \\\/ Digitaldruck\"}]},{\"@type\":\"WebSite\",\"@id\":\"http:\\\/\\\/jt.lv\\\/de\\\/#website\",\"url\":\"http:\\\/\\\/jt.lv\\\/de\\\/\",\"name\":\"Jelgavas tipogr\u0101fija\",\"description\":\"M\u0113s ra\u017eojam gr\u0101matas.\",\"publisher\":{\"@id\":\"http:\\\/\\\/jt.lv\\\/de\\\/#organization\"},\"potentialAction\":[{\"@type\":\"SearchAction\",\"target\":{\"@type\":\"EntryPoint\",\"urlTemplate\":\"http:\\\/\\\/jt.lv\\\/de\\\/?s={search_term_string}\"},\"query-input\":{\"@type\":\"PropertyValueSpecification\",\"valueRequired\":true,\"valueName\":\"search_term_string\"}}],\"inLanguage\":\"de-DE\"},{\"@type\":\"Organization\",\"@id\":\"http:\\\/\\\/jt.lv\\\/de\\\/#organization\",\"name\":\"Jelgavas tipogr\u0101fija\",\"url\":\"http:\\\/\\\/jt.lv\\\/de\\\/\",\"logo\":{\"@type\":\"ImageObject\",\"inLanguage\":\"de-DE\",\"@id\":\"http:\\\/\\\/jt.lv\\\/de\\\/#\\\/schema\\\/logo\\\/image\\\/\",\"url\":\"https:\\\/\\\/jt.lv\\\/wp-content\\\/uploads\\\/2025\\\/06\\\/jt-logo.png\",\"contentUrl\":\"https:\\\/\\\/jt.lv\\\/wp-content\\\/uploads\\\/2025\\\/06\\\/jt-logo.png\",\"width\":696,\"height\":696,\"caption\":\"Jelgavas tipogr\u0101fija\"},\"image\":{\"@id\":\"http:\\\/\\\/jt.lv\\\/de\\\/#\\\/schema\\\/logo\\\/image\\\/\"}}]}<\/script>\n<!-- \/ Yoast SEO plugin. -->","yoast_head_json":{"title":"Marketing \/ Digitaldruck - Jelgavas tipogr\u0101fija","robots":{"index":"index","follow":"follow","max-snippet":"max-snippet:-1","max-image-preview":"max-image-preview:large","max-video-preview":"max-video-preview:-1"},"canonical":"https:\/\/jt.lv\/de\/digitaldruck\/","og_locale":"de_DE","og_type":"article","og_title":"Marketing \/ Digitaldruck - Jelgavas tipogr\u0101fija","og_description":"Wenn Innovationen Traditionen bereichern \u2013Fujifilm Jet Press 750S High Speed Modell Zentrale Vorteile Grundspezifikationen Effiziente und wirtschaftliche Druckl\u00f6sungen f\u00fcrBuchumschl\u00e4ge 100\u20131400 Exemplare Effiziente und wirtschaftliche Druckl\u00f6sungen f\u00fcrFarbig gedruckte Innenseiten 100\u2013300 Exemplare Drucktechnologie 4-Farb-Inkjet mit wasserbasierter Pigmenttinte Farbmodell CMYK Max. Bogenformat B2 (750 \u00d7 585 mm) Druckformate 450 x 640 mm500 x 700 mm520 x 720 mm585 [&hellip;]","og_url":"https:\/\/jt.lv\/de\/digitaldruck\/","og_site_name":"Jelgavas tipogr\u0101fija","article_modified_time":"2025-06-18T12:54:14+00:00","og_image":[{"url":"http:\/\/jt.lv\/wp-content\/uploads\/2025\/02\/Jet-Press-750S-1-e1739798523127-1024x297.png","type":"","width":"","height":""}],"twitter_card":"summary_large_image","twitter_misc":{"Est. reading time":"2 Minuten"},"schema":{"@context":"https:\/\/schema.org","@graph":[{"@type":"WebPage","@id":"https:\/\/jt.lv\/de\/digitaldruck\/","url":"https:\/\/jt.lv\/de\/digitaldruck\/","name":"Marketing \/ Digitaldruck - Jelgavas tipogr\u0101fija","isPartOf":{"@id":"http:\/\/jt.lv\/de\/#website"},"primaryImageOfPage":{"@id":"https:\/\/jt.lv\/de\/digitaldruck\/#primaryimage"},"image":{"@id":"https:\/\/jt.lv\/de\/digitaldruck\/#primaryimage"},"thumbnailUrl":"http:\/\/jt.lv\/wp-content\/uploads\/2025\/02\/Jet-Press-750S-1-e1739798523127-1024x297.png","datePublished":"2023-08-30T10:15:07+00:00","dateModified":"2025-06-18T12:54:14+00:00","breadcrumb":{"@id":"https:\/\/jt.lv\/de\/digitaldruck\/#breadcrumb"},"inLanguage":"de-DE","potentialAction":[{"@type":"ReadAction","target":["https:\/\/jt.lv\/de\/digitaldruck\/"]}]},{"@type":"ImageObject","inLanguage":"de-DE","@id":"https:\/\/jt.lv\/de\/digitaldruck\/#primaryimage","url":"http:\/\/jt.lv\/wp-content\/uploads\/2025\/02\/Jet-Press-750S-1-e1739798523127-1024x297.png","contentUrl":"http:\/\/jt.lv\/wp-content\/uploads\/2025\/02\/Jet-Press-750S-1-e1739798523127-1024x297.png"},{"@type":"BreadcrumbList","@id":"https:\/\/jt.lv\/de\/digitaldruck\/#breadcrumb","itemListElement":[{"@type":"ListItem","position":1,"name":"Home","item":"https:\/\/jt.lv\/de\/"},{"@type":"ListItem","position":2,"name":"Marketing \/ Digitaldruck"}]},{"@type":"WebSite","@id":"http:\/\/jt.lv\/de\/#website","url":"http:\/\/jt.lv\/de\/","name":"Jelgavas tipogr\u0101fija","description":"M\u0113s ra\u017eojam gr\u0101matas.","publisher":{"@id":"http:\/\/jt.lv\/de\/#organization"},"potentialAction":[{"@type":"SearchAction","target":{"@type":"EntryPoint","urlTemplate":"http:\/\/jt.lv\/de\/?s={search_term_string}"},"query-input":{"@type":"PropertyValueSpecification","valueRequired":true,"valueName":"search_term_string"}}],"inLanguage":"de-DE"},{"@type":"Organization","@id":"http:\/\/jt.lv\/de\/#organization","name":"Jelgavas tipogr\u0101fija","url":"http:\/\/jt.lv\/de\/","logo":{"@type":"ImageObject","inLanguage":"de-DE","@id":"http:\/\/jt.lv\/de\/#\/schema\/logo\/image\/","url":"https:\/\/jt.lv\/wp-content\/uploads\/2025\/06\/jt-logo.png","contentUrl":"https:\/\/jt.lv\/wp-content\/uploads\/2025\/06\/jt-logo.png","width":696,"height":696,"caption":"Jelgavas tipogr\u0101fija"},"image":{"@id":"http:\/\/jt.lv\/de\/#\/schema\/logo\/image\/"}}]}},"_links":{"self":[{"href":"https:\/\/jt.lv\/de\/wp-json\/wp\/v2\/pages\/7275","targetHints":{"allow":["GET"]}}],"collection":[{"href":"https:\/\/jt.lv\/de\/wp-json\/wp\/v2\/pages"}],"about":[{"href":"https:\/\/jt.lv\/de\/wp-json\/wp\/v2\/types\/page"}],"author":[{"embeddable":true,"href":"https:\/\/jt.lv\/de\/wp-json\/wp\/v2\/users\/1"}],"replies":[{"embeddable":true,"href":"https:\/\/jt.lv\/de\/wp-json\/wp\/v2\/comments?post=7275"}],"version-history":[{"count":5,"href":"https:\/\/jt.lv\/de\/wp-json\/wp\/v2\/pages\/7275\/revisions"}],"predecessor-version":[{"id":7786,"href":"https:\/\/jt.lv\/de\/wp-json\/wp\/v2\/pages\/7275\/revisions\/7786"}],"wp:attachment":[{"href":"https:\/\/jt.lv\/de\/wp-json\/wp\/v2\/media?parent=7275"}],"curies":[{"name":"wp","href":"https:\/\/api.w.org\/{rel}","templated":true}]}}