{"id":7103,"date":"2025-02-18T09:26:20","date_gmt":"2025-02-18T07:26:20","guid":{"rendered":"https:\/\/jt.lv\/iekartas\/"},"modified":"2026-03-09T08:18:42","modified_gmt":"2026-03-09T06:18:42","slug":"produktionsanlagen","status":"publish","type":"page","link":"https:\/\/jt.lv\/de\/produktionsanlagen\/","title":{"rendered":"Produktionsanlagen"},"content":{"rendered":"\n<p><strong><strong>ANLAGEN F\u00dcR FERTIGUNG UND BELICHTIGUNG DER OFFSET-DRUCKPLATTEN<\/strong><\/strong><\/p>\n\n\n\n<ul class=\"wp-block-list\">\n<li>Fujifilm Luxel T-9800 CTP HD-S (x2)<\/li>\n<\/ul>\n\n\n\n<p><strong><strong>DRUCKANLAGEN<\/strong><\/strong><\/p>\n\n\n\n<ul class=\"wp-block-list\">\n<li>Achtfarbige Offset-Druckanlage Heidelberg Speedmaster 102-8-P<\/li>\n\n\n\n<li>Achtfarbige Offset-Druckanlage Heidelberg Speedmaster SX 102-8<\/li>\n\n\n\n<li>Vierfarbige Offset-Druckanlage mit Dispersionslackierungssektion Heidelberg Speedmaster 102-4P + L<\/li>\n\n\n\n<li>Zweifarbige Offset-Druckanlage Heidelberg Speedmaster 102-2-P<\/li>\n\n\n\n<li>Digitaldruckanlage Fujifilm Jet Press 750S HSM<\/li>\n<\/ul>\n\n\n\n<p><strong><strong>FALZMASCHINEN<\/strong><\/strong><\/p>\n\n\n\n<ul class=\"wp-block-list\">\n<li>Druckbogen-Falzmaschine Heidelberg Stahl TH 82 (x3)<\/li>\n\n\n\n<li>Druckbogen-Falzmaschine Heidelberg Stahl TH 82 Easy Fold<\/li>\n\n\n\n<li>Druckbogen-Falzmaschine Heidelberg Stahl Ti 52<\/li>\n<\/ul>\n\n\n\n<p><strong><strong>ZUSAMMENTRAGEN- + FADENHEFTMASCHINEN<\/strong><\/strong><\/p>\n\n\n\n<ul class=\"wp-block-list\">\n<li>Zusammentragen- und Fadenheftmaschine UNIPLEX + asterPRO<\/li>\n\n\n\n<li>Zusammentragen- und Fadenheftmaschine UNIPLEX + asterTOP<\/li>\n<\/ul>\n\n\n\n<p><strong><strong>N\u00c4HMASCHINEN<\/strong><\/strong><\/p>\n\n\n\n<ul class=\"wp-block-list\">\n<li>N\u00e4hmaschine Astronic 180<\/li>\n<\/ul>\n\n\n\n<p><strong><strong>BUCHDECKMASCHINEN&nbsp;<\/strong><\/strong><\/p>\n\n\n\n<ul class=\"wp-block-list\">\n<li>Kolbus DA 270 (x2) f\u00fcr die Fertigung der Hardcover-Deckel<\/li>\n\n\n\n<li>SAB 100 f\u00fcr die Fertigung der Flexo- bzw. Softcover-Deckel<\/li>\n<\/ul>\n\n\n\n<p><strong><strong>BINDEANLAGEN<\/strong><\/strong><\/p>\n\n\n\n<ul class=\"wp-block-list\">\n<li>Bindelinie f\u00fcr die Softcovers Kolbus KM600<\/li>\n\n\n\n<li>Bindelinie f\u00fcr die Hardcovers Kolbus BF530<\/li>\n\n\n\n<li>Einbindemaschine f\u00fcr Hardcover-B\u00fccher M\u00fcller Martini BF PRO<\/li>\n<\/ul>\n\n\n\n<p><strong>UV-LACKIER- UND VEREDELUNGSMASCHINE<\/strong><\/p>\n\n\n\n<ul class=\"wp-block-list\">\n<li>Duplo DuSense DDC-8000 digitale Relieflack-, UV-Lackier- und Digitalfolienmaschine<\/li>\n<\/ul>\n\n\n\n<figure class=\"wp-block-image size-large\"><img loading=\"lazy\" decoding=\"async\" width=\"2560\" height=\"1439\" src=\"http:\/\/jt.lv\/wp-content\/uploads\/2025\/05\/0129-JT_Sep2021_foto-Billijs-Locs-edited-scaled.jpg\" alt=\"\" class=\"wp-image-7646\" srcset=\"https:\/\/jt.lv\/wp-content\/uploads\/2025\/05\/0129-JT_Sep2021_foto-Billijs-Locs-edited-scaled.jpg 2560w, https:\/\/jt.lv\/wp-content\/uploads\/2025\/05\/0129-JT_Sep2021_foto-Billijs-Locs-edited-300x169.jpg 300w, https:\/\/jt.lv\/wp-content\/uploads\/2025\/05\/0129-JT_Sep2021_foto-Billijs-Locs-edited-1024x576.jpg 1024w, https:\/\/jt.lv\/wp-content\/uploads\/2025\/05\/0129-JT_Sep2021_foto-Billijs-Locs-edited-768x432.jpg 768w, https:\/\/jt.lv\/wp-content\/uploads\/2025\/05\/0129-JT_Sep2021_foto-Billijs-Locs-edited-1536x863.jpg 1536w, https:\/\/jt.lv\/wp-content\/uploads\/2025\/05\/0129-JT_Sep2021_foto-Billijs-Locs-edited-2048x1151.jpg 2048w, https:\/\/jt.lv\/wp-content\/uploads\/2025\/05\/0129-JT_Sep2021_foto-Billijs-Locs-edited-1210x680.jpg 1210w, https:\/\/jt.lv\/wp-content\/uploads\/2025\/05\/0129-JT_Sep2021_foto-Billijs-Locs-edited-933x525.jpg 933w, https:\/\/jt.lv\/wp-content\/uploads\/2025\/05\/0129-JT_Sep2021_foto-Billijs-Locs-edited-1271x715.jpg 1271w, https:\/\/jt.lv\/wp-content\/uploads\/2025\/05\/0129-JT_Sep2021_foto-Billijs-Locs-edited-680x382.jpg 680w, https:\/\/jt.lv\/wp-content\/uploads\/2025\/05\/0129-JT_Sep2021_foto-Billijs-Locs-edited-1360x765.jpg 1360w\" sizes=\"auto, (max-width: 2560px) 100vw, 2560px\" \/><\/figure>\n","protected":false},"excerpt":{"rendered":"<p>ANLAGEN F\u00dcR FERTIGUNG UND BELICHTIGUNG DER OFFSET-DRUCKPLATTEN DRUCKANLAGEN FALZMASCHINEN ZUSAMMENTRAGEN- + FADENHEFTMASCHINEN N\u00c4HMASCHINEN BUCHDECKMASCHINEN&nbsp; BINDEANLAGEN UV-LACKIER- UND VEREDELUNGSMASCHINE<\/p>\n","protected":false},"author":1,"featured_media":0,"parent":0,"menu_order":34,"comment_status":"closed","ping_status":"closed","template":"","meta":{"_acf_changed":false,"inline_featured_image":false,"footnotes":""},"class_list":["post-7103","page","type-page","status-publish","hentry"],"acf":[],"yoast_head":"<!-- This site is optimized with the Yoast SEO plugin v27.3 - https:\/\/yoast.com\/product\/yoast-seo-wordpress\/ -->\n<title>Produktionsanlagen - Jelgavas tipogr\u0101fija<\/title>\n<meta name=\"robots\" content=\"index, follow, max-snippet:-1, max-image-preview:large, max-video-preview:-1\" \/>\n<link rel=\"canonical\" href=\"https:\/\/jt.lv\/de\/produktionsanlagen\/\" \/>\n<meta property=\"og:locale\" content=\"de_DE\" \/>\n<meta property=\"og:type\" content=\"article\" \/>\n<meta property=\"og:title\" content=\"Produktionsanlagen - Jelgavas tipogr\u0101fija\" \/>\n<meta property=\"og:description\" content=\"ANLAGEN F\u00dcR FERTIGUNG UND BELICHTIGUNG DER OFFSET-DRUCKPLATTEN DRUCKANLAGEN FALZMASCHINEN ZUSAMMENTRAGEN- + FADENHEFTMASCHINEN N\u00c4HMASCHINEN BUCHDECKMASCHINEN&nbsp; BINDEANLAGEN UV-LACKIER- UND VEREDELUNGSMASCHINE\" \/>\n<meta property=\"og:url\" content=\"https:\/\/jt.lv\/de\/produktionsanlagen\/\" \/>\n<meta property=\"og:site_name\" content=\"Jelgavas tipogr\u0101fija\" \/>\n<meta property=\"article:modified_time\" content=\"2026-03-09T06:18:42+00:00\" \/>\n<meta property=\"og:image\" content=\"http:\/\/jt.lv\/wp-content\/uploads\/2025\/05\/0129-JT_Sep2021_foto-Billijs-Locs-edited-scaled.jpg\" \/>\n<meta name=\"twitter:card\" content=\"summary_large_image\" \/>\n<meta name=\"twitter:label1\" content=\"Est. reading time\" \/>\n\t<meta name=\"twitter:data1\" content=\"1 Minute\" \/>\n<script type=\"application\/ld+json\" class=\"yoast-schema-graph\">{\"@context\":\"https:\\\/\\\/schema.org\",\"@graph\":[{\"@type\":\"WebPage\",\"@id\":\"https:\\\/\\\/jt.lv\\\/de\\\/produktionsanlagen\\\/\",\"url\":\"https:\\\/\\\/jt.lv\\\/de\\\/produktionsanlagen\\\/\",\"name\":\"Produktionsanlagen - Jelgavas tipogr\u0101fija\",\"isPartOf\":{\"@id\":\"http:\\\/\\\/jt.lv\\\/de\\\/#website\"},\"primaryImageOfPage\":{\"@id\":\"https:\\\/\\\/jt.lv\\\/de\\\/produktionsanlagen\\\/#primaryimage\"},\"image\":{\"@id\":\"https:\\\/\\\/jt.lv\\\/de\\\/produktionsanlagen\\\/#primaryimage\"},\"thumbnailUrl\":\"http:\\\/\\\/jt.lv\\\/wp-content\\\/uploads\\\/2025\\\/05\\\/0129-JT_Sep2021_foto-Billijs-Locs-edited-scaled.jpg\",\"datePublished\":\"2025-02-18T07:26:20+00:00\",\"dateModified\":\"2026-03-09T06:18:42+00:00\",\"breadcrumb\":{\"@id\":\"https:\\\/\\\/jt.lv\\\/de\\\/produktionsanlagen\\\/#breadcrumb\"},\"inLanguage\":\"de-DE\",\"potentialAction\":[{\"@type\":\"ReadAction\",\"target\":[\"https:\\\/\\\/jt.lv\\\/de\\\/produktionsanlagen\\\/\"]}]},{\"@type\":\"ImageObject\",\"inLanguage\":\"de-DE\",\"@id\":\"https:\\\/\\\/jt.lv\\\/de\\\/produktionsanlagen\\\/#primaryimage\",\"url\":\"http:\\\/\\\/jt.lv\\\/wp-content\\\/uploads\\\/2025\\\/05\\\/0129-JT_Sep2021_foto-Billijs-Locs-edited-scaled.jpg\",\"contentUrl\":\"http:\\\/\\\/jt.lv\\\/wp-content\\\/uploads\\\/2025\\\/05\\\/0129-JT_Sep2021_foto-Billijs-Locs-edited-scaled.jpg\"},{\"@type\":\"BreadcrumbList\",\"@id\":\"https:\\\/\\\/jt.lv\\\/de\\\/produktionsanlagen\\\/#breadcrumb\",\"itemListElement\":[{\"@type\":\"ListItem\",\"position\":1,\"name\":\"Home\",\"item\":\"https:\\\/\\\/jt.lv\\\/de\\\/\"},{\"@type\":\"ListItem\",\"position\":2,\"name\":\"Produktionsanlagen\"}]},{\"@type\":\"WebSite\",\"@id\":\"http:\\\/\\\/jt.lv\\\/de\\\/#website\",\"url\":\"http:\\\/\\\/jt.lv\\\/de\\\/\",\"name\":\"Jelgavas tipogr\u0101fija\",\"description\":\"M\u0113s ra\u017eojam gr\u0101matas.\",\"publisher\":{\"@id\":\"http:\\\/\\\/jt.lv\\\/de\\\/#organization\"},\"potentialAction\":[{\"@type\":\"SearchAction\",\"target\":{\"@type\":\"EntryPoint\",\"urlTemplate\":\"http:\\\/\\\/jt.lv\\\/de\\\/?s={search_term_string}\"},\"query-input\":{\"@type\":\"PropertyValueSpecification\",\"valueRequired\":true,\"valueName\":\"search_term_string\"}}],\"inLanguage\":\"de-DE\"},{\"@type\":\"Organization\",\"@id\":\"http:\\\/\\\/jt.lv\\\/de\\\/#organization\",\"name\":\"Jelgavas tipogr\u0101fija\",\"url\":\"http:\\\/\\\/jt.lv\\\/de\\\/\",\"logo\":{\"@type\":\"ImageObject\",\"inLanguage\":\"de-DE\",\"@id\":\"http:\\\/\\\/jt.lv\\\/de\\\/#\\\/schema\\\/logo\\\/image\\\/\",\"url\":\"https:\\\/\\\/jt.lv\\\/wp-content\\\/uploads\\\/2025\\\/06\\\/jt-logo.png\",\"contentUrl\":\"https:\\\/\\\/jt.lv\\\/wp-content\\\/uploads\\\/2025\\\/06\\\/jt-logo.png\",\"width\":696,\"height\":696,\"caption\":\"Jelgavas tipogr\u0101fija\"},\"image\":{\"@id\":\"http:\\\/\\\/jt.lv\\\/de\\\/#\\\/schema\\\/logo\\\/image\\\/\"}}]}<\/script>\n<!-- \/ Yoast SEO plugin. -->","yoast_head_json":{"title":"Produktionsanlagen - Jelgavas tipogr\u0101fija","robots":{"index":"index","follow":"follow","max-snippet":"max-snippet:-1","max-image-preview":"max-image-preview:large","max-video-preview":"max-video-preview:-1"},"canonical":"https:\/\/jt.lv\/de\/produktionsanlagen\/","og_locale":"de_DE","og_type":"article","og_title":"Produktionsanlagen - Jelgavas tipogr\u0101fija","og_description":"ANLAGEN F\u00dcR FERTIGUNG UND BELICHTIGUNG DER OFFSET-DRUCKPLATTEN DRUCKANLAGEN FALZMASCHINEN ZUSAMMENTRAGEN- + FADENHEFTMASCHINEN N\u00c4HMASCHINEN BUCHDECKMASCHINEN&nbsp; BINDEANLAGEN UV-LACKIER- UND VEREDELUNGSMASCHINE","og_url":"https:\/\/jt.lv\/de\/produktionsanlagen\/","og_site_name":"Jelgavas tipogr\u0101fija","article_modified_time":"2026-03-09T06:18:42+00:00","og_image":[{"url":"http:\/\/jt.lv\/wp-content\/uploads\/2025\/05\/0129-JT_Sep2021_foto-Billijs-Locs-edited-scaled.jpg","type":"","width":"","height":""}],"twitter_card":"summary_large_image","twitter_misc":{"Est. reading time":"1 Minute"},"schema":{"@context":"https:\/\/schema.org","@graph":[{"@type":"WebPage","@id":"https:\/\/jt.lv\/de\/produktionsanlagen\/","url":"https:\/\/jt.lv\/de\/produktionsanlagen\/","name":"Produktionsanlagen - Jelgavas tipogr\u0101fija","isPartOf":{"@id":"http:\/\/jt.lv\/de\/#website"},"primaryImageOfPage":{"@id":"https:\/\/jt.lv\/de\/produktionsanlagen\/#primaryimage"},"image":{"@id":"https:\/\/jt.lv\/de\/produktionsanlagen\/#primaryimage"},"thumbnailUrl":"http:\/\/jt.lv\/wp-content\/uploads\/2025\/05\/0129-JT_Sep2021_foto-Billijs-Locs-edited-scaled.jpg","datePublished":"2025-02-18T07:26:20+00:00","dateModified":"2026-03-09T06:18:42+00:00","breadcrumb":{"@id":"https:\/\/jt.lv\/de\/produktionsanlagen\/#breadcrumb"},"inLanguage":"de-DE","potentialAction":[{"@type":"ReadAction","target":["https:\/\/jt.lv\/de\/produktionsanlagen\/"]}]},{"@type":"ImageObject","inLanguage":"de-DE","@id":"https:\/\/jt.lv\/de\/produktionsanlagen\/#primaryimage","url":"http:\/\/jt.lv\/wp-content\/uploads\/2025\/05\/0129-JT_Sep2021_foto-Billijs-Locs-edited-scaled.jpg","contentUrl":"http:\/\/jt.lv\/wp-content\/uploads\/2025\/05\/0129-JT_Sep2021_foto-Billijs-Locs-edited-scaled.jpg"},{"@type":"BreadcrumbList","@id":"https:\/\/jt.lv\/de\/produktionsanlagen\/#breadcrumb","itemListElement":[{"@type":"ListItem","position":1,"name":"Home","item":"https:\/\/jt.lv\/de\/"},{"@type":"ListItem","position":2,"name":"Produktionsanlagen"}]},{"@type":"WebSite","@id":"http:\/\/jt.lv\/de\/#website","url":"http:\/\/jt.lv\/de\/","name":"Jelgavas tipogr\u0101fija","description":"M\u0113s ra\u017eojam gr\u0101matas.","publisher":{"@id":"http:\/\/jt.lv\/de\/#organization"},"potentialAction":[{"@type":"SearchAction","target":{"@type":"EntryPoint","urlTemplate":"http:\/\/jt.lv\/de\/?s={search_term_string}"},"query-input":{"@type":"PropertyValueSpecification","valueRequired":true,"valueName":"search_term_string"}}],"inLanguage":"de-DE"},{"@type":"Organization","@id":"http:\/\/jt.lv\/de\/#organization","name":"Jelgavas tipogr\u0101fija","url":"http:\/\/jt.lv\/de\/","logo":{"@type":"ImageObject","inLanguage":"de-DE","@id":"http:\/\/jt.lv\/de\/#\/schema\/logo\/image\/","url":"https:\/\/jt.lv\/wp-content\/uploads\/2025\/06\/jt-logo.png","contentUrl":"https:\/\/jt.lv\/wp-content\/uploads\/2025\/06\/jt-logo.png","width":696,"height":696,"caption":"Jelgavas tipogr\u0101fija"},"image":{"@id":"http:\/\/jt.lv\/de\/#\/schema\/logo\/image\/"}}]}},"_links":{"self":[{"href":"https:\/\/jt.lv\/de\/wp-json\/wp\/v2\/pages\/7103","targetHints":{"allow":["GET"]}}],"collection":[{"href":"https:\/\/jt.lv\/de\/wp-json\/wp\/v2\/pages"}],"about":[{"href":"https:\/\/jt.lv\/de\/wp-json\/wp\/v2\/types\/page"}],"author":[{"embeddable":true,"href":"https:\/\/jt.lv\/de\/wp-json\/wp\/v2\/users\/1"}],"replies":[{"embeddable":true,"href":"https:\/\/jt.lv\/de\/wp-json\/wp\/v2\/comments?post=7103"}],"version-history":[{"count":10,"href":"https:\/\/jt.lv\/de\/wp-json\/wp\/v2\/pages\/7103\/revisions"}],"predecessor-version":[{"id":9646,"href":"https:\/\/jt.lv\/de\/wp-json\/wp\/v2\/pages\/7103\/revisions\/9646"}],"wp:attachment":[{"href":"https:\/\/jt.lv\/de\/wp-json\/wp\/v2\/media?parent=7103"}],"curies":[{"name":"wp","href":"https:\/\/api.w.org\/{rel}","templated":true}]}}