{"id":6598,"date":"2024-01-18T12:16:46","date_gmt":"2024-01-18T10:16:46","guid":{"rendered":"https:\/\/jt.lv\/sikdatnu-politika\/"},"modified":"2025-06-18T15:00:04","modified_gmt":"2025-06-18T13:00:04","slug":"cookie-politik","status":"publish","type":"page","link":"https:\/\/jt.lv\/de\/cookie-politik\/","title":{"rendered":"Cookie-Politik"},"content":{"rendered":"\n<p>Die Website <a href=\"http:\/\/www.jt.lv\">www.jt.lv<\/a> verwendet Cookies, um Inhalte und Werbung zu personalisieren, Funktionen f\u00fcr soziale Medien anzubieten und den Datenfluss auf der Website zu analysieren.<\/p>\n\n\n\n<p>Wir verwenden Cookies und andere \u00e4hnliche Technologien, die Information zu Ihrem Browserverlauf sammeln und speichern. Bei Cookies handelt es sich um kleine Textdateien, die auf dem Ger\u00e4t eines Nutzers gespeichert werden. Andere \u00e4hnliche Technologien sind z.B. <em>JavaScript<\/em>, <em>mobile Kennungen, Web beacons, u.a.<\/em><\/p>\n\n\n\n<h2 class=\"wp-block-heading\">Cookies verwalten<\/h2>\n\n\n\n<p>Ihr Internetbrowser bietet die M\u00f6glichkeit, die Verwendung von Cookies zu verwalten und zu deaktivieren. Weitere Information zur Verwaltung oder Deaktivierung von Cookies in Ihrem Browser finden Sie unter den folgenden Links oder im Hilfemen\u00fc des von Ihnen verwendeten Browsers.<\/p>\n\n\n\n<p><a href=\"https:\/\/support.microsoft.com\/en-gb\/help\/17442\/windows-internet-explorer-delete-manage-cookies\" target=\"_blank\" rel=\"noreferrer noopener\">Cookie-Einstellungen f\u00fcr den Browser Internet Explorer<\/a><br><a href=\"https:\/\/support.microsoft.com\/en-us\/windows\/microsoft-edge-browsing-data-and-privacy-bb8174ba-9d73-dcf2-9b4a-c582b4e640dd\" target=\"_blank\" rel=\"noreferrer noopener\">Cookie-Einstellungen f\u00fcr den Browser Microsoft Edge<\/a><br><a href=\"https:\/\/support.mozilla.org\/en-US\/products\/firefox\/protect-your-privacy\/cookies\" target=\"_blank\" rel=\"noreferrer noopener\">Cookie-Einstellungen f\u00fcr den Browser Firefox<\/a><br><a href=\"https:\/\/support.google.com\/chrome\/answer\/95647?hl=en\" target=\"_blank\" rel=\"noreferrer noopener\">Cookie-Einstellungen f\u00fcr den Browser  Chrome<\/a><br><a href=\"https:\/\/support.apple.com\/en-gb\/guide\/safari\/sfri11471\/mac\" target=\"_blank\" rel=\"noreferrer noopener\">Cookie-Einstellungen f\u00fcr den Browser Safari<\/a><br><a href=\"https:\/\/help.opera.com\/en\/latest\/web-preferences\/\" target=\"_blank\" rel=\"noreferrer noopener\">Cookie-Einstellungen f\u00fcr den Browser Opera<\/a><\/p>\n\n\n\n<p>Information zu anderen Browsern finden Sie auf der Website des jeweiligen Browserentwicklers.<\/p>\n\n\n\n<p>Um das Tracking von <em>Google Analytics <\/em>auf allen Websites zu deaktivieren, besuchen Sie die Website <a href=\"https:\/\/tools.google.com\/dlpage\/gaoptout\" target=\"_blank\" rel=\"noreferrer noopener\">http:\/\/tools.google.com\/dlpage\/gaoptout<\/a>.<\/p>\n\n\n\n<p>Sie haben die M\u00f6glichkeit, das Verzeichnis der verwendeten Cookies zu editieren.<\/p>\n\n\n\n<h2 class=\"wp-block-heading\">Arten von Cookies<\/h2>\n\n\n\n<h3 class=\"wp-block-heading\">Essenzielle Cookies<\/h3>\n\n\n\n<p>Diese Cookies sind zur Sicherstellung der Funktionalit\u00e4t der Website unbedingt erforderlich und k\u00f6nnen nicht deaktiviert werden. Sie werden in \u00dcbereinstimmung mit den Bestimmungen von Rechtsvorschriften auf Ihre Ger\u00e4te migriert. Die essenziellen Cookies werden nur als Reaktion auf Ihre Aktivit\u00e4ten verwendet, die sich als Anfrage einer Dienstleistung \u00e4u\u00dfern, z.B. beim Festlegen Ihrer pers\u00f6nlichen Auswahl oder bei der Verwendung von Anmelde- oder Informationsformularen. Wenn diese Cookies deaktiviert sind, kann es sein, dass die Website nicht richtig funktioniert. Sie enthalten keine Daten, die eine direkte Identifizierung von Ihnen erm\u00f6glichen.<\/p>\n\n\n\n<h3 class=\"wp-block-heading\">Performance- oder Statistik-Cookies<\/h3>\n\n\n\n<p>Mithilfe dieser Cookies k\u00f6nnen wir Information \u00fcber die Anzahl der Besuche auf unserer Website und den Ursprung des Datenflusses sammeln, um die Funktionsweise, das Design und die Funktionalit\u00e4t der Website optimieren zu k\u00f6nnen. Dank dieser Cookies erhalten wir Information \u00fcber die beliebtesten und die weniger beliebten Rubriken unserer Website und \u00fcber die Art und Weise, wie die Besucher unsere Website nutzen. Solche Cookies k\u00f6nnen sowohl von uns als auch von Dritten \u2013 Anbietern der jeweiligen Dienstleistung \u2013 platziert werden. Wenn Sie die Verwendung dieser Cookies deaktivieren, erhalten wir diese Information nicht oder nur in erheblich eingeschr\u00e4nktem Ma\u00dfe und k\u00f6nnen daher die das Benutzerverhalten nicht nachvollziehen und die Website nicht verbessern.<\/p>\n\n\n\n<h3 class=\"wp-block-heading\">Funktionale Cookies<\/h3>\n\n\n\n<p>Diese Cookies helfen, die Funktionalit\u00e4t der Website zu verbessern und ihren Inhalt zu personalisieren. Solche Cookies k\u00f6nnen sowohl von uns als auch von Dritten \u2013 Anbietern der jeweiligen Dienstleistungen \u2013 platziert werden. Wenn Sie diese Cookies deaktivieren, kann die Funktionalit\u00e4t der Website beeintr\u00e4chtigt sein und die angezeigten Inhalte werden nicht personalisiert.<\/p>\n\n\n\n<h3 class=\"wp-block-heading\">Marketing-Cookies<\/h3>\n\n\n\n<p>Marketing-Cookies k\u00f6nnen sowohl von uns als auch von Dritten \u2013 Anbietern der jeweiligen Dienstleistung \u2013 platziert werden. Der Zweck dieser Cookies besteht ist die Erstellung von Ihrem Interessenprofil, um relevante Werbung aus anderen Websites anbieten zu k\u00f6nnen. Solche Cookies speichern nicht direkt umfangreiche und detaillierte personenbezogene Daten \u00fcber Sie, basieren jedoch auf einer einzigartigen Identifizierung des Browsers und Ger\u00e4ts, die als Verarbeitung personenbezogener Daten gilt. Wenn Sie Marketing-Cookies deaktivieren, werden Sie weniger personalisierter Werbung erhalten.<\/p>\n\n\n\n<h3 class=\"wp-block-heading\">Cookies f\u00fcr soziale Medien<\/h3>\n\n\n\n<p>Die Dienste von sozialen Netzwerken nutzen Cookies, um Benutzer zu erkennen und dementsprechend z.B. bestimmte Artikel durch Anklicken eines Men\u00fcs teilen zu k\u00f6nnen. Solche Cookies k\u00f6nnen die von Ihnen besuchten Websites verfolgen und Ihr Interessenprofil erstellen. Die Cookies f\u00fcr soziale Medien k\u00f6nnen die Inhalte und Mitteilungen beeinflussen, die Sie auf anderen von Ihnen besuchten Websites sehen (z.B. Werbung von unserer Website und\/oder unseren Produkten\/Dienstleistungen). Wenn diese Cookies deaktiviert sind, k\u00f6nnen Sie bestimmte Inhalte auf der Website nicht teilen.<\/p>\n\n\n\n<h3 class=\"wp-block-heading\">Dar\u00fcber hinaus k\u00f6nnen Cookies nicht nur nach den vorstehend genannten Zwecken, sondern auch nach der Verweildauer eingeteilt werden<\/h3>\n\n\n\n<ul class=\"wp-block-list\">\n<li>Bei jedem Besuch unserer Website wird ein <strong>Sitzungscookie<\/strong> verwendet. Diese Art von Cookies verwenden wird, um Ihre Aktivit\u00e4ten auf unserer Website zu verkn\u00fcpfen, und jedes Sitzungscookie ist nur f\u00fcr die Dauer Ihrer Browsersitzung g\u00fcltig und endet nach Ablauf der Sitzung. Jede Browsersitzung beginnt, wenn Sie das Browserfenster \u00f6ffnen, und endet mit dem Schlie\u00dfen des Browserfensters. Nach dem Beenden Ihres Besuchs auf unserer Website werden alle Sitzungscookies automatisch gel\u00f6scht.<\/li>\n\n\n\n<li>Ein <strong>permanentes Cookie<\/strong> erm\u00f6glicht die Speicherung Ihrer Einstellungen oder Aktivit\u00e4ten auf der Website. Sein Lebenszyklus ist l\u00e4nger als dieser eines Sitzungscookies, jedoch von Fall zu Fall unterschiedlich. Und zwar werden die permanenten Cookies nicht automatisch am Ende der Sitzung gel\u00f6scht, sondern f\u00fcr die Zeit deaktiviert, w\u00e4hrend die Sitzung inaktiv ist. Es wird jedes Mal aktiviert, wenn Sie die Website besuchen, die das konkrete permanente Cookie erstellt hat.<\/li>\n<\/ul>\n\n\n\n<h3 class=\"wp-block-heading\">Cookies unterscheiden sich auch nach ihrer Herkunft<\/h3>\n\n\n\n<ul class=\"wp-block-list\">\n<li><strong>Erstanbieter-Cookies<\/strong> werden von uns oder unseren autorisierten Dienstanbietern in unserem Namen erstellt. Diese Cookies sorgen f\u00fcr ein besseres Online-Erlebnis. Die Cookies k\u00f6nnen grundlegende Information wie Ihren Benutzernamen und Ihre Spracheinstellungen speichern. Sie sind nur w\u00e4hrend des Besuchs der Website aktiv.<\/li>\n\n\n\n<li><strong>Drittanbieter-Cookies<\/strong> werden von anderen Produkt-\/Dienstanbietern erstellt und\/oder platziert. Manchmal werden von uns bei Werbung der Produkte von Drittanbietern auf unserer Website solche Cookies oder andere Tracking-Mechanismen verwendet, um Aktivit\u00e4tsprotokolle und Daten zu sammeln, die wir f\u00fcr Marketingzwecke ben\u00f6tigen, und so die Funktion zum Teilen in sozialen Netzwerken bereitzustellen. In solchem Fall erhalten auch Dritte Information aus diesen Cookies oder anderen Tracking-Mechanismen und k\u00f6nnen die gesammelten Daten f\u00fcr ihre eigenen Zwecke verwenden, die in ihren Datenschutzerkl\u00e4rungen n\u00e4her beschrieben sind. Wir empfehlen Ihnen, sich mit den Datenschutzerkl\u00e4rungen von allen unseren Drittanbietern vertraut zu machen. Wir verwenden z.B. <em>Google Analytics<\/em>, und weitere Information dazu finden Sie im Abschnitt \u201eWie wir Daten von Websites oder Apps verwenden, auf bzw. in denen unsere Dienste genutzt werden\u201c, indem Sie auf diesen Link klicken: https:\/\/policies.google.com\/technologies\/partner-sites.<\/li>\n<\/ul>\n\n\n\n<h2 class=\"wp-block-heading\">Auf der Website www.jt.lv verwendete Cookies<\/h2>\n\n\n\n<figure class=\"wp-block-table\"><table><tbody><tr><td>_gid<span style=\"font-size:12.0pt;line-height:107%;\nfont-family:&quot;Times New Roman&quot;,serif;mso-fareast-font-family:&quot;Times New Roman&quot;;\nmso-font-kerning:0pt;mso-ligatures:none;mso-ansi-language:LV;mso-fareast-language:\nLV;mso-bidi-language:AR-SA\"><\/span><\/td><td>Cookie von <em>Google Analytics<\/em>. Wird verwendet, um die Benutzeraktivit\u00e4t auf der Website zu verfolgen. Die Daten werden nach 24&nbsp;Stunden gel\u00f6scht.<\/td><\/tr><tr><td>_gat_gtag_[property_id]<\/td><td>Cookie von <em>Google Analytics<\/em>. Wird verwendet, um das Benutzerverhalten, den Datenfluss und -ursprung sowie sonstige Information zu analysieren. Die Daten werden nicht gespeichert.<\/td><\/tr><tr><td>_gat_UA-XXXXXXXX-X<\/td><td>Cookie von <em>Google Analytics<\/em> zur Reduzierung der Abfragerate. Speicherungsdauer \u2013 1&nbsp;Tag.<\/td><\/tr><tr><td>_ga.<\/td><td>Cookie von <em>Google Analytics<\/em>. Wird verwendet, um die Benutzeraktivit\u00e4t auf der Website zu verfolgen. Speicherungsdauer \u2013 2&nbsp;Jahre.<\/td><\/tr><tr><td>cookie-consent-given<\/td><td>Wird verwendet, um festzustellen, ob ein Website-Besucher Cookies akzeptiert hat. Dieses Cookie ist erforderlich, damit die Website der DSGVO entspricht. Speicherungsdauer \u2013 1&nbsp;Jahr.<\/td><\/tr><tr><td>CookieControl<\/td><td>Notwendiges Cookie. Speichert den Status der Einwilligung des Benutzers zur Verwendung von Cookies. Speicherungsdauer \u2013 3&nbsp;Monate.<\/td><\/tr><tr><td>sessionid<\/td><td>Notwendiges Cookie. Erforderlich, damit der Benutzer beim Dienst angemeldet bleiben kann. Wird beim Schlie\u00dfen des Browsers gel\u00f6scht.<\/td><\/tr><tr><td>Sentryid<\/td><td>Funktionale Cookie. Identifiziert und meldet erkannte Fehler an Entwickler. Speicherungsdauer \u2013 1&nbsp;Monat.<\/td><\/tr><tr><td>_ga, _ga_Y3CDQQNDLQ<\/td><td>Statistik-Cookie. Cookie von <em>Google Analytics<\/em>. Erfasst und erstellt statistische Daten \u00fcber die Nutzung der Website durch den Benutzer. Die Information wird anonym gespeichert, und zwecks der Identifizierung einzelner Besucher wird eine zuf\u00e4llig generierte Nummer zugewiesen. Speicherungsdauer \u2013 13&nbsp;Monate.<\/td><\/tr><tr><td>Sc<\/td><td>Funktionale Cookie. Identifiziert und meldet erkannte Fehler an Entwickler. Speicherungsdauer \u2013 1&nbsp;Jahr.<\/td><\/tr><\/tbody><\/table><\/figure>\n\n\n\n<h2 class=\"wp-block-heading\">Wer hat Zugriff auf die mittels Cookies erfasste Information?<\/h2>\n\n\n\n<p>JELGAVAS TIPOGR\u0100FIJA und die von ihr herangezogenen Dienstleister k\u00f6nnen gem\u00e4\u00df der Datenschutzerkl\u00e4rung von JELGAVAS TIPOGR\u0100FIJA den Zugriff auf die Daten haben. Dienste Dritter und soziale Plugins k\u00f6nnen gem\u00e4\u00df ihren geltenden Datenschutzerkl\u00e4rungen Daten \u00fcber Besuche der Benutzer erheben.<\/p>\n\n\n\n<h2 class=\"wp-block-heading\">Kontaktinformation<\/h2>\n\n\n\n<p>JELGAVAS TIPOGR\u0100FIJA ist der Verantwortliche bez\u00fcglich Cookies und \u00e4hnlicher Datens\u00e4tze.<br>Wenn Sie Fragen zu unserer Cookie-Politik haben, wenden Sie sich bitte an uns:<\/p>\n\n\n\n<ul class=\"wp-block-list\">\n<li>E-Mail:<strong>&nbsp;<\/strong>jt@jt.lv<\/li>\n\n\n\n<li>Telefon:<strong> <\/strong>+371 63 024 501<\/li>\n<\/ul>\n","protected":false},"excerpt":{"rendered":"<p>Die Website www.jt.lv verwendet Cookies, um Inhalte und Werbung zu personalisieren, Funktionen f\u00fcr soziale Medien anzubieten und den Datenfluss auf der Website zu analysieren. Wir verwenden Cookies und andere \u00e4hnliche Technologien, die Information zu Ihrem Browserverlauf sammeln und speichern. Bei Cookies handelt es sich um kleine Textdateien, die auf dem Ger\u00e4t eines Nutzers gespeichert werden. [&hellip;]<\/p>\n","protected":false},"author":1,"featured_media":0,"parent":0,"menu_order":61,"comment_status":"closed","ping_status":"closed","template":"","meta":{"_acf_changed":false,"inline_featured_image":false,"footnotes":""},"class_list":["post-6598","page","type-page","status-publish","hentry"],"acf":[],"yoast_head":"<!-- This site is optimized with the Yoast SEO plugin v27.4 - https:\/\/yoast.com\/product\/yoast-seo-wordpress\/ -->\n<title>Cookie-Politik - Jelgavas tipogr\u0101fija<\/title>\n<meta name=\"robots\" content=\"index, follow, max-snippet:-1, max-image-preview:large, max-video-preview:-1\" \/>\n<link rel=\"canonical\" href=\"https:\/\/jt.lv\/de\/cookie-politik\/\" \/>\n<meta property=\"og:locale\" content=\"de_DE\" \/>\n<meta property=\"og:type\" content=\"article\" \/>\n<meta property=\"og:title\" content=\"Cookie-Politik - Jelgavas tipogr\u0101fija\" \/>\n<meta property=\"og:description\" content=\"Die Website www.jt.lv verwendet Cookies, um Inhalte und Werbung zu personalisieren, Funktionen f\u00fcr soziale Medien anzubieten und den Datenfluss auf der Website zu analysieren. Wir verwenden Cookies und andere \u00e4hnliche Technologien, die Information zu Ihrem Browserverlauf sammeln und speichern. Bei Cookies handelt es sich um kleine Textdateien, die auf dem Ger\u00e4t eines Nutzers gespeichert werden. [&hellip;]\" \/>\n<meta property=\"og:url\" content=\"https:\/\/jt.lv\/de\/cookie-politik\/\" \/>\n<meta property=\"og:site_name\" content=\"Jelgavas tipogr\u0101fija\" \/>\n<meta property=\"article:modified_time\" content=\"2025-06-18T13:00:04+00:00\" \/>\n<meta property=\"og:image\" content=\"https:\/\/jt.lv\/wp-content\/uploads\/2025\/06\/site-image.png\" \/>\n\t<meta property=\"og:image:width\" content=\"1200\" \/>\n\t<meta property=\"og:image:height\" content=\"675\" \/>\n\t<meta property=\"og:image:type\" content=\"image\/png\" \/>\n<meta name=\"twitter:card\" content=\"summary_large_image\" \/>\n<meta name=\"twitter:label1\" content=\"Est. reading time\" \/>\n\t<meta name=\"twitter:data1\" content=\"7 Minuten\" \/>\n<script type=\"application\/ld+json\" class=\"yoast-schema-graph\">{\"@context\":\"https:\\\/\\\/schema.org\",\"@graph\":[{\"@type\":\"WebPage\",\"@id\":\"https:\\\/\\\/jt.lv\\\/de\\\/cookie-politik\\\/\",\"url\":\"https:\\\/\\\/jt.lv\\\/de\\\/cookie-politik\\\/\",\"name\":\"Cookie-Politik - Jelgavas tipogr\u0101fija\",\"isPartOf\":{\"@id\":\"http:\\\/\\\/jt.lv\\\/de\\\/#website\"},\"datePublished\":\"2024-01-18T10:16:46+00:00\",\"dateModified\":\"2025-06-18T13:00:04+00:00\",\"breadcrumb\":{\"@id\":\"https:\\\/\\\/jt.lv\\\/de\\\/cookie-politik\\\/#breadcrumb\"},\"inLanguage\":\"de-DE\",\"potentialAction\":[{\"@type\":\"ReadAction\",\"target\":[\"https:\\\/\\\/jt.lv\\\/de\\\/cookie-politik\\\/\"]}]},{\"@type\":\"BreadcrumbList\",\"@id\":\"https:\\\/\\\/jt.lv\\\/de\\\/cookie-politik\\\/#breadcrumb\",\"itemListElement\":[{\"@type\":\"ListItem\",\"position\":1,\"name\":\"Home\",\"item\":\"https:\\\/\\\/jt.lv\\\/de\\\/\"},{\"@type\":\"ListItem\",\"position\":2,\"name\":\"Cookie-Politik\"}]},{\"@type\":\"WebSite\",\"@id\":\"http:\\\/\\\/jt.lv\\\/de\\\/#website\",\"url\":\"http:\\\/\\\/jt.lv\\\/de\\\/\",\"name\":\"Jelgavas tipogr\u0101fija\",\"description\":\"M\u0113s ra\u017eojam gr\u0101matas.\",\"publisher\":{\"@id\":\"http:\\\/\\\/jt.lv\\\/de\\\/#organization\"},\"potentialAction\":[{\"@type\":\"SearchAction\",\"target\":{\"@type\":\"EntryPoint\",\"urlTemplate\":\"http:\\\/\\\/jt.lv\\\/de\\\/?s={search_term_string}\"},\"query-input\":{\"@type\":\"PropertyValueSpecification\",\"valueRequired\":true,\"valueName\":\"search_term_string\"}}],\"inLanguage\":\"de-DE\"},{\"@type\":\"Organization\",\"@id\":\"http:\\\/\\\/jt.lv\\\/de\\\/#organization\",\"name\":\"Jelgavas tipogr\u0101fija\",\"url\":\"http:\\\/\\\/jt.lv\\\/de\\\/\",\"logo\":{\"@type\":\"ImageObject\",\"inLanguage\":\"de-DE\",\"@id\":\"http:\\\/\\\/jt.lv\\\/de\\\/#\\\/schema\\\/logo\\\/image\\\/\",\"url\":\"https:\\\/\\\/jt.lv\\\/wp-content\\\/uploads\\\/2025\\\/06\\\/jt-logo.png\",\"contentUrl\":\"https:\\\/\\\/jt.lv\\\/wp-content\\\/uploads\\\/2025\\\/06\\\/jt-logo.png\",\"width\":696,\"height\":696,\"caption\":\"Jelgavas tipogr\u0101fija\"},\"image\":{\"@id\":\"http:\\\/\\\/jt.lv\\\/de\\\/#\\\/schema\\\/logo\\\/image\\\/\"}}]}<\/script>\n<!-- \/ Yoast SEO plugin. -->","yoast_head_json":{"title":"Cookie-Politik - Jelgavas tipogr\u0101fija","robots":{"index":"index","follow":"follow","max-snippet":"max-snippet:-1","max-image-preview":"max-image-preview:large","max-video-preview":"max-video-preview:-1"},"canonical":"https:\/\/jt.lv\/de\/cookie-politik\/","og_locale":"de_DE","og_type":"article","og_title":"Cookie-Politik - Jelgavas tipogr\u0101fija","og_description":"Die Website www.jt.lv verwendet Cookies, um Inhalte und Werbung zu personalisieren, Funktionen f\u00fcr soziale Medien anzubieten und den Datenfluss auf der Website zu analysieren. Wir verwenden Cookies und andere \u00e4hnliche Technologien, die Information zu Ihrem Browserverlauf sammeln und speichern. Bei Cookies handelt es sich um kleine Textdateien, die auf dem Ger\u00e4t eines Nutzers gespeichert werden. [&hellip;]","og_url":"https:\/\/jt.lv\/de\/cookie-politik\/","og_site_name":"Jelgavas tipogr\u0101fija","article_modified_time":"2025-06-18T13:00:04+00:00","og_image":[{"width":1200,"height":675,"url":"https:\/\/jt.lv\/wp-content\/uploads\/2025\/06\/site-image.png","type":"image\/png"}],"twitter_card":"summary_large_image","twitter_misc":{"Est. reading time":"7 Minuten"},"schema":{"@context":"https:\/\/schema.org","@graph":[{"@type":"WebPage","@id":"https:\/\/jt.lv\/de\/cookie-politik\/","url":"https:\/\/jt.lv\/de\/cookie-politik\/","name":"Cookie-Politik - Jelgavas tipogr\u0101fija","isPartOf":{"@id":"http:\/\/jt.lv\/de\/#website"},"datePublished":"2024-01-18T10:16:46+00:00","dateModified":"2025-06-18T13:00:04+00:00","breadcrumb":{"@id":"https:\/\/jt.lv\/de\/cookie-politik\/#breadcrumb"},"inLanguage":"de-DE","potentialAction":[{"@type":"ReadAction","target":["https:\/\/jt.lv\/de\/cookie-politik\/"]}]},{"@type":"BreadcrumbList","@id":"https:\/\/jt.lv\/de\/cookie-politik\/#breadcrumb","itemListElement":[{"@type":"ListItem","position":1,"name":"Home","item":"https:\/\/jt.lv\/de\/"},{"@type":"ListItem","position":2,"name":"Cookie-Politik"}]},{"@type":"WebSite","@id":"http:\/\/jt.lv\/de\/#website","url":"http:\/\/jt.lv\/de\/","name":"Jelgavas tipogr\u0101fija","description":"M\u0113s ra\u017eojam gr\u0101matas.","publisher":{"@id":"http:\/\/jt.lv\/de\/#organization"},"potentialAction":[{"@type":"SearchAction","target":{"@type":"EntryPoint","urlTemplate":"http:\/\/jt.lv\/de\/?s={search_term_string}"},"query-input":{"@type":"PropertyValueSpecification","valueRequired":true,"valueName":"search_term_string"}}],"inLanguage":"de-DE"},{"@type":"Organization","@id":"http:\/\/jt.lv\/de\/#organization","name":"Jelgavas tipogr\u0101fija","url":"http:\/\/jt.lv\/de\/","logo":{"@type":"ImageObject","inLanguage":"de-DE","@id":"http:\/\/jt.lv\/de\/#\/schema\/logo\/image\/","url":"https:\/\/jt.lv\/wp-content\/uploads\/2025\/06\/jt-logo.png","contentUrl":"https:\/\/jt.lv\/wp-content\/uploads\/2025\/06\/jt-logo.png","width":696,"height":696,"caption":"Jelgavas tipogr\u0101fija"},"image":{"@id":"http:\/\/jt.lv\/de\/#\/schema\/logo\/image\/"}}]}},"_links":{"self":[{"href":"https:\/\/jt.lv\/de\/wp-json\/wp\/v2\/pages\/6598","targetHints":{"allow":["GET"]}}],"collection":[{"href":"https:\/\/jt.lv\/de\/wp-json\/wp\/v2\/pages"}],"about":[{"href":"https:\/\/jt.lv\/de\/wp-json\/wp\/v2\/types\/page"}],"author":[{"embeddable":true,"href":"https:\/\/jt.lv\/de\/wp-json\/wp\/v2\/users\/1"}],"replies":[{"embeddable":true,"href":"https:\/\/jt.lv\/de\/wp-json\/wp\/v2\/comments?post=6598"}],"version-history":[{"count":2,"href":"https:\/\/jt.lv\/de\/wp-json\/wp\/v2\/pages\/6598\/revisions"}],"predecessor-version":[{"id":7789,"href":"https:\/\/jt.lv\/de\/wp-json\/wp\/v2\/pages\/6598\/revisions\/7789"}],"wp:attachment":[{"href":"https:\/\/jt.lv\/de\/wp-json\/wp\/v2\/media?parent=6598"}],"curies":[{"name":"wp","href":"https:\/\/api.w.org\/{rel}","templated":true}]}}