{"id":6594,"date":"2023-07-26T05:38:45","date_gmt":"2023-07-26T03:38:45","guid":{"rendered":"https:\/\/jt.lv\/privatuma-politika\/"},"modified":"2025-07-01T12:52:25","modified_gmt":"2025-07-01T10:52:25","slug":"datenschutzerklarung","status":"publish","type":"page","link":"https:\/\/jt.lv\/de\/datenschutzerklarung\/","title":{"rendered":"Datenschutzerkl\u00e4rung"},"content":{"rendered":"\n<p>Der Schutz von Daten unserer Kunden und Partner ist uns sehr wichtig. Um weiterhin erfolgreich arbeiten zu k\u00f6nnen, m\u00fcssen wir f\u00fcr verschiedene Zwecke personenbezogene Daten erheben, verarbeiten und speichern. Die Zwecke sind klar definiert, legitim und rechtlich begr\u00fcndet.<\/p>\n\n\n\n<p>SIA &#8222;JELGAVAS TIPOGR\u0100FIJA&#8220; hat sich verpflichtet, mit Ihren Daten sorgf\u00e4ltig umzugehen und bei ihrer Erhebung, Verarbeitung und Speicherung die Verordnung (EU) 2016\/679 des Europ\u00e4ischen Parlaments und des Rates vom 27.&nbsp;April 2016 zum Schutz nat\u00fcrlicher Personen bei der Verarbeitung personenbezogener Daten, zum freien Datenverkehr und zur Aufhebung der Richtlinie 95\/46\/EG sowie das Gesetz \u00fcber Verarbeitung von Daten nat\u00fcrlicher Personen einzuhalten.<\/p>\n\n\n\n<h2 class=\"wp-block-heading\">1. Unsere Unternehmensdaten und Kontaktinformation<\/h2>\n\n\n\n<p>SIA &#8222;JELGAVAS TIPOGR\u0100FIJA&#8220;<br>Einheitliche Handelsregisternummer: 43603009384<br>Hausanschrift: Langervaldes-Stra\u00dfe 1A, Jelgava, V-3002<br>E-Mail: jt@jt.lv<\/p>\n\n\n\n<p>Kontaktinformation bei Fragen \u00fcber Datenschutz:<\/p>\n\n\n\n<ul class=\"wp-block-list\">\n<li>Mitarbeiter von JELGAVAS TIPOGR\u0100FIJA, E-Mail: jt@jt.lv; Telefon: +371&nbsp;63&nbsp;024&nbsp;501;<\/li>\n\n\n\n<li>Datenschutzbeauftragte: L\u012bga Zelti\u0146a; E-Mail: liga@zitc.lv; Telefon: +371&nbsp;63&nbsp;026&nbsp;605.<\/li>\n<\/ul>\n\n\n\n<h2 class=\"wp-block-heading\">2. Welche Daten verarbeitet JELGAVAS TIPOGR\u0100FIJA?<\/h2>\n\n\n\n<p>Je nach Zweck kann das Unternehmen folgende Kategorien personenbezogener Daten verarbeiten: Vorname, Nachname, Postanschrift, E-Mail-Adresse, Telefonnummer, Land sowie \u2013 bei einer Bewerbung \u2013 Alter, Geburtsdatum, Geschlecht (sofern angegeben), Berufserfahrung, Ausbildung und sonstige Informationen, die in einem nachvollziehbaren Zusammenhang mit der Bewerbung stehen. Bitte f\u00fcgen Sie Ihrem Lebenslauf keine sensiblen personenbezogenen Daten bei (z.\u202fB. Angaben zum Gesundheitszustand, zur religi\u00f6sen \u00dcberzeugung, zu politischen Ansichten usw.), da diese Daten nicht verarbeitet werden.<\/p>\n\n\n\n<p>Online-Daten und Kennungen \u2013 Daten, die \u00fcber Cookies oder \u00e4hnliche Technologien erhoben werden und sich auf die Nutzung unserer Dienste beziehen, z.B. Ihre Browserverl\u00e4ufe und -segmente, Ihre IP-Adresse, Cookie-ID, ID Ihres Mobilger\u00e4ts, Browser- und Ger\u00e4teinformation sowie der Standort.<\/p>\n\n\n\n<h2 class=\"wp-block-heading\">3. Wie werden personenbezogene Daten erhoben?<\/h2>\n\n\n\n<p>Es gibt 5&nbsp;verschiedene Arten, wie Ihre Daten auf unserer Website erhoben werden k\u00f6nnen:<\/p>\n\n\n\n<ul class=\"wp-block-list\">\n<li>Cookies f\u00fcr Funktionalit\u00e4t \u2013 Standort, IP-Adresse, Daten zur Identifizierung eines bestimmten Ger\u00e4ts (z.\u202fB. Mobiltelefon, Tablet, Computer), Browserdaten des verwendeten Ger\u00e4ts;<\/li>\n\n\n\n<li>beim Ausf\u00fcllen des Preisangebotsformulars \u2013 Land, Vorname, Nachname, Kontaktdaten;<\/li>\n\n\n\n<li>im Abschnitt f\u00fcr Datei-Uploads \u2013 Vorname, Nachname, Kontaktdaten;<\/li>\n\n\n\n<li>beim Abonnieren von Neuigkeiten, einschlie\u00dflich Marketingmitteilungen, im Footer der Startseite \u2013 E-Mail-Adresse;<\/li>\n\n\n\n<li>bei der Bewerbung auf eine ausgeschriebene Stelle \u2013 Vorname, Nachname, Kontaktdaten.<\/li>\n<\/ul>\n\n\n\n<h2 class=\"wp-block-heading\">4. Zu welchem Zweck und auf welcher Rechtsgrundlage werden die Daten erhoben, verarbeitet und gespeichert?<\/h2>\n\n\n\n<p>Wir verarbeiten Ihre Daten zu folgenden Zwecken:<\/p>\n\n\n\n<ul class=\"wp-block-list\">\n<li>Vorbereitung und zum Abschluss von Vertr\u00e4gen;<\/li>\n\n\n\n<li>Betrieb\/Aufrechterhaltung von Dienstleistungen;<\/li>\n\n\n\n<li>Optimierung der Dienstleistungen und Entwicklung neuer Dienstleistungen;<\/li>\n\n\n\n<li>F\u00f6rderung der Nutzung von Dienstleistungen;<\/li>\n\n\n\n<li>Betreuung von Kooperationspartnern;<\/li>\n\n\n\n<li>Pr\u00fcfung und Bearbeitung von Beschwerden;<\/li>\n\n\n\n<li>Aufbau von Loyalit\u00e4t, Zufriedenheitsmessungen;<\/li>\n\n\n\n<li>Rechnungsverwaltung;<\/li>\n\n\n\n<li>Beitreibung und Vollstreckung von Forderungen;<\/li>\n\n\n\n<li>Wartung der Website und Optimierung ihrer Funktionen;<\/li>\n\n\n\n<li>Statistik und Arbeitsanalyse;<\/li>\n\n\n\n<li>Planung und Erfassung;<\/li>\n\n\n\n<li>Messung der Effizienz;<\/li>\n\n\n\n<li>Gew\u00e4hrleistung der Datenqualit\u00e4t;<\/li>\n\n\n\n<li>Erstellung von Berichten;<\/li>\n\n\n\n<li>Durchf\u00fchrung von Kundenumfragen;<\/li>\n\n\n\n<li>f\u00fcr sonstige spezifische Zwecke, \u00fcber die der Kunde informiert wird, wenn er uns die entsprechenden Daten bereitstellt.<\/li>\n<\/ul>\n\n\n\n<h2 class=\"wp-block-heading\">5. Wie und wie lange werden Ihre Daten gespeichert?<\/h2>\n\n\n\n<p>Wir speichern und verarbeiten Ihre personenbezogenen Daten, solange mindestens eine der nachstehenden Voraussetzungen erf\u00fcllt ist:<\/p>\n\n\n\n<ul class=\"wp-block-list\">\n<li>es gibt einen wirksam abgeschlossenen Vertrag mit Ihnen;<\/li>\n\n\n\n<li>eine der Parteien hat berechtigte rechtliche Anspr\u00fcche, die gem\u00e4\u00df den geltenden Rechtsvorschriften geltend gemacht werden k\u00f6nnen (z.\u202fB. Einw\u00e4nde erheben oder ihre Rechte vor Gericht verteidigen);<\/li>\n\n\n\n<li>eine der Parteien ist gesetzlich zur Aufbewahrung der Daten verpflichtet;<\/li>\n\n\n\n<li>Ihre Einwilligung zur jeweiligen Verarbeitung personenbezogener Daten liegt vor, sofern keine andere Rechtsgrundlage f\u00fcr die Datenverarbeitung besteht.<\/li>\n<\/ul>\n\n\n\n<p>Nach dem Wegfall dieser Voraussetzungen werden die personenbezogenen Daten gel\u00f6scht.<\/p>\n\n\n\n<p>Wir sch\u00fctzen Ihre personenbezogenen Daten mithilfe moderner Technologien, unter Ber\u00fccksichtigung der bestehenden Datenschutzrisiken und der angemessenen, uns zur Verf\u00fcgung stehenden organisatorischen, finanziellen und technischen Ressourcen, unter anderem mithilfe folgender Sicherheitsma\u00dfnahmen:<\/p>\n\n\n\n<ul class=\"wp-block-list\">\n<li>Datenverschl\u00fcsselung bei der Daten\u00fcbertragung (SSL-Technik);<\/li>\n\n\n\n<li>Beschr\u00e4nkung der Speicherungsdauer Ihrer personenbezogenen Daten auf die zur Erreichung der vorstehend beschriebenen Zwecke erforderliche oder gesetzlich vorgeschriebene Frist;<\/li>\n\n\n\n<li>Zuweisung allen personenbezogenen Daten, die uns \u00fcber Benutzer der Website www.jt.lv bekannt werden, den Status vertraulicher Information;<\/li>\n\n\n\n<li>Verarbeitung und Nutzung der personenbezogenen Daten ausschlie\u00dflich zu dem in der vorliegenden Datenschutzerkl\u00e4rung genannten Zweck und nur im erforderlichen Umfang;<\/li>\n\n\n\n<li>Gew\u00e4hrleistung bei der Verarbeitung und Speicherung Ihrer personenbezogenen Daten des Schutzes der personenbezogenen Daten vor versehentlicher oder unrechtm\u00e4\u00dfiger Offenlegung, Ver\u00e4nderung sowie vor sonstiger unrechtm\u00e4\u00dfiger Verarbeitung;<\/li>\n\n\n\n<li>Zugriff auf die Datenverarbeitungs- und \u00c4nderungsfunktionen ausschlie\u00dflich durch unsere autorisierten Verantwortlichen.<\/li>\n<\/ul>\n\n\n\n<h2 class=\"wp-block-heading\">6. Wer hat Zugriff auf Ihre personenbezogenen Daten?<\/h2>\n\n\n\n<p>Ihre personenbezogenen Daten sowie jede im Rahmen der Leistungserbringung und w\u00e4hrend der Vertragslaufzeit erhaltene Information, einschlie\u00dflich Information \u00fcber die in Anspruch genommenen Dienstleistungen, werden nicht an Dritte offengelegt, es sei denn, dass:<\/p>\n\n\n\n<ul class=\"wp-block-list\">\n<li>dem jeweiligen Dritten die Daten im Rahmen eines abgeschlossenen Vertrags \u00fcbermittelt werden m\u00fcssen, um eine f\u00fcr die Durchf\u00fchrung des Vertrags erforderliche oder gesetzlich \u00fcbertragene Funktion zu erf\u00fcllen (z.B. an eine Bank im Rahmen der Abrechnung oder zur Sicherstellung einer Dienstleistung);<\/li>\n\n\n\n<li>Ihre klare und eindeutige Zustimmung vorliegt;<\/li>\n\n\n\n<li>es an in externen Rechtsvorschriften vorgesehene Personen auf deren begr\u00fcndeten Antrag unter Einhaltung des in den externen Rechtsvorschriften festgelegten Ordnung und des Umfangs erfolgt;<\/li>\n\n\n\n<li>es in den in externen Rechtsvorschriften festgelegten F\u00e4llen zum Schutz unserer berechtigten Interessen erfolgt, z.B. wenn wir uns an Gerichte oder andere staatliche Institutionen wenden, um gegen eine Person vorzugehen, die diese berechtigten Interessen verletzt hat.<\/li>\n<\/ul>\n\n\n\n<h2 class=\"wp-block-heading\">7. \u00dcbermitteln wir Daten in Drittl\u00e4nder?<\/h2>\n\n\n\n<p>Nein, Ihre Daten werden nicht au\u00dferhalb der EU bzw. des EWR \u00fcbermittelt.<\/p>\n\n\n\n<h2 class=\"wp-block-heading\">8. Cookies<\/h2>\n\n\n\n<p>Wenn Sie unsere Dienstleistungen nutzen oder unsere Website besuchen, kann JELGAVAS TIPOGR\u0100FIJA mithilfe von Cookies oder \u00e4hnlichen Technologien Daten Ihrer Ger\u00e4te erheben. Weitere Information zur Verwaltung von Cookies und Online-Datennutzung finden Sie <a href=\"https:\/\/jt.lv\/de\/cookie-politik\/\" target=\"_blank\" rel=\"noreferrer noopener\">hier<\/a><strong>.<\/strong><\/p>\n\n\n\n<h2 class=\"wp-block-heading\">9. Welche Rechte haben Sie und wie k\u00f6nnen Sie diese Rechte aus\u00fcben?<\/h2>\n\n\n\n<p>Wenn Sie Fragen zu Ihren Rechten haben oder diese aus\u00fcben m\u00f6chten, wenden Sie sich bitte an uns. Bitte beachten Sie, dass zur sicheren und rechtm\u00e4\u00dfigen Erf\u00fcllung Ihrer Anfragen wir Sie als Eigent\u00fcmer der Daten identifizieren m\u00fcssen.<\/p>\n\n\n\n<p><strong><strong>Ihre Rechte<\/strong><\/strong><\/p>\n\n\n\n<ul class=\"wp-block-list\">\n<li>Recht auf Auskunft \u00fcber die personenbezogenen Daten: Sie haben das Recht, \u00fcber die von uns vorgenommene Datenverarbeitung informiert zu werden und eine Kopie Ihrer personenbezogenen Daten anzufordern.<\/li>\n\n\n\n<li>Recht auf Berichtigung der personenbezogener Daten: Sie k\u00f6nnen die Berichtigung Ihrer Daten verlangen, falls die Daten unrichtig oder veraltet sind.<\/li>\n\n\n\n<li>Recht auf Daten\u00fcbertragbarkeit: Sie haben die M\u00f6glichkeit, die personenbezogenen Daten, die Sie uns bereitgestellt haben, zu erhalten und weiterzuverwenden. Wir k\u00f6nnen eine ausgew\u00e4hlte Sammlung von Daten in einem maschinenlesbaren Format bereitstellen, wenn die Verarbeitung aufgrund eines Vertrags oder einer Einwilligung vorgenommen wurde.<\/li>\n\n\n\n<li>Recht auf L\u00f6schung \u2013 Sie haben das Recht, die L\u00f6schung Ihrer personenbezogenen Daten zu verlangen, wenn f\u00fcr deren Verarbeitung keine rechtliche Grundlage mehr besteht oder wenn die Verarbeitung auf Ihrer Einwilligung beruht und diese widerrufen wurde. Daten werden nur dann nicht gel\u00f6scht, wenn ihre Aufbewahrung durch geltende gesetzliche Vorschriften vorgeschrieben ist (z.\u202fB. zur Erf\u00fcllung buchhalterischer oder rechtlicher Verpflichtungen).<\/li>\n\n\n\n<li>Recht auf Widerruf der Einwilligung: wenn Sie eine Einwilligung zur Datenverarbeitung erteilt haben, sind Sie jederzeit berechtigt, sie zu widerrufen.<\/li>\n\n\n\n<li>Widerspruchsrecht gegen die Verarbeitung: Sie haben das Recht, der Verarbeitung Ihrer personenbezogenen Daten aufgrund unserer berechtigten Interessen, z.B. zur Entwicklung unserer Produkte und Dienstleistungen sowie zu anderen vorstehend beschriebenen Zwecken, zu widersprechen. JELGAVAS TIPOGR\u0100FIJA kann Ihre Einw\u00e4nde ablehnen, sofern berechtigte Gr\u00fcnde f\u00fcr die Fortsetzung der Verarbeitung bestehen.<\/li>\n\n\n\n<li>Recht auf Einschr\u00e4nkung der Verarbeitung: \u00e4hnlich wie bei der Datenl\u00f6schung haben Sie auch das Recht auf Einschr\u00e4nkung der Verarbeitung Ihrer Daten, soweit dies nicht zur Wahrung berechtigter Interessen erforderlich ist.<\/li>\n\n\n\n<li>Abmeldung von elektronischen Marketingmitteilungen und Kundenumfragen: wenn Sie Newsletter und Marketingmitteilungen von JELGAVAS TIPOGR\u0100FIJA nicht mehr erhalten m\u00f6chten, schicken Sie die Nachricht \u201eSTOP MARKETING TO: [Ihre E-Mail-Adresse]\u201c an unsere E-Mail-Adresse jt@jt.lv.<\/li>\n\n\n\n<li>Verwaltung von Cookies und Deaktivieren gezielter Online-Werbung: wenn Sie Cookies auf unseren Websites verwalten oder gezielte Online-Werbung deaktivieren m\u00f6chten, verwenden Sie bitte die in unserer Cookie-Politik bereitgestellten Links.<\/li>\n<\/ul>\n\n\n\n<p><strong><strong>Wie kann eine Beschwerde eingereicht werden?<\/strong><\/strong><br>Falls Sie Einw\u00e4nde gegen die Verarbeitung Ihrer Daten haben, wenden Sie sich bitte an uns.<\/p>\n\n\n\n<p>Wenn wir zu keiner gemeinsamen L\u00f6sung kommen, haben Sie das Recht, Beschwerde bei der Aufsichtsbeh\u00f6rde einzureichen. Wenn Sie der Meinung sind, dass wir bei der Verarbeitung Ihrer personenbezogenen Daten die Rechtsvorschriften \u00fcber den Schutz personenbezogener Daten verletzen, haben Sie das Recht, eine Beschwerde bei der staatlichen Datenschutzinspektion einzureichen: Blauma\u0146a iela 11\/13-15, Riga, LV\u20111010, <a href=\"https:\/\/www.dvi.gov.lv\/\">https:\/\/www.dvi.gov.lv\/<\/a>.<\/p>\n\n\n\n<h2 class=\"wp-block-heading\">10. \u00c4nderungen der Datenschutzerkl\u00e4rung<\/h2>\n\n\n\n<p>Wir behalten uns das Recht vor, die Datenschutzerkl\u00e4rung jederzeit und ohne Vorank\u00fcndigung zu \u00e4ndern und zu erg\u00e4nzen. Die aktuelle Version der Datenschutzerkl\u00e4rung ist auf der Website www.jt.lv verf\u00fcgbar.<\/p>\n\n\n\n<p>Wenn Sie Fragen oder Einw\u00e4nde zu dieser Datenschutzrichtlinie haben, kontaktieren Sie uns bitte per E-Mail unter jt@jt.lv oder telefonisch unter +371 63 024 501.<\/p>\n\n\n\n<p><\/p>\n","protected":false},"excerpt":{"rendered":"<p>Der Schutz von Daten unserer Kunden und Partner ist uns sehr wichtig. Um weiterhin erfolgreich arbeiten zu k\u00f6nnen, m\u00fcssen wir f\u00fcr verschiedene Zwecke personenbezogene Daten erheben, verarbeiten und speichern. Die Zwecke sind klar definiert, legitim und rechtlich begr\u00fcndet. SIA &#8222;JELGAVAS TIPOGR\u0100FIJA&#8220; hat sich verpflichtet, mit Ihren Daten sorgf\u00e4ltig umzugehen und bei ihrer Erhebung, Verarbeitung und [&hellip;]<\/p>\n","protected":false},"author":1,"featured_media":0,"parent":0,"menu_order":57,"comment_status":"closed","ping_status":"open","template":"","meta":{"_acf_changed":false,"inline_featured_image":false,"footnotes":""},"class_list":["post-6594","page","type-page","status-publish","hentry"],"acf":[],"yoast_head":"<!-- This site is optimized with the Yoast SEO plugin v27.1.1 - https:\/\/yoast.com\/product\/yoast-seo-wordpress\/ -->\n<title>Datenschutzerkl\u00e4rung - Jelgavas tipogr\u0101fija<\/title>\n<meta name=\"robots\" content=\"index, follow, max-snippet:-1, max-image-preview:large, max-video-preview:-1\" \/>\n<link rel=\"canonical\" href=\"https:\/\/jt.lv\/de\/datenschutzerklarung\/\" \/>\n<meta property=\"og:locale\" content=\"de_DE\" \/>\n<meta property=\"og:type\" content=\"article\" \/>\n<meta property=\"og:title\" content=\"Datenschutzerkl\u00e4rung - Jelgavas tipogr\u0101fija\" \/>\n<meta property=\"og:description\" content=\"Der Schutz von Daten unserer Kunden und Partner ist uns sehr wichtig. Um weiterhin erfolgreich arbeiten zu k\u00f6nnen, m\u00fcssen wir f\u00fcr verschiedene Zwecke personenbezogene Daten erheben, verarbeiten und speichern. Die Zwecke sind klar definiert, legitim und rechtlich begr\u00fcndet. SIA &#8222;JELGAVAS TIPOGR\u0100FIJA&#8220; hat sich verpflichtet, mit Ihren Daten sorgf\u00e4ltig umzugehen und bei ihrer Erhebung, Verarbeitung und [&hellip;]\" \/>\n<meta property=\"og:url\" content=\"https:\/\/jt.lv\/de\/datenschutzerklarung\/\" \/>\n<meta property=\"og:site_name\" content=\"Jelgavas tipogr\u0101fija\" \/>\n<meta property=\"article:modified_time\" content=\"2025-07-01T10:52:25+00:00\" \/>\n<meta property=\"og:image\" content=\"https:\/\/jt.lv\/wp-content\/uploads\/2025\/06\/site-image.png\" \/>\n\t<meta property=\"og:image:width\" content=\"1200\" \/>\n\t<meta property=\"og:image:height\" content=\"675\" \/>\n\t<meta property=\"og:image:type\" content=\"image\/png\" \/>\n<meta name=\"twitter:card\" content=\"summary_large_image\" \/>\n<meta name=\"twitter:label1\" content=\"Est. reading time\" \/>\n\t<meta name=\"twitter:data1\" content=\"8 Minuten\" \/>\n<script type=\"application\/ld+json\" class=\"yoast-schema-graph\">{\"@context\":\"https:\/\/schema.org\",\"@graph\":[{\"@type\":\"WebPage\",\"@id\":\"https:\/\/jt.lv\/de\/datenschutzerklarung\/\",\"url\":\"https:\/\/jt.lv\/de\/datenschutzerklarung\/\",\"name\":\"Datenschutzerkl\u00e4rung - Jelgavas tipogr\u0101fija\",\"isPartOf\":{\"@id\":\"http:\/\/jt.lv\/de\/#website\"},\"datePublished\":\"2023-07-26T03:38:45+00:00\",\"dateModified\":\"2025-07-01T10:52:25+00:00\",\"breadcrumb\":{\"@id\":\"https:\/\/jt.lv\/de\/datenschutzerklarung\/#breadcrumb\"},\"inLanguage\":\"de-DE\",\"potentialAction\":[{\"@type\":\"ReadAction\",\"target\":[\"https:\/\/jt.lv\/de\/datenschutzerklarung\/\"]}]},{\"@type\":\"BreadcrumbList\",\"@id\":\"https:\/\/jt.lv\/de\/datenschutzerklarung\/#breadcrumb\",\"itemListElement\":[{\"@type\":\"ListItem\",\"position\":1,\"name\":\"Home\",\"item\":\"https:\/\/jt.lv\/de\/\"},{\"@type\":\"ListItem\",\"position\":2,\"name\":\"Datenschutzerkl\u00e4rung\"}]},{\"@type\":\"WebSite\",\"@id\":\"http:\/\/jt.lv\/de\/#website\",\"url\":\"http:\/\/jt.lv\/de\/\",\"name\":\"Jelgavas tipogr\u0101fija\",\"description\":\"M\u0113s ra\u017eojam gr\u0101matas.\",\"publisher\":{\"@id\":\"http:\/\/jt.lv\/de\/#organization\"},\"potentialAction\":[{\"@type\":\"SearchAction\",\"target\":{\"@type\":\"EntryPoint\",\"urlTemplate\":\"http:\/\/jt.lv\/de\/?s={search_term_string}\"},\"query-input\":{\"@type\":\"PropertyValueSpecification\",\"valueRequired\":true,\"valueName\":\"search_term_string\"}}],\"inLanguage\":\"de-DE\"},{\"@type\":\"Organization\",\"@id\":\"http:\/\/jt.lv\/de\/#organization\",\"name\":\"Jelgavas tipogr\u0101fija\",\"url\":\"http:\/\/jt.lv\/de\/\",\"logo\":{\"@type\":\"ImageObject\",\"inLanguage\":\"de-DE\",\"@id\":\"http:\/\/jt.lv\/de\/#\/schema\/logo\/image\/\",\"url\":\"https:\/\/jt.lv\/wp-content\/uploads\/2025\/06\/jt-logo.png\",\"contentUrl\":\"https:\/\/jt.lv\/wp-content\/uploads\/2025\/06\/jt-logo.png\",\"width\":696,\"height\":696,\"caption\":\"Jelgavas tipogr\u0101fija\"},\"image\":{\"@id\":\"http:\/\/jt.lv\/de\/#\/schema\/logo\/image\/\"}}]}<\/script>\n<!-- \/ Yoast SEO plugin. -->","yoast_head_json":{"title":"Datenschutzerkl\u00e4rung - Jelgavas tipogr\u0101fija","robots":{"index":"index","follow":"follow","max-snippet":"max-snippet:-1","max-image-preview":"max-image-preview:large","max-video-preview":"max-video-preview:-1"},"canonical":"https:\/\/jt.lv\/de\/datenschutzerklarung\/","og_locale":"de_DE","og_type":"article","og_title":"Datenschutzerkl\u00e4rung - Jelgavas tipogr\u0101fija","og_description":"Der Schutz von Daten unserer Kunden und Partner ist uns sehr wichtig. Um weiterhin erfolgreich arbeiten zu k\u00f6nnen, m\u00fcssen wir f\u00fcr verschiedene Zwecke personenbezogene Daten erheben, verarbeiten und speichern. Die Zwecke sind klar definiert, legitim und rechtlich begr\u00fcndet. SIA &#8222;JELGAVAS TIPOGR\u0100FIJA&#8220; hat sich verpflichtet, mit Ihren Daten sorgf\u00e4ltig umzugehen und bei ihrer Erhebung, Verarbeitung und [&hellip;]","og_url":"https:\/\/jt.lv\/de\/datenschutzerklarung\/","og_site_name":"Jelgavas tipogr\u0101fija","article_modified_time":"2025-07-01T10:52:25+00:00","og_image":[{"width":1200,"height":675,"url":"https:\/\/jt.lv\/wp-content\/uploads\/2025\/06\/site-image.png","type":"image\/png"}],"twitter_card":"summary_large_image","twitter_misc":{"Est. reading time":"8 Minuten"},"schema":{"@context":"https:\/\/schema.org","@graph":[{"@type":"WebPage","@id":"https:\/\/jt.lv\/de\/datenschutzerklarung\/","url":"https:\/\/jt.lv\/de\/datenschutzerklarung\/","name":"Datenschutzerkl\u00e4rung - Jelgavas tipogr\u0101fija","isPartOf":{"@id":"http:\/\/jt.lv\/de\/#website"},"datePublished":"2023-07-26T03:38:45+00:00","dateModified":"2025-07-01T10:52:25+00:00","breadcrumb":{"@id":"https:\/\/jt.lv\/de\/datenschutzerklarung\/#breadcrumb"},"inLanguage":"de-DE","potentialAction":[{"@type":"ReadAction","target":["https:\/\/jt.lv\/de\/datenschutzerklarung\/"]}]},{"@type":"BreadcrumbList","@id":"https:\/\/jt.lv\/de\/datenschutzerklarung\/#breadcrumb","itemListElement":[{"@type":"ListItem","position":1,"name":"Home","item":"https:\/\/jt.lv\/de\/"},{"@type":"ListItem","position":2,"name":"Datenschutzerkl\u00e4rung"}]},{"@type":"WebSite","@id":"http:\/\/jt.lv\/de\/#website","url":"http:\/\/jt.lv\/de\/","name":"Jelgavas tipogr\u0101fija","description":"M\u0113s ra\u017eojam gr\u0101matas.","publisher":{"@id":"http:\/\/jt.lv\/de\/#organization"},"potentialAction":[{"@type":"SearchAction","target":{"@type":"EntryPoint","urlTemplate":"http:\/\/jt.lv\/de\/?s={search_term_string}"},"query-input":{"@type":"PropertyValueSpecification","valueRequired":true,"valueName":"search_term_string"}}],"inLanguage":"de-DE"},{"@type":"Organization","@id":"http:\/\/jt.lv\/de\/#organization","name":"Jelgavas tipogr\u0101fija","url":"http:\/\/jt.lv\/de\/","logo":{"@type":"ImageObject","inLanguage":"de-DE","@id":"http:\/\/jt.lv\/de\/#\/schema\/logo\/image\/","url":"https:\/\/jt.lv\/wp-content\/uploads\/2025\/06\/jt-logo.png","contentUrl":"https:\/\/jt.lv\/wp-content\/uploads\/2025\/06\/jt-logo.png","width":696,"height":696,"caption":"Jelgavas tipogr\u0101fija"},"image":{"@id":"http:\/\/jt.lv\/de\/#\/schema\/logo\/image\/"}}]}},"_links":{"self":[{"href":"https:\/\/jt.lv\/de\/wp-json\/wp\/v2\/pages\/6594","targetHints":{"allow":["GET"]}}],"collection":[{"href":"https:\/\/jt.lv\/de\/wp-json\/wp\/v2\/pages"}],"about":[{"href":"https:\/\/jt.lv\/de\/wp-json\/wp\/v2\/types\/page"}],"author":[{"embeddable":true,"href":"https:\/\/jt.lv\/de\/wp-json\/wp\/v2\/users\/1"}],"replies":[{"embeddable":true,"href":"https:\/\/jt.lv\/de\/wp-json\/wp\/v2\/comments?post=6594"}],"version-history":[{"count":11,"href":"https:\/\/jt.lv\/de\/wp-json\/wp\/v2\/pages\/6594\/revisions"}],"predecessor-version":[{"id":8240,"href":"https:\/\/jt.lv\/de\/wp-json\/wp\/v2\/pages\/6594\/revisions\/8240"}],"wp:attachment":[{"href":"https:\/\/jt.lv\/de\/wp-json\/wp\/v2\/media?parent=6594"}],"curies":[{"name":"wp","href":"https:\/\/api.w.org\/{rel}","templated":true}]}}