{"id":5160,"date":"2023-08-31T08:29:49","date_gmt":"2023-08-31T06:29:49","guid":{"rendered":"https:\/\/jt.lv\/failu-iesutisana-veiksmiga\/"},"modified":"2026-01-21T10:37:36","modified_gmt":"2026-01-21T08:37:36","slug":"failu-iesutisana-veiksmiga","status":"publish","type":"page","link":"https:\/\/jt.lv\/de\/failu-iesutisana-veiksmiga\/","title":{"rendered":"Datei-Upload erfolgreich"},"content":{"rendered":"\n\n\n\t<div class=\"jt-file-upload-success\">\n\t\t<div class=\"born-container is-default\">\n\t\t\t<div class=\"inner\">\n\n\t\t\t\t<div class=\"heading\">\n\t\t\t\t\tIhre Druckdateien wurden gesendet.\t\t\t\t<\/div>\n\n                \n\t\t\t<\/div>\n\t\t<\/div>\n\t<\/div>\n\n\n\n\n\n\n\n\n\t<div class=\"jt-portfolio\">\n\t\t<div class=\"born-container is-default\">\n\t\t\t<div class=\"inner\">\n\n\t\t\t\t\t\t\t\t<h2>Lassen Sie sich von anderen Projekten inspirieren<\/h2>\n\t\t\t\t\n\t\t\t\t<div class=\"scroll-wrapper\">\n\n\t\t\t\t\t<div class=\"items-grid\">\n\n\t\t\t\t\t\t\n                        \n\t\t\t\t\t\t<div class=\"item\" data-href=\"https:\/\/jt.lv\/de\/portfoliode\/softcover\/feuerwerk-und-halleluja\/\">\n\t\t\t\t\t\t\t<div class=\"image\">\n\t\t\t\t\t\t\t\t<img decoding=\"async\" class=\"lazy\" src=\"https:\/\/jt.lv\/wp-content\/themes\/jelgavastipografija\/assets\/img\/portfolio-grid-placeholder-1.gif\" data-src=\"https:\/\/jt.lv\/wp-content\/uploads\/2023\/09\/JT-Feuerwerk-und-Halleluja-02-440x440.jpg\" data-srcset=\"https:\/\/jt.lv\/wp-content\/uploads\/2023\/09\/JT-Feuerwerk-und-Halleluja-02-440x440.jpg 1x, https:\/\/jt.lv\/wp-content\/uploads\/2023\/09\/JT-Feuerwerk-und-Halleluja-02-880x880.jpg?v=2 2x\" alt=\"Feuerwerk und Halleluja: 100 Jahre H\u00e4ndel-Festspiele in Halle\">\n\t\t\t\t\t\t\t<\/div>\n\t\t\t\t\t\t\t<div class=\"title\">\n\t\t\t\t\t\t\t\t<div class=\"heading\">Hotmelt-Broschur fadengeheftet, Umschlag mit Klappen, Folienpr\u00e4gung Silber auf dem Umschlag und R\u00fccken.<\/div>\n\t\t\t\t\t\t\t<\/div>\n\t\t\t\t\t\t<\/div>\n\n\t\t\t\t\t\t\n                        \n\t\t\t\t\t\t<div class=\"item\" data-href=\"https:\/\/jt.lv\/de\/portfoliode\/hardcover\/andere-marchen-zwischen-tempel-zelt-und-thronsaal\/\">\n\t\t\t\t\t\t\t<div class=\"image\">\n\t\t\t\t\t\t\t\t<img decoding=\"async\" class=\"lazy\" src=\"https:\/\/jt.lv\/wp-content\/themes\/jelgavastipografija\/assets\/img\/portfolio-grid-placeholder-1.gif\" data-src=\"https:\/\/jt.lv\/wp-content\/uploads\/2023\/09\/JT-AND8-440x440.jpg\" data-srcset=\"https:\/\/jt.lv\/wp-content\/uploads\/2023\/09\/JT-AND8-440x440.jpg 1x, https:\/\/jt.lv\/wp-content\/uploads\/2023\/09\/JT-AND8-880x880.jpg?v=2 2x\" alt=\"Andere M\u00e4rchen \u2013 zwischen Tempel, Zelt und Thronsaal\">\n\t\t\t\t\t\t\t<\/div>\n\t\t\t\t\t\t\t<div class=\"title\">\n\t\t\t\t\t\t\t\t<div class=\"heading\">Hardcover B\u00fccher in einem Schuber, UV-Lackierung auf den Umschl\u00e4gen, Leseb\u00e4ndchen. <\/div>\n\t\t\t\t\t\t\t<\/div>\n\t\t\t\t\t\t<\/div>\n\n\t\t\t\t\t\t\n                        \n\t\t\t\t\t\t<div class=\"item\" data-href=\"https:\/\/jt.lv\/de\/portfoliode\/hardcover\/corto-maltese-mu\/\">\n\t\t\t\t\t\t\t<div class=\"image\">\n\t\t\t\t\t\t\t\t<img decoding=\"async\" class=\"lazy\" src=\"https:\/\/jt.lv\/wp-content\/themes\/jelgavastipografija\/assets\/img\/portfolio-grid-placeholder-1.gif\" data-src=\"https:\/\/jt.lv\/wp-content\/uploads\/2023\/09\/JT_corto-maltese-mu_hardcover_7-440x440.jpg\" data-srcset=\"https:\/\/jt.lv\/wp-content\/uploads\/2023\/09\/JT_corto-maltese-mu_hardcover_7-440x440.jpg 1x, https:\/\/jt.lv\/wp-content\/uploads\/2023\/09\/JT_corto-maltese-mu_hardcover_7-880x880.jpg?v=2 2x\" alt=\"Corto Maltese: Mu\">\n\t\t\t\t\t\t\t<\/div>\n\t\t\t\t\t\t\t<div class=\"title\">\n\t\t\t\t\t\t\t\t<div class=\"heading\">Das Buch in einer Farbversion als auch in einer klassischen oder Schwarzwei\u00dfversion gedruckt ist &#8211; Hardcover, runder R\u00fccken.<\/div>\n\t\t\t\t\t\t\t<\/div>\n\t\t\t\t\t\t<\/div>\n\n\t\t\t\t\t\t\n                        \n\t\t\t\t\t\t<div class=\"item\" data-href=\"https:\/\/jt.lv\/de\/portfoliode\/hardcover\/insekten-co\/\">\n\t\t\t\t\t\t\t<div class=\"image\">\n\t\t\t\t\t\t\t\t<img decoding=\"async\" class=\"lazy\" src=\"https:\/\/jt.lv\/wp-content\/themes\/jelgavastipografija\/assets\/img\/portfolio-grid-placeholder-1.gif\" data-src=\"https:\/\/jt.lv\/wp-content\/uploads\/2023\/09\/JT_insekten-co_hardcover_3-440x440.jpg\" data-srcset=\"https:\/\/jt.lv\/wp-content\/uploads\/2023\/09\/JT_insekten-co_hardcover_3-440x440.jpg 1x, https:\/\/jt.lv\/wp-content\/uploads\/2023\/09\/JT_insekten-co_hardcover_3-880x880.jpg?v=2 2x\" alt=\"Insekten &amp; Co.\">\n\t\t\t\t\t\t\t<\/div>\n\t\t\t\t\t\t\t<div class=\"title\">\n\t\t\t\t\t\t\t\t<div class=\"heading\">Hybridbindung mit offenem R\u00fccken, Folienpr\u00e4gung, farbige Faden.<\/div>\n\t\t\t\t\t\t\t<\/div>\n\t\t\t\t\t\t<\/div>\n\n\t\t\t\t\t\t\n                        \n\t\t\t\t\t\t<div class=\"item\" data-href=\"https:\/\/jt.lv\/de\/portfoliode\/hardcover\/sopor-aeternus-lyricbook-death\/\">\n\t\t\t\t\t\t\t<div class=\"image\">\n\t\t\t\t\t\t\t\t<img decoding=\"async\" class=\"lazy\" src=\"https:\/\/jt.lv\/wp-content\/themes\/jelgavastipografija\/assets\/img\/portfolio-grid-placeholder-1.gif\" data-src=\"https:\/\/jt.lv\/wp-content\/uploads\/2023\/09\/JT-Sopor-Aeternus-Lyricbook-Anna-Varney-Cantodea-03-440x440.jpg\" data-srcset=\"https:\/\/jt.lv\/wp-content\/uploads\/2023\/09\/JT-Sopor-Aeternus-Lyricbook-Anna-Varney-Cantodea-03-440x440.jpg 1x, https:\/\/jt.lv\/wp-content\/uploads\/2023\/09\/JT-Sopor-Aeternus-Lyricbook-Anna-Varney-Cantodea-03-880x880.jpg?v=2 2x\" alt=\"Sopor Aeternus Lyricbook. Death: The Poetry of Anna-Varney Cantodea (1989-2021)\">\n\t\t\t\t\t\t\t<\/div>\n\t\t\t\t\t\t\t<div class=\"title\">\n\t\t\t\t\t\t\t\t<div class=\"heading\">Hardcover mit geradem R\u00fccken, Relief-Pr\u00e4gung auf dem Umschlag, 2 Leseb\u00e4ndchen, Buchschnitt im Schwarz.<\/div>\n\t\t\t\t\t\t\t<\/div>\n\t\t\t\t\t\t<\/div>\n\n\t\t\t\t\t\t\n                        \n\t\t\t\t\t\t<div class=\"item\" data-href=\"https:\/\/jt.lv\/de\/portfoliode\/hardcover\/verlagswesen\/\">\n\t\t\t\t\t\t\t<div class=\"image\">\n\t\t\t\t\t\t\t\t<img decoding=\"async\" class=\"lazy\" src=\"https:\/\/jt.lv\/wp-content\/themes\/jelgavastipografija\/assets\/img\/portfolio-grid-placeholder-1.gif\" data-src=\"https:\/\/jt.lv\/wp-content\/uploads\/2023\/09\/JT-Verlagswesen-Annette-Kohn-02-440x440.jpg\" data-srcset=\"https:\/\/jt.lv\/wp-content\/uploads\/2023\/09\/JT-Verlagswesen-Annette-Kohn-02-440x440.jpg 1x, https:\/\/jt.lv\/wp-content\/uploads\/2023\/09\/JT-Verlagswesen-Annette-Kohn-02-880x880.jpg?v=2 2x\" alt=\"Verlagswesen\">\n\t\t\t\t\t\t\t<\/div>\n\t\t\t\t\t\t\t<div class=\"title\">\n\t\t\t\t\t\t\t\t<div class=\"heading\">Hardcover mit geradem R\u00fccken, Umschlag aus Leinen-Material, das im Offset-Verfahren bedruckt ist.<\/div>\n\t\t\t\t\t\t\t<\/div>\n\t\t\t\t\t\t<\/div>\n\n\t\t\t\t\t\t\n\t\t\t\t\t<\/div>\n\n\t\t\t\t<\/div>\n\n\t\t\t\t<div class=\"cta\">\n\t\t\t\t\t<a href=\"https:\/\/jt.lv\/de\/\/portfoliode\" class=\"jt-button-1 has-radius-right\">Mehr anzeigen<\/a>\n\t\t\t\t<\/div>\n\n\t\t\t<\/div>\n\t\t<\/div>\n\t<\/div>\n\n    <script>\n\n        jQuery(window).on('load', function() {\n\n\n            var isDragging = false;\n\n            jQuery('.jt-portfolio .item').mousedown(function() {\n                jQuery(window).mousemove(function() {\n                    isDragging = true;\n                    jQuery(window).unbind('mousemove');\n                    \/\/ console.log('UNBIND MOUSEMOVE');\n                });\n            }).mouseup(function() {\n                var wasDragging = isDragging;\n                isDragging = false;\n                jQuery(window).unbind('mousemove');\n                \/\/ console.log('UNBIND MOUSEMOVE');\n                if (!wasDragging) {\n\n                    \/\/ Get link from data attribute\n\n                    \/\/  jQuery('.born-intro-dragger .dragger-card:not(.is-title)').each(function() {\n                    var card = jQuery(this);\n                    if (card.is('[data-href]')) {\n                        thisdata = jQuery(card).attr('data-href');\n                        window.location.href = thisdata;\n                    }\n                    \/\/  });\n\n                }\n            });\n\n        });\n\n\n    <\/script>\n\n","protected":false},"excerpt":{"rendered":"","protected":false},"author":1,"featured_media":0,"parent":0,"menu_order":71,"comment_status":"closed","ping_status":"closed","template":"","meta":{"_acf_changed":false,"inline_featured_image":false,"footnotes":""},"class_list":["post-5160","page","type-page","status-publish","hentry"],"acf":[],"yoast_head":"<!-- This site is optimized with the Yoast SEO plugin v27.4 - https:\/\/yoast.com\/product\/yoast-seo-wordpress\/ -->\n<title>Datei-Upload erfolgreich - Jelgavas tipogr\u0101fija<\/title>\n<meta name=\"robots\" content=\"index, follow, max-snippet:-1, max-image-preview:large, max-video-preview:-1\" \/>\n<link rel=\"canonical\" href=\"https:\/\/jt.lv\/de\/failu-iesutisana-veiksmiga\/\" \/>\n<meta property=\"og:locale\" content=\"de_DE\" \/>\n<meta property=\"og:type\" content=\"article\" \/>\n<meta property=\"og:title\" content=\"Datei-Upload erfolgreich - Jelgavas tipogr\u0101fija\" \/>\n<meta property=\"og:url\" content=\"https:\/\/jt.lv\/de\/failu-iesutisana-veiksmiga\/\" \/>\n<meta property=\"og:site_name\" content=\"Jelgavas tipogr\u0101fija\" \/>\n<meta property=\"article:modified_time\" content=\"2026-01-21T08:37:36+00:00\" \/>\n<meta property=\"og:image\" content=\"https:\/\/jt.lv\/wp-content\/uploads\/2025\/06\/site-image.png\" \/>\n\t<meta property=\"og:image:width\" content=\"1200\" \/>\n\t<meta property=\"og:image:height\" content=\"675\" \/>\n\t<meta property=\"og:image:type\" content=\"image\/png\" \/>\n<meta name=\"twitter:card\" content=\"summary_large_image\" \/>\n<script type=\"application\/ld+json\" class=\"yoast-schema-graph\">{\"@context\":\"https:\\\/\\\/schema.org\",\"@graph\":[{\"@type\":\"WebPage\",\"@id\":\"https:\\\/\\\/jt.lv\\\/de\\\/failu-iesutisana-veiksmiga\\\/\",\"url\":\"https:\\\/\\\/jt.lv\\\/de\\\/failu-iesutisana-veiksmiga\\\/\",\"name\":\"Datei-Upload erfolgreich - Jelgavas tipogr\u0101fija\",\"isPartOf\":{\"@id\":\"http:\\\/\\\/jt.lv\\\/de\\\/#website\"},\"datePublished\":\"2023-08-31T06:29:49+00:00\",\"dateModified\":\"2026-01-21T08:37:36+00:00\",\"breadcrumb\":{\"@id\":\"https:\\\/\\\/jt.lv\\\/de\\\/failu-iesutisana-veiksmiga\\\/#breadcrumb\"},\"inLanguage\":\"de-DE\",\"potentialAction\":[{\"@type\":\"ReadAction\",\"target\":[\"https:\\\/\\\/jt.lv\\\/de\\\/failu-iesutisana-veiksmiga\\\/\"]}]},{\"@type\":\"BreadcrumbList\",\"@id\":\"https:\\\/\\\/jt.lv\\\/de\\\/failu-iesutisana-veiksmiga\\\/#breadcrumb\",\"itemListElement\":[{\"@type\":\"ListItem\",\"position\":1,\"name\":\"Home\",\"item\":\"https:\\\/\\\/jt.lv\\\/de\\\/\"},{\"@type\":\"ListItem\",\"position\":2,\"name\":\"Datei-Upload erfolgreich\"}]},{\"@type\":\"WebSite\",\"@id\":\"http:\\\/\\\/jt.lv\\\/de\\\/#website\",\"url\":\"http:\\\/\\\/jt.lv\\\/de\\\/\",\"name\":\"Jelgavas tipogr\u0101fija\",\"description\":\"M\u0113s ra\u017eojam gr\u0101matas.\",\"publisher\":{\"@id\":\"http:\\\/\\\/jt.lv\\\/de\\\/#organization\"},\"potentialAction\":[{\"@type\":\"SearchAction\",\"target\":{\"@type\":\"EntryPoint\",\"urlTemplate\":\"http:\\\/\\\/jt.lv\\\/de\\\/?s={search_term_string}\"},\"query-input\":{\"@type\":\"PropertyValueSpecification\",\"valueRequired\":true,\"valueName\":\"search_term_string\"}}],\"inLanguage\":\"de-DE\"},{\"@type\":\"Organization\",\"@id\":\"http:\\\/\\\/jt.lv\\\/de\\\/#organization\",\"name\":\"Jelgavas tipogr\u0101fija\",\"url\":\"http:\\\/\\\/jt.lv\\\/de\\\/\",\"logo\":{\"@type\":\"ImageObject\",\"inLanguage\":\"de-DE\",\"@id\":\"http:\\\/\\\/jt.lv\\\/de\\\/#\\\/schema\\\/logo\\\/image\\\/\",\"url\":\"https:\\\/\\\/jt.lv\\\/wp-content\\\/uploads\\\/2025\\\/06\\\/jt-logo.png\",\"contentUrl\":\"https:\\\/\\\/jt.lv\\\/wp-content\\\/uploads\\\/2025\\\/06\\\/jt-logo.png\",\"width\":696,\"height\":696,\"caption\":\"Jelgavas tipogr\u0101fija\"},\"image\":{\"@id\":\"http:\\\/\\\/jt.lv\\\/de\\\/#\\\/schema\\\/logo\\\/image\\\/\"}}]}<\/script>\n<!-- \/ Yoast SEO plugin. -->","yoast_head_json":{"title":"Datei-Upload erfolgreich - Jelgavas tipogr\u0101fija","robots":{"index":"index","follow":"follow","max-snippet":"max-snippet:-1","max-image-preview":"max-image-preview:large","max-video-preview":"max-video-preview:-1"},"canonical":"https:\/\/jt.lv\/de\/failu-iesutisana-veiksmiga\/","og_locale":"de_DE","og_type":"article","og_title":"Datei-Upload erfolgreich - Jelgavas tipogr\u0101fija","og_url":"https:\/\/jt.lv\/de\/failu-iesutisana-veiksmiga\/","og_site_name":"Jelgavas tipogr\u0101fija","article_modified_time":"2026-01-21T08:37:36+00:00","og_image":[{"width":1200,"height":675,"url":"https:\/\/jt.lv\/wp-content\/uploads\/2025\/06\/site-image.png","type":"image\/png"}],"twitter_card":"summary_large_image","schema":{"@context":"https:\/\/schema.org","@graph":[{"@type":"WebPage","@id":"https:\/\/jt.lv\/de\/failu-iesutisana-veiksmiga\/","url":"https:\/\/jt.lv\/de\/failu-iesutisana-veiksmiga\/","name":"Datei-Upload erfolgreich - Jelgavas tipogr\u0101fija","isPartOf":{"@id":"http:\/\/jt.lv\/de\/#website"},"datePublished":"2023-08-31T06:29:49+00:00","dateModified":"2026-01-21T08:37:36+00:00","breadcrumb":{"@id":"https:\/\/jt.lv\/de\/failu-iesutisana-veiksmiga\/#breadcrumb"},"inLanguage":"de-DE","potentialAction":[{"@type":"ReadAction","target":["https:\/\/jt.lv\/de\/failu-iesutisana-veiksmiga\/"]}]},{"@type":"BreadcrumbList","@id":"https:\/\/jt.lv\/de\/failu-iesutisana-veiksmiga\/#breadcrumb","itemListElement":[{"@type":"ListItem","position":1,"name":"Home","item":"https:\/\/jt.lv\/de\/"},{"@type":"ListItem","position":2,"name":"Datei-Upload erfolgreich"}]},{"@type":"WebSite","@id":"http:\/\/jt.lv\/de\/#website","url":"http:\/\/jt.lv\/de\/","name":"Jelgavas tipogr\u0101fija","description":"M\u0113s ra\u017eojam gr\u0101matas.","publisher":{"@id":"http:\/\/jt.lv\/de\/#organization"},"potentialAction":[{"@type":"SearchAction","target":{"@type":"EntryPoint","urlTemplate":"http:\/\/jt.lv\/de\/?s={search_term_string}"},"query-input":{"@type":"PropertyValueSpecification","valueRequired":true,"valueName":"search_term_string"}}],"inLanguage":"de-DE"},{"@type":"Organization","@id":"http:\/\/jt.lv\/de\/#organization","name":"Jelgavas tipogr\u0101fija","url":"http:\/\/jt.lv\/de\/","logo":{"@type":"ImageObject","inLanguage":"de-DE","@id":"http:\/\/jt.lv\/de\/#\/schema\/logo\/image\/","url":"https:\/\/jt.lv\/wp-content\/uploads\/2025\/06\/jt-logo.png","contentUrl":"https:\/\/jt.lv\/wp-content\/uploads\/2025\/06\/jt-logo.png","width":696,"height":696,"caption":"Jelgavas tipogr\u0101fija"},"image":{"@id":"http:\/\/jt.lv\/de\/#\/schema\/logo\/image\/"}}]}},"_links":{"self":[{"href":"https:\/\/jt.lv\/de\/wp-json\/wp\/v2\/pages\/5160","targetHints":{"allow":["GET"]}}],"collection":[{"href":"https:\/\/jt.lv\/de\/wp-json\/wp\/v2\/pages"}],"about":[{"href":"https:\/\/jt.lv\/de\/wp-json\/wp\/v2\/types\/page"}],"author":[{"embeddable":true,"href":"https:\/\/jt.lv\/de\/wp-json\/wp\/v2\/users\/1"}],"replies":[{"embeddable":true,"href":"https:\/\/jt.lv\/de\/wp-json\/wp\/v2\/comments?post=5160"}],"version-history":[{"count":2,"href":"https:\/\/jt.lv\/de\/wp-json\/wp\/v2\/pages\/5160\/revisions"}],"predecessor-version":[{"id":5303,"href":"https:\/\/jt.lv\/de\/wp-json\/wp\/v2\/pages\/5160\/revisions\/5303"}],"wp:attachment":[{"href":"https:\/\/jt.lv\/de\/wp-json\/wp\/v2\/media?parent=5160"}],"curies":[{"name":"wp","href":"https:\/\/api.w.org\/{rel}","templated":true}]}}