{"id":5156,"date":"2023-08-03T11:50:50","date_gmt":"2023-08-03T09:50:50","guid":{"rendered":"https:\/\/jt.lv\/failu-iesutisana\/"},"modified":"2026-01-23T11:25:17","modified_gmt":"2026-01-23T09:25:17","slug":"daten-hochladen","status":"publish","type":"page","link":"https:\/\/jt.lv\/de\/daten-hochladen\/","title":{"rendered":"Daten hochladen"},"content":{"rendered":"\n\n\n\t<div class=\"jt-file-upload\">\n\t\t<div class=\"born-container is-default\">\n\t\t\t<div class=\"inner\">\n\n\t\t\t\t<form id=\"file-upload-form\" action=\"https:\/\/jt.lv\/wp-admin\/admin-ajax.php\" class=\"needs-validation\" data-successpage=\"https:\/\/jt.lv\/de\/failu-iesutisana-veiksmiga\/\" novalidate>\n                     <input type=\"hidden\" id=\"jt_file_upload_nonce\" name=\"jt_file_upload_nonce\" value=\"36d7c059c9\" \/><input type=\"hidden\" name=\"_wp_http_referer\" value=\"\/de\/wp-json\/wp\/v2\/pages\/5156\" \/>                     <input type=\"hidden\" id=\"form_post_id\" name=\"form_post_id\" value=\"5156\">\n                     <input type=\"hidden\" id=\"uploaded_files\" name=\"uploaded_files\" value=\"\">\n\t\t\t\t\t<div class=\"data\">\n\n                          \t\t\t\t\t\t<div class=\"input-wrapper is-managers\">\n\n\n\t\t\t\t\t\t\t<div class=\"heading\">\n\t\t\t\t\t\t\t\tProjektleiter \/ -in\t\t\t\t\t\t\t<\/div>\n\n\n                                \n                                    <div>\n                                        <input type=\"radio\" id=\"manager0\" value=\"5146\" name=\"managers\" checked>\n                                        <label for=\"manager0\">\n                                            <span class=\"icon\">\n                                                <img decoding=\"async\" src=\"https:\/\/jt.lv\/wp-content\/uploads\/2025\/06\/Irina-Kuniga-160px.jpg\" alt=\"Irina Kuniga, leitende Projektleiterin bei der Druckerei Jelgavas tipogr\u0101fija\">                                            <\/span>\n                                            <span class=\"name\">\n                                                Irina Kuniga                                            <\/span>\n                                        <\/label>\n                                    <\/div>\n\n                                \n                                    <div>\n                                        <input type=\"radio\" id=\"manager1\" value=\"5151\" name=\"managers\" >\n                                        <label for=\"manager1\">\n                                            <span class=\"icon\">\n                                                <img decoding=\"async\" src=\"https:\/\/jt.lv\/wp-content\/uploads\/2025\/06\/Ieva-Klava-160px.jpg\" alt=\"Ieva K\u013cava, Projektleiterin bei der Druckerei Jelgavas tipogr\u0101fija\">                                            <\/span>\n                                            <span class=\"name\">\n                                                Ieva K\u013cava                                            <\/span>\n                                        <\/label>\n                                    <\/div>\n\n                                \n\n\n\t\t\t\t\t\t<\/div>\n                          \n                        <div class=\"input-wrapper is-req\">\n                            <label>Vor- und Nachname<\/label>\n                            <input class=\"form-control\" type=\"text\" id=\"form-name\" required>\n                            <div class=\"invalid-feedback\">\n                                 Dies ist ein Pflichtfeld.                            <\/div>\n                        <\/div>\n\n\n\t\t\t\t\t\t<div class=\"input-wrapper\">\n\t\t\t\t\t\t\t<label>Firma<\/label>\n\t\t\t\t\t\t\t<input class=\"form-control\" type=\"text\" id=\"form-company\">\n\t\t\t\t\t\t<\/div>\n\n\t\t\t\t\t\t<div class=\"input-wrapper is-req\">\n\t\t\t\t\t\t\t<label>E-Mail<\/label>\n\t\t\t\t\t\t\t<input class=\"form-control\" type=\"email\" id=\"form-email\" required>\n                            <div class=\"invalid-feedback\">\n                                 Dies ist ein Pflichtfeld.                            <\/div>\n\t\t\t\t\t\t<\/div>\n\n\t\t\t\t\t\t<div class=\"input-wrapper is-req\">\n\t\t\t\t\t\t\t<label>Projekttitel<\/label>\n\t\t\t\t\t\t\t<input class=\"form-control\" type=\"text\" id=\"form-worktitle\" required>\n                            <div class=\"invalid-feedback\">\n                                 Dies ist ein Pflichtfeld.                            <\/div>\n\t\t\t\t\t\t<\/div>\n\n\t\t\t\t\t\t<div class=\"input-wrapper\">\n\t\t\t\t\t\t\t<label>Anmerkungen<\/label>\n\t\t\t\t\t\t\t<textarea id=\"form-notes\"><\/textarea>\n\t\t\t\t\t\t<\/div>\n\n\t\t\t\t\t\t<div class=\"input-wrapper\">\n\n\t\t\t\t\t\t\t<button id=\"submit\" type=\"submit\" class=\"jt-button-1 has-radius-right\">Einreichen<\/button>\n\n\t\t\t\t\t\t<\/div>\n\n\t\t\t\t\t<\/div>\n\n\t\t\t\t\t<div class=\"files\">\n\n\t\t\t\t\t\t<article id=\"jt-file-dragdrop\" class=\"jt-file-dragdrop\" ondrop=\"dropHandler(event);\" ondragover=\"dragOverHandler(event);\" ondragleave=\"dragLeaveHandler(event);\" ondragenter=\"dragEnterHandler(event);\">\n\n\t\t\t\t\t\t\t<section>\n\n\t\t\t\t\t\t\t\t<header>\n\n\t\t\t\t\t\t\t\t\t<button id=\"button\">Upload file<\/button>\n\n\t\t\t\t\t\t\t\t\t<p>Ziehen Sie Ihre Dateien hierher<\/p>\n\t\t\t\t\t\t\t\t\t<span>oder klicken, um auszuw\u00e4hlen<\/span>\n\n                                    <div class=\"input-wrapper is-req\">\n                                        <input id=\"hidden-input\" class=\"upload_pdf hidden form-control\" type=\"file\" multiple required>\n                                        <div class=\"invalid-feedback\">\n                                             Dies ist ein Pflichtfeld.                                        <\/div>\n                                    <\/div>\n\n\n\n\t\t\t\t\t\t\t\t<\/header>\n\n\t\t\t\t\t\t\t\t<ul id=\"gallery\" class=\"born-reset\">\n\t\t\t\t\t\t\t\t\t<li id=\"empty\"><\/li>\n\t\t\t\t\t\t\t\t<\/ul>\n\n\t\t\t\t\t\t\t\t<button id=\"cancel\">Cancel<\/button>\n\n\t\t\t\t\t\t\t<\/section>\n\n\n\t\t\t\t\t\t<\/article>\n\n\t\t\t\t\t\t<div id=\"file-extension-error\" class=\"file-extension-error\" style=\"display: none; color: #dc3545; background-color: #f8d7da; border: 1px solid #f5c6cb; border-radius: 4px; padding: 12px 16px; margin-top: 15px; font-size: 14px; text-align: center;\"><\/div>\n\n\t\t\t\t\t\t<template id=\"file-template\">\n\n\t\t\t\t\t\t\t<li>\n\t\t\t\t\t\t\t\t<article>\n\n\t\t\t\t\t\t\t\t\t<img>\n\n\t\t\t\t\t\t\t\t\t<section class=\"flex flex-col rounded-md text-xs break-words w-full h-full z-20 absolute top-0 py-2 px-3\">\n\t\t\t\t\t\t\t\t\t\t<h3 class=\"flex-1 group-hover:text-blue-800\"><\/h3>\n\t\t\t\t\t\t\t\t\t\t<div class=\"flex\">\n\t\t\t\t\t\t\t\t\t\t\t\t\t\t\t<span class=\"p-1 text-blue-800\">\n\t\t\t\t\t\t\t\t\t\t\t\t\t\t\t\t<i>\n\t\t\t\t\t\t\t\t\t\t\t\t\t\t\t\t\t<svg class=\"fill-current w-4 h-4 ml-auto pt-1\" xmlns=\"http:\/\/www.w3.org\/2000\/svg\" width=\"24\" height=\"24\" viewBox=\"0 0 24 24\">\n\t\t\t\t\t\t\t\t\t\t\t\t\t\t\t\t\t<path d=\"M15 2v5h5v15h-16v-20h11zm1-2h-14v24h20v-18l-6-6z\" \/>\n\t\t\t\t\t\t\t\t\t\t\t\t\t\t\t\t\t<\/svg>\n\t\t\t\t\t\t\t\t\t\t\t\t\t\t\t\t<\/i>\n\t\t\t\t\t\t\t\t\t\t\t\t\t\t\t<\/span>\n\t\t\t\t\t\t\t\t\t\t\t<p class=\"p-1 size text-xs text-gray-700\"><\/p>\n\t\t\t\t\t\t\t\t\t\t\t<button class=\"delete delete-select\">\n\t\t\t\t\t\t\t\t\t\t\t\t<svg class=\"pointer-events-none fill-current w-4 h-4 ml-auto\" xmlns=\"http:\/\/www.w3.org\/2000\/svg\" width=\"24\" height=\"24\" viewBox=\"0 0 24 24\">\n\t\t\t\t\t\t\t\t\t\t\t\t\t<path class=\"pointer-events-none\" d=\"M3 6l3 18h12l3-18h-18zm19-4v2h-20v-2h5.711c.9 0 1.631-1.099 1.631-2h5.316c0 .901.73 2 1.631 2h5.711z\" \/>\n\t\t\t\t\t\t\t\t\t\t\t\t<\/svg>\n\t\t\t\t\t\t\t\t\t\t\t<\/button>\n\t\t\t\t\t\t\t\t\t\t<\/div>\n\t\t\t\t\t\t\t\t\t<\/section>\n\n\t\t\t\t\t\t\t\t\t<div class=\"file-progress-wrapper\" style=\"position: absolute; bottom: 0; left: 0; right: 0; height: 4px; background-color: #e9ecef;\">\n\t\t\t\t\t\t\t\t\t\t<div class=\"file-progress-bar\" style=\"width: 0%; height: 100%; background-color: #007bff; transition: width 0.2s ease;\"><\/div>\n\t\t\t\t\t\t\t\t\t<\/div>\n\t\t\t\t\t\t\t\t\t<div class=\"file-status\" style=\"position: absolute; top: 5px; right: 5px; font-size: 10px; padding: 2px 6px; border-radius: 3px; display: none;\"><\/div>\n\n\t\t\t\t\t\t\t\t<\/article>\n\t\t\t\t\t\t\t<\/li>\n\n\t\t\t\t\t\t<\/template>\n\n\t\t\t\t\t\t<template id=\"image-template\">\n\n\t\t\t\t\t\t\t<li>\n\t\t\t\t\t\t\t\t<article>\n\t\t\t\t\t\t\t\t\t<img>\n\t\t\t\t\t\t\t\t\t<section class=\"flex flex-col rounded-md text-xs break-words w-full h-full z-20 absolute top-0 py-2 px-3\">\n\t\t\t\t\t\t\t\t\t\t<h3 class=\"flex-1\"><\/h3>\n\t\t\t\t\t\t\t\t\t\t<div class=\"flex\">\n\t\t\t\t\t\t\t\t\t\t\t\t\t\t\t<span class=\"p-1\">\n\t\t\t\t\t\t\t\t\t\t\t\t\t\t\t\t<i>\n\t\t\t\t\t\t\t\t\t\t\t\t\t\t\t\t\t<svg xmlns=\"http:\/\/www.w3.org\/2000\/svg\" width=\"24\" height=\"24\" viewBox=\"0 0 24 24\">\n\t\t\t\t\t\t\t\t\t\t\t\t\t\t\t\t\t<path d=\"M5 8.5c0-.828.672-1.5 1.5-1.5s1.5.672 1.5 1.5c0 .829-.672 1.5-1.5 1.5s-1.5-.671-1.5-1.5zm9 .5l-2.519 4-2.481-1.96-4 5.96h14l-5-8zm8-4v14h-20v-14h20zm2-2h-24v18h24v-18z\" \/>\n\t\t\t\t\t\t\t\t\t\t\t\t\t\t\t\t\t<\/svg>\n\t\t\t\t\t\t\t\t\t\t\t\t\t\t\t\t<\/i>\n\t\t\t\t\t\t\t\t\t\t\t\t\t\t\t<\/span>\n\t\t\t\t\t\t\t\t\t\t\t<p class=\"p-1 size text-xs\"><\/p>\n\t\t\t\t\t\t\t\t\t\t\t<button class=\"delete delete-dragdrop\">\n\t\t\t\t\t\t\t\t\t\t\t\t<svg xmlns=\"http:\/\/www.w3.org\/2000\/svg\" width=\"24\" height=\"24\" viewBox=\"0 0 24 24\">\n\t\t\t\t\t\t\t\t\t\t\t\t\t<path class=\"pointer-events-none\" d=\"M3 6l3 18h12l3-18h-18zm19-4v2h-20v-2h5.711c.9 0 1.631-1.099 1.631-2h5.316c0 .901.73 2 1.631 2h5.711z\" \/>\n\t\t\t\t\t\t\t\t\t\t\t\t<\/svg>\n\t\t\t\t\t\t\t\t\t\t\t<\/button>\n\t\t\t\t\t\t\t\t\t\t<\/div>\n\t\t\t\t\t\t\t\t\t<\/section>\n\n\t\t\t\t\t\t\t\t\t<div class=\"file-progress-wrapper\" style=\"position: absolute; bottom: 0; left: 0; right: 0; height: 4px; background-color: #e9ecef;\">\n\t\t\t\t\t\t\t\t\t\t<div class=\"file-progress-bar\" style=\"width: 0%; height: 100%; background-color: #007bff; transition: width 0.2s ease;\"><\/div>\n\t\t\t\t\t\t\t\t\t<\/div>\n\t\t\t\t\t\t\t\t\t<div class=\"file-status\" style=\"position: absolute; top: 5px; right: 5px; font-size: 10px; padding: 2px 6px; border-radius: 3px; display: none;\"><\/div>\n\n\t\t\t\t\t\t\t\t<\/article>\n\t\t\t\t\t\t\t<\/li>\n\n\t\t\t\t\t\t<\/template>\n\n\t\t\t\t\t<\/div>\n\n\t\t\t\t<\/form>\n\n\t\t\t<\/div>\n\t\t<\/div>\n\t<\/div>\n\n    <div class=\"jt-file-upload-success\" style=\"display: none;\">\n        <div class=\"born-container is-default\">\n            <div class=\"inner\">\n\n                <div class=\"heading\">\n\t\t\t\t\t\t Die Datei wurde erfolgreich hochgeladen.                <\/div>\n\n                <div class=\"cta\">\n                    <a href=\"https:\/\/jt.lv\/de\/daten-hochladen\/\" class=\"jt-button-1 has-radius-right\">Eine weitere Datei hochladen<\/a>\n                <\/div>\n\n            <\/div>\n        <\/div>\n    <\/div>\n\n\n\t<script type=\"text\/javascript\">\n\t\tvar jtFileUploadConfig = {\n\t\t\tblockedExtensions: [],\n\t\t\tfileTypeErrorMessage: \"File type .{extension} is not allowed\",\n\t\t\tajaxUrl: \"https:\\\/\\\/jt.lv\\\/wp-admin\\\/admin-ajax.php\",\n\t\t\tnonce: \"36d7c059c9\",\n\t\t\tpostId: 5156\t\t};\n\t<\/script>\n\t<script type=\"text\/javascript\" src=\"https:\/\/jt.lv\/wp-content\/themes\/jelgavastipografija\/assets\/dist\/js\/upload.js\"><\/script>\n\n","protected":false},"excerpt":{"rendered":"","protected":false},"author":1,"featured_media":0,"parent":0,"menu_order":67,"comment_status":"closed","ping_status":"closed","template":"","meta":{"_acf_changed":false,"inline_featured_image":false,"footnotes":""},"class_list":["post-5156","page","type-page","status-publish","hentry"],"acf":[],"yoast_head":"<!-- This site is optimized with the Yoast SEO plugin v27.4 - https:\/\/yoast.com\/product\/yoast-seo-wordpress\/ -->\n<title>Daten hochladen - Jelgavas tipogr\u0101fija<\/title>\n<meta name=\"robots\" content=\"index, follow, max-snippet:-1, max-image-preview:large, max-video-preview:-1\" \/>\n<link rel=\"canonical\" href=\"https:\/\/jt.lv\/de\/daten-hochladen\/\" \/>\n<meta property=\"og:locale\" content=\"de_DE\" \/>\n<meta property=\"og:type\" content=\"article\" \/>\n<meta property=\"og:title\" content=\"Daten hochladen - Jelgavas tipogr\u0101fija\" \/>\n<meta property=\"og:url\" content=\"https:\/\/jt.lv\/de\/daten-hochladen\/\" \/>\n<meta property=\"og:site_name\" content=\"Jelgavas tipogr\u0101fija\" \/>\n<meta property=\"article:modified_time\" content=\"2026-01-23T09:25:17+00:00\" \/>\n<meta property=\"og:image\" content=\"https:\/\/jt.lv\/wp-content\/uploads\/2025\/06\/site-image.png\" \/>\n\t<meta property=\"og:image:width\" content=\"1200\" \/>\n\t<meta property=\"og:image:height\" content=\"675\" \/>\n\t<meta property=\"og:image:type\" content=\"image\/png\" \/>\n<meta name=\"twitter:card\" content=\"summary_large_image\" \/>\n<script type=\"application\/ld+json\" class=\"yoast-schema-graph\">{\"@context\":\"https:\\\/\\\/schema.org\",\"@graph\":[{\"@type\":\"WebPage\",\"@id\":\"https:\\\/\\\/jt.lv\\\/de\\\/daten-hochladen\\\/\",\"url\":\"https:\\\/\\\/jt.lv\\\/de\\\/daten-hochladen\\\/\",\"name\":\"Daten hochladen - Jelgavas tipogr\u0101fija\",\"isPartOf\":{\"@id\":\"http:\\\/\\\/jt.lv\\\/de\\\/#website\"},\"datePublished\":\"2023-08-03T09:50:50+00:00\",\"dateModified\":\"2026-01-23T09:25:17+00:00\",\"breadcrumb\":{\"@id\":\"https:\\\/\\\/jt.lv\\\/de\\\/daten-hochladen\\\/#breadcrumb\"},\"inLanguage\":\"de-DE\",\"potentialAction\":[{\"@type\":\"ReadAction\",\"target\":[\"https:\\\/\\\/jt.lv\\\/de\\\/daten-hochladen\\\/\"]}]},{\"@type\":\"BreadcrumbList\",\"@id\":\"https:\\\/\\\/jt.lv\\\/de\\\/daten-hochladen\\\/#breadcrumb\",\"itemListElement\":[{\"@type\":\"ListItem\",\"position\":1,\"name\":\"Home\",\"item\":\"https:\\\/\\\/jt.lv\\\/de\\\/\"},{\"@type\":\"ListItem\",\"position\":2,\"name\":\"Daten hochladen\"}]},{\"@type\":\"WebSite\",\"@id\":\"http:\\\/\\\/jt.lv\\\/de\\\/#website\",\"url\":\"http:\\\/\\\/jt.lv\\\/de\\\/\",\"name\":\"Jelgavas tipogr\u0101fija\",\"description\":\"M\u0113s ra\u017eojam gr\u0101matas.\",\"publisher\":{\"@id\":\"http:\\\/\\\/jt.lv\\\/de\\\/#organization\"},\"potentialAction\":[{\"@type\":\"SearchAction\",\"target\":{\"@type\":\"EntryPoint\",\"urlTemplate\":\"http:\\\/\\\/jt.lv\\\/de\\\/?s={search_term_string}\"},\"query-input\":{\"@type\":\"PropertyValueSpecification\",\"valueRequired\":true,\"valueName\":\"search_term_string\"}}],\"inLanguage\":\"de-DE\"},{\"@type\":\"Organization\",\"@id\":\"http:\\\/\\\/jt.lv\\\/de\\\/#organization\",\"name\":\"Jelgavas tipogr\u0101fija\",\"url\":\"http:\\\/\\\/jt.lv\\\/de\\\/\",\"logo\":{\"@type\":\"ImageObject\",\"inLanguage\":\"de-DE\",\"@id\":\"http:\\\/\\\/jt.lv\\\/de\\\/#\\\/schema\\\/logo\\\/image\\\/\",\"url\":\"https:\\\/\\\/jt.lv\\\/wp-content\\\/uploads\\\/2025\\\/06\\\/jt-logo.png\",\"contentUrl\":\"https:\\\/\\\/jt.lv\\\/wp-content\\\/uploads\\\/2025\\\/06\\\/jt-logo.png\",\"width\":696,\"height\":696,\"caption\":\"Jelgavas tipogr\u0101fija\"},\"image\":{\"@id\":\"http:\\\/\\\/jt.lv\\\/de\\\/#\\\/schema\\\/logo\\\/image\\\/\"}}]}<\/script>\n<!-- \/ Yoast SEO plugin. -->","yoast_head_json":{"title":"Daten hochladen - Jelgavas tipogr\u0101fija","robots":{"index":"index","follow":"follow","max-snippet":"max-snippet:-1","max-image-preview":"max-image-preview:large","max-video-preview":"max-video-preview:-1"},"canonical":"https:\/\/jt.lv\/de\/daten-hochladen\/","og_locale":"de_DE","og_type":"article","og_title":"Daten hochladen - Jelgavas tipogr\u0101fija","og_url":"https:\/\/jt.lv\/de\/daten-hochladen\/","og_site_name":"Jelgavas tipogr\u0101fija","article_modified_time":"2026-01-23T09:25:17+00:00","og_image":[{"width":1200,"height":675,"url":"https:\/\/jt.lv\/wp-content\/uploads\/2025\/06\/site-image.png","type":"image\/png"}],"twitter_card":"summary_large_image","schema":{"@context":"https:\/\/schema.org","@graph":[{"@type":"WebPage","@id":"https:\/\/jt.lv\/de\/daten-hochladen\/","url":"https:\/\/jt.lv\/de\/daten-hochladen\/","name":"Daten hochladen - Jelgavas tipogr\u0101fija","isPartOf":{"@id":"http:\/\/jt.lv\/de\/#website"},"datePublished":"2023-08-03T09:50:50+00:00","dateModified":"2026-01-23T09:25:17+00:00","breadcrumb":{"@id":"https:\/\/jt.lv\/de\/daten-hochladen\/#breadcrumb"},"inLanguage":"de-DE","potentialAction":[{"@type":"ReadAction","target":["https:\/\/jt.lv\/de\/daten-hochladen\/"]}]},{"@type":"BreadcrumbList","@id":"https:\/\/jt.lv\/de\/daten-hochladen\/#breadcrumb","itemListElement":[{"@type":"ListItem","position":1,"name":"Home","item":"https:\/\/jt.lv\/de\/"},{"@type":"ListItem","position":2,"name":"Daten hochladen"}]},{"@type":"WebSite","@id":"http:\/\/jt.lv\/de\/#website","url":"http:\/\/jt.lv\/de\/","name":"Jelgavas tipogr\u0101fija","description":"M\u0113s ra\u017eojam gr\u0101matas.","publisher":{"@id":"http:\/\/jt.lv\/de\/#organization"},"potentialAction":[{"@type":"SearchAction","target":{"@type":"EntryPoint","urlTemplate":"http:\/\/jt.lv\/de\/?s={search_term_string}"},"query-input":{"@type":"PropertyValueSpecification","valueRequired":true,"valueName":"search_term_string"}}],"inLanguage":"de-DE"},{"@type":"Organization","@id":"http:\/\/jt.lv\/de\/#organization","name":"Jelgavas tipogr\u0101fija","url":"http:\/\/jt.lv\/de\/","logo":{"@type":"ImageObject","inLanguage":"de-DE","@id":"http:\/\/jt.lv\/de\/#\/schema\/logo\/image\/","url":"https:\/\/jt.lv\/wp-content\/uploads\/2025\/06\/jt-logo.png","contentUrl":"https:\/\/jt.lv\/wp-content\/uploads\/2025\/06\/jt-logo.png","width":696,"height":696,"caption":"Jelgavas tipogr\u0101fija"},"image":{"@id":"http:\/\/jt.lv\/de\/#\/schema\/logo\/image\/"}}]}},"_links":{"self":[{"href":"https:\/\/jt.lv\/de\/wp-json\/wp\/v2\/pages\/5156","targetHints":{"allow":["GET"]}}],"collection":[{"href":"https:\/\/jt.lv\/de\/wp-json\/wp\/v2\/pages"}],"about":[{"href":"https:\/\/jt.lv\/de\/wp-json\/wp\/v2\/types\/page"}],"author":[{"embeddable":true,"href":"https:\/\/jt.lv\/de\/wp-json\/wp\/v2\/users\/1"}],"replies":[{"embeddable":true,"href":"https:\/\/jt.lv\/de\/wp-json\/wp\/v2\/comments?post=5156"}],"version-history":[{"count":4,"href":"https:\/\/jt.lv\/de\/wp-json\/wp\/v2\/pages\/5156\/revisions"}],"predecessor-version":[{"id":7489,"href":"https:\/\/jt.lv\/de\/wp-json\/wp\/v2\/pages\/5156\/revisions\/7489"}],"wp:attachment":[{"href":"https:\/\/jt.lv\/de\/wp-json\/wp\/v2\/media?parent=5156"}],"curies":[{"name":"wp","href":"https:\/\/api.w.org\/{rel}","templated":true}]}}