{"id":5100,"date":"2023-09-08T11:40:14","date_gmt":"2023-09-08T09:40:14","guid":{"rendered":"https:\/\/jt.lv\/uber-uns\/ilgtspeja\/"},"modified":"2025-10-02T07:14:03","modified_gmt":"2025-10-02T05:14:03","slug":"nachhaltigkeit","status":"publish","type":"page","link":"https:\/\/jt.lv\/de\/uber-uns\/nachhaltigkeit\/","title":{"rendered":"Nachhaltigkeit"},"content":{"rendered":"\n<figure class=\"wp-block-image size-large\"><img decoding=\"async\" src=\"http:\/\/jt.lv\/wp-content\/uploads\/2023\/09\/Jelgavas-tipografija-vide-ilgtspeja-2-1024x564.jpg\" alt=\"\" class=\"wp-image-975\"\/><\/figure>\n\n\n\n<p>Nachhaltigkeitsthemen in den Bereichen Umwelt, gute Unternehmensf\u00fchrung und Soziales sind ein fester Bestandteil des Arbeitsalltags von JELGAVAS TIPOGR\u0100FIJA. In diesem Abschnitt finden Sie Informationen \u00fcber unsere Ma\u00dfnahmen, die \u00dcberpr\u00fcfung von Prozessen sowie Verbesserungen, die im Rahmen unserer M\u00f6glichkeiten umgesetzt werden. Unser Ziel ist es, in diesem Bereich Transparenz und eine verantwortungsvolle Kommunikation mit Kunden, Partnern und der \u00d6ffentlichkeit zu gew\u00e4hrleisten.<\/p>\n\n\n\n\n\n\t\t\t<h2 id=\"treibhausgasemissionen\">Treibhausgasemissionen<\/h2>\t\n\n\n\n\n\n\n\n\n<p>Unter Anwendung der Emissionsberechnungsmethode <em>ClimateCalc<\/em> wurde festgestellt, dass 2024 das Unternehmen 5.384&nbsp;Tonnen Emissionen der CO\u2082-\u00c4quivalente verursacht hat. Der Gro\u00dfteil dieser Emissionen stammt aus drei Hauptquellen:<\/p>\n\n\n\n<ul class=\"wp-block-list\">\n<li>Beschaffung von Papier als Rohstoff, einschlie\u00dflich Herstellung und Transport;<\/li>\n\n\n\n<li>Entwicklung von Druckformen, einschlie\u00dflich Herstellung, Lieferung und technologischer Vorbereitung f\u00fcr den Druckprozess;<\/li>\n\n\n\n<li>Auslieferung der fertigen Produkte an die Kunden.<\/li>\n<\/ul>\n\n\n\n<p>Um diese Emissionsquellen schrittweise zu reduzieren, haben wir f\u00fcr jede Quelle einen Aktionsplan erarbeitet. Uns ist bewusst, dass nachhaltige L\u00f6sungen nicht immer sofort umsetzbar oder einfach zu implementieren sind, dennoch sind wir \u00fcberzeugt, dass dies der einzig ethisch vertretbare Weg ist, wenn wir weiterhin ein Produkt herstellen wollen, auf das wir stolz sind.<\/p>\n\n\n\n<p>Unser Ziel ist es, Emissionen nicht nur zu reduzieren, sondern sie, wo immer m\u00f6glich, vollst\u00e4ndig zu vermeiden.<\/p>\n\n\n\n\n\n\t\t\t<h2 id=\"energie\">Energie<\/h2>\t\n\n\n\n\n\n\n\n\n<h3 class=\"wp-block-heading\">Elektrizit\u00e4t<\/h3>\n\n\n\n<p>2023 haben wir unseren eigenen Solarpark errichtet und am 1.&nbsp;Dezember des gleichen Jahres in Betrieb genommen. Die installierten 914 Solarmodule erzeugen eine Gesamtleistung von 502&nbsp;kW. Die vom Park erzeugte Strommenge deckt 23-24&nbsp;% des j\u00e4hrlichen Gesamtverbrauchs unserer Produktionsst\u00e4tte.<\/p>\n\n\n\n<p>2024 war das erste volle Betriebsjahr des Solarparks, in dem insgesamt 486.133&nbsp;kWh Stromenergie erzeugt wurde. Davon wurden 397.765,68&nbsp;kWh f\u00fcr den Eigenbedarf der Produktionsst\u00e4tte verwendet, was 19&nbsp;% des gesamten Stromverbrauchs der Produktionsprozesse des Unternehmens im Jahr 2024 entspricht. Der \u00fcbersch\u00fcssige Strom wurde ins \u00f6ffentliche Netz eingespeist.<\/p>\n\n\n\n<p>Den zus\u00e4tzlich f\u00fcr die Produktion ben\u00f6tigten Strom bezieht das Unternehmen von der AS Latvenergo und setzt damit die seit Mai 2021 eingef\u00fchrte Praxis fort, ausschlie\u00dflich Strom aus erneuerbaren Energien zu beziehen.<\/p>\n\n\n\n<p>Wir legen gro\u00dfen Wert nicht nur auf die Herkunft der Elektrizit\u00e4t, sondern auch auf deren rationelle und sparsame Nutzung. Dies wird durch die Verleihung <a href=\"https:\/\/jt.lv\/wp-content\/uploads\/2025\/10\/Jelgavas-tipografija-Energovienoti-sertifikats.pdf\" target=\"_blank\" rel=\"noreferrer noopener\">des Labels<\/a> \u201eEnergovienoti\u201c im Rahmen des vom Institut f\u00fcr Umweltschutz und W\u00e4rmesysteme (VASSI) der Technischen Universit\u00e4t Riga umgesetzten Projekts Ende 2023 best\u00e4tigt.<\/p>\n\n\n\n<h3 class=\"wp-block-heading\">Heizung<\/h3>\n\n\n\n<p>Die Beheizung der Produktionsst\u00e4tte und der B\u00fcror\u00e4ume erfolgt \u00fcber ein unternehmenseigenes Heizwerk, und dieses betreibt man mit Holzhackschnitzeln \u2013 einer erneuerbaren Energiequelle. Fossile Rohstoffe werden weder f\u00fcr die Heizung noch f\u00fcr die Produktionsprozesse verwendet.<\/p>\n\n\n\n<h3 class=\"wp-block-heading\">W\u00e4rmer\u00fcckgewinnung<\/h3>\n\n\n\n<p>Alle L\u00fcftungsanlagen der Produktionsst\u00e4tte sind mit einem W\u00e4rmer\u00fcckgewinnungssystem ausgestattet, wodurch ein Teil der W\u00e4rmeenergie aus der Abluft zur\u00fcckgewonnen und zur Energieeinsparung genutzt wird. Im Produktionsprozess kommt f\u00fcr verschiedene Anlagen Druckluft zum Einsatz, die mithilfe von Kompressoren erzeugt wird. Die dabei entstandene W\u00e4rmeenergie wird zur\u00fcckgewonnen und in das zentrale Heizsystem eingespeist.<\/p>\n\n\n\n\n\n\t\t\t<h2 id=\"automatisierung-und-digitalisierung-der-produktionsprozesse\">Automatisierung und Digitalisierung der Produktionsprozesse<\/h2>\t\n\n\n\n\n\n\n\n\n<p>Die Modernisierung der Produktionsprozesse und die kontinuierliche Erneuerung unseres Maschinenparks sind wichtige Bestandteile unserer Nachhaltigkeitspolitik.<\/p>\n\n\n\n<p>Zur Erg\u00e4nzung der Nachbearbeitungskapazit\u00e4ten des Unternehmens wurde Ende 2023 eine digitale UV-Lackiermaschine von Duplo mit Folienapplikationsmodul installiert, wodurch der Bedarf an externen Dienstleistungen in diesem Bereich reduziert wird.<\/p>\n\n\n\n<p>2024 wurde eine neue Digitaldruckmaschine Fujifilm Jet Press 750S angeschafft, die effizientere Bearbeitung kleiner Auflagen erm\u00f6glicht und gleichzeitig die Menge an Makulatur, Druckformen und chemischen Abf\u00e4llen deutlich reduziert.<\/p>\n\n\n\n<p>2025 begann die Implementierung neuer Produktions-IT-Systeme, in deren Entwicklung das Unternehmen mehrere Jahre investiert hat und die eine weitere Automatisierung der Produktionsprozesse erm\u00f6glichen. Gleichzeitig wird dadurch die Sicherheit der Unternehmens-, Mitarbeiter- und Kundendaten gest\u00e4rkt.<\/p>\n\n\n\n\n\n\t\t\t<h2 id=\"abfallmanagement\">Abfallmanagement<\/h2>\t\n\n\n\n\n\n\n\n\n<p>Abf\u00e4lle bilden einen unvermeidlichen Teil der Produktionsprozesse, und die Reduzierung ihres Volumens liegt in der pers\u00f6nlichen Verantwortung des Unternehmens und jedes Mitarbeiters. Wir sorgen f\u00fcr die Sortierung und \u00dcbergabe der Abf\u00e4lle gem\u00e4\u00df den Anforderungen f\u00fcr Recycling oder Entsorgung, mit dem Ziel, den Abfallanteil pro Produktionseinheit schrittweise zu senken. Besonderes Augenmerk legen wir auf die Reduzierung der Makulatur und der nicht wiederverwertbaren Abf\u00e4llen. Im Jahr 2024 konnte die Menge der zu deponierenden Abf\u00e4lle im Vergleich zu 2023 um 52&nbsp;% reduziert werden.<\/p>\n\n\n\n<p>Im Alltag f\u00f6rdern wir das Bewusstsein unserer Mitarbeitenden f\u00fcr die Bedeutung der Abfallsortierung nicht nur im Bereich der Produktionsabf\u00e4lle, sondern auch der Haushaltsabf\u00e4lle. Zu diesem Zweck stellen wir verst\u00e4ndliche Informationen bereit, schaffen komfortable Bedingungen f\u00fcr die Abfallsortierung und ermutigen zu einem verantwortungsvollen Umgang mit Ressourcen. Wir organisieren Bildungsbesuche zu Abfalltrennungs- und Deponieanlagen, laden Vertreter anderer Unternehmen zum Erfahrungsaustausch ein und motivieren unsere Mitarbeiter, Ressourcen zu sparen und sie nach M\u00f6glichkeit wiederzuverwenden.<\/p>\n\n\n\n\n\n\t\t\t<h2 id=\"zertifikate\">Zertifikate<\/h2>\t\n\n\n\n\n\n\n\n\n<h3 class=\"wp-block-heading\">FSC\u00ae<\/h3>\n\n\n\n<p>Ende 2007 erhielt JELGAVAS TIPOGR\u0100FIJA als erste Druckerei Lettlands das <a href=\"https:\/\/jt.lv\/wp-content\/uploads\/2025\/05\/Jelgavas-tipografija-FSC-sertifikats.pdf\" target=\"_blank\" rel=\"noreferrer noopener\">Lieferkettenzertifikat<\/a> von FSC\u00ae (<em>Forest Stewardship Council<\/em>). Das bedeutet, dass unsere Kunden f\u00fcr die Herstellung von B\u00fcchern und anderen Druckerzeugnissen Papier aus nachhaltig bewirtschafteten W\u00e4ldern w\u00e4hlen k\u00f6nnen. Mehr lesen Sie auf der Internetseite von FSC\u00ae <a href=\"https:\/\/lv.fsc.org\/lv-lv\"><\/a><a href=\"https:\/\/www.fsc-deutschland.de\/\" target=\"_blank\" rel=\"noreferrer noopener\">hier<\/a>.<\/p>\n\n\n\n<h3 class=\"wp-block-heading\">Nordic Swan Ecolabel<\/h3>\n\n\n\n<p>Das Nordic Swan Ecolabel-<a href=\"https:\/\/www.svanen.se\/en\/product-types\/printing-company\/jelgavas-tipografija-sia\/\" target=\"_blank\" rel=\"noreferrer noopener\">Zertifikat<\/a> bescheinigt die Umweltfreundlichkeit der Produktproduktionsprozesse, bei denen die Natur geschont und weniger Energie verbraucht werden, sowie die Einhaltung strenger Umwelt- und Qualit\u00e4tsanforderungen f\u00fcr die Produktionsprozesse und das Produkt. Um dieses Zertifikat zu erhalten, m\u00fcssen eine Reihe von Anforderungen erf\u00fcllt werden, wie Materialgehaltspr\u00fcfung, Chemikalienzulassung, Raumluftqualit\u00e4t, Emissionskontrolle in Luft, Wasser und Boden, lizenziertes Programm zur Abfallverwertung und -entsorgung, Nutzung&nbsp; erneuerbarer Energiequellen und effizienter Umgang mit Ressourcen. Mehr lesen Sie auf der Internetseite von <em>Nordic Swan Ecolabel<\/em> <a href=\"https:\/\/www.nordic-swan-ecolabel.org\/\"><\/a><a href=\"https:\/\/www.nordic-swan-ecolabel.org\/\" target=\"_blank\" rel=\"noreferrer noopener\">hier<\/a>.<\/p>\n\n\n\n<h3 class=\"wp-block-heading\">ClimateCalc<\/h3>\n\n\n\n<p>Das erstmals im Mai 2022 erhaltene <a href=\"https:\/\/jt.lv\/wp-content\/uploads\/2025\/05\/Jelgavas-tipografija-ClimateCalc-sertifikats.pdf\" target=\"_blank\" rel=\"noreferrer noopener\">Zertifikat<\/a> von <em>ClimateCalc<\/em> bescheinigt die Einhaltung der Anforderungen f\u00fcr die Anwendung der CO<sub>2<\/sub>-Emissionsberechnungsmethode durch JELGAVAS TIPOGR\u0100FIJA. Das Zertifizierungsverfahren wird von der Internationalen Assoziation <em>ClimateCalc<\/em> gem\u00e4\u00df dem Standard des Europ\u00e4ischen Branchenbands <em>Intergraf<\/em> \u00fcberwacht, und dies ist der einzige internationale Standard zur Berechnung von CO<sub>2<\/sub>-Emissionen in der Druckindustrie. F\u00fcr die Druckerei bedeutet die Zertifizierung von <em>ClimateCalc<\/em> eine zahlenm\u00e4\u00dfige Erfassung und Reduzierung der bei den Produktionsprozessen entstehenden Emissionen, w\u00e4hrend der Kunde die M\u00f6glichkeit erh\u00e4lt, die potenziellen Umweltauswirkungen des Auftrags vor Produktionsbeginn zu bewerten und diese zu reduzieren bzw. zu kompensieren. Mehr lesen Sie auf der Internetseite von <em>ClimateCalc<\/em> <a href=\"https:\/\/www.climatecalc.eu\/\"><\/a><a href=\"https:\/\/www.climatecalc.eu\/ch-de\/\" target=\"_blank\" rel=\"noreferrer noopener\">hier<\/a>.<\/p>\n\n\n\n<h3 class=\"wp-block-heading\">Powered by Green<\/h3>\n\n\n\n<p>Seit Mai 2021 bezieht die Druckerei f\u00fcr ihre Produktionsbed\u00fcrfnisse ausschlie\u00dflich Strom aus erneuerbaren Energiequellen. Seit dem 1.&nbsp;Januar 2024 wird \u00d6kostrom von der AS Latvenergo bezogen, was durch das uns ausgestellte <a href=\"https:\/\/jt.lv\/wp-content\/uploads\/2024\/01\/Jelgavas-tipografija-Elektrum-Powered-by-Green-sertifikats.pdf\" target=\"_blank\" rel=\"noreferrer noopener\">Zertifikat<\/a> \u201ePowered by Green\u201c best\u00e4tigt wird.<\/p>\n\n\n\n<h3 class=\"wp-block-heading\">Za\u013c\u0101 josta<\/h3>\n\n\n\n<p>Das <a href=\"https:\/\/jt.lv\/wp-content\/uploads\/2024\/01\/Jelgavas-tipografija-Zala-josta-sertifikats.pdf\" target=\"_blank\" rel=\"noreferrer noopener\">Umweltzeichen<\/a> \u201eZa\u013c\u0101 josta\u201c wird Unternehmen verliehen, die sich dem freiwilligen Programm von SIA \u201eZa\u013c\u0101 josta\u201c zur Verwaltung von gebrauchten Verpackungen oder umweltsch\u00e4dlichen Produkten angeschlossen haben und sich somit f\u00fcr die Sammlung, Sortierung und Wiederverwertung von Verpackungsabf\u00e4llen zu Sekund\u00e4rrohstoffen einsetzen. Durch die Gewinnung von Sekund\u00e4rrohstoffen aus gebrauchten Verpackungen werden nicht nur nat\u00fcrliche Ressourcen geschont, sondern auch die Menge der deponierten Abf\u00e4lle auf M\u00fclldeponien und Ablagerungspl\u00e4tzen reduziert. Mehr lesen Sie auf der Internetseite von \u201eZa\u013c\u0101 josta\u201d <a href=\"https:\/\/www.zalajosta.lv\/\"><\/a><a href=\"https:\/\/www.zalajosta.lv\/en\/\" target=\"_blank\" rel=\"noreferrer noopener\">hier<\/a>.<\/p>\n","protected":false},"excerpt":{"rendered":"<p>Nachhaltigkeitsthemen in den Bereichen Umwelt, gute Unternehmensf\u00fchrung und Soziales sind ein fester Bestandteil des Arbeitsalltags von JELGAVAS TIPOGR\u0100FIJA. In diesem Abschnitt finden Sie Informationen \u00fcber unsere Ma\u00dfnahmen, die \u00dcberpr\u00fcfung von Prozessen sowie Verbesserungen, die im Rahmen unserer M\u00f6glichkeiten umgesetzt werden. Unser Ziel ist es, in diesem Bereich Transparenz und eine verantwortungsvolle Kommunikation mit Kunden, Partnern [&hellip;]<\/p>\n","protected":false},"author":1,"featured_media":5069,"parent":5096,"menu_order":22,"comment_status":"closed","ping_status":"closed","template":"","meta":{"_acf_changed":false,"inline_featured_image":false,"footnotes":""},"class_list":["post-5100","page","type-page","status-publish","has-post-thumbnail","hentry"],"acf":[],"yoast_head":"<!-- This site is optimized with the Yoast SEO plugin v27.4 - https:\/\/yoast.com\/product\/yoast-seo-wordpress\/ -->\n<title>Nachhaltigkeit - Jelgavas tipogr\u0101fija<\/title>\n<meta name=\"robots\" content=\"index, follow, max-snippet:-1, max-image-preview:large, max-video-preview:-1\" \/>\n<link rel=\"canonical\" href=\"https:\/\/jt.lv\/de\/uber-uns\/nachhaltigkeit\/\" \/>\n<meta property=\"og:locale\" content=\"de_DE\" \/>\n<meta property=\"og:type\" content=\"article\" \/>\n<meta property=\"og:title\" content=\"Nachhaltigkeit - Jelgavas tipogr\u0101fija\" \/>\n<meta property=\"og:description\" content=\"Nachhaltigkeitsthemen in den Bereichen Umwelt, gute Unternehmensf\u00fchrung und Soziales sind ein fester Bestandteil des Arbeitsalltags von JELGAVAS TIPOGR\u0100FIJA. In diesem Abschnitt finden Sie Informationen \u00fcber unsere Ma\u00dfnahmen, die \u00dcberpr\u00fcfung von Prozessen sowie Verbesserungen, die im Rahmen unserer M\u00f6glichkeiten umgesetzt werden. Unser Ziel ist es, in diesem Bereich Transparenz und eine verantwortungsvolle Kommunikation mit Kunden, Partnern [&hellip;]\" \/>\n<meta property=\"og:url\" content=\"https:\/\/jt.lv\/de\/uber-uns\/nachhaltigkeit\/\" \/>\n<meta property=\"og:site_name\" content=\"Jelgavas tipogr\u0101fija\" \/>\n<meta property=\"article:modified_time\" content=\"2025-10-02T05:14:03+00:00\" \/>\n<meta property=\"og:image\" content=\"https:\/\/jt.lv\/wp-content\/uploads\/2023\/08\/photo-14.jpg\" \/>\n\t<meta property=\"og:image:width\" content=\"1740\" \/>\n\t<meta property=\"og:image:height\" content=\"750\" \/>\n\t<meta property=\"og:image:type\" content=\"image\/jpeg\" \/>\n<meta name=\"twitter:card\" content=\"summary_large_image\" \/>\n<meta name=\"twitter:label1\" content=\"Est. reading time\" \/>\n\t<meta name=\"twitter:data1\" content=\"7 Minuten\" \/>\n<script type=\"application\/ld+json\" class=\"yoast-schema-graph\">{\"@context\":\"https:\\\/\\\/schema.org\",\"@graph\":[{\"@type\":\"WebPage\",\"@id\":\"https:\\\/\\\/jt.lv\\\/de\\\/uber-uns\\\/nachhaltigkeit\\\/\",\"url\":\"https:\\\/\\\/jt.lv\\\/de\\\/uber-uns\\\/nachhaltigkeit\\\/\",\"name\":\"Nachhaltigkeit - Jelgavas tipogr\u0101fija\",\"isPartOf\":{\"@id\":\"http:\\\/\\\/jt.lv\\\/de\\\/#website\"},\"primaryImageOfPage\":{\"@id\":\"https:\\\/\\\/jt.lv\\\/de\\\/uber-uns\\\/nachhaltigkeit\\\/#primaryimage\"},\"image\":{\"@id\":\"https:\\\/\\\/jt.lv\\\/de\\\/uber-uns\\\/nachhaltigkeit\\\/#primaryimage\"},\"thumbnailUrl\":\"https:\\\/\\\/jt.lv\\\/wp-content\\\/uploads\\\/2023\\\/08\\\/photo-14.jpg\",\"datePublished\":\"2023-09-08T09:40:14+00:00\",\"dateModified\":\"2025-10-02T05:14:03+00:00\",\"breadcrumb\":{\"@id\":\"https:\\\/\\\/jt.lv\\\/de\\\/uber-uns\\\/nachhaltigkeit\\\/#breadcrumb\"},\"inLanguage\":\"de-DE\",\"potentialAction\":[{\"@type\":\"ReadAction\",\"target\":[\"https:\\\/\\\/jt.lv\\\/de\\\/uber-uns\\\/nachhaltigkeit\\\/\"]}]},{\"@type\":\"ImageObject\",\"inLanguage\":\"de-DE\",\"@id\":\"https:\\\/\\\/jt.lv\\\/de\\\/uber-uns\\\/nachhaltigkeit\\\/#primaryimage\",\"url\":\"https:\\\/\\\/jt.lv\\\/wp-content\\\/uploads\\\/2023\\\/08\\\/photo-14.jpg\",\"contentUrl\":\"https:\\\/\\\/jt.lv\\\/wp-content\\\/uploads\\\/2023\\\/08\\\/photo-14.jpg\",\"width\":1740,\"height\":750},{\"@type\":\"BreadcrumbList\",\"@id\":\"https:\\\/\\\/jt.lv\\\/de\\\/uber-uns\\\/nachhaltigkeit\\\/#breadcrumb\",\"itemListElement\":[{\"@type\":\"ListItem\",\"position\":1,\"name\":\"Home\",\"item\":\"https:\\\/\\\/jt.lv\\\/de\\\/\"},{\"@type\":\"ListItem\",\"position\":2,\"name\":\"\u00dcber uns\",\"item\":\"https:\\\/\\\/jt.lv\\\/de\\\/uber-uns\\\/\"},{\"@type\":\"ListItem\",\"position\":3,\"name\":\"Nachhaltigkeit\"}]},{\"@type\":\"WebSite\",\"@id\":\"http:\\\/\\\/jt.lv\\\/de\\\/#website\",\"url\":\"http:\\\/\\\/jt.lv\\\/de\\\/\",\"name\":\"Jelgavas tipogr\u0101fija\",\"description\":\"M\u0113s ra\u017eojam gr\u0101matas.\",\"publisher\":{\"@id\":\"http:\\\/\\\/jt.lv\\\/de\\\/#organization\"},\"potentialAction\":[{\"@type\":\"SearchAction\",\"target\":{\"@type\":\"EntryPoint\",\"urlTemplate\":\"http:\\\/\\\/jt.lv\\\/de\\\/?s={search_term_string}\"},\"query-input\":{\"@type\":\"PropertyValueSpecification\",\"valueRequired\":true,\"valueName\":\"search_term_string\"}}],\"inLanguage\":\"de-DE\"},{\"@type\":\"Organization\",\"@id\":\"http:\\\/\\\/jt.lv\\\/de\\\/#organization\",\"name\":\"Jelgavas tipogr\u0101fija\",\"url\":\"http:\\\/\\\/jt.lv\\\/de\\\/\",\"logo\":{\"@type\":\"ImageObject\",\"inLanguage\":\"de-DE\",\"@id\":\"http:\\\/\\\/jt.lv\\\/de\\\/#\\\/schema\\\/logo\\\/image\\\/\",\"url\":\"https:\\\/\\\/jt.lv\\\/wp-content\\\/uploads\\\/2025\\\/06\\\/jt-logo.png\",\"contentUrl\":\"https:\\\/\\\/jt.lv\\\/wp-content\\\/uploads\\\/2025\\\/06\\\/jt-logo.png\",\"width\":696,\"height\":696,\"caption\":\"Jelgavas tipogr\u0101fija\"},\"image\":{\"@id\":\"http:\\\/\\\/jt.lv\\\/de\\\/#\\\/schema\\\/logo\\\/image\\\/\"}}]}<\/script>\n<!-- \/ Yoast SEO plugin. -->","yoast_head_json":{"title":"Nachhaltigkeit - Jelgavas tipogr\u0101fija","robots":{"index":"index","follow":"follow","max-snippet":"max-snippet:-1","max-image-preview":"max-image-preview:large","max-video-preview":"max-video-preview:-1"},"canonical":"https:\/\/jt.lv\/de\/uber-uns\/nachhaltigkeit\/","og_locale":"de_DE","og_type":"article","og_title":"Nachhaltigkeit - Jelgavas tipogr\u0101fija","og_description":"Nachhaltigkeitsthemen in den Bereichen Umwelt, gute Unternehmensf\u00fchrung und Soziales sind ein fester Bestandteil des Arbeitsalltags von JELGAVAS TIPOGR\u0100FIJA. In diesem Abschnitt finden Sie Informationen \u00fcber unsere Ma\u00dfnahmen, die \u00dcberpr\u00fcfung von Prozessen sowie Verbesserungen, die im Rahmen unserer M\u00f6glichkeiten umgesetzt werden. Unser Ziel ist es, in diesem Bereich Transparenz und eine verantwortungsvolle Kommunikation mit Kunden, Partnern [&hellip;]","og_url":"https:\/\/jt.lv\/de\/uber-uns\/nachhaltigkeit\/","og_site_name":"Jelgavas tipogr\u0101fija","article_modified_time":"2025-10-02T05:14:03+00:00","og_image":[{"width":1740,"height":750,"url":"https:\/\/jt.lv\/wp-content\/uploads\/2023\/08\/photo-14.jpg","type":"image\/jpeg"}],"twitter_card":"summary_large_image","twitter_misc":{"Est. reading time":"7 Minuten"},"schema":{"@context":"https:\/\/schema.org","@graph":[{"@type":"WebPage","@id":"https:\/\/jt.lv\/de\/uber-uns\/nachhaltigkeit\/","url":"https:\/\/jt.lv\/de\/uber-uns\/nachhaltigkeit\/","name":"Nachhaltigkeit - Jelgavas tipogr\u0101fija","isPartOf":{"@id":"http:\/\/jt.lv\/de\/#website"},"primaryImageOfPage":{"@id":"https:\/\/jt.lv\/de\/uber-uns\/nachhaltigkeit\/#primaryimage"},"image":{"@id":"https:\/\/jt.lv\/de\/uber-uns\/nachhaltigkeit\/#primaryimage"},"thumbnailUrl":"https:\/\/jt.lv\/wp-content\/uploads\/2023\/08\/photo-14.jpg","datePublished":"2023-09-08T09:40:14+00:00","dateModified":"2025-10-02T05:14:03+00:00","breadcrumb":{"@id":"https:\/\/jt.lv\/de\/uber-uns\/nachhaltigkeit\/#breadcrumb"},"inLanguage":"de-DE","potentialAction":[{"@type":"ReadAction","target":["https:\/\/jt.lv\/de\/uber-uns\/nachhaltigkeit\/"]}]},{"@type":"ImageObject","inLanguage":"de-DE","@id":"https:\/\/jt.lv\/de\/uber-uns\/nachhaltigkeit\/#primaryimage","url":"https:\/\/jt.lv\/wp-content\/uploads\/2023\/08\/photo-14.jpg","contentUrl":"https:\/\/jt.lv\/wp-content\/uploads\/2023\/08\/photo-14.jpg","width":1740,"height":750},{"@type":"BreadcrumbList","@id":"https:\/\/jt.lv\/de\/uber-uns\/nachhaltigkeit\/#breadcrumb","itemListElement":[{"@type":"ListItem","position":1,"name":"Home","item":"https:\/\/jt.lv\/de\/"},{"@type":"ListItem","position":2,"name":"\u00dcber uns","item":"https:\/\/jt.lv\/de\/uber-uns\/"},{"@type":"ListItem","position":3,"name":"Nachhaltigkeit"}]},{"@type":"WebSite","@id":"http:\/\/jt.lv\/de\/#website","url":"http:\/\/jt.lv\/de\/","name":"Jelgavas tipogr\u0101fija","description":"M\u0113s ra\u017eojam gr\u0101matas.","publisher":{"@id":"http:\/\/jt.lv\/de\/#organization"},"potentialAction":[{"@type":"SearchAction","target":{"@type":"EntryPoint","urlTemplate":"http:\/\/jt.lv\/de\/?s={search_term_string}"},"query-input":{"@type":"PropertyValueSpecification","valueRequired":true,"valueName":"search_term_string"}}],"inLanguage":"de-DE"},{"@type":"Organization","@id":"http:\/\/jt.lv\/de\/#organization","name":"Jelgavas tipogr\u0101fija","url":"http:\/\/jt.lv\/de\/","logo":{"@type":"ImageObject","inLanguage":"de-DE","@id":"http:\/\/jt.lv\/de\/#\/schema\/logo\/image\/","url":"https:\/\/jt.lv\/wp-content\/uploads\/2025\/06\/jt-logo.png","contentUrl":"https:\/\/jt.lv\/wp-content\/uploads\/2025\/06\/jt-logo.png","width":696,"height":696,"caption":"Jelgavas tipogr\u0101fija"},"image":{"@id":"http:\/\/jt.lv\/de\/#\/schema\/logo\/image\/"}}]}},"_links":{"self":[{"href":"https:\/\/jt.lv\/de\/wp-json\/wp\/v2\/pages\/5100","targetHints":{"allow":["GET"]}}],"collection":[{"href":"https:\/\/jt.lv\/de\/wp-json\/wp\/v2\/pages"}],"about":[{"href":"https:\/\/jt.lv\/de\/wp-json\/wp\/v2\/types\/page"}],"author":[{"embeddable":true,"href":"https:\/\/jt.lv\/de\/wp-json\/wp\/v2\/users\/1"}],"replies":[{"embeddable":true,"href":"https:\/\/jt.lv\/de\/wp-json\/wp\/v2\/comments?post=5100"}],"version-history":[{"count":13,"href":"https:\/\/jt.lv\/de\/wp-json\/wp\/v2\/pages\/5100\/revisions"}],"predecessor-version":[{"id":9124,"href":"https:\/\/jt.lv\/de\/wp-json\/wp\/v2\/pages\/5100\/revisions\/9124"}],"up":[{"embeddable":true,"href":"https:\/\/jt.lv\/de\/wp-json\/wp\/v2\/pages\/5096"}],"wp:featuredmedia":[{"embeddable":true,"href":"https:\/\/jt.lv\/de\/wp-json\/wp\/v2\/media\/5069"}],"wp:attachment":[{"href":"https:\/\/jt.lv\/de\/wp-json\/wp\/v2\/media?parent=5100"}],"curies":[{"name":"wp","href":"https:\/\/api.w.org\/{rel}","templated":true}]}}