{"id":5096,"date":"2023-07-27T12:19:32","date_gmt":"2023-07-27T10:19:32","guid":{"rendered":"https:\/\/jt.lv\/par-mums\/"},"modified":"2026-01-14T11:17:29","modified_gmt":"2026-01-14T09:17:29","slug":"uber-uns","status":"publish","type":"page","link":"https:\/\/jt.lv\/de\/uber-uns\/","title":{"rendered":"\u00dcber uns"},"content":{"rendered":"\n\n\n\n\t    \n        <div class=\"jt-promo-media is-full-width\">\n            <div class=\"born-container is-default\">\n                <div class=\"inner\">\n                    <div class=\"video youtube-video\" data-id=\"uVWWp-FjnNI\">\n                        <div class=\"thumbnail\" style=\"background-image: url(https:\/\/jt.lv\/wp-content\/uploads\/2023\/09\/0124-JT_Sep2021_foto-Billijs-Locs-933x525.jpg)\">\n                                                        <button class=\"is-play\">Play<\/button>\n                        <\/div>\n                    <\/div>\n                <\/div>\n            <\/div>\n        <\/div>\n\n\t    \n\n        <!-- <script>\n\n            \/\/ YouTube play button\n\n            jQuery(document).ready(function() {\n                jQuery('.is-play').click(function() {\n                    jQuery(this).parents().addClass('is-hidden');\n                    jQuery('#video1')[0].src += '&autoplay=1';\n                });\n            });\n\n        <\/script> -->\n\n\n        <script>\n\n            document.addEventListener(\"DOMContentLoaded\", function() {\n\n                \/\/ Initialize all .youtube-video blocks with thumbnails\n                document.querySelectorAll(\".youtube-video\").forEach(function(el) {\n                    let videoId = el.dataset.id;\n                });\n\n                \/\/ Play video on button click\n                document.addEventListener(\"click\", function(e) {\n                    if (e.target.classList.contains(\"is-play\")) {\n                        let yt = e.target.closest(\".youtube-video\");\n                        if (yt && yt.dataset.id) {\n                            let iframe = document.createElement(\"iframe\");\n                            iframe.setAttribute(\"src\", \"https:\/\/www.youtube.com\/embed\/\" + yt.dataset.id + \"?autoplay=1&rel=0\");\n                            iframe.setAttribute(\"frameborder\", \"0\");\n                            iframe.setAttribute(\"allowfullscreen\", \"1\");\n                            iframe.setAttribute(\"allow\", \"autoplay; encrypted-media\");\n                            yt.innerHTML = \"\"; \/\/ clear button + background\n                            yt.appendChild(iframe);\n                        }\n                    }\n                });\n\n            });\n\n        <\/script>\n\n\n\n\n\n\n\n\t\t\t<p style=\"text-align: center;\"><span class=\"is-text-very-big\">Sorgf\u00e4ltig und verantwortungsvoll produzierte B\u00fccher mit handwerklicher Pr\u00e4zision.\n<\/span><\/p>\n\t\n\n\n\n\n\n\n\n\n\t<div class=\"jt-features\">\n\t\t<div class=\"born-container is-default\">\n\t\t\t<div class=\"inner\">\n\n\t\t\t\t<div class=\"items-grid\">\n\n\t\t\t\t\t\n                    \n\t\t\t\t\t<div class=\"item is-style-1\" style=\"background-color: #cb6015\">\n\t\t\t\t\t\t<div class=\"title\" style=\"color:#FFFFFF\">\n                            30\t\t\t\t\t\t<\/div>\n\t\t\t\t\t\t<div class=\"desc\" style=\"color:#FFFFFF\">\n                            Jahre Erfahrung\t\t\t\t\t\t<\/div>\n\t\t\t\t\t<\/div>\n\n                    \n\t\t\t\t\t\n                    \n\t\t\t\t\t<div class=\"item is-style-2\" style=\"background-color: #001e62\">\n\t\t\t\t\t\t<div class=\"title\" style=\"color:#FFFFFF\">\n                            10 000 m<sup>2<\/sup>\t\t\t\t\t\t<\/div>\n\t\t\t\t\t\t<div class=\"desc\" style=\"color:#FFFFFF\">\n                            Produktionsfl\u00e4che\t\t\t\t\t\t<\/div>\n\t\t\t\t\t<\/div>\n\n                    \n\t\t\t\t\t\n                    \n\t\t\t\t\t<div class=\"item is-style-3\" style=\"background-color: #006600\">\n\t\t\t\t\t\t<div class=\"title\" style=\"color:#FFFFFF\">\n                            190\t\t\t\t\t\t<\/div>\n\t\t\t\t\t\t<div class=\"desc\" style=\"color:#FFFFFF\">\n                            Mitarbeiter\t\t\t\t\t\t<\/div>\n\t\t\t\t\t<\/div>\n\n                    \n\t\t\t\t\t\n                    \n\t\t\t\t\t<div class=\"item is-style-2\" style=\"background-color: #cb6015\">\n\t\t\t\t\t\t<div class=\"title\" style=\"color:#FFFFFF\">\n                            6,5 milj.\t\t\t\t\t\t<\/div>\n\t\t\t\t\t\t<div class=\"desc\" style=\"color:#FFFFFF\">\n                            B\u00fccher pro Jahr\t\t\t\t\t\t<\/div>\n\t\t\t\t\t<\/div>\n\n                    \n\t\t\t\t\t\n                    \n\t\t\t\t\t<div class=\"item is-style-3\" style=\"background-color: #001e62\">\n\t\t\t\t\t\t<div class=\"title\" style=\"color:#FFFFFF\">\n                            35+\t\t\t\t\t\t<\/div>\n\t\t\t\t\t\t<div class=\"desc\" style=\"color:#FFFFFF\">\n                            Bindungsarten\t\t\t\t\t\t<\/div>\n\t\t\t\t\t<\/div>\n\n                    \n\t\t\t\t\t\n                    \n\t\t\t\t\t<div class=\"item is-style-4\" style=\"background-color: #006600\">\n\t\t\t\t\t\t<div class=\"title\" style=\"color:#FFFFFF\">\n                            70%\t\t\t\t\t\t<\/div>\n\t\t\t\t\t\t<div class=\"desc\" style=\"color:#FFFFFF\">\n                            Exportanteil\t\t\t\t\t\t<\/div>\n\t\t\t\t\t<\/div>\n\n                    \n\t\t\t\t\t\n\n\t\t\t\t<\/div>\n\n\t\t\t<\/div>\n\t\t<\/div>\n\t<\/div>\n\n\n\n\n\n\n\n\n\n\t<div class=\"jt-feature-single \" style=\"opacity: 0;\">\n\t\t<div class=\"born-container is-default\">\n\t\t\t<div class=\"inner\">\n\t\t\t\t<div class=\"image lazy\" data-bg=\"https:\/\/jt.lv\/wp-content\/uploads\/2024\/12\/0030-JT24_foto-Billijs-Locs-1271x848.jpg\"><\/div>\n\t\t\t\t<div class=\"data\">\n\t\t\t\t\t<div class=\"heading\">\n\t\t\t\t\t\t<h2>Fachkompetenz<\/h2>\n\t\t\t\t\t<\/div>\n\n\t\t\t\t\t\t\t\t\t\t<div class=\"desc\">\n\t\t\t\t\t\t<p>Dank jahrzehntelanger Erfahrung und moderner Technologien sind wir stolz auf die Ergebnisse, die wir in der Buchproduktion erzielen. Unsere Fachkompetenz umfasst ein breites Spektrum an Bindungsarten \u2013 von einfachen Taschenb\u00fcchern bis hin zu Sonderausgaben mit verschiedenen Kombinationen von Weiterverarbeitungstechniken. Unsere Spezialisten \u2013 Druckprofis mit fundiertem Wissen \u00fcber Druck- und Weiterverarbeitungstechnologien \u2013 k\u00fcmmern sich um jedes Detail, um h\u00f6chste Qualit\u00e4t und ma\u00dfgeschneiderte L\u00f6sungen zu gew\u00e4hrleisten, die sowohl der Idee als auch den technischen Anforderungen des Kunden entsprechen.<\/p>\n\t\t\t\t\t<\/div>\n\t\t\t\t\t\n                    \n\t\t\t\t\t\n\t\t\t\t\t\t\t\t\t\t<div class=\"cta\">\n\t\t\t\t\t\t<a href=\"https:\/\/jt.lv\/de\/buchproduktion\/\" target=\"_blank\" title=\"Produkte und Dienstleistungen\">Produkte und Dienstleistungen<\/a>\n\t\t\t\t\t<\/div>\n\t\t\t\t\t\n\t\t\t\t<\/div>\n\t\t\t<\/div>\n\t\t<\/div>\n\t<\/div>\n\n\n\n\n\n\n\n\t<div class=\"jt-feature-single is-reversed\" style=\"opacity: 0;\">\n\t\t<div class=\"born-container is-default\">\n\t\t\t<div class=\"inner\">\n\t\t\t\t<div class=\"image lazy\" data-bg=\"https:\/\/jt.lv\/wp-content\/uploads\/2023\/09\/0069-JT_Sep2021_foto-Billijs-Locs-1271x847.jpg\"><\/div>\n\t\t\t\t<div class=\"data\">\n\t\t\t\t\t<div class=\"heading\">\n\t\t\t\t\t\t<h2>Moderne Produktion<\/h2>\n\t\t\t\t\t<\/div>\n\n\t\t\t\t\t\t\t\t\t\t<div class=\"desc\">\n\t\t\t\t\t\t<p>Moderne Produktion basiert auf neuesten Technologien, effizienten Abl\u00e4ufen und innovativen Ans\u00e4tzen, um hochwertige und nachhaltige Produkte zu schaffen. Wir investieren kontinuierlich in die Modernisierung unseres Maschinenparks, um sowohl wirtschaftlicher als auch umweltfreundlicher produzieren zu k\u00f6nnen. In der Buchproduktion bedeutet das exzellente Druckqualit\u00e4t, pr\u00e4zise Weiterverarbeitung und die Flexibilit\u00e4t, sich an unterschiedliche Auflagenh\u00f6hen und Personalisierungsanforderungen anzupassen \u2013 und das bei h\u00f6chsten Qualit\u00e4tsstandards in jedem Produktionsschritt. Durch die Verbindung von handwerklicher Erfahrung und innovativen Druckl\u00f6sungen k\u00f6nnen wir individuell auf die Anforderungen jedes Kunden eingehen.<\/p>\n\t\t\t\t\t<\/div>\n\t\t\t\t\t\n                    \n\t\t\t\t\t\n\t\t\t\t\t\t\t\t\t\t<div class=\"cta\">\n\t\t\t\t\t\t<a href=\"https:\/\/jt.lv\/de\/produktionsanlagen\/\" target=\"_blank\" title=\"Produktionsanlagen\">Produktionsanlagen<\/a>\n\t\t\t\t\t<\/div>\n\t\t\t\t\t\n\t\t\t\t<\/div>\n\t\t\t<\/div>\n\t\t<\/div>\n\t<\/div>\n\n\n\n\n\n\n\n\t<div class=\"jt-feature-single \" style=\"opacity: 0;\">\n\t\t<div class=\"born-container is-default\">\n\t\t\t<div class=\"inner\">\n\t\t\t\t<div class=\"image lazy\" data-bg=\"https:\/\/jt.lv\/wp-content\/uploads\/2024\/12\/0105-JT24_foto-Billijs-Locs-1271x848.jpg\"><\/div>\n\t\t\t\t<div class=\"data\">\n\t\t\t\t\t<div class=\"heading\">\n\t\t\t\t\t\t<h2>Lieferung Europa und mehr<\/h2>\n\t\t\t\t\t<\/div>\n\n\t\t\t\t\t\t\t\t\t\t<div class=\"desc\">\n\t\t\t\t\t\t<p>Wir sichern einen umfassenden Service f\u00fcr die Lieferung fertiger Produkte per Land-, See- und Lufttransport. Je nach Kundenwunsch bieten wir verschiedene Verpackungsarten, Palettengr\u00f6\u00dfen entsprechend den Lageranforderungen oder Spezialtransporte entsprechend den Lieferbedingungen an. Wir liefern den Kunden die B\u00fcchermuster, als auch die Test- bzw. Probedruckbogen per Paketdienst an.<\/p>\n\t\t\t\t\t<\/div>\n\t\t\t\t\t\n                    \n\t\t\t\t\t\n\t\t\t\t\t\t\t\t\t\t<div class=\"cta\">\n\t\t\t\t\t\t<a href=\"https:\/\/jt.lv\/de\/uber-uns\/lieferbedingungen\/\" target=\"_blank\" title=\"Lieferbedingungen\">Lieferbedingungen<\/a>\n\t\t\t\t\t<\/div>\n\t\t\t\t\t\n\t\t\t\t<\/div>\n\t\t\t<\/div>\n\t\t<\/div>\n\t<\/div>\n\n\n\n\n\n\n\n\t<div class=\"jt-feature-single is-reversed\" style=\"opacity: 0;\">\n\t\t<div class=\"born-container is-default\">\n\t\t\t<div class=\"inner\">\n\t\t\t\t<div class=\"image lazy\" data-bg=\"https:\/\/jt.lv\/wp-content\/uploads\/2023\/09\/Jelgavas-tipografija-vide-ilgtspeja-2-1271x700.jpg\"><\/div>\n\t\t\t\t<div class=\"data\">\n\t\t\t\t\t<div class=\"heading\">\n\t\t\t\t\t\t<h2>Nachhaltigkeit<\/h2>\n\t\t\t\t\t<\/div>\n\n\t\t\t\t\t\t\t\t\t\t<div class=\"desc\">\n\t\t\t\t\t\t<p>Umweltbelange, soziale Verantwortung und das Wohlergehen unserer Mitarbeitenden sind ein fester Bestandteil unseres Arbeitsalltags. Wir haben uns verpflichtet, den CO\u2082-Fu\u00dfabdruck unseres Unternehmens kontinuierlich zu reduzieren, umweltfreundlichere Materialien, Maschinen und Partner bewusst auszuw\u00e4hlen, Abf\u00e4lle m\u00f6glichst zu vermeiden und unsere Kund*innen bei der Entscheidung f\u00fcr ein nachhaltiges Buch aktiv zu unterst\u00fctzen. Solche Entscheidungen sind nicht immer bequem oder wirtschaftlich \u2013 aber f\u00fcr uns ist dies der einzig richtige Weg, wenn wir an das denken, was wir kommenden Generationen hinterlassen.<\/p>\n\t\t\t\t\t<\/div>\n\t\t\t\t\t\n                    \n\t\t\t\t\t\t\t\t\t\t\t<div class=\"brands\">\n\n\t\t\t\t\t\t\t\t\t\t\t\t\t\t<div>\n\t\t\t\t\t\t\t\t<img srcset=\"https:\/\/jt.lv\/wp-content\/uploads\/2023\/12\/Jelgvas-tipografija-ClimateCalc-sertifikats.jpg 2x\" alt=\"Jelgvas-tipografija-ClimateCalc-sertifikats\">\n\t\t\t\t\t\t\t<\/div>\n\t\t\t\t\t\t\t\t\t\t\t\t\t\t<div>\n\t\t\t\t\t\t\t\t<img srcset=\"https:\/\/jt.lv\/wp-content\/uploads\/2023\/12\/Jelgvas-tipografija-FSC-sertifikats.jpg 2x\" alt=\"Jelgvas-tipografija-FSC-sertifikats\">\n\t\t\t\t\t\t\t<\/div>\n\t\t\t\t\t\t\t\t\t\t\t\t\t\t<div>\n\t\t\t\t\t\t\t\t<img srcset=\"https:\/\/jt.lv\/wp-content\/uploads\/2023\/12\/Jelgvas-tipografija-Nordic-Swan-Ecolabel-sertifikats.jpg 2x\" alt=\"Jelgvas-tipografija-Nordic-Swan-Ecolabel-sertifikats\">\n\t\t\t\t\t\t\t<\/div>\n\t\t\t\t\t\t\t\t\t\t\t\t\t\t<div>\n\t\t\t\t\t\t\t\t<img srcset=\"https:\/\/jt.lv\/wp-content\/uploads\/2023\/12\/Jelgvas-tipografija-Powered-by-Green-sertifikats.jpg 2x\" alt=\"Jelgvas-tipografija-Powered-by-Green-sertifikats\">\n\t\t\t\t\t\t\t<\/div>\n\t\t\t\t\t\t\t\n\t\t\t\t\t\t<\/div>\n\t\t\t\t\t\n\t\t\t\t\t\t\t\t\t\t<div class=\"cta\">\n\t\t\t\t\t\t<a href=\"https:\/\/jt.lv\/de\/uber-uns\/nachhaltigkeit\/\" target=\"\" title=\"Mehr erfahren\">Mehr erfahren<\/a>\n\t\t\t\t\t<\/div>\n\t\t\t\t\t\n\t\t\t\t<\/div>\n\t\t\t<\/div>\n\t\t<\/div>\n\t<\/div>\n\n\n\n\n\n\n\n\t<div class=\"jt-feature-single \" style=\"opacity: 0;\">\n\t\t<div class=\"born-container is-default\">\n\t\t\t<div class=\"inner\">\n\t\t\t\t<div class=\"image lazy\" data-bg=\"https:\/\/jt.lv\/wp-content\/uploads\/2025\/08\/balts-papergoods-1271x847.jpg\"><\/div>\n\t\t\t\t<div class=\"data\">\n\t\t\t\t\t<div class=\"heading\">\n\t\t\t\t\t\t<h2>Produktion von Planern, Notizb\u00fcchern und Kalendern<\/h2>\n\t\t\t\t\t<\/div>\n\n\t\t\t\t\t\t\t\t\t\t<div class=\"desc\">\n\t\t\t\t\t\t<p>Unser Tochterunternehmen BALTS produziert seit \u00fcber 25 Jahren Planer, Notizb\u00fccher, Kalender und Zubeh\u00f6r. Diese in Lettland hergestellten Papierwaren sind sowohl bei Privatpersonen als auch bei Unternehmen beliebt. W\u00e4hlen Sie ein Produkt aus dem Standardangebot aus oder personalisieren Sie es entsprechend Ihren pers\u00f6nlichen, Unternehmens- oder Markenanforderungen.<\/p>\n\t\t\t\t\t<\/div>\n\t\t\t\t\t\n                    \n\t\t\t\t\t\n\t\t\t\t\t\t\t\t\t\t<div class=\"cta\">\n\t\t\t\t\t\t<a href=\"http:\/\/www.baltspaper.lv\/en\" target=\"_blank\" title=\"baltspaper.com\">baltspaper.com<\/a>\n\t\t\t\t\t<\/div>\n\t\t\t\t\t\n\t\t\t\t<\/div>\n\t\t\t<\/div>\n\t\t<\/div>\n\t<\/div>\n\n","protected":false},"excerpt":{"rendered":"","protected":false},"author":1,"featured_media":0,"parent":0,"menu_order":11,"comment_status":"closed","ping_status":"closed","template":"","meta":{"_acf_changed":false,"inline_featured_image":false,"footnotes":""},"class_list":["post-5096","page","type-page","status-publish","hentry"],"acf":[],"yoast_head":"<!-- This site is optimized with the Yoast SEO plugin v27.4 - https:\/\/yoast.com\/product\/yoast-seo-wordpress\/ -->\n<title>\u00dcber uns - Jelgavas tipogr\u0101fija<\/title>\n<meta name=\"description\" content=\"Kompletter Buchproduktionszyklus unter einem Dach. \u00dcber 25 Jahre Erfahrung, Fachwissen und individuelle Betreuung f\u00fcr jedes Buchprojekt.\" \/>\n<meta name=\"robots\" content=\"index, follow, max-snippet:-1, max-image-preview:large, max-video-preview:-1\" \/>\n<link rel=\"canonical\" href=\"https:\/\/jt.lv\/de\/uber-uns\/\" \/>\n<meta property=\"og:locale\" content=\"de_DE\" \/>\n<meta property=\"og:type\" content=\"article\" \/>\n<meta property=\"og:title\" content=\"\u00dcber uns - Jelgavas tipogr\u0101fija\" \/>\n<meta property=\"og:description\" content=\"Kompletter Buchproduktionszyklus unter einem Dach. \u00dcber 25 Jahre Erfahrung, Fachwissen und individuelle Betreuung f\u00fcr jedes Buchprojekt.\" \/>\n<meta property=\"og:url\" content=\"https:\/\/jt.lv\/de\/uber-uns\/\" \/>\n<meta property=\"og:site_name\" content=\"Jelgavas tipogr\u0101fija\" \/>\n<meta property=\"article:modified_time\" content=\"2026-01-14T09:17:29+00:00\" \/>\n<meta property=\"og:image\" content=\"https:\/\/jt.lv\/wp-content\/uploads\/2025\/06\/site-image.png\" \/>\n\t<meta property=\"og:image:width\" content=\"1200\" \/>\n\t<meta property=\"og:image:height\" content=\"675\" \/>\n\t<meta property=\"og:image:type\" content=\"image\/png\" \/>\n<meta name=\"twitter:card\" content=\"summary_large_image\" \/>\n<script type=\"application\/ld+json\" class=\"yoast-schema-graph\">{\"@context\":\"https:\\\/\\\/schema.org\",\"@graph\":[{\"@type\":\"WebPage\",\"@id\":\"https:\\\/\\\/jt.lv\\\/de\\\/uber-uns\\\/\",\"url\":\"https:\\\/\\\/jt.lv\\\/de\\\/uber-uns\\\/\",\"name\":\"\u00dcber uns - Jelgavas tipogr\u0101fija\",\"isPartOf\":{\"@id\":\"http:\\\/\\\/jt.lv\\\/de\\\/#website\"},\"datePublished\":\"2023-07-27T10:19:32+00:00\",\"dateModified\":\"2026-01-14T09:17:29+00:00\",\"description\":\"Kompletter Buchproduktionszyklus unter einem Dach. \u00dcber 25 Jahre Erfahrung, Fachwissen und individuelle Betreuung f\u00fcr jedes Buchprojekt.\",\"breadcrumb\":{\"@id\":\"https:\\\/\\\/jt.lv\\\/de\\\/uber-uns\\\/#breadcrumb\"},\"inLanguage\":\"de-DE\",\"potentialAction\":[{\"@type\":\"ReadAction\",\"target\":[\"https:\\\/\\\/jt.lv\\\/de\\\/uber-uns\\\/\"]}]},{\"@type\":\"BreadcrumbList\",\"@id\":\"https:\\\/\\\/jt.lv\\\/de\\\/uber-uns\\\/#breadcrumb\",\"itemListElement\":[{\"@type\":\"ListItem\",\"position\":1,\"name\":\"Home\",\"item\":\"https:\\\/\\\/jt.lv\\\/de\\\/\"},{\"@type\":\"ListItem\",\"position\":2,\"name\":\"\u00dcber uns\"}]},{\"@type\":\"WebSite\",\"@id\":\"http:\\\/\\\/jt.lv\\\/de\\\/#website\",\"url\":\"http:\\\/\\\/jt.lv\\\/de\\\/\",\"name\":\"Jelgavas tipogr\u0101fija\",\"description\":\"M\u0113s ra\u017eojam gr\u0101matas.\",\"publisher\":{\"@id\":\"http:\\\/\\\/jt.lv\\\/de\\\/#organization\"},\"potentialAction\":[{\"@type\":\"SearchAction\",\"target\":{\"@type\":\"EntryPoint\",\"urlTemplate\":\"http:\\\/\\\/jt.lv\\\/de\\\/?s={search_term_string}\"},\"query-input\":{\"@type\":\"PropertyValueSpecification\",\"valueRequired\":true,\"valueName\":\"search_term_string\"}}],\"inLanguage\":\"de-DE\"},{\"@type\":\"Organization\",\"@id\":\"http:\\\/\\\/jt.lv\\\/de\\\/#organization\",\"name\":\"Jelgavas tipogr\u0101fija\",\"url\":\"http:\\\/\\\/jt.lv\\\/de\\\/\",\"logo\":{\"@type\":\"ImageObject\",\"inLanguage\":\"de-DE\",\"@id\":\"http:\\\/\\\/jt.lv\\\/de\\\/#\\\/schema\\\/logo\\\/image\\\/\",\"url\":\"https:\\\/\\\/jt.lv\\\/wp-content\\\/uploads\\\/2025\\\/06\\\/jt-logo.png\",\"contentUrl\":\"https:\\\/\\\/jt.lv\\\/wp-content\\\/uploads\\\/2025\\\/06\\\/jt-logo.png\",\"width\":696,\"height\":696,\"caption\":\"Jelgavas tipogr\u0101fija\"},\"image\":{\"@id\":\"http:\\\/\\\/jt.lv\\\/de\\\/#\\\/schema\\\/logo\\\/image\\\/\"}}]}<\/script>\n<!-- \/ Yoast SEO plugin. -->","yoast_head_json":{"title":"\u00dcber uns - Jelgavas tipogr\u0101fija","description":"Kompletter Buchproduktionszyklus unter einem Dach. \u00dcber 25 Jahre Erfahrung, Fachwissen und individuelle Betreuung f\u00fcr jedes Buchprojekt.","robots":{"index":"index","follow":"follow","max-snippet":"max-snippet:-1","max-image-preview":"max-image-preview:large","max-video-preview":"max-video-preview:-1"},"canonical":"https:\/\/jt.lv\/de\/uber-uns\/","og_locale":"de_DE","og_type":"article","og_title":"\u00dcber uns - Jelgavas tipogr\u0101fija","og_description":"Kompletter Buchproduktionszyklus unter einem Dach. \u00dcber 25 Jahre Erfahrung, Fachwissen und individuelle Betreuung f\u00fcr jedes Buchprojekt.","og_url":"https:\/\/jt.lv\/de\/uber-uns\/","og_site_name":"Jelgavas tipogr\u0101fija","article_modified_time":"2026-01-14T09:17:29+00:00","og_image":[{"width":1200,"height":675,"url":"https:\/\/jt.lv\/wp-content\/uploads\/2025\/06\/site-image.png","type":"image\/png"}],"twitter_card":"summary_large_image","schema":{"@context":"https:\/\/schema.org","@graph":[{"@type":"WebPage","@id":"https:\/\/jt.lv\/de\/uber-uns\/","url":"https:\/\/jt.lv\/de\/uber-uns\/","name":"\u00dcber uns - Jelgavas tipogr\u0101fija","isPartOf":{"@id":"http:\/\/jt.lv\/de\/#website"},"datePublished":"2023-07-27T10:19:32+00:00","dateModified":"2026-01-14T09:17:29+00:00","description":"Kompletter Buchproduktionszyklus unter einem Dach. \u00dcber 25 Jahre Erfahrung, Fachwissen und individuelle Betreuung f\u00fcr jedes Buchprojekt.","breadcrumb":{"@id":"https:\/\/jt.lv\/de\/uber-uns\/#breadcrumb"},"inLanguage":"de-DE","potentialAction":[{"@type":"ReadAction","target":["https:\/\/jt.lv\/de\/uber-uns\/"]}]},{"@type":"BreadcrumbList","@id":"https:\/\/jt.lv\/de\/uber-uns\/#breadcrumb","itemListElement":[{"@type":"ListItem","position":1,"name":"Home","item":"https:\/\/jt.lv\/de\/"},{"@type":"ListItem","position":2,"name":"\u00dcber uns"}]},{"@type":"WebSite","@id":"http:\/\/jt.lv\/de\/#website","url":"http:\/\/jt.lv\/de\/","name":"Jelgavas tipogr\u0101fija","description":"M\u0113s ra\u017eojam gr\u0101matas.","publisher":{"@id":"http:\/\/jt.lv\/de\/#organization"},"potentialAction":[{"@type":"SearchAction","target":{"@type":"EntryPoint","urlTemplate":"http:\/\/jt.lv\/de\/?s={search_term_string}"},"query-input":{"@type":"PropertyValueSpecification","valueRequired":true,"valueName":"search_term_string"}}],"inLanguage":"de-DE"},{"@type":"Organization","@id":"http:\/\/jt.lv\/de\/#organization","name":"Jelgavas tipogr\u0101fija","url":"http:\/\/jt.lv\/de\/","logo":{"@type":"ImageObject","inLanguage":"de-DE","@id":"http:\/\/jt.lv\/de\/#\/schema\/logo\/image\/","url":"https:\/\/jt.lv\/wp-content\/uploads\/2025\/06\/jt-logo.png","contentUrl":"https:\/\/jt.lv\/wp-content\/uploads\/2025\/06\/jt-logo.png","width":696,"height":696,"caption":"Jelgavas tipogr\u0101fija"},"image":{"@id":"http:\/\/jt.lv\/de\/#\/schema\/logo\/image\/"}}]}},"_links":{"self":[{"href":"https:\/\/jt.lv\/de\/wp-json\/wp\/v2\/pages\/5096","targetHints":{"allow":["GET"]}}],"collection":[{"href":"https:\/\/jt.lv\/de\/wp-json\/wp\/v2\/pages"}],"about":[{"href":"https:\/\/jt.lv\/de\/wp-json\/wp\/v2\/types\/page"}],"author":[{"embeddable":true,"href":"https:\/\/jt.lv\/de\/wp-json\/wp\/v2\/users\/1"}],"replies":[{"embeddable":true,"href":"https:\/\/jt.lv\/de\/wp-json\/wp\/v2\/comments?post=5096"}],"version-history":[{"count":26,"href":"https:\/\/jt.lv\/de\/wp-json\/wp\/v2\/pages\/5096\/revisions"}],"predecessor-version":[{"id":9462,"href":"https:\/\/jt.lv\/de\/wp-json\/wp\/v2\/pages\/5096\/revisions\/9462"}],"wp:attachment":[{"href":"https:\/\/jt.lv\/de\/wp-json\/wp\/v2\/media?parent=5096"}],"curies":[{"name":"wp","href":"https:\/\/api.w.org\/{rel}","templated":true}]}}