{"id":5080,"date":"2023-07-26T06:36:44","date_gmt":"2023-07-26T04:36:44","guid":{"rendered":"https:\/\/jt.lv\/home\/"},"modified":"2026-02-24T10:37:26","modified_gmt":"2026-02-24T08:37:26","slug":"home","status":"publish","type":"page","link":"https:\/\/jt.lv\/de\/","title":{"rendered":"Startseite"},"content":{"rendered":"\n\n\n\n\t<div class=\"jt-intro\">\n\t\t<div class=\"born-container is-default\">\n\t\t\t<div class=\"title\">\n\t\t\t\t<h1>Wir produzieren B\u00fccher. <br>Mit Verantwortung und Respekt gegen\u00fcber Autoren, Verlagen und Lesern.<\/h1>\n\t\t\t<\/div>\n\t\t\t<a href=\"#\" class=\"scroll\">Scroll down<\/a>\n\t\t<\/div>\n\t\t<div class=\"bg\" style=\"background-image: url(https:\/\/jt.lv\/wp-content\/uploads\/2025\/07\/jelgavas-tipografija-title-picture-book-production.jpg)\"><\/div>\n\t<\/div>\n\n\n\n\n\n\n\n\n\n\t            <div class=\"jt-promo-media is-full-width\">\n            <div class=\"born-container is-default\">\n                <div class=\"inner\">\n                    <div class=\"data\">\n                        <div class=\"heading\">\n                            <h2>Der komplette Buchproduktionszyklus unter einem Dach<\/h2>\n                        <\/div>\n                        <div class=\"desc\">\n                            <p>Wir sind eine der \u00e4ltesten und gr\u00f6\u00dften Buchdruckereien in Lettland und in den baltischen Staaten. Die Buchproduktion ist unsere Spezialisierung und Leidenschaft zugleich. Wir bieten den vollst\u00e4ndigen Produktionszyklus \u2013 beginnend mit einem wei\u00dfen Blatt Papier bis zur Lieferung der fertigen Produkte in Lettland und in ganz Europa.<\/p>\n                        <\/div>\n                    <\/div>\n                    <div class=\"video youtube-video\" data-id=\"uVWWp-FjnNI\">\n                        <div class=\"thumbnail\" style=\"background-image: url(https:\/\/jt.lv\/wp-content\/uploads\/2025\/07\/jelgavas-tipografija-index-page-video-thumbnail-920x525.jpg)\">\n                            <button class=\"is-play\">Play<\/button>\n                        <\/div>\n                    <\/div>\n                <\/div>\n            <\/div>\n        <\/div>\n\n        \n\n        <!-- <script>\n\n            \/\/ YouTube play button\n\n            jQuery(document).ready(function() {\n                jQuery('.is-play').click(function() {\n                    jQuery(this).parents().addClass('is-hidden');\n                    jQuery('#video1')[0].src += '&autoplay=1';\n                });\n            });\n\n        <\/script> -->\n\n\n        <script>\n\n            document.addEventListener(\"DOMContentLoaded\", function() {\n\n                \/\/ Initialize all .youtube-video blocks with thumbnails\n                document.querySelectorAll(\".youtube-video\").forEach(function(el) {\n                    let videoId = el.dataset.id;\n                });\n\n                \/\/ Play video on button click\n                document.addEventListener(\"click\", function(e) {\n                    if (e.target.classList.contains(\"is-play\")) {\n                        let yt = e.target.closest(\".youtube-video\");\n                        if (yt && yt.dataset.id) {\n                            let iframe = document.createElement(\"iframe\");\n                            iframe.setAttribute(\"src\", \"https:\/\/www.youtube.com\/embed\/\" + yt.dataset.id + \"?autoplay=1&rel=0\");\n                            iframe.setAttribute(\"frameborder\", \"0\");\n                            iframe.setAttribute(\"allowfullscreen\", \"1\");\n                            iframe.setAttribute(\"allow\", \"autoplay; encrypted-media\");\n                            yt.innerHTML = \"\"; \/\/ clear button + background\n                            yt.appendChild(iframe);\n                        }\n                    }\n                });\n\n            });\n\n        <\/script>\n\n\n\n\n\n\n\t<div class=\"jt-text-blocks\">\n\t\t<div class=\"born-container is-default\">\n\n\t\t\t<div class=\"items-grid\">\n\n\t\t\t\t\n\t\t\t\t\t<div class=\"item\">\n\t\t\t\t\t\t<div class=\"heading\">\n\t\t\t\t\t\t\t<h2>Druck, Buchbinden und Nachbearbeitung<\/h2>\n\t\t\t\t\t\t<\/div>\n\t\t\t\t\t\t<div class=\"desc\">\n\t\t\t\t\t\t\t<p>In unserem Betrieb werden Druckarbeiten in h\u00f6chster Qualit\u00e4t auf Offsetdruckmaschinen und im Digitaldruck durchgef\u00fchrt. Wir produzieren mehr als 35 verschiedene <a href=\"https:\/\/jt.lv\/de\/buchproduktion\/\" target=\"_blank\" rel=\"noopener\">Einbandtypen<\/a> und bieten unz\u00e4hlige <a href=\"https:\/\/jt.lv\/de\/buchproduktion\/\" target=\"_blank\" rel=\"noopener\">Nachbearbeitungsm\u00f6glichkeiten<\/a>.<\/p>\n\t\t\t\t\t\t<\/div>\n\t\t\t\t\t\t\t\t\t\t\t<\/div>\n\n\t\t\t\t\n\t\t\t\t\t<div class=\"item\">\n\t\t\t\t\t\t<div class=\"heading\">\n\t\t\t\t\t\t\t<h2>Erfahrung und moderne Ausstattung<\/h2>\n\t\t\t\t\t\t<\/div>\n\t\t\t\t\t\t<div class=\"desc\">\n\t\t\t\t\t\t\t<p>Dank unserer \u00fcber 25 Jahre langen Erfahrung in Verbindung mit unseren <a href=\"https:\/\/jt.lv\/de\/produktionsanlagen\/\" target=\"_blank\" rel=\"noopener\">Produktionsanlagen<\/a> sind wir in der Lage, sowohl bei Standardauftr\u00e4gen als auch bei technisch anspruchsvollen Buchprojekten eine hohe Qualit\u00e4t zu gew\u00e4hrleisten.<\/p>\n\t\t\t\t\t\t<\/div>\n\t\t\t\t\t\t\t\t\t\t\t<\/div>\n\n\t\t\t\t\n\t\t\t\t\t<div class=\"item\">\n\t\t\t\t\t\t<div class=\"heading\">\n\t\t\t\t\t\t\t<h2>Ma\u00dfgeschneiderte L\u00f6sungen<\/h2>\n\t\t\t\t\t\t<\/div>\n\t\t\t\t\t\t<div class=\"desc\">\n\t\t\t\t\t\t\t<p>Unsere erfahrenen <a href=\"https:\/\/jt.lv\/de\/kontakte\/\" target=\"_blank\" rel=\"noopener\">Vertriebs- und Projektleiter<\/a> beraten bei der Auswahl der Materialien und deren Eigenschaften und empfehlen die am besten geeigneten technologischen L\u00f6sungen f\u00fcr ein perfektes Ergebnis.<\/p>\n\t\t\t\t\t\t<\/div>\n\t\t\t\t\t\t\t\t\t\t\t<\/div>\n\n\t\t\t\t\n\t\t\t<\/div>\n\n\t\t<\/div>\n\t<\/div>\n\n\n\n\n\n\n\n\t<div class=\"jt-promo-cta has-bg-image\" style=\"background-image: url(https:\/\/jt.lv\/wp-content\/uploads\/2026\/02\/JT-spring-book-fairs-banner-1536x300.jpg);\">\n\t\t<div class=\"born-container is-default\">\n\t\t\t<div class=\"inner\">\n\t\t\t\t<div class=\"text\">\n\t\t\t\t\tBuchmessen in diesem Fr\u00fchjahr\t\t\t\t<\/div>\n\t\t\t\t\t\t\t\t<div class=\"cta\">\n\t\t\t\t\t<a href=\"https:\/\/jt.lv\/de\/buchmessen-fruehjahr-2026\/\" target=\"_blank\" title=\"Ansehen\" class=\"jt-button-1 has-radius-right\">Ansehen<\/a>\n\t\t\t\t<\/div>\n\t\t\t\t\t\t\t<\/div>\n\t\t<\/div>\n\t<\/div>\n\n\n\n\n\n\n\t<div class=\"jt-clients\">\n\t\t<div class=\"born-container is-default\">\n\t\t\t<div class=\"inner\">\n\t\t\t\t<div class=\"heading\">\n\t\t\t\t\t<h2>Unsere Kunden<\/h2>\n\t\t\t\t\t\t\t\t\t\t<div class=\"desc\">\n\t\t\t\t\t\t<p>Im Laufe unserer T\u00e4tigkeit haben wir einen Kundenstamm aufgebaut, mit dem wir langfristige und stabile Beziehungen unterhalten.<\/p>\n\t\t\t\t\t<\/div>\n\t\t\t\t\t\t\t\t\t<\/div>\n\t\t\t\t\t\t\t\t<div class=\"content\">\n\t\t\t\t\t<ul class=\"born-reset\">\n\t\t\t\t\t\t\t\t\t\t\t\t<li>Verlage<\/li>\n\t\t\t\t\t\t\t\t\t\t\t\t<li>Verlagsverb\u00e4nde<\/li>\n\t\t\t\t\t\t\t\t\t\t\t\t<li>Staats- und Lokalbeh\u00f6rden<\/li>\n\t\t\t\t\t\t\t\t\t\t\t\t<li>Nichtregierungsorganisationen<\/li>\n\t\t\t\t\t\t\t\t\t\t\t\t<li>Vereine und Stiftungen<\/li>\n\t\t\t\t\t\t\t\t\t\t\t\t<li>Museen<\/li>\n\t\t\t\t\t\t\t\t\t\t\t\t<li>Unternehmen aus verschiedenen Branchen<\/li>\n\t\t\t\t\t\t\t\t\t\t\t\t<li>Autoren<\/li>\n\t\t\t\t\t\t\t\t\t\t\t\t<li>Agenten<\/li>\n\t\t\t\t\t\t\t\t\t\t\t<\/ul>\n\t\t\t\t<\/div>\n\t\t\t\t\t\t\t\t\t\t\t<\/div>\n\t\t<\/div>\n\t<\/div>\n\n\n\n\n\n\n\n\n\n\t<div class=\"jt-portfolio\">\n\t\t<div class=\"born-container is-default\">\n\t\t\t<div class=\"inner\">\n\n\t\t\t\t\t\t\t\t<h2>Hergestellt bei uns<\/h2>\n\t\t\t\t\n\t\t\t\t<div class=\"scroll-wrapper\">\n\n\t\t\t\t\t<div class=\"items-grid\">\n\n\t\t\t\t\t\t\n                        \n\t\t\t\t\t\t<div class=\"item\" data-href=\"https:\/\/jt.lv\/de\/portfoliode\/softcover\/feuerwerk-und-halleluja\/\">\n\t\t\t\t\t\t\t<div class=\"image\">\n\t\t\t\t\t\t\t\t<img decoding=\"async\" class=\"lazy\" src=\"https:\/\/jt.lv\/wp-content\/themes\/jelgavastipografija\/assets\/img\/portfolio-grid-placeholder-1.gif\" data-src=\"https:\/\/jt.lv\/wp-content\/uploads\/2023\/09\/JT-Feuerwerk-und-Halleluja-02-440x440.jpg\" data-srcset=\"https:\/\/jt.lv\/wp-content\/uploads\/2023\/09\/JT-Feuerwerk-und-Halleluja-02-440x440.jpg 1x, https:\/\/jt.lv\/wp-content\/uploads\/2023\/09\/JT-Feuerwerk-und-Halleluja-02-880x880.jpg?v=2 2x\" alt=\"Feuerwerk und Halleluja: 100 Jahre H\u00e4ndel-Festspiele in Halle\">\n\t\t\t\t\t\t\t<\/div>\n\t\t\t\t\t\t\t<div class=\"title\">\n\t\t\t\t\t\t\t\t<div class=\"heading\">Hotmelt-Broschur fadengeheftet, Umschlag mit Klappen, Folienpr\u00e4gung Silber auf dem Umschlag und R\u00fccken.<\/div>\n\t\t\t\t\t\t\t<\/div>\n\t\t\t\t\t\t<\/div>\n\n\t\t\t\t\t\t\n                        \n\t\t\t\t\t\t<div class=\"item\" data-href=\"https:\/\/jt.lv\/de\/portfoliode\/hardcover\/andere-marchen-zwischen-tempel-zelt-und-thronsaal\/\">\n\t\t\t\t\t\t\t<div class=\"image\">\n\t\t\t\t\t\t\t\t<img decoding=\"async\" class=\"lazy\" src=\"https:\/\/jt.lv\/wp-content\/themes\/jelgavastipografija\/assets\/img\/portfolio-grid-placeholder-1.gif\" data-src=\"https:\/\/jt.lv\/wp-content\/uploads\/2023\/09\/JT-AND8-440x440.jpg\" data-srcset=\"https:\/\/jt.lv\/wp-content\/uploads\/2023\/09\/JT-AND8-440x440.jpg 1x, https:\/\/jt.lv\/wp-content\/uploads\/2023\/09\/JT-AND8-880x880.jpg?v=2 2x\" alt=\"Andere M\u00e4rchen \u2013 zwischen Tempel, Zelt und Thronsaal\">\n\t\t\t\t\t\t\t<\/div>\n\t\t\t\t\t\t\t<div class=\"title\">\n\t\t\t\t\t\t\t\t<div class=\"heading\">Hardcover B\u00fccher in einem Schuber, UV-Lackierung auf den Umschl\u00e4gen, Leseb\u00e4ndchen. <\/div>\n\t\t\t\t\t\t\t<\/div>\n\t\t\t\t\t\t<\/div>\n\n\t\t\t\t\t\t\n                        \n\t\t\t\t\t\t<div class=\"item\" data-href=\"https:\/\/jt.lv\/de\/portfoliode\/hardcover\/corto-maltese-mu\/\">\n\t\t\t\t\t\t\t<div class=\"image\">\n\t\t\t\t\t\t\t\t<img decoding=\"async\" class=\"lazy\" src=\"https:\/\/jt.lv\/wp-content\/themes\/jelgavastipografija\/assets\/img\/portfolio-grid-placeholder-1.gif\" data-src=\"https:\/\/jt.lv\/wp-content\/uploads\/2023\/09\/JT_corto-maltese-mu_hardcover_7-440x440.jpg\" data-srcset=\"https:\/\/jt.lv\/wp-content\/uploads\/2023\/09\/JT_corto-maltese-mu_hardcover_7-440x440.jpg 1x, https:\/\/jt.lv\/wp-content\/uploads\/2023\/09\/JT_corto-maltese-mu_hardcover_7-880x880.jpg?v=2 2x\" alt=\"Corto Maltese: Mu\">\n\t\t\t\t\t\t\t<\/div>\n\t\t\t\t\t\t\t<div class=\"title\">\n\t\t\t\t\t\t\t\t<div class=\"heading\">Das Buch in einer Farbversion als auch in einer klassischen oder Schwarzwei\u00dfversion gedruckt ist &#8211; Hardcover, runder R\u00fccken.<\/div>\n\t\t\t\t\t\t\t<\/div>\n\t\t\t\t\t\t<\/div>\n\n\t\t\t\t\t\t\n                        \n\t\t\t\t\t\t<div class=\"item\" data-href=\"https:\/\/jt.lv\/de\/portfoliode\/hardcover\/insekten-co\/\">\n\t\t\t\t\t\t\t<div class=\"image\">\n\t\t\t\t\t\t\t\t<img decoding=\"async\" class=\"lazy\" src=\"https:\/\/jt.lv\/wp-content\/themes\/jelgavastipografija\/assets\/img\/portfolio-grid-placeholder-1.gif\" data-src=\"https:\/\/jt.lv\/wp-content\/uploads\/2023\/09\/JT_insekten-co_hardcover_3-440x440.jpg\" data-srcset=\"https:\/\/jt.lv\/wp-content\/uploads\/2023\/09\/JT_insekten-co_hardcover_3-440x440.jpg 1x, https:\/\/jt.lv\/wp-content\/uploads\/2023\/09\/JT_insekten-co_hardcover_3-880x880.jpg?v=2 2x\" alt=\"Insekten &amp; Co.\">\n\t\t\t\t\t\t\t<\/div>\n\t\t\t\t\t\t\t<div class=\"title\">\n\t\t\t\t\t\t\t\t<div class=\"heading\">Hybridbindung mit offenem R\u00fccken, Folienpr\u00e4gung, farbige Faden.<\/div>\n\t\t\t\t\t\t\t<\/div>\n\t\t\t\t\t\t<\/div>\n\n\t\t\t\t\t\t\n                        \n\t\t\t\t\t\t<div class=\"item\" data-href=\"https:\/\/jt.lv\/de\/portfoliode\/hardcover\/sopor-aeternus-lyricbook-death\/\">\n\t\t\t\t\t\t\t<div class=\"image\">\n\t\t\t\t\t\t\t\t<img decoding=\"async\" class=\"lazy\" src=\"https:\/\/jt.lv\/wp-content\/themes\/jelgavastipografija\/assets\/img\/portfolio-grid-placeholder-1.gif\" data-src=\"https:\/\/jt.lv\/wp-content\/uploads\/2023\/09\/JT-Sopor-Aeternus-Lyricbook-Anna-Varney-Cantodea-03-440x440.jpg\" data-srcset=\"https:\/\/jt.lv\/wp-content\/uploads\/2023\/09\/JT-Sopor-Aeternus-Lyricbook-Anna-Varney-Cantodea-03-440x440.jpg 1x, https:\/\/jt.lv\/wp-content\/uploads\/2023\/09\/JT-Sopor-Aeternus-Lyricbook-Anna-Varney-Cantodea-03-880x880.jpg?v=2 2x\" alt=\"Sopor Aeternus Lyricbook. Death: The Poetry of Anna-Varney Cantodea (1989-2021)\">\n\t\t\t\t\t\t\t<\/div>\n\t\t\t\t\t\t\t<div class=\"title\">\n\t\t\t\t\t\t\t\t<div class=\"heading\">Hardcover mit geradem R\u00fccken, Relief-Pr\u00e4gung auf dem Umschlag, 2 Leseb\u00e4ndchen, Buchschnitt im Schwarz.<\/div>\n\t\t\t\t\t\t\t<\/div>\n\t\t\t\t\t\t<\/div>\n\n\t\t\t\t\t\t\n                        \n\t\t\t\t\t\t<div class=\"item\" data-href=\"https:\/\/jt.lv\/de\/portfoliode\/hardcover\/verlagswesen\/\">\n\t\t\t\t\t\t\t<div class=\"image\">\n\t\t\t\t\t\t\t\t<img decoding=\"async\" class=\"lazy\" src=\"https:\/\/jt.lv\/wp-content\/themes\/jelgavastipografija\/assets\/img\/portfolio-grid-placeholder-1.gif\" data-src=\"https:\/\/jt.lv\/wp-content\/uploads\/2023\/09\/JT-Verlagswesen-Annette-Kohn-02-440x440.jpg\" data-srcset=\"https:\/\/jt.lv\/wp-content\/uploads\/2023\/09\/JT-Verlagswesen-Annette-Kohn-02-440x440.jpg 1x, https:\/\/jt.lv\/wp-content\/uploads\/2023\/09\/JT-Verlagswesen-Annette-Kohn-02-880x880.jpg?v=2 2x\" alt=\"Verlagswesen\">\n\t\t\t\t\t\t\t<\/div>\n\t\t\t\t\t\t\t<div class=\"title\">\n\t\t\t\t\t\t\t\t<div class=\"heading\">Hardcover mit geradem R\u00fccken, Umschlag aus Leinen-Material, das im Offset-Verfahren bedruckt ist.<\/div>\n\t\t\t\t\t\t\t<\/div>\n\t\t\t\t\t\t<\/div>\n\n\t\t\t\t\t\t\n\t\t\t\t\t<\/div>\n\n\t\t\t\t<\/div>\n\n\t\t\t\t<div class=\"cta\">\n\t\t\t\t\t<a href=\"https:\/\/jt.lv\/de\/\/portfoliode\" class=\"jt-button-1 has-radius-right\">Mehr anzeigen<\/a>\n\t\t\t\t<\/div>\n\n\t\t\t<\/div>\n\t\t<\/div>\n\t<\/div>\n\n    <script>\n\n        jQuery(window).on('load', function() {\n\n\n            var isDragging = false;\n\n            jQuery('.jt-portfolio .item').mousedown(function() {\n                jQuery(window).mousemove(function() {\n                    isDragging = true;\n                    jQuery(window).unbind('mousemove');\n                    \/\/ console.log('UNBIND MOUSEMOVE');\n                });\n            }).mouseup(function() {\n                var wasDragging = isDragging;\n                isDragging = false;\n                jQuery(window).unbind('mousemove');\n                \/\/ console.log('UNBIND MOUSEMOVE');\n                if (!wasDragging) {\n\n                    \/\/ Get link from data attribute\n\n                    \/\/  jQuery('.born-intro-dragger .dragger-card:not(.is-title)').each(function() {\n                    var card = jQuery(this);\n                    if (card.is('[data-href]')) {\n                        thisdata = jQuery(card).attr('data-href');\n                        window.location.href = thisdata;\n                    }\n                    \/\/  });\n\n                }\n            });\n\n        });\n\n\n    <\/script>\n\n\n\n\n\n\n\t<div class=\"jt-promo-cta has-bg-image\" style=\"background-image: url(https:\/\/jt.lv\/wp-content\/uploads\/2025\/06\/jelgavas-tipografija-gramatu-razosana-digitala-druka.jpg);\">\n\t\t<div class=\"born-container is-default\">\n\t\t\t<div class=\"inner\">\n\t\t\t\t<div class=\"text\">\n\t\t\t\t\tJetzt auch Digitaldruck!\t\t\t\t<\/div>\n\t\t\t\t\t\t\t\t<div class=\"cta\">\n\t\t\t\t\t<a href=\"https:\/\/jt.lv\/de\/digitaldruck\/\" target=\"_blank\" title=\"Mehr erfahren\" class=\"jt-button-1 has-radius-right\">Mehr erfahren<\/a>\n\t\t\t\t<\/div>\n\t\t\t\t\t\t\t<\/div>\n\t\t<\/div>\n\t<\/div>\n\n\n","protected":false},"excerpt":{"rendered":"","protected":false},"author":1,"featured_media":0,"parent":0,"menu_order":8,"comment_status":"closed","ping_status":"closed","template":"","meta":{"_acf_changed":false,"inline_featured_image":false,"footnotes":""},"class_list":["post-5080","page","type-page","status-publish","hentry"],"acf":[],"yoast_head":"<!-- This site is optimized with the Yoast SEO plugin v27.4 - https:\/\/yoast.com\/product\/yoast-seo-wordpress\/ -->\n<title>Buchdruck und Buchbindung - Jelgavas tipogr\u0101fija<\/title>\n<meta name=\"description\" content=\"Buchhersteller aus Lettland mit EU-Produktionsstandards. Offset- und Digitaldruck, Buchbindung, Weiterverarbeitung und Lieferung in ganz Europa.\" \/>\n<meta name=\"robots\" content=\"index, follow, max-snippet:-1, max-image-preview:large, max-video-preview:-1\" \/>\n<link rel=\"canonical\" href=\"https:\/\/jt.lv\/de\/\" \/>\n<meta property=\"og:locale\" content=\"de_DE\" \/>\n<meta property=\"og:type\" content=\"article\" \/>\n<meta property=\"og:title\" content=\"Buchdruck und Buchbindung - Jelgavas tipogr\u0101fija\" \/>\n<meta property=\"og:description\" content=\"Buchhersteller aus Lettland mit EU-Produktionsstandards. Offset- und Digitaldruck, Buchbindung, Weiterverarbeitung und Lieferung in ganz Europa.\" \/>\n<meta property=\"og:url\" content=\"https:\/\/jt.lv\/de\/\" \/>\n<meta property=\"og:site_name\" content=\"Jelgavas tipogr\u0101fija\" \/>\n<meta property=\"article:modified_time\" content=\"2026-02-24T08:37:26+00:00\" \/>\n<meta property=\"og:image\" content=\"https:\/\/jt.lv\/wp-content\/uploads\/2025\/06\/site-image.png\" \/>\n\t<meta property=\"og:image:width\" content=\"1200\" \/>\n\t<meta property=\"og:image:height\" content=\"675\" \/>\n\t<meta property=\"og:image:type\" content=\"image\/png\" \/>\n<meta name=\"twitter:card\" content=\"summary_large_image\" \/>\n<script type=\"application\/ld+json\" class=\"yoast-schema-graph\">{\"@context\":\"https:\\\/\\\/schema.org\",\"@graph\":[{\"@type\":\"WebPage\",\"@id\":\"https:\\\/\\\/jt.lv\\\/de\\\/\",\"url\":\"https:\\\/\\\/jt.lv\\\/de\\\/\",\"name\":\"Buchdruck und Buchbindung - Jelgavas tipogr\u0101fija\",\"isPartOf\":{\"@id\":\"http:\\\/\\\/jt.lv\\\/de\\\/#website\"},\"datePublished\":\"2023-07-26T04:36:44+00:00\",\"dateModified\":\"2026-02-24T08:37:26+00:00\",\"description\":\"Buchhersteller aus Lettland mit EU-Produktionsstandards. Offset- und Digitaldruck, Buchbindung, Weiterverarbeitung und Lieferung in ganz Europa.\",\"breadcrumb\":{\"@id\":\"https:\\\/\\\/jt.lv\\\/de\\\/#breadcrumb\"},\"inLanguage\":\"de-DE\",\"potentialAction\":[{\"@type\":\"ReadAction\",\"target\":[\"https:\\\/\\\/jt.lv\\\/de\\\/\"]}]},{\"@type\":\"BreadcrumbList\",\"@id\":\"https:\\\/\\\/jt.lv\\\/de\\\/#breadcrumb\",\"itemListElement\":[{\"@type\":\"ListItem\",\"position\":1,\"name\":\"Home\",\"item\":\"https:\\\/\\\/jt.lv\\\/de\\\/\"},{\"@type\":\"ListItem\",\"position\":2,\"name\":\"Startseite\"}]},{\"@type\":\"WebSite\",\"@id\":\"http:\\\/\\\/jt.lv\\\/de\\\/#website\",\"url\":\"http:\\\/\\\/jt.lv\\\/de\\\/\",\"name\":\"Jelgavas tipogr\u0101fija\",\"description\":\"M\u0113s ra\u017eojam gr\u0101matas.\",\"publisher\":{\"@id\":\"http:\\\/\\\/jt.lv\\\/de\\\/#organization\"},\"potentialAction\":[{\"@type\":\"SearchAction\",\"target\":{\"@type\":\"EntryPoint\",\"urlTemplate\":\"http:\\\/\\\/jt.lv\\\/de\\\/?s={search_term_string}\"},\"query-input\":{\"@type\":\"PropertyValueSpecification\",\"valueRequired\":true,\"valueName\":\"search_term_string\"}}],\"inLanguage\":\"de-DE\"},{\"@type\":\"Organization\",\"@id\":\"http:\\\/\\\/jt.lv\\\/de\\\/#organization\",\"name\":\"Jelgavas tipogr\u0101fija\",\"url\":\"http:\\\/\\\/jt.lv\\\/de\\\/\",\"logo\":{\"@type\":\"ImageObject\",\"inLanguage\":\"de-DE\",\"@id\":\"http:\\\/\\\/jt.lv\\\/de\\\/#\\\/schema\\\/logo\\\/image\\\/\",\"url\":\"https:\\\/\\\/jt.lv\\\/wp-content\\\/uploads\\\/2025\\\/06\\\/jt-logo.png\",\"contentUrl\":\"https:\\\/\\\/jt.lv\\\/wp-content\\\/uploads\\\/2025\\\/06\\\/jt-logo.png\",\"width\":696,\"height\":696,\"caption\":\"Jelgavas tipogr\u0101fija\"},\"image\":{\"@id\":\"http:\\\/\\\/jt.lv\\\/de\\\/#\\\/schema\\\/logo\\\/image\\\/\"}}]}<\/script>\n<!-- \/ Yoast SEO plugin. -->","yoast_head_json":{"title":"Buchdruck und Buchbindung - Jelgavas tipogr\u0101fija","description":"Buchhersteller aus Lettland mit EU-Produktionsstandards. Offset- und Digitaldruck, Buchbindung, Weiterverarbeitung und Lieferung in ganz Europa.","robots":{"index":"index","follow":"follow","max-snippet":"max-snippet:-1","max-image-preview":"max-image-preview:large","max-video-preview":"max-video-preview:-1"},"canonical":"https:\/\/jt.lv\/de\/","og_locale":"de_DE","og_type":"article","og_title":"Buchdruck und Buchbindung - Jelgavas tipogr\u0101fija","og_description":"Buchhersteller aus Lettland mit EU-Produktionsstandards. Offset- und Digitaldruck, Buchbindung, Weiterverarbeitung und Lieferung in ganz Europa.","og_url":"https:\/\/jt.lv\/de\/","og_site_name":"Jelgavas tipogr\u0101fija","article_modified_time":"2026-02-24T08:37:26+00:00","og_image":[{"width":1200,"height":675,"url":"https:\/\/jt.lv\/wp-content\/uploads\/2025\/06\/site-image.png","type":"image\/png"}],"twitter_card":"summary_large_image","schema":{"@context":"https:\/\/schema.org","@graph":[{"@type":"WebPage","@id":"https:\/\/jt.lv\/de\/","url":"https:\/\/jt.lv\/de\/","name":"Buchdruck und Buchbindung - Jelgavas tipogr\u0101fija","isPartOf":{"@id":"http:\/\/jt.lv\/de\/#website"},"datePublished":"2023-07-26T04:36:44+00:00","dateModified":"2026-02-24T08:37:26+00:00","description":"Buchhersteller aus Lettland mit EU-Produktionsstandards. Offset- und Digitaldruck, Buchbindung, Weiterverarbeitung und Lieferung in ganz Europa.","breadcrumb":{"@id":"https:\/\/jt.lv\/de\/#breadcrumb"},"inLanguage":"de-DE","potentialAction":[{"@type":"ReadAction","target":["https:\/\/jt.lv\/de\/"]}]},{"@type":"BreadcrumbList","@id":"https:\/\/jt.lv\/de\/#breadcrumb","itemListElement":[{"@type":"ListItem","position":1,"name":"Home","item":"https:\/\/jt.lv\/de\/"},{"@type":"ListItem","position":2,"name":"Startseite"}]},{"@type":"WebSite","@id":"http:\/\/jt.lv\/de\/#website","url":"http:\/\/jt.lv\/de\/","name":"Jelgavas tipogr\u0101fija","description":"M\u0113s ra\u017eojam gr\u0101matas.","publisher":{"@id":"http:\/\/jt.lv\/de\/#organization"},"potentialAction":[{"@type":"SearchAction","target":{"@type":"EntryPoint","urlTemplate":"http:\/\/jt.lv\/de\/?s={search_term_string}"},"query-input":{"@type":"PropertyValueSpecification","valueRequired":true,"valueName":"search_term_string"}}],"inLanguage":"de-DE"},{"@type":"Organization","@id":"http:\/\/jt.lv\/de\/#organization","name":"Jelgavas tipogr\u0101fija","url":"http:\/\/jt.lv\/de\/","logo":{"@type":"ImageObject","inLanguage":"de-DE","@id":"http:\/\/jt.lv\/de\/#\/schema\/logo\/image\/","url":"https:\/\/jt.lv\/wp-content\/uploads\/2025\/06\/jt-logo.png","contentUrl":"https:\/\/jt.lv\/wp-content\/uploads\/2025\/06\/jt-logo.png","width":696,"height":696,"caption":"Jelgavas tipogr\u0101fija"},"image":{"@id":"http:\/\/jt.lv\/de\/#\/schema\/logo\/image\/"}}]}},"_links":{"self":[{"href":"https:\/\/jt.lv\/de\/wp-json\/wp\/v2\/pages\/5080","targetHints":{"allow":["GET"]}}],"collection":[{"href":"https:\/\/jt.lv\/de\/wp-json\/wp\/v2\/pages"}],"about":[{"href":"https:\/\/jt.lv\/de\/wp-json\/wp\/v2\/types\/page"}],"author":[{"embeddable":true,"href":"https:\/\/jt.lv\/de\/wp-json\/wp\/v2\/users\/1"}],"replies":[{"embeddable":true,"href":"https:\/\/jt.lv\/de\/wp-json\/wp\/v2\/comments?post=5080"}],"version-history":[{"count":23,"href":"https:\/\/jt.lv\/de\/wp-json\/wp\/v2\/pages\/5080\/revisions"}],"predecessor-version":[{"id":9613,"href":"https:\/\/jt.lv\/de\/wp-json\/wp\/v2\/pages\/5080\/revisions\/9613"}],"wp:attachment":[{"href":"https:\/\/jt.lv\/de\/wp-json\/wp\/v2\/media?parent=5080"}],"curies":[{"name":"wp","href":"https:\/\/api.w.org\/{rel}","templated":true}]}}