{"id":5073,"date":"2023-08-30T12:00:46","date_gmt":"2023-08-30T10:00:46","guid":{"rendered":"https:\/\/jt.lv\/kontakti\/"},"modified":"2026-04-20T11:18:07","modified_gmt":"2026-04-20T09:18:07","slug":"kontakte","status":"publish","type":"page","link":"https:\/\/jt.lv\/de\/kontakte\/","title":{"rendered":"Kontakte"},"content":{"rendered":"\n\n\n\n    <div class=\"jt-contacts\">\n        <div class=\"born-container is-default\">\n            <div class=\"inner\">\n\n                <div class=\"contacts\">\n\n                    \n                        <div class=\"item\">\n                            <div class=\"heading\">\n                                <h2>B\u00fcro und Produktionsst\u00e4tte in Jelgava<\/h2>\n                            <\/div>\n                            <div class=\"address\">\n                                 <p>Langervaldes-Stra\u00dfe 1A, Jelgava,<\/p>\n<p>LETTLAND, LV-3002<\/p>\n                            <\/div>\n                            <div class=\"data\">\n                                 <p>Telefon: <a href=\"tel:+37163024501\">+371 63 024 501<\/a><\/p>\n<p>E-Mail: <a href=\"mailto:jt@jt.lv\">jt@jt.lv<\/a><\/p>\n                            <\/div>\n                        <\/div>\n\n                    \n                        <div class=\"item\">\n                            <div class=\"heading\">\n                                <h2>B\u00fcro in Riga<\/h2>\n                            <\/div>\n                            <div class=\"address\">\n                                 <p>Valguma-Stra\u00dfe 10, Riga,<\/p>\n<p>LETTLAND, LV-1048<\/p>\n                            <\/div>\n                            <div class=\"data\">\n                                 <p>Telefon: <a href=\"tel:+37163024501\">+371 67 027 331<\/a><\/p>\n<p>E-Mail: <a href=\"mailto:jt@jt.lv\">jt@jt.lv<\/a><\/p>\n                            <\/div>\n                        <\/div>\n\n                    \n                <\/div>\n\n            <\/div>\n        <\/div>\n    <\/div>\n\n\n\n\n\n\n\n\n\n\n\n\t<div class=\"jt-download\">\n\t\t<div class=\"born-container is-default\">\n\t\t\t<div class=\"inner\">\n\t\t\t\t\t\t\t\t<a href=\"https:\/\/jt.lv\/wp-content\/uploads\/2025\/02\/JT-Unternehmensdetails.pdf\" target=\"_blank\">Unternehmensdetails<\/a>\n\t\t\t\t\t\t\t<\/div>\n\t\t<\/div>\n\t<\/div>\n\n\n\n\n\n\n\n\n\t<div class=\"jt-contacts\">\n\t\t<div class=\"born-container is-default\">\n\t\t\t<div class=\"inner\">\n\n\t\t\t\t\n\t\t\t\t\t\n\t\t\t\t\t\n\n\n\t\t\t\t\t<div class=\"jt-accordion\">\n\t\t\t\t\t\t<div class=\"born-container is-default\">\n\t\t\t\t\t\t\t<div class=\"inner\">\n\t\t\t\t\t\t\t\t<button class=\"!collapsed\" type=\"button\" data-bs-toggle=\"collapse\" data-bs-target=\"#con5073\" aria-expanded=\"false\">\n\t\t\t\t\t\t\t\t\t\t\t<h2 class=\"text\">\n\t\t\t\t\t\t\t\t\t\t\t\tTeam f\u00fcr Deutschland, \u00d6sterreich und die Schweiz\t\t\t\t\t\t\t\t\t\t\t<\/h2>\n\t\t\t\t\t\t\t\t<\/button>\n\t\t\t\t\t\t\t\t<div class=\"content collapse show\" id=\"con5073\">\n\t\t\t\t\t\t\t\t\t<div>\n\n\t\t\t\t\t\t\t\t\t\t<div class=\"jt-contacts-grid\">\n\t\t\t\t\t\t\t\t\t\t\t<div class=\"born-container is-default\">\n\t\t\t\t\t\t\t\t\t\t\t\t<div class=\"inner\">\n\n\t\t\t\t\t\t\t\t\t\t\t\t\t<div class=\"items-grid\">\n\n\t\t\t\t\t\t\t\t\t\t\t\t\t\t\t\t\t\t\t\t\t\t\t\t\t\t\t\t\n\t\t\t\t\t\t\t\t\t\t\t\t\t\t<div class=\"item\">\n\t\t\t\t\t\t\t\t\t\t\t\t\t\t\t<div class=\"photo\">\n\t\t\t\t\t\t\t\t\t\t\t\t\t\t\t\t<img class=\"lazy\" data-srcset=\"https:\/\/jt.lv\/wp-content\/uploads\/2024\/12\/Sanita-Blomniece-160px.jpg 2x\" alt=\"Sanita Blomniece\">\n\t\t\t\t\t\t\t\t\t\t\t\t\t\t\t<\/div>\n\t\t\t\t\t\t\t\t\t\t\t\t\t\t\t<div class=\"name\">\n\t\t\t\t\t\t\t\t\t\t\t\t\t\t\t\tSanita Blomniece\t\t\t\t\t\t\t\t\t\t\t\t\t\t\t<\/div>\n\t\t\t\t\t\t\t\t\t\t\t\t\t\t\t\t\t\t\t\t\t\t\t\t\t\t\t\t\t\t<div class=\"position\">\n\t\t\t\t\t\t\t\t\t\t\t\t\t\t\t\t<p>Teamleiterin<\/p>\n                                                                \t\t\t\t\t\t\t\t\t\t\t\t\t\t\t<\/div>\n\t\t\t\t\t\t\t\t\t\t\t\t\t\t\t\n\t\t\t\t\t\t\t\t\t\t\t\t\t\t\t<div class=\"data\">\n\t\t\t\t\t\t\t\t\t\t\t\t\t\t\t\t\t\t\t\t\t\t\t\t\t\t\t\t\t\t\t\t<p><a href=\"tel:+371 29 135 170\">+371 29 135 170<\/a><\/p>\n\t\t\t\t\t\t\t\t\t\t\t\t\t\t\t\t                                                                \t\t\t\t\t\t\t\t\t\t\t\t\t\t\t\t\t\t\t\t\t\t\t\t\t\t\t\t\t\t\t\t\t\t\t\t\t\t\t\t\t\t\t\t\t\t\t\t<p><a href=\"mailto:b.sanita@jt.lv\">b.sanita@jt.lv<\/a><\/p>\n\t\t\t\t\t\t\t\t\t\t\t\t\t\t\t\t\t\t\t\t\t\t\t\t\t\t\t\t\t\t\t<\/div>\n\n\t\t\t\t\t\t\t\t\t\t\t\t\t\t<\/div>\n\n\t\t\t\t\t\t\t\t\t\t\t\t\t\t\t\t\t\t\t\t\t\t\t\t\t\t\t\t\n\t\t\t\t\t\t\t\t\t\t\t\t\t\t<div class=\"item\">\n\t\t\t\t\t\t\t\t\t\t\t\t\t\t\t<div class=\"photo\">\n\t\t\t\t\t\t\t\t\t\t\t\t\t\t\t\t<img class=\"lazy\" data-srcset=\"https:\/\/jt.lv\/wp-content\/uploads\/2025\/06\/Irina-Kuniga-160px.jpg 2x\" alt=\"Irina Kuniga\">\n\t\t\t\t\t\t\t\t\t\t\t\t\t\t\t<\/div>\n\t\t\t\t\t\t\t\t\t\t\t\t\t\t\t<div class=\"name\">\n\t\t\t\t\t\t\t\t\t\t\t\t\t\t\t\tIrina Kuniga\t\t\t\t\t\t\t\t\t\t\t\t\t\t\t<\/div>\n\t\t\t\t\t\t\t\t\t\t\t\t\t\t\t\t\t\t\t\t\t\t\t\t\t\t\t\t\t\t<div class=\"position\">\n\t\t\t\t\t\t\t\t\t\t\t\t\t\t\t\t<p>Leitende Projektleiterin<\/p>\n                                                                \t\t\t\t\t\t\t\t\t\t\t\t\t\t\t<\/div>\n\t\t\t\t\t\t\t\t\t\t\t\t\t\t\t\n\t\t\t\t\t\t\t\t\t\t\t\t\t\t\t<div class=\"data\">\n\t\t\t\t\t\t\t\t\t\t\t\t\t\t\t\t\t\t\t\t\t\t\t\t\t\t\t\t\t\t\t\t<p><a href=\"tel:+371 29 877 640\">+371 29 877 640<\/a><\/p>\n\t\t\t\t\t\t\t\t\t\t\t\t\t\t\t\t                                                                \t\t\t\t\t\t\t\t\t\t\t\t\t\t\t\t\t\t\t\t\t\t\t\t\t\t\t\t\t\t\t\t\t\t\t\t\t\t\t\t\t\t\t\t\t\t\t\t<p><a href=\"mailto:irina@jt.lv\">irina@jt.lv<\/a><\/p>\n\t\t\t\t\t\t\t\t\t\t\t\t\t\t\t\t\t\t\t\t\t\t\t\t\t\t\t\t\t\t\t<\/div>\n\n\t\t\t\t\t\t\t\t\t\t\t\t\t\t<\/div>\n\n\t\t\t\t\t\t\t\t\t\t\t\t\t\t\t\t\t\t\t\t\t\t\t\t\t\t\t\t\n\t\t\t\t\t\t\t\t\t\t\t\t\t\t<div class=\"item\">\n\t\t\t\t\t\t\t\t\t\t\t\t\t\t\t<div class=\"photo\">\n\t\t\t\t\t\t\t\t\t\t\t\t\t\t\t\t<img class=\"lazy\" data-srcset=\"https:\/\/jt.lv\/wp-content\/uploads\/2025\/06\/Ieva-Klava-160px.jpg 2x\" alt=\"Ieva K\u013cava\">\n\t\t\t\t\t\t\t\t\t\t\t\t\t\t\t<\/div>\n\t\t\t\t\t\t\t\t\t\t\t\t\t\t\t<div class=\"name\">\n\t\t\t\t\t\t\t\t\t\t\t\t\t\t\t\tIeva K\u013cava\t\t\t\t\t\t\t\t\t\t\t\t\t\t\t<\/div>\n\t\t\t\t\t\t\t\t\t\t\t\t\t\t\t\t\t\t\t\t\t\t\t\t\t\t\t\t\t\t<div class=\"position\">\n\t\t\t\t\t\t\t\t\t\t\t\t\t\t\t\t<p>Projektleiterin<\/p>\n                                                                \t\t\t\t\t\t\t\t\t\t\t\t\t\t\t<\/div>\n\t\t\t\t\t\t\t\t\t\t\t\t\t\t\t\n\t\t\t\t\t\t\t\t\t\t\t\t\t\t\t<div class=\"data\">\n\t\t\t\t\t\t\t\t\t\t\t\t\t\t\t\t\t\t\t\t\t\t\t\t\t\t\t\t\t\t\t\t<p><a href=\"tel:+371 29 333 306\">+371 29 333 306<\/a><\/p>\n\t\t\t\t\t\t\t\t\t\t\t\t\t\t\t\t                                                                \t\t\t\t\t\t\t\t\t\t\t\t\t\t\t\t\t\t\t\t\t\t\t\t\t\t\t\t\t\t\t\t\t\t\t\t\t\t\t\t\t\t\t\t\t\t\t\t<p><a href=\"mailto:ieva@jt.lv\">ieva@jt.lv<\/a><\/p>\n\t\t\t\t\t\t\t\t\t\t\t\t\t\t\t\t\t\t\t\t\t\t\t\t\t\t\t\t\t\t\t<\/div>\n\n\t\t\t\t\t\t\t\t\t\t\t\t\t\t<\/div>\n\n\t\t\t\t\t\t\t\t\t\t\t\t\t\t\n\n\t\t\t\t\t\t\t\t\t\t\t\t\t<\/div>\n\n\t\t\t\t\t\t\t\t\t\t\t\t<\/div>\n\t\t\t\t\t\t\t\t\t\t\t<\/div>\n\t\t\t\t\t\t\t\t\t\t<\/div>\n\n\t\t\t\t\t\t\t\t\t<\/div>\n\t\t\t\t\t\t\t\t<\/div>\n\t\t\t\t\t\t\t<\/div>\n\t\t\t\t\t\t<\/div>\n\t\t\t\t\t<\/div>\n\n\t\t\t\t\t\n\t\t\t\t\n\t\t\t<\/div>\n\t\t<\/div>\n\t<\/div>\n\n\n\n\n\n\n\n\t<div class=\"jt-promo-image has-text-align-right\" style=\"background-image: url('https:\/\/jt.lv\/wp-content\/uploads\/2025\/06\/jelgavas-tipografija-kontakti.jpg');\">\n\t\t<div class=\"born-container is-default\">\n\t\t\t<div class=\"inner\">\n\t\t\t\t<div class=\"title\">\n\t\t\t\t\t<div class=\"heading\">\n\t\t\t\t\t\t<h2>Willkommen in unserem Zuhause, wo Ihre Geschichten in wundersch\u00f6ne B\u00fccher verwandelt werden.<\/h2>\n\t\t\t\t\t<\/div>\n\t\t\t\t\t<div class=\"desc\">\n\t\t\t\t\t\t\t\t\t\t\t<\/div>\n\t\t\t\t<\/div>\n\t\t\t<\/div>\n\t\t<\/div>\n\t<\/div>\n\n","protected":false},"excerpt":{"rendered":"","protected":false},"author":1,"featured_media":0,"parent":0,"menu_order":33,"comment_status":"closed","ping_status":"closed","template":"","meta":{"_acf_changed":false,"inline_featured_image":false,"footnotes":""},"class_list":["post-5073","page","type-page","status-publish","hentry"],"acf":[],"yoast_head":"<!-- This site is optimized with the Yoast SEO plugin v27.4 - https:\/\/yoast.com\/product\/yoast-seo-wordpress\/ -->\n<title>Kontakte - Jelgavas tipogr\u0101fija<\/title>\n<meta name=\"description\" content=\"Kontaktieren Sie uns bez\u00fcglich Buchproduktion, Preisen und M\u00f6glichkeiten. Kontaktdaten, Adresse und Anfrageformular \u2013 alles auf einen Blick.\" \/>\n<meta name=\"robots\" content=\"index, follow, max-snippet:-1, max-image-preview:large, max-video-preview:-1\" \/>\n<link rel=\"canonical\" href=\"https:\/\/jt.lv\/de\/kontakte\/\" \/>\n<meta property=\"og:locale\" content=\"de_DE\" \/>\n<meta property=\"og:type\" content=\"article\" \/>\n<meta property=\"og:title\" content=\"Kontakte - Jelgavas tipogr\u0101fija\" \/>\n<meta property=\"og:description\" content=\"Kontaktieren Sie uns bez\u00fcglich Buchproduktion, Preisen und M\u00f6glichkeiten. Kontaktdaten, Adresse und Anfrageformular \u2013 alles auf einen Blick.\" \/>\n<meta property=\"og:url\" content=\"https:\/\/jt.lv\/de\/kontakte\/\" \/>\n<meta property=\"og:site_name\" content=\"Jelgavas tipogr\u0101fija\" \/>\n<meta property=\"article:modified_time\" content=\"2026-04-20T09:18:07+00:00\" \/>\n<meta property=\"og:image\" content=\"https:\/\/jt.lv\/wp-content\/uploads\/2025\/06\/site-image.png\" \/>\n\t<meta property=\"og:image:width\" content=\"1200\" \/>\n\t<meta property=\"og:image:height\" content=\"675\" \/>\n\t<meta property=\"og:image:type\" content=\"image\/png\" \/>\n<meta name=\"twitter:card\" content=\"summary_large_image\" \/>\n<script type=\"application\/ld+json\" class=\"yoast-schema-graph\">{\"@context\":\"https:\\\/\\\/schema.org\",\"@graph\":[{\"@type\":\"WebPage\",\"@id\":\"https:\\\/\\\/jt.lv\\\/de\\\/kontakte\\\/\",\"url\":\"https:\\\/\\\/jt.lv\\\/de\\\/kontakte\\\/\",\"name\":\"Kontakte - Jelgavas tipogr\u0101fija\",\"isPartOf\":{\"@id\":\"http:\\\/\\\/jt.lv\\\/de\\\/#website\"},\"datePublished\":\"2023-08-30T10:00:46+00:00\",\"dateModified\":\"2026-04-20T09:18:07+00:00\",\"description\":\"Kontaktieren Sie uns bez\u00fcglich Buchproduktion, Preisen und M\u00f6glichkeiten. Kontaktdaten, Adresse und Anfrageformular \u2013 alles auf einen Blick.\",\"breadcrumb\":{\"@id\":\"https:\\\/\\\/jt.lv\\\/de\\\/kontakte\\\/#breadcrumb\"},\"inLanguage\":\"de-DE\",\"potentialAction\":[{\"@type\":\"ReadAction\",\"target\":[\"https:\\\/\\\/jt.lv\\\/de\\\/kontakte\\\/\"]}]},{\"@type\":\"BreadcrumbList\",\"@id\":\"https:\\\/\\\/jt.lv\\\/de\\\/kontakte\\\/#breadcrumb\",\"itemListElement\":[{\"@type\":\"ListItem\",\"position\":1,\"name\":\"Home\",\"item\":\"https:\\\/\\\/jt.lv\\\/de\\\/\"},{\"@type\":\"ListItem\",\"position\":2,\"name\":\"Kontakte\"}]},{\"@type\":\"WebSite\",\"@id\":\"http:\\\/\\\/jt.lv\\\/de\\\/#website\",\"url\":\"http:\\\/\\\/jt.lv\\\/de\\\/\",\"name\":\"Jelgavas tipogr\u0101fija\",\"description\":\"M\u0113s ra\u017eojam gr\u0101matas.\",\"publisher\":{\"@id\":\"http:\\\/\\\/jt.lv\\\/de\\\/#organization\"},\"potentialAction\":[{\"@type\":\"SearchAction\",\"target\":{\"@type\":\"EntryPoint\",\"urlTemplate\":\"http:\\\/\\\/jt.lv\\\/de\\\/?s={search_term_string}\"},\"query-input\":{\"@type\":\"PropertyValueSpecification\",\"valueRequired\":true,\"valueName\":\"search_term_string\"}}],\"inLanguage\":\"de-DE\"},{\"@type\":\"Organization\",\"@id\":\"http:\\\/\\\/jt.lv\\\/de\\\/#organization\",\"name\":\"Jelgavas tipogr\u0101fija\",\"url\":\"http:\\\/\\\/jt.lv\\\/de\\\/\",\"logo\":{\"@type\":\"ImageObject\",\"inLanguage\":\"de-DE\",\"@id\":\"http:\\\/\\\/jt.lv\\\/de\\\/#\\\/schema\\\/logo\\\/image\\\/\",\"url\":\"https:\\\/\\\/jt.lv\\\/wp-content\\\/uploads\\\/2025\\\/06\\\/jt-logo.png\",\"contentUrl\":\"https:\\\/\\\/jt.lv\\\/wp-content\\\/uploads\\\/2025\\\/06\\\/jt-logo.png\",\"width\":696,\"height\":696,\"caption\":\"Jelgavas tipogr\u0101fija\"},\"image\":{\"@id\":\"http:\\\/\\\/jt.lv\\\/de\\\/#\\\/schema\\\/logo\\\/image\\\/\"}}]}<\/script>\n<!-- \/ Yoast SEO plugin. -->","yoast_head_json":{"title":"Kontakte - Jelgavas tipogr\u0101fija","description":"Kontaktieren Sie uns bez\u00fcglich Buchproduktion, Preisen und M\u00f6glichkeiten. Kontaktdaten, Adresse und Anfrageformular \u2013 alles auf einen Blick.","robots":{"index":"index","follow":"follow","max-snippet":"max-snippet:-1","max-image-preview":"max-image-preview:large","max-video-preview":"max-video-preview:-1"},"canonical":"https:\/\/jt.lv\/de\/kontakte\/","og_locale":"de_DE","og_type":"article","og_title":"Kontakte - Jelgavas tipogr\u0101fija","og_description":"Kontaktieren Sie uns bez\u00fcglich Buchproduktion, Preisen und M\u00f6glichkeiten. Kontaktdaten, Adresse und Anfrageformular \u2013 alles auf einen Blick.","og_url":"https:\/\/jt.lv\/de\/kontakte\/","og_site_name":"Jelgavas tipogr\u0101fija","article_modified_time":"2026-04-20T09:18:07+00:00","og_image":[{"width":1200,"height":675,"url":"https:\/\/jt.lv\/wp-content\/uploads\/2025\/06\/site-image.png","type":"image\/png"}],"twitter_card":"summary_large_image","schema":{"@context":"https:\/\/schema.org","@graph":[{"@type":"WebPage","@id":"https:\/\/jt.lv\/de\/kontakte\/","url":"https:\/\/jt.lv\/de\/kontakte\/","name":"Kontakte - Jelgavas tipogr\u0101fija","isPartOf":{"@id":"http:\/\/jt.lv\/de\/#website"},"datePublished":"2023-08-30T10:00:46+00:00","dateModified":"2026-04-20T09:18:07+00:00","description":"Kontaktieren Sie uns bez\u00fcglich Buchproduktion, Preisen und M\u00f6glichkeiten. Kontaktdaten, Adresse und Anfrageformular \u2013 alles auf einen Blick.","breadcrumb":{"@id":"https:\/\/jt.lv\/de\/kontakte\/#breadcrumb"},"inLanguage":"de-DE","potentialAction":[{"@type":"ReadAction","target":["https:\/\/jt.lv\/de\/kontakte\/"]}]},{"@type":"BreadcrumbList","@id":"https:\/\/jt.lv\/de\/kontakte\/#breadcrumb","itemListElement":[{"@type":"ListItem","position":1,"name":"Home","item":"https:\/\/jt.lv\/de\/"},{"@type":"ListItem","position":2,"name":"Kontakte"}]},{"@type":"WebSite","@id":"http:\/\/jt.lv\/de\/#website","url":"http:\/\/jt.lv\/de\/","name":"Jelgavas tipogr\u0101fija","description":"M\u0113s ra\u017eojam gr\u0101matas.","publisher":{"@id":"http:\/\/jt.lv\/de\/#organization"},"potentialAction":[{"@type":"SearchAction","target":{"@type":"EntryPoint","urlTemplate":"http:\/\/jt.lv\/de\/?s={search_term_string}"},"query-input":{"@type":"PropertyValueSpecification","valueRequired":true,"valueName":"search_term_string"}}],"inLanguage":"de-DE"},{"@type":"Organization","@id":"http:\/\/jt.lv\/de\/#organization","name":"Jelgavas tipogr\u0101fija","url":"http:\/\/jt.lv\/de\/","logo":{"@type":"ImageObject","inLanguage":"de-DE","@id":"http:\/\/jt.lv\/de\/#\/schema\/logo\/image\/","url":"https:\/\/jt.lv\/wp-content\/uploads\/2025\/06\/jt-logo.png","contentUrl":"https:\/\/jt.lv\/wp-content\/uploads\/2025\/06\/jt-logo.png","width":696,"height":696,"caption":"Jelgavas tipogr\u0101fija"},"image":{"@id":"http:\/\/jt.lv\/de\/#\/schema\/logo\/image\/"}}]}},"_links":{"self":[{"href":"https:\/\/jt.lv\/de\/wp-json\/wp\/v2\/pages\/5073","targetHints":{"allow":["GET"]}}],"collection":[{"href":"https:\/\/jt.lv\/de\/wp-json\/wp\/v2\/pages"}],"about":[{"href":"https:\/\/jt.lv\/de\/wp-json\/wp\/v2\/types\/page"}],"author":[{"embeddable":true,"href":"https:\/\/jt.lv\/de\/wp-json\/wp\/v2\/users\/1"}],"replies":[{"embeddable":true,"href":"https:\/\/jt.lv\/de\/wp-json\/wp\/v2\/comments?post=5073"}],"version-history":[{"count":20,"href":"https:\/\/jt.lv\/de\/wp-json\/wp\/v2\/pages\/5073\/revisions"}],"predecessor-version":[{"id":10246,"href":"https:\/\/jt.lv\/de\/wp-json\/wp\/v2\/pages\/5073\/revisions\/10246"}],"wp:attachment":[{"href":"https:\/\/jt.lv\/de\/wp-json\/wp\/v2\/media?parent=5073"}],"curies":[{"name":"wp","href":"https:\/\/api.w.org\/{rel}","templated":true}]}}