{"id":5068,"date":"2023-10-27T09:04:21","date_gmt":"2023-10-27T07:04:21","guid":{"rendered":"https:\/\/jt.lv\/aklimatizacija-un-uzglabasana\/"},"modified":"2025-10-01T09:24:44","modified_gmt":"2025-10-01T07:24:44","slug":"lagerbedingungen","status":"publish","type":"page","link":"https:\/\/jt.lv\/de\/lagerbedingungen\/","title":{"rendered":"Akklimatisierung und Lagerung der Fertigproduktion"},"content":{"rendered":"\n<p>Nach der Erhalt des fertigen Produkts ist der Kunde f\u00fcr die geeignete Lagerung verantwortlich. JELGAVAS TIPOGR\u0100FIJA kann f\u00fcr die Verformung des fertigen Produkts (Papier und Karton) nicht haftbar gemacht werden, wenn der Kunde die Akklimatisierungs- und Lagerbedingungen nicht einh\u00e4lt.<\/p>\n\n\n\n<h2 class=\"wp-block-heading\">Akklimatisierung und Lagerung der Fertigproduktion<\/h2>\n\n\n\n<p>Die B\u00fccher bestehen grunds\u00e4tzlich aus Papier und Papier ist ein lebendiges Material. Jeder Papierbogen besteht aus Fasern, die \u00e4u\u00dferst empfindlich gegen\u00fcber Temperatur- und Feuchtigkeitsschwankungen sind. Jedes Papier verf\u00fcgt \u00fcber eine individuelle, urspr\u00fcngliche Papierfeuchte, die am Ende der Papierherstellung in den Fasern vorliegt. Dies wird als urspr\u00fcngliche Feuchtigkeit des Papiers bezeichnet.<\/p>\n\n\n\n<p>Wenn Papier in eine Umgebung kommt, in der die Feuchtigkeit h\u00f6her oder niedriger als die urspr\u00fcngliche Feuchtigkeit des Papiers ist, nimmt es die Feuchtigkeit auf oder gibt sie ab, und die Papierfasern dehnen sich entsprechend aus oder ziehen sich zusammen. Dadurch verformen sich die Papierbogen und diese werden wellig oder gew\u00f6lbt. Aus diesen Gr\u00fcnden ist die ordnungsgem\u00e4\u00dfe Lagerung und Akklimatisierung von Papier- und Kartonprodukten von gro\u00dfer Bedeutung, da Feuchtigkeit und Temperatur einen erheblichen Einfluss auf Papier und seine Produkte haben.<\/p>\n\n\n\n<p>Die f\u00fcr den Druck verwendeten Papiere und Kartons werden mit relativer Feuchtigkeit zwischen 45 und 55 % hergestellt. Dies liegt daran, dass die Offsetdruckmaschinen Feuchtigkeit verwenden und das Papier w\u00e4hrend der Verarbeitung derselben Feuchtigkeitsumgebung ausgesetzt ist. Bei dieser Feuchtigkeit sind die Papierfasern stabil und formbest\u00e4ndig.<\/p>\n\n\n\n<p>Am Produktionsort sorgt die Druckerei f\u00fcr das notwendige Klima f\u00fcr das Papier, jedoch nach der Erhalt des Fertigprodukts muss der Kunde f\u00fcr die Akklimatisierung des Fertigprodukts nach dem Transport und die weitere Lagerung unter geeigneten Bedingungen sorgen. Eine unzureichende oder unsachgem\u00e4\u00dfe Akklimatisierung und\/oder Lagerung f\u00fchrt zu einer dauerhaften Besch\u00e4digung des Fertigprodukts.<\/p>\n\n\n\n<p>F\u00fcr eine ordnungsgem\u00e4\u00dfe Akklimatisierung und Lagerung von Papierprodukten m\u00fcssen folgende Bedingungen gew\u00e4hrleistet sein:<\/p>\n\n\n\n<ul class=\"wp-block-list\">\n<li>Akklimatisierung der Fertigproduktion und Aufbewahrung in der Verpackung \u2013 das hilft, die urspr\u00fcngliche Feuchtigkeit des Papiers und seiner Produkte aufzubewahren;<\/li>\n\n\n\n<li>in Produktionslagerr\u00e4umen bei m\u00f6glichst konstanter Temperatur von 19-23 \u00b0C;<\/li>\n\n\n\n<li>eine sorgf\u00e4ltige und genaue \u00dcberwachung der Akklimatisierungszeit.<\/li>\n<\/ul>\n\n\n\n<p>Die GRT-Standards <em>(General Trade Rules)<\/em> bestimmen folgende Akklimatisierungszeit f\u00fcr Papier und Papierprodukte in Abh\u00e4ngigkeit von der Temperatur:<\/p>\n\n\n\n<figure class=\"wp-block-table\"><table><tbody><tr><td><strong><strong>Temperatur, \u00b0C<\/strong><\/strong><\/td><td><strong><strong>Akklimatisierungszeit, h<\/strong><\/strong><\/td><\/tr><tr><td>+25 \u00b0C<\/td><td>5 h<\/td><\/tr><tr><td>+20 \u00b0C<\/td><td>0 h<\/td><\/tr><tr><td>+15 \u00b0C<\/td><td>6 h<\/td><\/tr><tr><td>+10 \u00b0C<\/td><td>12 h<\/td><\/tr><tr><td>0 \u00b0C<\/td><td>24 h<\/td><\/tr><tr><td>-5 \u00b0C<\/td><td>36 h<\/td><\/tr><tr><td>-10 \u00b0C<\/td><td>48 h<\/td><\/tr><tr><td>-15 \u00b0C<\/td><td>60 h<\/td><\/tr><tr><td>-20 \u00b0C<\/td><td>78 h<\/td><\/tr><\/tbody><\/table><\/figure>\n","protected":false},"excerpt":{"rendered":"<p>Nach der Erhalt des fertigen Produkts ist der Kunde f\u00fcr die geeignete Lagerung verantwortlich. JELGAVAS TIPOGR\u0100FIJA kann f\u00fcr die Verformung des fertigen Produkts (Papier und Karton) nicht haftbar gemacht werden, wenn der Kunde die Akklimatisierungs- und Lagerbedingungen nicht einh\u00e4lt. Akklimatisierung und Lagerung der Fertigproduktion Die B\u00fccher bestehen grunds\u00e4tzlich aus Papier und Papier ist ein lebendiges [&hellip;]<\/p>\n","protected":false},"author":1,"featured_media":5069,"parent":0,"menu_order":48,"comment_status":"closed","ping_status":"closed","template":"","meta":{"_acf_changed":false,"inline_featured_image":false,"footnotes":""},"class_list":["post-5068","page","type-page","status-publish","has-post-thumbnail","hentry"],"acf":[],"yoast_head":"<!-- This site is optimized with the Yoast SEO plugin v27.4 - https:\/\/yoast.com\/product\/yoast-seo-wordpress\/ -->\n<title>Akklimatisierung und Lagerung der Fertigproduktion - Jelgavas tipogr\u0101fija<\/title>\n<meta name=\"robots\" content=\"index, follow, max-snippet:-1, max-image-preview:large, max-video-preview:-1\" \/>\n<link rel=\"canonical\" href=\"https:\/\/jt.lv\/de\/lagerbedingungen\/\" \/>\n<meta property=\"og:locale\" content=\"de_DE\" \/>\n<meta property=\"og:type\" content=\"article\" \/>\n<meta property=\"og:title\" content=\"Akklimatisierung und Lagerung der Fertigproduktion - Jelgavas tipogr\u0101fija\" \/>\n<meta property=\"og:description\" content=\"Nach der Erhalt des fertigen Produkts ist der Kunde f\u00fcr die geeignete Lagerung verantwortlich. JELGAVAS TIPOGR\u0100FIJA kann f\u00fcr die Verformung des fertigen Produkts (Papier und Karton) nicht haftbar gemacht werden, wenn der Kunde die Akklimatisierungs- und Lagerbedingungen nicht einh\u00e4lt. Akklimatisierung und Lagerung der Fertigproduktion Die B\u00fccher bestehen grunds\u00e4tzlich aus Papier und Papier ist ein lebendiges [&hellip;]\" \/>\n<meta property=\"og:url\" content=\"https:\/\/jt.lv\/de\/lagerbedingungen\/\" \/>\n<meta property=\"og:site_name\" content=\"Jelgavas tipogr\u0101fija\" \/>\n<meta property=\"article:modified_time\" content=\"2025-10-01T07:24:44+00:00\" \/>\n<meta property=\"og:image\" content=\"https:\/\/jt.lv\/wp-content\/uploads\/2023\/08\/photo-14.jpg\" \/>\n\t<meta property=\"og:image:width\" content=\"1740\" \/>\n\t<meta property=\"og:image:height\" content=\"750\" \/>\n\t<meta property=\"og:image:type\" content=\"image\/jpeg\" \/>\n<meta name=\"twitter:card\" content=\"summary_large_image\" \/>\n<meta name=\"twitter:label1\" content=\"Est. reading time\" \/>\n\t<meta name=\"twitter:data1\" content=\"3 Minuten\" \/>\n<script type=\"application\/ld+json\" class=\"yoast-schema-graph\">{\"@context\":\"https:\\\/\\\/schema.org\",\"@graph\":[{\"@type\":\"WebPage\",\"@id\":\"https:\\\/\\\/jt.lv\\\/de\\\/lagerbedingungen\\\/\",\"url\":\"https:\\\/\\\/jt.lv\\\/de\\\/lagerbedingungen\\\/\",\"name\":\"Akklimatisierung und Lagerung der Fertigproduktion - Jelgavas tipogr\u0101fija\",\"isPartOf\":{\"@id\":\"http:\\\/\\\/jt.lv\\\/de\\\/#website\"},\"primaryImageOfPage\":{\"@id\":\"https:\\\/\\\/jt.lv\\\/de\\\/lagerbedingungen\\\/#primaryimage\"},\"image\":{\"@id\":\"https:\\\/\\\/jt.lv\\\/de\\\/lagerbedingungen\\\/#primaryimage\"},\"thumbnailUrl\":\"https:\\\/\\\/jt.lv\\\/wp-content\\\/uploads\\\/2023\\\/08\\\/photo-14.jpg\",\"datePublished\":\"2023-10-27T07:04:21+00:00\",\"dateModified\":\"2025-10-01T07:24:44+00:00\",\"breadcrumb\":{\"@id\":\"https:\\\/\\\/jt.lv\\\/de\\\/lagerbedingungen\\\/#breadcrumb\"},\"inLanguage\":\"de-DE\",\"potentialAction\":[{\"@type\":\"ReadAction\",\"target\":[\"https:\\\/\\\/jt.lv\\\/de\\\/lagerbedingungen\\\/\"]}]},{\"@type\":\"ImageObject\",\"inLanguage\":\"de-DE\",\"@id\":\"https:\\\/\\\/jt.lv\\\/de\\\/lagerbedingungen\\\/#primaryimage\",\"url\":\"https:\\\/\\\/jt.lv\\\/wp-content\\\/uploads\\\/2023\\\/08\\\/photo-14.jpg\",\"contentUrl\":\"https:\\\/\\\/jt.lv\\\/wp-content\\\/uploads\\\/2023\\\/08\\\/photo-14.jpg\",\"width\":1740,\"height\":750},{\"@type\":\"BreadcrumbList\",\"@id\":\"https:\\\/\\\/jt.lv\\\/de\\\/lagerbedingungen\\\/#breadcrumb\",\"itemListElement\":[{\"@type\":\"ListItem\",\"position\":1,\"name\":\"Home\",\"item\":\"https:\\\/\\\/jt.lv\\\/de\\\/\"},{\"@type\":\"ListItem\",\"position\":2,\"name\":\"Akklimatisierung und Lagerung der Fertigproduktion\"}]},{\"@type\":\"WebSite\",\"@id\":\"http:\\\/\\\/jt.lv\\\/de\\\/#website\",\"url\":\"http:\\\/\\\/jt.lv\\\/de\\\/\",\"name\":\"Jelgavas tipogr\u0101fija\",\"description\":\"M\u0113s ra\u017eojam gr\u0101matas.\",\"publisher\":{\"@id\":\"http:\\\/\\\/jt.lv\\\/de\\\/#organization\"},\"potentialAction\":[{\"@type\":\"SearchAction\",\"target\":{\"@type\":\"EntryPoint\",\"urlTemplate\":\"http:\\\/\\\/jt.lv\\\/de\\\/?s={search_term_string}\"},\"query-input\":{\"@type\":\"PropertyValueSpecification\",\"valueRequired\":true,\"valueName\":\"search_term_string\"}}],\"inLanguage\":\"de-DE\"},{\"@type\":\"Organization\",\"@id\":\"http:\\\/\\\/jt.lv\\\/de\\\/#organization\",\"name\":\"Jelgavas tipogr\u0101fija\",\"url\":\"http:\\\/\\\/jt.lv\\\/de\\\/\",\"logo\":{\"@type\":\"ImageObject\",\"inLanguage\":\"de-DE\",\"@id\":\"http:\\\/\\\/jt.lv\\\/de\\\/#\\\/schema\\\/logo\\\/image\\\/\",\"url\":\"https:\\\/\\\/jt.lv\\\/wp-content\\\/uploads\\\/2025\\\/06\\\/jt-logo.png\",\"contentUrl\":\"https:\\\/\\\/jt.lv\\\/wp-content\\\/uploads\\\/2025\\\/06\\\/jt-logo.png\",\"width\":696,\"height\":696,\"caption\":\"Jelgavas tipogr\u0101fija\"},\"image\":{\"@id\":\"http:\\\/\\\/jt.lv\\\/de\\\/#\\\/schema\\\/logo\\\/image\\\/\"}}]}<\/script>\n<!-- \/ Yoast SEO plugin. -->","yoast_head_json":{"title":"Akklimatisierung und Lagerung der Fertigproduktion - Jelgavas tipogr\u0101fija","robots":{"index":"index","follow":"follow","max-snippet":"max-snippet:-1","max-image-preview":"max-image-preview:large","max-video-preview":"max-video-preview:-1"},"canonical":"https:\/\/jt.lv\/de\/lagerbedingungen\/","og_locale":"de_DE","og_type":"article","og_title":"Akklimatisierung und Lagerung der Fertigproduktion - Jelgavas tipogr\u0101fija","og_description":"Nach der Erhalt des fertigen Produkts ist der Kunde f\u00fcr die geeignete Lagerung verantwortlich. JELGAVAS TIPOGR\u0100FIJA kann f\u00fcr die Verformung des fertigen Produkts (Papier und Karton) nicht haftbar gemacht werden, wenn der Kunde die Akklimatisierungs- und Lagerbedingungen nicht einh\u00e4lt. Akklimatisierung und Lagerung der Fertigproduktion Die B\u00fccher bestehen grunds\u00e4tzlich aus Papier und Papier ist ein lebendiges [&hellip;]","og_url":"https:\/\/jt.lv\/de\/lagerbedingungen\/","og_site_name":"Jelgavas tipogr\u0101fija","article_modified_time":"2025-10-01T07:24:44+00:00","og_image":[{"width":1740,"height":750,"url":"https:\/\/jt.lv\/wp-content\/uploads\/2023\/08\/photo-14.jpg","type":"image\/jpeg"}],"twitter_card":"summary_large_image","twitter_misc":{"Est. reading time":"3 Minuten"},"schema":{"@context":"https:\/\/schema.org","@graph":[{"@type":"WebPage","@id":"https:\/\/jt.lv\/de\/lagerbedingungen\/","url":"https:\/\/jt.lv\/de\/lagerbedingungen\/","name":"Akklimatisierung und Lagerung der Fertigproduktion - Jelgavas tipogr\u0101fija","isPartOf":{"@id":"http:\/\/jt.lv\/de\/#website"},"primaryImageOfPage":{"@id":"https:\/\/jt.lv\/de\/lagerbedingungen\/#primaryimage"},"image":{"@id":"https:\/\/jt.lv\/de\/lagerbedingungen\/#primaryimage"},"thumbnailUrl":"https:\/\/jt.lv\/wp-content\/uploads\/2023\/08\/photo-14.jpg","datePublished":"2023-10-27T07:04:21+00:00","dateModified":"2025-10-01T07:24:44+00:00","breadcrumb":{"@id":"https:\/\/jt.lv\/de\/lagerbedingungen\/#breadcrumb"},"inLanguage":"de-DE","potentialAction":[{"@type":"ReadAction","target":["https:\/\/jt.lv\/de\/lagerbedingungen\/"]}]},{"@type":"ImageObject","inLanguage":"de-DE","@id":"https:\/\/jt.lv\/de\/lagerbedingungen\/#primaryimage","url":"https:\/\/jt.lv\/wp-content\/uploads\/2023\/08\/photo-14.jpg","contentUrl":"https:\/\/jt.lv\/wp-content\/uploads\/2023\/08\/photo-14.jpg","width":1740,"height":750},{"@type":"BreadcrumbList","@id":"https:\/\/jt.lv\/de\/lagerbedingungen\/#breadcrumb","itemListElement":[{"@type":"ListItem","position":1,"name":"Home","item":"https:\/\/jt.lv\/de\/"},{"@type":"ListItem","position":2,"name":"Akklimatisierung und Lagerung der Fertigproduktion"}]},{"@type":"WebSite","@id":"http:\/\/jt.lv\/de\/#website","url":"http:\/\/jt.lv\/de\/","name":"Jelgavas tipogr\u0101fija","description":"M\u0113s ra\u017eojam gr\u0101matas.","publisher":{"@id":"http:\/\/jt.lv\/de\/#organization"},"potentialAction":[{"@type":"SearchAction","target":{"@type":"EntryPoint","urlTemplate":"http:\/\/jt.lv\/de\/?s={search_term_string}"},"query-input":{"@type":"PropertyValueSpecification","valueRequired":true,"valueName":"search_term_string"}}],"inLanguage":"de-DE"},{"@type":"Organization","@id":"http:\/\/jt.lv\/de\/#organization","name":"Jelgavas tipogr\u0101fija","url":"http:\/\/jt.lv\/de\/","logo":{"@type":"ImageObject","inLanguage":"de-DE","@id":"http:\/\/jt.lv\/de\/#\/schema\/logo\/image\/","url":"https:\/\/jt.lv\/wp-content\/uploads\/2025\/06\/jt-logo.png","contentUrl":"https:\/\/jt.lv\/wp-content\/uploads\/2025\/06\/jt-logo.png","width":696,"height":696,"caption":"Jelgavas tipogr\u0101fija"},"image":{"@id":"http:\/\/jt.lv\/de\/#\/schema\/logo\/image\/"}}]}},"_links":{"self":[{"href":"https:\/\/jt.lv\/de\/wp-json\/wp\/v2\/pages\/5068","targetHints":{"allow":["GET"]}}],"collection":[{"href":"https:\/\/jt.lv\/de\/wp-json\/wp\/v2\/pages"}],"about":[{"href":"https:\/\/jt.lv\/de\/wp-json\/wp\/v2\/types\/page"}],"author":[{"embeddable":true,"href":"https:\/\/jt.lv\/de\/wp-json\/wp\/v2\/users\/1"}],"replies":[{"embeddable":true,"href":"https:\/\/jt.lv\/de\/wp-json\/wp\/v2\/comments?post=5068"}],"version-history":[{"count":11,"href":"https:\/\/jt.lv\/de\/wp-json\/wp\/v2\/pages\/5068\/revisions"}],"predecessor-version":[{"id":9116,"href":"https:\/\/jt.lv\/de\/wp-json\/wp\/v2\/pages\/5068\/revisions\/9116"}],"wp:featuredmedia":[{"embeddable":true,"href":"https:\/\/jt.lv\/de\/wp-json\/wp\/v2\/media\/5069"}],"wp:attachment":[{"href":"https:\/\/jt.lv\/de\/wp-json\/wp\/v2\/media?parent=5068"}],"curies":[{"name":"wp","href":"https:\/\/api.w.org\/{rel}","templated":true}]}}