{"id":5062,"date":"2023-08-30T12:40:56","date_gmt":"2023-08-30T10:40:56","guid":{"rendered":"https:\/\/jt.lv\/cenas-pieprasijums\/"},"modified":"2025-06-19T09:05:59","modified_gmt":"2025-06-19T07:05:59","slug":"preisanfrage","status":"publish","type":"page","link":"https:\/\/jt.lv\/de\/preisanfrage\/","title":{"rendered":"Preisanfrage"},"content":{"rendered":"\n\n\n\t<div class=\"jt-price-request\">\n\t\t<div class=\"born-container is-default\">\n\t\t\t<div class=\"inner\">\n\n\t\t\t\t<div class=\"sidebar\">\n\t\t\t\t\t<p><strong>Bitte f\u00fcllen Sie dieses Formular aus oder senden Sie eine Preisanfrage in freier Form an die E-Mail-Adresse <a href=\"mailto:info@jt.lv\" target=\"_blank\" rel=\"noopener\">jt@jt.lv<\/a>.<\/strong><\/p>\n<p>Wir informieren Sie, dass die Mindestprojektbearbeitungszeit in unserem Druckhaus 2 Wochen betr\u00e4gt und die Mindestbestellmenge 300 Exemplare ist.<\/p>\n\t\t\t\t<\/div>\n\n\t\t\t\t<div class=\"content\">\n\n\t\t\t\t\t<noscript class=\"ninja-forms-noscript-message\">\n\tHinweis: F\u00fcr diesen Inhalt ist JavaScript erforderlich.<\/noscript>\n<div id=\"nf-form-5-cont\" class=\"nf-form-cont\" aria-live=\"polite\" aria-labelledby=\"nf-form-title-5\" aria-describedby=\"nf-form-errors-5\" role=\"form\">\n\n    <div class=\"nf-loading-spinner\"><\/div>\n\n<\/div>\n        <!-- That data is being printed as a workaround to page builders reordering the order of the scripts loaded-->\n        <script>var formDisplay=1;var nfForms=nfForms||[];var form=[];form.id='5';form.settings={\"objectType\":\"Form Setting\",\"editActive\":true,\"title\":\"Preisanfrage\",\"created_at\":\"2024-12-23 08:50:53\",\"default_label_pos\":\"above\",\"show_title\":\"1\",\"clear_complete\":\"1\",\"hide_complete\":\"0\",\"logged_in\":\"\",\"wrapper_class\":\"\",\"element_class\":\"\",\"form_title_heading_level\":\"3\",\"key\":\"\",\"add_submit\":\"0\",\"currency\":\"\",\"unique_field_error\":\"Ein Formular mit diesem Wert wurde bereits eingereicht.\",\"not_logged_in_msg\":\"<p><br><\\\/p>\",\"sub_limit_msg\":\"<p>Das Formular hat das Einreichungslimit erreicht.<\\\/p>\",\"calculations\":[],\"formContentData\":[\"anfragesteller_1737361691119\",\"name_nachname_1737361729685\",\"firma_1734940735162\",\"e-mail-adresse_1737361744938\",\"telefonnummer_1734940842962\",\"projekt_1734940688777\",\"titel_1734940883102\",\"beschreibung_1734940890127\",\"senden_1737449273137\"],\"conditions\":[],\"drawerDisabled\":false,\"changeEmailErrorMsg\":\"Bitte, geben Sie eine g\\u00fcltige E-Mail-Adresse an.\",\"changeDateErrorMsg\":\"Bitte gib ein g\\u00fcltiges Datum ein!\",\"confirmFieldErrorMsg\":\"Diese Felder m\\u00fcssen \\u00fcbereinstimmen!\",\"fieldNumberNumMinError\":\"Die eingegebene Zahl ist zu klein.\",\"fieldNumberNumMaxError\":\"Die eingegebene Zahl ist zu gross.\",\"fieldNumberIncrementBy\":\"Bitte erh\\u00f6hen in Schritten von\",\"formErrorsCorrectErrors\":\"Bitte, korrigieren Sie etwaige Fehler, bevor Sie Ihre Anfrage absenden.\",\"validateRequiredField\":\"Dies ist ein Pflichtfeld.\",\"honeypotHoneypotError\":\"Honeypot-Fehler\",\"fieldsMarkedRequired\":\"Felder mit einem <span class=\\\"ninja-forms-req-symbol\\\">*<\\\/span> sind Pflichtfelder\",\"allow_public_link\":0,\"public_link\":\"https:\\\/\\\/jt.lv\\\/ninja-forms\\\/5lqy8\",\"embed_form\":\"\",\"public_link_key\":\"5lqy8\",\"ninjaForms\":\"Ninja Forms\",\"fieldTextareaRTEInsertLink\":\"Link einf\\u00fcgen\",\"fieldTextareaRTEInsertMedia\":\"Medien einf\\u00fcgen\",\"fieldTextareaRTESelectAFile\":\"Eine Datei ausw\\u00e4hlen\",\"formHoneypot\":\"Falls du ein Mensch bist und dieses Feld siehst, dann lasse es bitte leer.\",\"fileUploadOldCodeFileUploadInProgress\":\"Datei-Upload l\\u00e4uft.\",\"fileUploadOldCodeFileUpload\":\"DATEI-UPLOAD\",\"currencySymbol\":\"&#36;\",\"thousands_sep\":\".\",\"decimal_point\":\",\",\"siteLocale\":\"de_DE\",\"dateFormat\":\"m\\\/d\\\/Y\",\"startOfWeek\":\"1\",\"of\":\"von\",\"previousMonth\":\"Vorheriger Monat\",\"nextMonth\":\"N\\u00e4chster Monat\",\"months\":[\"Januar\",\"Februar\",\"M\\u00e4rz\",\"April\",\"Mai\",\"Juni\",\"Juli\",\"August\",\"September\",\"Oktober\",\"November\",\"Dezember\"],\"monthsShort\":[\"Jan.\",\"Feb.\",\"M\\u00e4rz\",\"Apr.\",\"Mai\",\"Juni\",\"Juli\",\"Aug\",\"Sep.\",\"Okt.\",\"Nov.\",\"Dez.\"],\"weekdays\":[\"Sonntag\",\"Montag\",\"Dienstag\",\"Mittwoch\",\"Donnerstag\",\"Freitag\",\"Samstag\"],\"weekdaysShort\":[\"So.\",\"Mo.\",\"Di.\",\"Mi.\",\"Do.\",\"Fr.\",\"Sa.\"],\"weekdaysMin\":[\"So.\",\"Mo.\",\"Di.\",\"Mi.\",\"Do.\",\"Fr.\",\"Sa.\"],\"recaptchaConsentMissing\":\"reCaptcha validation couldn&#039;t load.\",\"recaptchaMissingCookie\":\"reCaptcha v3 validation couldn&#039;t load the cookie needed to submit the form.\",\"recaptchaConsentEvent\":\"Accept reCaptcha cookies before sending the form.\",\"currency_symbol\":\"\",\"beforeForm\":\"\",\"beforeFields\":\"\",\"afterFields\":\"\",\"afterForm\":\"\"};form.fields=[{\"objectType\":\"Field\",\"objectDomain\":\"fields\",\"editActive\":false,\"order\":1,\"idAttribute\":\"id\",\"label\":\"Anfragesteller\",\"type\":\"html\",\"default\":\"<h2><!--[if gte mso 9]><xml>\\n <o:OfficeDocumentSettings>\\n  <o:AllowPNG\\\/>\\n <\\\/o:OfficeDocumentSettings>\\n<\\\/xml><![endif]--><!--[if gte mso 9]><xml>\\n <w:WordDocument>\\n  <w:View>Normal<\\\/w:View>\\n  <w:Zoom>0<\\\/w:Zoom>\\n  <w:TrackMoves\\\/>\\n  <w:TrackFormatting\\\/>\\n  <w:PunctuationKerning\\\/>\\n  <w:ValidateAgainstSchemas\\\/>\\n  <w:SaveIfXMLInvalid>false<\\\/w:SaveIfXMLInvalid>\\n  <w:IgnoreMixedContent>false<\\\/w:IgnoreMixedContent>\\n  <w:AlwaysShowPlaceholderText>false<\\\/w:AlwaysShowPlaceholderText>\\n  <w:DoNotPromoteQF\\\/>\\n  <w:LidThemeOther>LV<\\\/w:LidThemeOther>\\n  <w:LidThemeAsian>X-NONE<\\\/w:LidThemeAsian>\\n  <w:LidThemeComplexScript>AR-SA<\\\/w:LidThemeComplexScript>\\n  <w:Compatibility>\\n   <w:BreakWrappedTables\\\/>\\n   <w:SnapToGridInCell\\\/>\\n   <w:WrapTextWithPunct\\\/>\\n   <w:UseAsianBreakRules\\\/>\\n   <w:DontGrowAutofit\\\/>\\n   <w:SplitPgBreakAndParaMark\\\/>\\n   <w:EnableOpenTypeKerning\\\/>\\n   <w:DontFlipMirrorIndents\\\/>\\n   <w:OverrideTableStyleHps\\\/>\\n  <\\\/w:Compatibility>\\n  <m:mathPr>\\n   <m:mathFont m:val=\\\"Cambria Math\\\"\\\/>\\n   <m:brkBin m:val=\\\"before\\\"\\\/>\\n   <m:brkBinSub m:val=\\\"&#45;-\\\"\\\/>\\n   <m:smallFrac m:val=\\\"off\\\"\\\/>\\n   <m:dispDef\\\/>\\n   <m:lMargin m:val=\\\"0\\\"\\\/>\\n   <m:rMargin m:val=\\\"0\\\"\\\/>\\n   <m:defJc m:val=\\\"centerGroup\\\"\\\/>\\n   <m:wrapIndent m:val=\\\"1440\\\"\\\/>\\n   <m:intLim m:val=\\\"subSup\\\"\\\/>\\n   <m:naryLim m:val=\\\"undOvr\\\"\\\/>\\n  <\\\/m:mathPr><\\\/w:WordDocument>\\n<\\\/xml><![endif]-->Anfragesteller<span lang=\\\"DE\\\" style=\\\"font-family:&quot;Calibri&quot;,sans-serif;mso-ascii-theme-font:\\nminor-latin;mso-hansi-theme-font:minor-latin;mso-bidi-theme-font:minor-latin;\\nmso-ansi-language:DE\\\"><\\\/span><\\\/h2><h2>\\n\\n<\\\/h2>\",\"container_class\":\"\",\"element_class\":\"\",\"key\":\"anfragesteller_1737361691119\",\"drawerDisabled\":false,\"field_label\":\"Submitter\",\"field_key\":\"submitter_1734354639198\",\"admin_label\":\"\",\"id\":58,\"beforeField\":\"\",\"afterField\":\"\",\"value\":\"<h2><!--[if gte mso 9]><xml>\\n <o:OfficeDocumentSettings>\\n  <o:AllowPNG\\\/>\\n <\\\/o:OfficeDocumentSettings>\\n<\\\/xml><![endif]--><!--[if gte mso 9]><xml>\\n <w:WordDocument>\\n  <w:View>Normal<\\\/w:View>\\n  <w:Zoom>0<\\\/w:Zoom>\\n  <w:TrackMoves\\\/>\\n  <w:TrackFormatting\\\/>\\n  <w:PunctuationKerning\\\/>\\n  <w:ValidateAgainstSchemas\\\/>\\n  <w:SaveIfXMLInvalid>false<\\\/w:SaveIfXMLInvalid>\\n  <w:IgnoreMixedContent>false<\\\/w:IgnoreMixedContent>\\n  <w:AlwaysShowPlaceholderText>false<\\\/w:AlwaysShowPlaceholderText>\\n  <w:DoNotPromoteQF\\\/>\\n  <w:LidThemeOther>LV<\\\/w:LidThemeOther>\\n  <w:LidThemeAsian>X-NONE<\\\/w:LidThemeAsian>\\n  <w:LidThemeComplexScript>AR-SA<\\\/w:LidThemeComplexScript>\\n  <w:Compatibility>\\n   <w:BreakWrappedTables\\\/>\\n   <w:SnapToGridInCell\\\/>\\n   <w:WrapTextWithPunct\\\/>\\n   <w:UseAsianBreakRules\\\/>\\n   <w:DontGrowAutofit\\\/>\\n   <w:SplitPgBreakAndParaMark\\\/>\\n   <w:EnableOpenTypeKerning\\\/>\\n   <w:DontFlipMirrorIndents\\\/>\\n   <w:OverrideTableStyleHps\\\/>\\n  <\\\/w:Compatibility>\\n  <m:mathPr>\\n   <m:mathFont m:val=\\\"Cambria Math\\\"\\\/>\\n   <m:brkBin m:val=\\\"before\\\"\\\/>\\n   <m:brkBinSub m:val=\\\"&#45;-\\\"\\\/>\\n   <m:smallFrac m:val=\\\"off\\\"\\\/>\\n   <m:dispDef\\\/>\\n   <m:lMargin m:val=\\\"0\\\"\\\/>\\n   <m:rMargin m:val=\\\"0\\\"\\\/>\\n   <m:defJc m:val=\\\"centerGroup\\\"\\\/>\\n   <m:wrapIndent m:val=\\\"1440\\\"\\\/>\\n   <m:intLim m:val=\\\"subSup\\\"\\\/>\\n   <m:naryLim m:val=\\\"undOvr\\\"\\\/>\\n  <\\\/m:mathPr><\\\/w:WordDocument>\\n<\\\/xml><![endif]-->Anfragesteller<span lang=\\\"DE\\\" style=\\\"font-family:&quot;Calibri&quot;,sans-serif;mso-ascii-theme-font:\\nminor-latin;mso-hansi-theme-font:minor-latin;mso-bidi-theme-font:minor-latin;\\nmso-ansi-language:DE\\\"><\\\/span><\\\/h2><h2>\\n\\n<\\\/h2>\",\"label_pos\":\"above\",\"parentType\":\"html\",\"element_templates\":[\"html\",\"input\"],\"old_classname\":\"\",\"wrap_template\":\"wrap\"},{\"objectType\":\"Field\",\"objectDomain\":\"fields\",\"editActive\":false,\"order\":3,\"idAttribute\":\"id\",\"label\":\"Name, Nachname\",\"type\":\"textbox\",\"key\":\"name_nachname_1737361729685\",\"label_pos\":\"above\",\"required\":1,\"default\":\"\",\"placeholder\":\"\",\"container_class\":\"\",\"element_class\":\"\",\"input_limit\":\"\",\"input_limit_type\":\"characters\",\"input_limit_msg\":\"Character(s) left\",\"manual_key\":\"\",\"admin_label\":\"\",\"help_text\":\"\",\"mask\":\"\",\"custom_mask\":\"\",\"custom_name_attribute\":\"\",\"personally_identifiable\":\"\",\"value\":\"\",\"drawerDisabled\":false,\"field_label\":\"Full name\",\"field_key\":\"full_name_1734355111444\",\"id\":50,\"beforeField\":\"\",\"afterField\":\"\",\"parentType\":\"textbox\",\"element_templates\":[\"textbox\",\"input\"],\"old_classname\":\"\",\"wrap_template\":\"wrap\"},{\"objectType\":\"Field\",\"objectDomain\":\"fields\",\"editActive\":false,\"order\":4,\"idAttribute\":\"id\",\"label\":\"Firma\",\"type\":\"textbox\",\"key\":\"firma_1734940735162\",\"label_pos\":\"above\",\"required\":0,\"default\":\"\",\"placeholder\":\"\",\"container_class\":\"\",\"element_class\":\"\",\"input_limit\":\"\",\"input_limit_type\":\"characters\",\"input_limit_msg\":\"Character(s) left\",\"manual_key\":\"\",\"admin_label\":\"\",\"help_text\":\"\",\"mask\":\"\",\"custom_mask\":\"\",\"custom_name_attribute\":\"\",\"personally_identifiable\":\"\",\"value\":\"\",\"drawerDisabled\":false,\"field_label\":\"Company\",\"field_key\":\"company_1734354451743\",\"id\":51,\"beforeField\":\"\",\"afterField\":\"\",\"parentType\":\"textbox\",\"element_templates\":[\"textbox\",\"input\"],\"old_classname\":\"\",\"wrap_template\":\"wrap\"},{\"objectType\":\"Field\",\"objectDomain\":\"fields\",\"editActive\":false,\"order\":5,\"idAttribute\":\"id\",\"label\":\"E-Mail-Adresse\",\"type\":\"email\",\"key\":\"e-mail-adresse_1737361744938\",\"label_pos\":\"above\",\"required\":1,\"default\":\"\",\"placeholder\":\"\",\"container_class\":\"\",\"element_class\":\"\",\"admin_label\":\"\",\"help_text\":\"\",\"custom_name_attribute\":\"email\",\"personally_identifiable\":1,\"value\":\"\",\"drawerDisabled\":false,\"field_label\":\"Email address\",\"field_key\":\"email_address_1734354470006\",\"id\":52,\"beforeField\":\"\",\"afterField\":\"\",\"parentType\":\"email\",\"element_templates\":[\"email\",\"input\"],\"old_classname\":\"\",\"wrap_template\":\"wrap\"},{\"objectType\":\"Field\",\"objectDomain\":\"fields\",\"editActive\":false,\"order\":6,\"idAttribute\":\"id\",\"label\":\"Telefonnummer\",\"type\":\"phone\",\"key\":\"telefonnummer_1734940842962\",\"label_pos\":\"above\",\"required\":1,\"default\":\"\",\"placeholder\":\"\",\"container_class\":\"\",\"element_class\":\"\",\"input_limit\":\"\",\"input_limit_type\":\"characters\",\"input_limit_msg\":\"Character(s) left\",\"manual_key\":\"\",\"admin_label\":\"\",\"help_text\":\"\",\"mask\":\"\",\"custom_mask\":\"\",\"custom_name_attribute\":\"phone\",\"personally_identifiable\":1,\"value\":\"\",\"drawerDisabled\":false,\"field_label\":\"Phone number\",\"field_key\":\"phone_number_1734354494559\",\"id\":53,\"beforeField\":\"\",\"afterField\":\"\",\"parentType\":\"textbox\",\"element_templates\":[\"tel\",\"textbox\",\"input\"],\"old_classname\":\"\",\"wrap_template\":\"wrap\"},{\"objectType\":\"Field\",\"objectDomain\":\"fields\",\"editActive\":false,\"order\":7,\"idAttribute\":\"id\",\"label\":\"Projekt\",\"type\":\"html\",\"default\":\"<h2>Projekt<\\\/h2>\",\"container_class\":\"\",\"element_class\":\"\",\"key\":\"projekt_1734940688777\",\"drawerDisabled\":false,\"field_label\":\"Project\",\"field_key\":\"project_1734354661267\",\"admin_label\":\"\",\"id\":54,\"beforeField\":\"\",\"afterField\":\"\",\"value\":\"<h2>Projekt<\\\/h2>\",\"label_pos\":\"above\",\"parentType\":\"html\",\"element_templates\":[\"html\",\"input\"],\"old_classname\":\"\",\"wrap_template\":\"wrap\"},{\"objectType\":\"Field\",\"objectDomain\":\"fields\",\"editActive\":false,\"order\":8,\"idAttribute\":\"id\",\"label\":\"Titel\",\"type\":\"textbox\",\"key\":\"titel_1734940883102\",\"label_pos\":\"above\",\"required\":1,\"default\":\"\",\"placeholder\":\"\",\"container_class\":\"\",\"element_class\":\"\",\"input_limit\":\"\",\"input_limit_type\":\"characters\",\"input_limit_msg\":\"Character(s) left\",\"manual_key\":\"\",\"admin_label\":\"\",\"help_text\":\"\",\"mask\":\"\",\"custom_mask\":\"\",\"custom_name_attribute\":\"\",\"personally_identifiable\":\"\",\"value\":\"\",\"drawerDisabled\":false,\"field_label\":\"Title\",\"field_key\":\"title_1734355514578\",\"id\":55,\"beforeField\":\"\",\"afterField\":\"\",\"parentType\":\"textbox\",\"element_templates\":[\"textbox\",\"input\"],\"old_classname\":\"\",\"wrap_template\":\"wrap\"},{\"objectType\":\"Field\",\"objectDomain\":\"fields\",\"editActive\":false,\"order\":9,\"idAttribute\":\"id\",\"label\":\"Beschreibung\",\"type\":\"textarea\",\"key\":\"beschreibung_1734940890127\",\"label_pos\":\"above\",\"required\":1,\"default\":\"\",\"placeholder\":\"\",\"container_class\":\"\",\"element_class\":\"\",\"input_limit\":\"\",\"input_limit_type\":\"characters\",\"input_limit_msg\":\"Character(s) left\",\"manual_key\":\"\",\"admin_label\":\"\",\"help_text\":\"\",\"textarea_rte\":\"\",\"disable_rte_mobile\":\"\",\"textarea_media\":\"\",\"value\":\"\",\"drawerDisabled\":false,\"field_label\":\"Description\",\"field_key\":\"description_1734354560341\",\"id\":56,\"beforeField\":\"\",\"afterField\":\"\",\"parentType\":\"textarea\",\"element_templates\":[\"textarea\",\"input\"],\"old_classname\":\"\",\"wrap_template\":\"wrap\"},{\"objectType\":\"Field\",\"objectDomain\":\"fields\",\"editActive\":false,\"order\":10,\"idAttribute\":\"id\",\"label\":\"Senden\",\"type\":\"submit\",\"processing_label\":\"Wird gesendet\",\"container_class\":\"\",\"element_class\":\"\",\"key\":\"senden_1737449273137\",\"drawerDisabled\":false,\"field_label\":\"Send\",\"field_key\":\"send_1734354569034\",\"admin_label\":\"\",\"id\":57,\"beforeField\":\"\",\"afterField\":\"\",\"value\":\"\",\"label_pos\":\"above\",\"parentType\":\"textbox\",\"element_templates\":[\"submit\",\"button\",\"input\"],\"old_classname\":\"\",\"wrap_template\":\"wrap-no-label\"}];nfForms.push(form);<\/script>\n        \n\t\t\t\t<\/div>\n\n\t\t\t<\/div>\n\t\t<\/div>\n\t<\/div>\n\n\n","protected":false},"excerpt":{"rendered":"","protected":false},"author":1,"featured_media":0,"parent":0,"menu_order":41,"comment_status":"closed","ping_status":"closed","template":"","meta":{"_acf_changed":false,"inline_featured_image":false,"footnotes":""},"class_list":["post-5062","page","type-page","status-publish","hentry"],"acf":[],"yoast_head":"<!-- This site is optimized with the Yoast SEO plugin v27.4 - https:\/\/yoast.com\/product\/yoast-seo-wordpress\/ -->\n<title>Preisanfrage - Jelgavas tipogr\u0101fija<\/title>\n<meta name=\"robots\" content=\"index, follow, max-snippet:-1, max-image-preview:large, max-video-preview:-1\" \/>\n<link rel=\"canonical\" href=\"https:\/\/jt.lv\/de\/preisanfrage\/\" \/>\n<meta property=\"og:locale\" content=\"de_DE\" \/>\n<meta property=\"og:type\" content=\"article\" \/>\n<meta property=\"og:title\" content=\"Preisanfrage - Jelgavas tipogr\u0101fija\" \/>\n<meta property=\"og:url\" content=\"https:\/\/jt.lv\/de\/preisanfrage\/\" \/>\n<meta property=\"og:site_name\" content=\"Jelgavas tipogr\u0101fija\" \/>\n<meta property=\"article:modified_time\" content=\"2025-06-19T07:05:59+00:00\" \/>\n<meta property=\"og:image\" content=\"https:\/\/jt.lv\/wp-content\/uploads\/2025\/06\/site-image.png\" \/>\n\t<meta property=\"og:image:width\" content=\"1200\" \/>\n\t<meta property=\"og:image:height\" content=\"675\" \/>\n\t<meta property=\"og:image:type\" content=\"image\/png\" \/>\n<meta name=\"twitter:card\" content=\"summary_large_image\" \/>\n<script type=\"application\/ld+json\" class=\"yoast-schema-graph\">{\"@context\":\"https:\\\/\\\/schema.org\",\"@graph\":[{\"@type\":\"WebPage\",\"@id\":\"https:\\\/\\\/jt.lv\\\/de\\\/preisanfrage\\\/\",\"url\":\"https:\\\/\\\/jt.lv\\\/de\\\/preisanfrage\\\/\",\"name\":\"Preisanfrage - Jelgavas tipogr\u0101fija\",\"isPartOf\":{\"@id\":\"http:\\\/\\\/jt.lv\\\/de\\\/#website\"},\"datePublished\":\"2023-08-30T10:40:56+00:00\",\"dateModified\":\"2025-06-19T07:05:59+00:00\",\"breadcrumb\":{\"@id\":\"https:\\\/\\\/jt.lv\\\/de\\\/preisanfrage\\\/#breadcrumb\"},\"inLanguage\":\"de-DE\",\"potentialAction\":[{\"@type\":\"ReadAction\",\"target\":[\"https:\\\/\\\/jt.lv\\\/de\\\/preisanfrage\\\/\"]}]},{\"@type\":\"BreadcrumbList\",\"@id\":\"https:\\\/\\\/jt.lv\\\/de\\\/preisanfrage\\\/#breadcrumb\",\"itemListElement\":[{\"@type\":\"ListItem\",\"position\":1,\"name\":\"Home\",\"item\":\"https:\\\/\\\/jt.lv\\\/de\\\/\"},{\"@type\":\"ListItem\",\"position\":2,\"name\":\"Preisanfrage\"}]},{\"@type\":\"WebSite\",\"@id\":\"http:\\\/\\\/jt.lv\\\/de\\\/#website\",\"url\":\"http:\\\/\\\/jt.lv\\\/de\\\/\",\"name\":\"Jelgavas tipogr\u0101fija\",\"description\":\"M\u0113s ra\u017eojam gr\u0101matas.\",\"publisher\":{\"@id\":\"http:\\\/\\\/jt.lv\\\/de\\\/#organization\"},\"potentialAction\":[{\"@type\":\"SearchAction\",\"target\":{\"@type\":\"EntryPoint\",\"urlTemplate\":\"http:\\\/\\\/jt.lv\\\/de\\\/?s={search_term_string}\"},\"query-input\":{\"@type\":\"PropertyValueSpecification\",\"valueRequired\":true,\"valueName\":\"search_term_string\"}}],\"inLanguage\":\"de-DE\"},{\"@type\":\"Organization\",\"@id\":\"http:\\\/\\\/jt.lv\\\/de\\\/#organization\",\"name\":\"Jelgavas tipogr\u0101fija\",\"url\":\"http:\\\/\\\/jt.lv\\\/de\\\/\",\"logo\":{\"@type\":\"ImageObject\",\"inLanguage\":\"de-DE\",\"@id\":\"http:\\\/\\\/jt.lv\\\/de\\\/#\\\/schema\\\/logo\\\/image\\\/\",\"url\":\"https:\\\/\\\/jt.lv\\\/wp-content\\\/uploads\\\/2025\\\/06\\\/jt-logo.png\",\"contentUrl\":\"https:\\\/\\\/jt.lv\\\/wp-content\\\/uploads\\\/2025\\\/06\\\/jt-logo.png\",\"width\":696,\"height\":696,\"caption\":\"Jelgavas tipogr\u0101fija\"},\"image\":{\"@id\":\"http:\\\/\\\/jt.lv\\\/de\\\/#\\\/schema\\\/logo\\\/image\\\/\"}}]}<\/script>\n<!-- \/ Yoast SEO plugin. -->","yoast_head_json":{"title":"Preisanfrage - Jelgavas tipogr\u0101fija","robots":{"index":"index","follow":"follow","max-snippet":"max-snippet:-1","max-image-preview":"max-image-preview:large","max-video-preview":"max-video-preview:-1"},"canonical":"https:\/\/jt.lv\/de\/preisanfrage\/","og_locale":"de_DE","og_type":"article","og_title":"Preisanfrage - Jelgavas tipogr\u0101fija","og_url":"https:\/\/jt.lv\/de\/preisanfrage\/","og_site_name":"Jelgavas tipogr\u0101fija","article_modified_time":"2025-06-19T07:05:59+00:00","og_image":[{"width":1200,"height":675,"url":"https:\/\/jt.lv\/wp-content\/uploads\/2025\/06\/site-image.png","type":"image\/png"}],"twitter_card":"summary_large_image","schema":{"@context":"https:\/\/schema.org","@graph":[{"@type":"WebPage","@id":"https:\/\/jt.lv\/de\/preisanfrage\/","url":"https:\/\/jt.lv\/de\/preisanfrage\/","name":"Preisanfrage - Jelgavas tipogr\u0101fija","isPartOf":{"@id":"http:\/\/jt.lv\/de\/#website"},"datePublished":"2023-08-30T10:40:56+00:00","dateModified":"2025-06-19T07:05:59+00:00","breadcrumb":{"@id":"https:\/\/jt.lv\/de\/preisanfrage\/#breadcrumb"},"inLanguage":"de-DE","potentialAction":[{"@type":"ReadAction","target":["https:\/\/jt.lv\/de\/preisanfrage\/"]}]},{"@type":"BreadcrumbList","@id":"https:\/\/jt.lv\/de\/preisanfrage\/#breadcrumb","itemListElement":[{"@type":"ListItem","position":1,"name":"Home","item":"https:\/\/jt.lv\/de\/"},{"@type":"ListItem","position":2,"name":"Preisanfrage"}]},{"@type":"WebSite","@id":"http:\/\/jt.lv\/de\/#website","url":"http:\/\/jt.lv\/de\/","name":"Jelgavas tipogr\u0101fija","description":"M\u0113s ra\u017eojam gr\u0101matas.","publisher":{"@id":"http:\/\/jt.lv\/de\/#organization"},"potentialAction":[{"@type":"SearchAction","target":{"@type":"EntryPoint","urlTemplate":"http:\/\/jt.lv\/de\/?s={search_term_string}"},"query-input":{"@type":"PropertyValueSpecification","valueRequired":true,"valueName":"search_term_string"}}],"inLanguage":"de-DE"},{"@type":"Organization","@id":"http:\/\/jt.lv\/de\/#organization","name":"Jelgavas tipogr\u0101fija","url":"http:\/\/jt.lv\/de\/","logo":{"@type":"ImageObject","inLanguage":"de-DE","@id":"http:\/\/jt.lv\/de\/#\/schema\/logo\/image\/","url":"https:\/\/jt.lv\/wp-content\/uploads\/2025\/06\/jt-logo.png","contentUrl":"https:\/\/jt.lv\/wp-content\/uploads\/2025\/06\/jt-logo.png","width":696,"height":696,"caption":"Jelgavas tipogr\u0101fija"},"image":{"@id":"http:\/\/jt.lv\/de\/#\/schema\/logo\/image\/"}}]}},"_links":{"self":[{"href":"https:\/\/jt.lv\/de\/wp-json\/wp\/v2\/pages\/5062","targetHints":{"allow":["GET"]}}],"collection":[{"href":"https:\/\/jt.lv\/de\/wp-json\/wp\/v2\/pages"}],"about":[{"href":"https:\/\/jt.lv\/de\/wp-json\/wp\/v2\/types\/page"}],"author":[{"embeddable":true,"href":"https:\/\/jt.lv\/de\/wp-json\/wp\/v2\/users\/1"}],"replies":[{"embeddable":true,"href":"https:\/\/jt.lv\/de\/wp-json\/wp\/v2\/comments?post=5062"}],"version-history":[{"count":4,"href":"https:\/\/jt.lv\/de\/wp-json\/wp\/v2\/pages\/5062\/revisions"}],"predecessor-version":[{"id":7819,"href":"https:\/\/jt.lv\/de\/wp-json\/wp\/v2\/pages\/5062\/revisions\/7819"}],"wp:attachment":[{"href":"https:\/\/jt.lv\/de\/wp-json\/wp\/v2\/media?parent=5062"}],"curies":[{"name":"wp","href":"https:\/\/api.w.org\/{rel}","templated":true}]}}